{"id":1081,"date":"2024-12-26T11:26:49","date_gmt":"2024-12-26T10:26:49","guid":{"rendered":"https:\/\/rapidomotosport.hr\/?post_type=product&#038;p=1081"},"modified":"2026-04-08T18:24:18","modified_gmt":"2026-04-08T16:24:18","slug":"aprilia-rs-660-akrapovic-racing-line-carbon","status":"publish","type":"product","link":"https:\/\/rapidomotosport.hr\/en\/proizvod\/aprilia-rs-660-akrapovic-racing-line-carbon\/","title":{"rendered":"APRILIA RS 660 Akrapovi\u010d Racing Line (Carbon) 2021-2024"},"content":{"rendered":"","protected":false},"excerpt":{"rendered":"<p class=\"p1\"><span class=\"s1\">Dizajniran za optimizaciju snage i okretnog momenta iz 660 cc paralelnog dvocilindri\u010dnog motora, ovaj sustav zadovoljava EC\/ECE odobrenje tipa, \u010dine\u0107i ga u potpunosti uskla\u0111enim s Euro 5 normama. S kataliti\u010dkim pretvara\u010dem smje\u0161tenim u prednjem dijelu predprigu\u0161iva\u010da, kako bi sustav u potpunosti bio u skladu s propisima, instalacija je jednostavna i ne zahtijeva ponovno mapiranje. Izra\u0111en od visokokvalitetnih materijala, uklju\u010duju\u0107i karbonska vlakna, lagani titan i nehr\u0111aju\u0107i \u010delik visoke kvalitete, sustav koristi materijale dokazano u\u010dinkovite u moto-utrkama. Dizajniran za nagla\u0161avanje trka\u0107eg izgleda motocikla, sustav je 0,4 kg lak\u0161i od standardnog ispu\u0161nog sustava.<\/span><\/p>\n<p class=\"p1\"><span class=\"s1\">Testiranja na Akrapovi\u010d-ovom vlastitom dinamometru, u usporednim vo\u017enjama motocikala opremljenih Racing Line (Carbon) ispu\u0161nim sustavom i standardnim ispu\u0161nim sustavom, pokazala su pove\u0107anje od 2,4 KS pri 11.200 o\/min i dobitak od 3,6 Nm okretnog momenta pri 4.550 o\/min, \u0161to voza\u010du pru\u017ea izra\u017eeniji odziv na gasu. Dubok, pun i sportski zvuk, s pulsacijama paralelnog dvocilindri\u010dnog motora, daje osje\u0107aj vo\u017enje motocikla ve\u0107e zapremine, \u010dine\u0107i Akrapovi\u010d Racing Line (Carbon) idealnim ispu\u0161nim sustavom za Apriliju RS 660, srednjete\u0161ki sportski motocikl.<\/span><\/p>\n","protected":false},"featured_media":1082,"template":"","meta":[],"product_brand":[],"product_cat":[17,18],"product_tag":[],"class_list":{"0":"post-1081","1":"product","2":"type-product","3":"status-publish","4":"has-post-thumbnail","6":"product_cat-ispusni-sustavi","7":"product_cat-aprilia","9":"first","10":"instock","11":"sale","12":"shipping-taxable","13":"purchasable","14":"product-type-simple"},"yoast_head":"<!-- This site is optimized with the Yoast SEO plugin v27.5 - https:\/\/yoast.com\/product\/yoast-seo-wordpress\/ -->\n<title>APRILIA RS 660 Akrapovi\u010d Racing Line (Carbon) 2021-2024 - Rapido Motosport<\/title>\n<meta name=\"robots\" content=\"index, follow, max-snippet:-1, max-image-preview:large, max-video-preview:-1\" \/>\n<link rel=\"canonical\" href=\"https:\/\/rapidomotosport.hr\/en\/proizvod\/aprilia-rs-660-akrapovic-racing-line-carbon\/\" \/>\n<meta property=\"og:locale\" content=\"en_US\" \/>\n<meta property=\"og:type\" content=\"article\" \/>\n<meta property=\"og:title\" content=\"APRILIA RS 660 Akrapovi\u010d Racing Line (Carbon) 2021-2024 - Rapido Motosport\" \/>\n<meta property=\"og:description\" content=\"Dizajniran za optimizaciju snage i okretnog momenta iz 660 cc paralelnog dvocilindri\u010dnog motora, ovaj sustav zadovoljava EC\/ECE odobrenje tipa, \u010dine\u0107i ga u potpunosti uskla\u0111enim s Euro 5 normama. S kataliti\u010dkim pretvara\u010dem smje\u0161tenim u prednjem dijelu predprigu\u0161iva\u010da, kako bi sustav u potpunosti bio u skladu s propisima, instalacija je jednostavna i ne zahtijeva ponovno mapiranje. Izra\u0111en od visokokvalitetnih materijala, uklju\u010duju\u0107i karbonska vlakna, lagani titan i nehr\u0111aju\u0107i \u010delik visoke kvalitete, sustav koristi materijale dokazano u\u010dinkovite u moto-utrkama. Dizajniran za nagla\u0161avanje trka\u0107eg izgleda motocikla, sustav je 0,4 kg lak\u0161i od standardnog ispu\u0161nog sustava. Testiranja na Akrapovi\u010d-ovom vlastitom dinamometru, u usporednim vo\u017enjama motocikala opremljenih Racing Line (Carbon) ispu\u0161nim sustavom i standardnim ispu\u0161nim sustavom, pokazala su pove\u0107anje od 2,4 KS pri 11.200 o\/min i dobitak od 3,6 Nm okretnog momenta pri 4.550 o\/min, \u0161to voza\u010du pru\u017ea izra\u017eeniji odziv na gasu. Dubok, pun i sportski zvuk, s pulsacijama paralelnog dvocilindri\u010dnog motora, daje osje\u0107aj vo\u017enje motocikla ve\u0107e zapremine, \u010dine\u0107i Akrapovi\u010d Racing Line (Carbon) idealnim ispu\u0161nim sustavom za Apriliju RS 660, srednjete\u0161ki sportski motocikl.\" \/>\n<meta property=\"og:url\" content=\"https:\/\/rapidomotosport.hr\/en\/proizvod\/aprilia-rs-660-akrapovic-racing-line-carbon\/\" \/>\n<meta property=\"og:site_name\" content=\"Rapido Motosport\" \/>\n<meta property=\"article:modified_time\" content=\"2026-04-08T16:24:18+00:00\" \/>\n<meta property=\"og:image\" content=\"https:\/\/rapidomotosport.hr\/wp-content\/uploads\/2024\/12\/01db8fb7-cb4c-423d-bd97-2a43e3d25d49.png\" \/>\n\t<meta property=\"og:image:width\" content=\"2362\" \/>\n\t<meta property=\"og:image:height\" content=\"1772\" \/>\n\t<meta property=\"og:image:type\" content=\"image\/png\" \/>\n<meta name=\"twitter:card\" content=\"summary_large_image\" \/>\n<meta name=\"twitter:label1\" content=\"Est. reading time\" \/>\n\t<meta name=\"twitter:data1\" content=\"1 minute\" \/>\n<script type=\"application\/ld+json\" class=\"yoast-schema-graph\">{\"@context\":\"https:\\\/\\\/schema.org\",\"@graph\":[{\"@type\":\"WebPage\",\"@id\":\"https:\\\/\\\/rapidomotosport.hr\\\/en\\\/proizvod\\\/aprilia-rs-660-akrapovic-racing-line-carbon\\\/\",\"url\":\"https:\\\/\\\/rapidomotosport.hr\\\/en\\\/proizvod\\\/aprilia-rs-660-akrapovic-racing-line-carbon\\\/\",\"name\":\"APRILIA RS 660 Akrapovi\u010d Racing Line (Carbon) 2021-2024 - Rapido Motosport\",\"isPartOf\":{\"@id\":\"https:\\\/\\\/rapidomotosport.hr\\\/en\\\/#website\"},\"primaryImageOfPage\":{\"@id\":\"https:\\\/\\\/rapidomotosport.hr\\\/en\\\/proizvod\\\/aprilia-rs-660-akrapovic-racing-line-carbon\\\/#primaryimage\"},\"image\":{\"@id\":\"https:\\\/\\\/rapidomotosport.hr\\\/en\\\/proizvod\\\/aprilia-rs-660-akrapovic-racing-line-carbon\\\/#primaryimage\"},\"thumbnailUrl\":\"https:\\\/\\\/rapidomotosport.hr\\\/wp-content\\\/uploads\\\/2024\\\/12\\\/01db8fb7-cb4c-423d-bd97-2a43e3d25d49.png\",\"datePublished\":\"2024-12-26T10:26:49+00:00\",\"dateModified\":\"2026-04-08T16:24:18+00:00\",\"breadcrumb\":{\"@id\":\"https:\\\/\\\/rapidomotosport.hr\\\/en\\\/proizvod\\\/aprilia-rs-660-akrapovic-racing-line-carbon\\\/#breadcrumb\"},\"inLanguage\":\"en-US\",\"potentialAction\":[{\"@type\":\"ReadAction\",\"target\":[\"https:\\\/\\\/rapidomotosport.hr\\\/en\\\/proizvod\\\/aprilia-rs-660-akrapovic-racing-line-carbon\\\/\"]}]},{\"@type\":\"ImageObject\",\"inLanguage\":\"en-US\",\"@id\":\"https:\\\/\\\/rapidomotosport.hr\\\/en\\\/proizvod\\\/aprilia-rs-660-akrapovic-racing-line-carbon\\\/#primaryimage\",\"url\":\"https:\\\/\\\/rapidomotosport.hr\\\/wp-content\\\/uploads\\\/2024\\\/12\\\/01db8fb7-cb4c-423d-bd97-2a43e3d25d49.png\",\"contentUrl\":\"https:\\\/\\\/rapidomotosport.hr\\\/wp-content\\\/uploads\\\/2024\\\/12\\\/01db8fb7-cb4c-423d-bd97-2a43e3d25d49.png\",\"width\":2362,\"height\":1772},{\"@type\":\"BreadcrumbList\",\"@id\":\"https:\\\/\\\/rapidomotosport.hr\\\/en\\\/proizvod\\\/aprilia-rs-660-akrapovic-racing-line-carbon\\\/#breadcrumb\",\"itemListElement\":[{\"@type\":\"ListItem\",\"position\":1,\"name\":\"Po\u010detna stranica\",\"item\":\"https:\\\/\\\/rapidomotosport.hr\\\/en\\\/\"},{\"@type\":\"ListItem\",\"position\":2,\"name\":\"Shop\",\"item\":\"https:\\\/\\\/rapidomotosport.hr\\\/en\\\/shop\\\/\"},{\"@type\":\"ListItem\",\"position\":3,\"name\":\"APRILIA RS 660 Akrapovi\u010d Racing Line (Carbon) 2021-2024\"}]},{\"@type\":\"WebSite\",\"@id\":\"https:\\\/\\\/rapidomotosport.hr\\\/en\\\/#website\",\"url\":\"https:\\\/\\\/rapidomotosport.hr\\\/en\\\/\",\"name\":\"Rapido Motosport\",\"description\":\"\",\"potentialAction\":[{\"@type\":\"SearchAction\",\"target\":{\"@type\":\"EntryPoint\",\"urlTemplate\":\"https:\\\/\\\/rapidomotosport.hr\\\/en\\\/?s={search_term_string}\"},\"query-input\":{\"@type\":\"PropertyValueSpecification\",\"valueRequired\":true,\"valueName\":\"search_term_string\"}}],\"inLanguage\":\"en-US\"}]}<\/script>\n<!-- \/ Yoast SEO plugin. -->","yoast_head_json":{"title":"APRILIA RS 660 Akrapovi\u010d Racing Line (Carbon) 2021-2024 - Rapido Motosport","robots":{"index":"index","follow":"follow","max-snippet":"max-snippet:-1","max-image-preview":"max-image-preview:large","max-video-preview":"max-video-preview:-1"},"canonical":"https:\/\/rapidomotosport.hr\/en\/proizvod\/aprilia-rs-660-akrapovic-racing-line-carbon\/","og_locale":"en_US","og_type":"article","og_title":"APRILIA RS 660 Akrapovi\u010d Racing Line (Carbon) 2021-2024 - Rapido Motosport","og_description":"Dizajniran za optimizaciju snage i okretnog momenta iz 660 cc paralelnog dvocilindri\u010dnog motora, ovaj sustav zadovoljava EC\/ECE odobrenje tipa, \u010dine\u0107i ga u potpunosti uskla\u0111enim s Euro 5 normama. S kataliti\u010dkim pretvara\u010dem smje\u0161tenim u prednjem dijelu predprigu\u0161iva\u010da, kako bi sustav u potpunosti bio u skladu s propisima, instalacija je jednostavna i ne zahtijeva ponovno mapiranje. Izra\u0111en od visokokvalitetnih materijala, uklju\u010duju\u0107i karbonska vlakna, lagani titan i nehr\u0111aju\u0107i \u010delik visoke kvalitete, sustav koristi materijale dokazano u\u010dinkovite u moto-utrkama. Dizajniran za nagla\u0161avanje trka\u0107eg izgleda motocikla, sustav je 0,4 kg lak\u0161i od standardnog ispu\u0161nog sustava. Testiranja na Akrapovi\u010d-ovom vlastitom dinamometru, u usporednim vo\u017enjama motocikala opremljenih Racing Line (Carbon) ispu\u0161nim sustavom i standardnim ispu\u0161nim sustavom, pokazala su pove\u0107anje od 2,4 KS pri 11.200 o\/min i dobitak od 3,6 Nm okretnog momenta pri 4.550 o\/min, \u0161to voza\u010du pru\u017ea izra\u017eeniji odziv na gasu. Dubok, pun i sportski zvuk, s pulsacijama paralelnog dvocilindri\u010dnog motora, daje osje\u0107aj vo\u017enje motocikla ve\u0107e zapremine, \u010dine\u0107i Akrapovi\u010d Racing Line (Carbon) idealnim ispu\u0161nim sustavom za Apriliju RS 660, srednjete\u0161ki sportski motocikl.","og_url":"https:\/\/rapidomotosport.hr\/en\/proizvod\/aprilia-rs-660-akrapovic-racing-line-carbon\/","og_site_name":"Rapido Motosport","article_modified_time":"2026-04-08T16:24:18+00:00","og_image":[{"width":2362,"height":1772,"url":"https:\/\/rapidomotosport.hr\/wp-content\/uploads\/2024\/12\/01db8fb7-cb4c-423d-bd97-2a43e3d25d49.png","type":"image\/png"}],"twitter_card":"summary_large_image","twitter_misc":{"Est. reading time":"1 minute"},"schema":{"@context":"https:\/\/schema.org","@graph":[{"@type":"WebPage","@id":"https:\/\/rapidomotosport.hr\/en\/proizvod\/aprilia-rs-660-akrapovic-racing-line-carbon\/","url":"https:\/\/rapidomotosport.hr\/en\/proizvod\/aprilia-rs-660-akrapovic-racing-line-carbon\/","name":"APRILIA RS 660 Akrapovi\u010d Racing Line (Carbon) 2021-2024 - Rapido Motosport","isPartOf":{"@id":"https:\/\/rapidomotosport.hr\/en\/#website"},"primaryImageOfPage":{"@id":"https:\/\/rapidomotosport.hr\/en\/proizvod\/aprilia-rs-660-akrapovic-racing-line-carbon\/#primaryimage"},"image":{"@id":"https:\/\/rapidomotosport.hr\/en\/proizvod\/aprilia-rs-660-akrapovic-racing-line-carbon\/#primaryimage"},"thumbnailUrl":"https:\/\/rapidomotosport.hr\/wp-content\/uploads\/2024\/12\/01db8fb7-cb4c-423d-bd97-2a43e3d25d49.png","datePublished":"2024-12-26T10:26:49+00:00","dateModified":"2026-04-08T16:24:18+00:00","breadcrumb":{"@id":"https:\/\/rapidomotosport.hr\/en\/proizvod\/aprilia-rs-660-akrapovic-racing-line-carbon\/#breadcrumb"},"inLanguage":"en-US","potentialAction":[{"@type":"ReadAction","target":["https:\/\/rapidomotosport.hr\/en\/proizvod\/aprilia-rs-660-akrapovic-racing-line-carbon\/"]}]},{"@type":"ImageObject","inLanguage":"en-US","@id":"https:\/\/rapidomotosport.hr\/en\/proizvod\/aprilia-rs-660-akrapovic-racing-line-carbon\/#primaryimage","url":"https:\/\/rapidomotosport.hr\/wp-content\/uploads\/2024\/12\/01db8fb7-cb4c-423d-bd97-2a43e3d25d49.png","contentUrl":"https:\/\/rapidomotosport.hr\/wp-content\/uploads\/2024\/12\/01db8fb7-cb4c-423d-bd97-2a43e3d25d49.png","width":2362,"height":1772},{"@type":"BreadcrumbList","@id":"https:\/\/rapidomotosport.hr\/en\/proizvod\/aprilia-rs-660-akrapovic-racing-line-carbon\/#breadcrumb","itemListElement":[{"@type":"ListItem","position":1,"name":"Po\u010detna stranica","item":"https:\/\/rapidomotosport.hr\/en\/"},{"@type":"ListItem","position":2,"name":"Shop","item":"https:\/\/rapidomotosport.hr\/en\/shop\/"},{"@type":"ListItem","position":3,"name":"APRILIA RS 660 Akrapovi\u010d Racing Line (Carbon) 2021-2024"}]},{"@type":"WebSite","@id":"https:\/\/rapidomotosport.hr\/en\/#website","url":"https:\/\/rapidomotosport.hr\/en\/","name":"Rapido Motosport","description":"","potentialAction":[{"@type":"SearchAction","target":{"@type":"EntryPoint","urlTemplate":"https:\/\/rapidomotosport.hr\/en\/?s={search_term_string}"},"query-input":{"@type":"PropertyValueSpecification","valueRequired":true,"valueName":"search_term_string"}}],"inLanguage":"en-US"}]}},"_links":{"self":[{"href":"https:\/\/rapidomotosport.hr\/en\/wp-json\/wp\/v2\/product\/1081","targetHints":{"allow":["GET"]}}],"collection":[{"href":"https:\/\/rapidomotosport.hr\/en\/wp-json\/wp\/v2\/product"}],"about":[{"href":"https:\/\/rapidomotosport.hr\/en\/wp-json\/wp\/v2\/types\/product"}],"wp:featuredmedia":[{"embeddable":true,"href":"https:\/\/rapidomotosport.hr\/en\/wp-json\/wp\/v2\/media\/1082"}],"wp:attachment":[{"href":"https:\/\/rapidomotosport.hr\/en\/wp-json\/wp\/v2\/media?parent=1081"}],"wp:term":[{"taxonomy":"product_brand","embeddable":true,"href":"https:\/\/rapidomotosport.hr\/en\/wp-json\/wp\/v2\/product_brand?post=1081"},{"taxonomy":"product_cat","embeddable":true,"href":"https:\/\/rapidomotosport.hr\/en\/wp-json\/wp\/v2\/product_cat?post=1081"},{"taxonomy":"product_tag","embeddable":true,"href":"https:\/\/rapidomotosport.hr\/en\/wp-json\/wp\/v2\/product_tag?post=1081"}],"curies":[{"name":"wp","href":"https:\/\/api.w.org\/{rel}","templated":true}]}}