{"id":17235,"date":"2025-02-26T17:29:57","date_gmt":"2025-02-26T16:29:57","guid":{"rendered":"https:\/\/rapidomotosport.hr\/?post_type=product&#038;p=17235"},"modified":"2026-01-16T00:20:41","modified_gmt":"2026-01-15T23:20:41","slug":"bmw-m-1000-rr-akrapovic-optional-header-titanium-2025","status":"publish","type":"product","link":"https:\/\/rapidomotosport.hr\/en\/proizvod\/bmw-m-1000-rr-akrapovic-optional-header-titanium-2025\/","title":{"rendered":"BMW M 1000 RR Akrapovi\u010d Optional Header (Titanium) 2025-2026"},"content":{"rendered":"","protected":false},"excerpt":{"rendered":"<p>Opcijski dostupni kolektori izra\u0111eni od najfinijeg titana omogu\u0107uju nadogradnju na puni sustav kada se koriste s Akrapovi\u010d Slip-On ispu\u0161nim sustavom. Novi kolektori uklju\u010duju potpuno novo dizajnirane titanske ovalne flan\u0161e iz vlastite Akrapovi\u010d ljevaonice. Neka va\u0161 motocikl zablista s vi\u0161e snage, prekrasnim dizajnom i jedinstvenim Akrapovi\u010d zvukom.<\/p>\n<p>Za savr\u0161ene performanse, odaziv na gas i izdr\u017eljivost, remapiranje ECU-a je obavezno.<\/p>\n<p>NAPOMENA: NIJE HOMOLOGIRANO<\/p>\n","protected":false},"featured_media":17236,"template":"","meta":[],"product_brand":[],"product_cat":[17],"product_tag":[],"class_list":{"0":"post-17235","1":"product","2":"type-product","3":"status-publish","4":"has-post-thumbnail","6":"product_cat-ispusni-sustavi","8":"first","9":"instock","10":"sale","11":"shipping-taxable","12":"purchasable","13":"product-type-simple"},"yoast_head":"<!-- This site is optimized with the Yoast SEO plugin v27.5 - https:\/\/yoast.com\/product\/yoast-seo-wordpress\/ -->\n<title>BMW M 1000 RR Akrapovi\u010d Optional Header (Titanium) 2025-2026 - Rapido Motosport<\/title>\n<meta name=\"robots\" content=\"index, follow, max-snippet:-1, max-image-preview:large, max-video-preview:-1\" \/>\n<link rel=\"canonical\" href=\"https:\/\/rapidomotosport.hr\/en\/proizvod\/bmw-m-1000-rr-akrapovic-optional-header-titanium-2025\/\" \/>\n<meta property=\"og:locale\" content=\"en_US\" \/>\n<meta property=\"og:type\" content=\"article\" \/>\n<meta property=\"og:title\" content=\"BMW M 1000 RR Akrapovi\u010d Optional Header (Titanium) 2025-2026 - Rapido Motosport\" \/>\n<meta property=\"og:description\" content=\"Opcijski dostupni kolektori izra\u0111eni od najfinijeg titana omogu\u0107uju nadogradnju na puni sustav kada se koriste s Akrapovi\u010d Slip-On ispu\u0161nim sustavom. Novi kolektori uklju\u010duju potpuno novo dizajnirane titanske ovalne flan\u0161e iz vlastite Akrapovi\u010d ljevaonice. Neka va\u0161 motocikl zablista s vi\u0161e snage, prekrasnim dizajnom i jedinstvenim Akrapovi\u010d zvukom.  Za savr\u0161ene performanse, odaziv na gas i izdr\u017eljivost, remapiranje ECU-a je obavezno.  NAPOMENA: NIJE HOMOLOGIRANO\" \/>\n<meta property=\"og:url\" content=\"https:\/\/rapidomotosport.hr\/en\/proizvod\/bmw-m-1000-rr-akrapovic-optional-header-titanium-2025\/\" \/>\n<meta property=\"og:site_name\" content=\"Rapido Motosport\" \/>\n<meta property=\"article:modified_time\" content=\"2026-01-15T23:20:41+00:00\" \/>\n<meta property=\"og:image\" content=\"https:\/\/rapidomotosport.hr\/wp-content\/uploads\/2025\/02\/b5144446-eed1-488a-a2c7-9bb5a7751063-1024x767.png\" \/>\n\t<meta property=\"og:image:width\" content=\"1024\" \/>\n\t<meta property=\"og:image:height\" content=\"767\" \/>\n\t<meta property=\"og:image:type\" content=\"image\/png\" \/>\n<meta name=\"twitter:card\" content=\"summary_large_image\" \/>\n<meta name=\"twitter:label1\" content=\"Est. reading time\" \/>\n\t<meta name=\"twitter:data1\" content=\"1 minute\" \/>\n<script type=\"application\/ld+json\" class=\"yoast-schema-graph\">{\"@context\":\"https:\\\/\\\/schema.org\",\"@graph\":[{\"@type\":\"WebPage\",\"@id\":\"https:\\\/\\\/rapidomotosport.hr\\\/en\\\/proizvod\\\/bmw-m-1000-rr-akrapovic-optional-header-titanium-2025\\\/\",\"url\":\"https:\\\/\\\/rapidomotosport.hr\\\/en\\\/proizvod\\\/bmw-m-1000-rr-akrapovic-optional-header-titanium-2025\\\/\",\"name\":\"BMW M 1000 RR Akrapovi\u010d Optional Header (Titanium) 2025-2026 - Rapido Motosport\",\"isPartOf\":{\"@id\":\"https:\\\/\\\/rapidomotosport.hr\\\/en\\\/#website\"},\"primaryImageOfPage\":{\"@id\":\"https:\\\/\\\/rapidomotosport.hr\\\/en\\\/proizvod\\\/bmw-m-1000-rr-akrapovic-optional-header-titanium-2025\\\/#primaryimage\"},\"image\":{\"@id\":\"https:\\\/\\\/rapidomotosport.hr\\\/en\\\/proizvod\\\/bmw-m-1000-rr-akrapovic-optional-header-titanium-2025\\\/#primaryimage\"},\"thumbnailUrl\":\"https:\\\/\\\/rapidomotosport.hr\\\/wp-content\\\/uploads\\\/2025\\\/02\\\/b5144446-eed1-488a-a2c7-9bb5a7751063.png\",\"datePublished\":\"2025-02-26T16:29:57+00:00\",\"dateModified\":\"2026-01-15T23:20:41+00:00\",\"breadcrumb\":{\"@id\":\"https:\\\/\\\/rapidomotosport.hr\\\/en\\\/proizvod\\\/bmw-m-1000-rr-akrapovic-optional-header-titanium-2025\\\/#breadcrumb\"},\"inLanguage\":\"en-US\",\"potentialAction\":[{\"@type\":\"ReadAction\",\"target\":[\"https:\\\/\\\/rapidomotosport.hr\\\/en\\\/proizvod\\\/bmw-m-1000-rr-akrapovic-optional-header-titanium-2025\\\/\"]}]},{\"@type\":\"ImageObject\",\"inLanguage\":\"en-US\",\"@id\":\"https:\\\/\\\/rapidomotosport.hr\\\/en\\\/proizvod\\\/bmw-m-1000-rr-akrapovic-optional-header-titanium-2025\\\/#primaryimage\",\"url\":\"https:\\\/\\\/rapidomotosport.hr\\\/wp-content\\\/uploads\\\/2025\\\/02\\\/b5144446-eed1-488a-a2c7-9bb5a7751063.png\",\"contentUrl\":\"https:\\\/\\\/rapidomotosport.hr\\\/wp-content\\\/uploads\\\/2025\\\/02\\\/b5144446-eed1-488a-a2c7-9bb5a7751063.png\",\"width\":2362,\"height\":1769},{\"@type\":\"BreadcrumbList\",\"@id\":\"https:\\\/\\\/rapidomotosport.hr\\\/en\\\/proizvod\\\/bmw-m-1000-rr-akrapovic-optional-header-titanium-2025\\\/#breadcrumb\",\"itemListElement\":[{\"@type\":\"ListItem\",\"position\":1,\"name\":\"Po\u010detna stranica\",\"item\":\"https:\\\/\\\/rapidomotosport.hr\\\/en\\\/\"},{\"@type\":\"ListItem\",\"position\":2,\"name\":\"Shop\",\"item\":\"https:\\\/\\\/rapidomotosport.hr\\\/en\\\/shop\\\/\"},{\"@type\":\"ListItem\",\"position\":3,\"name\":\"BMW M 1000 RR Akrapovi\u010d Optional Header (Titanium) 2025-2026\"}]},{\"@type\":\"WebSite\",\"@id\":\"https:\\\/\\\/rapidomotosport.hr\\\/en\\\/#website\",\"url\":\"https:\\\/\\\/rapidomotosport.hr\\\/en\\\/\",\"name\":\"Rapido Motosport\",\"description\":\"\",\"potentialAction\":[{\"@type\":\"SearchAction\",\"target\":{\"@type\":\"EntryPoint\",\"urlTemplate\":\"https:\\\/\\\/rapidomotosport.hr\\\/en\\\/?s={search_term_string}\"},\"query-input\":{\"@type\":\"PropertyValueSpecification\",\"valueRequired\":true,\"valueName\":\"search_term_string\"}}],\"inLanguage\":\"en-US\"}]}<\/script>\n<!-- \/ Yoast SEO plugin. -->","yoast_head_json":{"title":"BMW M 1000 RR Akrapovi\u010d Optional Header (Titanium) 2025-2026 - Rapido Motosport","robots":{"index":"index","follow":"follow","max-snippet":"max-snippet:-1","max-image-preview":"max-image-preview:large","max-video-preview":"max-video-preview:-1"},"canonical":"https:\/\/rapidomotosport.hr\/en\/proizvod\/bmw-m-1000-rr-akrapovic-optional-header-titanium-2025\/","og_locale":"en_US","og_type":"article","og_title":"BMW M 1000 RR Akrapovi\u010d Optional Header (Titanium) 2025-2026 - Rapido Motosport","og_description":"Opcijski dostupni kolektori izra\u0111eni od najfinijeg titana omogu\u0107uju nadogradnju na puni sustav kada se koriste s Akrapovi\u010d Slip-On ispu\u0161nim sustavom. Novi kolektori uklju\u010duju potpuno novo dizajnirane titanske ovalne flan\u0161e iz vlastite Akrapovi\u010d ljevaonice. Neka va\u0161 motocikl zablista s vi\u0161e snage, prekrasnim dizajnom i jedinstvenim Akrapovi\u010d zvukom.  Za savr\u0161ene performanse, odaziv na gas i izdr\u017eljivost, remapiranje ECU-a je obavezno.  NAPOMENA: NIJE HOMOLOGIRANO","og_url":"https:\/\/rapidomotosport.hr\/en\/proizvod\/bmw-m-1000-rr-akrapovic-optional-header-titanium-2025\/","og_site_name":"Rapido Motosport","article_modified_time":"2026-01-15T23:20:41+00:00","og_image":[{"width":1024,"height":767,"url":"https:\/\/rapidomotosport.hr\/wp-content\/uploads\/2025\/02\/b5144446-eed1-488a-a2c7-9bb5a7751063-1024x767.png","type":"image\/png"}],"twitter_card":"summary_large_image","twitter_misc":{"Est. reading time":"1 minute"},"schema":{"@context":"https:\/\/schema.org","@graph":[{"@type":"WebPage","@id":"https:\/\/rapidomotosport.hr\/en\/proizvod\/bmw-m-1000-rr-akrapovic-optional-header-titanium-2025\/","url":"https:\/\/rapidomotosport.hr\/en\/proizvod\/bmw-m-1000-rr-akrapovic-optional-header-titanium-2025\/","name":"BMW M 1000 RR Akrapovi\u010d Optional Header (Titanium) 2025-2026 - Rapido Motosport","isPartOf":{"@id":"https:\/\/rapidomotosport.hr\/en\/#website"},"primaryImageOfPage":{"@id":"https:\/\/rapidomotosport.hr\/en\/proizvod\/bmw-m-1000-rr-akrapovic-optional-header-titanium-2025\/#primaryimage"},"image":{"@id":"https:\/\/rapidomotosport.hr\/en\/proizvod\/bmw-m-1000-rr-akrapovic-optional-header-titanium-2025\/#primaryimage"},"thumbnailUrl":"https:\/\/rapidomotosport.hr\/wp-content\/uploads\/2025\/02\/b5144446-eed1-488a-a2c7-9bb5a7751063.png","datePublished":"2025-02-26T16:29:57+00:00","dateModified":"2026-01-15T23:20:41+00:00","breadcrumb":{"@id":"https:\/\/rapidomotosport.hr\/en\/proizvod\/bmw-m-1000-rr-akrapovic-optional-header-titanium-2025\/#breadcrumb"},"inLanguage":"en-US","potentialAction":[{"@type":"ReadAction","target":["https:\/\/rapidomotosport.hr\/en\/proizvod\/bmw-m-1000-rr-akrapovic-optional-header-titanium-2025\/"]}]},{"@type":"ImageObject","inLanguage":"en-US","@id":"https:\/\/rapidomotosport.hr\/en\/proizvod\/bmw-m-1000-rr-akrapovic-optional-header-titanium-2025\/#primaryimage","url":"https:\/\/rapidomotosport.hr\/wp-content\/uploads\/2025\/02\/b5144446-eed1-488a-a2c7-9bb5a7751063.png","contentUrl":"https:\/\/rapidomotosport.hr\/wp-content\/uploads\/2025\/02\/b5144446-eed1-488a-a2c7-9bb5a7751063.png","width":2362,"height":1769},{"@type":"BreadcrumbList","@id":"https:\/\/rapidomotosport.hr\/en\/proizvod\/bmw-m-1000-rr-akrapovic-optional-header-titanium-2025\/#breadcrumb","itemListElement":[{"@type":"ListItem","position":1,"name":"Po\u010detna stranica","item":"https:\/\/rapidomotosport.hr\/en\/"},{"@type":"ListItem","position":2,"name":"Shop","item":"https:\/\/rapidomotosport.hr\/en\/shop\/"},{"@type":"ListItem","position":3,"name":"BMW M 1000 RR Akrapovi\u010d Optional Header (Titanium) 2025-2026"}]},{"@type":"WebSite","@id":"https:\/\/rapidomotosport.hr\/en\/#website","url":"https:\/\/rapidomotosport.hr\/en\/","name":"Rapido Motosport","description":"","potentialAction":[{"@type":"SearchAction","target":{"@type":"EntryPoint","urlTemplate":"https:\/\/rapidomotosport.hr\/en\/?s={search_term_string}"},"query-input":{"@type":"PropertyValueSpecification","valueRequired":true,"valueName":"search_term_string"}}],"inLanguage":"en-US"}]}},"_links":{"self":[{"href":"https:\/\/rapidomotosport.hr\/en\/wp-json\/wp\/v2\/product\/17235","targetHints":{"allow":["GET"]}}],"collection":[{"href":"https:\/\/rapidomotosport.hr\/en\/wp-json\/wp\/v2\/product"}],"about":[{"href":"https:\/\/rapidomotosport.hr\/en\/wp-json\/wp\/v2\/types\/product"}],"wp:featuredmedia":[{"embeddable":true,"href":"https:\/\/rapidomotosport.hr\/en\/wp-json\/wp\/v2\/media\/17236"}],"wp:attachment":[{"href":"https:\/\/rapidomotosport.hr\/en\/wp-json\/wp\/v2\/media?parent=17235"}],"wp:term":[{"taxonomy":"product_brand","embeddable":true,"href":"https:\/\/rapidomotosport.hr\/en\/wp-json\/wp\/v2\/product_brand?post=17235"},{"taxonomy":"product_cat","embeddable":true,"href":"https:\/\/rapidomotosport.hr\/en\/wp-json\/wp\/v2\/product_cat?post=17235"},{"taxonomy":"product_tag","embeddable":true,"href":"https:\/\/rapidomotosport.hr\/en\/wp-json\/wp\/v2\/product_tag?post=17235"}],"curies":[{"name":"wp","href":"https:\/\/api.w.org\/{rel}","templated":true}]}}