{"id":17424,"date":"2025-02-28T16:44:43","date_gmt":"2025-02-28T15:44:43","guid":{"rendered":"https:\/\/rapidomotosport.hr\/?post_type=product&#038;p=17424"},"modified":"2026-01-15T23:29:12","modified_gmt":"2026-01-15T22:29:12","slug":"bmw-f-900-r-akrapovic-slip-on-line-titanium-2025","status":"publish","type":"product","link":"https:\/\/rapidomotosport.hr\/en\/proizvod\/bmw-f-900-r-akrapovic-slip-on-line-titanium-2025\/","title":{"rendered":"BMW F 900 R Akrapovi\u010d Slip-On Line (Titanium) 2020-2026"},"content":{"rendered":"","protected":false},"excerpt":{"rendered":"<p class=\"p1\"><span class=\"s1\">Izra\u0111en s vanjskom ovojnicom prigu\u0161iva\u010da od laganog titana, me\u0111ucijevi i predprigu\u0161iva\u010da od nehr\u0111aju\u0107eg \u010delika te ru\u010dno izra\u0111enim zavr\u0161etkom od karbonskih vlakana, ovaj ispu\u0161ni sustav omogu\u0107uje zna\u010dajnu u\u0161tedu te\u017eine od 21,6% u odnosu na standardnu tvorni\u010dku verziju. Inovativnim dizajnom savr\u0161eno se uklapa u linije motocikla, a njegova mala i kompaktna konstrukcija stvara sna\u017ean vizualni dojam. Pun i izra\u017eajan zvuk dubokog, sportskog tutnja nagla\u0161ava ritam dvocilindri\u010dnog motora, sve unutar ograni\u010denja norme Euro 5. Savr\u0161en odziv na gas pru\u017ea osje\u0107aj vrhunskih performansi. Potpuno homologiran prema EC\/ECE normama, omogu\u0107uje jednostavnu <\/span><span class=\"s2\">plug-and-play<\/span><span class=\"s1\"> instalaciju bez potrebe za remapiranjem. Potpuno je kompatibilan s BMW-ovim bo\u010dnim koferima i sredi\u0161njim postoljem, a cijeli Akrapovi\u010d sustav mo\u017ee se dodatno nadograditi opcionalnim, ru\u010dno izra\u0111enim \u0161titnikom od karbonskih vlakana.<\/span><\/p>\n","protected":false},"featured_media":17425,"template":"","meta":[],"product_brand":[],"product_cat":[17,19],"product_tag":[],"class_list":{"0":"post-17424","1":"product","2":"type-product","3":"status-publish","4":"has-post-thumbnail","6":"product_cat-ispusni-sustavi","7":"product_cat-bmw","9":"first","10":"instock","11":"sale","12":"shipping-taxable","13":"purchasable","14":"product-type-simple"},"yoast_head":"<!-- This site is optimized with the Yoast SEO plugin v27.5 - https:\/\/yoast.com\/product\/yoast-seo-wordpress\/ -->\n<title>BMW F 900 R Akrapovi\u010d Slip-On Line (Titanium) 2020-2026 - Rapido Motosport<\/title>\n<meta name=\"robots\" content=\"index, follow, max-snippet:-1, max-image-preview:large, max-video-preview:-1\" \/>\n<link rel=\"canonical\" href=\"https:\/\/rapidomotosport.hr\/en\/proizvod\/bmw-f-900-r-akrapovic-slip-on-line-titanium-2025\/\" \/>\n<meta property=\"og:locale\" content=\"en_US\" \/>\n<meta property=\"og:type\" content=\"article\" \/>\n<meta property=\"og:title\" content=\"BMW F 900 R Akrapovi\u010d Slip-On Line (Titanium) 2020-2026 - Rapido Motosport\" \/>\n<meta property=\"og:description\" content=\"Izra\u0111en s vanjskom ovojnicom prigu\u0161iva\u010da od laganog titana, me\u0111ucijevi i predprigu\u0161iva\u010da od nehr\u0111aju\u0107eg \u010delika te ru\u010dno izra\u0111enim zavr\u0161etkom od karbonskih vlakana, ovaj ispu\u0161ni sustav omogu\u0107uje zna\u010dajnu u\u0161tedu te\u017eine od 21,6% u odnosu na standardnu tvorni\u010dku verziju. Inovativnim dizajnom savr\u0161eno se uklapa u linije motocikla, a njegova mala i kompaktna konstrukcija stvara sna\u017ean vizualni dojam. Pun i izra\u017eajan zvuk dubokog, sportskog tutnja nagla\u0161ava ritam dvocilindri\u010dnog motora, sve unutar ograni\u010denja norme Euro 5. Savr\u0161en odziv na gas pru\u017ea osje\u0107aj vrhunskih performansi. Potpuno homologiran prema EC\/ECE normama, omogu\u0107uje jednostavnu plug-and-play instalaciju bez potrebe za remapiranjem. Potpuno je kompatibilan s BMW-ovim bo\u010dnim koferima i sredi\u0161njim postoljem, a cijeli Akrapovi\u010d sustav mo\u017ee se dodatno nadograditi opcionalnim, ru\u010dno izra\u0111enim \u0161titnikom od karbonskih vlakana.\" \/>\n<meta property=\"og:url\" content=\"https:\/\/rapidomotosport.hr\/en\/proizvod\/bmw-f-900-r-akrapovic-slip-on-line-titanium-2025\/\" \/>\n<meta property=\"og:site_name\" content=\"Rapido Motosport\" \/>\n<meta property=\"article:modified_time\" content=\"2026-01-15T22:29:12+00:00\" \/>\n<meta property=\"og:image\" content=\"https:\/\/rapidomotosport.hr\/wp-content\/uploads\/2025\/02\/ead7040e-1a02-40ee-93e2-25d33fd724b2-min.png\" \/>\n\t<meta property=\"og:image:width\" content=\"2362\" \/>\n\t<meta property=\"og:image:height\" content=\"1769\" \/>\n\t<meta property=\"og:image:type\" content=\"image\/png\" \/>\n<meta name=\"twitter:card\" content=\"summary_large_image\" \/>\n<meta name=\"twitter:label1\" content=\"Est. reading time\" \/>\n\t<meta name=\"twitter:data1\" content=\"1 minute\" \/>\n<script type=\"application\/ld+json\" class=\"yoast-schema-graph\">{\"@context\":\"https:\\\/\\\/schema.org\",\"@graph\":[{\"@type\":\"WebPage\",\"@id\":\"https:\\\/\\\/rapidomotosport.hr\\\/en\\\/proizvod\\\/bmw-f-900-r-akrapovic-slip-on-line-titanium-2025\\\/\",\"url\":\"https:\\\/\\\/rapidomotosport.hr\\\/en\\\/proizvod\\\/bmw-f-900-r-akrapovic-slip-on-line-titanium-2025\\\/\",\"name\":\"BMW F 900 R Akrapovi\u010d Slip-On Line (Titanium) 2020-2026 - Rapido Motosport\",\"isPartOf\":{\"@id\":\"https:\\\/\\\/rapidomotosport.hr\\\/en\\\/#website\"},\"primaryImageOfPage\":{\"@id\":\"https:\\\/\\\/rapidomotosport.hr\\\/en\\\/proizvod\\\/bmw-f-900-r-akrapovic-slip-on-line-titanium-2025\\\/#primaryimage\"},\"image\":{\"@id\":\"https:\\\/\\\/rapidomotosport.hr\\\/en\\\/proizvod\\\/bmw-f-900-r-akrapovic-slip-on-line-titanium-2025\\\/#primaryimage\"},\"thumbnailUrl\":\"https:\\\/\\\/rapidomotosport.hr\\\/wp-content\\\/uploads\\\/2025\\\/02\\\/ead7040e-1a02-40ee-93e2-25d33fd724b2-min.png\",\"datePublished\":\"2025-02-28T15:44:43+00:00\",\"dateModified\":\"2026-01-15T22:29:12+00:00\",\"breadcrumb\":{\"@id\":\"https:\\\/\\\/rapidomotosport.hr\\\/en\\\/proizvod\\\/bmw-f-900-r-akrapovic-slip-on-line-titanium-2025\\\/#breadcrumb\"},\"inLanguage\":\"en-US\",\"potentialAction\":[{\"@type\":\"ReadAction\",\"target\":[\"https:\\\/\\\/rapidomotosport.hr\\\/en\\\/proizvod\\\/bmw-f-900-r-akrapovic-slip-on-line-titanium-2025\\\/\"]}]},{\"@type\":\"ImageObject\",\"inLanguage\":\"en-US\",\"@id\":\"https:\\\/\\\/rapidomotosport.hr\\\/en\\\/proizvod\\\/bmw-f-900-r-akrapovic-slip-on-line-titanium-2025\\\/#primaryimage\",\"url\":\"https:\\\/\\\/rapidomotosport.hr\\\/wp-content\\\/uploads\\\/2025\\\/02\\\/ead7040e-1a02-40ee-93e2-25d33fd724b2-min.png\",\"contentUrl\":\"https:\\\/\\\/rapidomotosport.hr\\\/wp-content\\\/uploads\\\/2025\\\/02\\\/ead7040e-1a02-40ee-93e2-25d33fd724b2-min.png\",\"width\":2362,\"height\":1769},{\"@type\":\"BreadcrumbList\",\"@id\":\"https:\\\/\\\/rapidomotosport.hr\\\/en\\\/proizvod\\\/bmw-f-900-r-akrapovic-slip-on-line-titanium-2025\\\/#breadcrumb\",\"itemListElement\":[{\"@type\":\"ListItem\",\"position\":1,\"name\":\"Po\u010detna stranica\",\"item\":\"https:\\\/\\\/rapidomotosport.hr\\\/en\\\/\"},{\"@type\":\"ListItem\",\"position\":2,\"name\":\"Shop\",\"item\":\"https:\\\/\\\/rapidomotosport.hr\\\/en\\\/shop\\\/\"},{\"@type\":\"ListItem\",\"position\":3,\"name\":\"BMW F 900 R Akrapovi\u010d Slip-On Line (Titanium) 2020-2026\"}]},{\"@type\":\"WebSite\",\"@id\":\"https:\\\/\\\/rapidomotosport.hr\\\/en\\\/#website\",\"url\":\"https:\\\/\\\/rapidomotosport.hr\\\/en\\\/\",\"name\":\"Rapido Motosport\",\"description\":\"\",\"potentialAction\":[{\"@type\":\"SearchAction\",\"target\":{\"@type\":\"EntryPoint\",\"urlTemplate\":\"https:\\\/\\\/rapidomotosport.hr\\\/en\\\/?s={search_term_string}\"},\"query-input\":{\"@type\":\"PropertyValueSpecification\",\"valueRequired\":true,\"valueName\":\"search_term_string\"}}],\"inLanguage\":\"en-US\"}]}<\/script>\n<!-- \/ Yoast SEO plugin. -->","yoast_head_json":{"title":"BMW F 900 R Akrapovi\u010d Slip-On Line (Titanium) 2020-2026 - Rapido Motosport","robots":{"index":"index","follow":"follow","max-snippet":"max-snippet:-1","max-image-preview":"max-image-preview:large","max-video-preview":"max-video-preview:-1"},"canonical":"https:\/\/rapidomotosport.hr\/en\/proizvod\/bmw-f-900-r-akrapovic-slip-on-line-titanium-2025\/","og_locale":"en_US","og_type":"article","og_title":"BMW F 900 R Akrapovi\u010d Slip-On Line (Titanium) 2020-2026 - Rapido Motosport","og_description":"Izra\u0111en s vanjskom ovojnicom prigu\u0161iva\u010da od laganog titana, me\u0111ucijevi i predprigu\u0161iva\u010da od nehr\u0111aju\u0107eg \u010delika te ru\u010dno izra\u0111enim zavr\u0161etkom od karbonskih vlakana, ovaj ispu\u0161ni sustav omogu\u0107uje zna\u010dajnu u\u0161tedu te\u017eine od 21,6% u odnosu na standardnu tvorni\u010dku verziju. Inovativnim dizajnom savr\u0161eno se uklapa u linije motocikla, a njegova mala i kompaktna konstrukcija stvara sna\u017ean vizualni dojam. Pun i izra\u017eajan zvuk dubokog, sportskog tutnja nagla\u0161ava ritam dvocilindri\u010dnog motora, sve unutar ograni\u010denja norme Euro 5. Savr\u0161en odziv na gas pru\u017ea osje\u0107aj vrhunskih performansi. Potpuno homologiran prema EC\/ECE normama, omogu\u0107uje jednostavnu plug-and-play instalaciju bez potrebe za remapiranjem. Potpuno je kompatibilan s BMW-ovim bo\u010dnim koferima i sredi\u0161njim postoljem, a cijeli Akrapovi\u010d sustav mo\u017ee se dodatno nadograditi opcionalnim, ru\u010dno izra\u0111enim \u0161titnikom od karbonskih vlakana.","og_url":"https:\/\/rapidomotosport.hr\/en\/proizvod\/bmw-f-900-r-akrapovic-slip-on-line-titanium-2025\/","og_site_name":"Rapido Motosport","article_modified_time":"2026-01-15T22:29:12+00:00","og_image":[{"width":2362,"height":1769,"url":"https:\/\/rapidomotosport.hr\/wp-content\/uploads\/2025\/02\/ead7040e-1a02-40ee-93e2-25d33fd724b2-min.png","type":"image\/png"}],"twitter_card":"summary_large_image","twitter_misc":{"Est. reading time":"1 minute"},"schema":{"@context":"https:\/\/schema.org","@graph":[{"@type":"WebPage","@id":"https:\/\/rapidomotosport.hr\/en\/proizvod\/bmw-f-900-r-akrapovic-slip-on-line-titanium-2025\/","url":"https:\/\/rapidomotosport.hr\/en\/proizvod\/bmw-f-900-r-akrapovic-slip-on-line-titanium-2025\/","name":"BMW F 900 R Akrapovi\u010d Slip-On Line (Titanium) 2020-2026 - Rapido Motosport","isPartOf":{"@id":"https:\/\/rapidomotosport.hr\/en\/#website"},"primaryImageOfPage":{"@id":"https:\/\/rapidomotosport.hr\/en\/proizvod\/bmw-f-900-r-akrapovic-slip-on-line-titanium-2025\/#primaryimage"},"image":{"@id":"https:\/\/rapidomotosport.hr\/en\/proizvod\/bmw-f-900-r-akrapovic-slip-on-line-titanium-2025\/#primaryimage"},"thumbnailUrl":"https:\/\/rapidomotosport.hr\/wp-content\/uploads\/2025\/02\/ead7040e-1a02-40ee-93e2-25d33fd724b2-min.png","datePublished":"2025-02-28T15:44:43+00:00","dateModified":"2026-01-15T22:29:12+00:00","breadcrumb":{"@id":"https:\/\/rapidomotosport.hr\/en\/proizvod\/bmw-f-900-r-akrapovic-slip-on-line-titanium-2025\/#breadcrumb"},"inLanguage":"en-US","potentialAction":[{"@type":"ReadAction","target":["https:\/\/rapidomotosport.hr\/en\/proizvod\/bmw-f-900-r-akrapovic-slip-on-line-titanium-2025\/"]}]},{"@type":"ImageObject","inLanguage":"en-US","@id":"https:\/\/rapidomotosport.hr\/en\/proizvod\/bmw-f-900-r-akrapovic-slip-on-line-titanium-2025\/#primaryimage","url":"https:\/\/rapidomotosport.hr\/wp-content\/uploads\/2025\/02\/ead7040e-1a02-40ee-93e2-25d33fd724b2-min.png","contentUrl":"https:\/\/rapidomotosport.hr\/wp-content\/uploads\/2025\/02\/ead7040e-1a02-40ee-93e2-25d33fd724b2-min.png","width":2362,"height":1769},{"@type":"BreadcrumbList","@id":"https:\/\/rapidomotosport.hr\/en\/proizvod\/bmw-f-900-r-akrapovic-slip-on-line-titanium-2025\/#breadcrumb","itemListElement":[{"@type":"ListItem","position":1,"name":"Po\u010detna stranica","item":"https:\/\/rapidomotosport.hr\/en\/"},{"@type":"ListItem","position":2,"name":"Shop","item":"https:\/\/rapidomotosport.hr\/en\/shop\/"},{"@type":"ListItem","position":3,"name":"BMW F 900 R Akrapovi\u010d Slip-On Line (Titanium) 2020-2026"}]},{"@type":"WebSite","@id":"https:\/\/rapidomotosport.hr\/en\/#website","url":"https:\/\/rapidomotosport.hr\/en\/","name":"Rapido Motosport","description":"","potentialAction":[{"@type":"SearchAction","target":{"@type":"EntryPoint","urlTemplate":"https:\/\/rapidomotosport.hr\/en\/?s={search_term_string}"},"query-input":{"@type":"PropertyValueSpecification","valueRequired":true,"valueName":"search_term_string"}}],"inLanguage":"en-US"}]}},"_links":{"self":[{"href":"https:\/\/rapidomotosport.hr\/en\/wp-json\/wp\/v2\/product\/17424","targetHints":{"allow":["GET"]}}],"collection":[{"href":"https:\/\/rapidomotosport.hr\/en\/wp-json\/wp\/v2\/product"}],"about":[{"href":"https:\/\/rapidomotosport.hr\/en\/wp-json\/wp\/v2\/types\/product"}],"wp:featuredmedia":[{"embeddable":true,"href":"https:\/\/rapidomotosport.hr\/en\/wp-json\/wp\/v2\/media\/17425"}],"wp:attachment":[{"href":"https:\/\/rapidomotosport.hr\/en\/wp-json\/wp\/v2\/media?parent=17424"}],"wp:term":[{"taxonomy":"product_brand","embeddable":true,"href":"https:\/\/rapidomotosport.hr\/en\/wp-json\/wp\/v2\/product_brand?post=17424"},{"taxonomy":"product_cat","embeddable":true,"href":"https:\/\/rapidomotosport.hr\/en\/wp-json\/wp\/v2\/product_cat?post=17424"},{"taxonomy":"product_tag","embeddable":true,"href":"https:\/\/rapidomotosport.hr\/en\/wp-json\/wp\/v2\/product_tag?post=17424"}],"curies":[{"name":"wp","href":"https:\/\/api.w.org\/{rel}","templated":true}]}}