{"id":23972,"date":"2025-05-03T17:41:41","date_gmt":"2025-05-03T15:41:41","guid":{"rendered":"https:\/\/rapidomotosport.hr\/?post_type=product&#038;p=23972"},"modified":"2026-05-12T20:40:15","modified_gmt":"2026-05-12T18:40:15","slug":"yamaha-tenere-700-arrow-exhaust-indy-race-aluminium-silencer-2025","status":"publish","type":"product","link":"https:\/\/rapidomotosport.hr\/en\/proizvod\/yamaha-tenere-700-arrow-exhaust-indy-race-aluminium-silencer-2025\/","title":{"rendered":"YAMAHA TENERE 700 ARROW Exhaust Indy Race Aluminium Silencer 2025-2026"},"content":{"rendered":"","protected":false},"excerpt":{"rendered":"<p class=\"p1\"><span class=\"s1\">Indy-Race prigu\u0161iva\u010di<\/span><span class=\"s2\"> dizajnirani su za odre\u0111ene primjene, prvenstveno za motocikle koji zahtijevaju podsjedni prigu\u0161iva\u010d (\u0161to ote\u017eava kori\u0161tenje drugih dostupnih Arrow sekcija), no jednom kada su postali dostupni, Indy-Race prigu\u0161iva\u010di po\u010deli su se koristiti i u nekim \u201cstandardnim\u201d sustavima.<\/span><\/p>\n<p class=\"p1\"><span class=\"s2\">Dizajn je inspiriran oblikom odre\u0111enih trka\u0107ih staza u SAD-u (zbog \u010dega ova linija nosi takvo ime), a sekcija omogu\u0107uje smanjenje dimenzija uz zadr\u017eavanje dobrog unutarnjeg volumena za prigu\u0161ivanje buke i osiguravanje izvrsnog izlaza snage.<\/span><\/p>\n<p class=\"p1\"><span class=\"s2\">Unutarnji dijelovi izra\u0111eni su od nehr\u0111aju\u0107eg \u010delika, zavareni TIG\/MIG postupkom, dok je tijelo prigu\u0161iva\u010da dostupno u titaniju, karbonskim vlaknima i aluminiju, uz mogu\u0107nost zavr\u0161etka od karbonskih vlakana.<\/span><\/p>\n<div class=\"woocommerce-product-details__short-description\">\n<p><em>*<\/em><em>Slike su objavljene isklju\u010divo u ilustrativne svrhe.<\/em><\/p>\n<\/div>\n","protected":false},"featured_media":45164,"template":"","meta":[],"product_brand":[],"product_cat":[42,17],"product_tag":[],"class_list":{"0":"post-23972","1":"product","2":"type-product","3":"status-publish","4":"has-post-thumbnail","6":"product_cat-yamaha","7":"product_cat-ispusni-sustavi","9":"first","10":"instock","11":"sale","12":"shipping-taxable","13":"purchasable","14":"product-type-simple"},"yoast_head":"<!-- This site is optimized with the Yoast SEO plugin v27.5 - https:\/\/yoast.com\/product\/yoast-seo-wordpress\/ -->\n<title>YAMAHA TENERE 700 ARROW Exhaust Indy Race Aluminium Silencer 2025-2026 - Rapido Motosport<\/title>\n<meta name=\"robots\" content=\"index, follow, max-snippet:-1, max-image-preview:large, max-video-preview:-1\" \/>\n<link rel=\"canonical\" href=\"https:\/\/rapidomotosport.hr\/en\/proizvod\/yamaha-tenere-700-arrow-exhaust-indy-race-aluminium-silencer-2025\/\" \/>\n<meta property=\"og:locale\" content=\"en_US\" \/>\n<meta property=\"og:type\" content=\"article\" \/>\n<meta property=\"og:title\" content=\"YAMAHA TENERE 700 ARROW Exhaust Indy Race Aluminium Silencer 2025-2026 - Rapido Motosport\" \/>\n<meta property=\"og:description\" content=\"Indy-Race prigu\u0161iva\u010di dizajnirani su za odre\u0111ene primjene, prvenstveno za motocikle koji zahtijevaju podsjedni prigu\u0161iva\u010d (\u0161to ote\u017eava kori\u0161tenje drugih dostupnih Arrow sekcija), no jednom kada su postali dostupni, Indy-Race prigu\u0161iva\u010di po\u010deli su se koristiti i u nekim \u201cstandardnim\u201d sustavima. Dizajn je inspiriran oblikom odre\u0111enih trka\u0107ih staza u SAD-u (zbog \u010dega ova linija nosi takvo ime), a sekcija omogu\u0107uje smanjenje dimenzija uz zadr\u017eavanje dobrog unutarnjeg volumena za prigu\u0161ivanje buke i osiguravanje izvrsnog izlaza snage. Unutarnji dijelovi izra\u0111eni su od nehr\u0111aju\u0107eg \u010delika, zavareni TIG\/MIG postupkom, dok je tijelo prigu\u0161iva\u010da dostupno u titaniju, karbonskim vlaknima i aluminiju, uz mogu\u0107nost zavr\u0161etka od karbonskih vlakana.    *Slike su objavljene isklju\u010divo u ilustrativne svrhe.\" \/>\n<meta property=\"og:url\" content=\"https:\/\/rapidomotosport.hr\/en\/proizvod\/yamaha-tenere-700-arrow-exhaust-indy-race-aluminium-silencer-2025\/\" \/>\n<meta property=\"og:site_name\" content=\"Rapido Motosport\" \/>\n<meta property=\"article:modified_time\" content=\"2026-05-12T18:40:15+00:00\" \/>\n<meta property=\"og:image\" content=\"https:\/\/rapidomotosport.hr\/wp-content\/uploads\/2025\/03\/2-107.png\" \/>\n\t<meta property=\"og:image:width\" content=\"2048\" \/>\n\t<meta property=\"og:image:height\" content=\"1536\" \/>\n\t<meta property=\"og:image:type\" content=\"image\/png\" \/>\n<meta name=\"twitter:card\" content=\"summary_large_image\" \/>\n<meta name=\"twitter:label1\" content=\"Est. reading time\" \/>\n\t<meta name=\"twitter:data1\" content=\"1 minute\" \/>\n<script type=\"application\/ld+json\" class=\"yoast-schema-graph\">{\"@context\":\"https:\\\/\\\/schema.org\",\"@graph\":[{\"@type\":\"WebPage\",\"@id\":\"https:\\\/\\\/rapidomotosport.hr\\\/en\\\/proizvod\\\/yamaha-tenere-700-arrow-exhaust-indy-race-aluminium-silencer-2025\\\/\",\"url\":\"https:\\\/\\\/rapidomotosport.hr\\\/en\\\/proizvod\\\/yamaha-tenere-700-arrow-exhaust-indy-race-aluminium-silencer-2025\\\/\",\"name\":\"YAMAHA TENERE 700 ARROW Exhaust Indy Race Aluminium Silencer 2025-2026 - Rapido Motosport\",\"isPartOf\":{\"@id\":\"https:\\\/\\\/rapidomotosport.hr\\\/en\\\/#website\"},\"primaryImageOfPage\":{\"@id\":\"https:\\\/\\\/rapidomotosport.hr\\\/en\\\/proizvod\\\/yamaha-tenere-700-arrow-exhaust-indy-race-aluminium-silencer-2025\\\/#primaryimage\"},\"image\":{\"@id\":\"https:\\\/\\\/rapidomotosport.hr\\\/en\\\/proizvod\\\/yamaha-tenere-700-arrow-exhaust-indy-race-aluminium-silencer-2025\\\/#primaryimage\"},\"thumbnailUrl\":\"https:\\\/\\\/rapidomotosport.hr\\\/wp-content\\\/uploads\\\/2025\\\/03\\\/2-107.png\",\"datePublished\":\"2025-05-03T15:41:41+00:00\",\"dateModified\":\"2026-05-12T18:40:15+00:00\",\"breadcrumb\":{\"@id\":\"https:\\\/\\\/rapidomotosport.hr\\\/en\\\/proizvod\\\/yamaha-tenere-700-arrow-exhaust-indy-race-aluminium-silencer-2025\\\/#breadcrumb\"},\"inLanguage\":\"en-US\",\"potentialAction\":[{\"@type\":\"ReadAction\",\"target\":[\"https:\\\/\\\/rapidomotosport.hr\\\/en\\\/proizvod\\\/yamaha-tenere-700-arrow-exhaust-indy-race-aluminium-silencer-2025\\\/\"]}]},{\"@type\":\"ImageObject\",\"inLanguage\":\"en-US\",\"@id\":\"https:\\\/\\\/rapidomotosport.hr\\\/en\\\/proizvod\\\/yamaha-tenere-700-arrow-exhaust-indy-race-aluminium-silencer-2025\\\/#primaryimage\",\"url\":\"https:\\\/\\\/rapidomotosport.hr\\\/wp-content\\\/uploads\\\/2025\\\/03\\\/2-107.png\",\"contentUrl\":\"https:\\\/\\\/rapidomotosport.hr\\\/wp-content\\\/uploads\\\/2025\\\/03\\\/2-107.png\",\"width\":2048,\"height\":1536},{\"@type\":\"BreadcrumbList\",\"@id\":\"https:\\\/\\\/rapidomotosport.hr\\\/en\\\/proizvod\\\/yamaha-tenere-700-arrow-exhaust-indy-race-aluminium-silencer-2025\\\/#breadcrumb\",\"itemListElement\":[{\"@type\":\"ListItem\",\"position\":1,\"name\":\"Po\u010detna stranica\",\"item\":\"https:\\\/\\\/rapidomotosport.hr\\\/en\\\/\"},{\"@type\":\"ListItem\",\"position\":2,\"name\":\"Shop\",\"item\":\"https:\\\/\\\/rapidomotosport.hr\\\/en\\\/shop\\\/\"},{\"@type\":\"ListItem\",\"position\":3,\"name\":\"YAMAHA TENERE 700 ARROW Exhaust Indy Race Aluminium Silencer 2025-2026\"}]},{\"@type\":\"WebSite\",\"@id\":\"https:\\\/\\\/rapidomotosport.hr\\\/en\\\/#website\",\"url\":\"https:\\\/\\\/rapidomotosport.hr\\\/en\\\/\",\"name\":\"Rapido Motosport\",\"description\":\"\",\"potentialAction\":[{\"@type\":\"SearchAction\",\"target\":{\"@type\":\"EntryPoint\",\"urlTemplate\":\"https:\\\/\\\/rapidomotosport.hr\\\/en\\\/?s={search_term_string}\"},\"query-input\":{\"@type\":\"PropertyValueSpecification\",\"valueRequired\":true,\"valueName\":\"search_term_string\"}}],\"inLanguage\":\"en-US\"}]}<\/script>\n<!-- \/ Yoast SEO plugin. -->","yoast_head_json":{"title":"YAMAHA TENERE 700 ARROW Exhaust Indy Race Aluminium Silencer 2025-2026 - Rapido Motosport","robots":{"index":"index","follow":"follow","max-snippet":"max-snippet:-1","max-image-preview":"max-image-preview:large","max-video-preview":"max-video-preview:-1"},"canonical":"https:\/\/rapidomotosport.hr\/en\/proizvod\/yamaha-tenere-700-arrow-exhaust-indy-race-aluminium-silencer-2025\/","og_locale":"en_US","og_type":"article","og_title":"YAMAHA TENERE 700 ARROW Exhaust Indy Race Aluminium Silencer 2025-2026 - Rapido Motosport","og_description":"Indy-Race prigu\u0161iva\u010di dizajnirani su za odre\u0111ene primjene, prvenstveno za motocikle koji zahtijevaju podsjedni prigu\u0161iva\u010d (\u0161to ote\u017eava kori\u0161tenje drugih dostupnih Arrow sekcija), no jednom kada su postali dostupni, Indy-Race prigu\u0161iva\u010di po\u010deli su se koristiti i u nekim \u201cstandardnim\u201d sustavima. Dizajn je inspiriran oblikom odre\u0111enih trka\u0107ih staza u SAD-u (zbog \u010dega ova linija nosi takvo ime), a sekcija omogu\u0107uje smanjenje dimenzija uz zadr\u017eavanje dobrog unutarnjeg volumena za prigu\u0161ivanje buke i osiguravanje izvrsnog izlaza snage. Unutarnji dijelovi izra\u0111eni su od nehr\u0111aju\u0107eg \u010delika, zavareni TIG\/MIG postupkom, dok je tijelo prigu\u0161iva\u010da dostupno u titaniju, karbonskim vlaknima i aluminiju, uz mogu\u0107nost zavr\u0161etka od karbonskih vlakana.    *Slike su objavljene isklju\u010divo u ilustrativne svrhe.","og_url":"https:\/\/rapidomotosport.hr\/en\/proizvod\/yamaha-tenere-700-arrow-exhaust-indy-race-aluminium-silencer-2025\/","og_site_name":"Rapido Motosport","article_modified_time":"2026-05-12T18:40:15+00:00","og_image":[{"width":2048,"height":1536,"url":"https:\/\/rapidomotosport.hr\/wp-content\/uploads\/2025\/03\/2-107.png","type":"image\/png"}],"twitter_card":"summary_large_image","twitter_misc":{"Est. reading time":"1 minute"},"schema":{"@context":"https:\/\/schema.org","@graph":[{"@type":"WebPage","@id":"https:\/\/rapidomotosport.hr\/en\/proizvod\/yamaha-tenere-700-arrow-exhaust-indy-race-aluminium-silencer-2025\/","url":"https:\/\/rapidomotosport.hr\/en\/proizvod\/yamaha-tenere-700-arrow-exhaust-indy-race-aluminium-silencer-2025\/","name":"YAMAHA TENERE 700 ARROW Exhaust Indy Race Aluminium Silencer 2025-2026 - Rapido Motosport","isPartOf":{"@id":"https:\/\/rapidomotosport.hr\/en\/#website"},"primaryImageOfPage":{"@id":"https:\/\/rapidomotosport.hr\/en\/proizvod\/yamaha-tenere-700-arrow-exhaust-indy-race-aluminium-silencer-2025\/#primaryimage"},"image":{"@id":"https:\/\/rapidomotosport.hr\/en\/proizvod\/yamaha-tenere-700-arrow-exhaust-indy-race-aluminium-silencer-2025\/#primaryimage"},"thumbnailUrl":"https:\/\/rapidomotosport.hr\/wp-content\/uploads\/2025\/03\/2-107.png","datePublished":"2025-05-03T15:41:41+00:00","dateModified":"2026-05-12T18:40:15+00:00","breadcrumb":{"@id":"https:\/\/rapidomotosport.hr\/en\/proizvod\/yamaha-tenere-700-arrow-exhaust-indy-race-aluminium-silencer-2025\/#breadcrumb"},"inLanguage":"en-US","potentialAction":[{"@type":"ReadAction","target":["https:\/\/rapidomotosport.hr\/en\/proizvod\/yamaha-tenere-700-arrow-exhaust-indy-race-aluminium-silencer-2025\/"]}]},{"@type":"ImageObject","inLanguage":"en-US","@id":"https:\/\/rapidomotosport.hr\/en\/proizvod\/yamaha-tenere-700-arrow-exhaust-indy-race-aluminium-silencer-2025\/#primaryimage","url":"https:\/\/rapidomotosport.hr\/wp-content\/uploads\/2025\/03\/2-107.png","contentUrl":"https:\/\/rapidomotosport.hr\/wp-content\/uploads\/2025\/03\/2-107.png","width":2048,"height":1536},{"@type":"BreadcrumbList","@id":"https:\/\/rapidomotosport.hr\/en\/proizvod\/yamaha-tenere-700-arrow-exhaust-indy-race-aluminium-silencer-2025\/#breadcrumb","itemListElement":[{"@type":"ListItem","position":1,"name":"Po\u010detna stranica","item":"https:\/\/rapidomotosport.hr\/en\/"},{"@type":"ListItem","position":2,"name":"Shop","item":"https:\/\/rapidomotosport.hr\/en\/shop\/"},{"@type":"ListItem","position":3,"name":"YAMAHA TENERE 700 ARROW Exhaust Indy Race Aluminium Silencer 2025-2026"}]},{"@type":"WebSite","@id":"https:\/\/rapidomotosport.hr\/en\/#website","url":"https:\/\/rapidomotosport.hr\/en\/","name":"Rapido Motosport","description":"","potentialAction":[{"@type":"SearchAction","target":{"@type":"EntryPoint","urlTemplate":"https:\/\/rapidomotosport.hr\/en\/?s={search_term_string}"},"query-input":{"@type":"PropertyValueSpecification","valueRequired":true,"valueName":"search_term_string"}}],"inLanguage":"en-US"}]}},"_links":{"self":[{"href":"https:\/\/rapidomotosport.hr\/en\/wp-json\/wp\/v2\/product\/23972","targetHints":{"allow":["GET"]}}],"collection":[{"href":"https:\/\/rapidomotosport.hr\/en\/wp-json\/wp\/v2\/product"}],"about":[{"href":"https:\/\/rapidomotosport.hr\/en\/wp-json\/wp\/v2\/types\/product"}],"wp:featuredmedia":[{"embeddable":true,"href":"https:\/\/rapidomotosport.hr\/en\/wp-json\/wp\/v2\/media\/45164"}],"wp:attachment":[{"href":"https:\/\/rapidomotosport.hr\/en\/wp-json\/wp\/v2\/media?parent=23972"}],"wp:term":[{"taxonomy":"product_brand","embeddable":true,"href":"https:\/\/rapidomotosport.hr\/en\/wp-json\/wp\/v2\/product_brand?post=23972"},{"taxonomy":"product_cat","embeddable":true,"href":"https:\/\/rapidomotosport.hr\/en\/wp-json\/wp\/v2\/product_cat?post=23972"},{"taxonomy":"product_tag","embeddable":true,"href":"https:\/\/rapidomotosport.hr\/en\/wp-json\/wp\/v2\/product_tag?post=23972"}],"curies":[{"name":"wp","href":"https:\/\/api.w.org\/{rel}","templated":true}]}}