{"id":25413,"date":"2025-11-07T22:42:49","date_gmt":"2025-11-07T21:42:49","guid":{"rendered":"https:\/\/rapidomotosport.hr\/?post_type=product&#038;p=25413"},"modified":"2026-04-06T19:59:35","modified_gmt":"2026-04-06T17:59:35","slug":"aprilia-rsv4-mivv-exhaust-delta-race-carbon-slip-on-silencer-2017-2020","status":"publish","type":"product","link":"https:\/\/rapidomotosport.hr\/en\/proizvod\/aprilia-rsv4-mivv-exhaust-delta-race-carbon-slip-on-silencer-2017-2020\/","title":{"rendered":"APRILIA RSV4 MIVV Exhaust DELTA RACE Carbon Slip-On Silencer 2017-2020"},"content":{"rendered":"","protected":false},"excerpt":{"rendered":"<p>Izra\u0111en radi pobolj\u0161anja estetike, zvuka i performansi motocikla, Mivv slip-on ispu\u0161ni sustav nastao je iz maksimalne pa\u017enje posve\u0107ene dizajnu, s ciljem da zadovolji one koji se \u017eele istaknuti, \u010dak i izgledom vlastitog motocikla.<\/p>\n<p>DELTA RACE ispu\u0161ni sustav odlikuje se ekskluzivnim oblikom koji se postupno transformira iz koni\u010dnog u \u0161esterokutni. Brojni su detalji koji njegov stil \u010dine jedinstvenim, poput zavr\u0161etka od 3K twill karbona, perimetralne trake s dvostrukim zakovicama i ulazne \u010dahure izra\u0111ene iz punog materijala radi maksimalne preciznosti spoja. Na zavr\u0161etku se nalazi prepoznatljiv Mivv logo izra\u0111en laserskim graviranjem.<\/p>\n<p>Sredi\u0161nje tijelo izra\u0111eno je od karbona s sjajnom zavr\u0161nom obradom. To je idealan proizvod za one koji zahtijevaju vrhunski izgled i tehnologiju.<\/p>\n<p>NAPOMENA: HOMOLOGIRANO SAMO UZ UGRA\u0110EN KATALIZATOR<\/p>\n","protected":false},"featured_media":25467,"template":"","meta":[],"product_brand":[],"product_cat":[17,18],"product_tag":[],"class_list":{"0":"post-25413","1":"product","2":"type-product","3":"status-publish","4":"has-post-thumbnail","6":"product_cat-ispusni-sustavi","7":"product_cat-aprilia","9":"first","10":"instock","11":"sale","12":"shipping-taxable","13":"purchasable","14":"product-type-simple"},"yoast_head":"<!-- This site is optimized with the Yoast SEO plugin v27.5 - https:\/\/yoast.com\/product\/yoast-seo-wordpress\/ -->\n<title>APRILIA RSV4 MIVV Exhaust DELTA RACE Carbon Slip-On Silencer 2017-2020 - Rapido Motosport<\/title>\n<meta name=\"robots\" content=\"index, follow, max-snippet:-1, max-image-preview:large, max-video-preview:-1\" \/>\n<link rel=\"canonical\" href=\"https:\/\/rapidomotosport.hr\/en\/proizvod\/aprilia-rsv4-mivv-exhaust-delta-race-carbon-slip-on-silencer-2017-2020\/\" \/>\n<meta property=\"og:locale\" content=\"en_US\" \/>\n<meta property=\"og:type\" content=\"article\" \/>\n<meta property=\"og:title\" content=\"APRILIA RSV4 MIVV Exhaust DELTA RACE Carbon Slip-On Silencer 2017-2020 - Rapido Motosport\" \/>\n<meta property=\"og:description\" content=\"Izra\u0111en radi pobolj\u0161anja estetike, zvuka i performansi motocikla, Mivv slip-on ispu\u0161ni sustav nastao je iz maksimalne pa\u017enje posve\u0107ene dizajnu, s ciljem da zadovolji one koji se \u017eele istaknuti, \u010dak i izgledom vlastitog motocikla.  DELTA RACE ispu\u0161ni sustav odlikuje se ekskluzivnim oblikom koji se postupno transformira iz koni\u010dnog u \u0161esterokutni. Brojni su detalji koji njegov stil \u010dine jedinstvenim, poput zavr\u0161etka od 3K twill karbona, perimetralne trake s dvostrukim zakovicama i ulazne \u010dahure izra\u0111ene iz punog materijala radi maksimalne preciznosti spoja. Na zavr\u0161etku se nalazi prepoznatljiv Mivv logo izra\u0111en laserskim graviranjem.  Sredi\u0161nje tijelo izra\u0111eno je od karbona s sjajnom zavr\u0161nom obradom. To je idealan proizvod za one koji zahtijevaju vrhunski izgled i tehnologiju.  NAPOMENA: HOMOLOGIRANO SAMO UZ UGRA\u0110EN KATALIZATOR\" \/>\n<meta property=\"og:url\" content=\"https:\/\/rapidomotosport.hr\/en\/proizvod\/aprilia-rsv4-mivv-exhaust-delta-race-carbon-slip-on-silencer-2017-2020\/\" \/>\n<meta property=\"og:site_name\" content=\"Rapido Motosport\" \/>\n<meta property=\"article:modified_time\" content=\"2026-04-06T17:59:35+00:00\" \/>\n<meta property=\"og:image\" content=\"https:\/\/rapidomotosport.hr\/wp-content\/uploads\/2025\/11\/Dizajn-bez-naslova-min-2.png\" \/>\n\t<meta property=\"og:image:width\" content=\"2048\" \/>\n\t<meta property=\"og:image:height\" content=\"1536\" \/>\n\t<meta property=\"og:image:type\" content=\"image\/png\" \/>\n<meta name=\"twitter:card\" content=\"summary_large_image\" \/>\n<meta name=\"twitter:label1\" content=\"Est. reading time\" \/>\n\t<meta name=\"twitter:data1\" content=\"1 minute\" \/>\n<script type=\"application\/ld+json\" class=\"yoast-schema-graph\">{\"@context\":\"https:\\\/\\\/schema.org\",\"@graph\":[{\"@type\":\"WebPage\",\"@id\":\"https:\\\/\\\/rapidomotosport.hr\\\/en\\\/proizvod\\\/aprilia-rsv4-mivv-exhaust-delta-race-carbon-slip-on-silencer-2017-2020\\\/\",\"url\":\"https:\\\/\\\/rapidomotosport.hr\\\/en\\\/proizvod\\\/aprilia-rsv4-mivv-exhaust-delta-race-carbon-slip-on-silencer-2017-2020\\\/\",\"name\":\"APRILIA RSV4 MIVV Exhaust DELTA RACE Carbon Slip-On Silencer 2017-2020 - Rapido Motosport\",\"isPartOf\":{\"@id\":\"https:\\\/\\\/rapidomotosport.hr\\\/en\\\/#website\"},\"primaryImageOfPage\":{\"@id\":\"https:\\\/\\\/rapidomotosport.hr\\\/en\\\/proizvod\\\/aprilia-rsv4-mivv-exhaust-delta-race-carbon-slip-on-silencer-2017-2020\\\/#primaryimage\"},\"image\":{\"@id\":\"https:\\\/\\\/rapidomotosport.hr\\\/en\\\/proizvod\\\/aprilia-rsv4-mivv-exhaust-delta-race-carbon-slip-on-silencer-2017-2020\\\/#primaryimage\"},\"thumbnailUrl\":\"https:\\\/\\\/rapidomotosport.hr\\\/wp-content\\\/uploads\\\/2025\\\/11\\\/Dizajn-bez-naslova-min-2.png\",\"datePublished\":\"2025-11-07T21:42:49+00:00\",\"dateModified\":\"2026-04-06T17:59:35+00:00\",\"breadcrumb\":{\"@id\":\"https:\\\/\\\/rapidomotosport.hr\\\/en\\\/proizvod\\\/aprilia-rsv4-mivv-exhaust-delta-race-carbon-slip-on-silencer-2017-2020\\\/#breadcrumb\"},\"inLanguage\":\"en-US\",\"potentialAction\":[{\"@type\":\"ReadAction\",\"target\":[\"https:\\\/\\\/rapidomotosport.hr\\\/en\\\/proizvod\\\/aprilia-rsv4-mivv-exhaust-delta-race-carbon-slip-on-silencer-2017-2020\\\/\"]}]},{\"@type\":\"ImageObject\",\"inLanguage\":\"en-US\",\"@id\":\"https:\\\/\\\/rapidomotosport.hr\\\/en\\\/proizvod\\\/aprilia-rsv4-mivv-exhaust-delta-race-carbon-slip-on-silencer-2017-2020\\\/#primaryimage\",\"url\":\"https:\\\/\\\/rapidomotosport.hr\\\/wp-content\\\/uploads\\\/2025\\\/11\\\/Dizajn-bez-naslova-min-2.png\",\"contentUrl\":\"https:\\\/\\\/rapidomotosport.hr\\\/wp-content\\\/uploads\\\/2025\\\/11\\\/Dizajn-bez-naslova-min-2.png\",\"width\":2048,\"height\":1536},{\"@type\":\"BreadcrumbList\",\"@id\":\"https:\\\/\\\/rapidomotosport.hr\\\/en\\\/proizvod\\\/aprilia-rsv4-mivv-exhaust-delta-race-carbon-slip-on-silencer-2017-2020\\\/#breadcrumb\",\"itemListElement\":[{\"@type\":\"ListItem\",\"position\":1,\"name\":\"Po\u010detna stranica\",\"item\":\"https:\\\/\\\/rapidomotosport.hr\\\/en\\\/\"},{\"@type\":\"ListItem\",\"position\":2,\"name\":\"Shop\",\"item\":\"https:\\\/\\\/rapidomotosport.hr\\\/en\\\/shop\\\/\"},{\"@type\":\"ListItem\",\"position\":3,\"name\":\"APRILIA RSV4 MIVV Exhaust DELTA RACE Carbon Slip-On Silencer 2017-2020\"}]},{\"@type\":\"WebSite\",\"@id\":\"https:\\\/\\\/rapidomotosport.hr\\\/en\\\/#website\",\"url\":\"https:\\\/\\\/rapidomotosport.hr\\\/en\\\/\",\"name\":\"Rapido Motosport\",\"description\":\"\",\"potentialAction\":[{\"@type\":\"SearchAction\",\"target\":{\"@type\":\"EntryPoint\",\"urlTemplate\":\"https:\\\/\\\/rapidomotosport.hr\\\/en\\\/?s={search_term_string}\"},\"query-input\":{\"@type\":\"PropertyValueSpecification\",\"valueRequired\":true,\"valueName\":\"search_term_string\"}}],\"inLanguage\":\"en-US\"}]}<\/script>\n<!-- \/ Yoast SEO plugin. -->","yoast_head_json":{"title":"APRILIA RSV4 MIVV Exhaust DELTA RACE Carbon Slip-On Silencer 2017-2020 - Rapido Motosport","robots":{"index":"index","follow":"follow","max-snippet":"max-snippet:-1","max-image-preview":"max-image-preview:large","max-video-preview":"max-video-preview:-1"},"canonical":"https:\/\/rapidomotosport.hr\/en\/proizvod\/aprilia-rsv4-mivv-exhaust-delta-race-carbon-slip-on-silencer-2017-2020\/","og_locale":"en_US","og_type":"article","og_title":"APRILIA RSV4 MIVV Exhaust DELTA RACE Carbon Slip-On Silencer 2017-2020 - Rapido Motosport","og_description":"Izra\u0111en radi pobolj\u0161anja estetike, zvuka i performansi motocikla, Mivv slip-on ispu\u0161ni sustav nastao je iz maksimalne pa\u017enje posve\u0107ene dizajnu, s ciljem da zadovolji one koji se \u017eele istaknuti, \u010dak i izgledom vlastitog motocikla.  DELTA RACE ispu\u0161ni sustav odlikuje se ekskluzivnim oblikom koji se postupno transformira iz koni\u010dnog u \u0161esterokutni. Brojni su detalji koji njegov stil \u010dine jedinstvenim, poput zavr\u0161etka od 3K twill karbona, perimetralne trake s dvostrukim zakovicama i ulazne \u010dahure izra\u0111ene iz punog materijala radi maksimalne preciznosti spoja. Na zavr\u0161etku se nalazi prepoznatljiv Mivv logo izra\u0111en laserskim graviranjem.  Sredi\u0161nje tijelo izra\u0111eno je od karbona s sjajnom zavr\u0161nom obradom. To je idealan proizvod za one koji zahtijevaju vrhunski izgled i tehnologiju.  NAPOMENA: HOMOLOGIRANO SAMO UZ UGRA\u0110EN KATALIZATOR","og_url":"https:\/\/rapidomotosport.hr\/en\/proizvod\/aprilia-rsv4-mivv-exhaust-delta-race-carbon-slip-on-silencer-2017-2020\/","og_site_name":"Rapido Motosport","article_modified_time":"2026-04-06T17:59:35+00:00","og_image":[{"width":2048,"height":1536,"url":"https:\/\/rapidomotosport.hr\/wp-content\/uploads\/2025\/11\/Dizajn-bez-naslova-min-2.png","type":"image\/png"}],"twitter_card":"summary_large_image","twitter_misc":{"Est. reading time":"1 minute"},"schema":{"@context":"https:\/\/schema.org","@graph":[{"@type":"WebPage","@id":"https:\/\/rapidomotosport.hr\/en\/proizvod\/aprilia-rsv4-mivv-exhaust-delta-race-carbon-slip-on-silencer-2017-2020\/","url":"https:\/\/rapidomotosport.hr\/en\/proizvod\/aprilia-rsv4-mivv-exhaust-delta-race-carbon-slip-on-silencer-2017-2020\/","name":"APRILIA RSV4 MIVV Exhaust DELTA RACE Carbon Slip-On Silencer 2017-2020 - Rapido Motosport","isPartOf":{"@id":"https:\/\/rapidomotosport.hr\/en\/#website"},"primaryImageOfPage":{"@id":"https:\/\/rapidomotosport.hr\/en\/proizvod\/aprilia-rsv4-mivv-exhaust-delta-race-carbon-slip-on-silencer-2017-2020\/#primaryimage"},"image":{"@id":"https:\/\/rapidomotosport.hr\/en\/proizvod\/aprilia-rsv4-mivv-exhaust-delta-race-carbon-slip-on-silencer-2017-2020\/#primaryimage"},"thumbnailUrl":"https:\/\/rapidomotosport.hr\/wp-content\/uploads\/2025\/11\/Dizajn-bez-naslova-min-2.png","datePublished":"2025-11-07T21:42:49+00:00","dateModified":"2026-04-06T17:59:35+00:00","breadcrumb":{"@id":"https:\/\/rapidomotosport.hr\/en\/proizvod\/aprilia-rsv4-mivv-exhaust-delta-race-carbon-slip-on-silencer-2017-2020\/#breadcrumb"},"inLanguage":"en-US","potentialAction":[{"@type":"ReadAction","target":["https:\/\/rapidomotosport.hr\/en\/proizvod\/aprilia-rsv4-mivv-exhaust-delta-race-carbon-slip-on-silencer-2017-2020\/"]}]},{"@type":"ImageObject","inLanguage":"en-US","@id":"https:\/\/rapidomotosport.hr\/en\/proizvod\/aprilia-rsv4-mivv-exhaust-delta-race-carbon-slip-on-silencer-2017-2020\/#primaryimage","url":"https:\/\/rapidomotosport.hr\/wp-content\/uploads\/2025\/11\/Dizajn-bez-naslova-min-2.png","contentUrl":"https:\/\/rapidomotosport.hr\/wp-content\/uploads\/2025\/11\/Dizajn-bez-naslova-min-2.png","width":2048,"height":1536},{"@type":"BreadcrumbList","@id":"https:\/\/rapidomotosport.hr\/en\/proizvod\/aprilia-rsv4-mivv-exhaust-delta-race-carbon-slip-on-silencer-2017-2020\/#breadcrumb","itemListElement":[{"@type":"ListItem","position":1,"name":"Po\u010detna stranica","item":"https:\/\/rapidomotosport.hr\/en\/"},{"@type":"ListItem","position":2,"name":"Shop","item":"https:\/\/rapidomotosport.hr\/en\/shop\/"},{"@type":"ListItem","position":3,"name":"APRILIA RSV4 MIVV Exhaust DELTA RACE Carbon Slip-On Silencer 2017-2020"}]},{"@type":"WebSite","@id":"https:\/\/rapidomotosport.hr\/en\/#website","url":"https:\/\/rapidomotosport.hr\/en\/","name":"Rapido Motosport","description":"","potentialAction":[{"@type":"SearchAction","target":{"@type":"EntryPoint","urlTemplate":"https:\/\/rapidomotosport.hr\/en\/?s={search_term_string}"},"query-input":{"@type":"PropertyValueSpecification","valueRequired":true,"valueName":"search_term_string"}}],"inLanguage":"en-US"}]}},"_links":{"self":[{"href":"https:\/\/rapidomotosport.hr\/en\/wp-json\/wp\/v2\/product\/25413","targetHints":{"allow":["GET"]}}],"collection":[{"href":"https:\/\/rapidomotosport.hr\/en\/wp-json\/wp\/v2\/product"}],"about":[{"href":"https:\/\/rapidomotosport.hr\/en\/wp-json\/wp\/v2\/types\/product"}],"wp:featuredmedia":[{"embeddable":true,"href":"https:\/\/rapidomotosport.hr\/en\/wp-json\/wp\/v2\/media\/25467"}],"wp:attachment":[{"href":"https:\/\/rapidomotosport.hr\/en\/wp-json\/wp\/v2\/media?parent=25413"}],"wp:term":[{"taxonomy":"product_brand","embeddable":true,"href":"https:\/\/rapidomotosport.hr\/en\/wp-json\/wp\/v2\/product_brand?post=25413"},{"taxonomy":"product_cat","embeddable":true,"href":"https:\/\/rapidomotosport.hr\/en\/wp-json\/wp\/v2\/product_cat?post=25413"},{"taxonomy":"product_tag","embeddable":true,"href":"https:\/\/rapidomotosport.hr\/en\/wp-json\/wp\/v2\/product_tag?post=25413"}],"curies":[{"name":"wp","href":"https:\/\/api.w.org\/{rel}","templated":true}]}}