{"id":25518,"date":"2025-11-08T12:47:14","date_gmt":"2025-11-08T11:47:14","guid":{"rendered":"https:\/\/rapidomotosport.hr\/?post_type=product&#038;p=25518"},"modified":"2026-04-06T22:08:32","modified_gmt":"2026-04-06T20:08:32","slug":"aprilia-shiver-750-mivv-exhaust-suono-slip-on-black-silencers-2008-2016","status":"publish","type":"product","link":"https:\/\/rapidomotosport.hr\/en\/proizvod\/aprilia-shiver-750-mivv-exhaust-suono-slip-on-black-silencers-2008-2016\/","title":{"rendered":"APRILIA SHIVER 750 MIVV Exhaust SUONO Slip-On Black Silencers 2008-2016"},"content":{"rendered":"","protected":false},"excerpt":{"rendered":"<p>Izra\u0111en radi pobolj\u0161anja estetike, zvuka i performansi motocikla, Mivv slip-on ispu\u0161ni sustav nastao je iz maksimalne pa\u017enje posve\u0107ene dizajnu, s ciljem da zadovolji one koji se \u017eele istaknuti, \u010dak i izgledom vlastitog motocikla.<\/p>\n<p>Linija SUONO predstavlja savr\u0161enu sintezu izme\u0111u estetike, inovacije i primijenjene tehnologije. Pri njenom projektiranju odabrani su najbolji materijali kako bi se proizvodu osigurala maksimalna lako\u0107a.<\/p>\n<p>U potpunosti izra\u0111en od bru\u0161enog nehr\u0111aju\u0107eg \u010delika otpornog na visoke temperature, ovaj prigu\u0161iva\u010d idealan je za ljubitelje dvaju kota\u010da koji ne \u017eele odustati od dizajna.<\/p>\n","protected":false},"featured_media":25519,"template":"","meta":[],"product_brand":[],"product_cat":[17,18],"product_tag":[],"class_list":{"0":"post-25518","1":"product","2":"type-product","3":"status-publish","4":"has-post-thumbnail","6":"product_cat-ispusni-sustavi","7":"product_cat-aprilia","9":"first","10":"instock","11":"sale","12":"shipping-taxable","13":"purchasable","14":"product-type-simple"},"yoast_head":"<!-- This site is optimized with the Yoast SEO plugin v27.5 - https:\/\/yoast.com\/product\/yoast-seo-wordpress\/ -->\n<title>APRILIA SHIVER 750 MIVV Exhaust SUONO Slip-On Black Silencers 2008-2016 - Rapido Motosport<\/title>\n<meta name=\"robots\" content=\"index, follow, max-snippet:-1, max-image-preview:large, max-video-preview:-1\" \/>\n<link rel=\"canonical\" href=\"https:\/\/rapidomotosport.hr\/en\/proizvod\/aprilia-shiver-750-mivv-exhaust-suono-slip-on-black-silencers-2008-2016\/\" \/>\n<meta property=\"og:locale\" content=\"en_US\" \/>\n<meta property=\"og:type\" content=\"article\" \/>\n<meta property=\"og:title\" content=\"APRILIA SHIVER 750 MIVV Exhaust SUONO Slip-On Black Silencers 2008-2016 - Rapido Motosport\" \/>\n<meta property=\"og:description\" content=\"Izra\u0111en radi pobolj\u0161anja estetike, zvuka i performansi motocikla, Mivv slip-on ispu\u0161ni sustav nastao je iz maksimalne pa\u017enje posve\u0107ene dizajnu, s ciljem da zadovolji one koji se \u017eele istaknuti, \u010dak i izgledom vlastitog motocikla.  Linija SUONO predstavlja savr\u0161enu sintezu izme\u0111u estetike, inovacije i primijenjene tehnologije. Pri njenom projektiranju odabrani su najbolji materijali kako bi se proizvodu osigurala maksimalna lako\u0107a.  U potpunosti izra\u0111en od bru\u0161enog nehr\u0111aju\u0107eg \u010delika otpornog na visoke temperature, ovaj prigu\u0161iva\u010d idealan je za ljubitelje dvaju kota\u010da koji ne \u017eele odustati od dizajna.\" \/>\n<meta property=\"og:url\" content=\"https:\/\/rapidomotosport.hr\/en\/proizvod\/aprilia-shiver-750-mivv-exhaust-suono-slip-on-black-silencers-2008-2016\/\" \/>\n<meta property=\"og:site_name\" content=\"Rapido Motosport\" \/>\n<meta property=\"article:modified_time\" content=\"2026-04-06T20:08:32+00:00\" \/>\n<meta property=\"og:image\" content=\"https:\/\/rapidomotosport.hr\/wp-content\/uploads\/2025\/11\/terminali-mivv-suono-acciaio-nero-aprilia-dorsoduro-1200-2012-2016-min-2.jpg\" \/>\n\t<meta property=\"og:image:width\" content=\"1200\" \/>\n\t<meta property=\"og:image:height\" content=\"900\" \/>\n\t<meta property=\"og:image:type\" content=\"image\/jpeg\" \/>\n<meta name=\"twitter:card\" content=\"summary_large_image\" \/>\n<meta name=\"twitter:label1\" content=\"Est. reading time\" \/>\n\t<meta name=\"twitter:data1\" content=\"1 minute\" \/>\n<script type=\"application\/ld+json\" class=\"yoast-schema-graph\">{\"@context\":\"https:\\\/\\\/schema.org\",\"@graph\":[{\"@type\":\"WebPage\",\"@id\":\"https:\\\/\\\/rapidomotosport.hr\\\/en\\\/proizvod\\\/aprilia-shiver-750-mivv-exhaust-suono-slip-on-black-silencers-2008-2016\\\/\",\"url\":\"https:\\\/\\\/rapidomotosport.hr\\\/en\\\/proizvod\\\/aprilia-shiver-750-mivv-exhaust-suono-slip-on-black-silencers-2008-2016\\\/\",\"name\":\"APRILIA SHIVER 750 MIVV Exhaust SUONO Slip-On Black Silencers 2008-2016 - Rapido Motosport\",\"isPartOf\":{\"@id\":\"https:\\\/\\\/rapidomotosport.hr\\\/en\\\/#website\"},\"primaryImageOfPage\":{\"@id\":\"https:\\\/\\\/rapidomotosport.hr\\\/en\\\/proizvod\\\/aprilia-shiver-750-mivv-exhaust-suono-slip-on-black-silencers-2008-2016\\\/#primaryimage\"},\"image\":{\"@id\":\"https:\\\/\\\/rapidomotosport.hr\\\/en\\\/proizvod\\\/aprilia-shiver-750-mivv-exhaust-suono-slip-on-black-silencers-2008-2016\\\/#primaryimage\"},\"thumbnailUrl\":\"https:\\\/\\\/rapidomotosport.hr\\\/wp-content\\\/uploads\\\/2025\\\/11\\\/terminali-mivv-suono-acciaio-nero-aprilia-dorsoduro-1200-2012-2016-min-2.jpg\",\"datePublished\":\"2025-11-08T11:47:14+00:00\",\"dateModified\":\"2026-04-06T20:08:32+00:00\",\"breadcrumb\":{\"@id\":\"https:\\\/\\\/rapidomotosport.hr\\\/en\\\/proizvod\\\/aprilia-shiver-750-mivv-exhaust-suono-slip-on-black-silencers-2008-2016\\\/#breadcrumb\"},\"inLanguage\":\"en-US\",\"potentialAction\":[{\"@type\":\"ReadAction\",\"target\":[\"https:\\\/\\\/rapidomotosport.hr\\\/en\\\/proizvod\\\/aprilia-shiver-750-mivv-exhaust-suono-slip-on-black-silencers-2008-2016\\\/\"]}]},{\"@type\":\"ImageObject\",\"inLanguage\":\"en-US\",\"@id\":\"https:\\\/\\\/rapidomotosport.hr\\\/en\\\/proizvod\\\/aprilia-shiver-750-mivv-exhaust-suono-slip-on-black-silencers-2008-2016\\\/#primaryimage\",\"url\":\"https:\\\/\\\/rapidomotosport.hr\\\/wp-content\\\/uploads\\\/2025\\\/11\\\/terminali-mivv-suono-acciaio-nero-aprilia-dorsoduro-1200-2012-2016-min-2.jpg\",\"contentUrl\":\"https:\\\/\\\/rapidomotosport.hr\\\/wp-content\\\/uploads\\\/2025\\\/11\\\/terminali-mivv-suono-acciaio-nero-aprilia-dorsoduro-1200-2012-2016-min-2.jpg\",\"width\":1200,\"height\":900},{\"@type\":\"BreadcrumbList\",\"@id\":\"https:\\\/\\\/rapidomotosport.hr\\\/en\\\/proizvod\\\/aprilia-shiver-750-mivv-exhaust-suono-slip-on-black-silencers-2008-2016\\\/#breadcrumb\",\"itemListElement\":[{\"@type\":\"ListItem\",\"position\":1,\"name\":\"Po\u010detna stranica\",\"item\":\"https:\\\/\\\/rapidomotosport.hr\\\/en\\\/\"},{\"@type\":\"ListItem\",\"position\":2,\"name\":\"Shop\",\"item\":\"https:\\\/\\\/rapidomotosport.hr\\\/en\\\/shop\\\/\"},{\"@type\":\"ListItem\",\"position\":3,\"name\":\"APRILIA SHIVER 750 MIVV Exhaust SUONO Slip-On Black Silencers 2008-2016\"}]},{\"@type\":\"WebSite\",\"@id\":\"https:\\\/\\\/rapidomotosport.hr\\\/en\\\/#website\",\"url\":\"https:\\\/\\\/rapidomotosport.hr\\\/en\\\/\",\"name\":\"Rapido Motosport\",\"description\":\"\",\"potentialAction\":[{\"@type\":\"SearchAction\",\"target\":{\"@type\":\"EntryPoint\",\"urlTemplate\":\"https:\\\/\\\/rapidomotosport.hr\\\/en\\\/?s={search_term_string}\"},\"query-input\":{\"@type\":\"PropertyValueSpecification\",\"valueRequired\":true,\"valueName\":\"search_term_string\"}}],\"inLanguage\":\"en-US\"}]}<\/script>\n<!-- \/ Yoast SEO plugin. -->","yoast_head_json":{"title":"APRILIA SHIVER 750 MIVV Exhaust SUONO Slip-On Black Silencers 2008-2016 - Rapido Motosport","robots":{"index":"index","follow":"follow","max-snippet":"max-snippet:-1","max-image-preview":"max-image-preview:large","max-video-preview":"max-video-preview:-1"},"canonical":"https:\/\/rapidomotosport.hr\/en\/proizvod\/aprilia-shiver-750-mivv-exhaust-suono-slip-on-black-silencers-2008-2016\/","og_locale":"en_US","og_type":"article","og_title":"APRILIA SHIVER 750 MIVV Exhaust SUONO Slip-On Black Silencers 2008-2016 - Rapido Motosport","og_description":"Izra\u0111en radi pobolj\u0161anja estetike, zvuka i performansi motocikla, Mivv slip-on ispu\u0161ni sustav nastao je iz maksimalne pa\u017enje posve\u0107ene dizajnu, s ciljem da zadovolji one koji se \u017eele istaknuti, \u010dak i izgledom vlastitog motocikla.  Linija SUONO predstavlja savr\u0161enu sintezu izme\u0111u estetike, inovacije i primijenjene tehnologije. Pri njenom projektiranju odabrani su najbolji materijali kako bi se proizvodu osigurala maksimalna lako\u0107a.  U potpunosti izra\u0111en od bru\u0161enog nehr\u0111aju\u0107eg \u010delika otpornog na visoke temperature, ovaj prigu\u0161iva\u010d idealan je za ljubitelje dvaju kota\u010da koji ne \u017eele odustati od dizajna.","og_url":"https:\/\/rapidomotosport.hr\/en\/proizvod\/aprilia-shiver-750-mivv-exhaust-suono-slip-on-black-silencers-2008-2016\/","og_site_name":"Rapido Motosport","article_modified_time":"2026-04-06T20:08:32+00:00","og_image":[{"width":1200,"height":900,"url":"https:\/\/rapidomotosport.hr\/wp-content\/uploads\/2025\/11\/terminali-mivv-suono-acciaio-nero-aprilia-dorsoduro-1200-2012-2016-min-2.jpg","type":"image\/jpeg"}],"twitter_card":"summary_large_image","twitter_misc":{"Est. reading time":"1 minute"},"schema":{"@context":"https:\/\/schema.org","@graph":[{"@type":"WebPage","@id":"https:\/\/rapidomotosport.hr\/en\/proizvod\/aprilia-shiver-750-mivv-exhaust-suono-slip-on-black-silencers-2008-2016\/","url":"https:\/\/rapidomotosport.hr\/en\/proizvod\/aprilia-shiver-750-mivv-exhaust-suono-slip-on-black-silencers-2008-2016\/","name":"APRILIA SHIVER 750 MIVV Exhaust SUONO Slip-On Black Silencers 2008-2016 - Rapido Motosport","isPartOf":{"@id":"https:\/\/rapidomotosport.hr\/en\/#website"},"primaryImageOfPage":{"@id":"https:\/\/rapidomotosport.hr\/en\/proizvod\/aprilia-shiver-750-mivv-exhaust-suono-slip-on-black-silencers-2008-2016\/#primaryimage"},"image":{"@id":"https:\/\/rapidomotosport.hr\/en\/proizvod\/aprilia-shiver-750-mivv-exhaust-suono-slip-on-black-silencers-2008-2016\/#primaryimage"},"thumbnailUrl":"https:\/\/rapidomotosport.hr\/wp-content\/uploads\/2025\/11\/terminali-mivv-suono-acciaio-nero-aprilia-dorsoduro-1200-2012-2016-min-2.jpg","datePublished":"2025-11-08T11:47:14+00:00","dateModified":"2026-04-06T20:08:32+00:00","breadcrumb":{"@id":"https:\/\/rapidomotosport.hr\/en\/proizvod\/aprilia-shiver-750-mivv-exhaust-suono-slip-on-black-silencers-2008-2016\/#breadcrumb"},"inLanguage":"en-US","potentialAction":[{"@type":"ReadAction","target":["https:\/\/rapidomotosport.hr\/en\/proizvod\/aprilia-shiver-750-mivv-exhaust-suono-slip-on-black-silencers-2008-2016\/"]}]},{"@type":"ImageObject","inLanguage":"en-US","@id":"https:\/\/rapidomotosport.hr\/en\/proizvod\/aprilia-shiver-750-mivv-exhaust-suono-slip-on-black-silencers-2008-2016\/#primaryimage","url":"https:\/\/rapidomotosport.hr\/wp-content\/uploads\/2025\/11\/terminali-mivv-suono-acciaio-nero-aprilia-dorsoduro-1200-2012-2016-min-2.jpg","contentUrl":"https:\/\/rapidomotosport.hr\/wp-content\/uploads\/2025\/11\/terminali-mivv-suono-acciaio-nero-aprilia-dorsoduro-1200-2012-2016-min-2.jpg","width":1200,"height":900},{"@type":"BreadcrumbList","@id":"https:\/\/rapidomotosport.hr\/en\/proizvod\/aprilia-shiver-750-mivv-exhaust-suono-slip-on-black-silencers-2008-2016\/#breadcrumb","itemListElement":[{"@type":"ListItem","position":1,"name":"Po\u010detna stranica","item":"https:\/\/rapidomotosport.hr\/en\/"},{"@type":"ListItem","position":2,"name":"Shop","item":"https:\/\/rapidomotosport.hr\/en\/shop\/"},{"@type":"ListItem","position":3,"name":"APRILIA SHIVER 750 MIVV Exhaust SUONO Slip-On Black Silencers 2008-2016"}]},{"@type":"WebSite","@id":"https:\/\/rapidomotosport.hr\/en\/#website","url":"https:\/\/rapidomotosport.hr\/en\/","name":"Rapido Motosport","description":"","potentialAction":[{"@type":"SearchAction","target":{"@type":"EntryPoint","urlTemplate":"https:\/\/rapidomotosport.hr\/en\/?s={search_term_string}"},"query-input":{"@type":"PropertyValueSpecification","valueRequired":true,"valueName":"search_term_string"}}],"inLanguage":"en-US"}]}},"_links":{"self":[{"href":"https:\/\/rapidomotosport.hr\/en\/wp-json\/wp\/v2\/product\/25518","targetHints":{"allow":["GET"]}}],"collection":[{"href":"https:\/\/rapidomotosport.hr\/en\/wp-json\/wp\/v2\/product"}],"about":[{"href":"https:\/\/rapidomotosport.hr\/en\/wp-json\/wp\/v2\/types\/product"}],"wp:featuredmedia":[{"embeddable":true,"href":"https:\/\/rapidomotosport.hr\/en\/wp-json\/wp\/v2\/media\/25519"}],"wp:attachment":[{"href":"https:\/\/rapidomotosport.hr\/en\/wp-json\/wp\/v2\/media?parent=25518"}],"wp:term":[{"taxonomy":"product_brand","embeddable":true,"href":"https:\/\/rapidomotosport.hr\/en\/wp-json\/wp\/v2\/product_brand?post=25518"},{"taxonomy":"product_cat","embeddable":true,"href":"https:\/\/rapidomotosport.hr\/en\/wp-json\/wp\/v2\/product_cat?post=25518"},{"taxonomy":"product_tag","embeddable":true,"href":"https:\/\/rapidomotosport.hr\/en\/wp-json\/wp\/v2\/product_tag?post=25518"}],"curies":[{"name":"wp","href":"https:\/\/api.w.org\/{rel}","templated":true}]}}