{"id":26328,"date":"2025-11-11T00:44:30","date_gmt":"2025-11-10T23:44:30","guid":{"rendered":"https:\/\/rapidomotosport.hr\/?post_type=product&#038;p=26328"},"modified":"2026-04-16T20:47:39","modified_gmt":"2026-04-16T18:47:39","slug":"bmw-f-850-gs-akrapovic-slip-on-line-titanium-2018-2023","status":"publish","type":"product","link":"https:\/\/rapidomotosport.hr\/en\/proizvod\/bmw-f-850-gs-akrapovic-slip-on-line-titanium-2018-2023\/","title":{"rendered":"BMW F 850 GS Akrapovi\u010d Slip-On Line (Titanium) 2018-2023"},"content":{"rendered":"","protected":false},"excerpt":{"rendered":"<p>Izra\u0111en od visokokvalitetnog nehr\u0111aju\u0107eg \u010delika, ovaj ispu\u0161ni sustav ima lagani vanjski omota\u010d prigu\u0161iva\u010da od titana te je dovr\u0161en ru\u010dno izra\u0111enim zavr\u0161etkom od karbonskih vlakana. Izgledom je profinjen i sportski, s crnim premazom i ugraviranim Akrapovi\u010d logotipom unutar potpuno novog reljefnog otiska, osmi\u0161ljenog kako bi se postigla elegantna i vizualno atraktivna zavr\u0161na obrada. U usporedbi sa serijskim sustavom smanjuje masu za vi\u0161e od 38 %, \u010dime se pobolj\u0161ava upravljivost na svim podlogama. Dublji i sportskiji Akrapovi\u010d zvuk savr\u0161eno je uskla\u0111en s okretnim dvocilindri\u010dnim motorom. Ugradnja je jednostavna, bez potrebe za remapiranjem, sustav je EC i ECE homologiran te u potpunosti kompatibilan s originalnim bo\u010dnim kov\u010dezima marke BMW.<\/p>\n","protected":false},"featured_media":3579,"template":"","meta":[],"product_brand":[],"product_cat":[17,19],"product_tag":[],"class_list":{"0":"post-26328","1":"product","2":"type-product","3":"status-publish","4":"has-post-thumbnail","6":"product_cat-ispusni-sustavi","7":"product_cat-bmw","9":"first","10":"instock","11":"sale","12":"shipping-taxable","13":"purchasable","14":"product-type-simple"},"yoast_head":"<!-- This site is optimized with the Yoast SEO plugin v27.5 - https:\/\/yoast.com\/product\/yoast-seo-wordpress\/ -->\n<title>BMW F 850 GS Akrapovi\u010d Slip-On Line (Titanium) 2018-2023 - Rapido Motosport<\/title>\n<meta name=\"robots\" content=\"index, follow, max-snippet:-1, max-image-preview:large, max-video-preview:-1\" \/>\n<link rel=\"canonical\" href=\"https:\/\/rapidomotosport.hr\/en\/proizvod\/bmw-f-850-gs-akrapovic-slip-on-line-titanium-2018-2023\/\" \/>\n<meta property=\"og:locale\" content=\"en_US\" \/>\n<meta property=\"og:type\" content=\"article\" \/>\n<meta property=\"og:title\" content=\"BMW F 850 GS Akrapovi\u010d Slip-On Line (Titanium) 2018-2023 - Rapido Motosport\" \/>\n<meta property=\"og:description\" content=\"Izra\u0111en od visokokvalitetnog nehr\u0111aju\u0107eg \u010delika, ovaj ispu\u0161ni sustav ima lagani vanjski omota\u010d prigu\u0161iva\u010da od titana te je dovr\u0161en ru\u010dno izra\u0111enim zavr\u0161etkom od karbonskih vlakana. Izgledom je profinjen i sportski, s crnim premazom i ugraviranim Akrapovi\u010d logotipom unutar potpuno novog reljefnog otiska, osmi\u0161ljenog kako bi se postigla elegantna i vizualno atraktivna zavr\u0161na obrada. U usporedbi sa serijskim sustavom smanjuje masu za vi\u0161e od 38 %, \u010dime se pobolj\u0161ava upravljivost na svim podlogama. Dublji i sportskiji Akrapovi\u010d zvuk savr\u0161eno je uskla\u0111en s okretnim dvocilindri\u010dnim motorom. Ugradnja je jednostavna, bez potrebe za remapiranjem, sustav je EC i ECE homologiran te u potpunosti kompatibilan s originalnim bo\u010dnim kov\u010dezima marke BMW.\" \/>\n<meta property=\"og:url\" content=\"https:\/\/rapidomotosport.hr\/en\/proizvod\/bmw-f-850-gs-akrapovic-slip-on-line-titanium-2018-2023\/\" \/>\n<meta property=\"og:site_name\" content=\"Rapido Motosport\" \/>\n<meta property=\"article:modified_time\" content=\"2026-04-16T18:47:39+00:00\" \/>\n<meta property=\"og:image\" content=\"https:\/\/rapidomotosport.hr\/wp-content\/uploads\/2025\/01\/6cad4f8f-1f69-4a64-be20-fa35141ed4f5-min-2.png\" \/>\n\t<meta property=\"og:image:width\" content=\"2362\" \/>\n\t<meta property=\"og:image:height\" content=\"1772\" \/>\n\t<meta property=\"og:image:type\" content=\"image\/png\" \/>\n<meta name=\"twitter:card\" content=\"summary_large_image\" \/>\n<meta name=\"twitter:label1\" content=\"Est. reading time\" \/>\n\t<meta name=\"twitter:data1\" content=\"1 minute\" \/>\n<script type=\"application\/ld+json\" class=\"yoast-schema-graph\">{\"@context\":\"https:\\\/\\\/schema.org\",\"@graph\":[{\"@type\":\"WebPage\",\"@id\":\"https:\\\/\\\/rapidomotosport.hr\\\/en\\\/proizvod\\\/bmw-f-850-gs-akrapovic-slip-on-line-titanium-2018-2023\\\/\",\"url\":\"https:\\\/\\\/rapidomotosport.hr\\\/en\\\/proizvod\\\/bmw-f-850-gs-akrapovic-slip-on-line-titanium-2018-2023\\\/\",\"name\":\"BMW F 850 GS Akrapovi\u010d Slip-On Line (Titanium) 2018-2023 - Rapido Motosport\",\"isPartOf\":{\"@id\":\"https:\\\/\\\/rapidomotosport.hr\\\/en\\\/#website\"},\"primaryImageOfPage\":{\"@id\":\"https:\\\/\\\/rapidomotosport.hr\\\/en\\\/proizvod\\\/bmw-f-850-gs-akrapovic-slip-on-line-titanium-2018-2023\\\/#primaryimage\"},\"image\":{\"@id\":\"https:\\\/\\\/rapidomotosport.hr\\\/en\\\/proizvod\\\/bmw-f-850-gs-akrapovic-slip-on-line-titanium-2018-2023\\\/#primaryimage\"},\"thumbnailUrl\":\"https:\\\/\\\/rapidomotosport.hr\\\/wp-content\\\/uploads\\\/2025\\\/01\\\/6cad4f8f-1f69-4a64-be20-fa35141ed4f5-min-2.png\",\"datePublished\":\"2025-11-10T23:44:30+00:00\",\"dateModified\":\"2026-04-16T18:47:39+00:00\",\"breadcrumb\":{\"@id\":\"https:\\\/\\\/rapidomotosport.hr\\\/en\\\/proizvod\\\/bmw-f-850-gs-akrapovic-slip-on-line-titanium-2018-2023\\\/#breadcrumb\"},\"inLanguage\":\"en-US\",\"potentialAction\":[{\"@type\":\"ReadAction\",\"target\":[\"https:\\\/\\\/rapidomotosport.hr\\\/en\\\/proizvod\\\/bmw-f-850-gs-akrapovic-slip-on-line-titanium-2018-2023\\\/\"]}]},{\"@type\":\"ImageObject\",\"inLanguage\":\"en-US\",\"@id\":\"https:\\\/\\\/rapidomotosport.hr\\\/en\\\/proizvod\\\/bmw-f-850-gs-akrapovic-slip-on-line-titanium-2018-2023\\\/#primaryimage\",\"url\":\"https:\\\/\\\/rapidomotosport.hr\\\/wp-content\\\/uploads\\\/2025\\\/01\\\/6cad4f8f-1f69-4a64-be20-fa35141ed4f5-min-2.png\",\"contentUrl\":\"https:\\\/\\\/rapidomotosport.hr\\\/wp-content\\\/uploads\\\/2025\\\/01\\\/6cad4f8f-1f69-4a64-be20-fa35141ed4f5-min-2.png\",\"width\":2362,\"height\":1772},{\"@type\":\"BreadcrumbList\",\"@id\":\"https:\\\/\\\/rapidomotosport.hr\\\/en\\\/proizvod\\\/bmw-f-850-gs-akrapovic-slip-on-line-titanium-2018-2023\\\/#breadcrumb\",\"itemListElement\":[{\"@type\":\"ListItem\",\"position\":1,\"name\":\"Po\u010detna stranica\",\"item\":\"https:\\\/\\\/rapidomotosport.hr\\\/en\\\/\"},{\"@type\":\"ListItem\",\"position\":2,\"name\":\"Shop\",\"item\":\"https:\\\/\\\/rapidomotosport.hr\\\/en\\\/shop\\\/\"},{\"@type\":\"ListItem\",\"position\":3,\"name\":\"BMW F 850 GS Akrapovi\u010d Slip-On Line (Titanium) 2018-2023\"}]},{\"@type\":\"WebSite\",\"@id\":\"https:\\\/\\\/rapidomotosport.hr\\\/en\\\/#website\",\"url\":\"https:\\\/\\\/rapidomotosport.hr\\\/en\\\/\",\"name\":\"Rapido Motosport\",\"description\":\"\",\"potentialAction\":[{\"@type\":\"SearchAction\",\"target\":{\"@type\":\"EntryPoint\",\"urlTemplate\":\"https:\\\/\\\/rapidomotosport.hr\\\/en\\\/?s={search_term_string}\"},\"query-input\":{\"@type\":\"PropertyValueSpecification\",\"valueRequired\":true,\"valueName\":\"search_term_string\"}}],\"inLanguage\":\"en-US\"}]}<\/script>\n<!-- \/ Yoast SEO plugin. -->","yoast_head_json":{"title":"BMW F 850 GS Akrapovi\u010d Slip-On Line (Titanium) 2018-2023 - Rapido Motosport","robots":{"index":"index","follow":"follow","max-snippet":"max-snippet:-1","max-image-preview":"max-image-preview:large","max-video-preview":"max-video-preview:-1"},"canonical":"https:\/\/rapidomotosport.hr\/en\/proizvod\/bmw-f-850-gs-akrapovic-slip-on-line-titanium-2018-2023\/","og_locale":"en_US","og_type":"article","og_title":"BMW F 850 GS Akrapovi\u010d Slip-On Line (Titanium) 2018-2023 - Rapido Motosport","og_description":"Izra\u0111en od visokokvalitetnog nehr\u0111aju\u0107eg \u010delika, ovaj ispu\u0161ni sustav ima lagani vanjski omota\u010d prigu\u0161iva\u010da od titana te je dovr\u0161en ru\u010dno izra\u0111enim zavr\u0161etkom od karbonskih vlakana. Izgledom je profinjen i sportski, s crnim premazom i ugraviranim Akrapovi\u010d logotipom unutar potpuno novog reljefnog otiska, osmi\u0161ljenog kako bi se postigla elegantna i vizualno atraktivna zavr\u0161na obrada. U usporedbi sa serijskim sustavom smanjuje masu za vi\u0161e od 38 %, \u010dime se pobolj\u0161ava upravljivost na svim podlogama. Dublji i sportskiji Akrapovi\u010d zvuk savr\u0161eno je uskla\u0111en s okretnim dvocilindri\u010dnim motorom. Ugradnja je jednostavna, bez potrebe za remapiranjem, sustav je EC i ECE homologiran te u potpunosti kompatibilan s originalnim bo\u010dnim kov\u010dezima marke BMW.","og_url":"https:\/\/rapidomotosport.hr\/en\/proizvod\/bmw-f-850-gs-akrapovic-slip-on-line-titanium-2018-2023\/","og_site_name":"Rapido Motosport","article_modified_time":"2026-04-16T18:47:39+00:00","og_image":[{"width":2362,"height":1772,"url":"https:\/\/rapidomotosport.hr\/wp-content\/uploads\/2025\/01\/6cad4f8f-1f69-4a64-be20-fa35141ed4f5-min-2.png","type":"image\/png"}],"twitter_card":"summary_large_image","twitter_misc":{"Est. reading time":"1 minute"},"schema":{"@context":"https:\/\/schema.org","@graph":[{"@type":"WebPage","@id":"https:\/\/rapidomotosport.hr\/en\/proizvod\/bmw-f-850-gs-akrapovic-slip-on-line-titanium-2018-2023\/","url":"https:\/\/rapidomotosport.hr\/en\/proizvod\/bmw-f-850-gs-akrapovic-slip-on-line-titanium-2018-2023\/","name":"BMW F 850 GS Akrapovi\u010d Slip-On Line (Titanium) 2018-2023 - Rapido Motosport","isPartOf":{"@id":"https:\/\/rapidomotosport.hr\/en\/#website"},"primaryImageOfPage":{"@id":"https:\/\/rapidomotosport.hr\/en\/proizvod\/bmw-f-850-gs-akrapovic-slip-on-line-titanium-2018-2023\/#primaryimage"},"image":{"@id":"https:\/\/rapidomotosport.hr\/en\/proizvod\/bmw-f-850-gs-akrapovic-slip-on-line-titanium-2018-2023\/#primaryimage"},"thumbnailUrl":"https:\/\/rapidomotosport.hr\/wp-content\/uploads\/2025\/01\/6cad4f8f-1f69-4a64-be20-fa35141ed4f5-min-2.png","datePublished":"2025-11-10T23:44:30+00:00","dateModified":"2026-04-16T18:47:39+00:00","breadcrumb":{"@id":"https:\/\/rapidomotosport.hr\/en\/proizvod\/bmw-f-850-gs-akrapovic-slip-on-line-titanium-2018-2023\/#breadcrumb"},"inLanguage":"en-US","potentialAction":[{"@type":"ReadAction","target":["https:\/\/rapidomotosport.hr\/en\/proizvod\/bmw-f-850-gs-akrapovic-slip-on-line-titanium-2018-2023\/"]}]},{"@type":"ImageObject","inLanguage":"en-US","@id":"https:\/\/rapidomotosport.hr\/en\/proizvod\/bmw-f-850-gs-akrapovic-slip-on-line-titanium-2018-2023\/#primaryimage","url":"https:\/\/rapidomotosport.hr\/wp-content\/uploads\/2025\/01\/6cad4f8f-1f69-4a64-be20-fa35141ed4f5-min-2.png","contentUrl":"https:\/\/rapidomotosport.hr\/wp-content\/uploads\/2025\/01\/6cad4f8f-1f69-4a64-be20-fa35141ed4f5-min-2.png","width":2362,"height":1772},{"@type":"BreadcrumbList","@id":"https:\/\/rapidomotosport.hr\/en\/proizvod\/bmw-f-850-gs-akrapovic-slip-on-line-titanium-2018-2023\/#breadcrumb","itemListElement":[{"@type":"ListItem","position":1,"name":"Po\u010detna stranica","item":"https:\/\/rapidomotosport.hr\/en\/"},{"@type":"ListItem","position":2,"name":"Shop","item":"https:\/\/rapidomotosport.hr\/en\/shop\/"},{"@type":"ListItem","position":3,"name":"BMW F 850 GS Akrapovi\u010d Slip-On Line (Titanium) 2018-2023"}]},{"@type":"WebSite","@id":"https:\/\/rapidomotosport.hr\/en\/#website","url":"https:\/\/rapidomotosport.hr\/en\/","name":"Rapido Motosport","description":"","potentialAction":[{"@type":"SearchAction","target":{"@type":"EntryPoint","urlTemplate":"https:\/\/rapidomotosport.hr\/en\/?s={search_term_string}"},"query-input":{"@type":"PropertyValueSpecification","valueRequired":true,"valueName":"search_term_string"}}],"inLanguage":"en-US"}]}},"_links":{"self":[{"href":"https:\/\/rapidomotosport.hr\/en\/wp-json\/wp\/v2\/product\/26328","targetHints":{"allow":["GET"]}}],"collection":[{"href":"https:\/\/rapidomotosport.hr\/en\/wp-json\/wp\/v2\/product"}],"about":[{"href":"https:\/\/rapidomotosport.hr\/en\/wp-json\/wp\/v2\/types\/product"}],"wp:featuredmedia":[{"embeddable":true,"href":"https:\/\/rapidomotosport.hr\/en\/wp-json\/wp\/v2\/media\/3579"}],"wp:attachment":[{"href":"https:\/\/rapidomotosport.hr\/en\/wp-json\/wp\/v2\/media?parent=26328"}],"wp:term":[{"taxonomy":"product_brand","embeddable":true,"href":"https:\/\/rapidomotosport.hr\/en\/wp-json\/wp\/v2\/product_brand?post=26328"},{"taxonomy":"product_cat","embeddable":true,"href":"https:\/\/rapidomotosport.hr\/en\/wp-json\/wp\/v2\/product_cat?post=26328"},{"taxonomy":"product_tag","embeddable":true,"href":"https:\/\/rapidomotosport.hr\/en\/wp-json\/wp\/v2\/product_tag?post=26328"}],"curies":[{"name":"wp","href":"https:\/\/api.w.org\/{rel}","templated":true}]}}