{"id":3305,"date":"2025-01-10T18:23:54","date_gmt":"2025-01-10T17:23:54","guid":{"rendered":"https:\/\/rapidomotosport.hr\/?post_type=product&#038;p=3305"},"modified":"2026-04-06T21:26:27","modified_gmt":"2026-04-06T19:26:27","slug":"aprilia-rsv4-akrapovic-slip-on-line-carbon-2021-2024","status":"publish","type":"product","link":"https:\/\/rapidomotosport.hr\/en\/proizvod\/aprilia-rsv4-akrapovic-slip-on-line-carbon-2021-2024\/","title":{"rendered":"APRILIA RSV4 Akrapovi\u010d Slip-On Line (Carbon) 2021-2024"},"content":{"rendered":"","protected":false},"excerpt":{"rendered":"<p class=\"p1\"><span class=\"s1\">Materijali dokazani na utrkama i sportski dizajn doveli su do ispu\u0161nog sustava koji je savr\u0161en uvod u proces pode\u0161avanja ispuha. Vanjska obloga prigu\u0161iva\u010da i zavr\u0161ni poklopac od karbonskih vlakana elegantno su oblikovani za vizualni dojam, dok uporaba laganog titana za spojnu cijev i unutarnju strukturu smanjuje te\u017einu sustava za 3,5 kg u odnosu na originalni sustav, \u0161to predstavlja impresivnu u\u0161tedu od 62,4%.<\/span><\/p>\n<p class=\"p1\"><span class=\"s1\">Ovaj je ispu\u0161ni sustav razvijen za kori\u0161tenje na natjecateljskim stazama zatvorenog tipa, a pru\u017ea performanse koje odgovaraju tim zahtjevima. Snaga se pove\u0107ava za 3,6 kW (4,9 KS) na 13.000 okr\/min, a okretni moment za 4,5 Nm na 7.600 okr\/min, prema usporednim testovima na Akrapovi\u010d dyno stanici s Aprilia RSV4 s originalnim ispu\u0161nim sustavom.<\/span><\/p>\n<p class=\"p1\"><span class=\"s1\">Kako bi odgovarao performansama i stilu, Slip-On Line (Carbon) sustav donosi dubok i izra\u017eajan zvuk, pun Akrapovi\u010d karaktera, koji u potpunosti oslikava Aprilia motor.<\/span><\/p>\n<p class=\"p1\"><span class=\"s1\">Za postizanje optimalnih performansi, odziva na gas i trajnosti, obavezno je remapiranje.<\/span><\/p>\n<p class=\"p1\"><span class=\"s2\">NAPOMENA: NIJE HOMOLOGIRANO<\/span><\/p>\n","protected":false},"featured_media":3306,"template":"","meta":[],"product_brand":[],"product_cat":[17,18],"product_tag":[],"class_list":{"0":"post-3305","1":"product","2":"type-product","3":"status-publish","4":"has-post-thumbnail","6":"product_cat-ispusni-sustavi","7":"product_cat-aprilia","9":"first","10":"instock","11":"sale","12":"shipping-taxable","13":"purchasable","14":"product-type-simple"},"yoast_head":"<!-- This site is optimized with the Yoast SEO plugin v27.5 - https:\/\/yoast.com\/product\/yoast-seo-wordpress\/ -->\n<title>APRILIA RSV4 Akrapovi\u010d Slip-On Line (Carbon) 2021-2024 - Rapido Motosport<\/title>\n<meta name=\"robots\" content=\"index, follow, max-snippet:-1, max-image-preview:large, max-video-preview:-1\" \/>\n<link rel=\"canonical\" href=\"https:\/\/rapidomotosport.hr\/en\/proizvod\/aprilia-rsv4-akrapovic-slip-on-line-carbon-2021-2024\/\" \/>\n<meta property=\"og:locale\" content=\"en_US\" \/>\n<meta property=\"og:type\" content=\"article\" \/>\n<meta property=\"og:title\" content=\"APRILIA RSV4 Akrapovi\u010d Slip-On Line (Carbon) 2021-2024 - Rapido Motosport\" \/>\n<meta property=\"og:description\" content=\"Materijali dokazani na utrkama i sportski dizajn doveli su do ispu\u0161nog sustava koji je savr\u0161en uvod u proces pode\u0161avanja ispuha. Vanjska obloga prigu\u0161iva\u010da i zavr\u0161ni poklopac od karbonskih vlakana elegantno su oblikovani za vizualni dojam, dok uporaba laganog titana za spojnu cijev i unutarnju strukturu smanjuje te\u017einu sustava za 3,5 kg u odnosu na originalni sustav, \u0161to predstavlja impresivnu u\u0161tedu od 62,4%. Ovaj je ispu\u0161ni sustav razvijen za kori\u0161tenje na natjecateljskim stazama zatvorenog tipa, a pru\u017ea performanse koje odgovaraju tim zahtjevima. Snaga se pove\u0107ava za 3,6 kW (4,9 KS) na 13.000 okr\/min, a okretni moment za 4,5 Nm na 7.600 okr\/min, prema usporednim testovima na Akrapovi\u010d dyno stanici s Aprilia RSV4 s originalnim ispu\u0161nim sustavom. Kako bi odgovarao performansama i stilu, Slip-On Line (Carbon) sustav donosi dubok i izra\u017eajan zvuk, pun Akrapovi\u010d karaktera, koji u potpunosti oslikava Aprilia motor. Za postizanje optimalnih performansi, odziva na gas i trajnosti, obavezno je remapiranje. NAPOMENA: NIJE HOMOLOGIRANO\" \/>\n<meta property=\"og:url\" content=\"https:\/\/rapidomotosport.hr\/en\/proizvod\/aprilia-rsv4-akrapovic-slip-on-line-carbon-2021-2024\/\" \/>\n<meta property=\"og:site_name\" content=\"Rapido Motosport\" \/>\n<meta property=\"article:modified_time\" content=\"2026-04-06T19:26:27+00:00\" \/>\n<meta property=\"og:image\" content=\"https:\/\/rapidomotosport.hr\/wp-content\/uploads\/2025\/01\/6e70ca2d-b845-4966-a54a-4c02264256bb-min.png\" \/>\n\t<meta property=\"og:image:width\" content=\"1056\" \/>\n\t<meta property=\"og:image:height\" content=\"594\" \/>\n\t<meta property=\"og:image:type\" content=\"image\/png\" \/>\n<meta name=\"twitter:card\" content=\"summary_large_image\" \/>\n<meta name=\"twitter:label1\" content=\"Est. reading time\" \/>\n\t<meta name=\"twitter:data1\" content=\"1 minute\" \/>\n<script type=\"application\/ld+json\" class=\"yoast-schema-graph\">{\"@context\":\"https:\\\/\\\/schema.org\",\"@graph\":[{\"@type\":\"WebPage\",\"@id\":\"https:\\\/\\\/rapidomotosport.hr\\\/en\\\/proizvod\\\/aprilia-rsv4-akrapovic-slip-on-line-carbon-2021-2024\\\/\",\"url\":\"https:\\\/\\\/rapidomotosport.hr\\\/en\\\/proizvod\\\/aprilia-rsv4-akrapovic-slip-on-line-carbon-2021-2024\\\/\",\"name\":\"APRILIA RSV4 Akrapovi\u010d Slip-On Line (Carbon) 2021-2024 - Rapido Motosport\",\"isPartOf\":{\"@id\":\"https:\\\/\\\/rapidomotosport.hr\\\/en\\\/#website\"},\"primaryImageOfPage\":{\"@id\":\"https:\\\/\\\/rapidomotosport.hr\\\/en\\\/proizvod\\\/aprilia-rsv4-akrapovic-slip-on-line-carbon-2021-2024\\\/#primaryimage\"},\"image\":{\"@id\":\"https:\\\/\\\/rapidomotosport.hr\\\/en\\\/proizvod\\\/aprilia-rsv4-akrapovic-slip-on-line-carbon-2021-2024\\\/#primaryimage\"},\"thumbnailUrl\":\"https:\\\/\\\/rapidomotosport.hr\\\/wp-content\\\/uploads\\\/2025\\\/01\\\/6e70ca2d-b845-4966-a54a-4c02264256bb-min.png\",\"datePublished\":\"2025-01-10T17:23:54+00:00\",\"dateModified\":\"2026-04-06T19:26:27+00:00\",\"breadcrumb\":{\"@id\":\"https:\\\/\\\/rapidomotosport.hr\\\/en\\\/proizvod\\\/aprilia-rsv4-akrapovic-slip-on-line-carbon-2021-2024\\\/#breadcrumb\"},\"inLanguage\":\"en-US\",\"potentialAction\":[{\"@type\":\"ReadAction\",\"target\":[\"https:\\\/\\\/rapidomotosport.hr\\\/en\\\/proizvod\\\/aprilia-rsv4-akrapovic-slip-on-line-carbon-2021-2024\\\/\"]}]},{\"@type\":\"ImageObject\",\"inLanguage\":\"en-US\",\"@id\":\"https:\\\/\\\/rapidomotosport.hr\\\/en\\\/proizvod\\\/aprilia-rsv4-akrapovic-slip-on-line-carbon-2021-2024\\\/#primaryimage\",\"url\":\"https:\\\/\\\/rapidomotosport.hr\\\/wp-content\\\/uploads\\\/2025\\\/01\\\/6e70ca2d-b845-4966-a54a-4c02264256bb-min.png\",\"contentUrl\":\"https:\\\/\\\/rapidomotosport.hr\\\/wp-content\\\/uploads\\\/2025\\\/01\\\/6e70ca2d-b845-4966-a54a-4c02264256bb-min.png\",\"width\":1056,\"height\":594},{\"@type\":\"BreadcrumbList\",\"@id\":\"https:\\\/\\\/rapidomotosport.hr\\\/en\\\/proizvod\\\/aprilia-rsv4-akrapovic-slip-on-line-carbon-2021-2024\\\/#breadcrumb\",\"itemListElement\":[{\"@type\":\"ListItem\",\"position\":1,\"name\":\"Po\u010detna stranica\",\"item\":\"https:\\\/\\\/rapidomotosport.hr\\\/en\\\/\"},{\"@type\":\"ListItem\",\"position\":2,\"name\":\"Shop\",\"item\":\"https:\\\/\\\/rapidomotosport.hr\\\/en\\\/shop\\\/\"},{\"@type\":\"ListItem\",\"position\":3,\"name\":\"APRILIA RSV4 Akrapovi\u010d Slip-On Line (Carbon) 2021-2024\"}]},{\"@type\":\"WebSite\",\"@id\":\"https:\\\/\\\/rapidomotosport.hr\\\/en\\\/#website\",\"url\":\"https:\\\/\\\/rapidomotosport.hr\\\/en\\\/\",\"name\":\"Rapido Motosport\",\"description\":\"\",\"potentialAction\":[{\"@type\":\"SearchAction\",\"target\":{\"@type\":\"EntryPoint\",\"urlTemplate\":\"https:\\\/\\\/rapidomotosport.hr\\\/en\\\/?s={search_term_string}\"},\"query-input\":{\"@type\":\"PropertyValueSpecification\",\"valueRequired\":true,\"valueName\":\"search_term_string\"}}],\"inLanguage\":\"en-US\"}]}<\/script>\n<!-- \/ Yoast SEO plugin. -->","yoast_head_json":{"title":"APRILIA RSV4 Akrapovi\u010d Slip-On Line (Carbon) 2021-2024 - Rapido Motosport","robots":{"index":"index","follow":"follow","max-snippet":"max-snippet:-1","max-image-preview":"max-image-preview:large","max-video-preview":"max-video-preview:-1"},"canonical":"https:\/\/rapidomotosport.hr\/en\/proizvod\/aprilia-rsv4-akrapovic-slip-on-line-carbon-2021-2024\/","og_locale":"en_US","og_type":"article","og_title":"APRILIA RSV4 Akrapovi\u010d Slip-On Line (Carbon) 2021-2024 - Rapido Motosport","og_description":"Materijali dokazani na utrkama i sportski dizajn doveli su do ispu\u0161nog sustava koji je savr\u0161en uvod u proces pode\u0161avanja ispuha. Vanjska obloga prigu\u0161iva\u010da i zavr\u0161ni poklopac od karbonskih vlakana elegantno su oblikovani za vizualni dojam, dok uporaba laganog titana za spojnu cijev i unutarnju strukturu smanjuje te\u017einu sustava za 3,5 kg u odnosu na originalni sustav, \u0161to predstavlja impresivnu u\u0161tedu od 62,4%. Ovaj je ispu\u0161ni sustav razvijen za kori\u0161tenje na natjecateljskim stazama zatvorenog tipa, a pru\u017ea performanse koje odgovaraju tim zahtjevima. Snaga se pove\u0107ava za 3,6 kW (4,9 KS) na 13.000 okr\/min, a okretni moment za 4,5 Nm na 7.600 okr\/min, prema usporednim testovima na Akrapovi\u010d dyno stanici s Aprilia RSV4 s originalnim ispu\u0161nim sustavom. Kako bi odgovarao performansama i stilu, Slip-On Line (Carbon) sustav donosi dubok i izra\u017eajan zvuk, pun Akrapovi\u010d karaktera, koji u potpunosti oslikava Aprilia motor. Za postizanje optimalnih performansi, odziva na gas i trajnosti, obavezno je remapiranje. NAPOMENA: NIJE HOMOLOGIRANO","og_url":"https:\/\/rapidomotosport.hr\/en\/proizvod\/aprilia-rsv4-akrapovic-slip-on-line-carbon-2021-2024\/","og_site_name":"Rapido Motosport","article_modified_time":"2026-04-06T19:26:27+00:00","og_image":[{"width":1056,"height":594,"url":"https:\/\/rapidomotosport.hr\/wp-content\/uploads\/2025\/01\/6e70ca2d-b845-4966-a54a-4c02264256bb-min.png","type":"image\/png"}],"twitter_card":"summary_large_image","twitter_misc":{"Est. reading time":"1 minute"},"schema":{"@context":"https:\/\/schema.org","@graph":[{"@type":"WebPage","@id":"https:\/\/rapidomotosport.hr\/en\/proizvod\/aprilia-rsv4-akrapovic-slip-on-line-carbon-2021-2024\/","url":"https:\/\/rapidomotosport.hr\/en\/proizvod\/aprilia-rsv4-akrapovic-slip-on-line-carbon-2021-2024\/","name":"APRILIA RSV4 Akrapovi\u010d Slip-On Line (Carbon) 2021-2024 - Rapido Motosport","isPartOf":{"@id":"https:\/\/rapidomotosport.hr\/en\/#website"},"primaryImageOfPage":{"@id":"https:\/\/rapidomotosport.hr\/en\/proizvod\/aprilia-rsv4-akrapovic-slip-on-line-carbon-2021-2024\/#primaryimage"},"image":{"@id":"https:\/\/rapidomotosport.hr\/en\/proizvod\/aprilia-rsv4-akrapovic-slip-on-line-carbon-2021-2024\/#primaryimage"},"thumbnailUrl":"https:\/\/rapidomotosport.hr\/wp-content\/uploads\/2025\/01\/6e70ca2d-b845-4966-a54a-4c02264256bb-min.png","datePublished":"2025-01-10T17:23:54+00:00","dateModified":"2026-04-06T19:26:27+00:00","breadcrumb":{"@id":"https:\/\/rapidomotosport.hr\/en\/proizvod\/aprilia-rsv4-akrapovic-slip-on-line-carbon-2021-2024\/#breadcrumb"},"inLanguage":"en-US","potentialAction":[{"@type":"ReadAction","target":["https:\/\/rapidomotosport.hr\/en\/proizvod\/aprilia-rsv4-akrapovic-slip-on-line-carbon-2021-2024\/"]}]},{"@type":"ImageObject","inLanguage":"en-US","@id":"https:\/\/rapidomotosport.hr\/en\/proizvod\/aprilia-rsv4-akrapovic-slip-on-line-carbon-2021-2024\/#primaryimage","url":"https:\/\/rapidomotosport.hr\/wp-content\/uploads\/2025\/01\/6e70ca2d-b845-4966-a54a-4c02264256bb-min.png","contentUrl":"https:\/\/rapidomotosport.hr\/wp-content\/uploads\/2025\/01\/6e70ca2d-b845-4966-a54a-4c02264256bb-min.png","width":1056,"height":594},{"@type":"BreadcrumbList","@id":"https:\/\/rapidomotosport.hr\/en\/proizvod\/aprilia-rsv4-akrapovic-slip-on-line-carbon-2021-2024\/#breadcrumb","itemListElement":[{"@type":"ListItem","position":1,"name":"Po\u010detna stranica","item":"https:\/\/rapidomotosport.hr\/en\/"},{"@type":"ListItem","position":2,"name":"Shop","item":"https:\/\/rapidomotosport.hr\/en\/shop\/"},{"@type":"ListItem","position":3,"name":"APRILIA RSV4 Akrapovi\u010d Slip-On Line (Carbon) 2021-2024"}]},{"@type":"WebSite","@id":"https:\/\/rapidomotosport.hr\/en\/#website","url":"https:\/\/rapidomotosport.hr\/en\/","name":"Rapido Motosport","description":"","potentialAction":[{"@type":"SearchAction","target":{"@type":"EntryPoint","urlTemplate":"https:\/\/rapidomotosport.hr\/en\/?s={search_term_string}"},"query-input":{"@type":"PropertyValueSpecification","valueRequired":true,"valueName":"search_term_string"}}],"inLanguage":"en-US"}]}},"_links":{"self":[{"href":"https:\/\/rapidomotosport.hr\/en\/wp-json\/wp\/v2\/product\/3305","targetHints":{"allow":["GET"]}}],"collection":[{"href":"https:\/\/rapidomotosport.hr\/en\/wp-json\/wp\/v2\/product"}],"about":[{"href":"https:\/\/rapidomotosport.hr\/en\/wp-json\/wp\/v2\/types\/product"}],"wp:featuredmedia":[{"embeddable":true,"href":"https:\/\/rapidomotosport.hr\/en\/wp-json\/wp\/v2\/media\/3306"}],"wp:attachment":[{"href":"https:\/\/rapidomotosport.hr\/en\/wp-json\/wp\/v2\/media?parent=3305"}],"wp:term":[{"taxonomy":"product_brand","embeddable":true,"href":"https:\/\/rapidomotosport.hr\/en\/wp-json\/wp\/v2\/product_brand?post=3305"},{"taxonomy":"product_cat","embeddable":true,"href":"https:\/\/rapidomotosport.hr\/en\/wp-json\/wp\/v2\/product_cat?post=3305"},{"taxonomy":"product_tag","embeddable":true,"href":"https:\/\/rapidomotosport.hr\/en\/wp-json\/wp\/v2\/product_tag?post=3305"}],"curies":[{"name":"wp","href":"https:\/\/api.w.org\/{rel}","templated":true}]}}