{"id":3345,"date":"2025-01-10T18:53:30","date_gmt":"2025-01-10T17:53:30","guid":{"rendered":"https:\/\/rapidomotosport.hr\/?post_type=product&#038;p=3345"},"modified":"2026-04-07T00:14:34","modified_gmt":"2026-04-06T22:14:34","slug":"aprilia-tuareg-660-akrapovic-slip-on-line-titanium-2022-2024","status":"publish","type":"product","link":"https:\/\/rapidomotosport.hr\/en\/proizvod\/aprilia-tuareg-660-akrapovic-slip-on-line-titanium-2022-2024\/","title":{"rendered":"APRILIA TUAREG 660 Akrapovi\u010d Slip-On Line (Titanium) 2022-2026"},"content":{"rendered":"","protected":false},"excerpt":{"rendered":"<p class=\"p1\"><span class=\"s1\">Koriste\u0107i najnoviji oblik dizajna prigu\u0161iva\u010da iz Adventure linije ispu\u0161nih sustava, ovaj je sustav izra\u0111en od visokokvalitetnog laganog titana za vanjsku oblogu prigu\u0161iva\u010da, sa spojnom cijevi i unutarnjom strukturom prigu\u0161iva\u010da od nehr\u0111aju\u0107eg \u010delika, \u0161to smanjuje te\u017einu za 1,9 kg (36,5%) u usporedbi s originalnim sustavom. Ispu\u0161ni sustav tako\u0111er uklju\u010duje ru\u010dno izra\u0111eni zavr\u0161ni poklopac i toplinski \u0161tit od karbonskih vlakana, koji pru\u017eaju dodatnu za\u0161titu voza\u010deve opreme. Ovi elementi savr\u0161eno upotpunjuju izgled ispuha, koji je dodatno ukra\u0161en atraktivnom monokromatskom Akrapovi\u010d naljepnicom.<\/span><\/p>\n<p class=\"p1\"><span class=\"s1\">Testiran na Akrapovi\u010d dyno stanici u usporedbi s Aprilia Tuareg 660 s originalnim ispu\u0161nim sustavom, postignut je porast snage od 0,9 kW (1,2 KS) i okretnog momenta od 2,1 Nm, oba na 4.800 okr\/min, \u0161to donosi pobolj\u0161ane performanse, savr\u0161en odziv na gas i bolju voznost. Ovaj ispu\u0161ni sustav pru\u017ea dubok, sportski i izra\u017eajan zvuk, ima EC\/ECE homologaciju i ne zahtijeva remapiranje \u2013 jednostavno je plug-and-play instalacija.<\/span><\/p>\n<p class=\"p1\"><span class=\"s1\">Ovaj ispu\u0161ni sustav mo\u017ee se dodatno unaprijediti opcionalnim granama (SS) za one koji tra\u017ee ve\u0107e performanse i jedinstveno zvu\u010dno iskustvo Akrapovi\u010d ispuha. Instalacijom opcionalnih grana (SS) EC\/ECE homologacija Slip-On Line (Titanium) postaje neva\u017ee\u0107a.<\/span><\/p>\n","protected":false},"featured_media":3346,"template":"","meta":[],"product_brand":[],"product_cat":[17,18],"product_tag":[],"class_list":{"0":"post-3345","1":"product","2":"type-product","3":"status-publish","4":"has-post-thumbnail","6":"product_cat-ispusni-sustavi","7":"product_cat-aprilia","9":"first","10":"instock","11":"sale","12":"shipping-taxable","13":"purchasable","14":"product-type-simple"},"yoast_head":"<!-- This site is optimized with the Yoast SEO plugin v27.5 - https:\/\/yoast.com\/product\/yoast-seo-wordpress\/ -->\n<title>APRILIA TUAREG 660 Akrapovi\u010d Slip-On Line (Titanium) 2022-2026 - Rapido Motosport<\/title>\n<meta name=\"robots\" content=\"index, follow, max-snippet:-1, max-image-preview:large, max-video-preview:-1\" \/>\n<link rel=\"canonical\" href=\"https:\/\/rapidomotosport.hr\/en\/proizvod\/aprilia-tuareg-660-akrapovic-slip-on-line-titanium-2022-2024\/\" \/>\n<meta property=\"og:locale\" content=\"en_US\" \/>\n<meta property=\"og:type\" content=\"article\" \/>\n<meta property=\"og:title\" content=\"APRILIA TUAREG 660 Akrapovi\u010d Slip-On Line (Titanium) 2022-2026 - Rapido Motosport\" \/>\n<meta property=\"og:description\" content=\"Koriste\u0107i najnoviji oblik dizajna prigu\u0161iva\u010da iz Adventure linije ispu\u0161nih sustava, ovaj je sustav izra\u0111en od visokokvalitetnog laganog titana za vanjsku oblogu prigu\u0161iva\u010da, sa spojnom cijevi i unutarnjom strukturom prigu\u0161iva\u010da od nehr\u0111aju\u0107eg \u010delika, \u0161to smanjuje te\u017einu za 1,9 kg (36,5%) u usporedbi s originalnim sustavom. Ispu\u0161ni sustav tako\u0111er uklju\u010duje ru\u010dno izra\u0111eni zavr\u0161ni poklopac i toplinski \u0161tit od karbonskih vlakana, koji pru\u017eaju dodatnu za\u0161titu voza\u010deve opreme. Ovi elementi savr\u0161eno upotpunjuju izgled ispuha, koji je dodatno ukra\u0161en atraktivnom monokromatskom Akrapovi\u010d naljepnicom. Testiran na Akrapovi\u010d dyno stanici u usporedbi s Aprilia Tuareg 660 s originalnim ispu\u0161nim sustavom, postignut je porast snage od 0,9 kW (1,2 KS) i okretnog momenta od 2,1 Nm, oba na 4.800 okr\/min, \u0161to donosi pobolj\u0161ane performanse, savr\u0161en odziv na gas i bolju voznost. Ovaj ispu\u0161ni sustav pru\u017ea dubok, sportski i izra\u017eajan zvuk, ima EC\/ECE homologaciju i ne zahtijeva remapiranje \u2013 jednostavno je plug-and-play instalacija. Ovaj ispu\u0161ni sustav mo\u017ee se dodatno unaprijediti opcionalnim granama (SS) za one koji tra\u017ee ve\u0107e performanse i jedinstveno zvu\u010dno iskustvo Akrapovi\u010d ispuha. Instalacijom opcionalnih grana (SS) EC\/ECE homologacija Slip-On Line (Titanium) postaje neva\u017ee\u0107a.\" \/>\n<meta property=\"og:url\" content=\"https:\/\/rapidomotosport.hr\/en\/proizvod\/aprilia-tuareg-660-akrapovic-slip-on-line-titanium-2022-2024\/\" \/>\n<meta property=\"og:site_name\" content=\"Rapido Motosport\" \/>\n<meta property=\"article:modified_time\" content=\"2026-04-06T22:14:34+00:00\" \/>\n<meta property=\"og:image\" content=\"https:\/\/rapidomotosport.hr\/wp-content\/uploads\/2025\/01\/6290836a-e3f8-42b9-8035-8ff0eb9e289e-min.png\" \/>\n\t<meta property=\"og:image:width\" content=\"2362\" \/>\n\t<meta property=\"og:image:height\" content=\"1772\" \/>\n\t<meta property=\"og:image:type\" content=\"image\/png\" \/>\n<meta name=\"twitter:card\" content=\"summary_large_image\" \/>\n<meta name=\"twitter:label1\" content=\"Est. reading time\" \/>\n\t<meta name=\"twitter:data1\" content=\"1 minute\" \/>\n<script type=\"application\/ld+json\" class=\"yoast-schema-graph\">{\"@context\":\"https:\\\/\\\/schema.org\",\"@graph\":[{\"@type\":\"WebPage\",\"@id\":\"https:\\\/\\\/rapidomotosport.hr\\\/en\\\/proizvod\\\/aprilia-tuareg-660-akrapovic-slip-on-line-titanium-2022-2024\\\/\",\"url\":\"https:\\\/\\\/rapidomotosport.hr\\\/en\\\/proizvod\\\/aprilia-tuareg-660-akrapovic-slip-on-line-titanium-2022-2024\\\/\",\"name\":\"APRILIA TUAREG 660 Akrapovi\u010d Slip-On Line (Titanium) 2022-2026 - Rapido Motosport\",\"isPartOf\":{\"@id\":\"https:\\\/\\\/rapidomotosport.hr\\\/en\\\/#website\"},\"primaryImageOfPage\":{\"@id\":\"https:\\\/\\\/rapidomotosport.hr\\\/en\\\/proizvod\\\/aprilia-tuareg-660-akrapovic-slip-on-line-titanium-2022-2024\\\/#primaryimage\"},\"image\":{\"@id\":\"https:\\\/\\\/rapidomotosport.hr\\\/en\\\/proizvod\\\/aprilia-tuareg-660-akrapovic-slip-on-line-titanium-2022-2024\\\/#primaryimage\"},\"thumbnailUrl\":\"https:\\\/\\\/rapidomotosport.hr\\\/wp-content\\\/uploads\\\/2025\\\/01\\\/6290836a-e3f8-42b9-8035-8ff0eb9e289e-min.png\",\"datePublished\":\"2025-01-10T17:53:30+00:00\",\"dateModified\":\"2026-04-06T22:14:34+00:00\",\"breadcrumb\":{\"@id\":\"https:\\\/\\\/rapidomotosport.hr\\\/en\\\/proizvod\\\/aprilia-tuareg-660-akrapovic-slip-on-line-titanium-2022-2024\\\/#breadcrumb\"},\"inLanguage\":\"en-US\",\"potentialAction\":[{\"@type\":\"ReadAction\",\"target\":[\"https:\\\/\\\/rapidomotosport.hr\\\/en\\\/proizvod\\\/aprilia-tuareg-660-akrapovic-slip-on-line-titanium-2022-2024\\\/\"]}]},{\"@type\":\"ImageObject\",\"inLanguage\":\"en-US\",\"@id\":\"https:\\\/\\\/rapidomotosport.hr\\\/en\\\/proizvod\\\/aprilia-tuareg-660-akrapovic-slip-on-line-titanium-2022-2024\\\/#primaryimage\",\"url\":\"https:\\\/\\\/rapidomotosport.hr\\\/wp-content\\\/uploads\\\/2025\\\/01\\\/6290836a-e3f8-42b9-8035-8ff0eb9e289e-min.png\",\"contentUrl\":\"https:\\\/\\\/rapidomotosport.hr\\\/wp-content\\\/uploads\\\/2025\\\/01\\\/6290836a-e3f8-42b9-8035-8ff0eb9e289e-min.png\",\"width\":2362,\"height\":1772},{\"@type\":\"BreadcrumbList\",\"@id\":\"https:\\\/\\\/rapidomotosport.hr\\\/en\\\/proizvod\\\/aprilia-tuareg-660-akrapovic-slip-on-line-titanium-2022-2024\\\/#breadcrumb\",\"itemListElement\":[{\"@type\":\"ListItem\",\"position\":1,\"name\":\"Po\u010detna stranica\",\"item\":\"https:\\\/\\\/rapidomotosport.hr\\\/en\\\/\"},{\"@type\":\"ListItem\",\"position\":2,\"name\":\"Shop\",\"item\":\"https:\\\/\\\/rapidomotosport.hr\\\/en\\\/shop\\\/\"},{\"@type\":\"ListItem\",\"position\":3,\"name\":\"APRILIA TUAREG 660 Akrapovi\u010d Slip-On Line (Titanium) 2022-2026\"}]},{\"@type\":\"WebSite\",\"@id\":\"https:\\\/\\\/rapidomotosport.hr\\\/en\\\/#website\",\"url\":\"https:\\\/\\\/rapidomotosport.hr\\\/en\\\/\",\"name\":\"Rapido Motosport\",\"description\":\"\",\"potentialAction\":[{\"@type\":\"SearchAction\",\"target\":{\"@type\":\"EntryPoint\",\"urlTemplate\":\"https:\\\/\\\/rapidomotosport.hr\\\/en\\\/?s={search_term_string}\"},\"query-input\":{\"@type\":\"PropertyValueSpecification\",\"valueRequired\":true,\"valueName\":\"search_term_string\"}}],\"inLanguage\":\"en-US\"}]}<\/script>\n<!-- \/ Yoast SEO plugin. -->","yoast_head_json":{"title":"APRILIA TUAREG 660 Akrapovi\u010d Slip-On Line (Titanium) 2022-2026 - Rapido Motosport","robots":{"index":"index","follow":"follow","max-snippet":"max-snippet:-1","max-image-preview":"max-image-preview:large","max-video-preview":"max-video-preview:-1"},"canonical":"https:\/\/rapidomotosport.hr\/en\/proizvod\/aprilia-tuareg-660-akrapovic-slip-on-line-titanium-2022-2024\/","og_locale":"en_US","og_type":"article","og_title":"APRILIA TUAREG 660 Akrapovi\u010d Slip-On Line (Titanium) 2022-2026 - Rapido Motosport","og_description":"Koriste\u0107i najnoviji oblik dizajna prigu\u0161iva\u010da iz Adventure linije ispu\u0161nih sustava, ovaj je sustav izra\u0111en od visokokvalitetnog laganog titana za vanjsku oblogu prigu\u0161iva\u010da, sa spojnom cijevi i unutarnjom strukturom prigu\u0161iva\u010da od nehr\u0111aju\u0107eg \u010delika, \u0161to smanjuje te\u017einu za 1,9 kg (36,5%) u usporedbi s originalnim sustavom. Ispu\u0161ni sustav tako\u0111er uklju\u010duje ru\u010dno izra\u0111eni zavr\u0161ni poklopac i toplinski \u0161tit od karbonskih vlakana, koji pru\u017eaju dodatnu za\u0161titu voza\u010deve opreme. Ovi elementi savr\u0161eno upotpunjuju izgled ispuha, koji je dodatno ukra\u0161en atraktivnom monokromatskom Akrapovi\u010d naljepnicom. Testiran na Akrapovi\u010d dyno stanici u usporedbi s Aprilia Tuareg 660 s originalnim ispu\u0161nim sustavom, postignut je porast snage od 0,9 kW (1,2 KS) i okretnog momenta od 2,1 Nm, oba na 4.800 okr\/min, \u0161to donosi pobolj\u0161ane performanse, savr\u0161en odziv na gas i bolju voznost. Ovaj ispu\u0161ni sustav pru\u017ea dubok, sportski i izra\u017eajan zvuk, ima EC\/ECE homologaciju i ne zahtijeva remapiranje \u2013 jednostavno je plug-and-play instalacija. Ovaj ispu\u0161ni sustav mo\u017ee se dodatno unaprijediti opcionalnim granama (SS) za one koji tra\u017ee ve\u0107e performanse i jedinstveno zvu\u010dno iskustvo Akrapovi\u010d ispuha. Instalacijom opcionalnih grana (SS) EC\/ECE homologacija Slip-On Line (Titanium) postaje neva\u017ee\u0107a.","og_url":"https:\/\/rapidomotosport.hr\/en\/proizvod\/aprilia-tuareg-660-akrapovic-slip-on-line-titanium-2022-2024\/","og_site_name":"Rapido Motosport","article_modified_time":"2026-04-06T22:14:34+00:00","og_image":[{"width":2362,"height":1772,"url":"https:\/\/rapidomotosport.hr\/wp-content\/uploads\/2025\/01\/6290836a-e3f8-42b9-8035-8ff0eb9e289e-min.png","type":"image\/png"}],"twitter_card":"summary_large_image","twitter_misc":{"Est. reading time":"1 minute"},"schema":{"@context":"https:\/\/schema.org","@graph":[{"@type":"WebPage","@id":"https:\/\/rapidomotosport.hr\/en\/proizvod\/aprilia-tuareg-660-akrapovic-slip-on-line-titanium-2022-2024\/","url":"https:\/\/rapidomotosport.hr\/en\/proizvod\/aprilia-tuareg-660-akrapovic-slip-on-line-titanium-2022-2024\/","name":"APRILIA TUAREG 660 Akrapovi\u010d Slip-On Line (Titanium) 2022-2026 - Rapido Motosport","isPartOf":{"@id":"https:\/\/rapidomotosport.hr\/en\/#website"},"primaryImageOfPage":{"@id":"https:\/\/rapidomotosport.hr\/en\/proizvod\/aprilia-tuareg-660-akrapovic-slip-on-line-titanium-2022-2024\/#primaryimage"},"image":{"@id":"https:\/\/rapidomotosport.hr\/en\/proizvod\/aprilia-tuareg-660-akrapovic-slip-on-line-titanium-2022-2024\/#primaryimage"},"thumbnailUrl":"https:\/\/rapidomotosport.hr\/wp-content\/uploads\/2025\/01\/6290836a-e3f8-42b9-8035-8ff0eb9e289e-min.png","datePublished":"2025-01-10T17:53:30+00:00","dateModified":"2026-04-06T22:14:34+00:00","breadcrumb":{"@id":"https:\/\/rapidomotosport.hr\/en\/proizvod\/aprilia-tuareg-660-akrapovic-slip-on-line-titanium-2022-2024\/#breadcrumb"},"inLanguage":"en-US","potentialAction":[{"@type":"ReadAction","target":["https:\/\/rapidomotosport.hr\/en\/proizvod\/aprilia-tuareg-660-akrapovic-slip-on-line-titanium-2022-2024\/"]}]},{"@type":"ImageObject","inLanguage":"en-US","@id":"https:\/\/rapidomotosport.hr\/en\/proizvod\/aprilia-tuareg-660-akrapovic-slip-on-line-titanium-2022-2024\/#primaryimage","url":"https:\/\/rapidomotosport.hr\/wp-content\/uploads\/2025\/01\/6290836a-e3f8-42b9-8035-8ff0eb9e289e-min.png","contentUrl":"https:\/\/rapidomotosport.hr\/wp-content\/uploads\/2025\/01\/6290836a-e3f8-42b9-8035-8ff0eb9e289e-min.png","width":2362,"height":1772},{"@type":"BreadcrumbList","@id":"https:\/\/rapidomotosport.hr\/en\/proizvod\/aprilia-tuareg-660-akrapovic-slip-on-line-titanium-2022-2024\/#breadcrumb","itemListElement":[{"@type":"ListItem","position":1,"name":"Po\u010detna stranica","item":"https:\/\/rapidomotosport.hr\/en\/"},{"@type":"ListItem","position":2,"name":"Shop","item":"https:\/\/rapidomotosport.hr\/en\/shop\/"},{"@type":"ListItem","position":3,"name":"APRILIA TUAREG 660 Akrapovi\u010d Slip-On Line (Titanium) 2022-2026"}]},{"@type":"WebSite","@id":"https:\/\/rapidomotosport.hr\/en\/#website","url":"https:\/\/rapidomotosport.hr\/en\/","name":"Rapido Motosport","description":"","potentialAction":[{"@type":"SearchAction","target":{"@type":"EntryPoint","urlTemplate":"https:\/\/rapidomotosport.hr\/en\/?s={search_term_string}"},"query-input":{"@type":"PropertyValueSpecification","valueRequired":true,"valueName":"search_term_string"}}],"inLanguage":"en-US"}]}},"_links":{"self":[{"href":"https:\/\/rapidomotosport.hr\/en\/wp-json\/wp\/v2\/product\/3345","targetHints":{"allow":["GET"]}}],"collection":[{"href":"https:\/\/rapidomotosport.hr\/en\/wp-json\/wp\/v2\/product"}],"about":[{"href":"https:\/\/rapidomotosport.hr\/en\/wp-json\/wp\/v2\/types\/product"}],"wp:featuredmedia":[{"embeddable":true,"href":"https:\/\/rapidomotosport.hr\/en\/wp-json\/wp\/v2\/media\/3346"}],"wp:attachment":[{"href":"https:\/\/rapidomotosport.hr\/en\/wp-json\/wp\/v2\/media?parent=3345"}],"wp:term":[{"taxonomy":"product_brand","embeddable":true,"href":"https:\/\/rapidomotosport.hr\/en\/wp-json\/wp\/v2\/product_brand?post=3345"},{"taxonomy":"product_cat","embeddable":true,"href":"https:\/\/rapidomotosport.hr\/en\/wp-json\/wp\/v2\/product_cat?post=3345"},{"taxonomy":"product_tag","embeddable":true,"href":"https:\/\/rapidomotosport.hr\/en\/wp-json\/wp\/v2\/product_tag?post=3345"}],"curies":[{"name":"wp","href":"https:\/\/api.w.org\/{rel}","templated":true}]}}