{"id":3358,"date":"2025-01-10T18:56:58","date_gmt":"2025-01-10T17:56:58","guid":{"rendered":"https:\/\/rapidomotosport.hr\/?post_type=product&#038;p=3358"},"modified":"2026-01-15T10:20:38","modified_gmt":"2026-01-15T09:20:38","slug":"aprilia-tuareg-660-akrapovic-optional-header-ss-2022-2024","status":"publish","type":"product","link":"https:\/\/rapidomotosport.hr\/en\/proizvod\/aprilia-tuareg-660-akrapovic-optional-header-ss-2022-2024\/","title":{"rendered":"APRILIA TUAREG 660 Akrapovi\u010d Optional Header (SS) 2022-2024"},"content":{"rendered":"","protected":false},"excerpt":{"rendered":"<p class=\"p1\"><span class=\"s1\">Namijenjeni vlasnicima koji tra\u017ee pove\u0107anje performansi i smanjenje te\u017eine, ovi visokokvalitetni headeri od nehr\u0111aju\u0107eg \u010delika imaju ve\u0107i promjer cijevi u odnosu na standardne, a za razliku od standardne verzije, nemaju kataliti\u010dki konverter. Razvijeni isklju\u010divo za kori\u0161tenje na natjecateljskim stazama zatvorenog tipa, ovaj trka\u010dki dio smanjuje te\u017einu za 2,9 kg (56,8%) u odnosu na standardne header-e.<\/span><\/p>\n<p class=\"p1\"><span class=\"s1\">Testirani na Akrapovi\u010d dyno stanici u kombinaciji s Slip-On Line (Titanium) ispu\u0161nim sustavom, u usporedbi s Aprilia Tuareg 660 s originalnim ispu\u0161nim sustavom, postignut je dodatni porast snage od 4,2 kW (5,7 KS) na 9.500 okr\/min i pove\u0107anje okretnog momenta od 4,9 Nm na 4.800 okr\/min, uz dubok trka\u0107i zvuk. Za ovaj plug-and-play nadogradnju nije potrebno remapiranje.<\/span><\/p>\n<p>NAPOMENA: NIJE HOMOLOGIRANO<\/p>\n","protected":false},"featured_media":3359,"template":"","meta":[],"product_brand":[],"product_cat":[17],"product_tag":[],"class_list":{"0":"post-3358","1":"product","2":"type-product","3":"status-publish","4":"has-post-thumbnail","6":"product_cat-ispusni-sustavi","8":"first","9":"instock","10":"sale","11":"shipping-taxable","12":"purchasable","13":"product-type-simple"},"yoast_head":"<!-- This site is optimized with the Yoast SEO plugin v27.5 - https:\/\/yoast.com\/product\/yoast-seo-wordpress\/ -->\n<title>APRILIA TUAREG 660 Akrapovi\u010d Optional Header (SS) 2022-2024 - Rapido Motosport<\/title>\n<meta name=\"robots\" content=\"index, follow, max-snippet:-1, max-image-preview:large, max-video-preview:-1\" \/>\n<link rel=\"canonical\" href=\"https:\/\/rapidomotosport.hr\/en\/proizvod\/aprilia-tuareg-660-akrapovic-optional-header-ss-2022-2024\/\" \/>\n<meta property=\"og:locale\" content=\"en_US\" \/>\n<meta property=\"og:type\" content=\"article\" \/>\n<meta property=\"og:title\" content=\"APRILIA TUAREG 660 Akrapovi\u010d Optional Header (SS) 2022-2024 - Rapido Motosport\" \/>\n<meta property=\"og:description\" content=\"Namijenjeni vlasnicima koji tra\u017ee pove\u0107anje performansi i smanjenje te\u017eine, ovi visokokvalitetni headeri od nehr\u0111aju\u0107eg \u010delika imaju ve\u0107i promjer cijevi u odnosu na standardne, a za razliku od standardne verzije, nemaju kataliti\u010dki konverter. Razvijeni isklju\u010divo za kori\u0161tenje na natjecateljskim stazama zatvorenog tipa, ovaj trka\u010dki dio smanjuje te\u017einu za 2,9 kg (56,8%) u odnosu na standardne header-e. Testirani na Akrapovi\u010d dyno stanici u kombinaciji s Slip-On Line (Titanium) ispu\u0161nim sustavom, u usporedbi s Aprilia Tuareg 660 s originalnim ispu\u0161nim sustavom, postignut je dodatni porast snage od 4,2 kW (5,7 KS) na 9.500 okr\/min i pove\u0107anje okretnog momenta od 4,9 Nm na 4.800 okr\/min, uz dubok trka\u0107i zvuk. Za ovaj plug-and-play nadogradnju nije potrebno remapiranje. NAPOMENA: NIJE HOMOLOGIRANO\" \/>\n<meta property=\"og:url\" content=\"https:\/\/rapidomotosport.hr\/en\/proizvod\/aprilia-tuareg-660-akrapovic-optional-header-ss-2022-2024\/\" \/>\n<meta property=\"og:site_name\" content=\"Rapido Motosport\" \/>\n<meta property=\"article:modified_time\" content=\"2026-01-15T09:20:38+00:00\" \/>\n<meta property=\"og:image\" content=\"https:\/\/rapidomotosport.hr\/wp-content\/uploads\/2025\/01\/c9ab4e4d-8b08-4e73-959a-c4d756f7c051-min.png\" \/>\n\t<meta property=\"og:image:width\" content=\"2362\" \/>\n\t<meta property=\"og:image:height\" content=\"1772\" \/>\n\t<meta property=\"og:image:type\" content=\"image\/png\" \/>\n<meta name=\"twitter:card\" content=\"summary_large_image\" \/>\n<meta name=\"twitter:label1\" content=\"Est. reading time\" \/>\n\t<meta name=\"twitter:data1\" content=\"1 minute\" \/>\n<script type=\"application\/ld+json\" class=\"yoast-schema-graph\">{\"@context\":\"https:\\\/\\\/schema.org\",\"@graph\":[{\"@type\":\"WebPage\",\"@id\":\"https:\\\/\\\/rapidomotosport.hr\\\/en\\\/proizvod\\\/aprilia-tuareg-660-akrapovic-optional-header-ss-2022-2024\\\/\",\"url\":\"https:\\\/\\\/rapidomotosport.hr\\\/en\\\/proizvod\\\/aprilia-tuareg-660-akrapovic-optional-header-ss-2022-2024\\\/\",\"name\":\"APRILIA TUAREG 660 Akrapovi\u010d Optional Header (SS) 2022-2024 - Rapido Motosport\",\"isPartOf\":{\"@id\":\"https:\\\/\\\/rapidomotosport.hr\\\/en\\\/#website\"},\"primaryImageOfPage\":{\"@id\":\"https:\\\/\\\/rapidomotosport.hr\\\/en\\\/proizvod\\\/aprilia-tuareg-660-akrapovic-optional-header-ss-2022-2024\\\/#primaryimage\"},\"image\":{\"@id\":\"https:\\\/\\\/rapidomotosport.hr\\\/en\\\/proizvod\\\/aprilia-tuareg-660-akrapovic-optional-header-ss-2022-2024\\\/#primaryimage\"},\"thumbnailUrl\":\"https:\\\/\\\/rapidomotosport.hr\\\/wp-content\\\/uploads\\\/2025\\\/01\\\/c9ab4e4d-8b08-4e73-959a-c4d756f7c051-min.png\",\"datePublished\":\"2025-01-10T17:56:58+00:00\",\"dateModified\":\"2026-01-15T09:20:38+00:00\",\"breadcrumb\":{\"@id\":\"https:\\\/\\\/rapidomotosport.hr\\\/en\\\/proizvod\\\/aprilia-tuareg-660-akrapovic-optional-header-ss-2022-2024\\\/#breadcrumb\"},\"inLanguage\":\"en-US\",\"potentialAction\":[{\"@type\":\"ReadAction\",\"target\":[\"https:\\\/\\\/rapidomotosport.hr\\\/en\\\/proizvod\\\/aprilia-tuareg-660-akrapovic-optional-header-ss-2022-2024\\\/\"]}]},{\"@type\":\"ImageObject\",\"inLanguage\":\"en-US\",\"@id\":\"https:\\\/\\\/rapidomotosport.hr\\\/en\\\/proizvod\\\/aprilia-tuareg-660-akrapovic-optional-header-ss-2022-2024\\\/#primaryimage\",\"url\":\"https:\\\/\\\/rapidomotosport.hr\\\/wp-content\\\/uploads\\\/2025\\\/01\\\/c9ab4e4d-8b08-4e73-959a-c4d756f7c051-min.png\",\"contentUrl\":\"https:\\\/\\\/rapidomotosport.hr\\\/wp-content\\\/uploads\\\/2025\\\/01\\\/c9ab4e4d-8b08-4e73-959a-c4d756f7c051-min.png\",\"width\":2362,\"height\":1772},{\"@type\":\"BreadcrumbList\",\"@id\":\"https:\\\/\\\/rapidomotosport.hr\\\/en\\\/proizvod\\\/aprilia-tuareg-660-akrapovic-optional-header-ss-2022-2024\\\/#breadcrumb\",\"itemListElement\":[{\"@type\":\"ListItem\",\"position\":1,\"name\":\"Po\u010detna stranica\",\"item\":\"https:\\\/\\\/rapidomotosport.hr\\\/en\\\/\"},{\"@type\":\"ListItem\",\"position\":2,\"name\":\"Shop\",\"item\":\"https:\\\/\\\/rapidomotosport.hr\\\/en\\\/shop\\\/\"},{\"@type\":\"ListItem\",\"position\":3,\"name\":\"APRILIA TUAREG 660 Akrapovi\u010d Optional Header (SS) 2022-2024\"}]},{\"@type\":\"WebSite\",\"@id\":\"https:\\\/\\\/rapidomotosport.hr\\\/en\\\/#website\",\"url\":\"https:\\\/\\\/rapidomotosport.hr\\\/en\\\/\",\"name\":\"Rapido Motosport\",\"description\":\"\",\"potentialAction\":[{\"@type\":\"SearchAction\",\"target\":{\"@type\":\"EntryPoint\",\"urlTemplate\":\"https:\\\/\\\/rapidomotosport.hr\\\/en\\\/?s={search_term_string}\"},\"query-input\":{\"@type\":\"PropertyValueSpecification\",\"valueRequired\":true,\"valueName\":\"search_term_string\"}}],\"inLanguage\":\"en-US\"}]}<\/script>\n<!-- \/ Yoast SEO plugin. -->","yoast_head_json":{"title":"APRILIA TUAREG 660 Akrapovi\u010d Optional Header (SS) 2022-2024 - Rapido Motosport","robots":{"index":"index","follow":"follow","max-snippet":"max-snippet:-1","max-image-preview":"max-image-preview:large","max-video-preview":"max-video-preview:-1"},"canonical":"https:\/\/rapidomotosport.hr\/en\/proizvod\/aprilia-tuareg-660-akrapovic-optional-header-ss-2022-2024\/","og_locale":"en_US","og_type":"article","og_title":"APRILIA TUAREG 660 Akrapovi\u010d Optional Header (SS) 2022-2024 - Rapido Motosport","og_description":"Namijenjeni vlasnicima koji tra\u017ee pove\u0107anje performansi i smanjenje te\u017eine, ovi visokokvalitetni headeri od nehr\u0111aju\u0107eg \u010delika imaju ve\u0107i promjer cijevi u odnosu na standardne, a za razliku od standardne verzije, nemaju kataliti\u010dki konverter. Razvijeni isklju\u010divo za kori\u0161tenje na natjecateljskim stazama zatvorenog tipa, ovaj trka\u010dki dio smanjuje te\u017einu za 2,9 kg (56,8%) u odnosu na standardne header-e. Testirani na Akrapovi\u010d dyno stanici u kombinaciji s Slip-On Line (Titanium) ispu\u0161nim sustavom, u usporedbi s Aprilia Tuareg 660 s originalnim ispu\u0161nim sustavom, postignut je dodatni porast snage od 4,2 kW (5,7 KS) na 9.500 okr\/min i pove\u0107anje okretnog momenta od 4,9 Nm na 4.800 okr\/min, uz dubok trka\u0107i zvuk. Za ovaj plug-and-play nadogradnju nije potrebno remapiranje. NAPOMENA: NIJE HOMOLOGIRANO","og_url":"https:\/\/rapidomotosport.hr\/en\/proizvod\/aprilia-tuareg-660-akrapovic-optional-header-ss-2022-2024\/","og_site_name":"Rapido Motosport","article_modified_time":"2026-01-15T09:20:38+00:00","og_image":[{"width":2362,"height":1772,"url":"https:\/\/rapidomotosport.hr\/wp-content\/uploads\/2025\/01\/c9ab4e4d-8b08-4e73-959a-c4d756f7c051-min.png","type":"image\/png"}],"twitter_card":"summary_large_image","twitter_misc":{"Est. reading time":"1 minute"},"schema":{"@context":"https:\/\/schema.org","@graph":[{"@type":"WebPage","@id":"https:\/\/rapidomotosport.hr\/en\/proizvod\/aprilia-tuareg-660-akrapovic-optional-header-ss-2022-2024\/","url":"https:\/\/rapidomotosport.hr\/en\/proizvod\/aprilia-tuareg-660-akrapovic-optional-header-ss-2022-2024\/","name":"APRILIA TUAREG 660 Akrapovi\u010d Optional Header (SS) 2022-2024 - Rapido Motosport","isPartOf":{"@id":"https:\/\/rapidomotosport.hr\/en\/#website"},"primaryImageOfPage":{"@id":"https:\/\/rapidomotosport.hr\/en\/proizvod\/aprilia-tuareg-660-akrapovic-optional-header-ss-2022-2024\/#primaryimage"},"image":{"@id":"https:\/\/rapidomotosport.hr\/en\/proizvod\/aprilia-tuareg-660-akrapovic-optional-header-ss-2022-2024\/#primaryimage"},"thumbnailUrl":"https:\/\/rapidomotosport.hr\/wp-content\/uploads\/2025\/01\/c9ab4e4d-8b08-4e73-959a-c4d756f7c051-min.png","datePublished":"2025-01-10T17:56:58+00:00","dateModified":"2026-01-15T09:20:38+00:00","breadcrumb":{"@id":"https:\/\/rapidomotosport.hr\/en\/proizvod\/aprilia-tuareg-660-akrapovic-optional-header-ss-2022-2024\/#breadcrumb"},"inLanguage":"en-US","potentialAction":[{"@type":"ReadAction","target":["https:\/\/rapidomotosport.hr\/en\/proizvod\/aprilia-tuareg-660-akrapovic-optional-header-ss-2022-2024\/"]}]},{"@type":"ImageObject","inLanguage":"en-US","@id":"https:\/\/rapidomotosport.hr\/en\/proizvod\/aprilia-tuareg-660-akrapovic-optional-header-ss-2022-2024\/#primaryimage","url":"https:\/\/rapidomotosport.hr\/wp-content\/uploads\/2025\/01\/c9ab4e4d-8b08-4e73-959a-c4d756f7c051-min.png","contentUrl":"https:\/\/rapidomotosport.hr\/wp-content\/uploads\/2025\/01\/c9ab4e4d-8b08-4e73-959a-c4d756f7c051-min.png","width":2362,"height":1772},{"@type":"BreadcrumbList","@id":"https:\/\/rapidomotosport.hr\/en\/proizvod\/aprilia-tuareg-660-akrapovic-optional-header-ss-2022-2024\/#breadcrumb","itemListElement":[{"@type":"ListItem","position":1,"name":"Po\u010detna stranica","item":"https:\/\/rapidomotosport.hr\/en\/"},{"@type":"ListItem","position":2,"name":"Shop","item":"https:\/\/rapidomotosport.hr\/en\/shop\/"},{"@type":"ListItem","position":3,"name":"APRILIA TUAREG 660 Akrapovi\u010d Optional Header (SS) 2022-2024"}]},{"@type":"WebSite","@id":"https:\/\/rapidomotosport.hr\/en\/#website","url":"https:\/\/rapidomotosport.hr\/en\/","name":"Rapido Motosport","description":"","potentialAction":[{"@type":"SearchAction","target":{"@type":"EntryPoint","urlTemplate":"https:\/\/rapidomotosport.hr\/en\/?s={search_term_string}"},"query-input":{"@type":"PropertyValueSpecification","valueRequired":true,"valueName":"search_term_string"}}],"inLanguage":"en-US"}]}},"_links":{"self":[{"href":"https:\/\/rapidomotosport.hr\/en\/wp-json\/wp\/v2\/product\/3358","targetHints":{"allow":["GET"]}}],"collection":[{"href":"https:\/\/rapidomotosport.hr\/en\/wp-json\/wp\/v2\/product"}],"about":[{"href":"https:\/\/rapidomotosport.hr\/en\/wp-json\/wp\/v2\/types\/product"}],"wp:featuredmedia":[{"embeddable":true,"href":"https:\/\/rapidomotosport.hr\/en\/wp-json\/wp\/v2\/media\/3359"}],"wp:attachment":[{"href":"https:\/\/rapidomotosport.hr\/en\/wp-json\/wp\/v2\/media?parent=3358"}],"wp:term":[{"taxonomy":"product_brand","embeddable":true,"href":"https:\/\/rapidomotosport.hr\/en\/wp-json\/wp\/v2\/product_brand?post=3358"},{"taxonomy":"product_cat","embeddable":true,"href":"https:\/\/rapidomotosport.hr\/en\/wp-json\/wp\/v2\/product_cat?post=3358"},{"taxonomy":"product_tag","embeddable":true,"href":"https:\/\/rapidomotosport.hr\/en\/wp-json\/wp\/v2\/product_tag?post=3358"}],"curies":[{"name":"wp","href":"https:\/\/api.w.org\/{rel}","templated":true}]}}