{"id":3375,"date":"2025-01-10T19:14:39","date_gmt":"2025-01-10T18:14:39","guid":{"rendered":"https:\/\/rapidomotosport.hr\/?post_type=product&#038;p=3375"},"modified":"2026-04-07T18:00:18","modified_gmt":"2026-04-07T16:00:18","slug":"aprilia-tuono-660-akrapovic-racing-line-carbon-2021-2024-2","status":"publish","type":"product","link":"https:\/\/rapidomotosport.hr\/en\/proizvod\/aprilia-tuono-660-akrapovic-racing-line-carbon-2021-2024-2\/","title":{"rendered":"APRILIA TUONO 660 Akrapovi\u010d Racing Line (Carbon) 2021-2024"},"content":{"rendered":"","protected":false},"excerpt":{"rendered":"<p class=\"p1\"><span class=\"s1\">Dizajniran za optimizaciju snage i okretnog momenta iz 660 ccm paralelnog dvocilindri\u010dnog motora, ovaj sustav ispunjava EC\/ECE homologaciju, \u010dime je potpuno uskla\u0111en s Euro 5 normama. S katalizatorom smje\u0161tenim u prednjem dijelu pre-prigu\u0161iva\u010da, sustav osigurava potpunu uskla\u0111enost s propisima, a instalacija je plug-and-play, bez potrebe za remapiranjem.<\/span><\/p>\n<p class=\"p1\"><span class=\"s1\">Izra\u0111en od visokokvalitetnog karbonskih vlakana, laganog titana i visokokvalitetnog nehr\u0111aju\u0107eg \u010delika, sustav je stvoren kori\u0161tenjem materijala dokazano uspje\u0161nih u utrkama. Dizajniran da naglasi trka\u010dki izgled motocikla, sustav je 0,4 kg lak\u0161i od standardnog.<\/span><\/p>\n<p class=\"p1\"><span class=\"s1\">Testiranja na Akrapovi\u010d dyno stanici, u usporednim testovima motocikala opremljenih Racing Line (Carbon) ispu\u0161nim sustavom i standardnim ispu\u0161nim sustavom, pokazala su pove\u0107anje snage od 2,4 KS na 11.200 okr\/min i pove\u0107anje okretnog momenta od 3,6 Nm na 4.550 okr\/min, \u0161to voza\u010du omogu\u0107uje izra\u017eeniji odziv na gas.<\/span><\/p>\n<p class=\"p1\"><span class=\"s1\">Njegov duboki, puni i sportski zvuk, s pulsiranjem paralelnog dvocilindri\u010dnog motora, pru\u017ea osje\u0107aj vo\u017enje motocikla ve\u0107e zapremine, \u010dine\u0107i Akrapovi\u010d Racing Line (Carbon) za Aprilia RS 660 idealnim ispu\u0161nim sustavom za ovaj srednje te\u0161ki sportski motocikl.<\/span><\/p>\n","protected":false},"featured_media":3376,"template":"","meta":[],"product_brand":[],"product_cat":[17,18],"product_tag":[],"class_list":{"0":"post-3375","1":"product","2":"type-product","3":"status-publish","4":"has-post-thumbnail","6":"product_cat-ispusni-sustavi","7":"product_cat-aprilia","9":"first","10":"instock","11":"sale","12":"shipping-taxable","13":"purchasable","14":"product-type-simple"},"yoast_head":"<!-- This site is optimized with the Yoast SEO plugin v27.5 - https:\/\/yoast.com\/product\/yoast-seo-wordpress\/ -->\n<title>APRILIA TUONO 660 Akrapovi\u010d Racing Line (Carbon) 2021-2024 - Rapido Motosport<\/title>\n<meta name=\"robots\" content=\"index, follow, max-snippet:-1, max-image-preview:large, max-video-preview:-1\" \/>\n<link rel=\"canonical\" href=\"https:\/\/rapidomotosport.hr\/en\/proizvod\/aprilia-tuono-660-akrapovic-racing-line-carbon-2021-2024-2\/\" \/>\n<meta property=\"og:locale\" content=\"en_US\" \/>\n<meta property=\"og:type\" content=\"article\" \/>\n<meta property=\"og:title\" content=\"APRILIA TUONO 660 Akrapovi\u010d Racing Line (Carbon) 2021-2024 - Rapido Motosport\" \/>\n<meta property=\"og:description\" content=\"Dizajniran za optimizaciju snage i okretnog momenta iz 660 ccm paralelnog dvocilindri\u010dnog motora, ovaj sustav ispunjava EC\/ECE homologaciju, \u010dime je potpuno uskla\u0111en s Euro 5 normama. S katalizatorom smje\u0161tenim u prednjem dijelu pre-prigu\u0161iva\u010da, sustav osigurava potpunu uskla\u0111enost s propisima, a instalacija je plug-and-play, bez potrebe za remapiranjem. Izra\u0111en od visokokvalitetnog karbonskih vlakana, laganog titana i visokokvalitetnog nehr\u0111aju\u0107eg \u010delika, sustav je stvoren kori\u0161tenjem materijala dokazano uspje\u0161nih u utrkama. Dizajniran da naglasi trka\u010dki izgled motocikla, sustav je 0,4 kg lak\u0161i od standardnog. Testiranja na Akrapovi\u010d dyno stanici, u usporednim testovima motocikala opremljenih Racing Line (Carbon) ispu\u0161nim sustavom i standardnim ispu\u0161nim sustavom, pokazala su pove\u0107anje snage od 2,4 KS na 11.200 okr\/min i pove\u0107anje okretnog momenta od 3,6 Nm na 4.550 okr\/min, \u0161to voza\u010du omogu\u0107uje izra\u017eeniji odziv na gas. Njegov duboki, puni i sportski zvuk, s pulsiranjem paralelnog dvocilindri\u010dnog motora, pru\u017ea osje\u0107aj vo\u017enje motocikla ve\u0107e zapremine, \u010dine\u0107i Akrapovi\u010d Racing Line (Carbon) za Aprilia RS 660 idealnim ispu\u0161nim sustavom za ovaj srednje te\u0161ki sportski motocikl.\" \/>\n<meta property=\"og:url\" content=\"https:\/\/rapidomotosport.hr\/en\/proizvod\/aprilia-tuono-660-akrapovic-racing-line-carbon-2021-2024-2\/\" \/>\n<meta property=\"og:site_name\" content=\"Rapido Motosport\" \/>\n<meta property=\"article:modified_time\" content=\"2026-04-07T16:00:18+00:00\" \/>\n<meta property=\"og:image\" content=\"https:\/\/rapidomotosport.hr\/wp-content\/uploads\/2025\/01\/01db8fb7-cb4c-423d-bd97-2a43e3d25d49-min.png\" \/>\n\t<meta property=\"og:image:width\" content=\"2362\" \/>\n\t<meta property=\"og:image:height\" content=\"1772\" \/>\n\t<meta property=\"og:image:type\" content=\"image\/png\" \/>\n<meta name=\"twitter:card\" content=\"summary_large_image\" \/>\n<meta name=\"twitter:label1\" content=\"Est. reading time\" \/>\n\t<meta name=\"twitter:data1\" content=\"1 minute\" \/>\n<script type=\"application\/ld+json\" class=\"yoast-schema-graph\">{\"@context\":\"https:\\\/\\\/schema.org\",\"@graph\":[{\"@type\":\"WebPage\",\"@id\":\"https:\\\/\\\/rapidomotosport.hr\\\/en\\\/proizvod\\\/aprilia-tuono-660-akrapovic-racing-line-carbon-2021-2024-2\\\/\",\"url\":\"https:\\\/\\\/rapidomotosport.hr\\\/en\\\/proizvod\\\/aprilia-tuono-660-akrapovic-racing-line-carbon-2021-2024-2\\\/\",\"name\":\"APRILIA TUONO 660 Akrapovi\u010d Racing Line (Carbon) 2021-2024 - Rapido Motosport\",\"isPartOf\":{\"@id\":\"https:\\\/\\\/rapidomotosport.hr\\\/en\\\/#website\"},\"primaryImageOfPage\":{\"@id\":\"https:\\\/\\\/rapidomotosport.hr\\\/en\\\/proizvod\\\/aprilia-tuono-660-akrapovic-racing-line-carbon-2021-2024-2\\\/#primaryimage\"},\"image\":{\"@id\":\"https:\\\/\\\/rapidomotosport.hr\\\/en\\\/proizvod\\\/aprilia-tuono-660-akrapovic-racing-line-carbon-2021-2024-2\\\/#primaryimage\"},\"thumbnailUrl\":\"https:\\\/\\\/rapidomotosport.hr\\\/wp-content\\\/uploads\\\/2025\\\/01\\\/01db8fb7-cb4c-423d-bd97-2a43e3d25d49-min.png\",\"datePublished\":\"2025-01-10T18:14:39+00:00\",\"dateModified\":\"2026-04-07T16:00:18+00:00\",\"breadcrumb\":{\"@id\":\"https:\\\/\\\/rapidomotosport.hr\\\/en\\\/proizvod\\\/aprilia-tuono-660-akrapovic-racing-line-carbon-2021-2024-2\\\/#breadcrumb\"},\"inLanguage\":\"en-US\",\"potentialAction\":[{\"@type\":\"ReadAction\",\"target\":[\"https:\\\/\\\/rapidomotosport.hr\\\/en\\\/proizvod\\\/aprilia-tuono-660-akrapovic-racing-line-carbon-2021-2024-2\\\/\"]}]},{\"@type\":\"ImageObject\",\"inLanguage\":\"en-US\",\"@id\":\"https:\\\/\\\/rapidomotosport.hr\\\/en\\\/proizvod\\\/aprilia-tuono-660-akrapovic-racing-line-carbon-2021-2024-2\\\/#primaryimage\",\"url\":\"https:\\\/\\\/rapidomotosport.hr\\\/wp-content\\\/uploads\\\/2025\\\/01\\\/01db8fb7-cb4c-423d-bd97-2a43e3d25d49-min.png\",\"contentUrl\":\"https:\\\/\\\/rapidomotosport.hr\\\/wp-content\\\/uploads\\\/2025\\\/01\\\/01db8fb7-cb4c-423d-bd97-2a43e3d25d49-min.png\",\"width\":2362,\"height\":1772},{\"@type\":\"BreadcrumbList\",\"@id\":\"https:\\\/\\\/rapidomotosport.hr\\\/en\\\/proizvod\\\/aprilia-tuono-660-akrapovic-racing-line-carbon-2021-2024-2\\\/#breadcrumb\",\"itemListElement\":[{\"@type\":\"ListItem\",\"position\":1,\"name\":\"Po\u010detna stranica\",\"item\":\"https:\\\/\\\/rapidomotosport.hr\\\/en\\\/\"},{\"@type\":\"ListItem\",\"position\":2,\"name\":\"Shop\",\"item\":\"https:\\\/\\\/rapidomotosport.hr\\\/en\\\/shop\\\/\"},{\"@type\":\"ListItem\",\"position\":3,\"name\":\"APRILIA TUONO 660 Akrapovi\u010d Racing Line (Carbon) 2021-2024\"}]},{\"@type\":\"WebSite\",\"@id\":\"https:\\\/\\\/rapidomotosport.hr\\\/en\\\/#website\",\"url\":\"https:\\\/\\\/rapidomotosport.hr\\\/en\\\/\",\"name\":\"Rapido Motosport\",\"description\":\"\",\"potentialAction\":[{\"@type\":\"SearchAction\",\"target\":{\"@type\":\"EntryPoint\",\"urlTemplate\":\"https:\\\/\\\/rapidomotosport.hr\\\/en\\\/?s={search_term_string}\"},\"query-input\":{\"@type\":\"PropertyValueSpecification\",\"valueRequired\":true,\"valueName\":\"search_term_string\"}}],\"inLanguage\":\"en-US\"}]}<\/script>\n<!-- \/ Yoast SEO plugin. -->","yoast_head_json":{"title":"APRILIA TUONO 660 Akrapovi\u010d Racing Line (Carbon) 2021-2024 - Rapido Motosport","robots":{"index":"index","follow":"follow","max-snippet":"max-snippet:-1","max-image-preview":"max-image-preview:large","max-video-preview":"max-video-preview:-1"},"canonical":"https:\/\/rapidomotosport.hr\/en\/proizvod\/aprilia-tuono-660-akrapovic-racing-line-carbon-2021-2024-2\/","og_locale":"en_US","og_type":"article","og_title":"APRILIA TUONO 660 Akrapovi\u010d Racing Line (Carbon) 2021-2024 - Rapido Motosport","og_description":"Dizajniran za optimizaciju snage i okretnog momenta iz 660 ccm paralelnog dvocilindri\u010dnog motora, ovaj sustav ispunjava EC\/ECE homologaciju, \u010dime je potpuno uskla\u0111en s Euro 5 normama. S katalizatorom smje\u0161tenim u prednjem dijelu pre-prigu\u0161iva\u010da, sustav osigurava potpunu uskla\u0111enost s propisima, a instalacija je plug-and-play, bez potrebe za remapiranjem. Izra\u0111en od visokokvalitetnog karbonskih vlakana, laganog titana i visokokvalitetnog nehr\u0111aju\u0107eg \u010delika, sustav je stvoren kori\u0161tenjem materijala dokazano uspje\u0161nih u utrkama. Dizajniran da naglasi trka\u010dki izgled motocikla, sustav je 0,4 kg lak\u0161i od standardnog. Testiranja na Akrapovi\u010d dyno stanici, u usporednim testovima motocikala opremljenih Racing Line (Carbon) ispu\u0161nim sustavom i standardnim ispu\u0161nim sustavom, pokazala su pove\u0107anje snage od 2,4 KS na 11.200 okr\/min i pove\u0107anje okretnog momenta od 3,6 Nm na 4.550 okr\/min, \u0161to voza\u010du omogu\u0107uje izra\u017eeniji odziv na gas. Njegov duboki, puni i sportski zvuk, s pulsiranjem paralelnog dvocilindri\u010dnog motora, pru\u017ea osje\u0107aj vo\u017enje motocikla ve\u0107e zapremine, \u010dine\u0107i Akrapovi\u010d Racing Line (Carbon) za Aprilia RS 660 idealnim ispu\u0161nim sustavom za ovaj srednje te\u0161ki sportski motocikl.","og_url":"https:\/\/rapidomotosport.hr\/en\/proizvod\/aprilia-tuono-660-akrapovic-racing-line-carbon-2021-2024-2\/","og_site_name":"Rapido Motosport","article_modified_time":"2026-04-07T16:00:18+00:00","og_image":[{"width":2362,"height":1772,"url":"https:\/\/rapidomotosport.hr\/wp-content\/uploads\/2025\/01\/01db8fb7-cb4c-423d-bd97-2a43e3d25d49-min.png","type":"image\/png"}],"twitter_card":"summary_large_image","twitter_misc":{"Est. reading time":"1 minute"},"schema":{"@context":"https:\/\/schema.org","@graph":[{"@type":"WebPage","@id":"https:\/\/rapidomotosport.hr\/en\/proizvod\/aprilia-tuono-660-akrapovic-racing-line-carbon-2021-2024-2\/","url":"https:\/\/rapidomotosport.hr\/en\/proizvod\/aprilia-tuono-660-akrapovic-racing-line-carbon-2021-2024-2\/","name":"APRILIA TUONO 660 Akrapovi\u010d Racing Line (Carbon) 2021-2024 - Rapido Motosport","isPartOf":{"@id":"https:\/\/rapidomotosport.hr\/en\/#website"},"primaryImageOfPage":{"@id":"https:\/\/rapidomotosport.hr\/en\/proizvod\/aprilia-tuono-660-akrapovic-racing-line-carbon-2021-2024-2\/#primaryimage"},"image":{"@id":"https:\/\/rapidomotosport.hr\/en\/proizvod\/aprilia-tuono-660-akrapovic-racing-line-carbon-2021-2024-2\/#primaryimage"},"thumbnailUrl":"https:\/\/rapidomotosport.hr\/wp-content\/uploads\/2025\/01\/01db8fb7-cb4c-423d-bd97-2a43e3d25d49-min.png","datePublished":"2025-01-10T18:14:39+00:00","dateModified":"2026-04-07T16:00:18+00:00","breadcrumb":{"@id":"https:\/\/rapidomotosport.hr\/en\/proizvod\/aprilia-tuono-660-akrapovic-racing-line-carbon-2021-2024-2\/#breadcrumb"},"inLanguage":"en-US","potentialAction":[{"@type":"ReadAction","target":["https:\/\/rapidomotosport.hr\/en\/proizvod\/aprilia-tuono-660-akrapovic-racing-line-carbon-2021-2024-2\/"]}]},{"@type":"ImageObject","inLanguage":"en-US","@id":"https:\/\/rapidomotosport.hr\/en\/proizvod\/aprilia-tuono-660-akrapovic-racing-line-carbon-2021-2024-2\/#primaryimage","url":"https:\/\/rapidomotosport.hr\/wp-content\/uploads\/2025\/01\/01db8fb7-cb4c-423d-bd97-2a43e3d25d49-min.png","contentUrl":"https:\/\/rapidomotosport.hr\/wp-content\/uploads\/2025\/01\/01db8fb7-cb4c-423d-bd97-2a43e3d25d49-min.png","width":2362,"height":1772},{"@type":"BreadcrumbList","@id":"https:\/\/rapidomotosport.hr\/en\/proizvod\/aprilia-tuono-660-akrapovic-racing-line-carbon-2021-2024-2\/#breadcrumb","itemListElement":[{"@type":"ListItem","position":1,"name":"Po\u010detna stranica","item":"https:\/\/rapidomotosport.hr\/en\/"},{"@type":"ListItem","position":2,"name":"Shop","item":"https:\/\/rapidomotosport.hr\/en\/shop\/"},{"@type":"ListItem","position":3,"name":"APRILIA TUONO 660 Akrapovi\u010d Racing Line (Carbon) 2021-2024"}]},{"@type":"WebSite","@id":"https:\/\/rapidomotosport.hr\/en\/#website","url":"https:\/\/rapidomotosport.hr\/en\/","name":"Rapido Motosport","description":"","potentialAction":[{"@type":"SearchAction","target":{"@type":"EntryPoint","urlTemplate":"https:\/\/rapidomotosport.hr\/en\/?s={search_term_string}"},"query-input":{"@type":"PropertyValueSpecification","valueRequired":true,"valueName":"search_term_string"}}],"inLanguage":"en-US"}]}},"_links":{"self":[{"href":"https:\/\/rapidomotosport.hr\/en\/wp-json\/wp\/v2\/product\/3375","targetHints":{"allow":["GET"]}}],"collection":[{"href":"https:\/\/rapidomotosport.hr\/en\/wp-json\/wp\/v2\/product"}],"about":[{"href":"https:\/\/rapidomotosport.hr\/en\/wp-json\/wp\/v2\/types\/product"}],"wp:featuredmedia":[{"embeddable":true,"href":"https:\/\/rapidomotosport.hr\/en\/wp-json\/wp\/v2\/media\/3376"}],"wp:attachment":[{"href":"https:\/\/rapidomotosport.hr\/en\/wp-json\/wp\/v2\/media?parent=3375"}],"wp:term":[{"taxonomy":"product_brand","embeddable":true,"href":"https:\/\/rapidomotosport.hr\/en\/wp-json\/wp\/v2\/product_brand?post=3375"},{"taxonomy":"product_cat","embeddable":true,"href":"https:\/\/rapidomotosport.hr\/en\/wp-json\/wp\/v2\/product_cat?post=3375"},{"taxonomy":"product_tag","embeddable":true,"href":"https:\/\/rapidomotosport.hr\/en\/wp-json\/wp\/v2\/product_tag?post=3375"}],"curies":[{"name":"wp","href":"https:\/\/api.w.org\/{rel}","templated":true}]}}