{"id":3388,"date":"2025-01-10T19:22:22","date_gmt":"2025-01-10T18:22:22","guid":{"rendered":"https:\/\/rapidomotosport.hr\/?post_type=product&#038;p=3388"},"modified":"2026-04-07T22:44:41","modified_gmt":"2026-04-07T20:44:41","slug":"aprilia-tuono-v4-akrapovic-slip-on-line-carbon-tuono-v4-2011-2016","status":"publish","type":"product","link":"https:\/\/rapidomotosport.hr\/en\/proizvod\/aprilia-tuono-v4-akrapovic-slip-on-line-carbon-tuono-v4-2011-2016\/","title":{"rendered":"APRILIA TUONO V4 Akrapovi\u010d Slip-On Line (Carbon) 2011-2016"},"content":{"rendered":"","protected":false},"excerpt":{"rendered":"<p class=\"p1\"><span class=\"s1\">Slip-On ispu\u0161ni sustavi predstavljaju prvi korak u procesu pode\u0161avanja ispu\u0161nog sustava i nude izvrstan omjer cijene i performansi. Sportski i lagani Slip-On Line ispu\u0161ni sustavi savr\u0161eno odgovaraju ovom vrhunskom Aprilia motociklu. Instalacija je jednostavna. Vizualna promjena dolazi sa elegantno oblikovanim prigu\u0161iva\u010dima od karbonskih vlakana i zavr\u0161nim poklopcima.<\/span><\/p>\n<p class=\"p1\"><span class=\"s1\">Osim dizajnerskog efekta i pobolj\u0161ane isporuke snage, Slip-On sustavi tako\u0111er poja\u010davaju zvuk Aprilia motocikla. Neka va\u0161 motocikl zasja s ve\u0107om snagom, prekrasnim dizajnom i jedinstvenim Akrapovi\u010d zvukom Slip-On sustava.<\/span><\/p>\n<p class=\"p1\">NAPOMENA: NIJE HOMOLOGIRANO<\/p>\n","protected":false},"featured_media":3389,"template":"","meta":[],"product_brand":[],"product_cat":[17,18],"product_tag":[],"class_list":{"0":"post-3388","1":"product","2":"type-product","3":"status-publish","4":"has-post-thumbnail","6":"product_cat-ispusni-sustavi","7":"product_cat-aprilia","9":"first","10":"instock","11":"sale","12":"shipping-taxable","13":"purchasable","14":"product-type-simple"},"yoast_head":"<!-- This site is optimized with the Yoast SEO plugin v27.5 - https:\/\/yoast.com\/product\/yoast-seo-wordpress\/ -->\n<title>APRILIA TUONO V4 Akrapovi\u010d Slip-On Line (Carbon) 2011-2016 - Rapido Motosport<\/title>\n<meta name=\"robots\" content=\"index, follow, max-snippet:-1, max-image-preview:large, max-video-preview:-1\" \/>\n<link rel=\"canonical\" href=\"https:\/\/rapidomotosport.hr\/en\/proizvod\/aprilia-tuono-v4-akrapovic-slip-on-line-carbon-tuono-v4-2011-2016\/\" \/>\n<meta property=\"og:locale\" content=\"en_US\" \/>\n<meta property=\"og:type\" content=\"article\" \/>\n<meta property=\"og:title\" content=\"APRILIA TUONO V4 Akrapovi\u010d Slip-On Line (Carbon) 2011-2016 - Rapido Motosport\" \/>\n<meta property=\"og:description\" content=\"Slip-On ispu\u0161ni sustavi predstavljaju prvi korak u procesu pode\u0161avanja ispu\u0161nog sustava i nude izvrstan omjer cijene i performansi. Sportski i lagani Slip-On Line ispu\u0161ni sustavi savr\u0161eno odgovaraju ovom vrhunskom Aprilia motociklu. Instalacija je jednostavna. Vizualna promjena dolazi sa elegantno oblikovanim prigu\u0161iva\u010dima od karbonskih vlakana i zavr\u0161nim poklopcima. Osim dizajnerskog efekta i pobolj\u0161ane isporuke snage, Slip-On sustavi tako\u0111er poja\u010davaju zvuk Aprilia motocikla. Neka va\u0161 motocikl zasja s ve\u0107om snagom, prekrasnim dizajnom i jedinstvenim Akrapovi\u010d zvukom Slip-On sustava. NAPOMENA: NIJE HOMOLOGIRANO\" \/>\n<meta property=\"og:url\" content=\"https:\/\/rapidomotosport.hr\/en\/proizvod\/aprilia-tuono-v4-akrapovic-slip-on-line-carbon-tuono-v4-2011-2016\/\" \/>\n<meta property=\"og:site_name\" content=\"Rapido Motosport\" \/>\n<meta property=\"article:modified_time\" content=\"2026-04-07T20:44:41+00:00\" \/>\n<meta property=\"og:image\" content=\"https:\/\/rapidomotosport.hr\/wp-content\/uploads\/2025\/01\/483eeeebe8a64082b9840304f25bfecd-min.png\" \/>\n\t<meta property=\"og:image:width\" content=\"1600\" \/>\n\t<meta property=\"og:image:height\" content=\"1200\" \/>\n\t<meta property=\"og:image:type\" content=\"image\/png\" \/>\n<meta name=\"twitter:card\" content=\"summary_large_image\" \/>\n<meta name=\"twitter:label1\" content=\"Est. reading time\" \/>\n\t<meta name=\"twitter:data1\" content=\"1 minute\" \/>\n<script type=\"application\/ld+json\" class=\"yoast-schema-graph\">{\"@context\":\"https:\\\/\\\/schema.org\",\"@graph\":[{\"@type\":\"WebPage\",\"@id\":\"https:\\\/\\\/rapidomotosport.hr\\\/en\\\/proizvod\\\/aprilia-tuono-v4-akrapovic-slip-on-line-carbon-tuono-v4-2011-2016\\\/\",\"url\":\"https:\\\/\\\/rapidomotosport.hr\\\/en\\\/proizvod\\\/aprilia-tuono-v4-akrapovic-slip-on-line-carbon-tuono-v4-2011-2016\\\/\",\"name\":\"APRILIA TUONO V4 Akrapovi\u010d Slip-On Line (Carbon) 2011-2016 - Rapido Motosport\",\"isPartOf\":{\"@id\":\"https:\\\/\\\/rapidomotosport.hr\\\/en\\\/#website\"},\"primaryImageOfPage\":{\"@id\":\"https:\\\/\\\/rapidomotosport.hr\\\/en\\\/proizvod\\\/aprilia-tuono-v4-akrapovic-slip-on-line-carbon-tuono-v4-2011-2016\\\/#primaryimage\"},\"image\":{\"@id\":\"https:\\\/\\\/rapidomotosport.hr\\\/en\\\/proizvod\\\/aprilia-tuono-v4-akrapovic-slip-on-line-carbon-tuono-v4-2011-2016\\\/#primaryimage\"},\"thumbnailUrl\":\"https:\\\/\\\/rapidomotosport.hr\\\/wp-content\\\/uploads\\\/2025\\\/01\\\/483eeeebe8a64082b9840304f25bfecd-min.png\",\"datePublished\":\"2025-01-10T18:22:22+00:00\",\"dateModified\":\"2026-04-07T20:44:41+00:00\",\"breadcrumb\":{\"@id\":\"https:\\\/\\\/rapidomotosport.hr\\\/en\\\/proizvod\\\/aprilia-tuono-v4-akrapovic-slip-on-line-carbon-tuono-v4-2011-2016\\\/#breadcrumb\"},\"inLanguage\":\"en-US\",\"potentialAction\":[{\"@type\":\"ReadAction\",\"target\":[\"https:\\\/\\\/rapidomotosport.hr\\\/en\\\/proizvod\\\/aprilia-tuono-v4-akrapovic-slip-on-line-carbon-tuono-v4-2011-2016\\\/\"]}]},{\"@type\":\"ImageObject\",\"inLanguage\":\"en-US\",\"@id\":\"https:\\\/\\\/rapidomotosport.hr\\\/en\\\/proizvod\\\/aprilia-tuono-v4-akrapovic-slip-on-line-carbon-tuono-v4-2011-2016\\\/#primaryimage\",\"url\":\"https:\\\/\\\/rapidomotosport.hr\\\/wp-content\\\/uploads\\\/2025\\\/01\\\/483eeeebe8a64082b9840304f25bfecd-min.png\",\"contentUrl\":\"https:\\\/\\\/rapidomotosport.hr\\\/wp-content\\\/uploads\\\/2025\\\/01\\\/483eeeebe8a64082b9840304f25bfecd-min.png\",\"width\":1600,\"height\":1200},{\"@type\":\"BreadcrumbList\",\"@id\":\"https:\\\/\\\/rapidomotosport.hr\\\/en\\\/proizvod\\\/aprilia-tuono-v4-akrapovic-slip-on-line-carbon-tuono-v4-2011-2016\\\/#breadcrumb\",\"itemListElement\":[{\"@type\":\"ListItem\",\"position\":1,\"name\":\"Po\u010detna stranica\",\"item\":\"https:\\\/\\\/rapidomotosport.hr\\\/en\\\/\"},{\"@type\":\"ListItem\",\"position\":2,\"name\":\"Shop\",\"item\":\"https:\\\/\\\/rapidomotosport.hr\\\/en\\\/shop\\\/\"},{\"@type\":\"ListItem\",\"position\":3,\"name\":\"APRILIA TUONO V4 Akrapovi\u010d Slip-On Line (Carbon) 2011-2016\"}]},{\"@type\":\"WebSite\",\"@id\":\"https:\\\/\\\/rapidomotosport.hr\\\/en\\\/#website\",\"url\":\"https:\\\/\\\/rapidomotosport.hr\\\/en\\\/\",\"name\":\"Rapido Motosport\",\"description\":\"\",\"potentialAction\":[{\"@type\":\"SearchAction\",\"target\":{\"@type\":\"EntryPoint\",\"urlTemplate\":\"https:\\\/\\\/rapidomotosport.hr\\\/en\\\/?s={search_term_string}\"},\"query-input\":{\"@type\":\"PropertyValueSpecification\",\"valueRequired\":true,\"valueName\":\"search_term_string\"}}],\"inLanguage\":\"en-US\"}]}<\/script>\n<!-- \/ Yoast SEO plugin. -->","yoast_head_json":{"title":"APRILIA TUONO V4 Akrapovi\u010d Slip-On Line (Carbon) 2011-2016 - Rapido Motosport","robots":{"index":"index","follow":"follow","max-snippet":"max-snippet:-1","max-image-preview":"max-image-preview:large","max-video-preview":"max-video-preview:-1"},"canonical":"https:\/\/rapidomotosport.hr\/en\/proizvod\/aprilia-tuono-v4-akrapovic-slip-on-line-carbon-tuono-v4-2011-2016\/","og_locale":"en_US","og_type":"article","og_title":"APRILIA TUONO V4 Akrapovi\u010d Slip-On Line (Carbon) 2011-2016 - Rapido Motosport","og_description":"Slip-On ispu\u0161ni sustavi predstavljaju prvi korak u procesu pode\u0161avanja ispu\u0161nog sustava i nude izvrstan omjer cijene i performansi. Sportski i lagani Slip-On Line ispu\u0161ni sustavi savr\u0161eno odgovaraju ovom vrhunskom Aprilia motociklu. Instalacija je jednostavna. Vizualna promjena dolazi sa elegantno oblikovanim prigu\u0161iva\u010dima od karbonskih vlakana i zavr\u0161nim poklopcima. Osim dizajnerskog efekta i pobolj\u0161ane isporuke snage, Slip-On sustavi tako\u0111er poja\u010davaju zvuk Aprilia motocikla. Neka va\u0161 motocikl zasja s ve\u0107om snagom, prekrasnim dizajnom i jedinstvenim Akrapovi\u010d zvukom Slip-On sustava. NAPOMENA: NIJE HOMOLOGIRANO","og_url":"https:\/\/rapidomotosport.hr\/en\/proizvod\/aprilia-tuono-v4-akrapovic-slip-on-line-carbon-tuono-v4-2011-2016\/","og_site_name":"Rapido Motosport","article_modified_time":"2026-04-07T20:44:41+00:00","og_image":[{"width":1600,"height":1200,"url":"https:\/\/rapidomotosport.hr\/wp-content\/uploads\/2025\/01\/483eeeebe8a64082b9840304f25bfecd-min.png","type":"image\/png"}],"twitter_card":"summary_large_image","twitter_misc":{"Est. reading time":"1 minute"},"schema":{"@context":"https:\/\/schema.org","@graph":[{"@type":"WebPage","@id":"https:\/\/rapidomotosport.hr\/en\/proizvod\/aprilia-tuono-v4-akrapovic-slip-on-line-carbon-tuono-v4-2011-2016\/","url":"https:\/\/rapidomotosport.hr\/en\/proizvod\/aprilia-tuono-v4-akrapovic-slip-on-line-carbon-tuono-v4-2011-2016\/","name":"APRILIA TUONO V4 Akrapovi\u010d Slip-On Line (Carbon) 2011-2016 - Rapido Motosport","isPartOf":{"@id":"https:\/\/rapidomotosport.hr\/en\/#website"},"primaryImageOfPage":{"@id":"https:\/\/rapidomotosport.hr\/en\/proizvod\/aprilia-tuono-v4-akrapovic-slip-on-line-carbon-tuono-v4-2011-2016\/#primaryimage"},"image":{"@id":"https:\/\/rapidomotosport.hr\/en\/proizvod\/aprilia-tuono-v4-akrapovic-slip-on-line-carbon-tuono-v4-2011-2016\/#primaryimage"},"thumbnailUrl":"https:\/\/rapidomotosport.hr\/wp-content\/uploads\/2025\/01\/483eeeebe8a64082b9840304f25bfecd-min.png","datePublished":"2025-01-10T18:22:22+00:00","dateModified":"2026-04-07T20:44:41+00:00","breadcrumb":{"@id":"https:\/\/rapidomotosport.hr\/en\/proizvod\/aprilia-tuono-v4-akrapovic-slip-on-line-carbon-tuono-v4-2011-2016\/#breadcrumb"},"inLanguage":"en-US","potentialAction":[{"@type":"ReadAction","target":["https:\/\/rapidomotosport.hr\/en\/proizvod\/aprilia-tuono-v4-akrapovic-slip-on-line-carbon-tuono-v4-2011-2016\/"]}]},{"@type":"ImageObject","inLanguage":"en-US","@id":"https:\/\/rapidomotosport.hr\/en\/proizvod\/aprilia-tuono-v4-akrapovic-slip-on-line-carbon-tuono-v4-2011-2016\/#primaryimage","url":"https:\/\/rapidomotosport.hr\/wp-content\/uploads\/2025\/01\/483eeeebe8a64082b9840304f25bfecd-min.png","contentUrl":"https:\/\/rapidomotosport.hr\/wp-content\/uploads\/2025\/01\/483eeeebe8a64082b9840304f25bfecd-min.png","width":1600,"height":1200},{"@type":"BreadcrumbList","@id":"https:\/\/rapidomotosport.hr\/en\/proizvod\/aprilia-tuono-v4-akrapovic-slip-on-line-carbon-tuono-v4-2011-2016\/#breadcrumb","itemListElement":[{"@type":"ListItem","position":1,"name":"Po\u010detna stranica","item":"https:\/\/rapidomotosport.hr\/en\/"},{"@type":"ListItem","position":2,"name":"Shop","item":"https:\/\/rapidomotosport.hr\/en\/shop\/"},{"@type":"ListItem","position":3,"name":"APRILIA TUONO V4 Akrapovi\u010d Slip-On Line (Carbon) 2011-2016"}]},{"@type":"WebSite","@id":"https:\/\/rapidomotosport.hr\/en\/#website","url":"https:\/\/rapidomotosport.hr\/en\/","name":"Rapido Motosport","description":"","potentialAction":[{"@type":"SearchAction","target":{"@type":"EntryPoint","urlTemplate":"https:\/\/rapidomotosport.hr\/en\/?s={search_term_string}"},"query-input":{"@type":"PropertyValueSpecification","valueRequired":true,"valueName":"search_term_string"}}],"inLanguage":"en-US"}]}},"_links":{"self":[{"href":"https:\/\/rapidomotosport.hr\/en\/wp-json\/wp\/v2\/product\/3388","targetHints":{"allow":["GET"]}}],"collection":[{"href":"https:\/\/rapidomotosport.hr\/en\/wp-json\/wp\/v2\/product"}],"about":[{"href":"https:\/\/rapidomotosport.hr\/en\/wp-json\/wp\/v2\/types\/product"}],"wp:featuredmedia":[{"embeddable":true,"href":"https:\/\/rapidomotosport.hr\/en\/wp-json\/wp\/v2\/media\/3389"}],"wp:attachment":[{"href":"https:\/\/rapidomotosport.hr\/en\/wp-json\/wp\/v2\/media?parent=3388"}],"wp:term":[{"taxonomy":"product_brand","embeddable":true,"href":"https:\/\/rapidomotosport.hr\/en\/wp-json\/wp\/v2\/product_brand?post=3388"},{"taxonomy":"product_cat","embeddable":true,"href":"https:\/\/rapidomotosport.hr\/en\/wp-json\/wp\/v2\/product_cat?post=3388"},{"taxonomy":"product_tag","embeddable":true,"href":"https:\/\/rapidomotosport.hr\/en\/wp-json\/wp\/v2\/product_tag?post=3388"}],"curies":[{"name":"wp","href":"https:\/\/api.w.org\/{rel}","templated":true}]}}