{"id":3401,"date":"2025-01-10T19:28:53","date_gmt":"2025-01-10T18:28:53","guid":{"rendered":"https:\/\/rapidomotosport.hr\/?post_type=product&#038;p=3401"},"modified":"2026-01-15T15:18:24","modified_gmt":"2026-01-15T14:18:24","slug":"aprilia-tuono-v4-akrapovic-evolution-line-carbon-2017-2020","status":"publish","type":"product","link":"https:\/\/rapidomotosport.hr\/en\/proizvod\/aprilia-tuono-v4-akrapovic-evolution-line-carbon-2017-2020\/","title":{"rendered":"APRILIA TUONO V4 Akrapovi\u010d Evolution Line (Carbon) 2017-2020"},"content":{"rendered":"","protected":false},"excerpt":{"rendered":"<p class=\"p1\"><span class=\"s1\">Akrapovi\u010d titanium Evolution sustavi dizajnirani su za voza\u010de koji zahtijevaju maksimalne performanse od svog motocikla. Sustavi su znatno lak\u0161i u odnosu na standardne ispu\u0161ne sustave i odlikuju se izvanrednom kvalitetom proizvodnje, visokotehnolo\u0161kim materijalima i, naravno, pove\u0107anim performansama motora u kombinaciji s \u010distim trka\u0107im zvukom. Savr\u0161eni zavarci i kombinacija trka\u0107ih materijala poput titana i karbonskih vlakana.<\/span><\/p>\n<p class=\"p1\">NAPOMENA: NIJE HOMOLOGIRANO<\/p>\n","protected":false},"featured_media":3402,"template":"","meta":[],"product_brand":[],"product_cat":[17,18],"product_tag":[],"class_list":{"0":"post-3401","1":"product","2":"type-product","3":"status-publish","4":"has-post-thumbnail","6":"product_cat-ispusni-sustavi","7":"product_cat-aprilia","9":"first","10":"instock","11":"sale","12":"shipping-taxable","13":"purchasable","14":"product-type-simple"},"yoast_head":"<!-- This site is optimized with the Yoast SEO plugin v27.5 - https:\/\/yoast.com\/product\/yoast-seo-wordpress\/ -->\n<title>APRILIA TUONO V4 Akrapovi\u010d Evolution Line (Carbon) 2017-2020 - Rapido Motosport<\/title>\n<meta name=\"robots\" content=\"index, follow, max-snippet:-1, max-image-preview:large, max-video-preview:-1\" \/>\n<link rel=\"canonical\" href=\"https:\/\/rapidomotosport.hr\/en\/proizvod\/aprilia-tuono-v4-akrapovic-evolution-line-carbon-2017-2020\/\" \/>\n<meta property=\"og:locale\" content=\"en_US\" \/>\n<meta property=\"og:type\" content=\"article\" \/>\n<meta property=\"og:title\" content=\"APRILIA TUONO V4 Akrapovi\u010d Evolution Line (Carbon) 2017-2020 - Rapido Motosport\" \/>\n<meta property=\"og:description\" content=\"Akrapovi\u010d titanium Evolution sustavi dizajnirani su za voza\u010de koji zahtijevaju maksimalne performanse od svog motocikla. Sustavi su znatno lak\u0161i u odnosu na standardne ispu\u0161ne sustave i odlikuju se izvanrednom kvalitetom proizvodnje, visokotehnolo\u0161kim materijalima i, naravno, pove\u0107anim performansama motora u kombinaciji s \u010distim trka\u0107im zvukom. Savr\u0161eni zavarci i kombinacija trka\u0107ih materijala poput titana i karbonskih vlakana. NAPOMENA: NIJE HOMOLOGIRANO\" \/>\n<meta property=\"og:url\" content=\"https:\/\/rapidomotosport.hr\/en\/proizvod\/aprilia-tuono-v4-akrapovic-evolution-line-carbon-2017-2020\/\" \/>\n<meta property=\"og:site_name\" content=\"Rapido Motosport\" \/>\n<meta property=\"article:modified_time\" content=\"2026-01-15T14:18:24+00:00\" \/>\n<meta property=\"og:image\" content=\"https:\/\/rapidomotosport.hr\/wp-content\/uploads\/2025\/01\/8b6c123a-8f41-44c2-9d60-9c8727b782a9-min-1.png\" \/>\n\t<meta property=\"og:image:width\" content=\"2362\" \/>\n\t<meta property=\"og:image:height\" content=\"1772\" \/>\n\t<meta property=\"og:image:type\" content=\"image\/png\" \/>\n<meta name=\"twitter:card\" content=\"summary_large_image\" \/>\n<meta name=\"twitter:label1\" content=\"Est. reading time\" \/>\n\t<meta name=\"twitter:data1\" content=\"1 minute\" \/>\n<script type=\"application\/ld+json\" class=\"yoast-schema-graph\">{\"@context\":\"https:\\\/\\\/schema.org\",\"@graph\":[{\"@type\":\"WebPage\",\"@id\":\"https:\\\/\\\/rapidomotosport.hr\\\/en\\\/proizvod\\\/aprilia-tuono-v4-akrapovic-evolution-line-carbon-2017-2020\\\/\",\"url\":\"https:\\\/\\\/rapidomotosport.hr\\\/en\\\/proizvod\\\/aprilia-tuono-v4-akrapovic-evolution-line-carbon-2017-2020\\\/\",\"name\":\"APRILIA TUONO V4 Akrapovi\u010d Evolution Line (Carbon) 2017-2020 - Rapido Motosport\",\"isPartOf\":{\"@id\":\"https:\\\/\\\/rapidomotosport.hr\\\/en\\\/#website\"},\"primaryImageOfPage\":{\"@id\":\"https:\\\/\\\/rapidomotosport.hr\\\/en\\\/proizvod\\\/aprilia-tuono-v4-akrapovic-evolution-line-carbon-2017-2020\\\/#primaryimage\"},\"image\":{\"@id\":\"https:\\\/\\\/rapidomotosport.hr\\\/en\\\/proizvod\\\/aprilia-tuono-v4-akrapovic-evolution-line-carbon-2017-2020\\\/#primaryimage\"},\"thumbnailUrl\":\"https:\\\/\\\/rapidomotosport.hr\\\/wp-content\\\/uploads\\\/2025\\\/01\\\/8b6c123a-8f41-44c2-9d60-9c8727b782a9-min-1.png\",\"datePublished\":\"2025-01-10T18:28:53+00:00\",\"dateModified\":\"2026-01-15T14:18:24+00:00\",\"breadcrumb\":{\"@id\":\"https:\\\/\\\/rapidomotosport.hr\\\/en\\\/proizvod\\\/aprilia-tuono-v4-akrapovic-evolution-line-carbon-2017-2020\\\/#breadcrumb\"},\"inLanguage\":\"en-US\",\"potentialAction\":[{\"@type\":\"ReadAction\",\"target\":[\"https:\\\/\\\/rapidomotosport.hr\\\/en\\\/proizvod\\\/aprilia-tuono-v4-akrapovic-evolution-line-carbon-2017-2020\\\/\"]}]},{\"@type\":\"ImageObject\",\"inLanguage\":\"en-US\",\"@id\":\"https:\\\/\\\/rapidomotosport.hr\\\/en\\\/proizvod\\\/aprilia-tuono-v4-akrapovic-evolution-line-carbon-2017-2020\\\/#primaryimage\",\"url\":\"https:\\\/\\\/rapidomotosport.hr\\\/wp-content\\\/uploads\\\/2025\\\/01\\\/8b6c123a-8f41-44c2-9d60-9c8727b782a9-min-1.png\",\"contentUrl\":\"https:\\\/\\\/rapidomotosport.hr\\\/wp-content\\\/uploads\\\/2025\\\/01\\\/8b6c123a-8f41-44c2-9d60-9c8727b782a9-min-1.png\",\"width\":2362,\"height\":1772},{\"@type\":\"BreadcrumbList\",\"@id\":\"https:\\\/\\\/rapidomotosport.hr\\\/en\\\/proizvod\\\/aprilia-tuono-v4-akrapovic-evolution-line-carbon-2017-2020\\\/#breadcrumb\",\"itemListElement\":[{\"@type\":\"ListItem\",\"position\":1,\"name\":\"Po\u010detna stranica\",\"item\":\"https:\\\/\\\/rapidomotosport.hr\\\/en\\\/\"},{\"@type\":\"ListItem\",\"position\":2,\"name\":\"Shop\",\"item\":\"https:\\\/\\\/rapidomotosport.hr\\\/en\\\/shop\\\/\"},{\"@type\":\"ListItem\",\"position\":3,\"name\":\"APRILIA TUONO V4 Akrapovi\u010d Evolution Line (Carbon) 2017-2020\"}]},{\"@type\":\"WebSite\",\"@id\":\"https:\\\/\\\/rapidomotosport.hr\\\/en\\\/#website\",\"url\":\"https:\\\/\\\/rapidomotosport.hr\\\/en\\\/\",\"name\":\"Rapido Motosport\",\"description\":\"\",\"potentialAction\":[{\"@type\":\"SearchAction\",\"target\":{\"@type\":\"EntryPoint\",\"urlTemplate\":\"https:\\\/\\\/rapidomotosport.hr\\\/en\\\/?s={search_term_string}\"},\"query-input\":{\"@type\":\"PropertyValueSpecification\",\"valueRequired\":true,\"valueName\":\"search_term_string\"}}],\"inLanguage\":\"en-US\"}]}<\/script>\n<!-- \/ Yoast SEO plugin. -->","yoast_head_json":{"title":"APRILIA TUONO V4 Akrapovi\u010d Evolution Line (Carbon) 2017-2020 - Rapido Motosport","robots":{"index":"index","follow":"follow","max-snippet":"max-snippet:-1","max-image-preview":"max-image-preview:large","max-video-preview":"max-video-preview:-1"},"canonical":"https:\/\/rapidomotosport.hr\/en\/proizvod\/aprilia-tuono-v4-akrapovic-evolution-line-carbon-2017-2020\/","og_locale":"en_US","og_type":"article","og_title":"APRILIA TUONO V4 Akrapovi\u010d Evolution Line (Carbon) 2017-2020 - Rapido Motosport","og_description":"Akrapovi\u010d titanium Evolution sustavi dizajnirani su za voza\u010de koji zahtijevaju maksimalne performanse od svog motocikla. Sustavi su znatno lak\u0161i u odnosu na standardne ispu\u0161ne sustave i odlikuju se izvanrednom kvalitetom proizvodnje, visokotehnolo\u0161kim materijalima i, naravno, pove\u0107anim performansama motora u kombinaciji s \u010distim trka\u0107im zvukom. Savr\u0161eni zavarci i kombinacija trka\u0107ih materijala poput titana i karbonskih vlakana. NAPOMENA: NIJE HOMOLOGIRANO","og_url":"https:\/\/rapidomotosport.hr\/en\/proizvod\/aprilia-tuono-v4-akrapovic-evolution-line-carbon-2017-2020\/","og_site_name":"Rapido Motosport","article_modified_time":"2026-01-15T14:18:24+00:00","og_image":[{"width":2362,"height":1772,"url":"https:\/\/rapidomotosport.hr\/wp-content\/uploads\/2025\/01\/8b6c123a-8f41-44c2-9d60-9c8727b782a9-min-1.png","type":"image\/png"}],"twitter_card":"summary_large_image","twitter_misc":{"Est. reading time":"1 minute"},"schema":{"@context":"https:\/\/schema.org","@graph":[{"@type":"WebPage","@id":"https:\/\/rapidomotosport.hr\/en\/proizvod\/aprilia-tuono-v4-akrapovic-evolution-line-carbon-2017-2020\/","url":"https:\/\/rapidomotosport.hr\/en\/proizvod\/aprilia-tuono-v4-akrapovic-evolution-line-carbon-2017-2020\/","name":"APRILIA TUONO V4 Akrapovi\u010d Evolution Line (Carbon) 2017-2020 - Rapido Motosport","isPartOf":{"@id":"https:\/\/rapidomotosport.hr\/en\/#website"},"primaryImageOfPage":{"@id":"https:\/\/rapidomotosport.hr\/en\/proizvod\/aprilia-tuono-v4-akrapovic-evolution-line-carbon-2017-2020\/#primaryimage"},"image":{"@id":"https:\/\/rapidomotosport.hr\/en\/proizvod\/aprilia-tuono-v4-akrapovic-evolution-line-carbon-2017-2020\/#primaryimage"},"thumbnailUrl":"https:\/\/rapidomotosport.hr\/wp-content\/uploads\/2025\/01\/8b6c123a-8f41-44c2-9d60-9c8727b782a9-min-1.png","datePublished":"2025-01-10T18:28:53+00:00","dateModified":"2026-01-15T14:18:24+00:00","breadcrumb":{"@id":"https:\/\/rapidomotosport.hr\/en\/proizvod\/aprilia-tuono-v4-akrapovic-evolution-line-carbon-2017-2020\/#breadcrumb"},"inLanguage":"en-US","potentialAction":[{"@type":"ReadAction","target":["https:\/\/rapidomotosport.hr\/en\/proizvod\/aprilia-tuono-v4-akrapovic-evolution-line-carbon-2017-2020\/"]}]},{"@type":"ImageObject","inLanguage":"en-US","@id":"https:\/\/rapidomotosport.hr\/en\/proizvod\/aprilia-tuono-v4-akrapovic-evolution-line-carbon-2017-2020\/#primaryimage","url":"https:\/\/rapidomotosport.hr\/wp-content\/uploads\/2025\/01\/8b6c123a-8f41-44c2-9d60-9c8727b782a9-min-1.png","contentUrl":"https:\/\/rapidomotosport.hr\/wp-content\/uploads\/2025\/01\/8b6c123a-8f41-44c2-9d60-9c8727b782a9-min-1.png","width":2362,"height":1772},{"@type":"BreadcrumbList","@id":"https:\/\/rapidomotosport.hr\/en\/proizvod\/aprilia-tuono-v4-akrapovic-evolution-line-carbon-2017-2020\/#breadcrumb","itemListElement":[{"@type":"ListItem","position":1,"name":"Po\u010detna stranica","item":"https:\/\/rapidomotosport.hr\/en\/"},{"@type":"ListItem","position":2,"name":"Shop","item":"https:\/\/rapidomotosport.hr\/en\/shop\/"},{"@type":"ListItem","position":3,"name":"APRILIA TUONO V4 Akrapovi\u010d Evolution Line (Carbon) 2017-2020"}]},{"@type":"WebSite","@id":"https:\/\/rapidomotosport.hr\/en\/#website","url":"https:\/\/rapidomotosport.hr\/en\/","name":"Rapido Motosport","description":"","potentialAction":[{"@type":"SearchAction","target":{"@type":"EntryPoint","urlTemplate":"https:\/\/rapidomotosport.hr\/en\/?s={search_term_string}"},"query-input":{"@type":"PropertyValueSpecification","valueRequired":true,"valueName":"search_term_string"}}],"inLanguage":"en-US"}]}},"_links":{"self":[{"href":"https:\/\/rapidomotosport.hr\/en\/wp-json\/wp\/v2\/product\/3401","targetHints":{"allow":["GET"]}}],"collection":[{"href":"https:\/\/rapidomotosport.hr\/en\/wp-json\/wp\/v2\/product"}],"about":[{"href":"https:\/\/rapidomotosport.hr\/en\/wp-json\/wp\/v2\/types\/product"}],"wp:featuredmedia":[{"embeddable":true,"href":"https:\/\/rapidomotosport.hr\/en\/wp-json\/wp\/v2\/media\/3402"}],"wp:attachment":[{"href":"https:\/\/rapidomotosport.hr\/en\/wp-json\/wp\/v2\/media?parent=3401"}],"wp:term":[{"taxonomy":"product_brand","embeddable":true,"href":"https:\/\/rapidomotosport.hr\/en\/wp-json\/wp\/v2\/product_brand?post=3401"},{"taxonomy":"product_cat","embeddable":true,"href":"https:\/\/rapidomotosport.hr\/en\/wp-json\/wp\/v2\/product_cat?post=3401"},{"taxonomy":"product_tag","embeddable":true,"href":"https:\/\/rapidomotosport.hr\/en\/wp-json\/wp\/v2\/product_tag?post=3401"}],"curies":[{"name":"wp","href":"https:\/\/api.w.org\/{rel}","templated":true}]}}