{"id":3712,"date":"2025-01-11T13:25:09","date_gmt":"2025-01-11T12:25:09","guid":{"rendered":"https:\/\/rapidomotosport.hr\/?post_type=product&#038;p=3712"},"modified":"2026-01-15T23:43:40","modified_gmt":"2026-01-15T22:43:40","slug":"bmw-k-1200-r-akrapovic-slip-on-line-carbon-2005-2008","status":"publish","type":"product","link":"https:\/\/rapidomotosport.hr\/en\/proizvod\/bmw-k-1200-r-akrapovic-slip-on-line-carbon-2005-2008\/","title":{"rendered":"BMW K 1200 R Akrapovi\u010d Slip-On Line (Carbon) 2005-2008"},"content":{"rendered":"","protected":false},"excerpt":{"rendered":"<p class=\"p1\"><span class=\"s1\">Slip-On sustavi predstavljaju prvi korak u procesu pode\u0161avanja ispu\u0161nog sustava, a nude izvrstan omjer cijene i performansi. Promijenite prirodu svog motocikla dodaju\u0107i vi\u0161e snage, pobolj\u0161ane performanse i jedinstveni Akrapovi\u010d zvuk. Sve je to pakirano u stilizirane Slip-On ispu\u0161ne sustave. Rezultat ozbiljnog pristupa dizajnu je lijepo izra\u0111eni ispu\u0161ni sustav s vanjskom ovojnicom prigu\u0161iva\u010da od titana. Materijali provjereni na trka\u0107im stazama.<\/span><\/p>\n<p>NAPOMENA: HOMOLOGIRANO SAMO UZ UGRA\u0110EN KATALIZATOR<\/p>\n","protected":false},"featured_media":3713,"template":"","meta":[],"product_brand":[],"product_cat":[17,19],"product_tag":[],"class_list":{"0":"post-3712","1":"product","2":"type-product","3":"status-publish","4":"has-post-thumbnail","6":"product_cat-ispusni-sustavi","7":"product_cat-bmw","9":"first","10":"instock","11":"sale","12":"shipping-taxable","13":"purchasable","14":"product-type-simple"},"yoast_head":"<!-- This site is optimized with the Yoast SEO plugin v27.5 - https:\/\/yoast.com\/product\/yoast-seo-wordpress\/ -->\n<title>BMW K 1200 R Akrapovi\u010d Slip-On Line (Carbon) 2005-2008 - Rapido Motosport<\/title>\n<meta name=\"robots\" content=\"index, follow, max-snippet:-1, max-image-preview:large, max-video-preview:-1\" \/>\n<link rel=\"canonical\" href=\"https:\/\/rapidomotosport.hr\/en\/proizvod\/bmw-k-1200-r-akrapovic-slip-on-line-carbon-2005-2008\/\" \/>\n<meta property=\"og:locale\" content=\"en_US\" \/>\n<meta property=\"og:type\" content=\"article\" \/>\n<meta property=\"og:title\" content=\"BMW K 1200 R Akrapovi\u010d Slip-On Line (Carbon) 2005-2008 - Rapido Motosport\" \/>\n<meta property=\"og:description\" content=\"Slip-On sustavi predstavljaju prvi korak u procesu pode\u0161avanja ispu\u0161nog sustava, a nude izvrstan omjer cijene i performansi. Promijenite prirodu svog motocikla dodaju\u0107i vi\u0161e snage, pobolj\u0161ane performanse i jedinstveni Akrapovi\u010d zvuk. Sve je to pakirano u stilizirane Slip-On ispu\u0161ne sustave. Rezultat ozbiljnog pristupa dizajnu je lijepo izra\u0111eni ispu\u0161ni sustav s vanjskom ovojnicom prigu\u0161iva\u010da od titana. Materijali provjereni na trka\u0107im stazama. NAPOMENA: HOMOLOGIRANO SAMO UZ UGRA\u0110EN KATALIZATOR\" \/>\n<meta property=\"og:url\" content=\"https:\/\/rapidomotosport.hr\/en\/proizvod\/bmw-k-1200-r-akrapovic-slip-on-line-carbon-2005-2008\/\" \/>\n<meta property=\"og:site_name\" content=\"Rapido Motosport\" \/>\n<meta property=\"article:modified_time\" content=\"2026-01-15T22:43:40+00:00\" \/>\n<meta property=\"og:image\" content=\"https:\/\/rapidomotosport.hr\/wp-content\/uploads\/2025\/01\/3d35a1115b7d4d6eae72885759dbd106-min.png\" \/>\n\t<meta property=\"og:image:width\" content=\"1600\" \/>\n\t<meta property=\"og:image:height\" content=\"1200\" \/>\n\t<meta property=\"og:image:type\" content=\"image\/png\" \/>\n<meta name=\"twitter:card\" content=\"summary_large_image\" \/>\n<meta name=\"twitter:label1\" content=\"Est. reading time\" \/>\n\t<meta name=\"twitter:data1\" content=\"1 minute\" \/>\n<script type=\"application\/ld+json\" class=\"yoast-schema-graph\">{\"@context\":\"https:\\\/\\\/schema.org\",\"@graph\":[{\"@type\":\"WebPage\",\"@id\":\"https:\\\/\\\/rapidomotosport.hr\\\/en\\\/proizvod\\\/bmw-k-1200-r-akrapovic-slip-on-line-carbon-2005-2008\\\/\",\"url\":\"https:\\\/\\\/rapidomotosport.hr\\\/en\\\/proizvod\\\/bmw-k-1200-r-akrapovic-slip-on-line-carbon-2005-2008\\\/\",\"name\":\"BMW K 1200 R Akrapovi\u010d Slip-On Line (Carbon) 2005-2008 - Rapido Motosport\",\"isPartOf\":{\"@id\":\"https:\\\/\\\/rapidomotosport.hr\\\/en\\\/#website\"},\"primaryImageOfPage\":{\"@id\":\"https:\\\/\\\/rapidomotosport.hr\\\/en\\\/proizvod\\\/bmw-k-1200-r-akrapovic-slip-on-line-carbon-2005-2008\\\/#primaryimage\"},\"image\":{\"@id\":\"https:\\\/\\\/rapidomotosport.hr\\\/en\\\/proizvod\\\/bmw-k-1200-r-akrapovic-slip-on-line-carbon-2005-2008\\\/#primaryimage\"},\"thumbnailUrl\":\"https:\\\/\\\/rapidomotosport.hr\\\/wp-content\\\/uploads\\\/2025\\\/01\\\/3d35a1115b7d4d6eae72885759dbd106-min.png\",\"datePublished\":\"2025-01-11T12:25:09+00:00\",\"dateModified\":\"2026-01-15T22:43:40+00:00\",\"breadcrumb\":{\"@id\":\"https:\\\/\\\/rapidomotosport.hr\\\/en\\\/proizvod\\\/bmw-k-1200-r-akrapovic-slip-on-line-carbon-2005-2008\\\/#breadcrumb\"},\"inLanguage\":\"en-US\",\"potentialAction\":[{\"@type\":\"ReadAction\",\"target\":[\"https:\\\/\\\/rapidomotosport.hr\\\/en\\\/proizvod\\\/bmw-k-1200-r-akrapovic-slip-on-line-carbon-2005-2008\\\/\"]}]},{\"@type\":\"ImageObject\",\"inLanguage\":\"en-US\",\"@id\":\"https:\\\/\\\/rapidomotosport.hr\\\/en\\\/proizvod\\\/bmw-k-1200-r-akrapovic-slip-on-line-carbon-2005-2008\\\/#primaryimage\",\"url\":\"https:\\\/\\\/rapidomotosport.hr\\\/wp-content\\\/uploads\\\/2025\\\/01\\\/3d35a1115b7d4d6eae72885759dbd106-min.png\",\"contentUrl\":\"https:\\\/\\\/rapidomotosport.hr\\\/wp-content\\\/uploads\\\/2025\\\/01\\\/3d35a1115b7d4d6eae72885759dbd106-min.png\",\"width\":1600,\"height\":1200},{\"@type\":\"BreadcrumbList\",\"@id\":\"https:\\\/\\\/rapidomotosport.hr\\\/en\\\/proizvod\\\/bmw-k-1200-r-akrapovic-slip-on-line-carbon-2005-2008\\\/#breadcrumb\",\"itemListElement\":[{\"@type\":\"ListItem\",\"position\":1,\"name\":\"Po\u010detna stranica\",\"item\":\"https:\\\/\\\/rapidomotosport.hr\\\/en\\\/\"},{\"@type\":\"ListItem\",\"position\":2,\"name\":\"Shop\",\"item\":\"https:\\\/\\\/rapidomotosport.hr\\\/en\\\/shop\\\/\"},{\"@type\":\"ListItem\",\"position\":3,\"name\":\"BMW K 1200 R Akrapovi\u010d Slip-On Line (Carbon) 2005-2008\"}]},{\"@type\":\"WebSite\",\"@id\":\"https:\\\/\\\/rapidomotosport.hr\\\/en\\\/#website\",\"url\":\"https:\\\/\\\/rapidomotosport.hr\\\/en\\\/\",\"name\":\"Rapido Motosport\",\"description\":\"\",\"potentialAction\":[{\"@type\":\"SearchAction\",\"target\":{\"@type\":\"EntryPoint\",\"urlTemplate\":\"https:\\\/\\\/rapidomotosport.hr\\\/en\\\/?s={search_term_string}\"},\"query-input\":{\"@type\":\"PropertyValueSpecification\",\"valueRequired\":true,\"valueName\":\"search_term_string\"}}],\"inLanguage\":\"en-US\"}]}<\/script>\n<!-- \/ Yoast SEO plugin. -->","yoast_head_json":{"title":"BMW K 1200 R Akrapovi\u010d Slip-On Line (Carbon) 2005-2008 - Rapido Motosport","robots":{"index":"index","follow":"follow","max-snippet":"max-snippet:-1","max-image-preview":"max-image-preview:large","max-video-preview":"max-video-preview:-1"},"canonical":"https:\/\/rapidomotosport.hr\/en\/proizvod\/bmw-k-1200-r-akrapovic-slip-on-line-carbon-2005-2008\/","og_locale":"en_US","og_type":"article","og_title":"BMW K 1200 R Akrapovi\u010d Slip-On Line (Carbon) 2005-2008 - Rapido Motosport","og_description":"Slip-On sustavi predstavljaju prvi korak u procesu pode\u0161avanja ispu\u0161nog sustava, a nude izvrstan omjer cijene i performansi. Promijenite prirodu svog motocikla dodaju\u0107i vi\u0161e snage, pobolj\u0161ane performanse i jedinstveni Akrapovi\u010d zvuk. Sve je to pakirano u stilizirane Slip-On ispu\u0161ne sustave. Rezultat ozbiljnog pristupa dizajnu je lijepo izra\u0111eni ispu\u0161ni sustav s vanjskom ovojnicom prigu\u0161iva\u010da od titana. Materijali provjereni na trka\u0107im stazama. NAPOMENA: HOMOLOGIRANO SAMO UZ UGRA\u0110EN KATALIZATOR","og_url":"https:\/\/rapidomotosport.hr\/en\/proizvod\/bmw-k-1200-r-akrapovic-slip-on-line-carbon-2005-2008\/","og_site_name":"Rapido Motosport","article_modified_time":"2026-01-15T22:43:40+00:00","og_image":[{"width":1600,"height":1200,"url":"https:\/\/rapidomotosport.hr\/wp-content\/uploads\/2025\/01\/3d35a1115b7d4d6eae72885759dbd106-min.png","type":"image\/png"}],"twitter_card":"summary_large_image","twitter_misc":{"Est. reading time":"1 minute"},"schema":{"@context":"https:\/\/schema.org","@graph":[{"@type":"WebPage","@id":"https:\/\/rapidomotosport.hr\/en\/proizvod\/bmw-k-1200-r-akrapovic-slip-on-line-carbon-2005-2008\/","url":"https:\/\/rapidomotosport.hr\/en\/proizvod\/bmw-k-1200-r-akrapovic-slip-on-line-carbon-2005-2008\/","name":"BMW K 1200 R Akrapovi\u010d Slip-On Line (Carbon) 2005-2008 - Rapido Motosport","isPartOf":{"@id":"https:\/\/rapidomotosport.hr\/en\/#website"},"primaryImageOfPage":{"@id":"https:\/\/rapidomotosport.hr\/en\/proizvod\/bmw-k-1200-r-akrapovic-slip-on-line-carbon-2005-2008\/#primaryimage"},"image":{"@id":"https:\/\/rapidomotosport.hr\/en\/proizvod\/bmw-k-1200-r-akrapovic-slip-on-line-carbon-2005-2008\/#primaryimage"},"thumbnailUrl":"https:\/\/rapidomotosport.hr\/wp-content\/uploads\/2025\/01\/3d35a1115b7d4d6eae72885759dbd106-min.png","datePublished":"2025-01-11T12:25:09+00:00","dateModified":"2026-01-15T22:43:40+00:00","breadcrumb":{"@id":"https:\/\/rapidomotosport.hr\/en\/proizvod\/bmw-k-1200-r-akrapovic-slip-on-line-carbon-2005-2008\/#breadcrumb"},"inLanguage":"en-US","potentialAction":[{"@type":"ReadAction","target":["https:\/\/rapidomotosport.hr\/en\/proizvod\/bmw-k-1200-r-akrapovic-slip-on-line-carbon-2005-2008\/"]}]},{"@type":"ImageObject","inLanguage":"en-US","@id":"https:\/\/rapidomotosport.hr\/en\/proizvod\/bmw-k-1200-r-akrapovic-slip-on-line-carbon-2005-2008\/#primaryimage","url":"https:\/\/rapidomotosport.hr\/wp-content\/uploads\/2025\/01\/3d35a1115b7d4d6eae72885759dbd106-min.png","contentUrl":"https:\/\/rapidomotosport.hr\/wp-content\/uploads\/2025\/01\/3d35a1115b7d4d6eae72885759dbd106-min.png","width":1600,"height":1200},{"@type":"BreadcrumbList","@id":"https:\/\/rapidomotosport.hr\/en\/proizvod\/bmw-k-1200-r-akrapovic-slip-on-line-carbon-2005-2008\/#breadcrumb","itemListElement":[{"@type":"ListItem","position":1,"name":"Po\u010detna stranica","item":"https:\/\/rapidomotosport.hr\/en\/"},{"@type":"ListItem","position":2,"name":"Shop","item":"https:\/\/rapidomotosport.hr\/en\/shop\/"},{"@type":"ListItem","position":3,"name":"BMW K 1200 R Akrapovi\u010d Slip-On Line (Carbon) 2005-2008"}]},{"@type":"WebSite","@id":"https:\/\/rapidomotosport.hr\/en\/#website","url":"https:\/\/rapidomotosport.hr\/en\/","name":"Rapido Motosport","description":"","potentialAction":[{"@type":"SearchAction","target":{"@type":"EntryPoint","urlTemplate":"https:\/\/rapidomotosport.hr\/en\/?s={search_term_string}"},"query-input":{"@type":"PropertyValueSpecification","valueRequired":true,"valueName":"search_term_string"}}],"inLanguage":"en-US"}]}},"_links":{"self":[{"href":"https:\/\/rapidomotosport.hr\/en\/wp-json\/wp\/v2\/product\/3712","targetHints":{"allow":["GET"]}}],"collection":[{"href":"https:\/\/rapidomotosport.hr\/en\/wp-json\/wp\/v2\/product"}],"about":[{"href":"https:\/\/rapidomotosport.hr\/en\/wp-json\/wp\/v2\/types\/product"}],"wp:featuredmedia":[{"embeddable":true,"href":"https:\/\/rapidomotosport.hr\/en\/wp-json\/wp\/v2\/media\/3713"}],"wp:attachment":[{"href":"https:\/\/rapidomotosport.hr\/en\/wp-json\/wp\/v2\/media?parent=3712"}],"wp:term":[{"taxonomy":"product_brand","embeddable":true,"href":"https:\/\/rapidomotosport.hr\/en\/wp-json\/wp\/v2\/product_brand?post=3712"},{"taxonomy":"product_cat","embeddable":true,"href":"https:\/\/rapidomotosport.hr\/en\/wp-json\/wp\/v2\/product_cat?post=3712"},{"taxonomy":"product_tag","embeddable":true,"href":"https:\/\/rapidomotosport.hr\/en\/wp-json\/wp\/v2\/product_tag?post=3712"}],"curies":[{"name":"wp","href":"https:\/\/api.w.org\/{rel}","templated":true}]}}