{"id":37765,"date":"2025-12-07T19:27:40","date_gmt":"2025-12-07T18:27:40","guid":{"rendered":"https:\/\/rapidomotosport.hr\/?post_type=product&#038;p=37765"},"modified":"2026-05-12T20:56:40","modified_gmt":"2026-05-12T18:56:40","slug":"yamaha-tenere-700-leovince-exhaust-lv-14-black-slip-on-silencer-2019-2020","status":"publish","type":"product","link":"https:\/\/rapidomotosport.hr\/en\/proizvod\/yamaha-tenere-700-leovince-exhaust-lv-14-black-slip-on-silencer-2019-2020\/","title":{"rendered":"YAMAHA TENERE 700 LeoVince Exhaust LV-14 Black Slip-On Silencer 2019-2020"},"content":{"rendered":"","protected":false},"excerpt":{"rendered":"<p>LeoVince LV-14 Black Edition predstavlja 70 godina tehni\u010dkih i stilskih inovacija. Njegovi jedinstveni oblici i vrhunski materijali kombiniraju se kako bi stvorili izdr\u017eljiv i elegantan ispu\u0161ni sustav koji pobolj\u0161ava estetiku i u\u017eitak u vo\u017enji.<\/p>\n<p>Prigu\u0161iva\u010d LV-14 Black Edition sadr\u017ei zvu\u010dno-upijaju\u0107e materijale visoke toplinske otpornosti, ru\u010dno sastavljene kako bi pru\u017eio klasi\u010dan i prepoznatljiv LeoVince zvuk. TIG zavarci, izra\u0111eni ru\u010dno od strane vje\u0161tih tehni\u010dara, osiguravaju \u010dvrsto\u0107u i pouzdanost.<\/p>\n","protected":false},"featured_media":37766,"template":"","meta":[],"product_brand":[],"product_cat":[42,17],"product_tag":[],"class_list":{"0":"post-37765","1":"product","2":"type-product","3":"status-publish","4":"has-post-thumbnail","6":"product_cat-yamaha","7":"product_cat-ispusni-sustavi","9":"first","10":"instock","11":"sale","12":"shipping-taxable","13":"purchasable","14":"product-type-simple"},"yoast_head":"<!-- This site is optimized with the Yoast SEO plugin v27.5 - https:\/\/yoast.com\/product\/yoast-seo-wordpress\/ -->\n<title>YAMAHA TENERE 700 LeoVince Exhaust LV-14 Black Slip-On Silencer 2019-2020 - Rapido Motosport<\/title>\n<meta name=\"robots\" content=\"index, follow, max-snippet:-1, max-image-preview:large, max-video-preview:-1\" \/>\n<link rel=\"canonical\" href=\"https:\/\/rapidomotosport.hr\/en\/proizvod\/yamaha-tenere-700-leovince-exhaust-lv-14-black-slip-on-silencer-2019-2020\/\" \/>\n<meta property=\"og:locale\" content=\"en_US\" \/>\n<meta property=\"og:type\" content=\"article\" \/>\n<meta property=\"og:title\" content=\"YAMAHA TENERE 700 LeoVince Exhaust LV-14 Black Slip-On Silencer 2019-2020 - Rapido Motosport\" \/>\n<meta property=\"og:description\" content=\"LeoVince LV-14 Black Edition predstavlja 70 godina tehni\u010dkih i stilskih inovacija. Njegovi jedinstveni oblici i vrhunski materijali kombiniraju se kako bi stvorili izdr\u017eljiv i elegantan ispu\u0161ni sustav koji pobolj\u0161ava estetiku i u\u017eitak u vo\u017enji.  Prigu\u0161iva\u010d LV-14 Black Edition sadr\u017ei zvu\u010dno-upijaju\u0107e materijale visoke toplinske otpornosti, ru\u010dno sastavljene kako bi pru\u017eio klasi\u010dan i prepoznatljiv LeoVince zvuk. TIG zavarci, izra\u0111eni ru\u010dno od strane vje\u0161tih tehni\u010dara, osiguravaju \u010dvrsto\u0107u i pouzdanost.\" \/>\n<meta property=\"og:url\" content=\"https:\/\/rapidomotosport.hr\/en\/proizvod\/yamaha-tenere-700-leovince-exhaust-lv-14-black-slip-on-silencer-2019-2020\/\" \/>\n<meta property=\"og:site_name\" content=\"Rapido Motosport\" \/>\n<meta property=\"article:modified_time\" content=\"2026-05-12T18:56:40+00:00\" \/>\n<meta property=\"og:image\" content=\"https:\/\/rapidomotosport.hr\/wp-content\/uploads\/2025\/12\/LV-14-BLACK-EDITION-1.png\" \/>\n\t<meta property=\"og:image:width\" content=\"2048\" \/>\n\t<meta property=\"og:image:height\" content=\"1536\" \/>\n\t<meta property=\"og:image:type\" content=\"image\/png\" \/>\n<meta name=\"twitter:card\" content=\"summary_large_image\" \/>\n<meta name=\"twitter:label1\" content=\"Est. reading time\" \/>\n\t<meta name=\"twitter:data1\" content=\"1 minute\" \/>\n<script type=\"application\/ld+json\" class=\"yoast-schema-graph\">{\"@context\":\"https:\\\/\\\/schema.org\",\"@graph\":[{\"@type\":\"WebPage\",\"@id\":\"https:\\\/\\\/rapidomotosport.hr\\\/en\\\/proizvod\\\/yamaha-tenere-700-leovince-exhaust-lv-14-black-slip-on-silencer-2019-2020\\\/\",\"url\":\"https:\\\/\\\/rapidomotosport.hr\\\/en\\\/proizvod\\\/yamaha-tenere-700-leovince-exhaust-lv-14-black-slip-on-silencer-2019-2020\\\/\",\"name\":\"YAMAHA TENERE 700 LeoVince Exhaust LV-14 Black Slip-On Silencer 2019-2020 - Rapido Motosport\",\"isPartOf\":{\"@id\":\"https:\\\/\\\/rapidomotosport.hr\\\/en\\\/#website\"},\"primaryImageOfPage\":{\"@id\":\"https:\\\/\\\/rapidomotosport.hr\\\/en\\\/proizvod\\\/yamaha-tenere-700-leovince-exhaust-lv-14-black-slip-on-silencer-2019-2020\\\/#primaryimage\"},\"image\":{\"@id\":\"https:\\\/\\\/rapidomotosport.hr\\\/en\\\/proizvod\\\/yamaha-tenere-700-leovince-exhaust-lv-14-black-slip-on-silencer-2019-2020\\\/#primaryimage\"},\"thumbnailUrl\":\"https:\\\/\\\/rapidomotosport.hr\\\/wp-content\\\/uploads\\\/2025\\\/12\\\/LV-14-BLACK-EDITION-1.png\",\"datePublished\":\"2025-12-07T18:27:40+00:00\",\"dateModified\":\"2026-05-12T18:56:40+00:00\",\"breadcrumb\":{\"@id\":\"https:\\\/\\\/rapidomotosport.hr\\\/en\\\/proizvod\\\/yamaha-tenere-700-leovince-exhaust-lv-14-black-slip-on-silencer-2019-2020\\\/#breadcrumb\"},\"inLanguage\":\"en-US\",\"potentialAction\":[{\"@type\":\"ReadAction\",\"target\":[\"https:\\\/\\\/rapidomotosport.hr\\\/en\\\/proizvod\\\/yamaha-tenere-700-leovince-exhaust-lv-14-black-slip-on-silencer-2019-2020\\\/\"]}]},{\"@type\":\"ImageObject\",\"inLanguage\":\"en-US\",\"@id\":\"https:\\\/\\\/rapidomotosport.hr\\\/en\\\/proizvod\\\/yamaha-tenere-700-leovince-exhaust-lv-14-black-slip-on-silencer-2019-2020\\\/#primaryimage\",\"url\":\"https:\\\/\\\/rapidomotosport.hr\\\/wp-content\\\/uploads\\\/2025\\\/12\\\/LV-14-BLACK-EDITION-1.png\",\"contentUrl\":\"https:\\\/\\\/rapidomotosport.hr\\\/wp-content\\\/uploads\\\/2025\\\/12\\\/LV-14-BLACK-EDITION-1.png\",\"width\":2048,\"height\":1536},{\"@type\":\"BreadcrumbList\",\"@id\":\"https:\\\/\\\/rapidomotosport.hr\\\/en\\\/proizvod\\\/yamaha-tenere-700-leovince-exhaust-lv-14-black-slip-on-silencer-2019-2020\\\/#breadcrumb\",\"itemListElement\":[{\"@type\":\"ListItem\",\"position\":1,\"name\":\"Po\u010detna stranica\",\"item\":\"https:\\\/\\\/rapidomotosport.hr\\\/en\\\/\"},{\"@type\":\"ListItem\",\"position\":2,\"name\":\"Shop\",\"item\":\"https:\\\/\\\/rapidomotosport.hr\\\/en\\\/shop\\\/\"},{\"@type\":\"ListItem\",\"position\":3,\"name\":\"YAMAHA TENERE 700 LeoVince Exhaust LV-14 Black Slip-On Silencer 2019-2020\"}]},{\"@type\":\"WebSite\",\"@id\":\"https:\\\/\\\/rapidomotosport.hr\\\/en\\\/#website\",\"url\":\"https:\\\/\\\/rapidomotosport.hr\\\/en\\\/\",\"name\":\"Rapido Motosport\",\"description\":\"\",\"potentialAction\":[{\"@type\":\"SearchAction\",\"target\":{\"@type\":\"EntryPoint\",\"urlTemplate\":\"https:\\\/\\\/rapidomotosport.hr\\\/en\\\/?s={search_term_string}\"},\"query-input\":{\"@type\":\"PropertyValueSpecification\",\"valueRequired\":true,\"valueName\":\"search_term_string\"}}],\"inLanguage\":\"en-US\"}]}<\/script>\n<!-- \/ Yoast SEO plugin. -->","yoast_head_json":{"title":"YAMAHA TENERE 700 LeoVince Exhaust LV-14 Black Slip-On Silencer 2019-2020 - Rapido Motosport","robots":{"index":"index","follow":"follow","max-snippet":"max-snippet:-1","max-image-preview":"max-image-preview:large","max-video-preview":"max-video-preview:-1"},"canonical":"https:\/\/rapidomotosport.hr\/en\/proizvod\/yamaha-tenere-700-leovince-exhaust-lv-14-black-slip-on-silencer-2019-2020\/","og_locale":"en_US","og_type":"article","og_title":"YAMAHA TENERE 700 LeoVince Exhaust LV-14 Black Slip-On Silencer 2019-2020 - Rapido Motosport","og_description":"LeoVince LV-14 Black Edition predstavlja 70 godina tehni\u010dkih i stilskih inovacija. Njegovi jedinstveni oblici i vrhunski materijali kombiniraju se kako bi stvorili izdr\u017eljiv i elegantan ispu\u0161ni sustav koji pobolj\u0161ava estetiku i u\u017eitak u vo\u017enji.  Prigu\u0161iva\u010d LV-14 Black Edition sadr\u017ei zvu\u010dno-upijaju\u0107e materijale visoke toplinske otpornosti, ru\u010dno sastavljene kako bi pru\u017eio klasi\u010dan i prepoznatljiv LeoVince zvuk. TIG zavarci, izra\u0111eni ru\u010dno od strane vje\u0161tih tehni\u010dara, osiguravaju \u010dvrsto\u0107u i pouzdanost.","og_url":"https:\/\/rapidomotosport.hr\/en\/proizvod\/yamaha-tenere-700-leovince-exhaust-lv-14-black-slip-on-silencer-2019-2020\/","og_site_name":"Rapido Motosport","article_modified_time":"2026-05-12T18:56:40+00:00","og_image":[{"width":2048,"height":1536,"url":"https:\/\/rapidomotosport.hr\/wp-content\/uploads\/2025\/12\/LV-14-BLACK-EDITION-1.png","type":"image\/png"}],"twitter_card":"summary_large_image","twitter_misc":{"Est. reading time":"1 minute"},"schema":{"@context":"https:\/\/schema.org","@graph":[{"@type":"WebPage","@id":"https:\/\/rapidomotosport.hr\/en\/proizvod\/yamaha-tenere-700-leovince-exhaust-lv-14-black-slip-on-silencer-2019-2020\/","url":"https:\/\/rapidomotosport.hr\/en\/proizvod\/yamaha-tenere-700-leovince-exhaust-lv-14-black-slip-on-silencer-2019-2020\/","name":"YAMAHA TENERE 700 LeoVince Exhaust LV-14 Black Slip-On Silencer 2019-2020 - Rapido Motosport","isPartOf":{"@id":"https:\/\/rapidomotosport.hr\/en\/#website"},"primaryImageOfPage":{"@id":"https:\/\/rapidomotosport.hr\/en\/proizvod\/yamaha-tenere-700-leovince-exhaust-lv-14-black-slip-on-silencer-2019-2020\/#primaryimage"},"image":{"@id":"https:\/\/rapidomotosport.hr\/en\/proizvod\/yamaha-tenere-700-leovince-exhaust-lv-14-black-slip-on-silencer-2019-2020\/#primaryimage"},"thumbnailUrl":"https:\/\/rapidomotosport.hr\/wp-content\/uploads\/2025\/12\/LV-14-BLACK-EDITION-1.png","datePublished":"2025-12-07T18:27:40+00:00","dateModified":"2026-05-12T18:56:40+00:00","breadcrumb":{"@id":"https:\/\/rapidomotosport.hr\/en\/proizvod\/yamaha-tenere-700-leovince-exhaust-lv-14-black-slip-on-silencer-2019-2020\/#breadcrumb"},"inLanguage":"en-US","potentialAction":[{"@type":"ReadAction","target":["https:\/\/rapidomotosport.hr\/en\/proizvod\/yamaha-tenere-700-leovince-exhaust-lv-14-black-slip-on-silencer-2019-2020\/"]}]},{"@type":"ImageObject","inLanguage":"en-US","@id":"https:\/\/rapidomotosport.hr\/en\/proizvod\/yamaha-tenere-700-leovince-exhaust-lv-14-black-slip-on-silencer-2019-2020\/#primaryimage","url":"https:\/\/rapidomotosport.hr\/wp-content\/uploads\/2025\/12\/LV-14-BLACK-EDITION-1.png","contentUrl":"https:\/\/rapidomotosport.hr\/wp-content\/uploads\/2025\/12\/LV-14-BLACK-EDITION-1.png","width":2048,"height":1536},{"@type":"BreadcrumbList","@id":"https:\/\/rapidomotosport.hr\/en\/proizvod\/yamaha-tenere-700-leovince-exhaust-lv-14-black-slip-on-silencer-2019-2020\/#breadcrumb","itemListElement":[{"@type":"ListItem","position":1,"name":"Po\u010detna stranica","item":"https:\/\/rapidomotosport.hr\/en\/"},{"@type":"ListItem","position":2,"name":"Shop","item":"https:\/\/rapidomotosport.hr\/en\/shop\/"},{"@type":"ListItem","position":3,"name":"YAMAHA TENERE 700 LeoVince Exhaust LV-14 Black Slip-On Silencer 2019-2020"}]},{"@type":"WebSite","@id":"https:\/\/rapidomotosport.hr\/en\/#website","url":"https:\/\/rapidomotosport.hr\/en\/","name":"Rapido Motosport","description":"","potentialAction":[{"@type":"SearchAction","target":{"@type":"EntryPoint","urlTemplate":"https:\/\/rapidomotosport.hr\/en\/?s={search_term_string}"},"query-input":{"@type":"PropertyValueSpecification","valueRequired":true,"valueName":"search_term_string"}}],"inLanguage":"en-US"}]}},"_links":{"self":[{"href":"https:\/\/rapidomotosport.hr\/en\/wp-json\/wp\/v2\/product\/37765","targetHints":{"allow":["GET"]}}],"collection":[{"href":"https:\/\/rapidomotosport.hr\/en\/wp-json\/wp\/v2\/product"}],"about":[{"href":"https:\/\/rapidomotosport.hr\/en\/wp-json\/wp\/v2\/types\/product"}],"wp:featuredmedia":[{"embeddable":true,"href":"https:\/\/rapidomotosport.hr\/en\/wp-json\/wp\/v2\/media\/37766"}],"wp:attachment":[{"href":"https:\/\/rapidomotosport.hr\/en\/wp-json\/wp\/v2\/media?parent=37765"}],"wp:term":[{"taxonomy":"product_brand","embeddable":true,"href":"https:\/\/rapidomotosport.hr\/en\/wp-json\/wp\/v2\/product_brand?post=37765"},{"taxonomy":"product_cat","embeddable":true,"href":"https:\/\/rapidomotosport.hr\/en\/wp-json\/wp\/v2\/product_cat?post=37765"},{"taxonomy":"product_tag","embeddable":true,"href":"https:\/\/rapidomotosport.hr\/en\/wp-json\/wp\/v2\/product_tag?post=37765"}],"curies":[{"name":"wp","href":"https:\/\/api.w.org\/{rel}","templated":true}]}}