{"id":37912,"date":"2025-12-07T21:23:52","date_gmt":"2025-12-07T20:23:52","guid":{"rendered":"https:\/\/rapidomotosport.hr\/?post_type=product&#038;p=37912"},"modified":"2026-05-12T19:56:12","modified_gmt":"2026-05-12T17:56:12","slug":"yamaha-xsr-900-gp-akrapovic-racing-line-titanium-2022-2025-2","status":"publish","type":"product","link":"https:\/\/rapidomotosport.hr\/en\/proizvod\/yamaha-xsr-900-gp-akrapovic-racing-line-titanium-2022-2025-2\/","title":{"rendered":"YAMAHA XSR 900 GP Akrapovi\u010d Racing Line (Titanium) 2022-2026"},"content":{"rendered":"","protected":false},"excerpt":{"rendered":"<p class=\"p1\"><span class=\"s1\">Ovaj neo-retro oblik ispuha koristi <\/span><span class=\"s2\">dizajn iz ba\u0161tine<\/span><span class=\"s1\"> koji je Akrapovi\u010d prvi put predstavio prije 30 godina, sada moderniziran za dana\u0161nje tr\u017ei\u0161te uz primjenu suvremene tehnologije, vrhunskih rje\u0161enja i inovativnih materijala.<\/span><\/p>\n<p class=\"p1\"><span class=\"s1\">Cijeli sustav je <\/span><span class=\"s2\">EC\/ECE homologiran<\/span><span class=\"s1\">, s ugra\u0111enim katalizatorom koji ga \u010dini proizvodom uskla\u0111enim s Euro 5 normama. Vanjski omota\u010d prigu\u0161iva\u010da izra\u0111en je od <\/span><span class=\"s2\">visokokvalitetnog titana<\/span><span class=\"s1\">, dok su svi ostali dijelovi izra\u0111eni od <\/span><span class=\"s2\">nehr\u0111aju\u0107eg \u010delika<\/span><span class=\"s1\">. Predprigu\u0161iva\u010d i prigu\u0161iva\u010d pjeskareni su kako bi se postigla savr\u0161ena zavr\u0161na obrada. Paket uklju\u010duje i <\/span><span class=\"s2\">crno obojeni nosa\u010d prigu\u0161iva\u010da<\/span><span class=\"s1\"> te dva toplinska \u0161titnika, dizajnirana za za\u0161titu voza\u010dke opreme.<\/span><\/p>\n<p class=\"p1\"><span class=\"s1\">Prigu\u0161iva\u010d izlazi s desne strane motocikla (standardno je ispod), nagla\u0161avaju\u0107i <\/span><span class=\"s2\">trka\u0107i i retro izgled<\/span><span class=\"s1\">stroja. Sustav pru\u017ea dubok, bogat i \u017eivopisan zvuk, savr\u0161eno uskla\u0111en s odzivom na gas, te pove\u0107ava snagu za 1,4 kW (1,9 KS) pri 9.100 o\/min i zakretni moment za 1,4 Nm pri 9.800 o\/min, mjereno na Akrapovi\u010devom dinamometru u usporedbi s Yamaha XSR900 s tvorni\u010dkim ispu\u0161nim sustavom. Sustav ima <\/span><span class=\"s2\">plug-and-play<\/span><span class=\"s1\"> instalaciju, bez potrebe za dodatnim pode\u0161avanjem.<\/span><\/p>\n<p class=\"p1\"><span class=\"s1\">Ovaj sustav nije kompatibilan s originalnim Yamaha bo\u010dnim torbama.<\/span><\/p>\n","protected":false},"featured_media":10517,"template":"","meta":[],"product_brand":[],"product_cat":[42,17],"product_tag":[],"class_list":{"0":"post-37912","1":"product","2":"type-product","3":"status-publish","4":"has-post-thumbnail","6":"product_cat-yamaha","7":"product_cat-ispusni-sustavi","9":"first","10":"instock","11":"sale","12":"shipping-taxable","13":"purchasable","14":"product-type-simple"},"yoast_head":"<!-- This site is optimized with the Yoast SEO plugin v27.5 - https:\/\/yoast.com\/product\/yoast-seo-wordpress\/ -->\n<title>YAMAHA XSR 900 GP Akrapovi\u010d Racing Line (Titanium) 2022-2026 - Rapido Motosport<\/title>\n<meta name=\"robots\" content=\"index, follow, max-snippet:-1, max-image-preview:large, max-video-preview:-1\" \/>\n<link rel=\"canonical\" href=\"https:\/\/rapidomotosport.hr\/en\/proizvod\/yamaha-xsr-900-gp-akrapovic-racing-line-titanium-2022-2025-2\/\" \/>\n<meta property=\"og:locale\" content=\"en_US\" \/>\n<meta property=\"og:type\" content=\"article\" \/>\n<meta property=\"og:title\" content=\"YAMAHA XSR 900 GP Akrapovi\u010d Racing Line (Titanium) 2022-2026 - Rapido Motosport\" \/>\n<meta property=\"og:description\" content=\"Ovaj neo-retro oblik ispuha koristi dizajn iz ba\u0161tine koji je Akrapovi\u010d prvi put predstavio prije 30 godina, sada moderniziran za dana\u0161nje tr\u017ei\u0161te uz primjenu suvremene tehnologije, vrhunskih rje\u0161enja i inovativnih materijala. Cijeli sustav je EC\/ECE homologiran, s ugra\u0111enim katalizatorom koji ga \u010dini proizvodom uskla\u0111enim s Euro 5 normama. Vanjski omota\u010d prigu\u0161iva\u010da izra\u0111en je od visokokvalitetnog titana, dok su svi ostali dijelovi izra\u0111eni od nehr\u0111aju\u0107eg \u010delika. Predprigu\u0161iva\u010d i prigu\u0161iva\u010d pjeskareni su kako bi se postigla savr\u0161ena zavr\u0161na obrada. Paket uklju\u010duje i crno obojeni nosa\u010d prigu\u0161iva\u010da te dva toplinska \u0161titnika, dizajnirana za za\u0161titu voza\u010dke opreme. Prigu\u0161iva\u010d izlazi s desne strane motocikla (standardno je ispod), nagla\u0161avaju\u0107i trka\u0107i i retro izgledstroja. Sustav pru\u017ea dubok, bogat i \u017eivopisan zvuk, savr\u0161eno uskla\u0111en s odzivom na gas, te pove\u0107ava snagu za 1,4 kW (1,9 KS) pri 9.100 o\/min i zakretni moment za 1,4 Nm pri 9.800 o\/min, mjereno na Akrapovi\u010devom dinamometru u usporedbi s Yamaha XSR900 s tvorni\u010dkim ispu\u0161nim sustavom. Sustav ima plug-and-play instalaciju, bez potrebe za dodatnim pode\u0161avanjem. Ovaj sustav nije kompatibilan s originalnim Yamaha bo\u010dnim torbama.\" \/>\n<meta property=\"og:url\" content=\"https:\/\/rapidomotosport.hr\/en\/proizvod\/yamaha-xsr-900-gp-akrapovic-racing-line-titanium-2022-2025-2\/\" \/>\n<meta property=\"og:site_name\" content=\"Rapido Motosport\" \/>\n<meta property=\"article:modified_time\" content=\"2026-05-12T17:56:12+00:00\" \/>\n<meta property=\"og:image\" content=\"https:\/\/rapidomotosport.hr\/wp-content\/uploads\/2025\/01\/5784bf1b-d7e4-41a7-900f-184fbdb38e18-min.png\" \/>\n\t<meta property=\"og:image:width\" content=\"2362\" \/>\n\t<meta property=\"og:image:height\" content=\"1769\" \/>\n\t<meta property=\"og:image:type\" content=\"image\/png\" \/>\n<meta name=\"twitter:card\" content=\"summary_large_image\" \/>\n<meta name=\"twitter:label1\" content=\"Est. reading time\" \/>\n\t<meta name=\"twitter:data1\" content=\"1 minute\" \/>\n<script type=\"application\/ld+json\" class=\"yoast-schema-graph\">{\"@context\":\"https:\\\/\\\/schema.org\",\"@graph\":[{\"@type\":\"WebPage\",\"@id\":\"https:\\\/\\\/rapidomotosport.hr\\\/en\\\/proizvod\\\/yamaha-xsr-900-gp-akrapovic-racing-line-titanium-2022-2025-2\\\/\",\"url\":\"https:\\\/\\\/rapidomotosport.hr\\\/en\\\/proizvod\\\/yamaha-xsr-900-gp-akrapovic-racing-line-titanium-2022-2025-2\\\/\",\"name\":\"YAMAHA XSR 900 GP Akrapovi\u010d Racing Line (Titanium) 2022-2026 - Rapido Motosport\",\"isPartOf\":{\"@id\":\"https:\\\/\\\/rapidomotosport.hr\\\/en\\\/#website\"},\"primaryImageOfPage\":{\"@id\":\"https:\\\/\\\/rapidomotosport.hr\\\/en\\\/proizvod\\\/yamaha-xsr-900-gp-akrapovic-racing-line-titanium-2022-2025-2\\\/#primaryimage\"},\"image\":{\"@id\":\"https:\\\/\\\/rapidomotosport.hr\\\/en\\\/proizvod\\\/yamaha-xsr-900-gp-akrapovic-racing-line-titanium-2022-2025-2\\\/#primaryimage\"},\"thumbnailUrl\":\"https:\\\/\\\/rapidomotosport.hr\\\/wp-content\\\/uploads\\\/2025\\\/01\\\/5784bf1b-d7e4-41a7-900f-184fbdb38e18-min.png\",\"datePublished\":\"2025-12-07T20:23:52+00:00\",\"dateModified\":\"2026-05-12T17:56:12+00:00\",\"breadcrumb\":{\"@id\":\"https:\\\/\\\/rapidomotosport.hr\\\/en\\\/proizvod\\\/yamaha-xsr-900-gp-akrapovic-racing-line-titanium-2022-2025-2\\\/#breadcrumb\"},\"inLanguage\":\"en-US\",\"potentialAction\":[{\"@type\":\"ReadAction\",\"target\":[\"https:\\\/\\\/rapidomotosport.hr\\\/en\\\/proizvod\\\/yamaha-xsr-900-gp-akrapovic-racing-line-titanium-2022-2025-2\\\/\"]}]},{\"@type\":\"ImageObject\",\"inLanguage\":\"en-US\",\"@id\":\"https:\\\/\\\/rapidomotosport.hr\\\/en\\\/proizvod\\\/yamaha-xsr-900-gp-akrapovic-racing-line-titanium-2022-2025-2\\\/#primaryimage\",\"url\":\"https:\\\/\\\/rapidomotosport.hr\\\/wp-content\\\/uploads\\\/2025\\\/01\\\/5784bf1b-d7e4-41a7-900f-184fbdb38e18-min.png\",\"contentUrl\":\"https:\\\/\\\/rapidomotosport.hr\\\/wp-content\\\/uploads\\\/2025\\\/01\\\/5784bf1b-d7e4-41a7-900f-184fbdb38e18-min.png\",\"width\":2362,\"height\":1769},{\"@type\":\"BreadcrumbList\",\"@id\":\"https:\\\/\\\/rapidomotosport.hr\\\/en\\\/proizvod\\\/yamaha-xsr-900-gp-akrapovic-racing-line-titanium-2022-2025-2\\\/#breadcrumb\",\"itemListElement\":[{\"@type\":\"ListItem\",\"position\":1,\"name\":\"Po\u010detna stranica\",\"item\":\"https:\\\/\\\/rapidomotosport.hr\\\/en\\\/\"},{\"@type\":\"ListItem\",\"position\":2,\"name\":\"Shop\",\"item\":\"https:\\\/\\\/rapidomotosport.hr\\\/en\\\/shop\\\/\"},{\"@type\":\"ListItem\",\"position\":3,\"name\":\"YAMAHA XSR 900 GP Akrapovi\u010d Racing Line (Titanium) 2022-2026\"}]},{\"@type\":\"WebSite\",\"@id\":\"https:\\\/\\\/rapidomotosport.hr\\\/en\\\/#website\",\"url\":\"https:\\\/\\\/rapidomotosport.hr\\\/en\\\/\",\"name\":\"Rapido Motosport\",\"description\":\"\",\"potentialAction\":[{\"@type\":\"SearchAction\",\"target\":{\"@type\":\"EntryPoint\",\"urlTemplate\":\"https:\\\/\\\/rapidomotosport.hr\\\/en\\\/?s={search_term_string}\"},\"query-input\":{\"@type\":\"PropertyValueSpecification\",\"valueRequired\":true,\"valueName\":\"search_term_string\"}}],\"inLanguage\":\"en-US\"}]}<\/script>\n<!-- \/ Yoast SEO plugin. -->","yoast_head_json":{"title":"YAMAHA XSR 900 GP Akrapovi\u010d Racing Line (Titanium) 2022-2026 - Rapido Motosport","robots":{"index":"index","follow":"follow","max-snippet":"max-snippet:-1","max-image-preview":"max-image-preview:large","max-video-preview":"max-video-preview:-1"},"canonical":"https:\/\/rapidomotosport.hr\/en\/proizvod\/yamaha-xsr-900-gp-akrapovic-racing-line-titanium-2022-2025-2\/","og_locale":"en_US","og_type":"article","og_title":"YAMAHA XSR 900 GP Akrapovi\u010d Racing Line (Titanium) 2022-2026 - Rapido Motosport","og_description":"Ovaj neo-retro oblik ispuha koristi dizajn iz ba\u0161tine koji je Akrapovi\u010d prvi put predstavio prije 30 godina, sada moderniziran za dana\u0161nje tr\u017ei\u0161te uz primjenu suvremene tehnologije, vrhunskih rje\u0161enja i inovativnih materijala. Cijeli sustav je EC\/ECE homologiran, s ugra\u0111enim katalizatorom koji ga \u010dini proizvodom uskla\u0111enim s Euro 5 normama. Vanjski omota\u010d prigu\u0161iva\u010da izra\u0111en je od visokokvalitetnog titana, dok su svi ostali dijelovi izra\u0111eni od nehr\u0111aju\u0107eg \u010delika. Predprigu\u0161iva\u010d i prigu\u0161iva\u010d pjeskareni su kako bi se postigla savr\u0161ena zavr\u0161na obrada. Paket uklju\u010duje i crno obojeni nosa\u010d prigu\u0161iva\u010da te dva toplinska \u0161titnika, dizajnirana za za\u0161titu voza\u010dke opreme. Prigu\u0161iva\u010d izlazi s desne strane motocikla (standardno je ispod), nagla\u0161avaju\u0107i trka\u0107i i retro izgledstroja. Sustav pru\u017ea dubok, bogat i \u017eivopisan zvuk, savr\u0161eno uskla\u0111en s odzivom na gas, te pove\u0107ava snagu za 1,4 kW (1,9 KS) pri 9.100 o\/min i zakretni moment za 1,4 Nm pri 9.800 o\/min, mjereno na Akrapovi\u010devom dinamometru u usporedbi s Yamaha XSR900 s tvorni\u010dkim ispu\u0161nim sustavom. Sustav ima plug-and-play instalaciju, bez potrebe za dodatnim pode\u0161avanjem. Ovaj sustav nije kompatibilan s originalnim Yamaha bo\u010dnim torbama.","og_url":"https:\/\/rapidomotosport.hr\/en\/proizvod\/yamaha-xsr-900-gp-akrapovic-racing-line-titanium-2022-2025-2\/","og_site_name":"Rapido Motosport","article_modified_time":"2026-05-12T17:56:12+00:00","og_image":[{"width":2362,"height":1769,"url":"https:\/\/rapidomotosport.hr\/wp-content\/uploads\/2025\/01\/5784bf1b-d7e4-41a7-900f-184fbdb38e18-min.png","type":"image\/png"}],"twitter_card":"summary_large_image","twitter_misc":{"Est. reading time":"1 minute"},"schema":{"@context":"https:\/\/schema.org","@graph":[{"@type":"WebPage","@id":"https:\/\/rapidomotosport.hr\/en\/proizvod\/yamaha-xsr-900-gp-akrapovic-racing-line-titanium-2022-2025-2\/","url":"https:\/\/rapidomotosport.hr\/en\/proizvod\/yamaha-xsr-900-gp-akrapovic-racing-line-titanium-2022-2025-2\/","name":"YAMAHA XSR 900 GP Akrapovi\u010d Racing Line (Titanium) 2022-2026 - Rapido Motosport","isPartOf":{"@id":"https:\/\/rapidomotosport.hr\/en\/#website"},"primaryImageOfPage":{"@id":"https:\/\/rapidomotosport.hr\/en\/proizvod\/yamaha-xsr-900-gp-akrapovic-racing-line-titanium-2022-2025-2\/#primaryimage"},"image":{"@id":"https:\/\/rapidomotosport.hr\/en\/proizvod\/yamaha-xsr-900-gp-akrapovic-racing-line-titanium-2022-2025-2\/#primaryimage"},"thumbnailUrl":"https:\/\/rapidomotosport.hr\/wp-content\/uploads\/2025\/01\/5784bf1b-d7e4-41a7-900f-184fbdb38e18-min.png","datePublished":"2025-12-07T20:23:52+00:00","dateModified":"2026-05-12T17:56:12+00:00","breadcrumb":{"@id":"https:\/\/rapidomotosport.hr\/en\/proizvod\/yamaha-xsr-900-gp-akrapovic-racing-line-titanium-2022-2025-2\/#breadcrumb"},"inLanguage":"en-US","potentialAction":[{"@type":"ReadAction","target":["https:\/\/rapidomotosport.hr\/en\/proizvod\/yamaha-xsr-900-gp-akrapovic-racing-line-titanium-2022-2025-2\/"]}]},{"@type":"ImageObject","inLanguage":"en-US","@id":"https:\/\/rapidomotosport.hr\/en\/proizvod\/yamaha-xsr-900-gp-akrapovic-racing-line-titanium-2022-2025-2\/#primaryimage","url":"https:\/\/rapidomotosport.hr\/wp-content\/uploads\/2025\/01\/5784bf1b-d7e4-41a7-900f-184fbdb38e18-min.png","contentUrl":"https:\/\/rapidomotosport.hr\/wp-content\/uploads\/2025\/01\/5784bf1b-d7e4-41a7-900f-184fbdb38e18-min.png","width":2362,"height":1769},{"@type":"BreadcrumbList","@id":"https:\/\/rapidomotosport.hr\/en\/proizvod\/yamaha-xsr-900-gp-akrapovic-racing-line-titanium-2022-2025-2\/#breadcrumb","itemListElement":[{"@type":"ListItem","position":1,"name":"Po\u010detna stranica","item":"https:\/\/rapidomotosport.hr\/en\/"},{"@type":"ListItem","position":2,"name":"Shop","item":"https:\/\/rapidomotosport.hr\/en\/shop\/"},{"@type":"ListItem","position":3,"name":"YAMAHA XSR 900 GP Akrapovi\u010d Racing Line (Titanium) 2022-2026"}]},{"@type":"WebSite","@id":"https:\/\/rapidomotosport.hr\/en\/#website","url":"https:\/\/rapidomotosport.hr\/en\/","name":"Rapido Motosport","description":"","potentialAction":[{"@type":"SearchAction","target":{"@type":"EntryPoint","urlTemplate":"https:\/\/rapidomotosport.hr\/en\/?s={search_term_string}"},"query-input":{"@type":"PropertyValueSpecification","valueRequired":true,"valueName":"search_term_string"}}],"inLanguage":"en-US"}]}},"_links":{"self":[{"href":"https:\/\/rapidomotosport.hr\/en\/wp-json\/wp\/v2\/product\/37912","targetHints":{"allow":["GET"]}}],"collection":[{"href":"https:\/\/rapidomotosport.hr\/en\/wp-json\/wp\/v2\/product"}],"about":[{"href":"https:\/\/rapidomotosport.hr\/en\/wp-json\/wp\/v2\/types\/product"}],"wp:featuredmedia":[{"embeddable":true,"href":"https:\/\/rapidomotosport.hr\/en\/wp-json\/wp\/v2\/media\/10517"}],"wp:attachment":[{"href":"https:\/\/rapidomotosport.hr\/en\/wp-json\/wp\/v2\/media?parent=37912"}],"wp:term":[{"taxonomy":"product_brand","embeddable":true,"href":"https:\/\/rapidomotosport.hr\/en\/wp-json\/wp\/v2\/product_brand?post=37912"},{"taxonomy":"product_cat","embeddable":true,"href":"https:\/\/rapidomotosport.hr\/en\/wp-json\/wp\/v2\/product_cat?post=37912"},{"taxonomy":"product_tag","embeddable":true,"href":"https:\/\/rapidomotosport.hr\/en\/wp-json\/wp\/v2\/product_tag?post=37912"}],"curies":[{"name":"wp","href":"https:\/\/api.w.org\/{rel}","templated":true}]}}