{"id":40291,"date":"2025-12-14T20:03:45","date_gmt":"2025-12-14T19:03:45","guid":{"rendered":"https:\/\/rapidomotosport.hr\/?post_type=product&#038;p=40291"},"modified":"2026-01-15T09:26:22","modified_gmt":"2026-01-15T08:26:22","slug":"aprilia-sr-125-gt-leovince-exhaust-complete-racing-system-with-gp-corsa-evo-silencer-2022-2024","status":"publish","type":"product","link":"https:\/\/rapidomotosport.hr\/en\/proizvod\/aprilia-sr-125-gt-leovince-exhaust-complete-racing-system-with-gp-corsa-evo-silencer-2022-2024\/","title":{"rendered":"APRILIA SR 125 GT LeoVince Exhaust Complete Racing System with GP CORSA EVO Silencer 2022-2024"},"content":{"rendered":"","protected":false},"excerpt":{"rendered":"<p>Pla\u0161t GP Corsa Evo izra\u0111ujemo od dvostrukog sloja karbonskih vlakana u 2&#215;2 tkanju, posebno razvijenih za otpornost na visoke temperature i dodatno smanjenje mase ispu\u0161nog sustava.<\/p>\n<p>Za karbonska vlakna odabrana je mat zavr\u0161na obrada, dok je za ulazni i izlazni dio primijenjena bru\u0161ena zavr\u0161na obrada, kako bi se GP Corsa Evo dao taman izgled, naglasili njegovi oblici te crna boja u\u010dinila intenzivnijom i agresivnijom.<\/p>\n<p>Pla\u0161t GP Corsa EVO dodatno je oplemenjen aluminijskom plo\u010dicom s reljefnim LV logotipom, detaljem koji isti\u010de kvalitetu koju je LeoVince razvio kroz vi\u0161e od 70 godina iskustva.<\/p>\n<p>NAPOMENA: NIJE HOMOLOGIRANO<\/p>\n","protected":false},"featured_media":40292,"template":"","meta":[],"product_brand":[],"product_cat":[17,18],"product_tag":[],"class_list":{"0":"post-40291","1":"product","2":"type-product","3":"status-publish","4":"has-post-thumbnail","6":"product_cat-ispusni-sustavi","7":"product_cat-aprilia","9":"first","10":"instock","11":"sale","12":"shipping-taxable","13":"purchasable","14":"product-type-simple"},"yoast_head":"<!-- This site is optimized with the Yoast SEO plugin v27.5 - https:\/\/yoast.com\/product\/yoast-seo-wordpress\/ -->\n<title>APRILIA SR 125 GT LeoVince Exhaust Complete Racing System with GP CORSA EVO Silencer 2022-2024 - Rapido Motosport<\/title>\n<meta name=\"robots\" content=\"index, follow, max-snippet:-1, max-image-preview:large, max-video-preview:-1\" \/>\n<link rel=\"canonical\" href=\"https:\/\/rapidomotosport.hr\/en\/proizvod\/aprilia-sr-125-gt-leovince-exhaust-complete-racing-system-with-gp-corsa-evo-silencer-2022-2024\/\" \/>\n<meta property=\"og:locale\" content=\"en_US\" \/>\n<meta property=\"og:type\" content=\"article\" \/>\n<meta property=\"og:title\" content=\"APRILIA SR 125 GT LeoVince Exhaust Complete Racing System with GP CORSA EVO Silencer 2022-2024 - Rapido Motosport\" \/>\n<meta property=\"og:description\" content=\"Pla\u0161t GP Corsa Evo izra\u0111ujemo od dvostrukog sloja karbonskih vlakana u 2x2 tkanju, posebno razvijenih za otpornost na visoke temperature i dodatno smanjenje mase ispu\u0161nog sustava.  Za karbonska vlakna odabrana je mat zavr\u0161na obrada, dok je za ulazni i izlazni dio primijenjena bru\u0161ena zavr\u0161na obrada, kako bi se GP Corsa Evo dao taman izgled, naglasili njegovi oblici te crna boja u\u010dinila intenzivnijom i agresivnijom.  Pla\u0161t GP Corsa EVO dodatno je oplemenjen aluminijskom plo\u010dicom s reljefnim LV logotipom, detaljem koji isti\u010de kvalitetu koju je LeoVince razvio kroz vi\u0161e od 70 godina iskustva.  NAPOMENA: NIJE HOMOLOGIRANO\" \/>\n<meta property=\"og:url\" content=\"https:\/\/rapidomotosport.hr\/en\/proizvod\/aprilia-sr-125-gt-leovince-exhaust-complete-racing-system-with-gp-corsa-evo-silencer-2022-2024\/\" \/>\n<meta property=\"og:site_name\" content=\"Rapido Motosport\" \/>\n<meta property=\"article:modified_time\" content=\"2026-01-15T08:26:22+00:00\" \/>\n<meta property=\"og:image\" content=\"https:\/\/rapidomotosport.hr\/wp-content\/uploads\/2025\/12\/GP-CORSA-EVO-2.png\" \/>\n\t<meta property=\"og:image:width\" content=\"2048\" \/>\n\t<meta property=\"og:image:height\" content=\"1536\" \/>\n\t<meta property=\"og:image:type\" content=\"image\/png\" \/>\n<meta name=\"twitter:card\" content=\"summary_large_image\" \/>\n<meta name=\"twitter:label1\" content=\"Est. reading time\" \/>\n\t<meta name=\"twitter:data1\" content=\"1 minute\" \/>\n<script type=\"application\/ld+json\" class=\"yoast-schema-graph\">{\"@context\":\"https:\\\/\\\/schema.org\",\"@graph\":[{\"@type\":\"WebPage\",\"@id\":\"https:\\\/\\\/rapidomotosport.hr\\\/en\\\/proizvod\\\/aprilia-sr-125-gt-leovince-exhaust-complete-racing-system-with-gp-corsa-evo-silencer-2022-2024\\\/\",\"url\":\"https:\\\/\\\/rapidomotosport.hr\\\/en\\\/proizvod\\\/aprilia-sr-125-gt-leovince-exhaust-complete-racing-system-with-gp-corsa-evo-silencer-2022-2024\\\/\",\"name\":\"APRILIA SR 125 GT LeoVince Exhaust Complete Racing System with GP CORSA EVO Silencer 2022-2024 - Rapido Motosport\",\"isPartOf\":{\"@id\":\"https:\\\/\\\/rapidomotosport.hr\\\/en\\\/#website\"},\"primaryImageOfPage\":{\"@id\":\"https:\\\/\\\/rapidomotosport.hr\\\/en\\\/proizvod\\\/aprilia-sr-125-gt-leovince-exhaust-complete-racing-system-with-gp-corsa-evo-silencer-2022-2024\\\/#primaryimage\"},\"image\":{\"@id\":\"https:\\\/\\\/rapidomotosport.hr\\\/en\\\/proizvod\\\/aprilia-sr-125-gt-leovince-exhaust-complete-racing-system-with-gp-corsa-evo-silencer-2022-2024\\\/#primaryimage\"},\"thumbnailUrl\":\"https:\\\/\\\/rapidomotosport.hr\\\/wp-content\\\/uploads\\\/2025\\\/12\\\/GP-CORSA-EVO-2.png\",\"datePublished\":\"2025-12-14T19:03:45+00:00\",\"dateModified\":\"2026-01-15T08:26:22+00:00\",\"breadcrumb\":{\"@id\":\"https:\\\/\\\/rapidomotosport.hr\\\/en\\\/proizvod\\\/aprilia-sr-125-gt-leovince-exhaust-complete-racing-system-with-gp-corsa-evo-silencer-2022-2024\\\/#breadcrumb\"},\"inLanguage\":\"en-US\",\"potentialAction\":[{\"@type\":\"ReadAction\",\"target\":[\"https:\\\/\\\/rapidomotosport.hr\\\/en\\\/proizvod\\\/aprilia-sr-125-gt-leovince-exhaust-complete-racing-system-with-gp-corsa-evo-silencer-2022-2024\\\/\"]}]},{\"@type\":\"ImageObject\",\"inLanguage\":\"en-US\",\"@id\":\"https:\\\/\\\/rapidomotosport.hr\\\/en\\\/proizvod\\\/aprilia-sr-125-gt-leovince-exhaust-complete-racing-system-with-gp-corsa-evo-silencer-2022-2024\\\/#primaryimage\",\"url\":\"https:\\\/\\\/rapidomotosport.hr\\\/wp-content\\\/uploads\\\/2025\\\/12\\\/GP-CORSA-EVO-2.png\",\"contentUrl\":\"https:\\\/\\\/rapidomotosport.hr\\\/wp-content\\\/uploads\\\/2025\\\/12\\\/GP-CORSA-EVO-2.png\",\"width\":2048,\"height\":1536},{\"@type\":\"BreadcrumbList\",\"@id\":\"https:\\\/\\\/rapidomotosport.hr\\\/en\\\/proizvod\\\/aprilia-sr-125-gt-leovince-exhaust-complete-racing-system-with-gp-corsa-evo-silencer-2022-2024\\\/#breadcrumb\",\"itemListElement\":[{\"@type\":\"ListItem\",\"position\":1,\"name\":\"Po\u010detna stranica\",\"item\":\"https:\\\/\\\/rapidomotosport.hr\\\/en\\\/\"},{\"@type\":\"ListItem\",\"position\":2,\"name\":\"Shop\",\"item\":\"https:\\\/\\\/rapidomotosport.hr\\\/en\\\/shop\\\/\"},{\"@type\":\"ListItem\",\"position\":3,\"name\":\"APRILIA SR 125 GT LeoVince Exhaust Complete Racing System with GP CORSA EVO Silencer 2022-2024\"}]},{\"@type\":\"WebSite\",\"@id\":\"https:\\\/\\\/rapidomotosport.hr\\\/en\\\/#website\",\"url\":\"https:\\\/\\\/rapidomotosport.hr\\\/en\\\/\",\"name\":\"Rapido Motosport\",\"description\":\"\",\"potentialAction\":[{\"@type\":\"SearchAction\",\"target\":{\"@type\":\"EntryPoint\",\"urlTemplate\":\"https:\\\/\\\/rapidomotosport.hr\\\/en\\\/?s={search_term_string}\"},\"query-input\":{\"@type\":\"PropertyValueSpecification\",\"valueRequired\":true,\"valueName\":\"search_term_string\"}}],\"inLanguage\":\"en-US\"}]}<\/script>\n<!-- \/ Yoast SEO plugin. -->","yoast_head_json":{"title":"APRILIA SR 125 GT LeoVince Exhaust Complete Racing System with GP CORSA EVO Silencer 2022-2024 - Rapido Motosport","robots":{"index":"index","follow":"follow","max-snippet":"max-snippet:-1","max-image-preview":"max-image-preview:large","max-video-preview":"max-video-preview:-1"},"canonical":"https:\/\/rapidomotosport.hr\/en\/proizvod\/aprilia-sr-125-gt-leovince-exhaust-complete-racing-system-with-gp-corsa-evo-silencer-2022-2024\/","og_locale":"en_US","og_type":"article","og_title":"APRILIA SR 125 GT LeoVince Exhaust Complete Racing System with GP CORSA EVO Silencer 2022-2024 - Rapido Motosport","og_description":"Pla\u0161t GP Corsa Evo izra\u0111ujemo od dvostrukog sloja karbonskih vlakana u 2x2 tkanju, posebno razvijenih za otpornost na visoke temperature i dodatno smanjenje mase ispu\u0161nog sustava.  Za karbonska vlakna odabrana je mat zavr\u0161na obrada, dok je za ulazni i izlazni dio primijenjena bru\u0161ena zavr\u0161na obrada, kako bi se GP Corsa Evo dao taman izgled, naglasili njegovi oblici te crna boja u\u010dinila intenzivnijom i agresivnijom.  Pla\u0161t GP Corsa EVO dodatno je oplemenjen aluminijskom plo\u010dicom s reljefnim LV logotipom, detaljem koji isti\u010de kvalitetu koju je LeoVince razvio kroz vi\u0161e od 70 godina iskustva.  NAPOMENA: NIJE HOMOLOGIRANO","og_url":"https:\/\/rapidomotosport.hr\/en\/proizvod\/aprilia-sr-125-gt-leovince-exhaust-complete-racing-system-with-gp-corsa-evo-silencer-2022-2024\/","og_site_name":"Rapido Motosport","article_modified_time":"2026-01-15T08:26:22+00:00","og_image":[{"width":2048,"height":1536,"url":"https:\/\/rapidomotosport.hr\/wp-content\/uploads\/2025\/12\/GP-CORSA-EVO-2.png","type":"image\/png"}],"twitter_card":"summary_large_image","twitter_misc":{"Est. reading time":"1 minute"},"schema":{"@context":"https:\/\/schema.org","@graph":[{"@type":"WebPage","@id":"https:\/\/rapidomotosport.hr\/en\/proizvod\/aprilia-sr-125-gt-leovince-exhaust-complete-racing-system-with-gp-corsa-evo-silencer-2022-2024\/","url":"https:\/\/rapidomotosport.hr\/en\/proizvod\/aprilia-sr-125-gt-leovince-exhaust-complete-racing-system-with-gp-corsa-evo-silencer-2022-2024\/","name":"APRILIA SR 125 GT LeoVince Exhaust Complete Racing System with GP CORSA EVO Silencer 2022-2024 - Rapido Motosport","isPartOf":{"@id":"https:\/\/rapidomotosport.hr\/en\/#website"},"primaryImageOfPage":{"@id":"https:\/\/rapidomotosport.hr\/en\/proizvod\/aprilia-sr-125-gt-leovince-exhaust-complete-racing-system-with-gp-corsa-evo-silencer-2022-2024\/#primaryimage"},"image":{"@id":"https:\/\/rapidomotosport.hr\/en\/proizvod\/aprilia-sr-125-gt-leovince-exhaust-complete-racing-system-with-gp-corsa-evo-silencer-2022-2024\/#primaryimage"},"thumbnailUrl":"https:\/\/rapidomotosport.hr\/wp-content\/uploads\/2025\/12\/GP-CORSA-EVO-2.png","datePublished":"2025-12-14T19:03:45+00:00","dateModified":"2026-01-15T08:26:22+00:00","breadcrumb":{"@id":"https:\/\/rapidomotosport.hr\/en\/proizvod\/aprilia-sr-125-gt-leovince-exhaust-complete-racing-system-with-gp-corsa-evo-silencer-2022-2024\/#breadcrumb"},"inLanguage":"en-US","potentialAction":[{"@type":"ReadAction","target":["https:\/\/rapidomotosport.hr\/en\/proizvod\/aprilia-sr-125-gt-leovince-exhaust-complete-racing-system-with-gp-corsa-evo-silencer-2022-2024\/"]}]},{"@type":"ImageObject","inLanguage":"en-US","@id":"https:\/\/rapidomotosport.hr\/en\/proizvod\/aprilia-sr-125-gt-leovince-exhaust-complete-racing-system-with-gp-corsa-evo-silencer-2022-2024\/#primaryimage","url":"https:\/\/rapidomotosport.hr\/wp-content\/uploads\/2025\/12\/GP-CORSA-EVO-2.png","contentUrl":"https:\/\/rapidomotosport.hr\/wp-content\/uploads\/2025\/12\/GP-CORSA-EVO-2.png","width":2048,"height":1536},{"@type":"BreadcrumbList","@id":"https:\/\/rapidomotosport.hr\/en\/proizvod\/aprilia-sr-125-gt-leovince-exhaust-complete-racing-system-with-gp-corsa-evo-silencer-2022-2024\/#breadcrumb","itemListElement":[{"@type":"ListItem","position":1,"name":"Po\u010detna stranica","item":"https:\/\/rapidomotosport.hr\/en\/"},{"@type":"ListItem","position":2,"name":"Shop","item":"https:\/\/rapidomotosport.hr\/en\/shop\/"},{"@type":"ListItem","position":3,"name":"APRILIA SR 125 GT LeoVince Exhaust Complete Racing System with GP CORSA EVO Silencer 2022-2024"}]},{"@type":"WebSite","@id":"https:\/\/rapidomotosport.hr\/en\/#website","url":"https:\/\/rapidomotosport.hr\/en\/","name":"Rapido Motosport","description":"","potentialAction":[{"@type":"SearchAction","target":{"@type":"EntryPoint","urlTemplate":"https:\/\/rapidomotosport.hr\/en\/?s={search_term_string}"},"query-input":{"@type":"PropertyValueSpecification","valueRequired":true,"valueName":"search_term_string"}}],"inLanguage":"en-US"}]}},"_links":{"self":[{"href":"https:\/\/rapidomotosport.hr\/en\/wp-json\/wp\/v2\/product\/40291","targetHints":{"allow":["GET"]}}],"collection":[{"href":"https:\/\/rapidomotosport.hr\/en\/wp-json\/wp\/v2\/product"}],"about":[{"href":"https:\/\/rapidomotosport.hr\/en\/wp-json\/wp\/v2\/types\/product"}],"wp:featuredmedia":[{"embeddable":true,"href":"https:\/\/rapidomotosport.hr\/en\/wp-json\/wp\/v2\/media\/40292"}],"wp:attachment":[{"href":"https:\/\/rapidomotosport.hr\/en\/wp-json\/wp\/v2\/media?parent=40291"}],"wp:term":[{"taxonomy":"product_brand","embeddable":true,"href":"https:\/\/rapidomotosport.hr\/en\/wp-json\/wp\/v2\/product_brand?post=40291"},{"taxonomy":"product_cat","embeddable":true,"href":"https:\/\/rapidomotosport.hr\/en\/wp-json\/wp\/v2\/product_cat?post=40291"},{"taxonomy":"product_tag","embeddable":true,"href":"https:\/\/rapidomotosport.hr\/en\/wp-json\/wp\/v2\/product_tag?post=40291"}],"curies":[{"name":"wp","href":"https:\/\/api.w.org\/{rel}","templated":true}]}}