{"id":43934,"date":"2026-01-03T20:15:42","date_gmt":"2026-01-03T19:15:42","guid":{"rendered":"https:\/\/rapidomotosport.hr\/?post_type=product&#038;p=43934"},"modified":"2026-04-07T22:56:47","modified_gmt":"2026-04-07T20:56:47","slug":"aprilia-tuono-125-mivv-exhaust-complete-system-with-delta-race-silencer-2025","status":"publish","type":"product","link":"https:\/\/rapidomotosport.hr\/en\/proizvod\/aprilia-tuono-125-mivv-exhaust-complete-system-with-delta-race-silencer-2025\/","title":{"rendered":"APRILIA TUONO 125 MIVV Exhaust Complete System with DELTA RACE Silencer 2025-2026"},"content":{"rendered":"","protected":false},"excerpt":{"rendered":"<p>Izra\u0111en kako bi pobolj\u0161ao estetiku, zvuk i performanse motocikla, slip-on ispu\u0161ni sustav Mivv nastaje uz maksimalnu pa\u017enju posve\u0107enu dizajnu, s ciljem da zadovolji one koji se \u017eele istaknuti, i kroz izgled vlastitog motocikla.<\/p>\n<p>Ispu\u0161ni sustav DELTA RACE karakterizira ekskluzivan oblik koji se postupnom transformacijom iz konusnog pretvara u \u0161esterokutni. Brojni su detalji koji njegov stil \u010dine jedinstvenim, poput zavr\u0161nog poklopca od uglji\u010dnih vlakana twill 3K; obodne stezne trake s dvostrukim zakivanjem; ulazne \u010dahure izra\u0111ene iz punog materijala, kako bi se osigurala maksimalna preciznost spajanja. Na zavr\u0161etku se nalazi prepoznatljiv Mivv logotip izra\u0111en laserskom tehnologijom.<\/p>\n<p>Karakterizira ga ku\u0107i\u0161te od bru\u0161enog nehr\u0111aju\u0107eg \u010delika s efektom \u201epearled\u201c, dobiveno posebnim postupkom zavr\u0161ne obrade koji proizvodu daje neponovljiv izgled.<\/p>\n<p>NAPOMENA: Katalizator ACC.076.A1 uklju\u010den u sustav.<\/p>\n<p>Nakon ugradnje ovog ispu\u0161nog sustava mo\u017ee se upaliti lampica motora. U slu\u010daju da do\u0111e do takve situacije, opcionalna ugradnja Switch-Off Key klju\u010da rije\u0161ila bi navedenu neugodnost.<\/p>\n","protected":false},"featured_media":43919,"template":"","meta":[],"product_brand":[],"product_cat":[17,18],"product_tag":[],"class_list":{"0":"post-43934","1":"product","2":"type-product","3":"status-publish","4":"has-post-thumbnail","6":"product_cat-ispusni-sustavi","7":"product_cat-aprilia","9":"first","10":"instock","11":"sale","12":"shipping-taxable","13":"purchasable","14":"product-type-simple"},"yoast_head":"<!-- This site is optimized with the Yoast SEO plugin v27.5 - https:\/\/yoast.com\/product\/yoast-seo-wordpress\/ -->\n<title>APRILIA TUONO 125 MIVV Exhaust Complete System with DELTA RACE Silencer 2025-2026 - Rapido Motosport<\/title>\n<meta name=\"robots\" content=\"index, follow, max-snippet:-1, max-image-preview:large, max-video-preview:-1\" \/>\n<link rel=\"canonical\" href=\"https:\/\/rapidomotosport.hr\/en\/proizvod\/aprilia-tuono-125-mivv-exhaust-complete-system-with-delta-race-silencer-2025\/\" \/>\n<meta property=\"og:locale\" content=\"en_US\" \/>\n<meta property=\"og:type\" content=\"article\" \/>\n<meta property=\"og:title\" content=\"APRILIA TUONO 125 MIVV Exhaust Complete System with DELTA RACE Silencer 2025-2026 - Rapido Motosport\" \/>\n<meta property=\"og:description\" content=\"Izra\u0111en kako bi pobolj\u0161ao estetiku, zvuk i performanse motocikla, slip-on ispu\u0161ni sustav Mivv nastaje uz maksimalnu pa\u017enju posve\u0107enu dizajnu, s ciljem da zadovolji one koji se \u017eele istaknuti, i kroz izgled vlastitog motocikla.  Ispu\u0161ni sustav DELTA RACE karakterizira ekskluzivan oblik koji se postupnom transformacijom iz konusnog pretvara u \u0161esterokutni. Brojni su detalji koji njegov stil \u010dine jedinstvenim, poput zavr\u0161nog poklopca od uglji\u010dnih vlakana twill 3K; obodne stezne trake s dvostrukim zakivanjem; ulazne \u010dahure izra\u0111ene iz punog materijala, kako bi se osigurala maksimalna preciznost spajanja. Na zavr\u0161etku se nalazi prepoznatljiv Mivv logotip izra\u0111en laserskom tehnologijom.  Karakterizira ga ku\u0107i\u0161te od bru\u0161enog nehr\u0111aju\u0107eg \u010delika s efektom \u201epearled\u201c, dobiveno posebnim postupkom zavr\u0161ne obrade koji proizvodu daje neponovljiv izgled.  NAPOMENA: Katalizator ACC.076.A1 uklju\u010den u sustav.  Nakon ugradnje ovog ispu\u0161nog sustava mo\u017ee se upaliti lampica motora. U slu\u010daju da do\u0111e do takve situacije, opcionalna ugradnja Switch-Off Key klju\u010da rije\u0161ila bi navedenu neugodnost.\" \/>\n<meta property=\"og:url\" content=\"https:\/\/rapidomotosport.hr\/en\/proizvod\/aprilia-tuono-125-mivv-exhaust-complete-system-with-delta-race-silencer-2025\/\" \/>\n<meta property=\"og:site_name\" content=\"Rapido Motosport\" \/>\n<meta property=\"article:modified_time\" content=\"2026-04-07T20:56:47+00:00\" \/>\n<meta property=\"og:image\" content=\"https:\/\/rapidomotosport.hr\/wp-content\/uploads\/2025\/11\/APRILIA-RS-125-MIVV-Exhaust-DELTA-RACE-Slip-On-Silencer-2017-2020-min-16.png\" \/>\n\t<meta property=\"og:image:width\" content=\"2048\" \/>\n\t<meta property=\"og:image:height\" content=\"1536\" \/>\n\t<meta property=\"og:image:type\" content=\"image\/png\" \/>\n<meta name=\"twitter:card\" content=\"summary_large_image\" \/>\n<meta name=\"twitter:label1\" content=\"Est. reading time\" \/>\n\t<meta name=\"twitter:data1\" content=\"1 minute\" \/>\n<script type=\"application\/ld+json\" class=\"yoast-schema-graph\">{\"@context\":\"https:\\\/\\\/schema.org\",\"@graph\":[{\"@type\":\"WebPage\",\"@id\":\"https:\\\/\\\/rapidomotosport.hr\\\/en\\\/proizvod\\\/aprilia-tuono-125-mivv-exhaust-complete-system-with-delta-race-silencer-2025\\\/\",\"url\":\"https:\\\/\\\/rapidomotosport.hr\\\/en\\\/proizvod\\\/aprilia-tuono-125-mivv-exhaust-complete-system-with-delta-race-silencer-2025\\\/\",\"name\":\"APRILIA TUONO 125 MIVV Exhaust Complete System with DELTA RACE Silencer 2025-2026 - Rapido Motosport\",\"isPartOf\":{\"@id\":\"https:\\\/\\\/rapidomotosport.hr\\\/en\\\/#website\"},\"primaryImageOfPage\":{\"@id\":\"https:\\\/\\\/rapidomotosport.hr\\\/en\\\/proizvod\\\/aprilia-tuono-125-mivv-exhaust-complete-system-with-delta-race-silencer-2025\\\/#primaryimage\"},\"image\":{\"@id\":\"https:\\\/\\\/rapidomotosport.hr\\\/en\\\/proizvod\\\/aprilia-tuono-125-mivv-exhaust-complete-system-with-delta-race-silencer-2025\\\/#primaryimage\"},\"thumbnailUrl\":\"https:\\\/\\\/rapidomotosport.hr\\\/wp-content\\\/uploads\\\/2025\\\/11\\\/APRILIA-RS-125-MIVV-Exhaust-DELTA-RACE-Slip-On-Silencer-2017-2020-min-16.png\",\"datePublished\":\"2026-01-03T19:15:42+00:00\",\"dateModified\":\"2026-04-07T20:56:47+00:00\",\"breadcrumb\":{\"@id\":\"https:\\\/\\\/rapidomotosport.hr\\\/en\\\/proizvod\\\/aprilia-tuono-125-mivv-exhaust-complete-system-with-delta-race-silencer-2025\\\/#breadcrumb\"},\"inLanguage\":\"en-US\",\"potentialAction\":[{\"@type\":\"ReadAction\",\"target\":[\"https:\\\/\\\/rapidomotosport.hr\\\/en\\\/proizvod\\\/aprilia-tuono-125-mivv-exhaust-complete-system-with-delta-race-silencer-2025\\\/\"]}]},{\"@type\":\"ImageObject\",\"inLanguage\":\"en-US\",\"@id\":\"https:\\\/\\\/rapidomotosport.hr\\\/en\\\/proizvod\\\/aprilia-tuono-125-mivv-exhaust-complete-system-with-delta-race-silencer-2025\\\/#primaryimage\",\"url\":\"https:\\\/\\\/rapidomotosport.hr\\\/wp-content\\\/uploads\\\/2025\\\/11\\\/APRILIA-RS-125-MIVV-Exhaust-DELTA-RACE-Slip-On-Silencer-2017-2020-min-16.png\",\"contentUrl\":\"https:\\\/\\\/rapidomotosport.hr\\\/wp-content\\\/uploads\\\/2025\\\/11\\\/APRILIA-RS-125-MIVV-Exhaust-DELTA-RACE-Slip-On-Silencer-2017-2020-min-16.png\",\"width\":2048,\"height\":1536},{\"@type\":\"BreadcrumbList\",\"@id\":\"https:\\\/\\\/rapidomotosport.hr\\\/en\\\/proizvod\\\/aprilia-tuono-125-mivv-exhaust-complete-system-with-delta-race-silencer-2025\\\/#breadcrumb\",\"itemListElement\":[{\"@type\":\"ListItem\",\"position\":1,\"name\":\"Po\u010detna stranica\",\"item\":\"https:\\\/\\\/rapidomotosport.hr\\\/en\\\/\"},{\"@type\":\"ListItem\",\"position\":2,\"name\":\"Shop\",\"item\":\"https:\\\/\\\/rapidomotosport.hr\\\/en\\\/shop\\\/\"},{\"@type\":\"ListItem\",\"position\":3,\"name\":\"APRILIA TUONO 125 MIVV Exhaust Complete System with DELTA RACE Silencer 2025-2026\"}]},{\"@type\":\"WebSite\",\"@id\":\"https:\\\/\\\/rapidomotosport.hr\\\/en\\\/#website\",\"url\":\"https:\\\/\\\/rapidomotosport.hr\\\/en\\\/\",\"name\":\"Rapido Motosport\",\"description\":\"\",\"potentialAction\":[{\"@type\":\"SearchAction\",\"target\":{\"@type\":\"EntryPoint\",\"urlTemplate\":\"https:\\\/\\\/rapidomotosport.hr\\\/en\\\/?s={search_term_string}\"},\"query-input\":{\"@type\":\"PropertyValueSpecification\",\"valueRequired\":true,\"valueName\":\"search_term_string\"}}],\"inLanguage\":\"en-US\"}]}<\/script>\n<!-- \/ Yoast SEO plugin. -->","yoast_head_json":{"title":"APRILIA TUONO 125 MIVV Exhaust Complete System with DELTA RACE Silencer 2025-2026 - Rapido Motosport","robots":{"index":"index","follow":"follow","max-snippet":"max-snippet:-1","max-image-preview":"max-image-preview:large","max-video-preview":"max-video-preview:-1"},"canonical":"https:\/\/rapidomotosport.hr\/en\/proizvod\/aprilia-tuono-125-mivv-exhaust-complete-system-with-delta-race-silencer-2025\/","og_locale":"en_US","og_type":"article","og_title":"APRILIA TUONO 125 MIVV Exhaust Complete System with DELTA RACE Silencer 2025-2026 - Rapido Motosport","og_description":"Izra\u0111en kako bi pobolj\u0161ao estetiku, zvuk i performanse motocikla, slip-on ispu\u0161ni sustav Mivv nastaje uz maksimalnu pa\u017enju posve\u0107enu dizajnu, s ciljem da zadovolji one koji se \u017eele istaknuti, i kroz izgled vlastitog motocikla.  Ispu\u0161ni sustav DELTA RACE karakterizira ekskluzivan oblik koji se postupnom transformacijom iz konusnog pretvara u \u0161esterokutni. Brojni su detalji koji njegov stil \u010dine jedinstvenim, poput zavr\u0161nog poklopca od uglji\u010dnih vlakana twill 3K; obodne stezne trake s dvostrukim zakivanjem; ulazne \u010dahure izra\u0111ene iz punog materijala, kako bi se osigurala maksimalna preciznost spajanja. Na zavr\u0161etku se nalazi prepoznatljiv Mivv logotip izra\u0111en laserskom tehnologijom.  Karakterizira ga ku\u0107i\u0161te od bru\u0161enog nehr\u0111aju\u0107eg \u010delika s efektom \u201epearled\u201c, dobiveno posebnim postupkom zavr\u0161ne obrade koji proizvodu daje neponovljiv izgled.  NAPOMENA: Katalizator ACC.076.A1 uklju\u010den u sustav.  Nakon ugradnje ovog ispu\u0161nog sustava mo\u017ee se upaliti lampica motora. U slu\u010daju da do\u0111e do takve situacije, opcionalna ugradnja Switch-Off Key klju\u010da rije\u0161ila bi navedenu neugodnost.","og_url":"https:\/\/rapidomotosport.hr\/en\/proizvod\/aprilia-tuono-125-mivv-exhaust-complete-system-with-delta-race-silencer-2025\/","og_site_name":"Rapido Motosport","article_modified_time":"2026-04-07T20:56:47+00:00","og_image":[{"width":2048,"height":1536,"url":"https:\/\/rapidomotosport.hr\/wp-content\/uploads\/2025\/11\/APRILIA-RS-125-MIVV-Exhaust-DELTA-RACE-Slip-On-Silencer-2017-2020-min-16.png","type":"image\/png"}],"twitter_card":"summary_large_image","twitter_misc":{"Est. reading time":"1 minute"},"schema":{"@context":"https:\/\/schema.org","@graph":[{"@type":"WebPage","@id":"https:\/\/rapidomotosport.hr\/en\/proizvod\/aprilia-tuono-125-mivv-exhaust-complete-system-with-delta-race-silencer-2025\/","url":"https:\/\/rapidomotosport.hr\/en\/proizvod\/aprilia-tuono-125-mivv-exhaust-complete-system-with-delta-race-silencer-2025\/","name":"APRILIA TUONO 125 MIVV Exhaust Complete System with DELTA RACE Silencer 2025-2026 - Rapido Motosport","isPartOf":{"@id":"https:\/\/rapidomotosport.hr\/en\/#website"},"primaryImageOfPage":{"@id":"https:\/\/rapidomotosport.hr\/en\/proizvod\/aprilia-tuono-125-mivv-exhaust-complete-system-with-delta-race-silencer-2025\/#primaryimage"},"image":{"@id":"https:\/\/rapidomotosport.hr\/en\/proizvod\/aprilia-tuono-125-mivv-exhaust-complete-system-with-delta-race-silencer-2025\/#primaryimage"},"thumbnailUrl":"https:\/\/rapidomotosport.hr\/wp-content\/uploads\/2025\/11\/APRILIA-RS-125-MIVV-Exhaust-DELTA-RACE-Slip-On-Silencer-2017-2020-min-16.png","datePublished":"2026-01-03T19:15:42+00:00","dateModified":"2026-04-07T20:56:47+00:00","breadcrumb":{"@id":"https:\/\/rapidomotosport.hr\/en\/proizvod\/aprilia-tuono-125-mivv-exhaust-complete-system-with-delta-race-silencer-2025\/#breadcrumb"},"inLanguage":"en-US","potentialAction":[{"@type":"ReadAction","target":["https:\/\/rapidomotosport.hr\/en\/proizvod\/aprilia-tuono-125-mivv-exhaust-complete-system-with-delta-race-silencer-2025\/"]}]},{"@type":"ImageObject","inLanguage":"en-US","@id":"https:\/\/rapidomotosport.hr\/en\/proizvod\/aprilia-tuono-125-mivv-exhaust-complete-system-with-delta-race-silencer-2025\/#primaryimage","url":"https:\/\/rapidomotosport.hr\/wp-content\/uploads\/2025\/11\/APRILIA-RS-125-MIVV-Exhaust-DELTA-RACE-Slip-On-Silencer-2017-2020-min-16.png","contentUrl":"https:\/\/rapidomotosport.hr\/wp-content\/uploads\/2025\/11\/APRILIA-RS-125-MIVV-Exhaust-DELTA-RACE-Slip-On-Silencer-2017-2020-min-16.png","width":2048,"height":1536},{"@type":"BreadcrumbList","@id":"https:\/\/rapidomotosport.hr\/en\/proizvod\/aprilia-tuono-125-mivv-exhaust-complete-system-with-delta-race-silencer-2025\/#breadcrumb","itemListElement":[{"@type":"ListItem","position":1,"name":"Po\u010detna stranica","item":"https:\/\/rapidomotosport.hr\/en\/"},{"@type":"ListItem","position":2,"name":"Shop","item":"https:\/\/rapidomotosport.hr\/en\/shop\/"},{"@type":"ListItem","position":3,"name":"APRILIA TUONO 125 MIVV Exhaust Complete System with DELTA RACE Silencer 2025-2026"}]},{"@type":"WebSite","@id":"https:\/\/rapidomotosport.hr\/en\/#website","url":"https:\/\/rapidomotosport.hr\/en\/","name":"Rapido Motosport","description":"","potentialAction":[{"@type":"SearchAction","target":{"@type":"EntryPoint","urlTemplate":"https:\/\/rapidomotosport.hr\/en\/?s={search_term_string}"},"query-input":{"@type":"PropertyValueSpecification","valueRequired":true,"valueName":"search_term_string"}}],"inLanguage":"en-US"}]}},"_links":{"self":[{"href":"https:\/\/rapidomotosport.hr\/en\/wp-json\/wp\/v2\/product\/43934","targetHints":{"allow":["GET"]}}],"collection":[{"href":"https:\/\/rapidomotosport.hr\/en\/wp-json\/wp\/v2\/product"}],"about":[{"href":"https:\/\/rapidomotosport.hr\/en\/wp-json\/wp\/v2\/types\/product"}],"wp:featuredmedia":[{"embeddable":true,"href":"https:\/\/rapidomotosport.hr\/en\/wp-json\/wp\/v2\/media\/43919"}],"wp:attachment":[{"href":"https:\/\/rapidomotosport.hr\/en\/wp-json\/wp\/v2\/media?parent=43934"}],"wp:term":[{"taxonomy":"product_brand","embeddable":true,"href":"https:\/\/rapidomotosport.hr\/en\/wp-json\/wp\/v2\/product_brand?post=43934"},{"taxonomy":"product_cat","embeddable":true,"href":"https:\/\/rapidomotosport.hr\/en\/wp-json\/wp\/v2\/product_cat?post=43934"},{"taxonomy":"product_tag","embeddable":true,"href":"https:\/\/rapidomotosport.hr\/en\/wp-json\/wp\/v2\/product_tag?post=43934"}],"curies":[{"name":"wp","href":"https:\/\/api.w.org\/{rel}","templated":true}]}}