{"id":43938,"date":"2026-01-03T20:19:29","date_gmt":"2026-01-03T19:19:29","guid":{"rendered":"https:\/\/rapidomotosport.hr\/?post_type=product&#038;p=43938"},"modified":"2026-04-07T22:54:50","modified_gmt":"2026-04-07T20:54:50","slug":"aprilia-tuono-125-mivv-exhaust-switch-off-key-2025","status":"publish","type":"product","link":"https:\/\/rapidomotosport.hr\/en\/proizvod\/aprilia-tuono-125-mivv-exhaust-switch-off-key-2025\/","title":{"rendered":"APRILIA TUONO 125 MIVV Exhaust SWITCH-OFF KEY 2025-2026"},"content":{"rendered":"","protected":false},"excerpt":{"rendered":"<p>MIVV SWITCH OFF KEY je elektroni\u010dki plug and play ure\u0111aj za samodijagnostiku (OBD) za motocikle Euro5+.<\/p>\n<p>Ima funkciju ga\u0161enja lampice kvara motora (Check Engine) koja se mo\u017ee upaliti kada se originalni katalizator zamijeni aftermarket katalizatorom, budu\u0107i da to mo\u017ee uzrokovati promjenu parametara kisika u odnosu na one unaprijed definirane postavkama originalne upravlja\u010dke jedinice.<\/p>\n<p>Sprje\u010davanjem paljenja lampice Check Engine istodobno se zadr\u017eava ispravno funkcioniranje on-board dijagnostike.<\/p>\n<p>Ne utje\u010de ni na koji na\u010din na originalno programiranje upravlja\u010dke jedinice motora niti na druge elektroni\u010dke parametre vozila.<\/p>\n","protected":false},"featured_media":43246,"template":"","meta":[],"product_brand":[],"product_cat":[17],"product_tag":[],"class_list":{"0":"post-43938","1":"product","2":"type-product","3":"status-publish","4":"has-post-thumbnail","6":"product_cat-ispusni-sustavi","8":"first","9":"instock","10":"sale","11":"shipping-taxable","12":"purchasable","13":"product-type-simple"},"yoast_head":"<!-- This site is optimized with the Yoast SEO plugin v27.5 - https:\/\/yoast.com\/product\/yoast-seo-wordpress\/ -->\n<title>APRILIA TUONO 125 MIVV Exhaust SWITCH-OFF KEY 2025-2026 - Rapido Motosport<\/title>\n<meta name=\"robots\" content=\"index, follow, max-snippet:-1, max-image-preview:large, max-video-preview:-1\" \/>\n<link rel=\"canonical\" href=\"https:\/\/rapidomotosport.hr\/en\/proizvod\/aprilia-tuono-125-mivv-exhaust-switch-off-key-2025\/\" \/>\n<meta property=\"og:locale\" content=\"en_US\" \/>\n<meta property=\"og:type\" content=\"article\" \/>\n<meta property=\"og:title\" content=\"APRILIA TUONO 125 MIVV Exhaust SWITCH-OFF KEY 2025-2026 - Rapido Motosport\" \/>\n<meta property=\"og:description\" content=\"MIVV SWITCH OFF KEY je elektroni\u010dki plug and play ure\u0111aj za samodijagnostiku (OBD) za motocikle Euro5+.  Ima funkciju ga\u0161enja lampice kvara motora (Check Engine) koja se mo\u017ee upaliti kada se originalni katalizator zamijeni aftermarket katalizatorom, budu\u0107i da to mo\u017ee uzrokovati promjenu parametara kisika u odnosu na one unaprijed definirane postavkama originalne upravlja\u010dke jedinice.  Sprje\u010davanjem paljenja lampice Check Engine istodobno se zadr\u017eava ispravno funkcioniranje on-board dijagnostike.  Ne utje\u010de ni na koji na\u010din na originalno programiranje upravlja\u010dke jedinice motora niti na druge elektroni\u010dke parametre vozila.\" \/>\n<meta property=\"og:url\" content=\"https:\/\/rapidomotosport.hr\/en\/proizvod\/aprilia-tuono-125-mivv-exhaust-switch-off-key-2025\/\" \/>\n<meta property=\"og:site_name\" content=\"Rapido Motosport\" \/>\n<meta property=\"article:modified_time\" content=\"2026-04-07T20:54:50+00:00\" \/>\n<meta property=\"og:image\" content=\"https:\/\/rapidomotosport.hr\/wp-content\/uploads\/2025\/12\/Dizajn-bez-naslova-min-129.png\" \/>\n\t<meta property=\"og:image:width\" content=\"2048\" \/>\n\t<meta property=\"og:image:height\" content=\"1536\" \/>\n\t<meta property=\"og:image:type\" content=\"image\/png\" \/>\n<meta name=\"twitter:card\" content=\"summary_large_image\" \/>\n<meta name=\"twitter:label1\" content=\"Est. reading time\" \/>\n\t<meta name=\"twitter:data1\" content=\"1 minute\" \/>\n<script type=\"application\/ld+json\" class=\"yoast-schema-graph\">{\"@context\":\"https:\\\/\\\/schema.org\",\"@graph\":[{\"@type\":\"WebPage\",\"@id\":\"https:\\\/\\\/rapidomotosport.hr\\\/en\\\/proizvod\\\/aprilia-tuono-125-mivv-exhaust-switch-off-key-2025\\\/\",\"url\":\"https:\\\/\\\/rapidomotosport.hr\\\/en\\\/proizvod\\\/aprilia-tuono-125-mivv-exhaust-switch-off-key-2025\\\/\",\"name\":\"APRILIA TUONO 125 MIVV Exhaust SWITCH-OFF KEY 2025-2026 - Rapido Motosport\",\"isPartOf\":{\"@id\":\"https:\\\/\\\/rapidomotosport.hr\\\/en\\\/#website\"},\"primaryImageOfPage\":{\"@id\":\"https:\\\/\\\/rapidomotosport.hr\\\/en\\\/proizvod\\\/aprilia-tuono-125-mivv-exhaust-switch-off-key-2025\\\/#primaryimage\"},\"image\":{\"@id\":\"https:\\\/\\\/rapidomotosport.hr\\\/en\\\/proizvod\\\/aprilia-tuono-125-mivv-exhaust-switch-off-key-2025\\\/#primaryimage\"},\"thumbnailUrl\":\"https:\\\/\\\/rapidomotosport.hr\\\/wp-content\\\/uploads\\\/2025\\\/12\\\/Dizajn-bez-naslova-min-129.png\",\"datePublished\":\"2026-01-03T19:19:29+00:00\",\"dateModified\":\"2026-04-07T20:54:50+00:00\",\"breadcrumb\":{\"@id\":\"https:\\\/\\\/rapidomotosport.hr\\\/en\\\/proizvod\\\/aprilia-tuono-125-mivv-exhaust-switch-off-key-2025\\\/#breadcrumb\"},\"inLanguage\":\"en-US\",\"potentialAction\":[{\"@type\":\"ReadAction\",\"target\":[\"https:\\\/\\\/rapidomotosport.hr\\\/en\\\/proizvod\\\/aprilia-tuono-125-mivv-exhaust-switch-off-key-2025\\\/\"]}]},{\"@type\":\"ImageObject\",\"inLanguage\":\"en-US\",\"@id\":\"https:\\\/\\\/rapidomotosport.hr\\\/en\\\/proizvod\\\/aprilia-tuono-125-mivv-exhaust-switch-off-key-2025\\\/#primaryimage\",\"url\":\"https:\\\/\\\/rapidomotosport.hr\\\/wp-content\\\/uploads\\\/2025\\\/12\\\/Dizajn-bez-naslova-min-129.png\",\"contentUrl\":\"https:\\\/\\\/rapidomotosport.hr\\\/wp-content\\\/uploads\\\/2025\\\/12\\\/Dizajn-bez-naslova-min-129.png\",\"width\":2048,\"height\":1536},{\"@type\":\"BreadcrumbList\",\"@id\":\"https:\\\/\\\/rapidomotosport.hr\\\/en\\\/proizvod\\\/aprilia-tuono-125-mivv-exhaust-switch-off-key-2025\\\/#breadcrumb\",\"itemListElement\":[{\"@type\":\"ListItem\",\"position\":1,\"name\":\"Po\u010detna stranica\",\"item\":\"https:\\\/\\\/rapidomotosport.hr\\\/en\\\/\"},{\"@type\":\"ListItem\",\"position\":2,\"name\":\"Shop\",\"item\":\"https:\\\/\\\/rapidomotosport.hr\\\/en\\\/shop\\\/\"},{\"@type\":\"ListItem\",\"position\":3,\"name\":\"APRILIA TUONO 125 MIVV Exhaust SWITCH-OFF KEY 2025-2026\"}]},{\"@type\":\"WebSite\",\"@id\":\"https:\\\/\\\/rapidomotosport.hr\\\/en\\\/#website\",\"url\":\"https:\\\/\\\/rapidomotosport.hr\\\/en\\\/\",\"name\":\"Rapido Motosport\",\"description\":\"\",\"potentialAction\":[{\"@type\":\"SearchAction\",\"target\":{\"@type\":\"EntryPoint\",\"urlTemplate\":\"https:\\\/\\\/rapidomotosport.hr\\\/en\\\/?s={search_term_string}\"},\"query-input\":{\"@type\":\"PropertyValueSpecification\",\"valueRequired\":true,\"valueName\":\"search_term_string\"}}],\"inLanguage\":\"en-US\"}]}<\/script>\n<!-- \/ Yoast SEO plugin. -->","yoast_head_json":{"title":"APRILIA TUONO 125 MIVV Exhaust SWITCH-OFF KEY 2025-2026 - Rapido Motosport","robots":{"index":"index","follow":"follow","max-snippet":"max-snippet:-1","max-image-preview":"max-image-preview:large","max-video-preview":"max-video-preview:-1"},"canonical":"https:\/\/rapidomotosport.hr\/en\/proizvod\/aprilia-tuono-125-mivv-exhaust-switch-off-key-2025\/","og_locale":"en_US","og_type":"article","og_title":"APRILIA TUONO 125 MIVV Exhaust SWITCH-OFF KEY 2025-2026 - Rapido Motosport","og_description":"MIVV SWITCH OFF KEY je elektroni\u010dki plug and play ure\u0111aj za samodijagnostiku (OBD) za motocikle Euro5+.  Ima funkciju ga\u0161enja lampice kvara motora (Check Engine) koja se mo\u017ee upaliti kada se originalni katalizator zamijeni aftermarket katalizatorom, budu\u0107i da to mo\u017ee uzrokovati promjenu parametara kisika u odnosu na one unaprijed definirane postavkama originalne upravlja\u010dke jedinice.  Sprje\u010davanjem paljenja lampice Check Engine istodobno se zadr\u017eava ispravno funkcioniranje on-board dijagnostike.  Ne utje\u010de ni na koji na\u010din na originalno programiranje upravlja\u010dke jedinice motora niti na druge elektroni\u010dke parametre vozila.","og_url":"https:\/\/rapidomotosport.hr\/en\/proizvod\/aprilia-tuono-125-mivv-exhaust-switch-off-key-2025\/","og_site_name":"Rapido Motosport","article_modified_time":"2026-04-07T20:54:50+00:00","og_image":[{"width":2048,"height":1536,"url":"https:\/\/rapidomotosport.hr\/wp-content\/uploads\/2025\/12\/Dizajn-bez-naslova-min-129.png","type":"image\/png"}],"twitter_card":"summary_large_image","twitter_misc":{"Est. reading time":"1 minute"},"schema":{"@context":"https:\/\/schema.org","@graph":[{"@type":"WebPage","@id":"https:\/\/rapidomotosport.hr\/en\/proizvod\/aprilia-tuono-125-mivv-exhaust-switch-off-key-2025\/","url":"https:\/\/rapidomotosport.hr\/en\/proizvod\/aprilia-tuono-125-mivv-exhaust-switch-off-key-2025\/","name":"APRILIA TUONO 125 MIVV Exhaust SWITCH-OFF KEY 2025-2026 - Rapido Motosport","isPartOf":{"@id":"https:\/\/rapidomotosport.hr\/en\/#website"},"primaryImageOfPage":{"@id":"https:\/\/rapidomotosport.hr\/en\/proizvod\/aprilia-tuono-125-mivv-exhaust-switch-off-key-2025\/#primaryimage"},"image":{"@id":"https:\/\/rapidomotosport.hr\/en\/proizvod\/aprilia-tuono-125-mivv-exhaust-switch-off-key-2025\/#primaryimage"},"thumbnailUrl":"https:\/\/rapidomotosport.hr\/wp-content\/uploads\/2025\/12\/Dizajn-bez-naslova-min-129.png","datePublished":"2026-01-03T19:19:29+00:00","dateModified":"2026-04-07T20:54:50+00:00","breadcrumb":{"@id":"https:\/\/rapidomotosport.hr\/en\/proizvod\/aprilia-tuono-125-mivv-exhaust-switch-off-key-2025\/#breadcrumb"},"inLanguage":"en-US","potentialAction":[{"@type":"ReadAction","target":["https:\/\/rapidomotosport.hr\/en\/proizvod\/aprilia-tuono-125-mivv-exhaust-switch-off-key-2025\/"]}]},{"@type":"ImageObject","inLanguage":"en-US","@id":"https:\/\/rapidomotosport.hr\/en\/proizvod\/aprilia-tuono-125-mivv-exhaust-switch-off-key-2025\/#primaryimage","url":"https:\/\/rapidomotosport.hr\/wp-content\/uploads\/2025\/12\/Dizajn-bez-naslova-min-129.png","contentUrl":"https:\/\/rapidomotosport.hr\/wp-content\/uploads\/2025\/12\/Dizajn-bez-naslova-min-129.png","width":2048,"height":1536},{"@type":"BreadcrumbList","@id":"https:\/\/rapidomotosport.hr\/en\/proizvod\/aprilia-tuono-125-mivv-exhaust-switch-off-key-2025\/#breadcrumb","itemListElement":[{"@type":"ListItem","position":1,"name":"Po\u010detna stranica","item":"https:\/\/rapidomotosport.hr\/en\/"},{"@type":"ListItem","position":2,"name":"Shop","item":"https:\/\/rapidomotosport.hr\/en\/shop\/"},{"@type":"ListItem","position":3,"name":"APRILIA TUONO 125 MIVV Exhaust SWITCH-OFF KEY 2025-2026"}]},{"@type":"WebSite","@id":"https:\/\/rapidomotosport.hr\/en\/#website","url":"https:\/\/rapidomotosport.hr\/en\/","name":"Rapido Motosport","description":"","potentialAction":[{"@type":"SearchAction","target":{"@type":"EntryPoint","urlTemplate":"https:\/\/rapidomotosport.hr\/en\/?s={search_term_string}"},"query-input":{"@type":"PropertyValueSpecification","valueRequired":true,"valueName":"search_term_string"}}],"inLanguage":"en-US"}]}},"_links":{"self":[{"href":"https:\/\/rapidomotosport.hr\/en\/wp-json\/wp\/v2\/product\/43938","targetHints":{"allow":["GET"]}}],"collection":[{"href":"https:\/\/rapidomotosport.hr\/en\/wp-json\/wp\/v2\/product"}],"about":[{"href":"https:\/\/rapidomotosport.hr\/en\/wp-json\/wp\/v2\/types\/product"}],"wp:featuredmedia":[{"embeddable":true,"href":"https:\/\/rapidomotosport.hr\/en\/wp-json\/wp\/v2\/media\/43246"}],"wp:attachment":[{"href":"https:\/\/rapidomotosport.hr\/en\/wp-json\/wp\/v2\/media?parent=43938"}],"wp:term":[{"taxonomy":"product_brand","embeddable":true,"href":"https:\/\/rapidomotosport.hr\/en\/wp-json\/wp\/v2\/product_brand?post=43938"},{"taxonomy":"product_cat","embeddable":true,"href":"https:\/\/rapidomotosport.hr\/en\/wp-json\/wp\/v2\/product_cat?post=43938"},{"taxonomy":"product_tag","embeddable":true,"href":"https:\/\/rapidomotosport.hr\/en\/wp-json\/wp\/v2\/product_tag?post=43938"}],"curies":[{"name":"wp","href":"https:\/\/api.w.org\/{rel}","templated":true}]}}