{"id":45229,"date":"2026-01-11T19:24:13","date_gmt":"2026-01-11T18:24:13","guid":{"rendered":"https:\/\/rapidomotosport.hr\/?post_type=product&#038;p=45229"},"modified":"2026-05-10T18:34:52","modified_gmt":"2026-05-10T16:34:52","slug":"yamaha-mt-07-mivv-exhaust-complete-system-with-gp-pro-black-silencer-2025","status":"publish","type":"product","link":"https:\/\/rapidomotosport.hr\/en\/proizvod\/yamaha-mt-07-mivv-exhaust-complete-system-with-gp-pro-black-silencer-2025\/","title":{"rendered":"YAMAHA MT-07 MIVV Exhaust Complete System with GP PRO Black Silencer 2025-2026"},"content":{"rendered":"","protected":false},"excerpt":{"rendered":"<p>Izra\u0111en za pobolj\u0161anje estetike, zvuka i performansi motocikla, Mivv slip-on ispuh nastao je uz maksimalnu pa\u017enju posve\u0107enu dizajnu, s ciljem da zadovolji one koji se \u017eele istaknuti, i kroz izgled vlastitog motocikla.<\/p>\n<p>GP PRO se isti\u010de polu-ru\u010dnim TIG zavarivanjem, kompaktnim i minimalisti\u010dkim dizajnom te agresivnim zvukom. Inspiriran svijetom natjecanja, izlazna cijev ispuha opremljena je uklonjivom za\u0161titnom re\u0161etkom koja skriva dB-killer. Na zavr\u0161etku se nalazi prepoznatljiv Mivv logotip izra\u0111en laserskim postupkom.<\/p>\n<p>Karakterizira ga sredi\u0161nje tijelo od crnog nehr\u0111aju\u0107eg \u010delika s bru\u0161enim efektom \u201cBlack Moon\u201d, dobivenim posebnim postupkom bojenja koji proizvodu daje agresivniji izgled.<\/p>\n<p>NAPOMENA: Katalizator ACC.099.A1 uklju\u010den u sustav.<\/p>\n<p>Nakon ugradnje ovog ispu\u0161nog sustava mo\u017ee se upaliti lampica motora. U slu\u010daju da do\u0111e do takve situacije, opcionalna ugradnja Switch-Off Key rije\u0161ila bi navedenu neugodnost.<\/p>\n","protected":false},"featured_media":45230,"template":"","meta":[],"product_brand":[],"product_cat":[42,17],"product_tag":[],"class_list":{"0":"post-45229","1":"product","2":"type-product","3":"status-publish","4":"has-post-thumbnail","6":"product_cat-yamaha","7":"product_cat-ispusni-sustavi","9":"first","10":"instock","11":"sale","12":"shipping-taxable","13":"purchasable","14":"product-type-simple"},"yoast_head":"<!-- This site is optimized with the Yoast SEO plugin v27.5 - https:\/\/yoast.com\/product\/yoast-seo-wordpress\/ -->\n<title>YAMAHA MT-07 MIVV Exhaust Complete System with GP PRO Black Silencer 2025-2026 - Rapido Motosport<\/title>\n<meta name=\"robots\" content=\"index, follow, max-snippet:-1, max-image-preview:large, max-video-preview:-1\" \/>\n<link rel=\"canonical\" href=\"https:\/\/rapidomotosport.hr\/en\/proizvod\/yamaha-mt-07-mivv-exhaust-complete-system-with-gp-pro-black-silencer-2025\/\" \/>\n<meta property=\"og:locale\" content=\"en_US\" \/>\n<meta property=\"og:type\" content=\"article\" \/>\n<meta property=\"og:title\" content=\"YAMAHA MT-07 MIVV Exhaust Complete System with GP PRO Black Silencer 2025-2026 - Rapido Motosport\" \/>\n<meta property=\"og:description\" content=\"Izra\u0111en za pobolj\u0161anje estetike, zvuka i performansi motocikla, Mivv slip-on ispuh nastao je uz maksimalnu pa\u017enju posve\u0107enu dizajnu, s ciljem da zadovolji one koji se \u017eele istaknuti, i kroz izgled vlastitog motocikla.  GP PRO se isti\u010de polu-ru\u010dnim TIG zavarivanjem, kompaktnim i minimalisti\u010dkim dizajnom te agresivnim zvukom. Inspiriran svijetom natjecanja, izlazna cijev ispuha opremljena je uklonjivom za\u0161titnom re\u0161etkom koja skriva dB-killer. Na zavr\u0161etku se nalazi prepoznatljiv Mivv logotip izra\u0111en laserskim postupkom.  Karakterizira ga sredi\u0161nje tijelo od crnog nehr\u0111aju\u0107eg \u010delika s bru\u0161enim efektom \u201cBlack Moon\u201d, dobivenim posebnim postupkom bojenja koji proizvodu daje agresivniji izgled.  NAPOMENA: Katalizator ACC.099.A1 uklju\u010den u sustav.  Nakon ugradnje ovog ispu\u0161nog sustava mo\u017ee se upaliti lampica motora. U slu\u010daju da do\u0111e do takve situacije, opcionalna ugradnja Switch-Off Key rije\u0161ila bi navedenu neugodnost.\" \/>\n<meta property=\"og:url\" content=\"https:\/\/rapidomotosport.hr\/en\/proizvod\/yamaha-mt-07-mivv-exhaust-complete-system-with-gp-pro-black-silencer-2025\/\" \/>\n<meta property=\"og:site_name\" content=\"Rapido Motosport\" \/>\n<meta property=\"article:modified_time\" content=\"2026-05-10T16:34:52+00:00\" \/>\n<meta property=\"og:image\" content=\"https:\/\/rapidomotosport.hr\/wp-content\/uploads\/2026\/01\/2-56.png\" \/>\n\t<meta property=\"og:image:width\" content=\"2048\" \/>\n\t<meta property=\"og:image:height\" content=\"1536\" \/>\n\t<meta property=\"og:image:type\" content=\"image\/png\" \/>\n<meta name=\"twitter:card\" content=\"summary_large_image\" \/>\n<meta name=\"twitter:label1\" content=\"Est. reading time\" \/>\n\t<meta name=\"twitter:data1\" content=\"1 minute\" \/>\n<script type=\"application\/ld+json\" class=\"yoast-schema-graph\">{\"@context\":\"https:\\\/\\\/schema.org\",\"@graph\":[{\"@type\":\"WebPage\",\"@id\":\"https:\\\/\\\/rapidomotosport.hr\\\/en\\\/proizvod\\\/yamaha-mt-07-mivv-exhaust-complete-system-with-gp-pro-black-silencer-2025\\\/\",\"url\":\"https:\\\/\\\/rapidomotosport.hr\\\/en\\\/proizvod\\\/yamaha-mt-07-mivv-exhaust-complete-system-with-gp-pro-black-silencer-2025\\\/\",\"name\":\"YAMAHA MT-07 MIVV Exhaust Complete System with GP PRO Black Silencer 2025-2026 - Rapido Motosport\",\"isPartOf\":{\"@id\":\"https:\\\/\\\/rapidomotosport.hr\\\/en\\\/#website\"},\"primaryImageOfPage\":{\"@id\":\"https:\\\/\\\/rapidomotosport.hr\\\/en\\\/proizvod\\\/yamaha-mt-07-mivv-exhaust-complete-system-with-gp-pro-black-silencer-2025\\\/#primaryimage\"},\"image\":{\"@id\":\"https:\\\/\\\/rapidomotosport.hr\\\/en\\\/proizvod\\\/yamaha-mt-07-mivv-exhaust-complete-system-with-gp-pro-black-silencer-2025\\\/#primaryimage\"},\"thumbnailUrl\":\"https:\\\/\\\/rapidomotosport.hr\\\/wp-content\\\/uploads\\\/2026\\\/01\\\/2-56.png\",\"datePublished\":\"2026-01-11T18:24:13+00:00\",\"dateModified\":\"2026-05-10T16:34:52+00:00\",\"breadcrumb\":{\"@id\":\"https:\\\/\\\/rapidomotosport.hr\\\/en\\\/proizvod\\\/yamaha-mt-07-mivv-exhaust-complete-system-with-gp-pro-black-silencer-2025\\\/#breadcrumb\"},\"inLanguage\":\"en-US\",\"potentialAction\":[{\"@type\":\"ReadAction\",\"target\":[\"https:\\\/\\\/rapidomotosport.hr\\\/en\\\/proizvod\\\/yamaha-mt-07-mivv-exhaust-complete-system-with-gp-pro-black-silencer-2025\\\/\"]}]},{\"@type\":\"ImageObject\",\"inLanguage\":\"en-US\",\"@id\":\"https:\\\/\\\/rapidomotosport.hr\\\/en\\\/proizvod\\\/yamaha-mt-07-mivv-exhaust-complete-system-with-gp-pro-black-silencer-2025\\\/#primaryimage\",\"url\":\"https:\\\/\\\/rapidomotosport.hr\\\/wp-content\\\/uploads\\\/2026\\\/01\\\/2-56.png\",\"contentUrl\":\"https:\\\/\\\/rapidomotosport.hr\\\/wp-content\\\/uploads\\\/2026\\\/01\\\/2-56.png\",\"width\":2048,\"height\":1536},{\"@type\":\"BreadcrumbList\",\"@id\":\"https:\\\/\\\/rapidomotosport.hr\\\/en\\\/proizvod\\\/yamaha-mt-07-mivv-exhaust-complete-system-with-gp-pro-black-silencer-2025\\\/#breadcrumb\",\"itemListElement\":[{\"@type\":\"ListItem\",\"position\":1,\"name\":\"Po\u010detna stranica\",\"item\":\"https:\\\/\\\/rapidomotosport.hr\\\/en\\\/\"},{\"@type\":\"ListItem\",\"position\":2,\"name\":\"Shop\",\"item\":\"https:\\\/\\\/rapidomotosport.hr\\\/en\\\/shop\\\/\"},{\"@type\":\"ListItem\",\"position\":3,\"name\":\"YAMAHA MT-07 MIVV Exhaust Complete System with GP PRO Black Silencer 2025-2026\"}]},{\"@type\":\"WebSite\",\"@id\":\"https:\\\/\\\/rapidomotosport.hr\\\/en\\\/#website\",\"url\":\"https:\\\/\\\/rapidomotosport.hr\\\/en\\\/\",\"name\":\"Rapido Motosport\",\"description\":\"\",\"potentialAction\":[{\"@type\":\"SearchAction\",\"target\":{\"@type\":\"EntryPoint\",\"urlTemplate\":\"https:\\\/\\\/rapidomotosport.hr\\\/en\\\/?s={search_term_string}\"},\"query-input\":{\"@type\":\"PropertyValueSpecification\",\"valueRequired\":true,\"valueName\":\"search_term_string\"}}],\"inLanguage\":\"en-US\"}]}<\/script>\n<!-- \/ Yoast SEO plugin. -->","yoast_head_json":{"title":"YAMAHA MT-07 MIVV Exhaust Complete System with GP PRO Black Silencer 2025-2026 - Rapido Motosport","robots":{"index":"index","follow":"follow","max-snippet":"max-snippet:-1","max-image-preview":"max-image-preview:large","max-video-preview":"max-video-preview:-1"},"canonical":"https:\/\/rapidomotosport.hr\/en\/proizvod\/yamaha-mt-07-mivv-exhaust-complete-system-with-gp-pro-black-silencer-2025\/","og_locale":"en_US","og_type":"article","og_title":"YAMAHA MT-07 MIVV Exhaust Complete System with GP PRO Black Silencer 2025-2026 - Rapido Motosport","og_description":"Izra\u0111en za pobolj\u0161anje estetike, zvuka i performansi motocikla, Mivv slip-on ispuh nastao je uz maksimalnu pa\u017enju posve\u0107enu dizajnu, s ciljem da zadovolji one koji se \u017eele istaknuti, i kroz izgled vlastitog motocikla.  GP PRO se isti\u010de polu-ru\u010dnim TIG zavarivanjem, kompaktnim i minimalisti\u010dkim dizajnom te agresivnim zvukom. Inspiriran svijetom natjecanja, izlazna cijev ispuha opremljena je uklonjivom za\u0161titnom re\u0161etkom koja skriva dB-killer. Na zavr\u0161etku se nalazi prepoznatljiv Mivv logotip izra\u0111en laserskim postupkom.  Karakterizira ga sredi\u0161nje tijelo od crnog nehr\u0111aju\u0107eg \u010delika s bru\u0161enim efektom \u201cBlack Moon\u201d, dobivenim posebnim postupkom bojenja koji proizvodu daje agresivniji izgled.  NAPOMENA: Katalizator ACC.099.A1 uklju\u010den u sustav.  Nakon ugradnje ovog ispu\u0161nog sustava mo\u017ee se upaliti lampica motora. U slu\u010daju da do\u0111e do takve situacije, opcionalna ugradnja Switch-Off Key rije\u0161ila bi navedenu neugodnost.","og_url":"https:\/\/rapidomotosport.hr\/en\/proizvod\/yamaha-mt-07-mivv-exhaust-complete-system-with-gp-pro-black-silencer-2025\/","og_site_name":"Rapido Motosport","article_modified_time":"2026-05-10T16:34:52+00:00","og_image":[{"width":2048,"height":1536,"url":"https:\/\/rapidomotosport.hr\/wp-content\/uploads\/2026\/01\/2-56.png","type":"image\/png"}],"twitter_card":"summary_large_image","twitter_misc":{"Est. reading time":"1 minute"},"schema":{"@context":"https:\/\/schema.org","@graph":[{"@type":"WebPage","@id":"https:\/\/rapidomotosport.hr\/en\/proizvod\/yamaha-mt-07-mivv-exhaust-complete-system-with-gp-pro-black-silencer-2025\/","url":"https:\/\/rapidomotosport.hr\/en\/proizvod\/yamaha-mt-07-mivv-exhaust-complete-system-with-gp-pro-black-silencer-2025\/","name":"YAMAHA MT-07 MIVV Exhaust Complete System with GP PRO Black Silencer 2025-2026 - Rapido Motosport","isPartOf":{"@id":"https:\/\/rapidomotosport.hr\/en\/#website"},"primaryImageOfPage":{"@id":"https:\/\/rapidomotosport.hr\/en\/proizvod\/yamaha-mt-07-mivv-exhaust-complete-system-with-gp-pro-black-silencer-2025\/#primaryimage"},"image":{"@id":"https:\/\/rapidomotosport.hr\/en\/proizvod\/yamaha-mt-07-mivv-exhaust-complete-system-with-gp-pro-black-silencer-2025\/#primaryimage"},"thumbnailUrl":"https:\/\/rapidomotosport.hr\/wp-content\/uploads\/2026\/01\/2-56.png","datePublished":"2026-01-11T18:24:13+00:00","dateModified":"2026-05-10T16:34:52+00:00","breadcrumb":{"@id":"https:\/\/rapidomotosport.hr\/en\/proizvod\/yamaha-mt-07-mivv-exhaust-complete-system-with-gp-pro-black-silencer-2025\/#breadcrumb"},"inLanguage":"en-US","potentialAction":[{"@type":"ReadAction","target":["https:\/\/rapidomotosport.hr\/en\/proizvod\/yamaha-mt-07-mivv-exhaust-complete-system-with-gp-pro-black-silencer-2025\/"]}]},{"@type":"ImageObject","inLanguage":"en-US","@id":"https:\/\/rapidomotosport.hr\/en\/proizvod\/yamaha-mt-07-mivv-exhaust-complete-system-with-gp-pro-black-silencer-2025\/#primaryimage","url":"https:\/\/rapidomotosport.hr\/wp-content\/uploads\/2026\/01\/2-56.png","contentUrl":"https:\/\/rapidomotosport.hr\/wp-content\/uploads\/2026\/01\/2-56.png","width":2048,"height":1536},{"@type":"BreadcrumbList","@id":"https:\/\/rapidomotosport.hr\/en\/proizvod\/yamaha-mt-07-mivv-exhaust-complete-system-with-gp-pro-black-silencer-2025\/#breadcrumb","itemListElement":[{"@type":"ListItem","position":1,"name":"Po\u010detna stranica","item":"https:\/\/rapidomotosport.hr\/en\/"},{"@type":"ListItem","position":2,"name":"Shop","item":"https:\/\/rapidomotosport.hr\/en\/shop\/"},{"@type":"ListItem","position":3,"name":"YAMAHA MT-07 MIVV Exhaust Complete System with GP PRO Black Silencer 2025-2026"}]},{"@type":"WebSite","@id":"https:\/\/rapidomotosport.hr\/en\/#website","url":"https:\/\/rapidomotosport.hr\/en\/","name":"Rapido Motosport","description":"","potentialAction":[{"@type":"SearchAction","target":{"@type":"EntryPoint","urlTemplate":"https:\/\/rapidomotosport.hr\/en\/?s={search_term_string}"},"query-input":{"@type":"PropertyValueSpecification","valueRequired":true,"valueName":"search_term_string"}}],"inLanguage":"en-US"}]}},"_links":{"self":[{"href":"https:\/\/rapidomotosport.hr\/en\/wp-json\/wp\/v2\/product\/45229","targetHints":{"allow":["GET"]}}],"collection":[{"href":"https:\/\/rapidomotosport.hr\/en\/wp-json\/wp\/v2\/product"}],"about":[{"href":"https:\/\/rapidomotosport.hr\/en\/wp-json\/wp\/v2\/types\/product"}],"wp:featuredmedia":[{"embeddable":true,"href":"https:\/\/rapidomotosport.hr\/en\/wp-json\/wp\/v2\/media\/45230"}],"wp:attachment":[{"href":"https:\/\/rapidomotosport.hr\/en\/wp-json\/wp\/v2\/media?parent=45229"}],"wp:term":[{"taxonomy":"product_brand","embeddable":true,"href":"https:\/\/rapidomotosport.hr\/en\/wp-json\/wp\/v2\/product_brand?post=45229"},{"taxonomy":"product_cat","embeddable":true,"href":"https:\/\/rapidomotosport.hr\/en\/wp-json\/wp\/v2\/product_cat?post=45229"},{"taxonomy":"product_tag","embeddable":true,"href":"https:\/\/rapidomotosport.hr\/en\/wp-json\/wp\/v2\/product_tag?post=45229"}],"curies":[{"name":"wp","href":"https:\/\/api.w.org\/{rel}","templated":true}]}}