{"id":45646,"date":"2026-01-15T15:31:05","date_gmt":"2026-01-15T14:31:05","guid":{"rendered":"https:\/\/rapidomotosport.hr\/?post_type=product&#038;p=45646"},"modified":"2026-01-15T15:32:19","modified_gmt":"2026-01-15T14:32:19","slug":"aprilia-sr-125-gt-leovince-exhaust-complete-racing-system-with-gp-corsa-black-silencer-2022-2024","status":"publish","type":"product","link":"https:\/\/rapidomotosport.hr\/en\/proizvod\/aprilia-sr-125-gt-leovince-exhaust-complete-racing-system-with-gp-corsa-black-silencer-2022-2024\/","title":{"rendered":"APRILIA SR 125 GT LeoVince Exhaust Complete Racing System with GP CORSA Black Silencer 2022-2024"},"content":{"rendered":"","protected":false},"excerpt":{"rendered":"<p>Prigu\u0161iva\u010di LeoVince GP CORSA nude savr\u0161enu ravnote\u017eu izgleda, performansi i cijene. S dizajnom inspiriranim LeoVince iskustvom u MotoGP-u, odlikuju se prepoznatljivim koso rezanim zavr\u0161etkom (Slash Cut) tipi\u010dnim za ispu\u0161ne sustave najvi\u0161e klase.<\/p>\n<p>GP CORSA BLACK EDITION dodatno je unaprije\u0111en mat crnim kerami\u010dkim premazom, koji prigu\u0161iva\u010du daje agresivan izgled te pobolj\u0161ava otpornost na visoke temperature i ogrebotine.<\/p>\n<p>NAPOMENA: NIJE HOMOLOGIRANO<\/p>\n","protected":false},"featured_media":45647,"template":"","meta":[],"product_brand":[],"product_cat":[17,18],"product_tag":[],"class_list":{"0":"post-45646","1":"product","2":"type-product","3":"status-publish","4":"has-post-thumbnail","6":"product_cat-ispusni-sustavi","7":"product_cat-aprilia","9":"first","10":"instock","11":"sale","12":"shipping-taxable","13":"purchasable","14":"product-type-simple"},"yoast_head":"<!-- This site is optimized with the Yoast SEO plugin v27.5 - https:\/\/yoast.com\/product\/yoast-seo-wordpress\/ -->\n<title>APRILIA SR 125 GT LeoVince Exhaust Complete Racing System with GP CORSA Black Silencer 2022-2024 - Rapido Motosport<\/title>\n<meta name=\"robots\" content=\"index, follow, max-snippet:-1, max-image-preview:large, max-video-preview:-1\" \/>\n<link rel=\"canonical\" href=\"https:\/\/rapidomotosport.hr\/en\/proizvod\/aprilia-sr-125-gt-leovince-exhaust-complete-racing-system-with-gp-corsa-black-silencer-2022-2024\/\" \/>\n<meta property=\"og:locale\" content=\"en_US\" \/>\n<meta property=\"og:type\" content=\"article\" \/>\n<meta property=\"og:title\" content=\"APRILIA SR 125 GT LeoVince Exhaust Complete Racing System with GP CORSA Black Silencer 2022-2024 - Rapido Motosport\" \/>\n<meta property=\"og:description\" content=\"Prigu\u0161iva\u010di LeoVince GP CORSA nude savr\u0161enu ravnote\u017eu izgleda, performansi i cijene. S dizajnom inspiriranim LeoVince iskustvom u MotoGP-u, odlikuju se prepoznatljivim koso rezanim zavr\u0161etkom (Slash Cut) tipi\u010dnim za ispu\u0161ne sustave najvi\u0161e klase.  GP CORSA BLACK EDITION dodatno je unaprije\u0111en mat crnim kerami\u010dkim premazom, koji prigu\u0161iva\u010du daje agresivan izgled te pobolj\u0161ava otpornost na visoke temperature i ogrebotine.  NAPOMENA: NIJE HOMOLOGIRANO\" \/>\n<meta property=\"og:url\" content=\"https:\/\/rapidomotosport.hr\/en\/proizvod\/aprilia-sr-125-gt-leovince-exhaust-complete-racing-system-with-gp-corsa-black-silencer-2022-2024\/\" \/>\n<meta property=\"og:site_name\" content=\"Rapido Motosport\" \/>\n<meta property=\"article:modified_time\" content=\"2026-01-15T14:32:19+00:00\" \/>\n<meta property=\"og:image\" content=\"https:\/\/rapidomotosport.hr\/wp-content\/uploads\/2026\/01\/GP-CORSA-BLACK-EDITION.png\" \/>\n\t<meta property=\"og:image:width\" content=\"2048\" \/>\n\t<meta property=\"og:image:height\" content=\"1536\" \/>\n\t<meta property=\"og:image:type\" content=\"image\/png\" \/>\n<meta name=\"twitter:card\" content=\"summary_large_image\" \/>\n<meta name=\"twitter:label1\" content=\"Est. reading time\" \/>\n\t<meta name=\"twitter:data1\" content=\"1 minute\" \/>\n<script type=\"application\/ld+json\" class=\"yoast-schema-graph\">{\"@context\":\"https:\\\/\\\/schema.org\",\"@graph\":[{\"@type\":\"WebPage\",\"@id\":\"https:\\\/\\\/rapidomotosport.hr\\\/en\\\/proizvod\\\/aprilia-sr-125-gt-leovince-exhaust-complete-racing-system-with-gp-corsa-black-silencer-2022-2024\\\/\",\"url\":\"https:\\\/\\\/rapidomotosport.hr\\\/en\\\/proizvod\\\/aprilia-sr-125-gt-leovince-exhaust-complete-racing-system-with-gp-corsa-black-silencer-2022-2024\\\/\",\"name\":\"APRILIA SR 125 GT LeoVince Exhaust Complete Racing System with GP CORSA Black Silencer 2022-2024 - Rapido Motosport\",\"isPartOf\":{\"@id\":\"https:\\\/\\\/rapidomotosport.hr\\\/en\\\/#website\"},\"primaryImageOfPage\":{\"@id\":\"https:\\\/\\\/rapidomotosport.hr\\\/en\\\/proizvod\\\/aprilia-sr-125-gt-leovince-exhaust-complete-racing-system-with-gp-corsa-black-silencer-2022-2024\\\/#primaryimage\"},\"image\":{\"@id\":\"https:\\\/\\\/rapidomotosport.hr\\\/en\\\/proizvod\\\/aprilia-sr-125-gt-leovince-exhaust-complete-racing-system-with-gp-corsa-black-silencer-2022-2024\\\/#primaryimage\"},\"thumbnailUrl\":\"https:\\\/\\\/rapidomotosport.hr\\\/wp-content\\\/uploads\\\/2026\\\/01\\\/GP-CORSA-BLACK-EDITION.png\",\"datePublished\":\"2026-01-15T14:31:05+00:00\",\"dateModified\":\"2026-01-15T14:32:19+00:00\",\"breadcrumb\":{\"@id\":\"https:\\\/\\\/rapidomotosport.hr\\\/en\\\/proizvod\\\/aprilia-sr-125-gt-leovince-exhaust-complete-racing-system-with-gp-corsa-black-silencer-2022-2024\\\/#breadcrumb\"},\"inLanguage\":\"en-US\",\"potentialAction\":[{\"@type\":\"ReadAction\",\"target\":[\"https:\\\/\\\/rapidomotosport.hr\\\/en\\\/proizvod\\\/aprilia-sr-125-gt-leovince-exhaust-complete-racing-system-with-gp-corsa-black-silencer-2022-2024\\\/\"]}]},{\"@type\":\"ImageObject\",\"inLanguage\":\"en-US\",\"@id\":\"https:\\\/\\\/rapidomotosport.hr\\\/en\\\/proizvod\\\/aprilia-sr-125-gt-leovince-exhaust-complete-racing-system-with-gp-corsa-black-silencer-2022-2024\\\/#primaryimage\",\"url\":\"https:\\\/\\\/rapidomotosport.hr\\\/wp-content\\\/uploads\\\/2026\\\/01\\\/GP-CORSA-BLACK-EDITION.png\",\"contentUrl\":\"https:\\\/\\\/rapidomotosport.hr\\\/wp-content\\\/uploads\\\/2026\\\/01\\\/GP-CORSA-BLACK-EDITION.png\",\"width\":2048,\"height\":1536},{\"@type\":\"BreadcrumbList\",\"@id\":\"https:\\\/\\\/rapidomotosport.hr\\\/en\\\/proizvod\\\/aprilia-sr-125-gt-leovince-exhaust-complete-racing-system-with-gp-corsa-black-silencer-2022-2024\\\/#breadcrumb\",\"itemListElement\":[{\"@type\":\"ListItem\",\"position\":1,\"name\":\"Po\u010detna stranica\",\"item\":\"https:\\\/\\\/rapidomotosport.hr\\\/en\\\/\"},{\"@type\":\"ListItem\",\"position\":2,\"name\":\"Shop\",\"item\":\"https:\\\/\\\/rapidomotosport.hr\\\/en\\\/shop\\\/\"},{\"@type\":\"ListItem\",\"position\":3,\"name\":\"APRILIA SR 125 GT LeoVince Exhaust Complete Racing System with GP CORSA Black Silencer 2022-2024\"}]},{\"@type\":\"WebSite\",\"@id\":\"https:\\\/\\\/rapidomotosport.hr\\\/en\\\/#website\",\"url\":\"https:\\\/\\\/rapidomotosport.hr\\\/en\\\/\",\"name\":\"Rapido Motosport\",\"description\":\"\",\"potentialAction\":[{\"@type\":\"SearchAction\",\"target\":{\"@type\":\"EntryPoint\",\"urlTemplate\":\"https:\\\/\\\/rapidomotosport.hr\\\/en\\\/?s={search_term_string}\"},\"query-input\":{\"@type\":\"PropertyValueSpecification\",\"valueRequired\":true,\"valueName\":\"search_term_string\"}}],\"inLanguage\":\"en-US\"}]}<\/script>\n<!-- \/ Yoast SEO plugin. -->","yoast_head_json":{"title":"APRILIA SR 125 GT LeoVince Exhaust Complete Racing System with GP CORSA Black Silencer 2022-2024 - Rapido Motosport","robots":{"index":"index","follow":"follow","max-snippet":"max-snippet:-1","max-image-preview":"max-image-preview:large","max-video-preview":"max-video-preview:-1"},"canonical":"https:\/\/rapidomotosport.hr\/en\/proizvod\/aprilia-sr-125-gt-leovince-exhaust-complete-racing-system-with-gp-corsa-black-silencer-2022-2024\/","og_locale":"en_US","og_type":"article","og_title":"APRILIA SR 125 GT LeoVince Exhaust Complete Racing System with GP CORSA Black Silencer 2022-2024 - Rapido Motosport","og_description":"Prigu\u0161iva\u010di LeoVince GP CORSA nude savr\u0161enu ravnote\u017eu izgleda, performansi i cijene. S dizajnom inspiriranim LeoVince iskustvom u MotoGP-u, odlikuju se prepoznatljivim koso rezanim zavr\u0161etkom (Slash Cut) tipi\u010dnim za ispu\u0161ne sustave najvi\u0161e klase.  GP CORSA BLACK EDITION dodatno je unaprije\u0111en mat crnim kerami\u010dkim premazom, koji prigu\u0161iva\u010du daje agresivan izgled te pobolj\u0161ava otpornost na visoke temperature i ogrebotine.  NAPOMENA: NIJE HOMOLOGIRANO","og_url":"https:\/\/rapidomotosport.hr\/en\/proizvod\/aprilia-sr-125-gt-leovince-exhaust-complete-racing-system-with-gp-corsa-black-silencer-2022-2024\/","og_site_name":"Rapido Motosport","article_modified_time":"2026-01-15T14:32:19+00:00","og_image":[{"width":2048,"height":1536,"url":"https:\/\/rapidomotosport.hr\/wp-content\/uploads\/2026\/01\/GP-CORSA-BLACK-EDITION.png","type":"image\/png"}],"twitter_card":"summary_large_image","twitter_misc":{"Est. reading time":"1 minute"},"schema":{"@context":"https:\/\/schema.org","@graph":[{"@type":"WebPage","@id":"https:\/\/rapidomotosport.hr\/en\/proizvod\/aprilia-sr-125-gt-leovince-exhaust-complete-racing-system-with-gp-corsa-black-silencer-2022-2024\/","url":"https:\/\/rapidomotosport.hr\/en\/proizvod\/aprilia-sr-125-gt-leovince-exhaust-complete-racing-system-with-gp-corsa-black-silencer-2022-2024\/","name":"APRILIA SR 125 GT LeoVince Exhaust Complete Racing System with GP CORSA Black Silencer 2022-2024 - Rapido Motosport","isPartOf":{"@id":"https:\/\/rapidomotosport.hr\/en\/#website"},"primaryImageOfPage":{"@id":"https:\/\/rapidomotosport.hr\/en\/proizvod\/aprilia-sr-125-gt-leovince-exhaust-complete-racing-system-with-gp-corsa-black-silencer-2022-2024\/#primaryimage"},"image":{"@id":"https:\/\/rapidomotosport.hr\/en\/proizvod\/aprilia-sr-125-gt-leovince-exhaust-complete-racing-system-with-gp-corsa-black-silencer-2022-2024\/#primaryimage"},"thumbnailUrl":"https:\/\/rapidomotosport.hr\/wp-content\/uploads\/2026\/01\/GP-CORSA-BLACK-EDITION.png","datePublished":"2026-01-15T14:31:05+00:00","dateModified":"2026-01-15T14:32:19+00:00","breadcrumb":{"@id":"https:\/\/rapidomotosport.hr\/en\/proizvod\/aprilia-sr-125-gt-leovince-exhaust-complete-racing-system-with-gp-corsa-black-silencer-2022-2024\/#breadcrumb"},"inLanguage":"en-US","potentialAction":[{"@type":"ReadAction","target":["https:\/\/rapidomotosport.hr\/en\/proizvod\/aprilia-sr-125-gt-leovince-exhaust-complete-racing-system-with-gp-corsa-black-silencer-2022-2024\/"]}]},{"@type":"ImageObject","inLanguage":"en-US","@id":"https:\/\/rapidomotosport.hr\/en\/proizvod\/aprilia-sr-125-gt-leovince-exhaust-complete-racing-system-with-gp-corsa-black-silencer-2022-2024\/#primaryimage","url":"https:\/\/rapidomotosport.hr\/wp-content\/uploads\/2026\/01\/GP-CORSA-BLACK-EDITION.png","contentUrl":"https:\/\/rapidomotosport.hr\/wp-content\/uploads\/2026\/01\/GP-CORSA-BLACK-EDITION.png","width":2048,"height":1536},{"@type":"BreadcrumbList","@id":"https:\/\/rapidomotosport.hr\/en\/proizvod\/aprilia-sr-125-gt-leovince-exhaust-complete-racing-system-with-gp-corsa-black-silencer-2022-2024\/#breadcrumb","itemListElement":[{"@type":"ListItem","position":1,"name":"Po\u010detna stranica","item":"https:\/\/rapidomotosport.hr\/en\/"},{"@type":"ListItem","position":2,"name":"Shop","item":"https:\/\/rapidomotosport.hr\/en\/shop\/"},{"@type":"ListItem","position":3,"name":"APRILIA SR 125 GT LeoVince Exhaust Complete Racing System with GP CORSA Black Silencer 2022-2024"}]},{"@type":"WebSite","@id":"https:\/\/rapidomotosport.hr\/en\/#website","url":"https:\/\/rapidomotosport.hr\/en\/","name":"Rapido Motosport","description":"","potentialAction":[{"@type":"SearchAction","target":{"@type":"EntryPoint","urlTemplate":"https:\/\/rapidomotosport.hr\/en\/?s={search_term_string}"},"query-input":{"@type":"PropertyValueSpecification","valueRequired":true,"valueName":"search_term_string"}}],"inLanguage":"en-US"}]}},"_links":{"self":[{"href":"https:\/\/rapidomotosport.hr\/en\/wp-json\/wp\/v2\/product\/45646","targetHints":{"allow":["GET"]}}],"collection":[{"href":"https:\/\/rapidomotosport.hr\/en\/wp-json\/wp\/v2\/product"}],"about":[{"href":"https:\/\/rapidomotosport.hr\/en\/wp-json\/wp\/v2\/types\/product"}],"wp:featuredmedia":[{"embeddable":true,"href":"https:\/\/rapidomotosport.hr\/en\/wp-json\/wp\/v2\/media\/45647"}],"wp:attachment":[{"href":"https:\/\/rapidomotosport.hr\/en\/wp-json\/wp\/v2\/media?parent=45646"}],"wp:term":[{"taxonomy":"product_brand","embeddable":true,"href":"https:\/\/rapidomotosport.hr\/en\/wp-json\/wp\/v2\/product_brand?post=45646"},{"taxonomy":"product_cat","embeddable":true,"href":"https:\/\/rapidomotosport.hr\/en\/wp-json\/wp\/v2\/product_cat?post=45646"},{"taxonomy":"product_tag","embeddable":true,"href":"https:\/\/rapidomotosport.hr\/en\/wp-json\/wp\/v2\/product_tag?post=45646"}],"curies":[{"name":"wp","href":"https:\/\/api.w.org\/{rel}","templated":true}]}}