{"id":45721,"date":"2026-01-16T15:51:33","date_gmt":"2026-01-16T14:51:33","guid":{"rendered":"https:\/\/rapidomotosport.hr\/?post_type=product&#038;p=45721"},"modified":"2026-01-16T15:55:59","modified_gmt":"2026-01-16T14:55:59","slug":"bmw-f-850-gs-leovince-exhaust-no-kat-link-pipe-2019-2024","status":"publish","type":"product","link":"https:\/\/rapidomotosport.hr\/en\/proizvod\/bmw-f-850-gs-leovince-exhaust-no-kat-link-pipe-2019-2024\/","title":{"rendered":"BMW F 850 GS LeoVince Exhaust NO-KAT LINK PIPE 2018-2024"},"content":{"rendered":"","protected":false},"excerpt":{"rendered":"<p>LeoVince spojne cijevi dizajnirali su na\u0161i tehni\u010dari koriste\u0107i iskustvo ste\u010deno u svjetskim natjecanjima. Izra\u0111ene su od nehr\u0111aju\u0107eg \u010delika AISI 304, TIG zavarene, te razvijane na dinamometru uz primjenu specifi\u010dnih dimenzija za svaki model s ciljem pobolj\u0161anja okretnog momenta i maksimalne snage, a u ve\u0107ini slu\u010dajeva i smanjenja ukupne mase. Rezultat je proizvod koji po materijalima, zavr\u0161noj obradi i performansama predstavlja najvi\u0161u razinu kvalitete dostupnu na tr\u017ei\u0161tu.<\/p>\n<p>Spojne cijevi mogu se ugraditi i s originalnim prigu\u0161iva\u010dem motocikla, bez potrebe za bilo kakvim preinakama.<\/p>\n<p>NAPOMENA: NIJE HOMOLOGIRANO<\/p>\n","protected":false},"featured_media":45722,"template":"","meta":[],"product_brand":[],"product_cat":[17],"product_tag":[],"class_list":{"0":"post-45721","1":"product","2":"type-product","3":"status-publish","4":"has-post-thumbnail","6":"product_cat-ispusni-sustavi","8":"first","9":"instock","10":"sale","11":"shipping-taxable","12":"purchasable","13":"product-type-simple"},"yoast_head":"<!-- This site is optimized with the Yoast SEO plugin v27.5 - https:\/\/yoast.com\/product\/yoast-seo-wordpress\/ -->\n<title>BMW F 850 GS LeoVince Exhaust NO-KAT LINK PIPE 2018-2024 - Rapido Motosport<\/title>\n<meta name=\"robots\" content=\"index, follow, max-snippet:-1, max-image-preview:large, max-video-preview:-1\" \/>\n<link rel=\"canonical\" href=\"https:\/\/rapidomotosport.hr\/en\/proizvod\/bmw-f-850-gs-leovince-exhaust-no-kat-link-pipe-2019-2024\/\" \/>\n<meta property=\"og:locale\" content=\"en_US\" \/>\n<meta property=\"og:type\" content=\"article\" \/>\n<meta property=\"og:title\" content=\"BMW F 850 GS LeoVince Exhaust NO-KAT LINK PIPE 2018-2024 - Rapido Motosport\" \/>\n<meta property=\"og:description\" content=\"LeoVince spojne cijevi dizajnirali su na\u0161i tehni\u010dari koriste\u0107i iskustvo ste\u010deno u svjetskim natjecanjima. Izra\u0111ene su od nehr\u0111aju\u0107eg \u010delika AISI 304, TIG zavarene, te razvijane na dinamometru uz primjenu specifi\u010dnih dimenzija za svaki model s ciljem pobolj\u0161anja okretnog momenta i maksimalne snage, a u ve\u0107ini slu\u010dajeva i smanjenja ukupne mase. Rezultat je proizvod koji po materijalima, zavr\u0161noj obradi i performansama predstavlja najvi\u0161u razinu kvalitete dostupnu na tr\u017ei\u0161tu.  Spojne cijevi mogu se ugraditi i s originalnim prigu\u0161iva\u010dem motocikla, bez potrebe za bilo kakvim preinakama.  NAPOMENA: NIJE HOMOLOGIRANO\" \/>\n<meta property=\"og:url\" content=\"https:\/\/rapidomotosport.hr\/en\/proizvod\/bmw-f-850-gs-leovince-exhaust-no-kat-link-pipe-2019-2024\/\" \/>\n<meta property=\"og:site_name\" content=\"Rapido Motosport\" \/>\n<meta property=\"article:modified_time\" content=\"2026-01-16T14:55:59+00:00\" \/>\n<meta property=\"og:image\" content=\"https:\/\/rapidomotosport.hr\/wp-content\/uploads\/2026\/01\/Dizajn-bez-naslova-2-35.png\" \/>\n\t<meta property=\"og:image:width\" content=\"2048\" \/>\n\t<meta property=\"og:image:height\" content=\"1536\" \/>\n\t<meta property=\"og:image:type\" content=\"image\/png\" \/>\n<meta name=\"twitter:card\" content=\"summary_large_image\" \/>\n<meta name=\"twitter:label1\" content=\"Est. reading time\" \/>\n\t<meta name=\"twitter:data1\" content=\"1 minute\" \/>\n<script type=\"application\/ld+json\" class=\"yoast-schema-graph\">{\"@context\":\"https:\\\/\\\/schema.org\",\"@graph\":[{\"@type\":\"WebPage\",\"@id\":\"https:\\\/\\\/rapidomotosport.hr\\\/en\\\/proizvod\\\/bmw-f-850-gs-leovince-exhaust-no-kat-link-pipe-2019-2024\\\/\",\"url\":\"https:\\\/\\\/rapidomotosport.hr\\\/en\\\/proizvod\\\/bmw-f-850-gs-leovince-exhaust-no-kat-link-pipe-2019-2024\\\/\",\"name\":\"BMW F 850 GS LeoVince Exhaust NO-KAT LINK PIPE 2018-2024 - Rapido Motosport\",\"isPartOf\":{\"@id\":\"https:\\\/\\\/rapidomotosport.hr\\\/en\\\/#website\"},\"primaryImageOfPage\":{\"@id\":\"https:\\\/\\\/rapidomotosport.hr\\\/en\\\/proizvod\\\/bmw-f-850-gs-leovince-exhaust-no-kat-link-pipe-2019-2024\\\/#primaryimage\"},\"image\":{\"@id\":\"https:\\\/\\\/rapidomotosport.hr\\\/en\\\/proizvod\\\/bmw-f-850-gs-leovince-exhaust-no-kat-link-pipe-2019-2024\\\/#primaryimage\"},\"thumbnailUrl\":\"https:\\\/\\\/rapidomotosport.hr\\\/wp-content\\\/uploads\\\/2026\\\/01\\\/Dizajn-bez-naslova-2-35.png\",\"datePublished\":\"2026-01-16T14:51:33+00:00\",\"dateModified\":\"2026-01-16T14:55:59+00:00\",\"breadcrumb\":{\"@id\":\"https:\\\/\\\/rapidomotosport.hr\\\/en\\\/proizvod\\\/bmw-f-850-gs-leovince-exhaust-no-kat-link-pipe-2019-2024\\\/#breadcrumb\"},\"inLanguage\":\"en-US\",\"potentialAction\":[{\"@type\":\"ReadAction\",\"target\":[\"https:\\\/\\\/rapidomotosport.hr\\\/en\\\/proizvod\\\/bmw-f-850-gs-leovince-exhaust-no-kat-link-pipe-2019-2024\\\/\"]}]},{\"@type\":\"ImageObject\",\"inLanguage\":\"en-US\",\"@id\":\"https:\\\/\\\/rapidomotosport.hr\\\/en\\\/proizvod\\\/bmw-f-850-gs-leovince-exhaust-no-kat-link-pipe-2019-2024\\\/#primaryimage\",\"url\":\"https:\\\/\\\/rapidomotosport.hr\\\/wp-content\\\/uploads\\\/2026\\\/01\\\/Dizajn-bez-naslova-2-35.png\",\"contentUrl\":\"https:\\\/\\\/rapidomotosport.hr\\\/wp-content\\\/uploads\\\/2026\\\/01\\\/Dizajn-bez-naslova-2-35.png\",\"width\":2048,\"height\":1536},{\"@type\":\"BreadcrumbList\",\"@id\":\"https:\\\/\\\/rapidomotosport.hr\\\/en\\\/proizvod\\\/bmw-f-850-gs-leovince-exhaust-no-kat-link-pipe-2019-2024\\\/#breadcrumb\",\"itemListElement\":[{\"@type\":\"ListItem\",\"position\":1,\"name\":\"Po\u010detna stranica\",\"item\":\"https:\\\/\\\/rapidomotosport.hr\\\/en\\\/\"},{\"@type\":\"ListItem\",\"position\":2,\"name\":\"Shop\",\"item\":\"https:\\\/\\\/rapidomotosport.hr\\\/en\\\/shop\\\/\"},{\"@type\":\"ListItem\",\"position\":3,\"name\":\"BMW F 850 GS LeoVince Exhaust NO-KAT LINK PIPE 2018-2024\"}]},{\"@type\":\"WebSite\",\"@id\":\"https:\\\/\\\/rapidomotosport.hr\\\/en\\\/#website\",\"url\":\"https:\\\/\\\/rapidomotosport.hr\\\/en\\\/\",\"name\":\"Rapido Motosport\",\"description\":\"\",\"potentialAction\":[{\"@type\":\"SearchAction\",\"target\":{\"@type\":\"EntryPoint\",\"urlTemplate\":\"https:\\\/\\\/rapidomotosport.hr\\\/en\\\/?s={search_term_string}\"},\"query-input\":{\"@type\":\"PropertyValueSpecification\",\"valueRequired\":true,\"valueName\":\"search_term_string\"}}],\"inLanguage\":\"en-US\"}]}<\/script>\n<!-- \/ Yoast SEO plugin. -->","yoast_head_json":{"title":"BMW F 850 GS LeoVince Exhaust NO-KAT LINK PIPE 2018-2024 - Rapido Motosport","robots":{"index":"index","follow":"follow","max-snippet":"max-snippet:-1","max-image-preview":"max-image-preview:large","max-video-preview":"max-video-preview:-1"},"canonical":"https:\/\/rapidomotosport.hr\/en\/proizvod\/bmw-f-850-gs-leovince-exhaust-no-kat-link-pipe-2019-2024\/","og_locale":"en_US","og_type":"article","og_title":"BMW F 850 GS LeoVince Exhaust NO-KAT LINK PIPE 2018-2024 - Rapido Motosport","og_description":"LeoVince spojne cijevi dizajnirali su na\u0161i tehni\u010dari koriste\u0107i iskustvo ste\u010deno u svjetskim natjecanjima. Izra\u0111ene su od nehr\u0111aju\u0107eg \u010delika AISI 304, TIG zavarene, te razvijane na dinamometru uz primjenu specifi\u010dnih dimenzija za svaki model s ciljem pobolj\u0161anja okretnog momenta i maksimalne snage, a u ve\u0107ini slu\u010dajeva i smanjenja ukupne mase. Rezultat je proizvod koji po materijalima, zavr\u0161noj obradi i performansama predstavlja najvi\u0161u razinu kvalitete dostupnu na tr\u017ei\u0161tu.  Spojne cijevi mogu se ugraditi i s originalnim prigu\u0161iva\u010dem motocikla, bez potrebe za bilo kakvim preinakama.  NAPOMENA: NIJE HOMOLOGIRANO","og_url":"https:\/\/rapidomotosport.hr\/en\/proizvod\/bmw-f-850-gs-leovince-exhaust-no-kat-link-pipe-2019-2024\/","og_site_name":"Rapido Motosport","article_modified_time":"2026-01-16T14:55:59+00:00","og_image":[{"width":2048,"height":1536,"url":"https:\/\/rapidomotosport.hr\/wp-content\/uploads\/2026\/01\/Dizajn-bez-naslova-2-35.png","type":"image\/png"}],"twitter_card":"summary_large_image","twitter_misc":{"Est. reading time":"1 minute"},"schema":{"@context":"https:\/\/schema.org","@graph":[{"@type":"WebPage","@id":"https:\/\/rapidomotosport.hr\/en\/proizvod\/bmw-f-850-gs-leovince-exhaust-no-kat-link-pipe-2019-2024\/","url":"https:\/\/rapidomotosport.hr\/en\/proizvod\/bmw-f-850-gs-leovince-exhaust-no-kat-link-pipe-2019-2024\/","name":"BMW F 850 GS LeoVince Exhaust NO-KAT LINK PIPE 2018-2024 - Rapido Motosport","isPartOf":{"@id":"https:\/\/rapidomotosport.hr\/en\/#website"},"primaryImageOfPage":{"@id":"https:\/\/rapidomotosport.hr\/en\/proizvod\/bmw-f-850-gs-leovince-exhaust-no-kat-link-pipe-2019-2024\/#primaryimage"},"image":{"@id":"https:\/\/rapidomotosport.hr\/en\/proizvod\/bmw-f-850-gs-leovince-exhaust-no-kat-link-pipe-2019-2024\/#primaryimage"},"thumbnailUrl":"https:\/\/rapidomotosport.hr\/wp-content\/uploads\/2026\/01\/Dizajn-bez-naslova-2-35.png","datePublished":"2026-01-16T14:51:33+00:00","dateModified":"2026-01-16T14:55:59+00:00","breadcrumb":{"@id":"https:\/\/rapidomotosport.hr\/en\/proizvod\/bmw-f-850-gs-leovince-exhaust-no-kat-link-pipe-2019-2024\/#breadcrumb"},"inLanguage":"en-US","potentialAction":[{"@type":"ReadAction","target":["https:\/\/rapidomotosport.hr\/en\/proizvod\/bmw-f-850-gs-leovince-exhaust-no-kat-link-pipe-2019-2024\/"]}]},{"@type":"ImageObject","inLanguage":"en-US","@id":"https:\/\/rapidomotosport.hr\/en\/proizvod\/bmw-f-850-gs-leovince-exhaust-no-kat-link-pipe-2019-2024\/#primaryimage","url":"https:\/\/rapidomotosport.hr\/wp-content\/uploads\/2026\/01\/Dizajn-bez-naslova-2-35.png","contentUrl":"https:\/\/rapidomotosport.hr\/wp-content\/uploads\/2026\/01\/Dizajn-bez-naslova-2-35.png","width":2048,"height":1536},{"@type":"BreadcrumbList","@id":"https:\/\/rapidomotosport.hr\/en\/proizvod\/bmw-f-850-gs-leovince-exhaust-no-kat-link-pipe-2019-2024\/#breadcrumb","itemListElement":[{"@type":"ListItem","position":1,"name":"Po\u010detna stranica","item":"https:\/\/rapidomotosport.hr\/en\/"},{"@type":"ListItem","position":2,"name":"Shop","item":"https:\/\/rapidomotosport.hr\/en\/shop\/"},{"@type":"ListItem","position":3,"name":"BMW F 850 GS LeoVince Exhaust NO-KAT LINK PIPE 2018-2024"}]},{"@type":"WebSite","@id":"https:\/\/rapidomotosport.hr\/en\/#website","url":"https:\/\/rapidomotosport.hr\/en\/","name":"Rapido Motosport","description":"","potentialAction":[{"@type":"SearchAction","target":{"@type":"EntryPoint","urlTemplate":"https:\/\/rapidomotosport.hr\/en\/?s={search_term_string}"},"query-input":{"@type":"PropertyValueSpecification","valueRequired":true,"valueName":"search_term_string"}}],"inLanguage":"en-US"}]}},"_links":{"self":[{"href":"https:\/\/rapidomotosport.hr\/en\/wp-json\/wp\/v2\/product\/45721","targetHints":{"allow":["GET"]}}],"collection":[{"href":"https:\/\/rapidomotosport.hr\/en\/wp-json\/wp\/v2\/product"}],"about":[{"href":"https:\/\/rapidomotosport.hr\/en\/wp-json\/wp\/v2\/types\/product"}],"wp:featuredmedia":[{"embeddable":true,"href":"https:\/\/rapidomotosport.hr\/en\/wp-json\/wp\/v2\/media\/45722"}],"wp:attachment":[{"href":"https:\/\/rapidomotosport.hr\/en\/wp-json\/wp\/v2\/media?parent=45721"}],"wp:term":[{"taxonomy":"product_brand","embeddable":true,"href":"https:\/\/rapidomotosport.hr\/en\/wp-json\/wp\/v2\/product_brand?post=45721"},{"taxonomy":"product_cat","embeddable":true,"href":"https:\/\/rapidomotosport.hr\/en\/wp-json\/wp\/v2\/product_cat?post=45721"},{"taxonomy":"product_tag","embeddable":true,"href":"https:\/\/rapidomotosport.hr\/en\/wp-json\/wp\/v2\/product_tag?post=45721"}],"curies":[{"name":"wp","href":"https:\/\/api.w.org\/{rel}","templated":true}]}}