{"id":53437,"date":"2026-03-25T18:39:00","date_gmt":"2026-03-25T17:39:00","guid":{"rendered":"https:\/\/rapidomotosport.hr\/?post_type=product&#038;p=53437"},"modified":"2026-04-01T17:25:49","modified_gmt":"2026-04-01T15:25:49","slug":"aprilia-tuareg-660-ohlins-adventure-nix-30-cartridge-kit-2022-2025","status":"publish","type":"product","link":"https:\/\/rapidomotosport.hr\/en\/proizvod\/aprilia-tuareg-660-ohlins-adventure-nix-30-cartridge-kit-2022-2025\/","title":{"rendered":"APRILIA TUAREG 660 \u00d6HLINS ADVENTURE NIX 30 CARTRIDGE KIT 2022-2025"},"content":{"rendered":"","protected":false},"excerpt":{"rendered":"<p>Preuzmite potpunu kontrolu nad vo\u017enjom uz \u00d6hlins NIX 30 Adventure cartridge kit \u2013 vrhunsku nadogradnju prednjeg ovjesa za srednje velike adventure motocikle. Temeljen na trka\u0107oj tehnologiji, osigurava visoke performanse i dugotrajnost bez \u010destog servisiranja.<\/p>\n<p>Za Aprilia Tuareg 660 \/ Tuareg 660 Rally koristi NIX sustav s odvojenim kompresijskim i povratnim prigu\u0161enjem u svakoj nozi vilice, \u0161to donosi ve\u0107u stabilnost i preciznije upravljanje. Pode\u0161avanja prigu\u0161enja i prednaprezanja opruge vr\u0161e se na vrhu vilice, a ugra\u0111eni hidrauli\u010dki grani\u010dnik sprje\u010dava tvrdo udaranje na kraju hoda.<\/p>\n<p>Kompaktan dizajn omogu\u0107uje jednostavnu ugradnju u serijske upside-down vilice, bez ve\u0107ih preinaka.<\/p>\n<p>\u2022 Duljina: 936 mm<br \/>\n\u2022 Hod: 240 mm<br \/>\n\u2022 Pozicija: prednja<br \/>\n\u2022 Serija opruge: 08438-serija<br \/>\n\u2022 Preporu\u010deno ulje: 01309-01<br \/>\n\u2022 Razina ulja mm: 120<br \/>\n\u2022 Volumen ulja: 500<br \/>\n\u2022 Pakiranje: par<\/p>\n","protected":false},"featured_media":53494,"template":"","meta":[],"product_brand":[],"product_cat":[1254],"product_tag":[],"class_list":{"0":"post-53437","1":"product","2":"type-product","3":"status-publish","4":"has-post-thumbnail","6":"product_cat-amortizeri-za-motocikle","8":"first","9":"instock","10":"sale","11":"shipping-taxable","12":"purchasable","13":"product-type-simple"},"yoast_head":"<!-- This site is optimized with the Yoast SEO plugin v27.4 - https:\/\/yoast.com\/product\/yoast-seo-wordpress\/ -->\n<title>APRILIA TUAREG 660 \u00d6HLINS ADVENTURE NIX 30 CARTRIDGE KIT 2022-2025 - Rapido Motosport<\/title>\n<meta name=\"robots\" content=\"index, follow, max-snippet:-1, max-image-preview:large, max-video-preview:-1\" \/>\n<link rel=\"canonical\" href=\"https:\/\/rapidomotosport.hr\/en\/proizvod\/aprilia-tuareg-660-ohlins-adventure-nix-30-cartridge-kit-2022-2025\/\" \/>\n<meta property=\"og:locale\" content=\"en_US\" \/>\n<meta property=\"og:type\" content=\"article\" \/>\n<meta property=\"og:title\" content=\"APRILIA TUAREG 660 \u00d6HLINS ADVENTURE NIX 30 CARTRIDGE KIT 2022-2025 - Rapido Motosport\" \/>\n<meta property=\"og:description\" content=\"Preuzmite potpunu kontrolu nad vo\u017enjom uz \u00d6hlins NIX 30 Adventure cartridge kit \u2013 vrhunsku nadogradnju prednjeg ovjesa za srednje velike adventure motocikle. Temeljen na trka\u0107oj tehnologiji, osigurava visoke performanse i dugotrajnost bez \u010destog servisiranja.  Za Aprilia Tuareg 660 \/ Tuareg 660 Rally koristi NIX sustav s odvojenim kompresijskim i povratnim prigu\u0161enjem u svakoj nozi vilice, \u0161to donosi ve\u0107u stabilnost i preciznije upravljanje. Pode\u0161avanja prigu\u0161enja i prednaprezanja opruge vr\u0161e se na vrhu vilice, a ugra\u0111eni hidrauli\u010dki grani\u010dnik sprje\u010dava tvrdo udaranje na kraju hoda.  Kompaktan dizajn omogu\u0107uje jednostavnu ugradnju u serijske upside-down vilice, bez ve\u0107ih preinaka.  \u2022 Duljina: 936 mm \u2022 Hod: 240 mm \u2022 Pozicija: prednja \u2022 Serija opruge: 08438-serija \u2022 Preporu\u010deno ulje: 01309-01 \u2022 Razina ulja mm: 120 \u2022 Volumen ulja: 500 \u2022 Pakiranje: par\" \/>\n<meta property=\"og:url\" content=\"https:\/\/rapidomotosport.hr\/en\/proizvod\/aprilia-tuareg-660-ohlins-adventure-nix-30-cartridge-kit-2022-2025\/\" \/>\n<meta property=\"og:site_name\" content=\"Rapido Motosport\" \/>\n<meta property=\"article:modified_time\" content=\"2026-04-01T15:25:49+00:00\" \/>\n<meta property=\"og:image\" content=\"https:\/\/rapidomotosport.hr\/wp-content\/uploads\/2026\/03\/arbo-10.png\" \/>\n\t<meta property=\"og:image:width\" content=\"2048\" \/>\n\t<meta property=\"og:image:height\" content=\"1536\" \/>\n\t<meta property=\"og:image:type\" content=\"image\/png\" \/>\n<meta name=\"twitter:card\" content=\"summary_large_image\" \/>\n<meta name=\"twitter:label1\" content=\"Est. reading time\" \/>\n\t<meta name=\"twitter:data1\" content=\"1 minute\" \/>\n<script type=\"application\/ld+json\" class=\"yoast-schema-graph\">{\"@context\":\"https:\\\/\\\/schema.org\",\"@graph\":[{\"@type\":\"WebPage\",\"@id\":\"https:\\\/\\\/rapidomotosport.hr\\\/en\\\/proizvod\\\/aprilia-tuareg-660-ohlins-adventure-nix-30-cartridge-kit-2022-2025\\\/\",\"url\":\"https:\\\/\\\/rapidomotosport.hr\\\/en\\\/proizvod\\\/aprilia-tuareg-660-ohlins-adventure-nix-30-cartridge-kit-2022-2025\\\/\",\"name\":\"APRILIA TUAREG 660 \u00d6HLINS ADVENTURE NIX 30 CARTRIDGE KIT 2022-2025 - Rapido Motosport\",\"isPartOf\":{\"@id\":\"https:\\\/\\\/rapidomotosport.hr\\\/en\\\/#website\"},\"primaryImageOfPage\":{\"@id\":\"https:\\\/\\\/rapidomotosport.hr\\\/en\\\/proizvod\\\/aprilia-tuareg-660-ohlins-adventure-nix-30-cartridge-kit-2022-2025\\\/#primaryimage\"},\"image\":{\"@id\":\"https:\\\/\\\/rapidomotosport.hr\\\/en\\\/proizvod\\\/aprilia-tuareg-660-ohlins-adventure-nix-30-cartridge-kit-2022-2025\\\/#primaryimage\"},\"thumbnailUrl\":\"https:\\\/\\\/rapidomotosport.hr\\\/wp-content\\\/uploads\\\/2026\\\/03\\\/arbo-10.png\",\"datePublished\":\"2026-03-25T17:39:00+00:00\",\"dateModified\":\"2026-04-01T15:25:49+00:00\",\"breadcrumb\":{\"@id\":\"https:\\\/\\\/rapidomotosport.hr\\\/en\\\/proizvod\\\/aprilia-tuareg-660-ohlins-adventure-nix-30-cartridge-kit-2022-2025\\\/#breadcrumb\"},\"inLanguage\":\"en-US\",\"potentialAction\":[{\"@type\":\"ReadAction\",\"target\":[\"https:\\\/\\\/rapidomotosport.hr\\\/en\\\/proizvod\\\/aprilia-tuareg-660-ohlins-adventure-nix-30-cartridge-kit-2022-2025\\\/\"]}]},{\"@type\":\"ImageObject\",\"inLanguage\":\"en-US\",\"@id\":\"https:\\\/\\\/rapidomotosport.hr\\\/en\\\/proizvod\\\/aprilia-tuareg-660-ohlins-adventure-nix-30-cartridge-kit-2022-2025\\\/#primaryimage\",\"url\":\"https:\\\/\\\/rapidomotosport.hr\\\/wp-content\\\/uploads\\\/2026\\\/03\\\/arbo-10.png\",\"contentUrl\":\"https:\\\/\\\/rapidomotosport.hr\\\/wp-content\\\/uploads\\\/2026\\\/03\\\/arbo-10.png\",\"width\":2048,\"height\":1536},{\"@type\":\"BreadcrumbList\",\"@id\":\"https:\\\/\\\/rapidomotosport.hr\\\/en\\\/proizvod\\\/aprilia-tuareg-660-ohlins-adventure-nix-30-cartridge-kit-2022-2025\\\/#breadcrumb\",\"itemListElement\":[{\"@type\":\"ListItem\",\"position\":1,\"name\":\"Po\u010detna stranica\",\"item\":\"https:\\\/\\\/rapidomotosport.hr\\\/en\\\/\"},{\"@type\":\"ListItem\",\"position\":2,\"name\":\"Shop\",\"item\":\"https:\\\/\\\/rapidomotosport.hr\\\/en\\\/shop\\\/\"},{\"@type\":\"ListItem\",\"position\":3,\"name\":\"APRILIA TUAREG 660 \u00d6HLINS ADVENTURE NIX 30 CARTRIDGE KIT 2022-2025\"}]},{\"@type\":\"WebSite\",\"@id\":\"https:\\\/\\\/rapidomotosport.hr\\\/en\\\/#website\",\"url\":\"https:\\\/\\\/rapidomotosport.hr\\\/en\\\/\",\"name\":\"Rapido Motosport\",\"description\":\"\",\"potentialAction\":[{\"@type\":\"SearchAction\",\"target\":{\"@type\":\"EntryPoint\",\"urlTemplate\":\"https:\\\/\\\/rapidomotosport.hr\\\/en\\\/?s={search_term_string}\"},\"query-input\":{\"@type\":\"PropertyValueSpecification\",\"valueRequired\":true,\"valueName\":\"search_term_string\"}}],\"inLanguage\":\"en-US\"}]}<\/script>\n<!-- \/ Yoast SEO plugin. -->","yoast_head_json":{"title":"APRILIA TUAREG 660 \u00d6HLINS ADVENTURE NIX 30 CARTRIDGE KIT 2022-2025 - Rapido Motosport","robots":{"index":"index","follow":"follow","max-snippet":"max-snippet:-1","max-image-preview":"max-image-preview:large","max-video-preview":"max-video-preview:-1"},"canonical":"https:\/\/rapidomotosport.hr\/en\/proizvod\/aprilia-tuareg-660-ohlins-adventure-nix-30-cartridge-kit-2022-2025\/","og_locale":"en_US","og_type":"article","og_title":"APRILIA TUAREG 660 \u00d6HLINS ADVENTURE NIX 30 CARTRIDGE KIT 2022-2025 - Rapido Motosport","og_description":"Preuzmite potpunu kontrolu nad vo\u017enjom uz \u00d6hlins NIX 30 Adventure cartridge kit \u2013 vrhunsku nadogradnju prednjeg ovjesa za srednje velike adventure motocikle. Temeljen na trka\u0107oj tehnologiji, osigurava visoke performanse i dugotrajnost bez \u010destog servisiranja.  Za Aprilia Tuareg 660 \/ Tuareg 660 Rally koristi NIX sustav s odvojenim kompresijskim i povratnim prigu\u0161enjem u svakoj nozi vilice, \u0161to donosi ve\u0107u stabilnost i preciznije upravljanje. Pode\u0161avanja prigu\u0161enja i prednaprezanja opruge vr\u0161e se na vrhu vilice, a ugra\u0111eni hidrauli\u010dki grani\u010dnik sprje\u010dava tvrdo udaranje na kraju hoda.  Kompaktan dizajn omogu\u0107uje jednostavnu ugradnju u serijske upside-down vilice, bez ve\u0107ih preinaka.  \u2022 Duljina: 936 mm \u2022 Hod: 240 mm \u2022 Pozicija: prednja \u2022 Serija opruge: 08438-serija \u2022 Preporu\u010deno ulje: 01309-01 \u2022 Razina ulja mm: 120 \u2022 Volumen ulja: 500 \u2022 Pakiranje: par","og_url":"https:\/\/rapidomotosport.hr\/en\/proizvod\/aprilia-tuareg-660-ohlins-adventure-nix-30-cartridge-kit-2022-2025\/","og_site_name":"Rapido Motosport","article_modified_time":"2026-04-01T15:25:49+00:00","og_image":[{"width":2048,"height":1536,"url":"https:\/\/rapidomotosport.hr\/wp-content\/uploads\/2026\/03\/arbo-10.png","type":"image\/png"}],"twitter_card":"summary_large_image","twitter_misc":{"Est. reading time":"1 minute"},"schema":{"@context":"https:\/\/schema.org","@graph":[{"@type":"WebPage","@id":"https:\/\/rapidomotosport.hr\/en\/proizvod\/aprilia-tuareg-660-ohlins-adventure-nix-30-cartridge-kit-2022-2025\/","url":"https:\/\/rapidomotosport.hr\/en\/proizvod\/aprilia-tuareg-660-ohlins-adventure-nix-30-cartridge-kit-2022-2025\/","name":"APRILIA TUAREG 660 \u00d6HLINS ADVENTURE NIX 30 CARTRIDGE KIT 2022-2025 - Rapido Motosport","isPartOf":{"@id":"https:\/\/rapidomotosport.hr\/en\/#website"},"primaryImageOfPage":{"@id":"https:\/\/rapidomotosport.hr\/en\/proizvod\/aprilia-tuareg-660-ohlins-adventure-nix-30-cartridge-kit-2022-2025\/#primaryimage"},"image":{"@id":"https:\/\/rapidomotosport.hr\/en\/proizvod\/aprilia-tuareg-660-ohlins-adventure-nix-30-cartridge-kit-2022-2025\/#primaryimage"},"thumbnailUrl":"https:\/\/rapidomotosport.hr\/wp-content\/uploads\/2026\/03\/arbo-10.png","datePublished":"2026-03-25T17:39:00+00:00","dateModified":"2026-04-01T15:25:49+00:00","breadcrumb":{"@id":"https:\/\/rapidomotosport.hr\/en\/proizvod\/aprilia-tuareg-660-ohlins-adventure-nix-30-cartridge-kit-2022-2025\/#breadcrumb"},"inLanguage":"en-US","potentialAction":[{"@type":"ReadAction","target":["https:\/\/rapidomotosport.hr\/en\/proizvod\/aprilia-tuareg-660-ohlins-adventure-nix-30-cartridge-kit-2022-2025\/"]}]},{"@type":"ImageObject","inLanguage":"en-US","@id":"https:\/\/rapidomotosport.hr\/en\/proizvod\/aprilia-tuareg-660-ohlins-adventure-nix-30-cartridge-kit-2022-2025\/#primaryimage","url":"https:\/\/rapidomotosport.hr\/wp-content\/uploads\/2026\/03\/arbo-10.png","contentUrl":"https:\/\/rapidomotosport.hr\/wp-content\/uploads\/2026\/03\/arbo-10.png","width":2048,"height":1536},{"@type":"BreadcrumbList","@id":"https:\/\/rapidomotosport.hr\/en\/proizvod\/aprilia-tuareg-660-ohlins-adventure-nix-30-cartridge-kit-2022-2025\/#breadcrumb","itemListElement":[{"@type":"ListItem","position":1,"name":"Po\u010detna stranica","item":"https:\/\/rapidomotosport.hr\/en\/"},{"@type":"ListItem","position":2,"name":"Shop","item":"https:\/\/rapidomotosport.hr\/en\/shop\/"},{"@type":"ListItem","position":3,"name":"APRILIA TUAREG 660 \u00d6HLINS ADVENTURE NIX 30 CARTRIDGE KIT 2022-2025"}]},{"@type":"WebSite","@id":"https:\/\/rapidomotosport.hr\/en\/#website","url":"https:\/\/rapidomotosport.hr\/en\/","name":"Rapido Motosport","description":"","potentialAction":[{"@type":"SearchAction","target":{"@type":"EntryPoint","urlTemplate":"https:\/\/rapidomotosport.hr\/en\/?s={search_term_string}"},"query-input":{"@type":"PropertyValueSpecification","valueRequired":true,"valueName":"search_term_string"}}],"inLanguage":"en-US"}]}},"_links":{"self":[{"href":"https:\/\/rapidomotosport.hr\/en\/wp-json\/wp\/v2\/product\/53437","targetHints":{"allow":["GET"]}}],"collection":[{"href":"https:\/\/rapidomotosport.hr\/en\/wp-json\/wp\/v2\/product"}],"about":[{"href":"https:\/\/rapidomotosport.hr\/en\/wp-json\/wp\/v2\/types\/product"}],"wp:featuredmedia":[{"embeddable":true,"href":"https:\/\/rapidomotosport.hr\/en\/wp-json\/wp\/v2\/media\/53494"}],"wp:attachment":[{"href":"https:\/\/rapidomotosport.hr\/en\/wp-json\/wp\/v2\/media?parent=53437"}],"wp:term":[{"taxonomy":"product_brand","embeddable":true,"href":"https:\/\/rapidomotosport.hr\/en\/wp-json\/wp\/v2\/product_brand?post=53437"},{"taxonomy":"product_cat","embeddable":true,"href":"https:\/\/rapidomotosport.hr\/en\/wp-json\/wp\/v2\/product_cat?post=53437"},{"taxonomy":"product_tag","embeddable":true,"href":"https:\/\/rapidomotosport.hr\/en\/wp-json\/wp\/v2\/product_tag?post=53437"}],"curies":[{"name":"wp","href":"https:\/\/api.w.org\/{rel}","templated":true}]}}