{"id":53440,"date":"2026-03-25T18:48:40","date_gmt":"2026-03-25T17:48:40","guid":{"rendered":"https:\/\/rapidomotosport.hr\/?post_type=product&#038;p=53440"},"modified":"2026-04-07T00:53:23","modified_gmt":"2026-04-06T22:53:23","slug":"aprilia-tuono-660-ohlins-supersport-stx-46-shock-absorber-2021-2026","status":"publish","type":"product","link":"https:\/\/rapidomotosport.hr\/en\/proizvod\/aprilia-tuono-660-ohlins-supersport-stx-46-shock-absorber-2021-2026\/","title":{"rendered":"APRILIA TUONO 660 \u00d6HLINS SUPERSPORT STX 46 SHOCK ABSORBER 2021-2026"},"content":{"rendered":"","protected":false},"excerpt":{"rendered":"<p>STX 46 Supersport stra\u017enji amortizer, posebno razvijen za manje supersport modele, koristi provjereni \u00d6hlins monotube dizajn za optimalan omjer udobnosti i performansi.<\/p>\n<p>Za Aprilia RS 660 i Tuono 660 opremljen je plinskim sustavom i vanjskim spremnikom na crijevu za stabilan rad u zahtjevnim uvjetima. Podesivo kompresijsko i povratno prigu\u0161enje omogu\u0107uju precizno prilago\u0111avanje, dok integrirani regulator duljine omogu\u0107uje pode\u0161avanje visine motocikla bez utjecaja na hod ovjesa.<\/p>\n<p>\u2022 Duljina: 309 +0,5\/-5,5 mm<br \/>\n\u2022 Hod: 51 mm<br \/>\n\u2022 Tvrdo\u0107a N\/mm: 160 N\/mm<br \/>\n\u2022 Pozicija: stra\u017enja<br \/>\n\u2022 Montirana opruga: 01093-64<br \/>\n\u2022 Pakiranje: komad<\/p>\n","protected":false},"featured_media":53441,"template":"","meta":[],"product_brand":[],"product_cat":[1254],"product_tag":[],"class_list":{"0":"post-53440","1":"product","2":"type-product","3":"status-publish","4":"has-post-thumbnail","6":"product_cat-amortizeri-za-motocikle","8":"first","9":"instock","10":"sale","11":"shipping-taxable","12":"purchasable","13":"product-type-simple"},"yoast_head":"<!-- This site is optimized with the Yoast SEO plugin v27.4 - https:\/\/yoast.com\/product\/yoast-seo-wordpress\/ -->\n<title>APRILIA TUONO 660 \u00d6HLINS SUPERSPORT STX 46 SHOCK ABSORBER 2021-2026 - Rapido Motosport<\/title>\n<meta name=\"robots\" content=\"index, follow, max-snippet:-1, max-image-preview:large, max-video-preview:-1\" \/>\n<link rel=\"canonical\" href=\"https:\/\/rapidomotosport.hr\/en\/proizvod\/aprilia-tuono-660-ohlins-supersport-stx-46-shock-absorber-2021-2026\/\" \/>\n<meta property=\"og:locale\" content=\"en_US\" \/>\n<meta property=\"og:type\" content=\"article\" \/>\n<meta property=\"og:title\" content=\"APRILIA TUONO 660 \u00d6HLINS SUPERSPORT STX 46 SHOCK ABSORBER 2021-2026 - Rapido Motosport\" \/>\n<meta property=\"og:description\" content=\"STX 46 Supersport stra\u017enji amortizer, posebno razvijen za manje supersport modele, koristi provjereni \u00d6hlins monotube dizajn za optimalan omjer udobnosti i performansi.  Za Aprilia RS 660 i Tuono 660 opremljen je plinskim sustavom i vanjskim spremnikom na crijevu za stabilan rad u zahtjevnim uvjetima. Podesivo kompresijsko i povratno prigu\u0161enje omogu\u0107uju precizno prilago\u0111avanje, dok integrirani regulator duljine omogu\u0107uje pode\u0161avanje visine motocikla bez utjecaja na hod ovjesa.  \u2022 Duljina: 309 +0,5\/-5,5 mm \u2022 Hod: 51 mm \u2022 Tvrdo\u0107a N\/mm: 160 N\/mm \u2022 Pozicija: stra\u017enja \u2022 Montirana opruga: 01093-64 \u2022 Pakiranje: komad\" \/>\n<meta property=\"og:url\" content=\"https:\/\/rapidomotosport.hr\/en\/proizvod\/aprilia-tuono-660-ohlins-supersport-stx-46-shock-absorber-2021-2026\/\" \/>\n<meta property=\"og:site_name\" content=\"Rapido Motosport\" \/>\n<meta property=\"article:modified_time\" content=\"2026-04-06T22:53:23+00:00\" \/>\n<meta property=\"og:image\" content=\"https:\/\/rapidomotosport.hr\/wp-content\/uploads\/2026\/03\/arbo-1.png\" \/>\n\t<meta property=\"og:image:width\" content=\"2048\" \/>\n\t<meta property=\"og:image:height\" content=\"1536\" \/>\n\t<meta property=\"og:image:type\" content=\"image\/png\" \/>\n<meta name=\"twitter:card\" content=\"summary_large_image\" \/>\n<meta name=\"twitter:label1\" content=\"Est. reading time\" \/>\n\t<meta name=\"twitter:data1\" content=\"1 minute\" \/>\n<script type=\"application\/ld+json\" class=\"yoast-schema-graph\">{\"@context\":\"https:\\\/\\\/schema.org\",\"@graph\":[{\"@type\":\"WebPage\",\"@id\":\"https:\\\/\\\/rapidomotosport.hr\\\/en\\\/proizvod\\\/aprilia-tuono-660-ohlins-supersport-stx-46-shock-absorber-2021-2026\\\/\",\"url\":\"https:\\\/\\\/rapidomotosport.hr\\\/en\\\/proizvod\\\/aprilia-tuono-660-ohlins-supersport-stx-46-shock-absorber-2021-2026\\\/\",\"name\":\"APRILIA TUONO 660 \u00d6HLINS SUPERSPORT STX 46 SHOCK ABSORBER 2021-2026 - Rapido Motosport\",\"isPartOf\":{\"@id\":\"https:\\\/\\\/rapidomotosport.hr\\\/en\\\/#website\"},\"primaryImageOfPage\":{\"@id\":\"https:\\\/\\\/rapidomotosport.hr\\\/en\\\/proizvod\\\/aprilia-tuono-660-ohlins-supersport-stx-46-shock-absorber-2021-2026\\\/#primaryimage\"},\"image\":{\"@id\":\"https:\\\/\\\/rapidomotosport.hr\\\/en\\\/proizvod\\\/aprilia-tuono-660-ohlins-supersport-stx-46-shock-absorber-2021-2026\\\/#primaryimage\"},\"thumbnailUrl\":\"https:\\\/\\\/rapidomotosport.hr\\\/wp-content\\\/uploads\\\/2026\\\/03\\\/arbo-1.png\",\"datePublished\":\"2026-03-25T17:48:40+00:00\",\"dateModified\":\"2026-04-06T22:53:23+00:00\",\"breadcrumb\":{\"@id\":\"https:\\\/\\\/rapidomotosport.hr\\\/en\\\/proizvod\\\/aprilia-tuono-660-ohlins-supersport-stx-46-shock-absorber-2021-2026\\\/#breadcrumb\"},\"inLanguage\":\"en-US\",\"potentialAction\":[{\"@type\":\"ReadAction\",\"target\":[\"https:\\\/\\\/rapidomotosport.hr\\\/en\\\/proizvod\\\/aprilia-tuono-660-ohlins-supersport-stx-46-shock-absorber-2021-2026\\\/\"]}]},{\"@type\":\"ImageObject\",\"inLanguage\":\"en-US\",\"@id\":\"https:\\\/\\\/rapidomotosport.hr\\\/en\\\/proizvod\\\/aprilia-tuono-660-ohlins-supersport-stx-46-shock-absorber-2021-2026\\\/#primaryimage\",\"url\":\"https:\\\/\\\/rapidomotosport.hr\\\/wp-content\\\/uploads\\\/2026\\\/03\\\/arbo-1.png\",\"contentUrl\":\"https:\\\/\\\/rapidomotosport.hr\\\/wp-content\\\/uploads\\\/2026\\\/03\\\/arbo-1.png\",\"width\":2048,\"height\":1536},{\"@type\":\"BreadcrumbList\",\"@id\":\"https:\\\/\\\/rapidomotosport.hr\\\/en\\\/proizvod\\\/aprilia-tuono-660-ohlins-supersport-stx-46-shock-absorber-2021-2026\\\/#breadcrumb\",\"itemListElement\":[{\"@type\":\"ListItem\",\"position\":1,\"name\":\"Po\u010detna stranica\",\"item\":\"https:\\\/\\\/rapidomotosport.hr\\\/en\\\/\"},{\"@type\":\"ListItem\",\"position\":2,\"name\":\"Shop\",\"item\":\"https:\\\/\\\/rapidomotosport.hr\\\/en\\\/shop\\\/\"},{\"@type\":\"ListItem\",\"position\":3,\"name\":\"APRILIA TUONO 660 \u00d6HLINS SUPERSPORT STX 46 SHOCK ABSORBER 2021-2026\"}]},{\"@type\":\"WebSite\",\"@id\":\"https:\\\/\\\/rapidomotosport.hr\\\/en\\\/#website\",\"url\":\"https:\\\/\\\/rapidomotosport.hr\\\/en\\\/\",\"name\":\"Rapido Motosport\",\"description\":\"\",\"potentialAction\":[{\"@type\":\"SearchAction\",\"target\":{\"@type\":\"EntryPoint\",\"urlTemplate\":\"https:\\\/\\\/rapidomotosport.hr\\\/en\\\/?s={search_term_string}\"},\"query-input\":{\"@type\":\"PropertyValueSpecification\",\"valueRequired\":true,\"valueName\":\"search_term_string\"}}],\"inLanguage\":\"en-US\"}]}<\/script>\n<!-- \/ Yoast SEO plugin. -->","yoast_head_json":{"title":"APRILIA TUONO 660 \u00d6HLINS SUPERSPORT STX 46 SHOCK ABSORBER 2021-2026 - Rapido Motosport","robots":{"index":"index","follow":"follow","max-snippet":"max-snippet:-1","max-image-preview":"max-image-preview:large","max-video-preview":"max-video-preview:-1"},"canonical":"https:\/\/rapidomotosport.hr\/en\/proizvod\/aprilia-tuono-660-ohlins-supersport-stx-46-shock-absorber-2021-2026\/","og_locale":"en_US","og_type":"article","og_title":"APRILIA TUONO 660 \u00d6HLINS SUPERSPORT STX 46 SHOCK ABSORBER 2021-2026 - Rapido Motosport","og_description":"STX 46 Supersport stra\u017enji amortizer, posebno razvijen za manje supersport modele, koristi provjereni \u00d6hlins monotube dizajn za optimalan omjer udobnosti i performansi.  Za Aprilia RS 660 i Tuono 660 opremljen je plinskim sustavom i vanjskim spremnikom na crijevu za stabilan rad u zahtjevnim uvjetima. Podesivo kompresijsko i povratno prigu\u0161enje omogu\u0107uju precizno prilago\u0111avanje, dok integrirani regulator duljine omogu\u0107uje pode\u0161avanje visine motocikla bez utjecaja na hod ovjesa.  \u2022 Duljina: 309 +0,5\/-5,5 mm \u2022 Hod: 51 mm \u2022 Tvrdo\u0107a N\/mm: 160 N\/mm \u2022 Pozicija: stra\u017enja \u2022 Montirana opruga: 01093-64 \u2022 Pakiranje: komad","og_url":"https:\/\/rapidomotosport.hr\/en\/proizvod\/aprilia-tuono-660-ohlins-supersport-stx-46-shock-absorber-2021-2026\/","og_site_name":"Rapido Motosport","article_modified_time":"2026-04-06T22:53:23+00:00","og_image":[{"width":2048,"height":1536,"url":"https:\/\/rapidomotosport.hr\/wp-content\/uploads\/2026\/03\/arbo-1.png","type":"image\/png"}],"twitter_card":"summary_large_image","twitter_misc":{"Est. reading time":"1 minute"},"schema":{"@context":"https:\/\/schema.org","@graph":[{"@type":"WebPage","@id":"https:\/\/rapidomotosport.hr\/en\/proizvod\/aprilia-tuono-660-ohlins-supersport-stx-46-shock-absorber-2021-2026\/","url":"https:\/\/rapidomotosport.hr\/en\/proizvod\/aprilia-tuono-660-ohlins-supersport-stx-46-shock-absorber-2021-2026\/","name":"APRILIA TUONO 660 \u00d6HLINS SUPERSPORT STX 46 SHOCK ABSORBER 2021-2026 - Rapido Motosport","isPartOf":{"@id":"https:\/\/rapidomotosport.hr\/en\/#website"},"primaryImageOfPage":{"@id":"https:\/\/rapidomotosport.hr\/en\/proizvod\/aprilia-tuono-660-ohlins-supersport-stx-46-shock-absorber-2021-2026\/#primaryimage"},"image":{"@id":"https:\/\/rapidomotosport.hr\/en\/proizvod\/aprilia-tuono-660-ohlins-supersport-stx-46-shock-absorber-2021-2026\/#primaryimage"},"thumbnailUrl":"https:\/\/rapidomotosport.hr\/wp-content\/uploads\/2026\/03\/arbo-1.png","datePublished":"2026-03-25T17:48:40+00:00","dateModified":"2026-04-06T22:53:23+00:00","breadcrumb":{"@id":"https:\/\/rapidomotosport.hr\/en\/proizvod\/aprilia-tuono-660-ohlins-supersport-stx-46-shock-absorber-2021-2026\/#breadcrumb"},"inLanguage":"en-US","potentialAction":[{"@type":"ReadAction","target":["https:\/\/rapidomotosport.hr\/en\/proizvod\/aprilia-tuono-660-ohlins-supersport-stx-46-shock-absorber-2021-2026\/"]}]},{"@type":"ImageObject","inLanguage":"en-US","@id":"https:\/\/rapidomotosport.hr\/en\/proizvod\/aprilia-tuono-660-ohlins-supersport-stx-46-shock-absorber-2021-2026\/#primaryimage","url":"https:\/\/rapidomotosport.hr\/wp-content\/uploads\/2026\/03\/arbo-1.png","contentUrl":"https:\/\/rapidomotosport.hr\/wp-content\/uploads\/2026\/03\/arbo-1.png","width":2048,"height":1536},{"@type":"BreadcrumbList","@id":"https:\/\/rapidomotosport.hr\/en\/proizvod\/aprilia-tuono-660-ohlins-supersport-stx-46-shock-absorber-2021-2026\/#breadcrumb","itemListElement":[{"@type":"ListItem","position":1,"name":"Po\u010detna stranica","item":"https:\/\/rapidomotosport.hr\/en\/"},{"@type":"ListItem","position":2,"name":"Shop","item":"https:\/\/rapidomotosport.hr\/en\/shop\/"},{"@type":"ListItem","position":3,"name":"APRILIA TUONO 660 \u00d6HLINS SUPERSPORT STX 46 SHOCK ABSORBER 2021-2026"}]},{"@type":"WebSite","@id":"https:\/\/rapidomotosport.hr\/en\/#website","url":"https:\/\/rapidomotosport.hr\/en\/","name":"Rapido Motosport","description":"","potentialAction":[{"@type":"SearchAction","target":{"@type":"EntryPoint","urlTemplate":"https:\/\/rapidomotosport.hr\/en\/?s={search_term_string}"},"query-input":{"@type":"PropertyValueSpecification","valueRequired":true,"valueName":"search_term_string"}}],"inLanguage":"en-US"}]}},"_links":{"self":[{"href":"https:\/\/rapidomotosport.hr\/en\/wp-json\/wp\/v2\/product\/53440","targetHints":{"allow":["GET"]}}],"collection":[{"href":"https:\/\/rapidomotosport.hr\/en\/wp-json\/wp\/v2\/product"}],"about":[{"href":"https:\/\/rapidomotosport.hr\/en\/wp-json\/wp\/v2\/types\/product"}],"wp:featuredmedia":[{"embeddable":true,"href":"https:\/\/rapidomotosport.hr\/en\/wp-json\/wp\/v2\/media\/53441"}],"wp:attachment":[{"href":"https:\/\/rapidomotosport.hr\/en\/wp-json\/wp\/v2\/media?parent=53440"}],"wp:term":[{"taxonomy":"product_brand","embeddable":true,"href":"https:\/\/rapidomotosport.hr\/en\/wp-json\/wp\/v2\/product_brand?post=53440"},{"taxonomy":"product_cat","embeddable":true,"href":"https:\/\/rapidomotosport.hr\/en\/wp-json\/wp\/v2\/product_cat?post=53440"},{"taxonomy":"product_tag","embeddable":true,"href":"https:\/\/rapidomotosport.hr\/en\/wp-json\/wp\/v2\/product_tag?post=53440"}],"curies":[{"name":"wp","href":"https:\/\/api.w.org\/{rel}","templated":true}]}}