{"id":53966,"date":"2026-04-01T13:33:14","date_gmt":"2026-04-01T11:33:14","guid":{"rendered":"https:\/\/rapidomotosport.hr\/?post_type=product&#038;p=53966"},"modified":"2026-04-01T18:24:57","modified_gmt":"2026-04-01T16:24:57","slug":"bmw-r-1200-gs-ohlins-stx-46-street-shock-absorber-2004-2012-2","status":"publish","type":"product","link":"https:\/\/rapidomotosport.hr\/en\/proizvod\/bmw-r-1200-gs-ohlins-stx-46-street-shock-absorber-2004-2012-2\/","title":{"rendered":"BMW R 1200 GS \u00d6HLINS STX 46 STREET SHOCK ABSORBER 2004-2012"},"content":{"rendered":"","protected":false},"excerpt":{"rendered":"<p>\u00d6hlins STX 46 Adventure amortizer predstavlja zna\u010dajnu nadogradnju performansi za adventure motocikle. Zahvaljuju\u0107i monotube dizajnu i klipu promjera 46 mm, osigurava pouzdan rad i visoke performanse u svim uvjetima vo\u017enje te je dostupan u razli\u010ditim konfiguracijama za jednostavnu ugradnju.<\/p>\n<p>Za BMW R 1200 GS (2006-2012) omogu\u0107uje pobolj\u0161anje ovjesa uz emulzijsku izvedbu amortizera.<\/p>\n<p>Podesivo povratno prigu\u0161enje omogu\u0107uje prilagodbu stilu vo\u017enje, dok se prednaprezanje opruge pode\u0161ava pomo\u0107u prilo\u017eenog alata radi kompenzacije optere\u0107enja i odr\u017eavanja pravilne geometrije upravljanja.<\/p>\n<p>\u2022 Duljina: 337 mm<br \/>\n\u2022 Hod: 94 mm<br \/>\n\u2022 Tvrdo\u0107a N\/mm: 52 N\/mm<br \/>\n\u2022 Pozicija: prednja<br \/>\n\u2022 Montirana opruga: 01096-10<\/p>\n","protected":false},"featured_media":53802,"template":"","meta":[],"product_brand":[],"product_cat":[1254],"product_tag":[],"class_list":{"0":"post-53966","1":"product","2":"type-product","3":"status-publish","4":"has-post-thumbnail","6":"product_cat-amortizeri-za-motocikle","8":"first","9":"instock","10":"sale","11":"shipping-taxable","12":"purchasable","13":"product-type-simple"},"yoast_head":"<!-- This site is optimized with the Yoast SEO plugin v27.3 - https:\/\/yoast.com\/product\/yoast-seo-wordpress\/ -->\n<title>BMW R 1200 GS \u00d6HLINS STX 46 STREET SHOCK ABSORBER 2004-2012 - Rapido Motosport<\/title>\n<meta name=\"robots\" content=\"index, follow, max-snippet:-1, max-image-preview:large, max-video-preview:-1\" \/>\n<link rel=\"canonical\" href=\"https:\/\/rapidomotosport.hr\/en\/proizvod\/bmw-r-1200-gs-ohlins-stx-46-street-shock-absorber-2004-2012-2\/\" \/>\n<meta property=\"og:locale\" content=\"en_US\" \/>\n<meta property=\"og:type\" content=\"article\" \/>\n<meta property=\"og:title\" content=\"BMW R 1200 GS \u00d6HLINS STX 46 STREET SHOCK ABSORBER 2004-2012 - Rapido Motosport\" \/>\n<meta property=\"og:description\" content=\"\u00d6hlins STX 46 Adventure amortizer predstavlja zna\u010dajnu nadogradnju performansi za adventure motocikle. Zahvaljuju\u0107i monotube dizajnu i klipu promjera 46 mm, osigurava pouzdan rad i visoke performanse u svim uvjetima vo\u017enje te je dostupan u razli\u010ditim konfiguracijama za jednostavnu ugradnju.  Za BMW R 1200 GS (2006-2012) omogu\u0107uje pobolj\u0161anje ovjesa uz emulzijsku izvedbu amortizera.  Podesivo povratno prigu\u0161enje omogu\u0107uje prilagodbu stilu vo\u017enje, dok se prednaprezanje opruge pode\u0161ava pomo\u0107u prilo\u017eenog alata radi kompenzacije optere\u0107enja i odr\u017eavanja pravilne geometrije upravljanja.  \u2022 Duljina: 337 mm \u2022 Hod: 94 mm \u2022 Tvrdo\u0107a N\/mm: 52 N\/mm \u2022 Pozicija: prednja \u2022 Montirana opruga: 01096-10\" \/>\n<meta property=\"og:url\" content=\"https:\/\/rapidomotosport.hr\/en\/proizvod\/bmw-r-1200-gs-ohlins-stx-46-street-shock-absorber-2004-2012-2\/\" \/>\n<meta property=\"og:site_name\" content=\"Rapido Motosport\" \/>\n<meta property=\"article:modified_time\" content=\"2026-04-01T16:24:57+00:00\" \/>\n<meta property=\"og:image\" content=\"https:\/\/rapidomotosport.hr\/wp-content\/uploads\/2026\/03\/arbo-32.png\" \/>\n\t<meta property=\"og:image:width\" content=\"2048\" \/>\n\t<meta property=\"og:image:height\" content=\"1536\" \/>\n\t<meta property=\"og:image:type\" content=\"image\/png\" \/>\n<meta name=\"twitter:card\" content=\"summary_large_image\" \/>\n<meta name=\"twitter:label1\" content=\"Est. reading time\" \/>\n\t<meta name=\"twitter:data1\" content=\"1 minute\" \/>\n<script type=\"application\/ld+json\" class=\"yoast-schema-graph\">{\"@context\":\"https:\\\/\\\/schema.org\",\"@graph\":[{\"@type\":\"WebPage\",\"@id\":\"https:\\\/\\\/rapidomotosport.hr\\\/en\\\/proizvod\\\/bmw-r-1200-gs-ohlins-stx-46-street-shock-absorber-2004-2012-2\\\/\",\"url\":\"https:\\\/\\\/rapidomotosport.hr\\\/en\\\/proizvod\\\/bmw-r-1200-gs-ohlins-stx-46-street-shock-absorber-2004-2012-2\\\/\",\"name\":\"BMW R 1200 GS \u00d6HLINS STX 46 STREET SHOCK ABSORBER 2004-2012 - Rapido Motosport\",\"isPartOf\":{\"@id\":\"https:\\\/\\\/rapidomotosport.hr\\\/en\\\/#website\"},\"primaryImageOfPage\":{\"@id\":\"https:\\\/\\\/rapidomotosport.hr\\\/en\\\/proizvod\\\/bmw-r-1200-gs-ohlins-stx-46-street-shock-absorber-2004-2012-2\\\/#primaryimage\"},\"image\":{\"@id\":\"https:\\\/\\\/rapidomotosport.hr\\\/en\\\/proizvod\\\/bmw-r-1200-gs-ohlins-stx-46-street-shock-absorber-2004-2012-2\\\/#primaryimage\"},\"thumbnailUrl\":\"https:\\\/\\\/rapidomotosport.hr\\\/wp-content\\\/uploads\\\/2026\\\/03\\\/arbo-32.png\",\"datePublished\":\"2026-04-01T11:33:14+00:00\",\"dateModified\":\"2026-04-01T16:24:57+00:00\",\"breadcrumb\":{\"@id\":\"https:\\\/\\\/rapidomotosport.hr\\\/en\\\/proizvod\\\/bmw-r-1200-gs-ohlins-stx-46-street-shock-absorber-2004-2012-2\\\/#breadcrumb\"},\"inLanguage\":\"en-US\",\"potentialAction\":[{\"@type\":\"ReadAction\",\"target\":[\"https:\\\/\\\/rapidomotosport.hr\\\/en\\\/proizvod\\\/bmw-r-1200-gs-ohlins-stx-46-street-shock-absorber-2004-2012-2\\\/\"]}]},{\"@type\":\"ImageObject\",\"inLanguage\":\"en-US\",\"@id\":\"https:\\\/\\\/rapidomotosport.hr\\\/en\\\/proizvod\\\/bmw-r-1200-gs-ohlins-stx-46-street-shock-absorber-2004-2012-2\\\/#primaryimage\",\"url\":\"https:\\\/\\\/rapidomotosport.hr\\\/wp-content\\\/uploads\\\/2026\\\/03\\\/arbo-32.png\",\"contentUrl\":\"https:\\\/\\\/rapidomotosport.hr\\\/wp-content\\\/uploads\\\/2026\\\/03\\\/arbo-32.png\",\"width\":2048,\"height\":1536},{\"@type\":\"BreadcrumbList\",\"@id\":\"https:\\\/\\\/rapidomotosport.hr\\\/en\\\/proizvod\\\/bmw-r-1200-gs-ohlins-stx-46-street-shock-absorber-2004-2012-2\\\/#breadcrumb\",\"itemListElement\":[{\"@type\":\"ListItem\",\"position\":1,\"name\":\"Po\u010detna stranica\",\"item\":\"https:\\\/\\\/rapidomotosport.hr\\\/en\\\/\"},{\"@type\":\"ListItem\",\"position\":2,\"name\":\"Shop\",\"item\":\"https:\\\/\\\/rapidomotosport.hr\\\/en\\\/shop\\\/\"},{\"@type\":\"ListItem\",\"position\":3,\"name\":\"BMW R 1200 GS \u00d6HLINS STX 46 STREET SHOCK ABSORBER 2004-2012\"}]},{\"@type\":\"WebSite\",\"@id\":\"https:\\\/\\\/rapidomotosport.hr\\\/en\\\/#website\",\"url\":\"https:\\\/\\\/rapidomotosport.hr\\\/en\\\/\",\"name\":\"Rapido Motosport\",\"description\":\"\",\"potentialAction\":[{\"@type\":\"SearchAction\",\"target\":{\"@type\":\"EntryPoint\",\"urlTemplate\":\"https:\\\/\\\/rapidomotosport.hr\\\/en\\\/?s={search_term_string}\"},\"query-input\":{\"@type\":\"PropertyValueSpecification\",\"valueRequired\":true,\"valueName\":\"search_term_string\"}}],\"inLanguage\":\"en-US\"}]}<\/script>\n<!-- \/ Yoast SEO plugin. -->","yoast_head_json":{"title":"BMW R 1200 GS \u00d6HLINS STX 46 STREET SHOCK ABSORBER 2004-2012 - Rapido Motosport","robots":{"index":"index","follow":"follow","max-snippet":"max-snippet:-1","max-image-preview":"max-image-preview:large","max-video-preview":"max-video-preview:-1"},"canonical":"https:\/\/rapidomotosport.hr\/en\/proizvod\/bmw-r-1200-gs-ohlins-stx-46-street-shock-absorber-2004-2012-2\/","og_locale":"en_US","og_type":"article","og_title":"BMW R 1200 GS \u00d6HLINS STX 46 STREET SHOCK ABSORBER 2004-2012 - Rapido Motosport","og_description":"\u00d6hlins STX 46 Adventure amortizer predstavlja zna\u010dajnu nadogradnju performansi za adventure motocikle. Zahvaljuju\u0107i monotube dizajnu i klipu promjera 46 mm, osigurava pouzdan rad i visoke performanse u svim uvjetima vo\u017enje te je dostupan u razli\u010ditim konfiguracijama za jednostavnu ugradnju.  Za BMW R 1200 GS (2006-2012) omogu\u0107uje pobolj\u0161anje ovjesa uz emulzijsku izvedbu amortizera.  Podesivo povratno prigu\u0161enje omogu\u0107uje prilagodbu stilu vo\u017enje, dok se prednaprezanje opruge pode\u0161ava pomo\u0107u prilo\u017eenog alata radi kompenzacije optere\u0107enja i odr\u017eavanja pravilne geometrije upravljanja.  \u2022 Duljina: 337 mm \u2022 Hod: 94 mm \u2022 Tvrdo\u0107a N\/mm: 52 N\/mm \u2022 Pozicija: prednja \u2022 Montirana opruga: 01096-10","og_url":"https:\/\/rapidomotosport.hr\/en\/proizvod\/bmw-r-1200-gs-ohlins-stx-46-street-shock-absorber-2004-2012-2\/","og_site_name":"Rapido Motosport","article_modified_time":"2026-04-01T16:24:57+00:00","og_image":[{"width":2048,"height":1536,"url":"https:\/\/rapidomotosport.hr\/wp-content\/uploads\/2026\/03\/arbo-32.png","type":"image\/png"}],"twitter_card":"summary_large_image","twitter_misc":{"Est. reading time":"1 minute"},"schema":{"@context":"https:\/\/schema.org","@graph":[{"@type":"WebPage","@id":"https:\/\/rapidomotosport.hr\/en\/proizvod\/bmw-r-1200-gs-ohlins-stx-46-street-shock-absorber-2004-2012-2\/","url":"https:\/\/rapidomotosport.hr\/en\/proizvod\/bmw-r-1200-gs-ohlins-stx-46-street-shock-absorber-2004-2012-2\/","name":"BMW R 1200 GS \u00d6HLINS STX 46 STREET SHOCK ABSORBER 2004-2012 - Rapido Motosport","isPartOf":{"@id":"https:\/\/rapidomotosport.hr\/en\/#website"},"primaryImageOfPage":{"@id":"https:\/\/rapidomotosport.hr\/en\/proizvod\/bmw-r-1200-gs-ohlins-stx-46-street-shock-absorber-2004-2012-2\/#primaryimage"},"image":{"@id":"https:\/\/rapidomotosport.hr\/en\/proizvod\/bmw-r-1200-gs-ohlins-stx-46-street-shock-absorber-2004-2012-2\/#primaryimage"},"thumbnailUrl":"https:\/\/rapidomotosport.hr\/wp-content\/uploads\/2026\/03\/arbo-32.png","datePublished":"2026-04-01T11:33:14+00:00","dateModified":"2026-04-01T16:24:57+00:00","breadcrumb":{"@id":"https:\/\/rapidomotosport.hr\/en\/proizvod\/bmw-r-1200-gs-ohlins-stx-46-street-shock-absorber-2004-2012-2\/#breadcrumb"},"inLanguage":"en-US","potentialAction":[{"@type":"ReadAction","target":["https:\/\/rapidomotosport.hr\/en\/proizvod\/bmw-r-1200-gs-ohlins-stx-46-street-shock-absorber-2004-2012-2\/"]}]},{"@type":"ImageObject","inLanguage":"en-US","@id":"https:\/\/rapidomotosport.hr\/en\/proizvod\/bmw-r-1200-gs-ohlins-stx-46-street-shock-absorber-2004-2012-2\/#primaryimage","url":"https:\/\/rapidomotosport.hr\/wp-content\/uploads\/2026\/03\/arbo-32.png","contentUrl":"https:\/\/rapidomotosport.hr\/wp-content\/uploads\/2026\/03\/arbo-32.png","width":2048,"height":1536},{"@type":"BreadcrumbList","@id":"https:\/\/rapidomotosport.hr\/en\/proizvod\/bmw-r-1200-gs-ohlins-stx-46-street-shock-absorber-2004-2012-2\/#breadcrumb","itemListElement":[{"@type":"ListItem","position":1,"name":"Po\u010detna stranica","item":"https:\/\/rapidomotosport.hr\/en\/"},{"@type":"ListItem","position":2,"name":"Shop","item":"https:\/\/rapidomotosport.hr\/en\/shop\/"},{"@type":"ListItem","position":3,"name":"BMW R 1200 GS \u00d6HLINS STX 46 STREET SHOCK ABSORBER 2004-2012"}]},{"@type":"WebSite","@id":"https:\/\/rapidomotosport.hr\/en\/#website","url":"https:\/\/rapidomotosport.hr\/en\/","name":"Rapido Motosport","description":"","potentialAction":[{"@type":"SearchAction","target":{"@type":"EntryPoint","urlTemplate":"https:\/\/rapidomotosport.hr\/en\/?s={search_term_string}"},"query-input":{"@type":"PropertyValueSpecification","valueRequired":true,"valueName":"search_term_string"}}],"inLanguage":"en-US"}]}},"_links":{"self":[{"href":"https:\/\/rapidomotosport.hr\/en\/wp-json\/wp\/v2\/product\/53966","targetHints":{"allow":["GET"]}}],"collection":[{"href":"https:\/\/rapidomotosport.hr\/en\/wp-json\/wp\/v2\/product"}],"about":[{"href":"https:\/\/rapidomotosport.hr\/en\/wp-json\/wp\/v2\/types\/product"}],"wp:featuredmedia":[{"embeddable":true,"href":"https:\/\/rapidomotosport.hr\/en\/wp-json\/wp\/v2\/media\/53802"}],"wp:attachment":[{"href":"https:\/\/rapidomotosport.hr\/en\/wp-json\/wp\/v2\/media?parent=53966"}],"wp:term":[{"taxonomy":"product_brand","embeddable":true,"href":"https:\/\/rapidomotosport.hr\/en\/wp-json\/wp\/v2\/product_brand?post=53966"},{"taxonomy":"product_cat","embeddable":true,"href":"https:\/\/rapidomotosport.hr\/en\/wp-json\/wp\/v2\/product_cat?post=53966"},{"taxonomy":"product_tag","embeddable":true,"href":"https:\/\/rapidomotosport.hr\/en\/wp-json\/wp\/v2\/product_tag?post=53966"}],"curies":[{"name":"wp","href":"https:\/\/api.w.org\/{rel}","templated":true}]}}