{"id":54007,"date":"2026-04-01T22:12:39","date_gmt":"2026-04-01T20:12:39","guid":{"rendered":"https:\/\/rapidomotosport.hr\/?post_type=product&#038;p=54007"},"modified":"2026-04-01T22:15:17","modified_gmt":"2026-04-01T20:15:17","slug":"bmw-r-1200-gs-adventure-ohlins-ttx-rt-shock-absorber-2014-2018","status":"publish","type":"product","link":"https:\/\/rapidomotosport.hr\/en\/proizvod\/bmw-r-1200-gs-adventure-ohlins-ttx-rt-shock-absorber-2014-2018\/","title":{"rendered":"BMW R 1200 GS ADVENTURE \u00d6HLINS TTX RT SHOCK ABSORBER 2014-2018"},"content":{"rendered":"","protected":false},"excerpt":{"rendered":"<p>Razvijen posebno za adventure segment, stra\u017enji TTX39 amortizer dizajniran je za podno\u0161enje razli\u010ditih optere\u0107enja na cesti i izvan nje.<\/p>\n<p>TTX39 za BMW R 1250 GSA (2019\u20132023), BMW R 1200 GS Rallye (2017\u20132018) i BMW R 1200 GS Adventure K51 (2014\u20132018) koristi provjerenu \u00d6hlins TTX twin-tube tehnologiju koja eliminira kavitaciju i osigurava maksimalne performanse u svim uvjetima. Omogu\u0107uje zasebno pode\u0161avanje kompresije i povratnog prigu\u0161enja za preciznu prilagodbu vo\u017enji.<\/p>\n<p>Amortizer je opremljen integriranim hidrauli\u010dkim regulatorom prednaprezanja opruge i piggyback spremnikom koji omogu\u0107uje bolje hla\u0111enje i stabilne performanse prigu\u0161enja u svim uvjetima.<\/p>\n<p>\u2022 Duljina: 408,5 mm<br \/>\n\u2022 Ulje: \u00d6hlins 1309<br \/>\n\u2022 Opruga: 01103-59 (Y)<br \/>\n\u2022 Tvrdo\u0107a opruge: 150 N\/mm<br \/>\n\u2022 Hod: 81,5 mm<\/p>\n","protected":false},"featured_media":53973,"template":"","meta":[],"product_brand":[],"product_cat":[1254],"product_tag":[],"class_list":{"0":"post-54007","1":"product","2":"type-product","3":"status-publish","4":"has-post-thumbnail","6":"product_cat-amortizeri-za-motocikle","8":"first","9":"instock","10":"sale","11":"shipping-taxable","12":"purchasable","13":"product-type-simple"},"yoast_head":"<!-- This site is optimized with the Yoast SEO plugin v27.4 - https:\/\/yoast.com\/product\/yoast-seo-wordpress\/ -->\n<title>BMW R 1200 GS ADVENTURE \u00d6HLINS TTX RT SHOCK ABSORBER 2014-2018 - Rapido Motosport<\/title>\n<meta name=\"robots\" content=\"index, follow, max-snippet:-1, max-image-preview:large, max-video-preview:-1\" \/>\n<link rel=\"canonical\" href=\"https:\/\/rapidomotosport.hr\/en\/proizvod\/bmw-r-1200-gs-adventure-ohlins-ttx-rt-shock-absorber-2014-2018\/\" \/>\n<meta property=\"og:locale\" content=\"en_US\" \/>\n<meta property=\"og:type\" content=\"article\" \/>\n<meta property=\"og:title\" content=\"BMW R 1200 GS ADVENTURE \u00d6HLINS TTX RT SHOCK ABSORBER 2014-2018 - Rapido Motosport\" \/>\n<meta property=\"og:description\" content=\"Razvijen posebno za adventure segment, stra\u017enji TTX39 amortizer dizajniran je za podno\u0161enje razli\u010ditih optere\u0107enja na cesti i izvan nje.  TTX39 za BMW R 1250 GSA (2019\u20132023), BMW R 1200 GS Rallye (2017\u20132018) i BMW R 1200 GS Adventure K51 (2014\u20132018) koristi provjerenu \u00d6hlins TTX twin-tube tehnologiju koja eliminira kavitaciju i osigurava maksimalne performanse u svim uvjetima. Omogu\u0107uje zasebno pode\u0161avanje kompresije i povratnog prigu\u0161enja za preciznu prilagodbu vo\u017enji.  Amortizer je opremljen integriranim hidrauli\u010dkim regulatorom prednaprezanja opruge i piggyback spremnikom koji omogu\u0107uje bolje hla\u0111enje i stabilne performanse prigu\u0161enja u svim uvjetima.  \u2022 Duljina: 408,5 mm \u2022 Ulje: \u00d6hlins 1309 \u2022 Opruga: 01103-59 (Y) \u2022 Tvrdo\u0107a opruge: 150 N\/mm \u2022 Hod: 81,5 mm\" \/>\n<meta property=\"og:url\" content=\"https:\/\/rapidomotosport.hr\/en\/proizvod\/bmw-r-1200-gs-adventure-ohlins-ttx-rt-shock-absorber-2014-2018\/\" \/>\n<meta property=\"og:site_name\" content=\"Rapido Motosport\" \/>\n<meta property=\"article:modified_time\" content=\"2026-04-01T20:15:17+00:00\" \/>\n<meta property=\"og:image\" content=\"https:\/\/rapidomotosport.hr\/wp-content\/uploads\/2026\/04\/arbo-1.png\" \/>\n\t<meta property=\"og:image:width\" content=\"2048\" \/>\n\t<meta property=\"og:image:height\" content=\"1536\" \/>\n\t<meta property=\"og:image:type\" content=\"image\/png\" \/>\n<meta name=\"twitter:card\" content=\"summary_large_image\" \/>\n<meta name=\"twitter:label1\" content=\"Est. reading time\" \/>\n\t<meta name=\"twitter:data1\" content=\"1 minute\" \/>\n<script type=\"application\/ld+json\" class=\"yoast-schema-graph\">{\"@context\":\"https:\\\/\\\/schema.org\",\"@graph\":[{\"@type\":\"WebPage\",\"@id\":\"https:\\\/\\\/rapidomotosport.hr\\\/en\\\/proizvod\\\/bmw-r-1200-gs-adventure-ohlins-ttx-rt-shock-absorber-2014-2018\\\/\",\"url\":\"https:\\\/\\\/rapidomotosport.hr\\\/en\\\/proizvod\\\/bmw-r-1200-gs-adventure-ohlins-ttx-rt-shock-absorber-2014-2018\\\/\",\"name\":\"BMW R 1200 GS ADVENTURE \u00d6HLINS TTX RT SHOCK ABSORBER 2014-2018 - Rapido Motosport\",\"isPartOf\":{\"@id\":\"https:\\\/\\\/rapidomotosport.hr\\\/en\\\/#website\"},\"primaryImageOfPage\":{\"@id\":\"https:\\\/\\\/rapidomotosport.hr\\\/en\\\/proizvod\\\/bmw-r-1200-gs-adventure-ohlins-ttx-rt-shock-absorber-2014-2018\\\/#primaryimage\"},\"image\":{\"@id\":\"https:\\\/\\\/rapidomotosport.hr\\\/en\\\/proizvod\\\/bmw-r-1200-gs-adventure-ohlins-ttx-rt-shock-absorber-2014-2018\\\/#primaryimage\"},\"thumbnailUrl\":\"https:\\\/\\\/rapidomotosport.hr\\\/wp-content\\\/uploads\\\/2026\\\/04\\\/arbo-1.png\",\"datePublished\":\"2026-04-01T20:12:39+00:00\",\"dateModified\":\"2026-04-01T20:15:17+00:00\",\"breadcrumb\":{\"@id\":\"https:\\\/\\\/rapidomotosport.hr\\\/en\\\/proizvod\\\/bmw-r-1200-gs-adventure-ohlins-ttx-rt-shock-absorber-2014-2018\\\/#breadcrumb\"},\"inLanguage\":\"en-US\",\"potentialAction\":[{\"@type\":\"ReadAction\",\"target\":[\"https:\\\/\\\/rapidomotosport.hr\\\/en\\\/proizvod\\\/bmw-r-1200-gs-adventure-ohlins-ttx-rt-shock-absorber-2014-2018\\\/\"]}]},{\"@type\":\"ImageObject\",\"inLanguage\":\"en-US\",\"@id\":\"https:\\\/\\\/rapidomotosport.hr\\\/en\\\/proizvod\\\/bmw-r-1200-gs-adventure-ohlins-ttx-rt-shock-absorber-2014-2018\\\/#primaryimage\",\"url\":\"https:\\\/\\\/rapidomotosport.hr\\\/wp-content\\\/uploads\\\/2026\\\/04\\\/arbo-1.png\",\"contentUrl\":\"https:\\\/\\\/rapidomotosport.hr\\\/wp-content\\\/uploads\\\/2026\\\/04\\\/arbo-1.png\",\"width\":2048,\"height\":1536},{\"@type\":\"BreadcrumbList\",\"@id\":\"https:\\\/\\\/rapidomotosport.hr\\\/en\\\/proizvod\\\/bmw-r-1200-gs-adventure-ohlins-ttx-rt-shock-absorber-2014-2018\\\/#breadcrumb\",\"itemListElement\":[{\"@type\":\"ListItem\",\"position\":1,\"name\":\"Po\u010detna stranica\",\"item\":\"https:\\\/\\\/rapidomotosport.hr\\\/en\\\/\"},{\"@type\":\"ListItem\",\"position\":2,\"name\":\"Shop\",\"item\":\"https:\\\/\\\/rapidomotosport.hr\\\/en\\\/shop\\\/\"},{\"@type\":\"ListItem\",\"position\":3,\"name\":\"BMW R 1200 GS ADVENTURE \u00d6HLINS TTX RT SHOCK ABSORBER 2014-2018\"}]},{\"@type\":\"WebSite\",\"@id\":\"https:\\\/\\\/rapidomotosport.hr\\\/en\\\/#website\",\"url\":\"https:\\\/\\\/rapidomotosport.hr\\\/en\\\/\",\"name\":\"Rapido Motosport\",\"description\":\"\",\"potentialAction\":[{\"@type\":\"SearchAction\",\"target\":{\"@type\":\"EntryPoint\",\"urlTemplate\":\"https:\\\/\\\/rapidomotosport.hr\\\/en\\\/?s={search_term_string}\"},\"query-input\":{\"@type\":\"PropertyValueSpecification\",\"valueRequired\":true,\"valueName\":\"search_term_string\"}}],\"inLanguage\":\"en-US\"}]}<\/script>\n<!-- \/ Yoast SEO plugin. -->","yoast_head_json":{"title":"BMW R 1200 GS ADVENTURE \u00d6HLINS TTX RT SHOCK ABSORBER 2014-2018 - Rapido Motosport","robots":{"index":"index","follow":"follow","max-snippet":"max-snippet:-1","max-image-preview":"max-image-preview:large","max-video-preview":"max-video-preview:-1"},"canonical":"https:\/\/rapidomotosport.hr\/en\/proizvod\/bmw-r-1200-gs-adventure-ohlins-ttx-rt-shock-absorber-2014-2018\/","og_locale":"en_US","og_type":"article","og_title":"BMW R 1200 GS ADVENTURE \u00d6HLINS TTX RT SHOCK ABSORBER 2014-2018 - Rapido Motosport","og_description":"Razvijen posebno za adventure segment, stra\u017enji TTX39 amortizer dizajniran je za podno\u0161enje razli\u010ditih optere\u0107enja na cesti i izvan nje.  TTX39 za BMW R 1250 GSA (2019\u20132023), BMW R 1200 GS Rallye (2017\u20132018) i BMW R 1200 GS Adventure K51 (2014\u20132018) koristi provjerenu \u00d6hlins TTX twin-tube tehnologiju koja eliminira kavitaciju i osigurava maksimalne performanse u svim uvjetima. Omogu\u0107uje zasebno pode\u0161avanje kompresije i povratnog prigu\u0161enja za preciznu prilagodbu vo\u017enji.  Amortizer je opremljen integriranim hidrauli\u010dkim regulatorom prednaprezanja opruge i piggyback spremnikom koji omogu\u0107uje bolje hla\u0111enje i stabilne performanse prigu\u0161enja u svim uvjetima.  \u2022 Duljina: 408,5 mm \u2022 Ulje: \u00d6hlins 1309 \u2022 Opruga: 01103-59 (Y) \u2022 Tvrdo\u0107a opruge: 150 N\/mm \u2022 Hod: 81,5 mm","og_url":"https:\/\/rapidomotosport.hr\/en\/proizvod\/bmw-r-1200-gs-adventure-ohlins-ttx-rt-shock-absorber-2014-2018\/","og_site_name":"Rapido Motosport","article_modified_time":"2026-04-01T20:15:17+00:00","og_image":[{"width":2048,"height":1536,"url":"https:\/\/rapidomotosport.hr\/wp-content\/uploads\/2026\/04\/arbo-1.png","type":"image\/png"}],"twitter_card":"summary_large_image","twitter_misc":{"Est. reading time":"1 minute"},"schema":{"@context":"https:\/\/schema.org","@graph":[{"@type":"WebPage","@id":"https:\/\/rapidomotosport.hr\/en\/proizvod\/bmw-r-1200-gs-adventure-ohlins-ttx-rt-shock-absorber-2014-2018\/","url":"https:\/\/rapidomotosport.hr\/en\/proizvod\/bmw-r-1200-gs-adventure-ohlins-ttx-rt-shock-absorber-2014-2018\/","name":"BMW R 1200 GS ADVENTURE \u00d6HLINS TTX RT SHOCK ABSORBER 2014-2018 - Rapido Motosport","isPartOf":{"@id":"https:\/\/rapidomotosport.hr\/en\/#website"},"primaryImageOfPage":{"@id":"https:\/\/rapidomotosport.hr\/en\/proizvod\/bmw-r-1200-gs-adventure-ohlins-ttx-rt-shock-absorber-2014-2018\/#primaryimage"},"image":{"@id":"https:\/\/rapidomotosport.hr\/en\/proizvod\/bmw-r-1200-gs-adventure-ohlins-ttx-rt-shock-absorber-2014-2018\/#primaryimage"},"thumbnailUrl":"https:\/\/rapidomotosport.hr\/wp-content\/uploads\/2026\/04\/arbo-1.png","datePublished":"2026-04-01T20:12:39+00:00","dateModified":"2026-04-01T20:15:17+00:00","breadcrumb":{"@id":"https:\/\/rapidomotosport.hr\/en\/proizvod\/bmw-r-1200-gs-adventure-ohlins-ttx-rt-shock-absorber-2014-2018\/#breadcrumb"},"inLanguage":"en-US","potentialAction":[{"@type":"ReadAction","target":["https:\/\/rapidomotosport.hr\/en\/proizvod\/bmw-r-1200-gs-adventure-ohlins-ttx-rt-shock-absorber-2014-2018\/"]}]},{"@type":"ImageObject","inLanguage":"en-US","@id":"https:\/\/rapidomotosport.hr\/en\/proizvod\/bmw-r-1200-gs-adventure-ohlins-ttx-rt-shock-absorber-2014-2018\/#primaryimage","url":"https:\/\/rapidomotosport.hr\/wp-content\/uploads\/2026\/04\/arbo-1.png","contentUrl":"https:\/\/rapidomotosport.hr\/wp-content\/uploads\/2026\/04\/arbo-1.png","width":2048,"height":1536},{"@type":"BreadcrumbList","@id":"https:\/\/rapidomotosport.hr\/en\/proizvod\/bmw-r-1200-gs-adventure-ohlins-ttx-rt-shock-absorber-2014-2018\/#breadcrumb","itemListElement":[{"@type":"ListItem","position":1,"name":"Po\u010detna stranica","item":"https:\/\/rapidomotosport.hr\/en\/"},{"@type":"ListItem","position":2,"name":"Shop","item":"https:\/\/rapidomotosport.hr\/en\/shop\/"},{"@type":"ListItem","position":3,"name":"BMW R 1200 GS ADVENTURE \u00d6HLINS TTX RT SHOCK ABSORBER 2014-2018"}]},{"@type":"WebSite","@id":"https:\/\/rapidomotosport.hr\/en\/#website","url":"https:\/\/rapidomotosport.hr\/en\/","name":"Rapido Motosport","description":"","potentialAction":[{"@type":"SearchAction","target":{"@type":"EntryPoint","urlTemplate":"https:\/\/rapidomotosport.hr\/en\/?s={search_term_string}"},"query-input":{"@type":"PropertyValueSpecification","valueRequired":true,"valueName":"search_term_string"}}],"inLanguage":"en-US"}]}},"_links":{"self":[{"href":"https:\/\/rapidomotosport.hr\/en\/wp-json\/wp\/v2\/product\/54007","targetHints":{"allow":["GET"]}}],"collection":[{"href":"https:\/\/rapidomotosport.hr\/en\/wp-json\/wp\/v2\/product"}],"about":[{"href":"https:\/\/rapidomotosport.hr\/en\/wp-json\/wp\/v2\/types\/product"}],"wp:featuredmedia":[{"embeddable":true,"href":"https:\/\/rapidomotosport.hr\/en\/wp-json\/wp\/v2\/media\/53973"}],"wp:attachment":[{"href":"https:\/\/rapidomotosport.hr\/en\/wp-json\/wp\/v2\/media?parent=54007"}],"wp:term":[{"taxonomy":"product_brand","embeddable":true,"href":"https:\/\/rapidomotosport.hr\/en\/wp-json\/wp\/v2\/product_brand?post=54007"},{"taxonomy":"product_cat","embeddable":true,"href":"https:\/\/rapidomotosport.hr\/en\/wp-json\/wp\/v2\/product_cat?post=54007"},{"taxonomy":"product_tag","embeddable":true,"href":"https:\/\/rapidomotosport.hr\/en\/wp-json\/wp\/v2\/product_tag?post=54007"}],"curies":[{"name":"wp","href":"https:\/\/api.w.org\/{rel}","templated":true}]}}