{"id":54011,"date":"2026-04-01T23:06:39","date_gmt":"2026-04-01T21:06:39","guid":{"rendered":"https:\/\/rapidomotosport.hr\/?post_type=product&#038;p=54011"},"modified":"2026-04-01T23:06:56","modified_gmt":"2026-04-01T21:06:56","slug":"bmw-r-1200-rs-ohlins-motorcycle-steering-damper-2015-2018","status":"publish","type":"product","link":"https:\/\/rapidomotosport.hr\/en\/proizvod\/bmw-r-1200-rs-ohlins-motorcycle-steering-damper-2015-2018\/","title":{"rendered":"BMW R 1200 RS \u00d6HLINS MOTORCYCLE STEERING DAMPER 2015-2018"},"content":{"rendered":"","protected":false},"excerpt":{"rendered":"<p>Dostupni za mnoge aktualne motocikle, \u00d6hlins prigu\u0161iva\u010di upravlja\u010da nude \u0161irok raspon pode\u0161avanja za optimalnu postavku. Tako\u0111er, dostupni su univerzalni prigu\u0161iva\u010di s razli\u010ditim hodom i nekoliko monta\u017enih kompleta za individualne primjene na trka\u0107im ili custom motociklima.<\/p>\n","protected":false},"featured_media":54012,"template":"","meta":[],"product_brand":[],"product_cat":[1254],"product_tag":[],"class_list":{"0":"post-54011","1":"product","2":"type-product","3":"status-publish","4":"has-post-thumbnail","6":"product_cat-amortizeri-za-motocikle","8":"first","9":"instock","10":"sale","11":"shipping-taxable","12":"purchasable","13":"product-type-simple"},"yoast_head":"<!-- This site is optimized with the Yoast SEO plugin v27.4 - https:\/\/yoast.com\/product\/yoast-seo-wordpress\/ -->\n<title>BMW R 1200 RS \u00d6HLINS MOTORCYCLE STEERING DAMPER 2015-2018 - Rapido Motosport<\/title>\n<meta name=\"robots\" content=\"index, follow, max-snippet:-1, max-image-preview:large, max-video-preview:-1\" \/>\n<link rel=\"canonical\" href=\"https:\/\/rapidomotosport.hr\/en\/proizvod\/bmw-r-1200-rs-ohlins-motorcycle-steering-damper-2015-2018\/\" \/>\n<meta property=\"og:locale\" content=\"en_US\" \/>\n<meta property=\"og:type\" content=\"article\" \/>\n<meta property=\"og:title\" content=\"BMW R 1200 RS \u00d6HLINS MOTORCYCLE STEERING DAMPER 2015-2018 - Rapido Motosport\" \/>\n<meta property=\"og:description\" content=\"Dostupni za mnoge aktualne motocikle, \u00d6hlins prigu\u0161iva\u010di upravlja\u010da nude \u0161irok raspon pode\u0161avanja za optimalnu postavku. Tako\u0111er, dostupni su univerzalni prigu\u0161iva\u010di s razli\u010ditim hodom i nekoliko monta\u017enih kompleta za individualne primjene na trka\u0107im ili custom motociklima.\" \/>\n<meta property=\"og:url\" content=\"https:\/\/rapidomotosport.hr\/en\/proizvod\/bmw-r-1200-rs-ohlins-motorcycle-steering-damper-2015-2018\/\" \/>\n<meta property=\"og:site_name\" content=\"Rapido Motosport\" \/>\n<meta property=\"article:modified_time\" content=\"2026-04-01T21:06:56+00:00\" \/>\n<meta property=\"og:image\" content=\"https:\/\/rapidomotosport.hr\/wp-content\/uploads\/2026\/04\/arbo-3.png\" \/>\n\t<meta property=\"og:image:width\" content=\"2048\" \/>\n\t<meta property=\"og:image:height\" content=\"1536\" \/>\n\t<meta property=\"og:image:type\" content=\"image\/png\" \/>\n<meta name=\"twitter:card\" content=\"summary_large_image\" \/>\n<meta name=\"twitter:label1\" content=\"Est. reading time\" \/>\n\t<meta name=\"twitter:data1\" content=\"1 minute\" \/>\n<script type=\"application\/ld+json\" class=\"yoast-schema-graph\">{\"@context\":\"https:\\\/\\\/schema.org\",\"@graph\":[{\"@type\":\"WebPage\",\"@id\":\"https:\\\/\\\/rapidomotosport.hr\\\/en\\\/proizvod\\\/bmw-r-1200-rs-ohlins-motorcycle-steering-damper-2015-2018\\\/\",\"url\":\"https:\\\/\\\/rapidomotosport.hr\\\/en\\\/proizvod\\\/bmw-r-1200-rs-ohlins-motorcycle-steering-damper-2015-2018\\\/\",\"name\":\"BMW R 1200 RS \u00d6HLINS MOTORCYCLE STEERING DAMPER 2015-2018 - Rapido Motosport\",\"isPartOf\":{\"@id\":\"https:\\\/\\\/rapidomotosport.hr\\\/en\\\/#website\"},\"primaryImageOfPage\":{\"@id\":\"https:\\\/\\\/rapidomotosport.hr\\\/en\\\/proizvod\\\/bmw-r-1200-rs-ohlins-motorcycle-steering-damper-2015-2018\\\/#primaryimage\"},\"image\":{\"@id\":\"https:\\\/\\\/rapidomotosport.hr\\\/en\\\/proizvod\\\/bmw-r-1200-rs-ohlins-motorcycle-steering-damper-2015-2018\\\/#primaryimage\"},\"thumbnailUrl\":\"https:\\\/\\\/rapidomotosport.hr\\\/wp-content\\\/uploads\\\/2026\\\/04\\\/arbo-3.png\",\"datePublished\":\"2026-04-01T21:06:39+00:00\",\"dateModified\":\"2026-04-01T21:06:56+00:00\",\"breadcrumb\":{\"@id\":\"https:\\\/\\\/rapidomotosport.hr\\\/en\\\/proizvod\\\/bmw-r-1200-rs-ohlins-motorcycle-steering-damper-2015-2018\\\/#breadcrumb\"},\"inLanguage\":\"en-US\",\"potentialAction\":[{\"@type\":\"ReadAction\",\"target\":[\"https:\\\/\\\/rapidomotosport.hr\\\/en\\\/proizvod\\\/bmw-r-1200-rs-ohlins-motorcycle-steering-damper-2015-2018\\\/\"]}]},{\"@type\":\"ImageObject\",\"inLanguage\":\"en-US\",\"@id\":\"https:\\\/\\\/rapidomotosport.hr\\\/en\\\/proizvod\\\/bmw-r-1200-rs-ohlins-motorcycle-steering-damper-2015-2018\\\/#primaryimage\",\"url\":\"https:\\\/\\\/rapidomotosport.hr\\\/wp-content\\\/uploads\\\/2026\\\/04\\\/arbo-3.png\",\"contentUrl\":\"https:\\\/\\\/rapidomotosport.hr\\\/wp-content\\\/uploads\\\/2026\\\/04\\\/arbo-3.png\",\"width\":2048,\"height\":1536},{\"@type\":\"BreadcrumbList\",\"@id\":\"https:\\\/\\\/rapidomotosport.hr\\\/en\\\/proizvod\\\/bmw-r-1200-rs-ohlins-motorcycle-steering-damper-2015-2018\\\/#breadcrumb\",\"itemListElement\":[{\"@type\":\"ListItem\",\"position\":1,\"name\":\"Po\u010detna stranica\",\"item\":\"https:\\\/\\\/rapidomotosport.hr\\\/en\\\/\"},{\"@type\":\"ListItem\",\"position\":2,\"name\":\"Shop\",\"item\":\"https:\\\/\\\/rapidomotosport.hr\\\/en\\\/shop\\\/\"},{\"@type\":\"ListItem\",\"position\":3,\"name\":\"BMW R 1200 RS \u00d6HLINS MOTORCYCLE STEERING DAMPER 2015-2018\"}]},{\"@type\":\"WebSite\",\"@id\":\"https:\\\/\\\/rapidomotosport.hr\\\/en\\\/#website\",\"url\":\"https:\\\/\\\/rapidomotosport.hr\\\/en\\\/\",\"name\":\"Rapido Motosport\",\"description\":\"\",\"potentialAction\":[{\"@type\":\"SearchAction\",\"target\":{\"@type\":\"EntryPoint\",\"urlTemplate\":\"https:\\\/\\\/rapidomotosport.hr\\\/en\\\/?s={search_term_string}\"},\"query-input\":{\"@type\":\"PropertyValueSpecification\",\"valueRequired\":true,\"valueName\":\"search_term_string\"}}],\"inLanguage\":\"en-US\"}]}<\/script>\n<!-- \/ Yoast SEO plugin. -->","yoast_head_json":{"title":"BMW R 1200 RS \u00d6HLINS MOTORCYCLE STEERING DAMPER 2015-2018 - Rapido Motosport","robots":{"index":"index","follow":"follow","max-snippet":"max-snippet:-1","max-image-preview":"max-image-preview:large","max-video-preview":"max-video-preview:-1"},"canonical":"https:\/\/rapidomotosport.hr\/en\/proizvod\/bmw-r-1200-rs-ohlins-motorcycle-steering-damper-2015-2018\/","og_locale":"en_US","og_type":"article","og_title":"BMW R 1200 RS \u00d6HLINS MOTORCYCLE STEERING DAMPER 2015-2018 - Rapido Motosport","og_description":"Dostupni za mnoge aktualne motocikle, \u00d6hlins prigu\u0161iva\u010di upravlja\u010da nude \u0161irok raspon pode\u0161avanja za optimalnu postavku. Tako\u0111er, dostupni su univerzalni prigu\u0161iva\u010di s razli\u010ditim hodom i nekoliko monta\u017enih kompleta za individualne primjene na trka\u0107im ili custom motociklima.","og_url":"https:\/\/rapidomotosport.hr\/en\/proizvod\/bmw-r-1200-rs-ohlins-motorcycle-steering-damper-2015-2018\/","og_site_name":"Rapido Motosport","article_modified_time":"2026-04-01T21:06:56+00:00","og_image":[{"width":2048,"height":1536,"url":"https:\/\/rapidomotosport.hr\/wp-content\/uploads\/2026\/04\/arbo-3.png","type":"image\/png"}],"twitter_card":"summary_large_image","twitter_misc":{"Est. reading time":"1 minute"},"schema":{"@context":"https:\/\/schema.org","@graph":[{"@type":"WebPage","@id":"https:\/\/rapidomotosport.hr\/en\/proizvod\/bmw-r-1200-rs-ohlins-motorcycle-steering-damper-2015-2018\/","url":"https:\/\/rapidomotosport.hr\/en\/proizvod\/bmw-r-1200-rs-ohlins-motorcycle-steering-damper-2015-2018\/","name":"BMW R 1200 RS \u00d6HLINS MOTORCYCLE STEERING DAMPER 2015-2018 - Rapido Motosport","isPartOf":{"@id":"https:\/\/rapidomotosport.hr\/en\/#website"},"primaryImageOfPage":{"@id":"https:\/\/rapidomotosport.hr\/en\/proizvod\/bmw-r-1200-rs-ohlins-motorcycle-steering-damper-2015-2018\/#primaryimage"},"image":{"@id":"https:\/\/rapidomotosport.hr\/en\/proizvod\/bmw-r-1200-rs-ohlins-motorcycle-steering-damper-2015-2018\/#primaryimage"},"thumbnailUrl":"https:\/\/rapidomotosport.hr\/wp-content\/uploads\/2026\/04\/arbo-3.png","datePublished":"2026-04-01T21:06:39+00:00","dateModified":"2026-04-01T21:06:56+00:00","breadcrumb":{"@id":"https:\/\/rapidomotosport.hr\/en\/proizvod\/bmw-r-1200-rs-ohlins-motorcycle-steering-damper-2015-2018\/#breadcrumb"},"inLanguage":"en-US","potentialAction":[{"@type":"ReadAction","target":["https:\/\/rapidomotosport.hr\/en\/proizvod\/bmw-r-1200-rs-ohlins-motorcycle-steering-damper-2015-2018\/"]}]},{"@type":"ImageObject","inLanguage":"en-US","@id":"https:\/\/rapidomotosport.hr\/en\/proizvod\/bmw-r-1200-rs-ohlins-motorcycle-steering-damper-2015-2018\/#primaryimage","url":"https:\/\/rapidomotosport.hr\/wp-content\/uploads\/2026\/04\/arbo-3.png","contentUrl":"https:\/\/rapidomotosport.hr\/wp-content\/uploads\/2026\/04\/arbo-3.png","width":2048,"height":1536},{"@type":"BreadcrumbList","@id":"https:\/\/rapidomotosport.hr\/en\/proizvod\/bmw-r-1200-rs-ohlins-motorcycle-steering-damper-2015-2018\/#breadcrumb","itemListElement":[{"@type":"ListItem","position":1,"name":"Po\u010detna stranica","item":"https:\/\/rapidomotosport.hr\/en\/"},{"@type":"ListItem","position":2,"name":"Shop","item":"https:\/\/rapidomotosport.hr\/en\/shop\/"},{"@type":"ListItem","position":3,"name":"BMW R 1200 RS \u00d6HLINS MOTORCYCLE STEERING DAMPER 2015-2018"}]},{"@type":"WebSite","@id":"https:\/\/rapidomotosport.hr\/en\/#website","url":"https:\/\/rapidomotosport.hr\/en\/","name":"Rapido Motosport","description":"","potentialAction":[{"@type":"SearchAction","target":{"@type":"EntryPoint","urlTemplate":"https:\/\/rapidomotosport.hr\/en\/?s={search_term_string}"},"query-input":{"@type":"PropertyValueSpecification","valueRequired":true,"valueName":"search_term_string"}}],"inLanguage":"en-US"}]}},"_links":{"self":[{"href":"https:\/\/rapidomotosport.hr\/en\/wp-json\/wp\/v2\/product\/54011","targetHints":{"allow":["GET"]}}],"collection":[{"href":"https:\/\/rapidomotosport.hr\/en\/wp-json\/wp\/v2\/product"}],"about":[{"href":"https:\/\/rapidomotosport.hr\/en\/wp-json\/wp\/v2\/types\/product"}],"wp:featuredmedia":[{"embeddable":true,"href":"https:\/\/rapidomotosport.hr\/en\/wp-json\/wp\/v2\/media\/54012"}],"wp:attachment":[{"href":"https:\/\/rapidomotosport.hr\/en\/wp-json\/wp\/v2\/media?parent=54011"}],"wp:term":[{"taxonomy":"product_brand","embeddable":true,"href":"https:\/\/rapidomotosport.hr\/en\/wp-json\/wp\/v2\/product_brand?post=54011"},{"taxonomy":"product_cat","embeddable":true,"href":"https:\/\/rapidomotosport.hr\/en\/wp-json\/wp\/v2\/product_cat?post=54011"},{"taxonomy":"product_tag","embeddable":true,"href":"https:\/\/rapidomotosport.hr\/en\/wp-json\/wp\/v2\/product_tag?post=54011"}],"curies":[{"name":"wp","href":"https:\/\/api.w.org\/{rel}","templated":true}]}}