{"id":54021,"date":"2026-04-01T23:49:12","date_gmt":"2026-04-01T21:49:12","guid":{"rendered":"https:\/\/rapidomotosport.hr\/?post_type=product&#038;p=54021"},"modified":"2026-04-01T23:50:31","modified_gmt":"2026-04-01T21:50:31","slug":"bmw-r-1250-gs-adventure-ohlins-ttx-rt-shock-absorber-2019-2024-3","status":"publish","type":"product","link":"https:\/\/rapidomotosport.hr\/en\/proizvod\/bmw-r-1250-gs-adventure-ohlins-ttx-rt-shock-absorber-2019-2024-3\/","title":{"rendered":"BMW R 1250 GS ADVENTURE \u00d6HLINS TTX RT SHOCK ABSORBER 2019-2024"},"content":{"rendered":"","protected":false},"excerpt":{"rendered":"<p>Posebno dizajnirani za modele BMW R1200GS, \u00d6hlins TTX Adventure amortizeri pobolj\u0161avaju povratne informacije, kontrolu i udobnost.<\/p>\n<p>Prednji amortizer TTX36 za BMW R 1250 GSA (2019.\u20132023.), BMW R 1200 GS Rallye (2017.\u20132018.) i BMW R 1200 GS Adventure K51 (2014.\u20132018.) koristi provjerenu \u00d6hlins TTX tehnologiju s dvostrukom cijevi.<\/p>\n<p>TTX tehnologija potpuno uklanja rizik od kavitationa, maksimiziraju\u0107i performanse u svim uvjetima vo\u017enje. Me\u0111u ostalim prednostima TTX-a su pojedina\u010dno podesiva kompresija i odskok, \u0161to omogu\u0107uje precizno pode\u0161avanje prema va\u0161im voza\u010dkim preferencijama.<\/p>\n<p>Amortizer je opremljen piggyback rezervoarom. Ve\u0107i volumen ulja u rezervoaru poma\u017ee odr\u017eati amortizer hladnijim u ekstremnim uvjetima, pru\u017eaju\u0107i konstantne i pouzdane performanse prigu\u0161enja, bez obzira kamo vas avantura vodi.<\/p>\n<p>Duljina: 399 mm<br \/>\nHod: 97,5 mm<br \/>\nKrutost: 62 N\/mm<br \/>\nPolo\u017eaj: sprijeda<br \/>\nUgra\u0111ena opruga: 21067-15<br \/>\nSerija opruga: 21067-xx<br \/>\nPakiranje: komad<\/p>\n","protected":false},"featured_media":53977,"template":"","meta":[],"product_brand":[],"product_cat":[1254],"product_tag":[],"class_list":{"0":"post-54021","1":"product","2":"type-product","3":"status-publish","4":"has-post-thumbnail","6":"product_cat-amortizeri-za-motocikle","8":"first","9":"instock","10":"sale","11":"shipping-taxable","12":"purchasable","13":"product-type-simple"},"yoast_head":"<!-- This site is optimized with the Yoast SEO plugin v27.4 - https:\/\/yoast.com\/product\/yoast-seo-wordpress\/ -->\n<title>BMW R 1250 GS ADVENTURE \u00d6HLINS TTX RT SHOCK ABSORBER 2019-2024 - Rapido Motosport<\/title>\n<meta name=\"robots\" content=\"index, follow, max-snippet:-1, max-image-preview:large, max-video-preview:-1\" \/>\n<link rel=\"canonical\" href=\"https:\/\/rapidomotosport.hr\/en\/proizvod\/bmw-r-1250-gs-adventure-ohlins-ttx-rt-shock-absorber-2019-2024-3\/\" \/>\n<meta property=\"og:locale\" content=\"en_US\" \/>\n<meta property=\"og:type\" content=\"article\" \/>\n<meta property=\"og:title\" content=\"BMW R 1250 GS ADVENTURE \u00d6HLINS TTX RT SHOCK ABSORBER 2019-2024 - Rapido Motosport\" \/>\n<meta property=\"og:description\" content=\"Posebno dizajnirani za modele BMW R1200GS, \u00d6hlins TTX Adventure amortizeri pobolj\u0161avaju povratne informacije, kontrolu i udobnost.  Prednji amortizer TTX36 za BMW R 1250 GSA (2019.\u20132023.), BMW R 1200 GS Rallye (2017.\u20132018.) i BMW R 1200 GS Adventure K51 (2014.\u20132018.) koristi provjerenu \u00d6hlins TTX tehnologiju s dvostrukom cijevi.  TTX tehnologija potpuno uklanja rizik od kavitationa, maksimiziraju\u0107i performanse u svim uvjetima vo\u017enje. Me\u0111u ostalim prednostima TTX-a su pojedina\u010dno podesiva kompresija i odskok, \u0161to omogu\u0107uje precizno pode\u0161avanje prema va\u0161im voza\u010dkim preferencijama.  Amortizer je opremljen piggyback rezervoarom. Ve\u0107i volumen ulja u rezervoaru poma\u017ee odr\u017eati amortizer hladnijim u ekstremnim uvjetima, pru\u017eaju\u0107i konstantne i pouzdane performanse prigu\u0161enja, bez obzira kamo vas avantura vodi.  Duljina: 399 mm Hod: 97,5 mm Krutost: 62 N\/mm Polo\u017eaj: sprijeda Ugra\u0111ena opruga: 21067-15 Serija opruga: 21067-xx Pakiranje: komad\" \/>\n<meta property=\"og:url\" content=\"https:\/\/rapidomotosport.hr\/en\/proizvod\/bmw-r-1250-gs-adventure-ohlins-ttx-rt-shock-absorber-2019-2024-3\/\" \/>\n<meta property=\"og:site_name\" content=\"Rapido Motosport\" \/>\n<meta property=\"article:modified_time\" content=\"2026-04-01T21:50:31+00:00\" \/>\n<meta property=\"og:image\" content=\"https:\/\/rapidomotosport.hr\/wp-content\/uploads\/2026\/04\/arbo-2.png\" \/>\n\t<meta property=\"og:image:width\" content=\"2048\" \/>\n\t<meta property=\"og:image:height\" content=\"1536\" \/>\n\t<meta property=\"og:image:type\" content=\"image\/png\" \/>\n<meta name=\"twitter:card\" content=\"summary_large_image\" \/>\n<meta name=\"twitter:label1\" content=\"Est. reading time\" \/>\n\t<meta name=\"twitter:data1\" content=\"1 minute\" \/>\n<script type=\"application\/ld+json\" class=\"yoast-schema-graph\">{\"@context\":\"https:\\\/\\\/schema.org\",\"@graph\":[{\"@type\":\"WebPage\",\"@id\":\"https:\\\/\\\/rapidomotosport.hr\\\/en\\\/proizvod\\\/bmw-r-1250-gs-adventure-ohlins-ttx-rt-shock-absorber-2019-2024-3\\\/\",\"url\":\"https:\\\/\\\/rapidomotosport.hr\\\/en\\\/proizvod\\\/bmw-r-1250-gs-adventure-ohlins-ttx-rt-shock-absorber-2019-2024-3\\\/\",\"name\":\"BMW R 1250 GS ADVENTURE \u00d6HLINS TTX RT SHOCK ABSORBER 2019-2024 - Rapido Motosport\",\"isPartOf\":{\"@id\":\"https:\\\/\\\/rapidomotosport.hr\\\/en\\\/#website\"},\"primaryImageOfPage\":{\"@id\":\"https:\\\/\\\/rapidomotosport.hr\\\/en\\\/proizvod\\\/bmw-r-1250-gs-adventure-ohlins-ttx-rt-shock-absorber-2019-2024-3\\\/#primaryimage\"},\"image\":{\"@id\":\"https:\\\/\\\/rapidomotosport.hr\\\/en\\\/proizvod\\\/bmw-r-1250-gs-adventure-ohlins-ttx-rt-shock-absorber-2019-2024-3\\\/#primaryimage\"},\"thumbnailUrl\":\"https:\\\/\\\/rapidomotosport.hr\\\/wp-content\\\/uploads\\\/2026\\\/04\\\/arbo-2.png\",\"datePublished\":\"2026-04-01T21:49:12+00:00\",\"dateModified\":\"2026-04-01T21:50:31+00:00\",\"breadcrumb\":{\"@id\":\"https:\\\/\\\/rapidomotosport.hr\\\/en\\\/proizvod\\\/bmw-r-1250-gs-adventure-ohlins-ttx-rt-shock-absorber-2019-2024-3\\\/#breadcrumb\"},\"inLanguage\":\"en-US\",\"potentialAction\":[{\"@type\":\"ReadAction\",\"target\":[\"https:\\\/\\\/rapidomotosport.hr\\\/en\\\/proizvod\\\/bmw-r-1250-gs-adventure-ohlins-ttx-rt-shock-absorber-2019-2024-3\\\/\"]}]},{\"@type\":\"ImageObject\",\"inLanguage\":\"en-US\",\"@id\":\"https:\\\/\\\/rapidomotosport.hr\\\/en\\\/proizvod\\\/bmw-r-1250-gs-adventure-ohlins-ttx-rt-shock-absorber-2019-2024-3\\\/#primaryimage\",\"url\":\"https:\\\/\\\/rapidomotosport.hr\\\/wp-content\\\/uploads\\\/2026\\\/04\\\/arbo-2.png\",\"contentUrl\":\"https:\\\/\\\/rapidomotosport.hr\\\/wp-content\\\/uploads\\\/2026\\\/04\\\/arbo-2.png\",\"width\":2048,\"height\":1536},{\"@type\":\"BreadcrumbList\",\"@id\":\"https:\\\/\\\/rapidomotosport.hr\\\/en\\\/proizvod\\\/bmw-r-1250-gs-adventure-ohlins-ttx-rt-shock-absorber-2019-2024-3\\\/#breadcrumb\",\"itemListElement\":[{\"@type\":\"ListItem\",\"position\":1,\"name\":\"Po\u010detna stranica\",\"item\":\"https:\\\/\\\/rapidomotosport.hr\\\/en\\\/\"},{\"@type\":\"ListItem\",\"position\":2,\"name\":\"Shop\",\"item\":\"https:\\\/\\\/rapidomotosport.hr\\\/en\\\/shop\\\/\"},{\"@type\":\"ListItem\",\"position\":3,\"name\":\"BMW R 1250 GS ADVENTURE \u00d6HLINS TTX RT SHOCK ABSORBER 2019-2024\"}]},{\"@type\":\"WebSite\",\"@id\":\"https:\\\/\\\/rapidomotosport.hr\\\/en\\\/#website\",\"url\":\"https:\\\/\\\/rapidomotosport.hr\\\/en\\\/\",\"name\":\"Rapido Motosport\",\"description\":\"\",\"potentialAction\":[{\"@type\":\"SearchAction\",\"target\":{\"@type\":\"EntryPoint\",\"urlTemplate\":\"https:\\\/\\\/rapidomotosport.hr\\\/en\\\/?s={search_term_string}\"},\"query-input\":{\"@type\":\"PropertyValueSpecification\",\"valueRequired\":true,\"valueName\":\"search_term_string\"}}],\"inLanguage\":\"en-US\"}]}<\/script>\n<!-- \/ Yoast SEO plugin. -->","yoast_head_json":{"title":"BMW R 1250 GS ADVENTURE \u00d6HLINS TTX RT SHOCK ABSORBER 2019-2024 - Rapido Motosport","robots":{"index":"index","follow":"follow","max-snippet":"max-snippet:-1","max-image-preview":"max-image-preview:large","max-video-preview":"max-video-preview:-1"},"canonical":"https:\/\/rapidomotosport.hr\/en\/proizvod\/bmw-r-1250-gs-adventure-ohlins-ttx-rt-shock-absorber-2019-2024-3\/","og_locale":"en_US","og_type":"article","og_title":"BMW R 1250 GS ADVENTURE \u00d6HLINS TTX RT SHOCK ABSORBER 2019-2024 - Rapido Motosport","og_description":"Posebno dizajnirani za modele BMW R1200GS, \u00d6hlins TTX Adventure amortizeri pobolj\u0161avaju povratne informacije, kontrolu i udobnost.  Prednji amortizer TTX36 za BMW R 1250 GSA (2019.\u20132023.), BMW R 1200 GS Rallye (2017.\u20132018.) i BMW R 1200 GS Adventure K51 (2014.\u20132018.) koristi provjerenu \u00d6hlins TTX tehnologiju s dvostrukom cijevi.  TTX tehnologija potpuno uklanja rizik od kavitationa, maksimiziraju\u0107i performanse u svim uvjetima vo\u017enje. Me\u0111u ostalim prednostima TTX-a su pojedina\u010dno podesiva kompresija i odskok, \u0161to omogu\u0107uje precizno pode\u0161avanje prema va\u0161im voza\u010dkim preferencijama.  Amortizer je opremljen piggyback rezervoarom. Ve\u0107i volumen ulja u rezervoaru poma\u017ee odr\u017eati amortizer hladnijim u ekstremnim uvjetima, pru\u017eaju\u0107i konstantne i pouzdane performanse prigu\u0161enja, bez obzira kamo vas avantura vodi.  Duljina: 399 mm Hod: 97,5 mm Krutost: 62 N\/mm Polo\u017eaj: sprijeda Ugra\u0111ena opruga: 21067-15 Serija opruga: 21067-xx Pakiranje: komad","og_url":"https:\/\/rapidomotosport.hr\/en\/proizvod\/bmw-r-1250-gs-adventure-ohlins-ttx-rt-shock-absorber-2019-2024-3\/","og_site_name":"Rapido Motosport","article_modified_time":"2026-04-01T21:50:31+00:00","og_image":[{"width":2048,"height":1536,"url":"https:\/\/rapidomotosport.hr\/wp-content\/uploads\/2026\/04\/arbo-2.png","type":"image\/png"}],"twitter_card":"summary_large_image","twitter_misc":{"Est. reading time":"1 minute"},"schema":{"@context":"https:\/\/schema.org","@graph":[{"@type":"WebPage","@id":"https:\/\/rapidomotosport.hr\/en\/proizvod\/bmw-r-1250-gs-adventure-ohlins-ttx-rt-shock-absorber-2019-2024-3\/","url":"https:\/\/rapidomotosport.hr\/en\/proizvod\/bmw-r-1250-gs-adventure-ohlins-ttx-rt-shock-absorber-2019-2024-3\/","name":"BMW R 1250 GS ADVENTURE \u00d6HLINS TTX RT SHOCK ABSORBER 2019-2024 - Rapido Motosport","isPartOf":{"@id":"https:\/\/rapidomotosport.hr\/en\/#website"},"primaryImageOfPage":{"@id":"https:\/\/rapidomotosport.hr\/en\/proizvod\/bmw-r-1250-gs-adventure-ohlins-ttx-rt-shock-absorber-2019-2024-3\/#primaryimage"},"image":{"@id":"https:\/\/rapidomotosport.hr\/en\/proizvod\/bmw-r-1250-gs-adventure-ohlins-ttx-rt-shock-absorber-2019-2024-3\/#primaryimage"},"thumbnailUrl":"https:\/\/rapidomotosport.hr\/wp-content\/uploads\/2026\/04\/arbo-2.png","datePublished":"2026-04-01T21:49:12+00:00","dateModified":"2026-04-01T21:50:31+00:00","breadcrumb":{"@id":"https:\/\/rapidomotosport.hr\/en\/proizvod\/bmw-r-1250-gs-adventure-ohlins-ttx-rt-shock-absorber-2019-2024-3\/#breadcrumb"},"inLanguage":"en-US","potentialAction":[{"@type":"ReadAction","target":["https:\/\/rapidomotosport.hr\/en\/proizvod\/bmw-r-1250-gs-adventure-ohlins-ttx-rt-shock-absorber-2019-2024-3\/"]}]},{"@type":"ImageObject","inLanguage":"en-US","@id":"https:\/\/rapidomotosport.hr\/en\/proizvod\/bmw-r-1250-gs-adventure-ohlins-ttx-rt-shock-absorber-2019-2024-3\/#primaryimage","url":"https:\/\/rapidomotosport.hr\/wp-content\/uploads\/2026\/04\/arbo-2.png","contentUrl":"https:\/\/rapidomotosport.hr\/wp-content\/uploads\/2026\/04\/arbo-2.png","width":2048,"height":1536},{"@type":"BreadcrumbList","@id":"https:\/\/rapidomotosport.hr\/en\/proizvod\/bmw-r-1250-gs-adventure-ohlins-ttx-rt-shock-absorber-2019-2024-3\/#breadcrumb","itemListElement":[{"@type":"ListItem","position":1,"name":"Po\u010detna stranica","item":"https:\/\/rapidomotosport.hr\/en\/"},{"@type":"ListItem","position":2,"name":"Shop","item":"https:\/\/rapidomotosport.hr\/en\/shop\/"},{"@type":"ListItem","position":3,"name":"BMW R 1250 GS ADVENTURE \u00d6HLINS TTX RT SHOCK ABSORBER 2019-2024"}]},{"@type":"WebSite","@id":"https:\/\/rapidomotosport.hr\/en\/#website","url":"https:\/\/rapidomotosport.hr\/en\/","name":"Rapido Motosport","description":"","potentialAction":[{"@type":"SearchAction","target":{"@type":"EntryPoint","urlTemplate":"https:\/\/rapidomotosport.hr\/en\/?s={search_term_string}"},"query-input":{"@type":"PropertyValueSpecification","valueRequired":true,"valueName":"search_term_string"}}],"inLanguage":"en-US"}]}},"_links":{"self":[{"href":"https:\/\/rapidomotosport.hr\/en\/wp-json\/wp\/v2\/product\/54021","targetHints":{"allow":["GET"]}}],"collection":[{"href":"https:\/\/rapidomotosport.hr\/en\/wp-json\/wp\/v2\/product"}],"about":[{"href":"https:\/\/rapidomotosport.hr\/en\/wp-json\/wp\/v2\/types\/product"}],"wp:featuredmedia":[{"embeddable":true,"href":"https:\/\/rapidomotosport.hr\/en\/wp-json\/wp\/v2\/media\/53977"}],"wp:attachment":[{"href":"https:\/\/rapidomotosport.hr\/en\/wp-json\/wp\/v2\/media?parent=54021"}],"wp:term":[{"taxonomy":"product_brand","embeddable":true,"href":"https:\/\/rapidomotosport.hr\/en\/wp-json\/wp\/v2\/product_brand?post=54021"},{"taxonomy":"product_cat","embeddable":true,"href":"https:\/\/rapidomotosport.hr\/en\/wp-json\/wp\/v2\/product_cat?post=54021"},{"taxonomy":"product_tag","embeddable":true,"href":"https:\/\/rapidomotosport.hr\/en\/wp-json\/wp\/v2\/product_tag?post=54021"}],"curies":[{"name":"wp","href":"https:\/\/api.w.org\/{rel}","templated":true}]}}