{"id":54745,"date":"2026-04-17T19:45:49","date_gmt":"2026-04-17T17:45:49","guid":{"rendered":"https:\/\/rapidomotosport.hr\/?post_type=product&#038;p=54745"},"modified":"2026-04-17T20:00:36","modified_gmt":"2026-04-17T18:00:36","slug":"bmw-s-1000-rr-nix-30-cartridge-kit-2008-2018","status":"publish","type":"product","link":"https:\/\/rapidomotosport.hr\/en\/proizvod\/bmw-s-1000-rr-nix-30-cartridge-kit-2008-2018\/","title":{"rendered":"BMW S 1000 RR \u00d6HLINS NIX 30 CARTRIDGE KIT 2008-2018"},"content":{"rendered":"","protected":false},"excerpt":{"rendered":"<p>Bilo da ciljate na nacionalni naslov u utrkama ili vozite na svojoj lokalnoj stazi, \u00d6hlins NIX 30 komplet patrona nudi prilagodljivost, stabilnost i performanse koje su vam potrebne da nadma\u0161ite konkurenciju i unaprijedite svoje iskustvo vo\u017enje. Komplet se odlikuje na\u0161im jedinstvenim NIX dizajnom s odvojenim pode\u0161avanjem kompresije i povrata (rebound). U kombinaciji sa \u0161irokim rasponom krutosti opruga i mogu\u0107nostima pode\u0161avanja, mo\u017eete o\u010dekivati precizniju funkciju prigu\u0161enja, pobolj\u0161anu stabilnost i prave trka\u0107e performanse svaki put kada iza\u0111ete na asfalt.<\/p>\n<p>Hod: 120 mm<br \/>\nPozicija: prednja<br \/>\nSerija opruga: 08790-Serie<\/p>\n","protected":false},"featured_media":54746,"template":"","meta":[],"product_brand":[],"product_cat":[1254],"product_tag":[],"class_list":{"0":"post-54745","1":"product","2":"type-product","3":"status-publish","4":"has-post-thumbnail","6":"product_cat-amortizeri-za-motocikle","8":"first","9":"instock","10":"sale","11":"shipping-taxable","12":"purchasable","13":"product-type-simple"},"yoast_head":"<!-- This site is optimized with the Yoast SEO plugin v27.4 - https:\/\/yoast.com\/product\/yoast-seo-wordpress\/ -->\n<title>BMW S 1000 RR \u00d6HLINS NIX 30 CARTRIDGE KIT 2008-2018 - Rapido Motosport<\/title>\n<meta name=\"robots\" content=\"index, follow, max-snippet:-1, max-image-preview:large, max-video-preview:-1\" \/>\n<link rel=\"canonical\" href=\"https:\/\/rapidomotosport.hr\/en\/proizvod\/bmw-s-1000-rr-nix-30-cartridge-kit-2008-2018\/\" \/>\n<meta property=\"og:locale\" content=\"en_US\" \/>\n<meta property=\"og:type\" content=\"article\" \/>\n<meta property=\"og:title\" content=\"BMW S 1000 RR \u00d6HLINS NIX 30 CARTRIDGE KIT 2008-2018 - Rapido Motosport\" \/>\n<meta property=\"og:description\" content=\"Bilo da ciljate na nacionalni naslov u utrkama ili vozite na svojoj lokalnoj stazi, \u00d6hlins NIX 30 komplet patrona nudi prilagodljivost, stabilnost i performanse koje su vam potrebne da nadma\u0161ite konkurenciju i unaprijedite svoje iskustvo vo\u017enje. Komplet se odlikuje na\u0161im jedinstvenim NIX dizajnom s odvojenim pode\u0161avanjem kompresije i povrata (rebound). U kombinaciji sa \u0161irokim rasponom krutosti opruga i mogu\u0107nostima pode\u0161avanja, mo\u017eete o\u010dekivati precizniju funkciju prigu\u0161enja, pobolj\u0161anu stabilnost i prave trka\u0107e performanse svaki put kada iza\u0111ete na asfalt.  Hod: 120 mm Pozicija: prednja Serija opruga: 08790-Serie\" \/>\n<meta property=\"og:url\" content=\"https:\/\/rapidomotosport.hr\/en\/proizvod\/bmw-s-1000-rr-nix-30-cartridge-kit-2008-2018\/\" \/>\n<meta property=\"og:site_name\" content=\"Rapido Motosport\" \/>\n<meta property=\"article:modified_time\" content=\"2026-04-17T18:00:36+00:00\" \/>\n<meta property=\"og:image\" content=\"https:\/\/rapidomotosport.hr\/wp-content\/uploads\/2026\/04\/arbo-60.png\" \/>\n\t<meta property=\"og:image:width\" content=\"2048\" \/>\n\t<meta property=\"og:image:height\" content=\"1536\" \/>\n\t<meta property=\"og:image:type\" content=\"image\/png\" \/>\n<meta name=\"twitter:card\" content=\"summary_large_image\" \/>\n<meta name=\"twitter:label1\" content=\"Est. reading time\" \/>\n\t<meta name=\"twitter:data1\" content=\"1 minute\" \/>\n<script type=\"application\/ld+json\" class=\"yoast-schema-graph\">{\"@context\":\"https:\\\/\\\/schema.org\",\"@graph\":[{\"@type\":\"WebPage\",\"@id\":\"https:\\\/\\\/rapidomotosport.hr\\\/en\\\/proizvod\\\/bmw-s-1000-rr-nix-30-cartridge-kit-2008-2018\\\/\",\"url\":\"https:\\\/\\\/rapidomotosport.hr\\\/en\\\/proizvod\\\/bmw-s-1000-rr-nix-30-cartridge-kit-2008-2018\\\/\",\"name\":\"BMW S 1000 RR \u00d6HLINS NIX 30 CARTRIDGE KIT 2008-2018 - Rapido Motosport\",\"isPartOf\":{\"@id\":\"https:\\\/\\\/rapidomotosport.hr\\\/en\\\/#website\"},\"primaryImageOfPage\":{\"@id\":\"https:\\\/\\\/rapidomotosport.hr\\\/en\\\/proizvod\\\/bmw-s-1000-rr-nix-30-cartridge-kit-2008-2018\\\/#primaryimage\"},\"image\":{\"@id\":\"https:\\\/\\\/rapidomotosport.hr\\\/en\\\/proizvod\\\/bmw-s-1000-rr-nix-30-cartridge-kit-2008-2018\\\/#primaryimage\"},\"thumbnailUrl\":\"https:\\\/\\\/rapidomotosport.hr\\\/wp-content\\\/uploads\\\/2026\\\/04\\\/arbo-60.png\",\"datePublished\":\"2026-04-17T17:45:49+00:00\",\"dateModified\":\"2026-04-17T18:00:36+00:00\",\"breadcrumb\":{\"@id\":\"https:\\\/\\\/rapidomotosport.hr\\\/en\\\/proizvod\\\/bmw-s-1000-rr-nix-30-cartridge-kit-2008-2018\\\/#breadcrumb\"},\"inLanguage\":\"en-US\",\"potentialAction\":[{\"@type\":\"ReadAction\",\"target\":[\"https:\\\/\\\/rapidomotosport.hr\\\/en\\\/proizvod\\\/bmw-s-1000-rr-nix-30-cartridge-kit-2008-2018\\\/\"]}]},{\"@type\":\"ImageObject\",\"inLanguage\":\"en-US\",\"@id\":\"https:\\\/\\\/rapidomotosport.hr\\\/en\\\/proizvod\\\/bmw-s-1000-rr-nix-30-cartridge-kit-2008-2018\\\/#primaryimage\",\"url\":\"https:\\\/\\\/rapidomotosport.hr\\\/wp-content\\\/uploads\\\/2026\\\/04\\\/arbo-60.png\",\"contentUrl\":\"https:\\\/\\\/rapidomotosport.hr\\\/wp-content\\\/uploads\\\/2026\\\/04\\\/arbo-60.png\",\"width\":2048,\"height\":1536},{\"@type\":\"BreadcrumbList\",\"@id\":\"https:\\\/\\\/rapidomotosport.hr\\\/en\\\/proizvod\\\/bmw-s-1000-rr-nix-30-cartridge-kit-2008-2018\\\/#breadcrumb\",\"itemListElement\":[{\"@type\":\"ListItem\",\"position\":1,\"name\":\"Po\u010detna stranica\",\"item\":\"https:\\\/\\\/rapidomotosport.hr\\\/en\\\/\"},{\"@type\":\"ListItem\",\"position\":2,\"name\":\"Shop\",\"item\":\"https:\\\/\\\/rapidomotosport.hr\\\/en\\\/shop\\\/\"},{\"@type\":\"ListItem\",\"position\":3,\"name\":\"BMW S 1000 RR \u00d6HLINS NIX 30 CARTRIDGE KIT 2008-2018\"}]},{\"@type\":\"WebSite\",\"@id\":\"https:\\\/\\\/rapidomotosport.hr\\\/en\\\/#website\",\"url\":\"https:\\\/\\\/rapidomotosport.hr\\\/en\\\/\",\"name\":\"Rapido Motosport\",\"description\":\"\",\"potentialAction\":[{\"@type\":\"SearchAction\",\"target\":{\"@type\":\"EntryPoint\",\"urlTemplate\":\"https:\\\/\\\/rapidomotosport.hr\\\/en\\\/?s={search_term_string}\"},\"query-input\":{\"@type\":\"PropertyValueSpecification\",\"valueRequired\":true,\"valueName\":\"search_term_string\"}}],\"inLanguage\":\"en-US\"}]}<\/script>\n<!-- \/ Yoast SEO plugin. -->","yoast_head_json":{"title":"BMW S 1000 RR \u00d6HLINS NIX 30 CARTRIDGE KIT 2008-2018 - Rapido Motosport","robots":{"index":"index","follow":"follow","max-snippet":"max-snippet:-1","max-image-preview":"max-image-preview:large","max-video-preview":"max-video-preview:-1"},"canonical":"https:\/\/rapidomotosport.hr\/en\/proizvod\/bmw-s-1000-rr-nix-30-cartridge-kit-2008-2018\/","og_locale":"en_US","og_type":"article","og_title":"BMW S 1000 RR \u00d6HLINS NIX 30 CARTRIDGE KIT 2008-2018 - Rapido Motosport","og_description":"Bilo da ciljate na nacionalni naslov u utrkama ili vozite na svojoj lokalnoj stazi, \u00d6hlins NIX 30 komplet patrona nudi prilagodljivost, stabilnost i performanse koje su vam potrebne da nadma\u0161ite konkurenciju i unaprijedite svoje iskustvo vo\u017enje. Komplet se odlikuje na\u0161im jedinstvenim NIX dizajnom s odvojenim pode\u0161avanjem kompresije i povrata (rebound). U kombinaciji sa \u0161irokim rasponom krutosti opruga i mogu\u0107nostima pode\u0161avanja, mo\u017eete o\u010dekivati precizniju funkciju prigu\u0161enja, pobolj\u0161anu stabilnost i prave trka\u0107e performanse svaki put kada iza\u0111ete na asfalt.  Hod: 120 mm Pozicija: prednja Serija opruga: 08790-Serie","og_url":"https:\/\/rapidomotosport.hr\/en\/proizvod\/bmw-s-1000-rr-nix-30-cartridge-kit-2008-2018\/","og_site_name":"Rapido Motosport","article_modified_time":"2026-04-17T18:00:36+00:00","og_image":[{"width":2048,"height":1536,"url":"https:\/\/rapidomotosport.hr\/wp-content\/uploads\/2026\/04\/arbo-60.png","type":"image\/png"}],"twitter_card":"summary_large_image","twitter_misc":{"Est. reading time":"1 minute"},"schema":{"@context":"https:\/\/schema.org","@graph":[{"@type":"WebPage","@id":"https:\/\/rapidomotosport.hr\/en\/proizvod\/bmw-s-1000-rr-nix-30-cartridge-kit-2008-2018\/","url":"https:\/\/rapidomotosport.hr\/en\/proizvod\/bmw-s-1000-rr-nix-30-cartridge-kit-2008-2018\/","name":"BMW S 1000 RR \u00d6HLINS NIX 30 CARTRIDGE KIT 2008-2018 - Rapido Motosport","isPartOf":{"@id":"https:\/\/rapidomotosport.hr\/en\/#website"},"primaryImageOfPage":{"@id":"https:\/\/rapidomotosport.hr\/en\/proizvod\/bmw-s-1000-rr-nix-30-cartridge-kit-2008-2018\/#primaryimage"},"image":{"@id":"https:\/\/rapidomotosport.hr\/en\/proizvod\/bmw-s-1000-rr-nix-30-cartridge-kit-2008-2018\/#primaryimage"},"thumbnailUrl":"https:\/\/rapidomotosport.hr\/wp-content\/uploads\/2026\/04\/arbo-60.png","datePublished":"2026-04-17T17:45:49+00:00","dateModified":"2026-04-17T18:00:36+00:00","breadcrumb":{"@id":"https:\/\/rapidomotosport.hr\/en\/proizvod\/bmw-s-1000-rr-nix-30-cartridge-kit-2008-2018\/#breadcrumb"},"inLanguage":"en-US","potentialAction":[{"@type":"ReadAction","target":["https:\/\/rapidomotosport.hr\/en\/proizvod\/bmw-s-1000-rr-nix-30-cartridge-kit-2008-2018\/"]}]},{"@type":"ImageObject","inLanguage":"en-US","@id":"https:\/\/rapidomotosport.hr\/en\/proizvod\/bmw-s-1000-rr-nix-30-cartridge-kit-2008-2018\/#primaryimage","url":"https:\/\/rapidomotosport.hr\/wp-content\/uploads\/2026\/04\/arbo-60.png","contentUrl":"https:\/\/rapidomotosport.hr\/wp-content\/uploads\/2026\/04\/arbo-60.png","width":2048,"height":1536},{"@type":"BreadcrumbList","@id":"https:\/\/rapidomotosport.hr\/en\/proizvod\/bmw-s-1000-rr-nix-30-cartridge-kit-2008-2018\/#breadcrumb","itemListElement":[{"@type":"ListItem","position":1,"name":"Po\u010detna stranica","item":"https:\/\/rapidomotosport.hr\/en\/"},{"@type":"ListItem","position":2,"name":"Shop","item":"https:\/\/rapidomotosport.hr\/en\/shop\/"},{"@type":"ListItem","position":3,"name":"BMW S 1000 RR \u00d6HLINS NIX 30 CARTRIDGE KIT 2008-2018"}]},{"@type":"WebSite","@id":"https:\/\/rapidomotosport.hr\/en\/#website","url":"https:\/\/rapidomotosport.hr\/en\/","name":"Rapido Motosport","description":"","potentialAction":[{"@type":"SearchAction","target":{"@type":"EntryPoint","urlTemplate":"https:\/\/rapidomotosport.hr\/en\/?s={search_term_string}"},"query-input":{"@type":"PropertyValueSpecification","valueRequired":true,"valueName":"search_term_string"}}],"inLanguage":"en-US"}]}},"_links":{"self":[{"href":"https:\/\/rapidomotosport.hr\/en\/wp-json\/wp\/v2\/product\/54745","targetHints":{"allow":["GET"]}}],"collection":[{"href":"https:\/\/rapidomotosport.hr\/en\/wp-json\/wp\/v2\/product"}],"about":[{"href":"https:\/\/rapidomotosport.hr\/en\/wp-json\/wp\/v2\/types\/product"}],"wp:featuredmedia":[{"embeddable":true,"href":"https:\/\/rapidomotosport.hr\/en\/wp-json\/wp\/v2\/media\/54746"}],"wp:attachment":[{"href":"https:\/\/rapidomotosport.hr\/en\/wp-json\/wp\/v2\/media?parent=54745"}],"wp:term":[{"taxonomy":"product_brand","embeddable":true,"href":"https:\/\/rapidomotosport.hr\/en\/wp-json\/wp\/v2\/product_brand?post=54745"},{"taxonomy":"product_cat","embeddable":true,"href":"https:\/\/rapidomotosport.hr\/en\/wp-json\/wp\/v2\/product_cat?post=54745"},{"taxonomy":"product_tag","embeddable":true,"href":"https:\/\/rapidomotosport.hr\/en\/wp-json\/wp\/v2\/product_tag?post=54745"}],"curies":[{"name":"wp","href":"https:\/\/api.w.org\/{rel}","templated":true}]}}