{"id":54749,"date":"2026-04-17T19:46:29","date_gmt":"2026-04-17T17:46:29","guid":{"rendered":"https:\/\/rapidomotosport.hr\/?post_type=product&#038;p=54749"},"modified":"2026-04-17T20:01:06","modified_gmt":"2026-04-17T18:01:06","slug":"bmw-s-1000-rr-fgrt-upside-down-front-fork-road-track-2008-2016","status":"publish","type":"product","link":"https:\/\/rapidomotosport.hr\/en\/proizvod\/bmw-s-1000-rr-fgrt-upside-down-front-fork-road-track-2008-2016\/","title":{"rendered":"BMW S 1000 RR \u00d6HLINS FGRT UPSIDE DOWN FRONT FORK ROAD &#038; TRACK 2008-2016"},"content":{"rendered":"","protected":false},"excerpt":{"rendered":"<p>Bilo da ciljate na nacionalni naslov u cestovnim utrkama ili na mirnu vo\u017enju gradskim cestama, \u00d6hlins FGRT 200 prednja vilica nudi razinu performansi, dosljednosti i ugla\u0111enosti koja nadma\u0161uje o\u010dekivanja. Opremljena na\u0161im trka\u0107ki provjerenim NIX 30 kompletom patrona, vilica pru\u017ea vrhunsko dinami\u010dko pona\u0161anje i pobolj\u0161anu mogu\u0107nost pode\u0161avanja, s regulatorima smje\u0161tenima na vrhu svake noge vilice. FGRT 200 pobolj\u0161ava povratne informacije voza\u010du, potporu pri ko\u010denju i op\u0107u upravljivost na cesti i stazi. Sa svojim profinjenim dizajnom, ova prednja vilica savr\u0161ena je i po performansama i po izgledu.<\/p>\n<p>TEHNI\u010cKI PODACI<\/p>\n<p>Duljina: 740 mm<br \/>\nHod: 120 mm<br \/>\nKrutost N\/mm: 10,0 N\/mm<br \/>\nPozicija: prednja<br \/>\nUgra\u0111ena opruga: 04744-10<br \/>\nSerija opruga: 04744-Serie<\/p>\n","protected":false},"featured_media":54750,"template":"","meta":[],"product_brand":[],"product_cat":[1254],"product_tag":[],"class_list":{"0":"post-54749","1":"product","2":"type-product","3":"status-publish","4":"has-post-thumbnail","6":"product_cat-amortizeri-za-motocikle","8":"first","9":"instock","10":"sale","11":"shipping-taxable","12":"purchasable","13":"product-type-simple"},"yoast_head":"<!-- This site is optimized with the Yoast SEO plugin v27.4 - https:\/\/yoast.com\/product\/yoast-seo-wordpress\/ -->\n<title>BMW S 1000 RR \u00d6HLINS FGRT UPSIDE DOWN FRONT FORK ROAD &amp; TRACK 2008-2016 - Rapido Motosport<\/title>\n<meta name=\"robots\" content=\"index, follow, max-snippet:-1, max-image-preview:large, max-video-preview:-1\" \/>\n<link rel=\"canonical\" href=\"https:\/\/rapidomotosport.hr\/en\/proizvod\/bmw-s-1000-rr-fgrt-upside-down-front-fork-road-track-2008-2016\/\" \/>\n<meta property=\"og:locale\" content=\"en_US\" \/>\n<meta property=\"og:type\" content=\"article\" \/>\n<meta property=\"og:title\" content=\"BMW S 1000 RR \u00d6HLINS FGRT UPSIDE DOWN FRONT FORK ROAD &amp; TRACK 2008-2016 - Rapido Motosport\" \/>\n<meta property=\"og:description\" content=\"Bilo da ciljate na nacionalni naslov u cestovnim utrkama ili na mirnu vo\u017enju gradskim cestama, \u00d6hlins FGRT 200 prednja vilica nudi razinu performansi, dosljednosti i ugla\u0111enosti koja nadma\u0161uje o\u010dekivanja. Opremljena na\u0161im trka\u0107ki provjerenim NIX 30 kompletom patrona, vilica pru\u017ea vrhunsko dinami\u010dko pona\u0161anje i pobolj\u0161anu mogu\u0107nost pode\u0161avanja, s regulatorima smje\u0161tenima na vrhu svake noge vilice. FGRT 200 pobolj\u0161ava povratne informacije voza\u010du, potporu pri ko\u010denju i op\u0107u upravljivost na cesti i stazi. Sa svojim profinjenim dizajnom, ova prednja vilica savr\u0161ena je i po performansama i po izgledu.  TEHNI\u010cKI PODACI  Duljina: 740 mm Hod: 120 mm Krutost N\/mm: 10,0 N\/mm Pozicija: prednja Ugra\u0111ena opruga: 04744-10 Serija opruga: 04744-Serie\" \/>\n<meta property=\"og:url\" content=\"https:\/\/rapidomotosport.hr\/en\/proizvod\/bmw-s-1000-rr-fgrt-upside-down-front-fork-road-track-2008-2016\/\" \/>\n<meta property=\"og:site_name\" content=\"Rapido Motosport\" \/>\n<meta property=\"article:modified_time\" content=\"2026-04-17T18:01:06+00:00\" \/>\n<meta property=\"og:image\" content=\"https:\/\/rapidomotosport.hr\/wp-content\/uploads\/2026\/04\/arbo-61.png\" \/>\n\t<meta property=\"og:image:width\" content=\"2048\" \/>\n\t<meta property=\"og:image:height\" content=\"1536\" \/>\n\t<meta property=\"og:image:type\" content=\"image\/png\" \/>\n<meta name=\"twitter:card\" content=\"summary_large_image\" \/>\n<meta name=\"twitter:label1\" content=\"Est. reading time\" \/>\n\t<meta name=\"twitter:data1\" content=\"1 minute\" \/>\n<script type=\"application\/ld+json\" class=\"yoast-schema-graph\">{\"@context\":\"https:\\\/\\\/schema.org\",\"@graph\":[{\"@type\":\"WebPage\",\"@id\":\"https:\\\/\\\/rapidomotosport.hr\\\/en\\\/proizvod\\\/bmw-s-1000-rr-fgrt-upside-down-front-fork-road-track-2008-2016\\\/\",\"url\":\"https:\\\/\\\/rapidomotosport.hr\\\/en\\\/proizvod\\\/bmw-s-1000-rr-fgrt-upside-down-front-fork-road-track-2008-2016\\\/\",\"name\":\"BMW S 1000 RR \u00d6HLINS FGRT UPSIDE DOWN FRONT FORK ROAD & TRACK 2008-2016 - Rapido Motosport\",\"isPartOf\":{\"@id\":\"https:\\\/\\\/rapidomotosport.hr\\\/en\\\/#website\"},\"primaryImageOfPage\":{\"@id\":\"https:\\\/\\\/rapidomotosport.hr\\\/en\\\/proizvod\\\/bmw-s-1000-rr-fgrt-upside-down-front-fork-road-track-2008-2016\\\/#primaryimage\"},\"image\":{\"@id\":\"https:\\\/\\\/rapidomotosport.hr\\\/en\\\/proizvod\\\/bmw-s-1000-rr-fgrt-upside-down-front-fork-road-track-2008-2016\\\/#primaryimage\"},\"thumbnailUrl\":\"https:\\\/\\\/rapidomotosport.hr\\\/wp-content\\\/uploads\\\/2026\\\/04\\\/arbo-61.png\",\"datePublished\":\"2026-04-17T17:46:29+00:00\",\"dateModified\":\"2026-04-17T18:01:06+00:00\",\"breadcrumb\":{\"@id\":\"https:\\\/\\\/rapidomotosport.hr\\\/en\\\/proizvod\\\/bmw-s-1000-rr-fgrt-upside-down-front-fork-road-track-2008-2016\\\/#breadcrumb\"},\"inLanguage\":\"en-US\",\"potentialAction\":[{\"@type\":\"ReadAction\",\"target\":[\"https:\\\/\\\/rapidomotosport.hr\\\/en\\\/proizvod\\\/bmw-s-1000-rr-fgrt-upside-down-front-fork-road-track-2008-2016\\\/\"]}]},{\"@type\":\"ImageObject\",\"inLanguage\":\"en-US\",\"@id\":\"https:\\\/\\\/rapidomotosport.hr\\\/en\\\/proizvod\\\/bmw-s-1000-rr-fgrt-upside-down-front-fork-road-track-2008-2016\\\/#primaryimage\",\"url\":\"https:\\\/\\\/rapidomotosport.hr\\\/wp-content\\\/uploads\\\/2026\\\/04\\\/arbo-61.png\",\"contentUrl\":\"https:\\\/\\\/rapidomotosport.hr\\\/wp-content\\\/uploads\\\/2026\\\/04\\\/arbo-61.png\",\"width\":2048,\"height\":1536},{\"@type\":\"BreadcrumbList\",\"@id\":\"https:\\\/\\\/rapidomotosport.hr\\\/en\\\/proizvod\\\/bmw-s-1000-rr-fgrt-upside-down-front-fork-road-track-2008-2016\\\/#breadcrumb\",\"itemListElement\":[{\"@type\":\"ListItem\",\"position\":1,\"name\":\"Po\u010detna stranica\",\"item\":\"https:\\\/\\\/rapidomotosport.hr\\\/en\\\/\"},{\"@type\":\"ListItem\",\"position\":2,\"name\":\"Shop\",\"item\":\"https:\\\/\\\/rapidomotosport.hr\\\/en\\\/shop\\\/\"},{\"@type\":\"ListItem\",\"position\":3,\"name\":\"BMW S 1000 RR \u00d6HLINS FGRT UPSIDE DOWN FRONT FORK ROAD &#038; TRACK 2008-2016\"}]},{\"@type\":\"WebSite\",\"@id\":\"https:\\\/\\\/rapidomotosport.hr\\\/en\\\/#website\",\"url\":\"https:\\\/\\\/rapidomotosport.hr\\\/en\\\/\",\"name\":\"Rapido Motosport\",\"description\":\"\",\"potentialAction\":[{\"@type\":\"SearchAction\",\"target\":{\"@type\":\"EntryPoint\",\"urlTemplate\":\"https:\\\/\\\/rapidomotosport.hr\\\/en\\\/?s={search_term_string}\"},\"query-input\":{\"@type\":\"PropertyValueSpecification\",\"valueRequired\":true,\"valueName\":\"search_term_string\"}}],\"inLanguage\":\"en-US\"}]}<\/script>\n<!-- \/ Yoast SEO plugin. -->","yoast_head_json":{"title":"BMW S 1000 RR \u00d6HLINS FGRT UPSIDE DOWN FRONT FORK ROAD & TRACK 2008-2016 - Rapido Motosport","robots":{"index":"index","follow":"follow","max-snippet":"max-snippet:-1","max-image-preview":"max-image-preview:large","max-video-preview":"max-video-preview:-1"},"canonical":"https:\/\/rapidomotosport.hr\/en\/proizvod\/bmw-s-1000-rr-fgrt-upside-down-front-fork-road-track-2008-2016\/","og_locale":"en_US","og_type":"article","og_title":"BMW S 1000 RR \u00d6HLINS FGRT UPSIDE DOWN FRONT FORK ROAD & TRACK 2008-2016 - Rapido Motosport","og_description":"Bilo da ciljate na nacionalni naslov u cestovnim utrkama ili na mirnu vo\u017enju gradskim cestama, \u00d6hlins FGRT 200 prednja vilica nudi razinu performansi, dosljednosti i ugla\u0111enosti koja nadma\u0161uje o\u010dekivanja. Opremljena na\u0161im trka\u0107ki provjerenim NIX 30 kompletom patrona, vilica pru\u017ea vrhunsko dinami\u010dko pona\u0161anje i pobolj\u0161anu mogu\u0107nost pode\u0161avanja, s regulatorima smje\u0161tenima na vrhu svake noge vilice. FGRT 200 pobolj\u0161ava povratne informacije voza\u010du, potporu pri ko\u010denju i op\u0107u upravljivost na cesti i stazi. Sa svojim profinjenim dizajnom, ova prednja vilica savr\u0161ena je i po performansama i po izgledu.  TEHNI\u010cKI PODACI  Duljina: 740 mm Hod: 120 mm Krutost N\/mm: 10,0 N\/mm Pozicija: prednja Ugra\u0111ena opruga: 04744-10 Serija opruga: 04744-Serie","og_url":"https:\/\/rapidomotosport.hr\/en\/proizvod\/bmw-s-1000-rr-fgrt-upside-down-front-fork-road-track-2008-2016\/","og_site_name":"Rapido Motosport","article_modified_time":"2026-04-17T18:01:06+00:00","og_image":[{"width":2048,"height":1536,"url":"https:\/\/rapidomotosport.hr\/wp-content\/uploads\/2026\/04\/arbo-61.png","type":"image\/png"}],"twitter_card":"summary_large_image","twitter_misc":{"Est. reading time":"1 minute"},"schema":{"@context":"https:\/\/schema.org","@graph":[{"@type":"WebPage","@id":"https:\/\/rapidomotosport.hr\/en\/proizvod\/bmw-s-1000-rr-fgrt-upside-down-front-fork-road-track-2008-2016\/","url":"https:\/\/rapidomotosport.hr\/en\/proizvod\/bmw-s-1000-rr-fgrt-upside-down-front-fork-road-track-2008-2016\/","name":"BMW S 1000 RR \u00d6HLINS FGRT UPSIDE DOWN FRONT FORK ROAD & TRACK 2008-2016 - Rapido Motosport","isPartOf":{"@id":"https:\/\/rapidomotosport.hr\/en\/#website"},"primaryImageOfPage":{"@id":"https:\/\/rapidomotosport.hr\/en\/proizvod\/bmw-s-1000-rr-fgrt-upside-down-front-fork-road-track-2008-2016\/#primaryimage"},"image":{"@id":"https:\/\/rapidomotosport.hr\/en\/proizvod\/bmw-s-1000-rr-fgrt-upside-down-front-fork-road-track-2008-2016\/#primaryimage"},"thumbnailUrl":"https:\/\/rapidomotosport.hr\/wp-content\/uploads\/2026\/04\/arbo-61.png","datePublished":"2026-04-17T17:46:29+00:00","dateModified":"2026-04-17T18:01:06+00:00","breadcrumb":{"@id":"https:\/\/rapidomotosport.hr\/en\/proizvod\/bmw-s-1000-rr-fgrt-upside-down-front-fork-road-track-2008-2016\/#breadcrumb"},"inLanguage":"en-US","potentialAction":[{"@type":"ReadAction","target":["https:\/\/rapidomotosport.hr\/en\/proizvod\/bmw-s-1000-rr-fgrt-upside-down-front-fork-road-track-2008-2016\/"]}]},{"@type":"ImageObject","inLanguage":"en-US","@id":"https:\/\/rapidomotosport.hr\/en\/proizvod\/bmw-s-1000-rr-fgrt-upside-down-front-fork-road-track-2008-2016\/#primaryimage","url":"https:\/\/rapidomotosport.hr\/wp-content\/uploads\/2026\/04\/arbo-61.png","contentUrl":"https:\/\/rapidomotosport.hr\/wp-content\/uploads\/2026\/04\/arbo-61.png","width":2048,"height":1536},{"@type":"BreadcrumbList","@id":"https:\/\/rapidomotosport.hr\/en\/proizvod\/bmw-s-1000-rr-fgrt-upside-down-front-fork-road-track-2008-2016\/#breadcrumb","itemListElement":[{"@type":"ListItem","position":1,"name":"Po\u010detna stranica","item":"https:\/\/rapidomotosport.hr\/en\/"},{"@type":"ListItem","position":2,"name":"Shop","item":"https:\/\/rapidomotosport.hr\/en\/shop\/"},{"@type":"ListItem","position":3,"name":"BMW S 1000 RR \u00d6HLINS FGRT UPSIDE DOWN FRONT FORK ROAD &#038; TRACK 2008-2016"}]},{"@type":"WebSite","@id":"https:\/\/rapidomotosport.hr\/en\/#website","url":"https:\/\/rapidomotosport.hr\/en\/","name":"Rapido Motosport","description":"","potentialAction":[{"@type":"SearchAction","target":{"@type":"EntryPoint","urlTemplate":"https:\/\/rapidomotosport.hr\/en\/?s={search_term_string}"},"query-input":{"@type":"PropertyValueSpecification","valueRequired":true,"valueName":"search_term_string"}}],"inLanguage":"en-US"}]}},"_links":{"self":[{"href":"https:\/\/rapidomotosport.hr\/en\/wp-json\/wp\/v2\/product\/54749","targetHints":{"allow":["GET"]}}],"collection":[{"href":"https:\/\/rapidomotosport.hr\/en\/wp-json\/wp\/v2\/product"}],"about":[{"href":"https:\/\/rapidomotosport.hr\/en\/wp-json\/wp\/v2\/types\/product"}],"wp:featuredmedia":[{"embeddable":true,"href":"https:\/\/rapidomotosport.hr\/en\/wp-json\/wp\/v2\/media\/54750"}],"wp:attachment":[{"href":"https:\/\/rapidomotosport.hr\/en\/wp-json\/wp\/v2\/media?parent=54749"}],"wp:term":[{"taxonomy":"product_brand","embeddable":true,"href":"https:\/\/rapidomotosport.hr\/en\/wp-json\/wp\/v2\/product_brand?post=54749"},{"taxonomy":"product_cat","embeddable":true,"href":"https:\/\/rapidomotosport.hr\/en\/wp-json\/wp\/v2\/product_cat?post=54749"},{"taxonomy":"product_tag","embeddable":true,"href":"https:\/\/rapidomotosport.hr\/en\/wp-json\/wp\/v2\/product_tag?post=54749"}],"curies":[{"name":"wp","href":"https:\/\/api.w.org\/{rel}","templated":true}]}}