{"id":54799,"date":"2026-04-18T16:42:16","date_gmt":"2026-04-18T14:42:16","guid":{"rendered":"https:\/\/rapidomotosport.hr\/?post_type=product&#038;p=54799"},"modified":"2026-04-18T16:42:27","modified_gmt":"2026-04-18T14:42:27","slug":"cf-moto-800-mt-x-ohlins-fka-cartridge-kit-adventure-2025-2026","status":"publish","type":"product","link":"https:\/\/rapidomotosport.hr\/en\/proizvod\/cf-moto-800-mt-x-ohlins-fka-cartridge-kit-adventure-2025-2026\/","title":{"rendered":"CF MOTO 800 MT-X \u00d6HLINS FKA CARTRIDGE KIT ADVENTURE 2025-2026"},"content":{"rendered":"","protected":false},"excerpt":{"rendered":"<p>Preuzmite potpunu kontrolu nad svojom vo\u017enjom uz \u00d6hlins NIX 30 Adventure komplet patrona \u2013 izvrsnu nadogradnju prednjeg kraja za motocikle srednje veli\u010dine u adventure kategoriji. Temeljen na istoj tehnologiji kao i na\u0161i trka\u0107i patroni, NIX 30 Adventure izra\u0111en je da izdr\u017ei zahtjeve adventure vo\u017enje i pru\u017ei iznimne performanse bez \u010destog servisiranja. S odvojenim pode\u0161avanjem kompresije i povrata (rebound), mo\u017eete prilagoditi prednji kraj za optimalnu udobnost i upravljivost, bilo da vozite po zahtjevnim uskim stazama ili brzim makadamskim cestama.<\/p>\n<p>TEHNI\u010cKI PODACI<\/p>\n<p>Duljina: 921 mm<br \/>\nHod: 244 mm<br \/>\nPozicija: prednja<br \/>\nSerija opruga: 08433-series<br \/>\nPolo\u017eaj ugradnje: prednji<br \/>\nPreporu\u010deno ulje: 01309-01<br \/>\nRazina ulja: 80 mm<br \/>\nKoli\u010dina ulja: 620 ml<br \/>\nPakiranje: komplet<\/p>\n","protected":false},"featured_media":54800,"template":"","meta":[],"product_brand":[],"product_cat":[1254],"product_tag":[],"class_list":{"0":"post-54799","1":"product","2":"type-product","3":"status-publish","4":"has-post-thumbnail","6":"product_cat-amortizeri-za-motocikle","8":"first","9":"instock","10":"sale","11":"shipping-taxable","12":"purchasable","13":"product-type-simple"},"yoast_head":"<!-- This site is optimized with the Yoast SEO plugin v27.4 - https:\/\/yoast.com\/product\/yoast-seo-wordpress\/ -->\n<title>CF MOTO 800 MT-X \u00d6HLINS FKA CARTRIDGE KIT ADVENTURE 2025-2026 - Rapido Motosport<\/title>\n<meta name=\"robots\" content=\"index, follow, max-snippet:-1, max-image-preview:large, max-video-preview:-1\" \/>\n<link rel=\"canonical\" href=\"https:\/\/rapidomotosport.hr\/en\/proizvod\/cf-moto-800-mt-x-ohlins-fka-cartridge-kit-adventure-2025-2026\/\" \/>\n<meta property=\"og:locale\" content=\"en_US\" \/>\n<meta property=\"og:type\" content=\"article\" \/>\n<meta property=\"og:title\" content=\"CF MOTO 800 MT-X \u00d6HLINS FKA CARTRIDGE KIT ADVENTURE 2025-2026 - Rapido Motosport\" \/>\n<meta property=\"og:description\" content=\"Preuzmite potpunu kontrolu nad svojom vo\u017enjom uz \u00d6hlins NIX 30 Adventure komplet patrona \u2013 izvrsnu nadogradnju prednjeg kraja za motocikle srednje veli\u010dine u adventure kategoriji. Temeljen na istoj tehnologiji kao i na\u0161i trka\u0107i patroni, NIX 30 Adventure izra\u0111en je da izdr\u017ei zahtjeve adventure vo\u017enje i pru\u017ei iznimne performanse bez \u010destog servisiranja. S odvojenim pode\u0161avanjem kompresije i povrata (rebound), mo\u017eete prilagoditi prednji kraj za optimalnu udobnost i upravljivost, bilo da vozite po zahtjevnim uskim stazama ili brzim makadamskim cestama.  TEHNI\u010cKI PODACI  Duljina: 921 mm Hod: 244 mm Pozicija: prednja Serija opruga: 08433-series Polo\u017eaj ugradnje: prednji Preporu\u010deno ulje: 01309-01 Razina ulja: 80 mm Koli\u010dina ulja: 620 ml Pakiranje: komplet\" \/>\n<meta property=\"og:url\" content=\"https:\/\/rapidomotosport.hr\/en\/proizvod\/cf-moto-800-mt-x-ohlins-fka-cartridge-kit-adventure-2025-2026\/\" \/>\n<meta property=\"og:site_name\" content=\"Rapido Motosport\" \/>\n<meta property=\"article:modified_time\" content=\"2026-04-18T14:42:27+00:00\" \/>\n<meta property=\"og:image\" content=\"https:\/\/rapidomotosport.hr\/wp-content\/uploads\/2026\/04\/arbo-71.png\" \/>\n\t<meta property=\"og:image:width\" content=\"2048\" \/>\n\t<meta property=\"og:image:height\" content=\"1536\" \/>\n\t<meta property=\"og:image:type\" content=\"image\/png\" \/>\n<meta name=\"twitter:card\" content=\"summary_large_image\" \/>\n<meta name=\"twitter:label1\" content=\"Est. reading time\" \/>\n\t<meta name=\"twitter:data1\" content=\"1 minute\" \/>\n<script type=\"application\/ld+json\" class=\"yoast-schema-graph\">{\"@context\":\"https:\\\/\\\/schema.org\",\"@graph\":[{\"@type\":\"WebPage\",\"@id\":\"https:\\\/\\\/rapidomotosport.hr\\\/en\\\/proizvod\\\/cf-moto-800-mt-x-ohlins-fka-cartridge-kit-adventure-2025-2026\\\/\",\"url\":\"https:\\\/\\\/rapidomotosport.hr\\\/en\\\/proizvod\\\/cf-moto-800-mt-x-ohlins-fka-cartridge-kit-adventure-2025-2026\\\/\",\"name\":\"CF MOTO 800 MT-X \u00d6HLINS FKA CARTRIDGE KIT ADVENTURE 2025-2026 - Rapido Motosport\",\"isPartOf\":{\"@id\":\"https:\\\/\\\/rapidomotosport.hr\\\/en\\\/#website\"},\"primaryImageOfPage\":{\"@id\":\"https:\\\/\\\/rapidomotosport.hr\\\/en\\\/proizvod\\\/cf-moto-800-mt-x-ohlins-fka-cartridge-kit-adventure-2025-2026\\\/#primaryimage\"},\"image\":{\"@id\":\"https:\\\/\\\/rapidomotosport.hr\\\/en\\\/proizvod\\\/cf-moto-800-mt-x-ohlins-fka-cartridge-kit-adventure-2025-2026\\\/#primaryimage\"},\"thumbnailUrl\":\"https:\\\/\\\/rapidomotosport.hr\\\/wp-content\\\/uploads\\\/2026\\\/04\\\/arbo-71.png\",\"datePublished\":\"2026-04-18T14:42:16+00:00\",\"dateModified\":\"2026-04-18T14:42:27+00:00\",\"breadcrumb\":{\"@id\":\"https:\\\/\\\/rapidomotosport.hr\\\/en\\\/proizvod\\\/cf-moto-800-mt-x-ohlins-fka-cartridge-kit-adventure-2025-2026\\\/#breadcrumb\"},\"inLanguage\":\"en-US\",\"potentialAction\":[{\"@type\":\"ReadAction\",\"target\":[\"https:\\\/\\\/rapidomotosport.hr\\\/en\\\/proizvod\\\/cf-moto-800-mt-x-ohlins-fka-cartridge-kit-adventure-2025-2026\\\/\"]}]},{\"@type\":\"ImageObject\",\"inLanguage\":\"en-US\",\"@id\":\"https:\\\/\\\/rapidomotosport.hr\\\/en\\\/proizvod\\\/cf-moto-800-mt-x-ohlins-fka-cartridge-kit-adventure-2025-2026\\\/#primaryimage\",\"url\":\"https:\\\/\\\/rapidomotosport.hr\\\/wp-content\\\/uploads\\\/2026\\\/04\\\/arbo-71.png\",\"contentUrl\":\"https:\\\/\\\/rapidomotosport.hr\\\/wp-content\\\/uploads\\\/2026\\\/04\\\/arbo-71.png\",\"width\":2048,\"height\":1536},{\"@type\":\"BreadcrumbList\",\"@id\":\"https:\\\/\\\/rapidomotosport.hr\\\/en\\\/proizvod\\\/cf-moto-800-mt-x-ohlins-fka-cartridge-kit-adventure-2025-2026\\\/#breadcrumb\",\"itemListElement\":[{\"@type\":\"ListItem\",\"position\":1,\"name\":\"Po\u010detna stranica\",\"item\":\"https:\\\/\\\/rapidomotosport.hr\\\/en\\\/\"},{\"@type\":\"ListItem\",\"position\":2,\"name\":\"Shop\",\"item\":\"https:\\\/\\\/rapidomotosport.hr\\\/en\\\/shop\\\/\"},{\"@type\":\"ListItem\",\"position\":3,\"name\":\"CF MOTO 800 MT-X \u00d6HLINS FKA CARTRIDGE KIT ADVENTURE 2025-2026\"}]},{\"@type\":\"WebSite\",\"@id\":\"https:\\\/\\\/rapidomotosport.hr\\\/en\\\/#website\",\"url\":\"https:\\\/\\\/rapidomotosport.hr\\\/en\\\/\",\"name\":\"Rapido Motosport\",\"description\":\"\",\"potentialAction\":[{\"@type\":\"SearchAction\",\"target\":{\"@type\":\"EntryPoint\",\"urlTemplate\":\"https:\\\/\\\/rapidomotosport.hr\\\/en\\\/?s={search_term_string}\"},\"query-input\":{\"@type\":\"PropertyValueSpecification\",\"valueRequired\":true,\"valueName\":\"search_term_string\"}}],\"inLanguage\":\"en-US\"}]}<\/script>\n<!-- \/ Yoast SEO plugin. -->","yoast_head_json":{"title":"CF MOTO 800 MT-X \u00d6HLINS FKA CARTRIDGE KIT ADVENTURE 2025-2026 - Rapido Motosport","robots":{"index":"index","follow":"follow","max-snippet":"max-snippet:-1","max-image-preview":"max-image-preview:large","max-video-preview":"max-video-preview:-1"},"canonical":"https:\/\/rapidomotosport.hr\/en\/proizvod\/cf-moto-800-mt-x-ohlins-fka-cartridge-kit-adventure-2025-2026\/","og_locale":"en_US","og_type":"article","og_title":"CF MOTO 800 MT-X \u00d6HLINS FKA CARTRIDGE KIT ADVENTURE 2025-2026 - Rapido Motosport","og_description":"Preuzmite potpunu kontrolu nad svojom vo\u017enjom uz \u00d6hlins NIX 30 Adventure komplet patrona \u2013 izvrsnu nadogradnju prednjeg kraja za motocikle srednje veli\u010dine u adventure kategoriji. Temeljen na istoj tehnologiji kao i na\u0161i trka\u0107i patroni, NIX 30 Adventure izra\u0111en je da izdr\u017ei zahtjeve adventure vo\u017enje i pru\u017ei iznimne performanse bez \u010destog servisiranja. S odvojenim pode\u0161avanjem kompresije i povrata (rebound), mo\u017eete prilagoditi prednji kraj za optimalnu udobnost i upravljivost, bilo da vozite po zahtjevnim uskim stazama ili brzim makadamskim cestama.  TEHNI\u010cKI PODACI  Duljina: 921 mm Hod: 244 mm Pozicija: prednja Serija opruga: 08433-series Polo\u017eaj ugradnje: prednji Preporu\u010deno ulje: 01309-01 Razina ulja: 80 mm Koli\u010dina ulja: 620 ml Pakiranje: komplet","og_url":"https:\/\/rapidomotosport.hr\/en\/proizvod\/cf-moto-800-mt-x-ohlins-fka-cartridge-kit-adventure-2025-2026\/","og_site_name":"Rapido Motosport","article_modified_time":"2026-04-18T14:42:27+00:00","og_image":[{"width":2048,"height":1536,"url":"https:\/\/rapidomotosport.hr\/wp-content\/uploads\/2026\/04\/arbo-71.png","type":"image\/png"}],"twitter_card":"summary_large_image","twitter_misc":{"Est. reading time":"1 minute"},"schema":{"@context":"https:\/\/schema.org","@graph":[{"@type":"WebPage","@id":"https:\/\/rapidomotosport.hr\/en\/proizvod\/cf-moto-800-mt-x-ohlins-fka-cartridge-kit-adventure-2025-2026\/","url":"https:\/\/rapidomotosport.hr\/en\/proizvod\/cf-moto-800-mt-x-ohlins-fka-cartridge-kit-adventure-2025-2026\/","name":"CF MOTO 800 MT-X \u00d6HLINS FKA CARTRIDGE KIT ADVENTURE 2025-2026 - Rapido Motosport","isPartOf":{"@id":"https:\/\/rapidomotosport.hr\/en\/#website"},"primaryImageOfPage":{"@id":"https:\/\/rapidomotosport.hr\/en\/proizvod\/cf-moto-800-mt-x-ohlins-fka-cartridge-kit-adventure-2025-2026\/#primaryimage"},"image":{"@id":"https:\/\/rapidomotosport.hr\/en\/proizvod\/cf-moto-800-mt-x-ohlins-fka-cartridge-kit-adventure-2025-2026\/#primaryimage"},"thumbnailUrl":"https:\/\/rapidomotosport.hr\/wp-content\/uploads\/2026\/04\/arbo-71.png","datePublished":"2026-04-18T14:42:16+00:00","dateModified":"2026-04-18T14:42:27+00:00","breadcrumb":{"@id":"https:\/\/rapidomotosport.hr\/en\/proizvod\/cf-moto-800-mt-x-ohlins-fka-cartridge-kit-adventure-2025-2026\/#breadcrumb"},"inLanguage":"en-US","potentialAction":[{"@type":"ReadAction","target":["https:\/\/rapidomotosport.hr\/en\/proizvod\/cf-moto-800-mt-x-ohlins-fka-cartridge-kit-adventure-2025-2026\/"]}]},{"@type":"ImageObject","inLanguage":"en-US","@id":"https:\/\/rapidomotosport.hr\/en\/proizvod\/cf-moto-800-mt-x-ohlins-fka-cartridge-kit-adventure-2025-2026\/#primaryimage","url":"https:\/\/rapidomotosport.hr\/wp-content\/uploads\/2026\/04\/arbo-71.png","contentUrl":"https:\/\/rapidomotosport.hr\/wp-content\/uploads\/2026\/04\/arbo-71.png","width":2048,"height":1536},{"@type":"BreadcrumbList","@id":"https:\/\/rapidomotosport.hr\/en\/proizvod\/cf-moto-800-mt-x-ohlins-fka-cartridge-kit-adventure-2025-2026\/#breadcrumb","itemListElement":[{"@type":"ListItem","position":1,"name":"Po\u010detna stranica","item":"https:\/\/rapidomotosport.hr\/en\/"},{"@type":"ListItem","position":2,"name":"Shop","item":"https:\/\/rapidomotosport.hr\/en\/shop\/"},{"@type":"ListItem","position":3,"name":"CF MOTO 800 MT-X \u00d6HLINS FKA CARTRIDGE KIT ADVENTURE 2025-2026"}]},{"@type":"WebSite","@id":"https:\/\/rapidomotosport.hr\/en\/#website","url":"https:\/\/rapidomotosport.hr\/en\/","name":"Rapido Motosport","description":"","potentialAction":[{"@type":"SearchAction","target":{"@type":"EntryPoint","urlTemplate":"https:\/\/rapidomotosport.hr\/en\/?s={search_term_string}"},"query-input":{"@type":"PropertyValueSpecification","valueRequired":true,"valueName":"search_term_string"}}],"inLanguage":"en-US"}]}},"_links":{"self":[{"href":"https:\/\/rapidomotosport.hr\/en\/wp-json\/wp\/v2\/product\/54799","targetHints":{"allow":["GET"]}}],"collection":[{"href":"https:\/\/rapidomotosport.hr\/en\/wp-json\/wp\/v2\/product"}],"about":[{"href":"https:\/\/rapidomotosport.hr\/en\/wp-json\/wp\/v2\/types\/product"}],"wp:featuredmedia":[{"embeddable":true,"href":"https:\/\/rapidomotosport.hr\/en\/wp-json\/wp\/v2\/media\/54800"}],"wp:attachment":[{"href":"https:\/\/rapidomotosport.hr\/en\/wp-json\/wp\/v2\/media?parent=54799"}],"wp:term":[{"taxonomy":"product_brand","embeddable":true,"href":"https:\/\/rapidomotosport.hr\/en\/wp-json\/wp\/v2\/product_brand?post=54799"},{"taxonomy":"product_cat","embeddable":true,"href":"https:\/\/rapidomotosport.hr\/en\/wp-json\/wp\/v2\/product_cat?post=54799"},{"taxonomy":"product_tag","embeddable":true,"href":"https:\/\/rapidomotosport.hr\/en\/wp-json\/wp\/v2\/product_tag?post=54799"}],"curies":[{"name":"wp","href":"https:\/\/api.w.org\/{rel}","templated":true}]}}