{"id":54850,"date":"2026-04-18T19:35:40","date_gmt":"2026-04-18T17:35:40","guid":{"rendered":"https:\/\/rapidomotosport.hr\/?post_type=product&#038;p=54850"},"modified":"2026-04-18T19:37:56","modified_gmt":"2026-04-18T17:37:56","slug":"honda-cb-1000-r-ohlins-stx-46-street-shock-absorber-2018-2021","status":"publish","type":"product","link":"https:\/\/rapidomotosport.hr\/en\/proizvod\/honda-cb-1000-r-ohlins-stx-46-street-shock-absorber-2018-2021\/","title":{"rendered":"HONDA CB 1000 R \u00d6HLINS STX 46 STREET SHOCK ABSORBER 2018-2021"},"content":{"rendered":"","protected":false},"excerpt":{"rendered":"<p>S na\u0161im provjerenim monotube dizajnom, STX 46 amortizeri postavljaju standard u performansama, kvaliteti i izdr\u017eljivosti. Kao osnovni model na\u0161e Street Performance linije, \u00d6hlins STX 46 Street predstavlja zna\u010dajnu nadogradnju performansi za va\u0161 motocikl.<\/p>\n<p>TEHNI\u010cKI PODACI<\/p>\n<p>Duljina: 309,5 mm<br \/>\nHod: 49,5 mm<br \/>\nKrutost N\/mm: 160 N\/mm<br \/>\nUgra\u0111ena opruga: 01092-64<\/p>\n","protected":false},"featured_media":54851,"template":"","meta":[],"product_brand":[],"product_cat":[1254],"product_tag":[],"class_list":{"0":"post-54850","1":"product","2":"type-product","3":"status-publish","4":"has-post-thumbnail","6":"product_cat-amortizeri-za-motocikle","8":"first","9":"instock","10":"sale","11":"shipping-taxable","12":"purchasable","13":"product-type-simple"},"yoast_head":"<!-- This site is optimized with the Yoast SEO plugin v27.4 - https:\/\/yoast.com\/product\/yoast-seo-wordpress\/ -->\n<title>HONDA CB 1000 R \u00d6HLINS STX 46 STREET SHOCK ABSORBER 2018-2021 - Rapido Motosport<\/title>\n<meta name=\"robots\" content=\"index, follow, max-snippet:-1, max-image-preview:large, max-video-preview:-1\" \/>\n<link rel=\"canonical\" href=\"https:\/\/rapidomotosport.hr\/en\/proizvod\/honda-cb-1000-r-ohlins-stx-46-street-shock-absorber-2018-2021\/\" \/>\n<meta property=\"og:locale\" content=\"en_US\" \/>\n<meta property=\"og:type\" content=\"article\" \/>\n<meta property=\"og:title\" content=\"HONDA CB 1000 R \u00d6HLINS STX 46 STREET SHOCK ABSORBER 2018-2021 - Rapido Motosport\" \/>\n<meta property=\"og:description\" content=\"S na\u0161im provjerenim monotube dizajnom, STX 46 amortizeri postavljaju standard u performansama, kvaliteti i izdr\u017eljivosti. Kao osnovni model na\u0161e Street Performance linije, \u00d6hlins STX 46 Street predstavlja zna\u010dajnu nadogradnju performansi za va\u0161 motocikl.  TEHNI\u010cKI PODACI  Duljina: 309,5 mm Hod: 49,5 mm Krutost N\/mm: 160 N\/mm Ugra\u0111ena opruga: 01092-64\" \/>\n<meta property=\"og:url\" content=\"https:\/\/rapidomotosport.hr\/en\/proizvod\/honda-cb-1000-r-ohlins-stx-46-street-shock-absorber-2018-2021\/\" \/>\n<meta property=\"og:site_name\" content=\"Rapido Motosport\" \/>\n<meta property=\"article:modified_time\" content=\"2026-04-18T17:37:56+00:00\" \/>\n<meta property=\"og:image\" content=\"https:\/\/rapidomotosport.hr\/wp-content\/uploads\/2026\/04\/arbo-76.png\" \/>\n\t<meta property=\"og:image:width\" content=\"2048\" \/>\n\t<meta property=\"og:image:height\" content=\"1536\" \/>\n\t<meta property=\"og:image:type\" content=\"image\/png\" \/>\n<meta name=\"twitter:card\" content=\"summary_large_image\" \/>\n<script type=\"application\/ld+json\" class=\"yoast-schema-graph\">{\"@context\":\"https:\\\/\\\/schema.org\",\"@graph\":[{\"@type\":\"WebPage\",\"@id\":\"https:\\\/\\\/rapidomotosport.hr\\\/en\\\/proizvod\\\/honda-cb-1000-r-ohlins-stx-46-street-shock-absorber-2018-2021\\\/\",\"url\":\"https:\\\/\\\/rapidomotosport.hr\\\/en\\\/proizvod\\\/honda-cb-1000-r-ohlins-stx-46-street-shock-absorber-2018-2021\\\/\",\"name\":\"HONDA CB 1000 R \u00d6HLINS STX 46 STREET SHOCK ABSORBER 2018-2021 - Rapido Motosport\",\"isPartOf\":{\"@id\":\"https:\\\/\\\/rapidomotosport.hr\\\/en\\\/#website\"},\"primaryImageOfPage\":{\"@id\":\"https:\\\/\\\/rapidomotosport.hr\\\/en\\\/proizvod\\\/honda-cb-1000-r-ohlins-stx-46-street-shock-absorber-2018-2021\\\/#primaryimage\"},\"image\":{\"@id\":\"https:\\\/\\\/rapidomotosport.hr\\\/en\\\/proizvod\\\/honda-cb-1000-r-ohlins-stx-46-street-shock-absorber-2018-2021\\\/#primaryimage\"},\"thumbnailUrl\":\"https:\\\/\\\/rapidomotosport.hr\\\/wp-content\\\/uploads\\\/2026\\\/04\\\/arbo-76.png\",\"datePublished\":\"2026-04-18T17:35:40+00:00\",\"dateModified\":\"2026-04-18T17:37:56+00:00\",\"breadcrumb\":{\"@id\":\"https:\\\/\\\/rapidomotosport.hr\\\/en\\\/proizvod\\\/honda-cb-1000-r-ohlins-stx-46-street-shock-absorber-2018-2021\\\/#breadcrumb\"},\"inLanguage\":\"en-US\",\"potentialAction\":[{\"@type\":\"ReadAction\",\"target\":[\"https:\\\/\\\/rapidomotosport.hr\\\/en\\\/proizvod\\\/honda-cb-1000-r-ohlins-stx-46-street-shock-absorber-2018-2021\\\/\"]}]},{\"@type\":\"ImageObject\",\"inLanguage\":\"en-US\",\"@id\":\"https:\\\/\\\/rapidomotosport.hr\\\/en\\\/proizvod\\\/honda-cb-1000-r-ohlins-stx-46-street-shock-absorber-2018-2021\\\/#primaryimage\",\"url\":\"https:\\\/\\\/rapidomotosport.hr\\\/wp-content\\\/uploads\\\/2026\\\/04\\\/arbo-76.png\",\"contentUrl\":\"https:\\\/\\\/rapidomotosport.hr\\\/wp-content\\\/uploads\\\/2026\\\/04\\\/arbo-76.png\",\"width\":2048,\"height\":1536},{\"@type\":\"BreadcrumbList\",\"@id\":\"https:\\\/\\\/rapidomotosport.hr\\\/en\\\/proizvod\\\/honda-cb-1000-r-ohlins-stx-46-street-shock-absorber-2018-2021\\\/#breadcrumb\",\"itemListElement\":[{\"@type\":\"ListItem\",\"position\":1,\"name\":\"Po\u010detna stranica\",\"item\":\"https:\\\/\\\/rapidomotosport.hr\\\/en\\\/\"},{\"@type\":\"ListItem\",\"position\":2,\"name\":\"Shop\",\"item\":\"https:\\\/\\\/rapidomotosport.hr\\\/en\\\/shop\\\/\"},{\"@type\":\"ListItem\",\"position\":3,\"name\":\"HONDA CB 1000 R \u00d6HLINS STX 46 STREET SHOCK ABSORBER 2018-2021\"}]},{\"@type\":\"WebSite\",\"@id\":\"https:\\\/\\\/rapidomotosport.hr\\\/en\\\/#website\",\"url\":\"https:\\\/\\\/rapidomotosport.hr\\\/en\\\/\",\"name\":\"Rapido Motosport\",\"description\":\"\",\"potentialAction\":[{\"@type\":\"SearchAction\",\"target\":{\"@type\":\"EntryPoint\",\"urlTemplate\":\"https:\\\/\\\/rapidomotosport.hr\\\/en\\\/?s={search_term_string}\"},\"query-input\":{\"@type\":\"PropertyValueSpecification\",\"valueRequired\":true,\"valueName\":\"search_term_string\"}}],\"inLanguage\":\"en-US\"}]}<\/script>\n<!-- \/ Yoast SEO plugin. -->","yoast_head_json":{"title":"HONDA CB 1000 R \u00d6HLINS STX 46 STREET SHOCK ABSORBER 2018-2021 - Rapido Motosport","robots":{"index":"index","follow":"follow","max-snippet":"max-snippet:-1","max-image-preview":"max-image-preview:large","max-video-preview":"max-video-preview:-1"},"canonical":"https:\/\/rapidomotosport.hr\/en\/proizvod\/honda-cb-1000-r-ohlins-stx-46-street-shock-absorber-2018-2021\/","og_locale":"en_US","og_type":"article","og_title":"HONDA CB 1000 R \u00d6HLINS STX 46 STREET SHOCK ABSORBER 2018-2021 - Rapido Motosport","og_description":"S na\u0161im provjerenim monotube dizajnom, STX 46 amortizeri postavljaju standard u performansama, kvaliteti i izdr\u017eljivosti. Kao osnovni model na\u0161e Street Performance linije, \u00d6hlins STX 46 Street predstavlja zna\u010dajnu nadogradnju performansi za va\u0161 motocikl.  TEHNI\u010cKI PODACI  Duljina: 309,5 mm Hod: 49,5 mm Krutost N\/mm: 160 N\/mm Ugra\u0111ena opruga: 01092-64","og_url":"https:\/\/rapidomotosport.hr\/en\/proizvod\/honda-cb-1000-r-ohlins-stx-46-street-shock-absorber-2018-2021\/","og_site_name":"Rapido Motosport","article_modified_time":"2026-04-18T17:37:56+00:00","og_image":[{"width":2048,"height":1536,"url":"https:\/\/rapidomotosport.hr\/wp-content\/uploads\/2026\/04\/arbo-76.png","type":"image\/png"}],"twitter_card":"summary_large_image","schema":{"@context":"https:\/\/schema.org","@graph":[{"@type":"WebPage","@id":"https:\/\/rapidomotosport.hr\/en\/proizvod\/honda-cb-1000-r-ohlins-stx-46-street-shock-absorber-2018-2021\/","url":"https:\/\/rapidomotosport.hr\/en\/proizvod\/honda-cb-1000-r-ohlins-stx-46-street-shock-absorber-2018-2021\/","name":"HONDA CB 1000 R \u00d6HLINS STX 46 STREET SHOCK ABSORBER 2018-2021 - Rapido Motosport","isPartOf":{"@id":"https:\/\/rapidomotosport.hr\/en\/#website"},"primaryImageOfPage":{"@id":"https:\/\/rapidomotosport.hr\/en\/proizvod\/honda-cb-1000-r-ohlins-stx-46-street-shock-absorber-2018-2021\/#primaryimage"},"image":{"@id":"https:\/\/rapidomotosport.hr\/en\/proizvod\/honda-cb-1000-r-ohlins-stx-46-street-shock-absorber-2018-2021\/#primaryimage"},"thumbnailUrl":"https:\/\/rapidomotosport.hr\/wp-content\/uploads\/2026\/04\/arbo-76.png","datePublished":"2026-04-18T17:35:40+00:00","dateModified":"2026-04-18T17:37:56+00:00","breadcrumb":{"@id":"https:\/\/rapidomotosport.hr\/en\/proizvod\/honda-cb-1000-r-ohlins-stx-46-street-shock-absorber-2018-2021\/#breadcrumb"},"inLanguage":"en-US","potentialAction":[{"@type":"ReadAction","target":["https:\/\/rapidomotosport.hr\/en\/proizvod\/honda-cb-1000-r-ohlins-stx-46-street-shock-absorber-2018-2021\/"]}]},{"@type":"ImageObject","inLanguage":"en-US","@id":"https:\/\/rapidomotosport.hr\/en\/proizvod\/honda-cb-1000-r-ohlins-stx-46-street-shock-absorber-2018-2021\/#primaryimage","url":"https:\/\/rapidomotosport.hr\/wp-content\/uploads\/2026\/04\/arbo-76.png","contentUrl":"https:\/\/rapidomotosport.hr\/wp-content\/uploads\/2026\/04\/arbo-76.png","width":2048,"height":1536},{"@type":"BreadcrumbList","@id":"https:\/\/rapidomotosport.hr\/en\/proizvod\/honda-cb-1000-r-ohlins-stx-46-street-shock-absorber-2018-2021\/#breadcrumb","itemListElement":[{"@type":"ListItem","position":1,"name":"Po\u010detna stranica","item":"https:\/\/rapidomotosport.hr\/en\/"},{"@type":"ListItem","position":2,"name":"Shop","item":"https:\/\/rapidomotosport.hr\/en\/shop\/"},{"@type":"ListItem","position":3,"name":"HONDA CB 1000 R \u00d6HLINS STX 46 STREET SHOCK ABSORBER 2018-2021"}]},{"@type":"WebSite","@id":"https:\/\/rapidomotosport.hr\/en\/#website","url":"https:\/\/rapidomotosport.hr\/en\/","name":"Rapido Motosport","description":"","potentialAction":[{"@type":"SearchAction","target":{"@type":"EntryPoint","urlTemplate":"https:\/\/rapidomotosport.hr\/en\/?s={search_term_string}"},"query-input":{"@type":"PropertyValueSpecification","valueRequired":true,"valueName":"search_term_string"}}],"inLanguage":"en-US"}]}},"_links":{"self":[{"href":"https:\/\/rapidomotosport.hr\/en\/wp-json\/wp\/v2\/product\/54850","targetHints":{"allow":["GET"]}}],"collection":[{"href":"https:\/\/rapidomotosport.hr\/en\/wp-json\/wp\/v2\/product"}],"about":[{"href":"https:\/\/rapidomotosport.hr\/en\/wp-json\/wp\/v2\/types\/product"}],"wp:featuredmedia":[{"embeddable":true,"href":"https:\/\/rapidomotosport.hr\/en\/wp-json\/wp\/v2\/media\/54851"}],"wp:attachment":[{"href":"https:\/\/rapidomotosport.hr\/en\/wp-json\/wp\/v2\/media?parent=54850"}],"wp:term":[{"taxonomy":"product_brand","embeddable":true,"href":"https:\/\/rapidomotosport.hr\/en\/wp-json\/wp\/v2\/product_brand?post=54850"},{"taxonomy":"product_cat","embeddable":true,"href":"https:\/\/rapidomotosport.hr\/en\/wp-json\/wp\/v2\/product_cat?post=54850"},{"taxonomy":"product_tag","embeddable":true,"href":"https:\/\/rapidomotosport.hr\/en\/wp-json\/wp\/v2\/product_tag?post=54850"}],"curies":[{"name":"wp","href":"https:\/\/api.w.org\/{rel}","templated":true}]}}