{"id":54856,"date":"2026-04-18T21:39:14","date_gmt":"2026-04-18T19:39:14","guid":{"rendered":"https:\/\/rapidomotosport.hr\/?post_type=product&#038;p=54856"},"modified":"2026-04-18T21:45:09","modified_gmt":"2026-04-18T19:45:09","slug":"honda-cb-500-x-ohlins-fsk-fork-spring-kit-road-track-2013-2018","status":"publish","type":"product","link":"https:\/\/rapidomotosport.hr\/en\/proizvod\/honda-cb-500-x-ohlins-fsk-fork-spring-kit-road-track-2013-2018\/","title":{"rendered":"HONDA CB 500 X \u00d6HLINS FSK FORK SPRING KIT ROAD &#038; TRACK 2019-2020"},"content":{"rendered":"","protected":false},"excerpt":{"rendered":"<p>Ovaj komplet za nadogradnju prednjih vilica sadr\u017ei opruge vilice, a za neke motocikle i gornje \u010depove s regulatorom prednaprezanja opruge koji dodaje dodatnu funkcionalnost i performanse standardnoj vilici (pogledati upute za monta\u017eu kako biste provjerili jesu li gornji \u010depovi podesivi ili ne).<\/p>\n<p>TEHNI\u010cKI PODACI<\/p>\n<p>Krutost N\/mm: 8.5 N\/mm<br \/>\nUgra\u0111ena opruga: 68027-85<br \/>\nPreporu\u010deno ulje: 01314-01<br \/>\nRazina ulja: 170 mm<br \/>\nPakiranje: komplet<\/p>\n","protected":false},"featured_media":54857,"template":"","meta":[],"product_brand":[],"product_cat":[1254],"product_tag":[],"class_list":{"0":"post-54856","1":"product","2":"type-product","3":"status-publish","4":"has-post-thumbnail","6":"product_cat-amortizeri-za-motocikle","8":"first","9":"instock","10":"sale","11":"shipping-taxable","12":"purchasable","13":"product-type-simple"},"yoast_head":"<!-- This site is optimized with the Yoast SEO plugin v27.4 - https:\/\/yoast.com\/product\/yoast-seo-wordpress\/ -->\n<title>HONDA CB 500 X \u00d6HLINS FSK FORK SPRING KIT ROAD &amp; TRACK 2019-2020 - Rapido Motosport<\/title>\n<meta name=\"robots\" content=\"index, follow, max-snippet:-1, max-image-preview:large, max-video-preview:-1\" \/>\n<link rel=\"canonical\" href=\"https:\/\/rapidomotosport.hr\/en\/proizvod\/honda-cb-500-x-ohlins-fsk-fork-spring-kit-road-track-2013-2018\/\" \/>\n<meta property=\"og:locale\" content=\"en_US\" \/>\n<meta property=\"og:type\" content=\"article\" \/>\n<meta property=\"og:title\" content=\"HONDA CB 500 X \u00d6HLINS FSK FORK SPRING KIT ROAD &amp; TRACK 2019-2020 - Rapido Motosport\" \/>\n<meta property=\"og:description\" content=\"Ovaj komplet za nadogradnju prednjih vilica sadr\u017ei opruge vilice, a za neke motocikle i gornje \u010depove s regulatorom prednaprezanja opruge koji dodaje dodatnu funkcionalnost i performanse standardnoj vilici (pogledati upute za monta\u017eu kako biste provjerili jesu li gornji \u010depovi podesivi ili ne).  TEHNI\u010cKI PODACI  Krutost N\/mm: 8.5 N\/mm Ugra\u0111ena opruga: 68027-85 Preporu\u010deno ulje: 01314-01 Razina ulja: 170 mm Pakiranje: komplet\" \/>\n<meta property=\"og:url\" content=\"https:\/\/rapidomotosport.hr\/en\/proizvod\/honda-cb-500-x-ohlins-fsk-fork-spring-kit-road-track-2013-2018\/\" \/>\n<meta property=\"og:site_name\" content=\"Rapido Motosport\" \/>\n<meta property=\"article:modified_time\" content=\"2026-04-18T19:45:09+00:00\" \/>\n<meta property=\"og:image\" content=\"https:\/\/rapidomotosport.hr\/wp-content\/uploads\/2026\/04\/arbo-77.png\" \/>\n\t<meta property=\"og:image:width\" content=\"2048\" \/>\n\t<meta property=\"og:image:height\" content=\"1536\" \/>\n\t<meta property=\"og:image:type\" content=\"image\/png\" \/>\n<meta name=\"twitter:card\" content=\"summary_large_image\" \/>\n<meta name=\"twitter:label1\" content=\"Est. reading time\" \/>\n\t<meta name=\"twitter:data1\" content=\"1 minute\" \/>\n<script type=\"application\/ld+json\" class=\"yoast-schema-graph\">{\"@context\":\"https:\\\/\\\/schema.org\",\"@graph\":[{\"@type\":\"WebPage\",\"@id\":\"https:\\\/\\\/rapidomotosport.hr\\\/en\\\/proizvod\\\/honda-cb-500-x-ohlins-fsk-fork-spring-kit-road-track-2013-2018\\\/\",\"url\":\"https:\\\/\\\/rapidomotosport.hr\\\/en\\\/proizvod\\\/honda-cb-500-x-ohlins-fsk-fork-spring-kit-road-track-2013-2018\\\/\",\"name\":\"HONDA CB 500 X \u00d6HLINS FSK FORK SPRING KIT ROAD & TRACK 2019-2020 - Rapido Motosport\",\"isPartOf\":{\"@id\":\"https:\\\/\\\/rapidomotosport.hr\\\/en\\\/#website\"},\"primaryImageOfPage\":{\"@id\":\"https:\\\/\\\/rapidomotosport.hr\\\/en\\\/proizvod\\\/honda-cb-500-x-ohlins-fsk-fork-spring-kit-road-track-2013-2018\\\/#primaryimage\"},\"image\":{\"@id\":\"https:\\\/\\\/rapidomotosport.hr\\\/en\\\/proizvod\\\/honda-cb-500-x-ohlins-fsk-fork-spring-kit-road-track-2013-2018\\\/#primaryimage\"},\"thumbnailUrl\":\"https:\\\/\\\/rapidomotosport.hr\\\/wp-content\\\/uploads\\\/2026\\\/04\\\/arbo-77.png\",\"datePublished\":\"2026-04-18T19:39:14+00:00\",\"dateModified\":\"2026-04-18T19:45:09+00:00\",\"breadcrumb\":{\"@id\":\"https:\\\/\\\/rapidomotosport.hr\\\/en\\\/proizvod\\\/honda-cb-500-x-ohlins-fsk-fork-spring-kit-road-track-2013-2018\\\/#breadcrumb\"},\"inLanguage\":\"en-US\",\"potentialAction\":[{\"@type\":\"ReadAction\",\"target\":[\"https:\\\/\\\/rapidomotosport.hr\\\/en\\\/proizvod\\\/honda-cb-500-x-ohlins-fsk-fork-spring-kit-road-track-2013-2018\\\/\"]}]},{\"@type\":\"ImageObject\",\"inLanguage\":\"en-US\",\"@id\":\"https:\\\/\\\/rapidomotosport.hr\\\/en\\\/proizvod\\\/honda-cb-500-x-ohlins-fsk-fork-spring-kit-road-track-2013-2018\\\/#primaryimage\",\"url\":\"https:\\\/\\\/rapidomotosport.hr\\\/wp-content\\\/uploads\\\/2026\\\/04\\\/arbo-77.png\",\"contentUrl\":\"https:\\\/\\\/rapidomotosport.hr\\\/wp-content\\\/uploads\\\/2026\\\/04\\\/arbo-77.png\",\"width\":2048,\"height\":1536},{\"@type\":\"BreadcrumbList\",\"@id\":\"https:\\\/\\\/rapidomotosport.hr\\\/en\\\/proizvod\\\/honda-cb-500-x-ohlins-fsk-fork-spring-kit-road-track-2013-2018\\\/#breadcrumb\",\"itemListElement\":[{\"@type\":\"ListItem\",\"position\":1,\"name\":\"Po\u010detna stranica\",\"item\":\"https:\\\/\\\/rapidomotosport.hr\\\/en\\\/\"},{\"@type\":\"ListItem\",\"position\":2,\"name\":\"Shop\",\"item\":\"https:\\\/\\\/rapidomotosport.hr\\\/en\\\/shop\\\/\"},{\"@type\":\"ListItem\",\"position\":3,\"name\":\"HONDA CB 500 X \u00d6HLINS FSK FORK SPRING KIT ROAD &#038; TRACK 2019-2020\"}]},{\"@type\":\"WebSite\",\"@id\":\"https:\\\/\\\/rapidomotosport.hr\\\/en\\\/#website\",\"url\":\"https:\\\/\\\/rapidomotosport.hr\\\/en\\\/\",\"name\":\"Rapido Motosport\",\"description\":\"\",\"potentialAction\":[{\"@type\":\"SearchAction\",\"target\":{\"@type\":\"EntryPoint\",\"urlTemplate\":\"https:\\\/\\\/rapidomotosport.hr\\\/en\\\/?s={search_term_string}\"},\"query-input\":{\"@type\":\"PropertyValueSpecification\",\"valueRequired\":true,\"valueName\":\"search_term_string\"}}],\"inLanguage\":\"en-US\"}]}<\/script>\n<!-- \/ Yoast SEO plugin. -->","yoast_head_json":{"title":"HONDA CB 500 X \u00d6HLINS FSK FORK SPRING KIT ROAD & TRACK 2019-2020 - Rapido Motosport","robots":{"index":"index","follow":"follow","max-snippet":"max-snippet:-1","max-image-preview":"max-image-preview:large","max-video-preview":"max-video-preview:-1"},"canonical":"https:\/\/rapidomotosport.hr\/en\/proizvod\/honda-cb-500-x-ohlins-fsk-fork-spring-kit-road-track-2013-2018\/","og_locale":"en_US","og_type":"article","og_title":"HONDA CB 500 X \u00d6HLINS FSK FORK SPRING KIT ROAD & TRACK 2019-2020 - Rapido Motosport","og_description":"Ovaj komplet za nadogradnju prednjih vilica sadr\u017ei opruge vilice, a za neke motocikle i gornje \u010depove s regulatorom prednaprezanja opruge koji dodaje dodatnu funkcionalnost i performanse standardnoj vilici (pogledati upute za monta\u017eu kako biste provjerili jesu li gornji \u010depovi podesivi ili ne).  TEHNI\u010cKI PODACI  Krutost N\/mm: 8.5 N\/mm Ugra\u0111ena opruga: 68027-85 Preporu\u010deno ulje: 01314-01 Razina ulja: 170 mm Pakiranje: komplet","og_url":"https:\/\/rapidomotosport.hr\/en\/proizvod\/honda-cb-500-x-ohlins-fsk-fork-spring-kit-road-track-2013-2018\/","og_site_name":"Rapido Motosport","article_modified_time":"2026-04-18T19:45:09+00:00","og_image":[{"width":2048,"height":1536,"url":"https:\/\/rapidomotosport.hr\/wp-content\/uploads\/2026\/04\/arbo-77.png","type":"image\/png"}],"twitter_card":"summary_large_image","twitter_misc":{"Est. reading time":"1 minute"},"schema":{"@context":"https:\/\/schema.org","@graph":[{"@type":"WebPage","@id":"https:\/\/rapidomotosport.hr\/en\/proizvod\/honda-cb-500-x-ohlins-fsk-fork-spring-kit-road-track-2013-2018\/","url":"https:\/\/rapidomotosport.hr\/en\/proizvod\/honda-cb-500-x-ohlins-fsk-fork-spring-kit-road-track-2013-2018\/","name":"HONDA CB 500 X \u00d6HLINS FSK FORK SPRING KIT ROAD & TRACK 2019-2020 - Rapido Motosport","isPartOf":{"@id":"https:\/\/rapidomotosport.hr\/en\/#website"},"primaryImageOfPage":{"@id":"https:\/\/rapidomotosport.hr\/en\/proizvod\/honda-cb-500-x-ohlins-fsk-fork-spring-kit-road-track-2013-2018\/#primaryimage"},"image":{"@id":"https:\/\/rapidomotosport.hr\/en\/proizvod\/honda-cb-500-x-ohlins-fsk-fork-spring-kit-road-track-2013-2018\/#primaryimage"},"thumbnailUrl":"https:\/\/rapidomotosport.hr\/wp-content\/uploads\/2026\/04\/arbo-77.png","datePublished":"2026-04-18T19:39:14+00:00","dateModified":"2026-04-18T19:45:09+00:00","breadcrumb":{"@id":"https:\/\/rapidomotosport.hr\/en\/proizvod\/honda-cb-500-x-ohlins-fsk-fork-spring-kit-road-track-2013-2018\/#breadcrumb"},"inLanguage":"en-US","potentialAction":[{"@type":"ReadAction","target":["https:\/\/rapidomotosport.hr\/en\/proizvod\/honda-cb-500-x-ohlins-fsk-fork-spring-kit-road-track-2013-2018\/"]}]},{"@type":"ImageObject","inLanguage":"en-US","@id":"https:\/\/rapidomotosport.hr\/en\/proizvod\/honda-cb-500-x-ohlins-fsk-fork-spring-kit-road-track-2013-2018\/#primaryimage","url":"https:\/\/rapidomotosport.hr\/wp-content\/uploads\/2026\/04\/arbo-77.png","contentUrl":"https:\/\/rapidomotosport.hr\/wp-content\/uploads\/2026\/04\/arbo-77.png","width":2048,"height":1536},{"@type":"BreadcrumbList","@id":"https:\/\/rapidomotosport.hr\/en\/proizvod\/honda-cb-500-x-ohlins-fsk-fork-spring-kit-road-track-2013-2018\/#breadcrumb","itemListElement":[{"@type":"ListItem","position":1,"name":"Po\u010detna stranica","item":"https:\/\/rapidomotosport.hr\/en\/"},{"@type":"ListItem","position":2,"name":"Shop","item":"https:\/\/rapidomotosport.hr\/en\/shop\/"},{"@type":"ListItem","position":3,"name":"HONDA CB 500 X \u00d6HLINS FSK FORK SPRING KIT ROAD &#038; TRACK 2019-2020"}]},{"@type":"WebSite","@id":"https:\/\/rapidomotosport.hr\/en\/#website","url":"https:\/\/rapidomotosport.hr\/en\/","name":"Rapido Motosport","description":"","potentialAction":[{"@type":"SearchAction","target":{"@type":"EntryPoint","urlTemplate":"https:\/\/rapidomotosport.hr\/en\/?s={search_term_string}"},"query-input":{"@type":"PropertyValueSpecification","valueRequired":true,"valueName":"search_term_string"}}],"inLanguage":"en-US"}]}},"_links":{"self":[{"href":"https:\/\/rapidomotosport.hr\/en\/wp-json\/wp\/v2\/product\/54856","targetHints":{"allow":["GET"]}}],"collection":[{"href":"https:\/\/rapidomotosport.hr\/en\/wp-json\/wp\/v2\/product"}],"about":[{"href":"https:\/\/rapidomotosport.hr\/en\/wp-json\/wp\/v2\/types\/product"}],"wp:featuredmedia":[{"embeddable":true,"href":"https:\/\/rapidomotosport.hr\/en\/wp-json\/wp\/v2\/media\/54857"}],"wp:attachment":[{"href":"https:\/\/rapidomotosport.hr\/en\/wp-json\/wp\/v2\/media?parent=54856"}],"wp:term":[{"taxonomy":"product_brand","embeddable":true,"href":"https:\/\/rapidomotosport.hr\/en\/wp-json\/wp\/v2\/product_brand?post=54856"},{"taxonomy":"product_cat","embeddable":true,"href":"https:\/\/rapidomotosport.hr\/en\/wp-json\/wp\/v2\/product_cat?post=54856"},{"taxonomy":"product_tag","embeddable":true,"href":"https:\/\/rapidomotosport.hr\/en\/wp-json\/wp\/v2\/product_tag?post=54856"}],"curies":[{"name":"wp","href":"https:\/\/api.w.org\/{rel}","templated":true}]}}