{"id":54914,"date":"2026-04-19T20:32:17","date_gmt":"2026-04-19T18:32:17","guid":{"rendered":"https:\/\/rapidomotosport.hr\/?post_type=product&#038;p=54914"},"modified":"2026-04-19T20:35:55","modified_gmt":"2026-04-19T18:35:55","slug":"honda-cbr-1000-rr-r-ohlins-ttx-25-cartridge-kit-2020-2024","status":"publish","type":"product","link":"https:\/\/rapidomotosport.hr\/en\/proizvod\/honda-cbr-1000-rr-r-ohlins-ttx-25-cartridge-kit-2020-2024\/","title":{"rendered":"HONDA CBR 1000 RR-R \u00d6HLINS TTX 25 CARTRIDGE KIT 2020-2024"},"content":{"rendered":"","protected":false},"excerpt":{"rendered":"<p>Na\u0161i trka\u0107ki inspirirani FKR Supersport kompleti patrona uklju\u010duju tehnologiju izravno preuzetu iz prvenstava Moto2, Moto3 i World Superbike. Razvijeni za vrhunsko natjecanje u klasama SuperStock i SuperSport, FKR Supersport patroni nezaobilazan su izbor za voza\u010de koji zahtijevaju najbolje upravljanje i performanse od svog motocikla.<\/p>\n<p>TEHNI\u010cKI PODACI<\/p>\n<p>Serija opruga: 04744-Serie<br \/>\nU pakiranju uklju\u010deno: opruge 9.5, 10.0, 10.5 N\/mm<\/p>\n","protected":false},"featured_media":54915,"template":"","meta":[],"product_brand":[],"product_cat":[1254],"product_tag":[],"class_list":{"0":"post-54914","1":"product","2":"type-product","3":"status-publish","4":"has-post-thumbnail","6":"product_cat-amortizeri-za-motocikle","8":"first","9":"instock","10":"sale","11":"shipping-taxable","12":"purchasable","13":"product-type-simple"},"yoast_head":"<!-- This site is optimized with the Yoast SEO plugin v27.4 - https:\/\/yoast.com\/product\/yoast-seo-wordpress\/ -->\n<title>HONDA CBR 1000 RR-R \u00d6HLINS TTX 25 CARTRIDGE KIT 2020-2024 - Rapido Motosport<\/title>\n<meta name=\"robots\" content=\"index, follow, max-snippet:-1, max-image-preview:large, max-video-preview:-1\" \/>\n<link rel=\"canonical\" href=\"https:\/\/rapidomotosport.hr\/en\/proizvod\/honda-cbr-1000-rr-r-ohlins-ttx-25-cartridge-kit-2020-2024\/\" \/>\n<meta property=\"og:locale\" content=\"en_US\" \/>\n<meta property=\"og:type\" content=\"article\" \/>\n<meta property=\"og:title\" content=\"HONDA CBR 1000 RR-R \u00d6HLINS TTX 25 CARTRIDGE KIT 2020-2024 - Rapido Motosport\" \/>\n<meta property=\"og:description\" content=\"Na\u0161i trka\u0107ki inspirirani FKR Supersport kompleti patrona uklju\u010duju tehnologiju izravno preuzetu iz prvenstava Moto2, Moto3 i World Superbike. Razvijeni za vrhunsko natjecanje u klasama SuperStock i SuperSport, FKR Supersport patroni nezaobilazan su izbor za voza\u010de koji zahtijevaju najbolje upravljanje i performanse od svog motocikla.  TEHNI\u010cKI PODACI  Serija opruga: 04744-Serie U pakiranju uklju\u010deno: opruge 9.5, 10.0, 10.5 N\/mm\" \/>\n<meta property=\"og:url\" content=\"https:\/\/rapidomotosport.hr\/en\/proizvod\/honda-cbr-1000-rr-r-ohlins-ttx-25-cartridge-kit-2020-2024\/\" \/>\n<meta property=\"og:site_name\" content=\"Rapido Motosport\" \/>\n<meta property=\"article:modified_time\" content=\"2026-04-19T18:35:55+00:00\" \/>\n<meta property=\"og:image\" content=\"https:\/\/rapidomotosport.hr\/wp-content\/uploads\/2026\/04\/arbo-81.png\" \/>\n\t<meta property=\"og:image:width\" content=\"2048\" \/>\n\t<meta property=\"og:image:height\" content=\"1536\" \/>\n\t<meta property=\"og:image:type\" content=\"image\/png\" \/>\n<meta name=\"twitter:card\" content=\"summary_large_image\" \/>\n<meta name=\"twitter:label1\" content=\"Est. reading time\" \/>\n\t<meta name=\"twitter:data1\" content=\"1 minute\" \/>\n<script type=\"application\/ld+json\" class=\"yoast-schema-graph\">{\"@context\":\"https:\\\/\\\/schema.org\",\"@graph\":[{\"@type\":\"WebPage\",\"@id\":\"https:\\\/\\\/rapidomotosport.hr\\\/en\\\/proizvod\\\/honda-cbr-1000-rr-r-ohlins-ttx-25-cartridge-kit-2020-2024\\\/\",\"url\":\"https:\\\/\\\/rapidomotosport.hr\\\/en\\\/proizvod\\\/honda-cbr-1000-rr-r-ohlins-ttx-25-cartridge-kit-2020-2024\\\/\",\"name\":\"HONDA CBR 1000 RR-R \u00d6HLINS TTX 25 CARTRIDGE KIT 2020-2024 - Rapido Motosport\",\"isPartOf\":{\"@id\":\"https:\\\/\\\/rapidomotosport.hr\\\/en\\\/#website\"},\"primaryImageOfPage\":{\"@id\":\"https:\\\/\\\/rapidomotosport.hr\\\/en\\\/proizvod\\\/honda-cbr-1000-rr-r-ohlins-ttx-25-cartridge-kit-2020-2024\\\/#primaryimage\"},\"image\":{\"@id\":\"https:\\\/\\\/rapidomotosport.hr\\\/en\\\/proizvod\\\/honda-cbr-1000-rr-r-ohlins-ttx-25-cartridge-kit-2020-2024\\\/#primaryimage\"},\"thumbnailUrl\":\"https:\\\/\\\/rapidomotosport.hr\\\/wp-content\\\/uploads\\\/2026\\\/04\\\/arbo-81.png\",\"datePublished\":\"2026-04-19T18:32:17+00:00\",\"dateModified\":\"2026-04-19T18:35:55+00:00\",\"breadcrumb\":{\"@id\":\"https:\\\/\\\/rapidomotosport.hr\\\/en\\\/proizvod\\\/honda-cbr-1000-rr-r-ohlins-ttx-25-cartridge-kit-2020-2024\\\/#breadcrumb\"},\"inLanguage\":\"en-US\",\"potentialAction\":[{\"@type\":\"ReadAction\",\"target\":[\"https:\\\/\\\/rapidomotosport.hr\\\/en\\\/proizvod\\\/honda-cbr-1000-rr-r-ohlins-ttx-25-cartridge-kit-2020-2024\\\/\"]}]},{\"@type\":\"ImageObject\",\"inLanguage\":\"en-US\",\"@id\":\"https:\\\/\\\/rapidomotosport.hr\\\/en\\\/proizvod\\\/honda-cbr-1000-rr-r-ohlins-ttx-25-cartridge-kit-2020-2024\\\/#primaryimage\",\"url\":\"https:\\\/\\\/rapidomotosport.hr\\\/wp-content\\\/uploads\\\/2026\\\/04\\\/arbo-81.png\",\"contentUrl\":\"https:\\\/\\\/rapidomotosport.hr\\\/wp-content\\\/uploads\\\/2026\\\/04\\\/arbo-81.png\",\"width\":2048,\"height\":1536},{\"@type\":\"BreadcrumbList\",\"@id\":\"https:\\\/\\\/rapidomotosport.hr\\\/en\\\/proizvod\\\/honda-cbr-1000-rr-r-ohlins-ttx-25-cartridge-kit-2020-2024\\\/#breadcrumb\",\"itemListElement\":[{\"@type\":\"ListItem\",\"position\":1,\"name\":\"Po\u010detna stranica\",\"item\":\"https:\\\/\\\/rapidomotosport.hr\\\/en\\\/\"},{\"@type\":\"ListItem\",\"position\":2,\"name\":\"Shop\",\"item\":\"https:\\\/\\\/rapidomotosport.hr\\\/en\\\/shop\\\/\"},{\"@type\":\"ListItem\",\"position\":3,\"name\":\"HONDA CBR 1000 RR-R \u00d6HLINS TTX 25 CARTRIDGE KIT 2020-2024\"}]},{\"@type\":\"WebSite\",\"@id\":\"https:\\\/\\\/rapidomotosport.hr\\\/en\\\/#website\",\"url\":\"https:\\\/\\\/rapidomotosport.hr\\\/en\\\/\",\"name\":\"Rapido Motosport\",\"description\":\"\",\"potentialAction\":[{\"@type\":\"SearchAction\",\"target\":{\"@type\":\"EntryPoint\",\"urlTemplate\":\"https:\\\/\\\/rapidomotosport.hr\\\/en\\\/?s={search_term_string}\"},\"query-input\":{\"@type\":\"PropertyValueSpecification\",\"valueRequired\":true,\"valueName\":\"search_term_string\"}}],\"inLanguage\":\"en-US\"}]}<\/script>\n<!-- \/ Yoast SEO plugin. -->","yoast_head_json":{"title":"HONDA CBR 1000 RR-R \u00d6HLINS TTX 25 CARTRIDGE KIT 2020-2024 - Rapido Motosport","robots":{"index":"index","follow":"follow","max-snippet":"max-snippet:-1","max-image-preview":"max-image-preview:large","max-video-preview":"max-video-preview:-1"},"canonical":"https:\/\/rapidomotosport.hr\/en\/proizvod\/honda-cbr-1000-rr-r-ohlins-ttx-25-cartridge-kit-2020-2024\/","og_locale":"en_US","og_type":"article","og_title":"HONDA CBR 1000 RR-R \u00d6HLINS TTX 25 CARTRIDGE KIT 2020-2024 - Rapido Motosport","og_description":"Na\u0161i trka\u0107ki inspirirani FKR Supersport kompleti patrona uklju\u010duju tehnologiju izravno preuzetu iz prvenstava Moto2, Moto3 i World Superbike. Razvijeni za vrhunsko natjecanje u klasama SuperStock i SuperSport, FKR Supersport patroni nezaobilazan su izbor za voza\u010de koji zahtijevaju najbolje upravljanje i performanse od svog motocikla.  TEHNI\u010cKI PODACI  Serija opruga: 04744-Serie U pakiranju uklju\u010deno: opruge 9.5, 10.0, 10.5 N\/mm","og_url":"https:\/\/rapidomotosport.hr\/en\/proizvod\/honda-cbr-1000-rr-r-ohlins-ttx-25-cartridge-kit-2020-2024\/","og_site_name":"Rapido Motosport","article_modified_time":"2026-04-19T18:35:55+00:00","og_image":[{"width":2048,"height":1536,"url":"https:\/\/rapidomotosport.hr\/wp-content\/uploads\/2026\/04\/arbo-81.png","type":"image\/png"}],"twitter_card":"summary_large_image","twitter_misc":{"Est. reading time":"1 minute"},"schema":{"@context":"https:\/\/schema.org","@graph":[{"@type":"WebPage","@id":"https:\/\/rapidomotosport.hr\/en\/proizvod\/honda-cbr-1000-rr-r-ohlins-ttx-25-cartridge-kit-2020-2024\/","url":"https:\/\/rapidomotosport.hr\/en\/proizvod\/honda-cbr-1000-rr-r-ohlins-ttx-25-cartridge-kit-2020-2024\/","name":"HONDA CBR 1000 RR-R \u00d6HLINS TTX 25 CARTRIDGE KIT 2020-2024 - Rapido Motosport","isPartOf":{"@id":"https:\/\/rapidomotosport.hr\/en\/#website"},"primaryImageOfPage":{"@id":"https:\/\/rapidomotosport.hr\/en\/proizvod\/honda-cbr-1000-rr-r-ohlins-ttx-25-cartridge-kit-2020-2024\/#primaryimage"},"image":{"@id":"https:\/\/rapidomotosport.hr\/en\/proizvod\/honda-cbr-1000-rr-r-ohlins-ttx-25-cartridge-kit-2020-2024\/#primaryimage"},"thumbnailUrl":"https:\/\/rapidomotosport.hr\/wp-content\/uploads\/2026\/04\/arbo-81.png","datePublished":"2026-04-19T18:32:17+00:00","dateModified":"2026-04-19T18:35:55+00:00","breadcrumb":{"@id":"https:\/\/rapidomotosport.hr\/en\/proizvod\/honda-cbr-1000-rr-r-ohlins-ttx-25-cartridge-kit-2020-2024\/#breadcrumb"},"inLanguage":"en-US","potentialAction":[{"@type":"ReadAction","target":["https:\/\/rapidomotosport.hr\/en\/proizvod\/honda-cbr-1000-rr-r-ohlins-ttx-25-cartridge-kit-2020-2024\/"]}]},{"@type":"ImageObject","inLanguage":"en-US","@id":"https:\/\/rapidomotosport.hr\/en\/proizvod\/honda-cbr-1000-rr-r-ohlins-ttx-25-cartridge-kit-2020-2024\/#primaryimage","url":"https:\/\/rapidomotosport.hr\/wp-content\/uploads\/2026\/04\/arbo-81.png","contentUrl":"https:\/\/rapidomotosport.hr\/wp-content\/uploads\/2026\/04\/arbo-81.png","width":2048,"height":1536},{"@type":"BreadcrumbList","@id":"https:\/\/rapidomotosport.hr\/en\/proizvod\/honda-cbr-1000-rr-r-ohlins-ttx-25-cartridge-kit-2020-2024\/#breadcrumb","itemListElement":[{"@type":"ListItem","position":1,"name":"Po\u010detna stranica","item":"https:\/\/rapidomotosport.hr\/en\/"},{"@type":"ListItem","position":2,"name":"Shop","item":"https:\/\/rapidomotosport.hr\/en\/shop\/"},{"@type":"ListItem","position":3,"name":"HONDA CBR 1000 RR-R \u00d6HLINS TTX 25 CARTRIDGE KIT 2020-2024"}]},{"@type":"WebSite","@id":"https:\/\/rapidomotosport.hr\/en\/#website","url":"https:\/\/rapidomotosport.hr\/en\/","name":"Rapido Motosport","description":"","potentialAction":[{"@type":"SearchAction","target":{"@type":"EntryPoint","urlTemplate":"https:\/\/rapidomotosport.hr\/en\/?s={search_term_string}"},"query-input":{"@type":"PropertyValueSpecification","valueRequired":true,"valueName":"search_term_string"}}],"inLanguage":"en-US"}]}},"_links":{"self":[{"href":"https:\/\/rapidomotosport.hr\/en\/wp-json\/wp\/v2\/product\/54914","targetHints":{"allow":["GET"]}}],"collection":[{"href":"https:\/\/rapidomotosport.hr\/en\/wp-json\/wp\/v2\/product"}],"about":[{"href":"https:\/\/rapidomotosport.hr\/en\/wp-json\/wp\/v2\/types\/product"}],"wp:featuredmedia":[{"embeddable":true,"href":"https:\/\/rapidomotosport.hr\/en\/wp-json\/wp\/v2\/media\/54915"}],"wp:attachment":[{"href":"https:\/\/rapidomotosport.hr\/en\/wp-json\/wp\/v2\/media?parent=54914"}],"wp:term":[{"taxonomy":"product_brand","embeddable":true,"href":"https:\/\/rapidomotosport.hr\/en\/wp-json\/wp\/v2\/product_brand?post=54914"},{"taxonomy":"product_cat","embeddable":true,"href":"https:\/\/rapidomotosport.hr\/en\/wp-json\/wp\/v2\/product_cat?post=54914"},{"taxonomy":"product_tag","embeddable":true,"href":"https:\/\/rapidomotosport.hr\/en\/wp-json\/wp\/v2\/product_tag?post=54914"}],"curies":[{"name":"wp","href":"https:\/\/api.w.org\/{rel}","templated":true}]}}