{"id":54998,"date":"2026-04-20T22:05:11","date_gmt":"2026-04-20T20:05:11","guid":{"rendered":"https:\/\/rapidomotosport.hr\/?post_type=product&#038;p=54998"},"modified":"2026-04-20T22:06:50","modified_gmt":"2026-04-20T20:06:50","slug":"honda-crf-1000-l-africa-twin-adv-sports-ohlins-fka-cartridge-kit-adventure-2018-2019","status":"publish","type":"product","link":"https:\/\/rapidomotosport.hr\/en\/proizvod\/honda-crf-1000-l-africa-twin-adv-sports-ohlins-fka-cartridge-kit-adventure-2018-2019\/","title":{"rendered":"HONDA CRF 1000 L AFRICA TWIN ADV SPORTS \u00d6HLINS FKA CARTRIDGE KIT ADVENTURE 2018-2019"},"content":{"rendered":"","protected":false},"excerpt":{"rendered":"<p>Steknite potpunu kontrolu nad svojom vo\u017enjom uz \u00d6hlins NIX 30 Adventure komplet patrona \u2013 izvrsnu nadogradnju prednjeg kraja za srednje velike adventure motocikle. Temeljen na istoj tehnologiji kao i na\u0161i trka\u0107i kompleti patrona, NIX 30 Adventure izra\u0111en je da izdr\u017ei zahtjeve adventure vo\u017enje i pru\u017ei iznimne performanse bez \u010destog odr\u017eavanja. S odvojenim pode\u0161avanjem kompresije i povrata (rebound), mo\u017eete prilagoditi prednji kraj za optimalnu udobnost i upravljivost, bilo da se kre\u0107ete po zahtjevnim, uskim stazama ili brzim makadamskim cestama.<\/p>\n<p>PODACI<\/p>\n<p>Pozicija: prednja<br \/>\nSerija opruga: 08435-series<br \/>\nPreporu\u010deno ulje: 01309-01<br \/>\nRazina ulja: 90 mm<br \/>\nPakiranje: par<\/p>\n","protected":false},"featured_media":54985,"template":"","meta":[],"product_brand":[],"product_cat":[1254],"product_tag":[],"class_list":{"0":"post-54998","1":"product","2":"type-product","3":"status-publish","4":"has-post-thumbnail","6":"product_cat-amortizeri-za-motocikle","8":"first","9":"instock","10":"sale","11":"shipping-taxable","12":"purchasable","13":"product-type-simple"},"yoast_head":"<!-- This site is optimized with the Yoast SEO plugin v27.4 - https:\/\/yoast.com\/product\/yoast-seo-wordpress\/ -->\n<title>HONDA CRF 1000 L AFRICA TWIN ADV SPORTS \u00d6HLINS FKA CARTRIDGE KIT ADVENTURE 2018-2019 - Rapido Motosport<\/title>\n<meta name=\"robots\" content=\"index, follow, max-snippet:-1, max-image-preview:large, max-video-preview:-1\" \/>\n<link rel=\"canonical\" href=\"https:\/\/rapidomotosport.hr\/en\/proizvod\/honda-crf-1000-l-africa-twin-adv-sports-ohlins-fka-cartridge-kit-adventure-2018-2019\/\" \/>\n<meta property=\"og:locale\" content=\"en_US\" \/>\n<meta property=\"og:type\" content=\"article\" \/>\n<meta property=\"og:title\" content=\"HONDA CRF 1000 L AFRICA TWIN ADV SPORTS \u00d6HLINS FKA CARTRIDGE KIT ADVENTURE 2018-2019 - Rapido Motosport\" \/>\n<meta property=\"og:description\" content=\"Steknite potpunu kontrolu nad svojom vo\u017enjom uz \u00d6hlins NIX 30 Adventure komplet patrona \u2013 izvrsnu nadogradnju prednjeg kraja za srednje velike adventure motocikle. Temeljen na istoj tehnologiji kao i na\u0161i trka\u0107i kompleti patrona, NIX 30 Adventure izra\u0111en je da izdr\u017ei zahtjeve adventure vo\u017enje i pru\u017ei iznimne performanse bez \u010destog odr\u017eavanja. S odvojenim pode\u0161avanjem kompresije i povrata (rebound), mo\u017eete prilagoditi prednji kraj za optimalnu udobnost i upravljivost, bilo da se kre\u0107ete po zahtjevnim, uskim stazama ili brzim makadamskim cestama.  PODACI  Pozicija: prednja Serija opruga: 08435-series Preporu\u010deno ulje: 01309-01 Razina ulja: 90 mm Pakiranje: par\" \/>\n<meta property=\"og:url\" content=\"https:\/\/rapidomotosport.hr\/en\/proizvod\/honda-crf-1000-l-africa-twin-adv-sports-ohlins-fka-cartridge-kit-adventure-2018-2019\/\" \/>\n<meta property=\"og:site_name\" content=\"Rapido Motosport\" \/>\n<meta property=\"article:modified_time\" content=\"2026-04-20T20:06:50+00:00\" \/>\n<meta property=\"og:image\" content=\"https:\/\/rapidomotosport.hr\/wp-content\/uploads\/2026\/04\/arbo-91.png\" \/>\n\t<meta property=\"og:image:width\" content=\"2048\" \/>\n\t<meta property=\"og:image:height\" content=\"1536\" \/>\n\t<meta property=\"og:image:type\" content=\"image\/png\" \/>\n<meta name=\"twitter:card\" content=\"summary_large_image\" \/>\n<script type=\"application\/ld+json\" class=\"yoast-schema-graph\">{\"@context\":\"https:\\\/\\\/schema.org\",\"@graph\":[{\"@type\":\"WebPage\",\"@id\":\"https:\\\/\\\/rapidomotosport.hr\\\/en\\\/proizvod\\\/honda-crf-1000-l-africa-twin-adv-sports-ohlins-fka-cartridge-kit-adventure-2018-2019\\\/\",\"url\":\"https:\\\/\\\/rapidomotosport.hr\\\/en\\\/proizvod\\\/honda-crf-1000-l-africa-twin-adv-sports-ohlins-fka-cartridge-kit-adventure-2018-2019\\\/\",\"name\":\"HONDA CRF 1000 L AFRICA TWIN ADV SPORTS \u00d6HLINS FKA CARTRIDGE KIT ADVENTURE 2018-2019 - Rapido Motosport\",\"isPartOf\":{\"@id\":\"https:\\\/\\\/rapidomotosport.hr\\\/en\\\/#website\"},\"primaryImageOfPage\":{\"@id\":\"https:\\\/\\\/rapidomotosport.hr\\\/en\\\/proizvod\\\/honda-crf-1000-l-africa-twin-adv-sports-ohlins-fka-cartridge-kit-adventure-2018-2019\\\/#primaryimage\"},\"image\":{\"@id\":\"https:\\\/\\\/rapidomotosport.hr\\\/en\\\/proizvod\\\/honda-crf-1000-l-africa-twin-adv-sports-ohlins-fka-cartridge-kit-adventure-2018-2019\\\/#primaryimage\"},\"thumbnailUrl\":\"https:\\\/\\\/rapidomotosport.hr\\\/wp-content\\\/uploads\\\/2026\\\/04\\\/arbo-91.png\",\"datePublished\":\"2026-04-20T20:05:11+00:00\",\"dateModified\":\"2026-04-20T20:06:50+00:00\",\"breadcrumb\":{\"@id\":\"https:\\\/\\\/rapidomotosport.hr\\\/en\\\/proizvod\\\/honda-crf-1000-l-africa-twin-adv-sports-ohlins-fka-cartridge-kit-adventure-2018-2019\\\/#breadcrumb\"},\"inLanguage\":\"en-US\",\"potentialAction\":[{\"@type\":\"ReadAction\",\"target\":[\"https:\\\/\\\/rapidomotosport.hr\\\/en\\\/proizvod\\\/honda-crf-1000-l-africa-twin-adv-sports-ohlins-fka-cartridge-kit-adventure-2018-2019\\\/\"]}]},{\"@type\":\"ImageObject\",\"inLanguage\":\"en-US\",\"@id\":\"https:\\\/\\\/rapidomotosport.hr\\\/en\\\/proizvod\\\/honda-crf-1000-l-africa-twin-adv-sports-ohlins-fka-cartridge-kit-adventure-2018-2019\\\/#primaryimage\",\"url\":\"https:\\\/\\\/rapidomotosport.hr\\\/wp-content\\\/uploads\\\/2026\\\/04\\\/arbo-91.png\",\"contentUrl\":\"https:\\\/\\\/rapidomotosport.hr\\\/wp-content\\\/uploads\\\/2026\\\/04\\\/arbo-91.png\",\"width\":2048,\"height\":1536},{\"@type\":\"BreadcrumbList\",\"@id\":\"https:\\\/\\\/rapidomotosport.hr\\\/en\\\/proizvod\\\/honda-crf-1000-l-africa-twin-adv-sports-ohlins-fka-cartridge-kit-adventure-2018-2019\\\/#breadcrumb\",\"itemListElement\":[{\"@type\":\"ListItem\",\"position\":1,\"name\":\"Po\u010detna stranica\",\"item\":\"https:\\\/\\\/rapidomotosport.hr\\\/en\\\/\"},{\"@type\":\"ListItem\",\"position\":2,\"name\":\"Shop\",\"item\":\"https:\\\/\\\/rapidomotosport.hr\\\/en\\\/shop\\\/\"},{\"@type\":\"ListItem\",\"position\":3,\"name\":\"HONDA CRF 1000 L AFRICA TWIN ADV SPORTS \u00d6HLINS FKA CARTRIDGE KIT ADVENTURE 2018-2019\"}]},{\"@type\":\"WebSite\",\"@id\":\"https:\\\/\\\/rapidomotosport.hr\\\/en\\\/#website\",\"url\":\"https:\\\/\\\/rapidomotosport.hr\\\/en\\\/\",\"name\":\"Rapido Motosport\",\"description\":\"\",\"potentialAction\":[{\"@type\":\"SearchAction\",\"target\":{\"@type\":\"EntryPoint\",\"urlTemplate\":\"https:\\\/\\\/rapidomotosport.hr\\\/en\\\/?s={search_term_string}\"},\"query-input\":{\"@type\":\"PropertyValueSpecification\",\"valueRequired\":true,\"valueName\":\"search_term_string\"}}],\"inLanguage\":\"en-US\"}]}<\/script>\n<!-- \/ Yoast SEO plugin. -->","yoast_head_json":{"title":"HONDA CRF 1000 L AFRICA TWIN ADV SPORTS \u00d6HLINS FKA CARTRIDGE KIT ADVENTURE 2018-2019 - Rapido Motosport","robots":{"index":"index","follow":"follow","max-snippet":"max-snippet:-1","max-image-preview":"max-image-preview:large","max-video-preview":"max-video-preview:-1"},"canonical":"https:\/\/rapidomotosport.hr\/en\/proizvod\/honda-crf-1000-l-africa-twin-adv-sports-ohlins-fka-cartridge-kit-adventure-2018-2019\/","og_locale":"en_US","og_type":"article","og_title":"HONDA CRF 1000 L AFRICA TWIN ADV SPORTS \u00d6HLINS FKA CARTRIDGE KIT ADVENTURE 2018-2019 - Rapido Motosport","og_description":"Steknite potpunu kontrolu nad svojom vo\u017enjom uz \u00d6hlins NIX 30 Adventure komplet patrona \u2013 izvrsnu nadogradnju prednjeg kraja za srednje velike adventure motocikle. Temeljen na istoj tehnologiji kao i na\u0161i trka\u0107i kompleti patrona, NIX 30 Adventure izra\u0111en je da izdr\u017ei zahtjeve adventure vo\u017enje i pru\u017ei iznimne performanse bez \u010destog odr\u017eavanja. S odvojenim pode\u0161avanjem kompresije i povrata (rebound), mo\u017eete prilagoditi prednji kraj za optimalnu udobnost i upravljivost, bilo da se kre\u0107ete po zahtjevnim, uskim stazama ili brzim makadamskim cestama.  PODACI  Pozicija: prednja Serija opruga: 08435-series Preporu\u010deno ulje: 01309-01 Razina ulja: 90 mm Pakiranje: par","og_url":"https:\/\/rapidomotosport.hr\/en\/proizvod\/honda-crf-1000-l-africa-twin-adv-sports-ohlins-fka-cartridge-kit-adventure-2018-2019\/","og_site_name":"Rapido Motosport","article_modified_time":"2026-04-20T20:06:50+00:00","og_image":[{"width":2048,"height":1536,"url":"https:\/\/rapidomotosport.hr\/wp-content\/uploads\/2026\/04\/arbo-91.png","type":"image\/png"}],"twitter_card":"summary_large_image","schema":{"@context":"https:\/\/schema.org","@graph":[{"@type":"WebPage","@id":"https:\/\/rapidomotosport.hr\/en\/proizvod\/honda-crf-1000-l-africa-twin-adv-sports-ohlins-fka-cartridge-kit-adventure-2018-2019\/","url":"https:\/\/rapidomotosport.hr\/en\/proizvod\/honda-crf-1000-l-africa-twin-adv-sports-ohlins-fka-cartridge-kit-adventure-2018-2019\/","name":"HONDA CRF 1000 L AFRICA TWIN ADV SPORTS \u00d6HLINS FKA CARTRIDGE KIT ADVENTURE 2018-2019 - Rapido Motosport","isPartOf":{"@id":"https:\/\/rapidomotosport.hr\/en\/#website"},"primaryImageOfPage":{"@id":"https:\/\/rapidomotosport.hr\/en\/proizvod\/honda-crf-1000-l-africa-twin-adv-sports-ohlins-fka-cartridge-kit-adventure-2018-2019\/#primaryimage"},"image":{"@id":"https:\/\/rapidomotosport.hr\/en\/proizvod\/honda-crf-1000-l-africa-twin-adv-sports-ohlins-fka-cartridge-kit-adventure-2018-2019\/#primaryimage"},"thumbnailUrl":"https:\/\/rapidomotosport.hr\/wp-content\/uploads\/2026\/04\/arbo-91.png","datePublished":"2026-04-20T20:05:11+00:00","dateModified":"2026-04-20T20:06:50+00:00","breadcrumb":{"@id":"https:\/\/rapidomotosport.hr\/en\/proizvod\/honda-crf-1000-l-africa-twin-adv-sports-ohlins-fka-cartridge-kit-adventure-2018-2019\/#breadcrumb"},"inLanguage":"en-US","potentialAction":[{"@type":"ReadAction","target":["https:\/\/rapidomotosport.hr\/en\/proizvod\/honda-crf-1000-l-africa-twin-adv-sports-ohlins-fka-cartridge-kit-adventure-2018-2019\/"]}]},{"@type":"ImageObject","inLanguage":"en-US","@id":"https:\/\/rapidomotosport.hr\/en\/proizvod\/honda-crf-1000-l-africa-twin-adv-sports-ohlins-fka-cartridge-kit-adventure-2018-2019\/#primaryimage","url":"https:\/\/rapidomotosport.hr\/wp-content\/uploads\/2026\/04\/arbo-91.png","contentUrl":"https:\/\/rapidomotosport.hr\/wp-content\/uploads\/2026\/04\/arbo-91.png","width":2048,"height":1536},{"@type":"BreadcrumbList","@id":"https:\/\/rapidomotosport.hr\/en\/proizvod\/honda-crf-1000-l-africa-twin-adv-sports-ohlins-fka-cartridge-kit-adventure-2018-2019\/#breadcrumb","itemListElement":[{"@type":"ListItem","position":1,"name":"Po\u010detna stranica","item":"https:\/\/rapidomotosport.hr\/en\/"},{"@type":"ListItem","position":2,"name":"Shop","item":"https:\/\/rapidomotosport.hr\/en\/shop\/"},{"@type":"ListItem","position":3,"name":"HONDA CRF 1000 L AFRICA TWIN ADV SPORTS \u00d6HLINS FKA CARTRIDGE KIT ADVENTURE 2018-2019"}]},{"@type":"WebSite","@id":"https:\/\/rapidomotosport.hr\/en\/#website","url":"https:\/\/rapidomotosport.hr\/en\/","name":"Rapido Motosport","description":"","potentialAction":[{"@type":"SearchAction","target":{"@type":"EntryPoint","urlTemplate":"https:\/\/rapidomotosport.hr\/en\/?s={search_term_string}"},"query-input":{"@type":"PropertyValueSpecification","valueRequired":true,"valueName":"search_term_string"}}],"inLanguage":"en-US"}]}},"_links":{"self":[{"href":"https:\/\/rapidomotosport.hr\/en\/wp-json\/wp\/v2\/product\/54998","targetHints":{"allow":["GET"]}}],"collection":[{"href":"https:\/\/rapidomotosport.hr\/en\/wp-json\/wp\/v2\/product"}],"about":[{"href":"https:\/\/rapidomotosport.hr\/en\/wp-json\/wp\/v2\/types\/product"}],"wp:featuredmedia":[{"embeddable":true,"href":"https:\/\/rapidomotosport.hr\/en\/wp-json\/wp\/v2\/media\/54985"}],"wp:attachment":[{"href":"https:\/\/rapidomotosport.hr\/en\/wp-json\/wp\/v2\/media?parent=54998"}],"wp:term":[{"taxonomy":"product_brand","embeddable":true,"href":"https:\/\/rapidomotosport.hr\/en\/wp-json\/wp\/v2\/product_brand?post=54998"},{"taxonomy":"product_cat","embeddable":true,"href":"https:\/\/rapidomotosport.hr\/en\/wp-json\/wp\/v2\/product_cat?post=54998"},{"taxonomy":"product_tag","embeddable":true,"href":"https:\/\/rapidomotosport.hr\/en\/wp-json\/wp\/v2\/product_tag?post=54998"}],"curies":[{"name":"wp","href":"https:\/\/api.w.org\/{rel}","templated":true}]}}