{"id":55108,"date":"2026-04-23T18:17:09","date_gmt":"2026-04-23T16:17:09","guid":{"rendered":"https:\/\/rapidomotosport.hr\/?post_type=product&#038;p=55108"},"modified":"2026-04-23T18:17:37","modified_gmt":"2026-04-23T16:17:37","slug":"ktm-rc-390-ohlins-stx-46-supersport-shock-absorber-2015-2021","status":"publish","type":"product","link":"https:\/\/rapidomotosport.hr\/en\/proizvod\/ktm-rc-390-ohlins-stx-46-supersport-shock-absorber-2015-2021\/","title":{"rendered":"KTM RC 390 \u00d6HLINS STX 46 SUPERSPORT SHOCK ABSORBER 2015-2021"},"content":{"rendered":"","protected":false},"excerpt":{"rendered":"<p>Posebno dizajniran za manje supersport modele, STX 46 Supersport amortizer odlikuje se \u00d6hlinsovim provjerenim monotube dizajnom i kvalitetom izrade. Ovaj stra\u017enji amortizer svestrana je opcija za voza\u010de koji od svojih motocikala zahtijevaju vrhunsku udobnost i performanse. Steknite samopouzdanje u zavojima kako biste se vi\u0161e forsirali na stazi te iskusite pobolj\u0161anu udobnost vo\u017enje tijekom svakodnevnih odlazaka na posao ili vikend vo\u017enji \u2014 STX 46 Supersport spaja najbolje od oba svijeta.<\/p>\n<p>\u00d6hlins STX 46 Supersport amortizer za KTM RC 390 (2015\u20132021) koristi na\u0161 provjereni monotube dizajn s plinom tla\u010denim sustavom i vanjskim spremnikom montiranim na crijevu. Ova konfiguracija osigurava optimalnu ravnote\u017eu tlaka i temperature, pru\u017eaju\u0107i dosljedne performanse prigu\u0161enja u ekstremnim uvjetima.<\/p>\n<p>Uz podesivo kompresijsko i povratno prigu\u0161enje, mo\u017eete savr\u0161eno prilagoditi postavke \u2014 bilo za vo\u017enju na stazi ili otvorenoj cesti. Za dodatnu prilagodbu vo\u017enje, amortizer je opremljen regulatorom duljine koji omogu\u0107uje promjenu visine motocikla bez kompromisa u hodu ovjesa.<\/p>\n<p>TEHNI\u010cKI PODACI<\/p>\n<p>Duljina: 300 +9\/-3 mm<br \/>\nHod: 63 mm<br \/>\nKrutost N\/mm: 105 N\/mm<br \/>\nPozicija: stra\u017enja<br \/>\nUgra\u0111ena opruga: 61091-36<\/p>\n","protected":false},"featured_media":55109,"template":"","meta":[],"product_brand":[],"product_cat":[1254],"product_tag":[],"class_list":{"0":"post-55108","1":"product","2":"type-product","3":"status-publish","4":"has-post-thumbnail","6":"product_cat-ohlins","8":"first","9":"instock","10":"sale","11":"shipping-taxable","12":"purchasable","13":"product-type-simple"},"yoast_head":"<!-- This site is optimized with the Yoast SEO plugin v27.5 - https:\/\/yoast.com\/product\/yoast-seo-wordpress\/ -->\n<title>KTM RC 390 \u00d6HLINS STX 46 SUPERSPORT SHOCK ABSORBER 2015-2021 - Rapido Motosport<\/title>\n<meta name=\"robots\" content=\"index, follow, max-snippet:-1, max-image-preview:large, max-video-preview:-1\" \/>\n<link rel=\"canonical\" href=\"https:\/\/rapidomotosport.hr\/en\/proizvod\/ktm-rc-390-ohlins-stx-46-supersport-shock-absorber-2015-2021\/\" \/>\n<meta property=\"og:locale\" content=\"en_US\" \/>\n<meta property=\"og:type\" content=\"article\" \/>\n<meta property=\"og:title\" content=\"KTM RC 390 \u00d6HLINS STX 46 SUPERSPORT SHOCK ABSORBER 2015-2021 - Rapido Motosport\" \/>\n<meta property=\"og:description\" content=\"Posebno dizajniran za manje supersport modele, STX 46 Supersport amortizer odlikuje se \u00d6hlinsovim provjerenim monotube dizajnom i kvalitetom izrade. Ovaj stra\u017enji amortizer svestrana je opcija za voza\u010de koji od svojih motocikala zahtijevaju vrhunsku udobnost i performanse. Steknite samopouzdanje u zavojima kako biste se vi\u0161e forsirali na stazi te iskusite pobolj\u0161anu udobnost vo\u017enje tijekom svakodnevnih odlazaka na posao ili vikend vo\u017enji \u2014 STX 46 Supersport spaja najbolje od oba svijeta.  \u00d6hlins STX 46 Supersport amortizer za KTM RC 390 (2015\u20132021) koristi na\u0161 provjereni monotube dizajn s plinom tla\u010denim sustavom i vanjskim spremnikom montiranim na crijevu. Ova konfiguracija osigurava optimalnu ravnote\u017eu tlaka i temperature, pru\u017eaju\u0107i dosljedne performanse prigu\u0161enja u ekstremnim uvjetima.  Uz podesivo kompresijsko i povratno prigu\u0161enje, mo\u017eete savr\u0161eno prilagoditi postavke \u2014 bilo za vo\u017enju na stazi ili otvorenoj cesti. Za dodatnu prilagodbu vo\u017enje, amortizer je opremljen regulatorom duljine koji omogu\u0107uje promjenu visine motocikla bez kompromisa u hodu ovjesa.  TEHNI\u010cKI PODACI  Duljina: 300 +9\/-3 mm Hod: 63 mm Krutost N\/mm: 105 N\/mm Pozicija: stra\u017enja Ugra\u0111ena opruga: 61091-36\" \/>\n<meta property=\"og:url\" content=\"https:\/\/rapidomotosport.hr\/en\/proizvod\/ktm-rc-390-ohlins-stx-46-supersport-shock-absorber-2015-2021\/\" \/>\n<meta property=\"og:site_name\" content=\"Rapido Motosport\" \/>\n<meta property=\"article:modified_time\" content=\"2026-04-23T16:17:37+00:00\" \/>\n<meta property=\"og:image\" content=\"https:\/\/rapidomotosport.hr\/wp-content\/uploads\/2026\/04\/arbo-105.png\" \/>\n\t<meta property=\"og:image:width\" content=\"2048\" \/>\n\t<meta property=\"og:image:height\" content=\"1536\" \/>\n\t<meta property=\"og:image:type\" content=\"image\/png\" \/>\n<meta name=\"twitter:card\" content=\"summary_large_image\" \/>\n<meta name=\"twitter:label1\" content=\"Est. reading time\" \/>\n\t<meta name=\"twitter:data1\" content=\"1 minute\" \/>\n<script type=\"application\/ld+json\" class=\"yoast-schema-graph\">{\"@context\":\"https:\\\/\\\/schema.org\",\"@graph\":[{\"@type\":\"WebPage\",\"@id\":\"https:\\\/\\\/rapidomotosport.hr\\\/en\\\/proizvod\\\/ktm-rc-390-ohlins-stx-46-supersport-shock-absorber-2015-2021\\\/\",\"url\":\"https:\\\/\\\/rapidomotosport.hr\\\/en\\\/proizvod\\\/ktm-rc-390-ohlins-stx-46-supersport-shock-absorber-2015-2021\\\/\",\"name\":\"KTM RC 390 \u00d6HLINS STX 46 SUPERSPORT SHOCK ABSORBER 2015-2021 - Rapido Motosport\",\"isPartOf\":{\"@id\":\"https:\\\/\\\/rapidomotosport.hr\\\/en\\\/#website\"},\"primaryImageOfPage\":{\"@id\":\"https:\\\/\\\/rapidomotosport.hr\\\/en\\\/proizvod\\\/ktm-rc-390-ohlins-stx-46-supersport-shock-absorber-2015-2021\\\/#primaryimage\"},\"image\":{\"@id\":\"https:\\\/\\\/rapidomotosport.hr\\\/en\\\/proizvod\\\/ktm-rc-390-ohlins-stx-46-supersport-shock-absorber-2015-2021\\\/#primaryimage\"},\"thumbnailUrl\":\"https:\\\/\\\/rapidomotosport.hr\\\/wp-content\\\/uploads\\\/2026\\\/04\\\/arbo-105.png\",\"datePublished\":\"2026-04-23T16:17:09+00:00\",\"dateModified\":\"2026-04-23T16:17:37+00:00\",\"breadcrumb\":{\"@id\":\"https:\\\/\\\/rapidomotosport.hr\\\/en\\\/proizvod\\\/ktm-rc-390-ohlins-stx-46-supersport-shock-absorber-2015-2021\\\/#breadcrumb\"},\"inLanguage\":\"en-US\",\"potentialAction\":[{\"@type\":\"ReadAction\",\"target\":[\"https:\\\/\\\/rapidomotosport.hr\\\/en\\\/proizvod\\\/ktm-rc-390-ohlins-stx-46-supersport-shock-absorber-2015-2021\\\/\"]}]},{\"@type\":\"ImageObject\",\"inLanguage\":\"en-US\",\"@id\":\"https:\\\/\\\/rapidomotosport.hr\\\/en\\\/proizvod\\\/ktm-rc-390-ohlins-stx-46-supersport-shock-absorber-2015-2021\\\/#primaryimage\",\"url\":\"https:\\\/\\\/rapidomotosport.hr\\\/wp-content\\\/uploads\\\/2026\\\/04\\\/arbo-105.png\",\"contentUrl\":\"https:\\\/\\\/rapidomotosport.hr\\\/wp-content\\\/uploads\\\/2026\\\/04\\\/arbo-105.png\",\"width\":2048,\"height\":1536},{\"@type\":\"BreadcrumbList\",\"@id\":\"https:\\\/\\\/rapidomotosport.hr\\\/en\\\/proizvod\\\/ktm-rc-390-ohlins-stx-46-supersport-shock-absorber-2015-2021\\\/#breadcrumb\",\"itemListElement\":[{\"@type\":\"ListItem\",\"position\":1,\"name\":\"Po\u010detna stranica\",\"item\":\"https:\\\/\\\/rapidomotosport.hr\\\/en\\\/\"},{\"@type\":\"ListItem\",\"position\":2,\"name\":\"Shop\",\"item\":\"https:\\\/\\\/rapidomotosport.hr\\\/en\\\/shop\\\/\"},{\"@type\":\"ListItem\",\"position\":3,\"name\":\"KTM RC 390 \u00d6HLINS STX 46 SUPERSPORT SHOCK ABSORBER 2015-2021\"}]},{\"@type\":\"WebSite\",\"@id\":\"https:\\\/\\\/rapidomotosport.hr\\\/en\\\/#website\",\"url\":\"https:\\\/\\\/rapidomotosport.hr\\\/en\\\/\",\"name\":\"Rapido Motosport\",\"description\":\"\",\"potentialAction\":[{\"@type\":\"SearchAction\",\"target\":{\"@type\":\"EntryPoint\",\"urlTemplate\":\"https:\\\/\\\/rapidomotosport.hr\\\/en\\\/?s={search_term_string}\"},\"query-input\":{\"@type\":\"PropertyValueSpecification\",\"valueRequired\":true,\"valueName\":\"search_term_string\"}}],\"inLanguage\":\"en-US\"}]}<\/script>\n<!-- \/ Yoast SEO plugin. -->","yoast_head_json":{"title":"KTM RC 390 \u00d6HLINS STX 46 SUPERSPORT SHOCK ABSORBER 2015-2021 - Rapido Motosport","robots":{"index":"index","follow":"follow","max-snippet":"max-snippet:-1","max-image-preview":"max-image-preview:large","max-video-preview":"max-video-preview:-1"},"canonical":"https:\/\/rapidomotosport.hr\/en\/proizvod\/ktm-rc-390-ohlins-stx-46-supersport-shock-absorber-2015-2021\/","og_locale":"en_US","og_type":"article","og_title":"KTM RC 390 \u00d6HLINS STX 46 SUPERSPORT SHOCK ABSORBER 2015-2021 - Rapido Motosport","og_description":"Posebno dizajniran za manje supersport modele, STX 46 Supersport amortizer odlikuje se \u00d6hlinsovim provjerenim monotube dizajnom i kvalitetom izrade. Ovaj stra\u017enji amortizer svestrana je opcija za voza\u010de koji od svojih motocikala zahtijevaju vrhunsku udobnost i performanse. Steknite samopouzdanje u zavojima kako biste se vi\u0161e forsirali na stazi te iskusite pobolj\u0161anu udobnost vo\u017enje tijekom svakodnevnih odlazaka na posao ili vikend vo\u017enji \u2014 STX 46 Supersport spaja najbolje od oba svijeta.  \u00d6hlins STX 46 Supersport amortizer za KTM RC 390 (2015\u20132021) koristi na\u0161 provjereni monotube dizajn s plinom tla\u010denim sustavom i vanjskim spremnikom montiranim na crijevu. Ova konfiguracija osigurava optimalnu ravnote\u017eu tlaka i temperature, pru\u017eaju\u0107i dosljedne performanse prigu\u0161enja u ekstremnim uvjetima.  Uz podesivo kompresijsko i povratno prigu\u0161enje, mo\u017eete savr\u0161eno prilagoditi postavke \u2014 bilo za vo\u017enju na stazi ili otvorenoj cesti. Za dodatnu prilagodbu vo\u017enje, amortizer je opremljen regulatorom duljine koji omogu\u0107uje promjenu visine motocikla bez kompromisa u hodu ovjesa.  TEHNI\u010cKI PODACI  Duljina: 300 +9\/-3 mm Hod: 63 mm Krutost N\/mm: 105 N\/mm Pozicija: stra\u017enja Ugra\u0111ena opruga: 61091-36","og_url":"https:\/\/rapidomotosport.hr\/en\/proizvod\/ktm-rc-390-ohlins-stx-46-supersport-shock-absorber-2015-2021\/","og_site_name":"Rapido Motosport","article_modified_time":"2026-04-23T16:17:37+00:00","og_image":[{"width":2048,"height":1536,"url":"https:\/\/rapidomotosport.hr\/wp-content\/uploads\/2026\/04\/arbo-105.png","type":"image\/png"}],"twitter_card":"summary_large_image","twitter_misc":{"Est. reading time":"1 minute"},"schema":{"@context":"https:\/\/schema.org","@graph":[{"@type":"WebPage","@id":"https:\/\/rapidomotosport.hr\/en\/proizvod\/ktm-rc-390-ohlins-stx-46-supersport-shock-absorber-2015-2021\/","url":"https:\/\/rapidomotosport.hr\/en\/proizvod\/ktm-rc-390-ohlins-stx-46-supersport-shock-absorber-2015-2021\/","name":"KTM RC 390 \u00d6HLINS STX 46 SUPERSPORT SHOCK ABSORBER 2015-2021 - Rapido Motosport","isPartOf":{"@id":"https:\/\/rapidomotosport.hr\/en\/#website"},"primaryImageOfPage":{"@id":"https:\/\/rapidomotosport.hr\/en\/proizvod\/ktm-rc-390-ohlins-stx-46-supersport-shock-absorber-2015-2021\/#primaryimage"},"image":{"@id":"https:\/\/rapidomotosport.hr\/en\/proizvod\/ktm-rc-390-ohlins-stx-46-supersport-shock-absorber-2015-2021\/#primaryimage"},"thumbnailUrl":"https:\/\/rapidomotosport.hr\/wp-content\/uploads\/2026\/04\/arbo-105.png","datePublished":"2026-04-23T16:17:09+00:00","dateModified":"2026-04-23T16:17:37+00:00","breadcrumb":{"@id":"https:\/\/rapidomotosport.hr\/en\/proizvod\/ktm-rc-390-ohlins-stx-46-supersport-shock-absorber-2015-2021\/#breadcrumb"},"inLanguage":"en-US","potentialAction":[{"@type":"ReadAction","target":["https:\/\/rapidomotosport.hr\/en\/proizvod\/ktm-rc-390-ohlins-stx-46-supersport-shock-absorber-2015-2021\/"]}]},{"@type":"ImageObject","inLanguage":"en-US","@id":"https:\/\/rapidomotosport.hr\/en\/proizvod\/ktm-rc-390-ohlins-stx-46-supersport-shock-absorber-2015-2021\/#primaryimage","url":"https:\/\/rapidomotosport.hr\/wp-content\/uploads\/2026\/04\/arbo-105.png","contentUrl":"https:\/\/rapidomotosport.hr\/wp-content\/uploads\/2026\/04\/arbo-105.png","width":2048,"height":1536},{"@type":"BreadcrumbList","@id":"https:\/\/rapidomotosport.hr\/en\/proizvod\/ktm-rc-390-ohlins-stx-46-supersport-shock-absorber-2015-2021\/#breadcrumb","itemListElement":[{"@type":"ListItem","position":1,"name":"Po\u010detna stranica","item":"https:\/\/rapidomotosport.hr\/en\/"},{"@type":"ListItem","position":2,"name":"Shop","item":"https:\/\/rapidomotosport.hr\/en\/shop\/"},{"@type":"ListItem","position":3,"name":"KTM RC 390 \u00d6HLINS STX 46 SUPERSPORT SHOCK ABSORBER 2015-2021"}]},{"@type":"WebSite","@id":"https:\/\/rapidomotosport.hr\/en\/#website","url":"https:\/\/rapidomotosport.hr\/en\/","name":"Rapido Motosport","description":"","potentialAction":[{"@type":"SearchAction","target":{"@type":"EntryPoint","urlTemplate":"https:\/\/rapidomotosport.hr\/en\/?s={search_term_string}"},"query-input":{"@type":"PropertyValueSpecification","valueRequired":true,"valueName":"search_term_string"}}],"inLanguage":"en-US"}]}},"_links":{"self":[{"href":"https:\/\/rapidomotosport.hr\/en\/wp-json\/wp\/v2\/product\/55108","targetHints":{"allow":["GET"]}}],"collection":[{"href":"https:\/\/rapidomotosport.hr\/en\/wp-json\/wp\/v2\/product"}],"about":[{"href":"https:\/\/rapidomotosport.hr\/en\/wp-json\/wp\/v2\/types\/product"}],"wp:featuredmedia":[{"embeddable":true,"href":"https:\/\/rapidomotosport.hr\/en\/wp-json\/wp\/v2\/media\/55109"}],"wp:attachment":[{"href":"https:\/\/rapidomotosport.hr\/en\/wp-json\/wp\/v2\/media?parent=55108"}],"wp:term":[{"taxonomy":"product_brand","embeddable":true,"href":"https:\/\/rapidomotosport.hr\/en\/wp-json\/wp\/v2\/product_brand?post=55108"},{"taxonomy":"product_cat","embeddable":true,"href":"https:\/\/rapidomotosport.hr\/en\/wp-json\/wp\/v2\/product_cat?post=55108"},{"taxonomy":"product_tag","embeddable":true,"href":"https:\/\/rapidomotosport.hr\/en\/wp-json\/wp\/v2\/product_tag?post=55108"}],"curies":[{"name":"wp","href":"https:\/\/api.w.org\/{rel}","templated":true}]}}