{"id":55129,"date":"2026-04-27T23:01:47","date_gmt":"2026-04-27T21:01:47","guid":{"rendered":"https:\/\/rapidomotosport.hr\/?post_type=product&#038;p=55129"},"modified":"2026-04-27T23:04:56","modified_gmt":"2026-04-27T21:04:56","slug":"kawasaki-ninja-250-r-ohlins-stx-36-supersport-shock-absorber-2013-2018","status":"publish","type":"product","link":"https:\/\/rapidomotosport.hr\/en\/proizvod\/kawasaki-ninja-250-r-ohlins-stx-36-supersport-shock-absorber-2013-2018\/","title":{"rendered":"KAWASAKI NINJA 250 R \u00d6HLINS STX 36 SUPERSPORT SHOCK ABSORBER 2013-2018"},"content":{"rendered":"","protected":false},"excerpt":{"rendered":"<p>\u00d6hlins STX36 Street Performance postavlja standard u performansama, udobnosti i trajnosti. Razvijen za \u0161irok raspon modela cestovnih motocikala, ovi amortizeri pru\u017eaju dosljedne i pouzdane karakteristike prigu\u0161enja na cesti. Nudimo i mono i twin amortizere, ovisno o primjeni.<\/p>\n<p>Na\u0161 potpuno podesivi STX36 Street amortizer za Kawasaki Ninja 250 i Kawasaki Ninja 300 ima monotubni dizajn, s plinski tla\u010denim sustavom i vanjskim spremnikom spojenim crijevom kako bi se odr\u017eala optimalna ravnote\u017ea temperature i tlaka u ekstremnim uvjetima. Uklju\u010duje \u00d6hlins STX tehnologiju koja omogu\u0107uje primjetno gla\u0111e i pouzdanije prigu\u0161enje \u2013 osobito pri skretanju i prolasku kroz zavoje.<\/p>\n<p>Podesivo kompresijsko i povratno prigu\u0161enje omogu\u0107uju vam promjenu pona\u0161anja amortizera u skladu s uvjetima vo\u017enje. Prednaprezanje opruge mo\u017ee se podesiti prilo\u017eenim alatima od obra\u0111enog metala kako bi se prilagodilo razli\u010ditim optere\u0107enjima, osiguravaju\u0107i pravilnu geometriju pri svakoj vo\u017enji. Za dodatnu personalizaciju postavki, mo\u017eete podesiti duljinu amortizera i promijeniti polo\u017eaj motocikla.<\/p>\n<p>TEHNI\u010cKI PODACI<\/p>\n<p>Duljina: 320 +6\/-2 mm<br \/>\nHod: 63 mm<br \/>\nKrutost opruge: 80 N\/mm<br \/>\nUgra\u0111ena opruga: 00281-57<\/p>\n","protected":false},"featured_media":55130,"template":"","meta":[],"product_brand":[],"product_cat":[1254],"product_tag":[],"class_list":{"0":"post-55129","1":"product","2":"type-product","3":"status-publish","4":"has-post-thumbnail","6":"product_cat-ohlins","8":"first","9":"instock","10":"sale","11":"shipping-taxable","12":"purchasable","13":"product-type-simple"},"yoast_head":"<!-- This site is optimized with the Yoast SEO plugin v27.5 - https:\/\/yoast.com\/product\/yoast-seo-wordpress\/ -->\n<title>KAWASAKI NINJA 250 R \u00d6HLINS STX 36 SUPERSPORT SHOCK ABSORBER 2013-2018 - Rapido Motosport<\/title>\n<meta name=\"robots\" content=\"index, follow, max-snippet:-1, max-image-preview:large, max-video-preview:-1\" \/>\n<link rel=\"canonical\" href=\"https:\/\/rapidomotosport.hr\/en\/proizvod\/kawasaki-ninja-250-r-ohlins-stx-36-supersport-shock-absorber-2013-2018\/\" \/>\n<meta property=\"og:locale\" content=\"en_US\" \/>\n<meta property=\"og:type\" content=\"article\" \/>\n<meta property=\"og:title\" content=\"KAWASAKI NINJA 250 R \u00d6HLINS STX 36 SUPERSPORT SHOCK ABSORBER 2013-2018 - Rapido Motosport\" \/>\n<meta property=\"og:description\" content=\"\u00d6hlins STX36 Street Performance postavlja standard u performansama, udobnosti i trajnosti. Razvijen za \u0161irok raspon modela cestovnih motocikala, ovi amortizeri pru\u017eaju dosljedne i pouzdane karakteristike prigu\u0161enja na cesti. Nudimo i mono i twin amortizere, ovisno o primjeni.  Na\u0161 potpuno podesivi STX36 Street amortizer za Kawasaki Ninja 250 i Kawasaki Ninja 300 ima monotubni dizajn, s plinski tla\u010denim sustavom i vanjskim spremnikom spojenim crijevom kako bi se odr\u017eala optimalna ravnote\u017ea temperature i tlaka u ekstremnim uvjetima. Uklju\u010duje \u00d6hlins STX tehnologiju koja omogu\u0107uje primjetno gla\u0111e i pouzdanije prigu\u0161enje \u2013 osobito pri skretanju i prolasku kroz zavoje.  Podesivo kompresijsko i povratno prigu\u0161enje omogu\u0107uju vam promjenu pona\u0161anja amortizera u skladu s uvjetima vo\u017enje. Prednaprezanje opruge mo\u017ee se podesiti prilo\u017eenim alatima od obra\u0111enog metala kako bi se prilagodilo razli\u010ditim optere\u0107enjima, osiguravaju\u0107i pravilnu geometriju pri svakoj vo\u017enji. Za dodatnu personalizaciju postavki, mo\u017eete podesiti duljinu amortizera i promijeniti polo\u017eaj motocikla.  TEHNI\u010cKI PODACI  Duljina: 320 +6\/-2 mm Hod: 63 mm Krutost opruge: 80 N\/mm Ugra\u0111ena opruga: 00281-57\" \/>\n<meta property=\"og:url\" content=\"https:\/\/rapidomotosport.hr\/en\/proizvod\/kawasaki-ninja-250-r-ohlins-stx-36-supersport-shock-absorber-2013-2018\/\" \/>\n<meta property=\"og:site_name\" content=\"Rapido Motosport\" \/>\n<meta property=\"article:modified_time\" content=\"2026-04-27T21:04:56+00:00\" \/>\n<meta property=\"og:image\" content=\"https:\/\/rapidomotosport.hr\/wp-content\/uploads\/2026\/04\/arbo-106.png\" \/>\n\t<meta property=\"og:image:width\" content=\"2048\" \/>\n\t<meta property=\"og:image:height\" content=\"1536\" \/>\n\t<meta property=\"og:image:type\" content=\"image\/png\" \/>\n<meta name=\"twitter:card\" content=\"summary_large_image\" \/>\n<script type=\"application\/ld+json\" class=\"yoast-schema-graph\">{\"@context\":\"https:\\\/\\\/schema.org\",\"@graph\":[{\"@type\":\"WebPage\",\"@id\":\"https:\\\/\\\/rapidomotosport.hr\\\/en\\\/proizvod\\\/kawasaki-ninja-250-r-ohlins-stx-36-supersport-shock-absorber-2013-2018\\\/\",\"url\":\"https:\\\/\\\/rapidomotosport.hr\\\/en\\\/proizvod\\\/kawasaki-ninja-250-r-ohlins-stx-36-supersport-shock-absorber-2013-2018\\\/\",\"name\":\"KAWASAKI NINJA 250 R \u00d6HLINS STX 36 SUPERSPORT SHOCK ABSORBER 2013-2018 - Rapido Motosport\",\"isPartOf\":{\"@id\":\"https:\\\/\\\/rapidomotosport.hr\\\/en\\\/#website\"},\"primaryImageOfPage\":{\"@id\":\"https:\\\/\\\/rapidomotosport.hr\\\/en\\\/proizvod\\\/kawasaki-ninja-250-r-ohlins-stx-36-supersport-shock-absorber-2013-2018\\\/#primaryimage\"},\"image\":{\"@id\":\"https:\\\/\\\/rapidomotosport.hr\\\/en\\\/proizvod\\\/kawasaki-ninja-250-r-ohlins-stx-36-supersport-shock-absorber-2013-2018\\\/#primaryimage\"},\"thumbnailUrl\":\"https:\\\/\\\/rapidomotosport.hr\\\/wp-content\\\/uploads\\\/2026\\\/04\\\/arbo-106.png\",\"datePublished\":\"2026-04-27T21:01:47+00:00\",\"dateModified\":\"2026-04-27T21:04:56+00:00\",\"breadcrumb\":{\"@id\":\"https:\\\/\\\/rapidomotosport.hr\\\/en\\\/proizvod\\\/kawasaki-ninja-250-r-ohlins-stx-36-supersport-shock-absorber-2013-2018\\\/#breadcrumb\"},\"inLanguage\":\"en-US\",\"potentialAction\":[{\"@type\":\"ReadAction\",\"target\":[\"https:\\\/\\\/rapidomotosport.hr\\\/en\\\/proizvod\\\/kawasaki-ninja-250-r-ohlins-stx-36-supersport-shock-absorber-2013-2018\\\/\"]}]},{\"@type\":\"ImageObject\",\"inLanguage\":\"en-US\",\"@id\":\"https:\\\/\\\/rapidomotosport.hr\\\/en\\\/proizvod\\\/kawasaki-ninja-250-r-ohlins-stx-36-supersport-shock-absorber-2013-2018\\\/#primaryimage\",\"url\":\"https:\\\/\\\/rapidomotosport.hr\\\/wp-content\\\/uploads\\\/2026\\\/04\\\/arbo-106.png\",\"contentUrl\":\"https:\\\/\\\/rapidomotosport.hr\\\/wp-content\\\/uploads\\\/2026\\\/04\\\/arbo-106.png\",\"width\":2048,\"height\":1536},{\"@type\":\"BreadcrumbList\",\"@id\":\"https:\\\/\\\/rapidomotosport.hr\\\/en\\\/proizvod\\\/kawasaki-ninja-250-r-ohlins-stx-36-supersport-shock-absorber-2013-2018\\\/#breadcrumb\",\"itemListElement\":[{\"@type\":\"ListItem\",\"position\":1,\"name\":\"Po\u010detna stranica\",\"item\":\"https:\\\/\\\/rapidomotosport.hr\\\/en\\\/\"},{\"@type\":\"ListItem\",\"position\":2,\"name\":\"Shop\",\"item\":\"https:\\\/\\\/rapidomotosport.hr\\\/en\\\/shop\\\/\"},{\"@type\":\"ListItem\",\"position\":3,\"name\":\"KAWASAKI NINJA 250 R \u00d6HLINS STX 36 SUPERSPORT SHOCK ABSORBER 2013-2018\"}]},{\"@type\":\"WebSite\",\"@id\":\"https:\\\/\\\/rapidomotosport.hr\\\/en\\\/#website\",\"url\":\"https:\\\/\\\/rapidomotosport.hr\\\/en\\\/\",\"name\":\"Rapido Motosport\",\"description\":\"\",\"potentialAction\":[{\"@type\":\"SearchAction\",\"target\":{\"@type\":\"EntryPoint\",\"urlTemplate\":\"https:\\\/\\\/rapidomotosport.hr\\\/en\\\/?s={search_term_string}\"},\"query-input\":{\"@type\":\"PropertyValueSpecification\",\"valueRequired\":true,\"valueName\":\"search_term_string\"}}],\"inLanguage\":\"en-US\"}]}<\/script>\n<!-- \/ Yoast SEO plugin. -->","yoast_head_json":{"title":"KAWASAKI NINJA 250 R \u00d6HLINS STX 36 SUPERSPORT SHOCK ABSORBER 2013-2018 - Rapido Motosport","robots":{"index":"index","follow":"follow","max-snippet":"max-snippet:-1","max-image-preview":"max-image-preview:large","max-video-preview":"max-video-preview:-1"},"canonical":"https:\/\/rapidomotosport.hr\/en\/proizvod\/kawasaki-ninja-250-r-ohlins-stx-36-supersport-shock-absorber-2013-2018\/","og_locale":"en_US","og_type":"article","og_title":"KAWASAKI NINJA 250 R \u00d6HLINS STX 36 SUPERSPORT SHOCK ABSORBER 2013-2018 - Rapido Motosport","og_description":"\u00d6hlins STX36 Street Performance postavlja standard u performansama, udobnosti i trajnosti. Razvijen za \u0161irok raspon modela cestovnih motocikala, ovi amortizeri pru\u017eaju dosljedne i pouzdane karakteristike prigu\u0161enja na cesti. Nudimo i mono i twin amortizere, ovisno o primjeni.  Na\u0161 potpuno podesivi STX36 Street amortizer za Kawasaki Ninja 250 i Kawasaki Ninja 300 ima monotubni dizajn, s plinski tla\u010denim sustavom i vanjskim spremnikom spojenim crijevom kako bi se odr\u017eala optimalna ravnote\u017ea temperature i tlaka u ekstremnim uvjetima. Uklju\u010duje \u00d6hlins STX tehnologiju koja omogu\u0107uje primjetno gla\u0111e i pouzdanije prigu\u0161enje \u2013 osobito pri skretanju i prolasku kroz zavoje.  Podesivo kompresijsko i povratno prigu\u0161enje omogu\u0107uju vam promjenu pona\u0161anja amortizera u skladu s uvjetima vo\u017enje. Prednaprezanje opruge mo\u017ee se podesiti prilo\u017eenim alatima od obra\u0111enog metala kako bi se prilagodilo razli\u010ditim optere\u0107enjima, osiguravaju\u0107i pravilnu geometriju pri svakoj vo\u017enji. Za dodatnu personalizaciju postavki, mo\u017eete podesiti duljinu amortizera i promijeniti polo\u017eaj motocikla.  TEHNI\u010cKI PODACI  Duljina: 320 +6\/-2 mm Hod: 63 mm Krutost opruge: 80 N\/mm Ugra\u0111ena opruga: 00281-57","og_url":"https:\/\/rapidomotosport.hr\/en\/proizvod\/kawasaki-ninja-250-r-ohlins-stx-36-supersport-shock-absorber-2013-2018\/","og_site_name":"Rapido Motosport","article_modified_time":"2026-04-27T21:04:56+00:00","og_image":[{"width":2048,"height":1536,"url":"https:\/\/rapidomotosport.hr\/wp-content\/uploads\/2026\/04\/arbo-106.png","type":"image\/png"}],"twitter_card":"summary_large_image","schema":{"@context":"https:\/\/schema.org","@graph":[{"@type":"WebPage","@id":"https:\/\/rapidomotosport.hr\/en\/proizvod\/kawasaki-ninja-250-r-ohlins-stx-36-supersport-shock-absorber-2013-2018\/","url":"https:\/\/rapidomotosport.hr\/en\/proizvod\/kawasaki-ninja-250-r-ohlins-stx-36-supersport-shock-absorber-2013-2018\/","name":"KAWASAKI NINJA 250 R \u00d6HLINS STX 36 SUPERSPORT SHOCK ABSORBER 2013-2018 - Rapido Motosport","isPartOf":{"@id":"https:\/\/rapidomotosport.hr\/en\/#website"},"primaryImageOfPage":{"@id":"https:\/\/rapidomotosport.hr\/en\/proizvod\/kawasaki-ninja-250-r-ohlins-stx-36-supersport-shock-absorber-2013-2018\/#primaryimage"},"image":{"@id":"https:\/\/rapidomotosport.hr\/en\/proizvod\/kawasaki-ninja-250-r-ohlins-stx-36-supersport-shock-absorber-2013-2018\/#primaryimage"},"thumbnailUrl":"https:\/\/rapidomotosport.hr\/wp-content\/uploads\/2026\/04\/arbo-106.png","datePublished":"2026-04-27T21:01:47+00:00","dateModified":"2026-04-27T21:04:56+00:00","breadcrumb":{"@id":"https:\/\/rapidomotosport.hr\/en\/proizvod\/kawasaki-ninja-250-r-ohlins-stx-36-supersport-shock-absorber-2013-2018\/#breadcrumb"},"inLanguage":"en-US","potentialAction":[{"@type":"ReadAction","target":["https:\/\/rapidomotosport.hr\/en\/proizvod\/kawasaki-ninja-250-r-ohlins-stx-36-supersport-shock-absorber-2013-2018\/"]}]},{"@type":"ImageObject","inLanguage":"en-US","@id":"https:\/\/rapidomotosport.hr\/en\/proizvod\/kawasaki-ninja-250-r-ohlins-stx-36-supersport-shock-absorber-2013-2018\/#primaryimage","url":"https:\/\/rapidomotosport.hr\/wp-content\/uploads\/2026\/04\/arbo-106.png","contentUrl":"https:\/\/rapidomotosport.hr\/wp-content\/uploads\/2026\/04\/arbo-106.png","width":2048,"height":1536},{"@type":"BreadcrumbList","@id":"https:\/\/rapidomotosport.hr\/en\/proizvod\/kawasaki-ninja-250-r-ohlins-stx-36-supersport-shock-absorber-2013-2018\/#breadcrumb","itemListElement":[{"@type":"ListItem","position":1,"name":"Po\u010detna stranica","item":"https:\/\/rapidomotosport.hr\/en\/"},{"@type":"ListItem","position":2,"name":"Shop","item":"https:\/\/rapidomotosport.hr\/en\/shop\/"},{"@type":"ListItem","position":3,"name":"KAWASAKI NINJA 250 R \u00d6HLINS STX 36 SUPERSPORT SHOCK ABSORBER 2013-2018"}]},{"@type":"WebSite","@id":"https:\/\/rapidomotosport.hr\/en\/#website","url":"https:\/\/rapidomotosport.hr\/en\/","name":"Rapido Motosport","description":"","potentialAction":[{"@type":"SearchAction","target":{"@type":"EntryPoint","urlTemplate":"https:\/\/rapidomotosport.hr\/en\/?s={search_term_string}"},"query-input":{"@type":"PropertyValueSpecification","valueRequired":true,"valueName":"search_term_string"}}],"inLanguage":"en-US"}]}},"_links":{"self":[{"href":"https:\/\/rapidomotosport.hr\/en\/wp-json\/wp\/v2\/product\/55129","targetHints":{"allow":["GET"]}}],"collection":[{"href":"https:\/\/rapidomotosport.hr\/en\/wp-json\/wp\/v2\/product"}],"about":[{"href":"https:\/\/rapidomotosport.hr\/en\/wp-json\/wp\/v2\/types\/product"}],"wp:featuredmedia":[{"embeddable":true,"href":"https:\/\/rapidomotosport.hr\/en\/wp-json\/wp\/v2\/media\/55130"}],"wp:attachment":[{"href":"https:\/\/rapidomotosport.hr\/en\/wp-json\/wp\/v2\/media?parent=55129"}],"wp:term":[{"taxonomy":"product_brand","embeddable":true,"href":"https:\/\/rapidomotosport.hr\/en\/wp-json\/wp\/v2\/product_brand?post=55129"},{"taxonomy":"product_cat","embeddable":true,"href":"https:\/\/rapidomotosport.hr\/en\/wp-json\/wp\/v2\/product_cat?post=55129"},{"taxonomy":"product_tag","embeddable":true,"href":"https:\/\/rapidomotosport.hr\/en\/wp-json\/wp\/v2\/product_tag?post=55129"}],"curies":[{"name":"wp","href":"https:\/\/api.w.org\/{rel}","templated":true}]}}