{"id":55150,"date":"2026-04-28T22:22:59","date_gmt":"2026-04-28T20:22:59","guid":{"rendered":"https:\/\/rapidomotosport.hr\/?post_type=product&#038;p=55150"},"modified":"2026-04-28T22:24:23","modified_gmt":"2026-04-28T20:24:23","slug":"kawasaki-ninja-650-ohlins-fsk-fork-spring-kit-road-track-2017-2022","status":"publish","type":"product","link":"https:\/\/rapidomotosport.hr\/en\/proizvod\/kawasaki-ninja-650-ohlins-fsk-fork-spring-kit-road-track-2017-2022\/","title":{"rendered":"KAWASAKI NINJA 650 \u00d6HLINS FSK FORK SPRING KIT ROAD &#038; TRACK 2017-2022"},"content":{"rendered":"","protected":false},"excerpt":{"rendered":"<p>Ovaj nadogradni komplet za prednje vilice sadr\u017ei opruge prednje vilice, kao i kod nekih motocikala gornje \u010depove s pode\u0161avanjem prednaprezanja opruge, koji standardnoj vilici dodaju dodatnu funkcionalnost i performanse (molimo pogledajte upute za monta\u017eu kako biste provjerili jesu li gornji \u010depovi podesivi ili ne).<\/p>\n<p>TEHNI\u010cKI PODACI<\/p>\n<p>Ugra\u0111ena opruga: 86004-85<br \/>\nPakirna jedinica: komplet<\/p>\n","protected":false},"featured_media":54937,"template":"","meta":[],"product_brand":[],"product_cat":[1254],"product_tag":[],"class_list":{"0":"post-55150","1":"product","2":"type-product","3":"status-publish","4":"has-post-thumbnail","6":"product_cat-ohlins","8":"first","9":"instock","10":"sale","11":"shipping-taxable","12":"purchasable","13":"product-type-simple"},"yoast_head":"<!-- This site is optimized with the Yoast SEO plugin v27.5 - https:\/\/yoast.com\/product\/yoast-seo-wordpress\/ -->\n<title>KAWASAKI NINJA 650 \u00d6HLINS FSK FORK SPRING KIT ROAD &amp; TRACK 2017-2022 - Rapido Motosport<\/title>\n<meta name=\"robots\" content=\"index, follow, max-snippet:-1, max-image-preview:large, max-video-preview:-1\" \/>\n<link rel=\"canonical\" href=\"https:\/\/rapidomotosport.hr\/en\/proizvod\/kawasaki-ninja-650-ohlins-fsk-fork-spring-kit-road-track-2017-2022\/\" \/>\n<meta property=\"og:locale\" content=\"en_US\" \/>\n<meta property=\"og:type\" content=\"article\" \/>\n<meta property=\"og:title\" content=\"KAWASAKI NINJA 650 \u00d6HLINS FSK FORK SPRING KIT ROAD &amp; TRACK 2017-2022 - Rapido Motosport\" \/>\n<meta property=\"og:description\" content=\"Ovaj nadogradni komplet za prednje vilice sadr\u017ei opruge prednje vilice, kao i kod nekih motocikala gornje \u010depove s pode\u0161avanjem prednaprezanja opruge, koji standardnoj vilici dodaju dodatnu funkcionalnost i performanse (molimo pogledajte upute za monta\u017eu kako biste provjerili jesu li gornji \u010depovi podesivi ili ne).  TEHNI\u010cKI PODACI  Ugra\u0111ena opruga: 86004-85 Pakirna jedinica: komplet\" \/>\n<meta property=\"og:url\" content=\"https:\/\/rapidomotosport.hr\/en\/proizvod\/kawasaki-ninja-650-ohlins-fsk-fork-spring-kit-road-track-2017-2022\/\" \/>\n<meta property=\"og:site_name\" content=\"Rapido Motosport\" \/>\n<meta property=\"article:modified_time\" content=\"2026-04-28T20:24:23+00:00\" \/>\n<meta property=\"og:image\" content=\"https:\/\/rapidomotosport.hr\/wp-content\/uploads\/2026\/04\/arbo-86.png\" \/>\n\t<meta property=\"og:image:width\" content=\"2048\" \/>\n\t<meta property=\"og:image:height\" content=\"1536\" \/>\n\t<meta property=\"og:image:type\" content=\"image\/png\" \/>\n<meta name=\"twitter:card\" content=\"summary_large_image\" \/>\n<script type=\"application\/ld+json\" class=\"yoast-schema-graph\">{\"@context\":\"https:\\\/\\\/schema.org\",\"@graph\":[{\"@type\":\"WebPage\",\"@id\":\"https:\\\/\\\/rapidomotosport.hr\\\/en\\\/proizvod\\\/kawasaki-ninja-650-ohlins-fsk-fork-spring-kit-road-track-2017-2022\\\/\",\"url\":\"https:\\\/\\\/rapidomotosport.hr\\\/en\\\/proizvod\\\/kawasaki-ninja-650-ohlins-fsk-fork-spring-kit-road-track-2017-2022\\\/\",\"name\":\"KAWASAKI NINJA 650 \u00d6HLINS FSK FORK SPRING KIT ROAD & TRACK 2017-2022 - Rapido Motosport\",\"isPartOf\":{\"@id\":\"https:\\\/\\\/rapidomotosport.hr\\\/en\\\/#website\"},\"primaryImageOfPage\":{\"@id\":\"https:\\\/\\\/rapidomotosport.hr\\\/en\\\/proizvod\\\/kawasaki-ninja-650-ohlins-fsk-fork-spring-kit-road-track-2017-2022\\\/#primaryimage\"},\"image\":{\"@id\":\"https:\\\/\\\/rapidomotosport.hr\\\/en\\\/proizvod\\\/kawasaki-ninja-650-ohlins-fsk-fork-spring-kit-road-track-2017-2022\\\/#primaryimage\"},\"thumbnailUrl\":\"https:\\\/\\\/rapidomotosport.hr\\\/wp-content\\\/uploads\\\/2026\\\/04\\\/arbo-86.png\",\"datePublished\":\"2026-04-28T20:22:59+00:00\",\"dateModified\":\"2026-04-28T20:24:23+00:00\",\"breadcrumb\":{\"@id\":\"https:\\\/\\\/rapidomotosport.hr\\\/en\\\/proizvod\\\/kawasaki-ninja-650-ohlins-fsk-fork-spring-kit-road-track-2017-2022\\\/#breadcrumb\"},\"inLanguage\":\"en-US\",\"potentialAction\":[{\"@type\":\"ReadAction\",\"target\":[\"https:\\\/\\\/rapidomotosport.hr\\\/en\\\/proizvod\\\/kawasaki-ninja-650-ohlins-fsk-fork-spring-kit-road-track-2017-2022\\\/\"]}]},{\"@type\":\"ImageObject\",\"inLanguage\":\"en-US\",\"@id\":\"https:\\\/\\\/rapidomotosport.hr\\\/en\\\/proizvod\\\/kawasaki-ninja-650-ohlins-fsk-fork-spring-kit-road-track-2017-2022\\\/#primaryimage\",\"url\":\"https:\\\/\\\/rapidomotosport.hr\\\/wp-content\\\/uploads\\\/2026\\\/04\\\/arbo-86.png\",\"contentUrl\":\"https:\\\/\\\/rapidomotosport.hr\\\/wp-content\\\/uploads\\\/2026\\\/04\\\/arbo-86.png\",\"width\":2048,\"height\":1536},{\"@type\":\"BreadcrumbList\",\"@id\":\"https:\\\/\\\/rapidomotosport.hr\\\/en\\\/proizvod\\\/kawasaki-ninja-650-ohlins-fsk-fork-spring-kit-road-track-2017-2022\\\/#breadcrumb\",\"itemListElement\":[{\"@type\":\"ListItem\",\"position\":1,\"name\":\"Po\u010detna stranica\",\"item\":\"https:\\\/\\\/rapidomotosport.hr\\\/en\\\/\"},{\"@type\":\"ListItem\",\"position\":2,\"name\":\"Shop\",\"item\":\"https:\\\/\\\/rapidomotosport.hr\\\/en\\\/shop\\\/\"},{\"@type\":\"ListItem\",\"position\":3,\"name\":\"KAWASAKI NINJA 650 \u00d6HLINS FSK FORK SPRING KIT ROAD &#038; TRACK 2017-2022\"}]},{\"@type\":\"WebSite\",\"@id\":\"https:\\\/\\\/rapidomotosport.hr\\\/en\\\/#website\",\"url\":\"https:\\\/\\\/rapidomotosport.hr\\\/en\\\/\",\"name\":\"Rapido Motosport\",\"description\":\"\",\"potentialAction\":[{\"@type\":\"SearchAction\",\"target\":{\"@type\":\"EntryPoint\",\"urlTemplate\":\"https:\\\/\\\/rapidomotosport.hr\\\/en\\\/?s={search_term_string}\"},\"query-input\":{\"@type\":\"PropertyValueSpecification\",\"valueRequired\":true,\"valueName\":\"search_term_string\"}}],\"inLanguage\":\"en-US\"}]}<\/script>\n<!-- \/ Yoast SEO plugin. -->","yoast_head_json":{"title":"KAWASAKI NINJA 650 \u00d6HLINS FSK FORK SPRING KIT ROAD & TRACK 2017-2022 - Rapido Motosport","robots":{"index":"index","follow":"follow","max-snippet":"max-snippet:-1","max-image-preview":"max-image-preview:large","max-video-preview":"max-video-preview:-1"},"canonical":"https:\/\/rapidomotosport.hr\/en\/proizvod\/kawasaki-ninja-650-ohlins-fsk-fork-spring-kit-road-track-2017-2022\/","og_locale":"en_US","og_type":"article","og_title":"KAWASAKI NINJA 650 \u00d6HLINS FSK FORK SPRING KIT ROAD & TRACK 2017-2022 - Rapido Motosport","og_description":"Ovaj nadogradni komplet za prednje vilice sadr\u017ei opruge prednje vilice, kao i kod nekih motocikala gornje \u010depove s pode\u0161avanjem prednaprezanja opruge, koji standardnoj vilici dodaju dodatnu funkcionalnost i performanse (molimo pogledajte upute za monta\u017eu kako biste provjerili jesu li gornji \u010depovi podesivi ili ne).  TEHNI\u010cKI PODACI  Ugra\u0111ena opruga: 86004-85 Pakirna jedinica: komplet","og_url":"https:\/\/rapidomotosport.hr\/en\/proizvod\/kawasaki-ninja-650-ohlins-fsk-fork-spring-kit-road-track-2017-2022\/","og_site_name":"Rapido Motosport","article_modified_time":"2026-04-28T20:24:23+00:00","og_image":[{"width":2048,"height":1536,"url":"https:\/\/rapidomotosport.hr\/wp-content\/uploads\/2026\/04\/arbo-86.png","type":"image\/png"}],"twitter_card":"summary_large_image","schema":{"@context":"https:\/\/schema.org","@graph":[{"@type":"WebPage","@id":"https:\/\/rapidomotosport.hr\/en\/proizvod\/kawasaki-ninja-650-ohlins-fsk-fork-spring-kit-road-track-2017-2022\/","url":"https:\/\/rapidomotosport.hr\/en\/proizvod\/kawasaki-ninja-650-ohlins-fsk-fork-spring-kit-road-track-2017-2022\/","name":"KAWASAKI NINJA 650 \u00d6HLINS FSK FORK SPRING KIT ROAD & TRACK 2017-2022 - Rapido Motosport","isPartOf":{"@id":"https:\/\/rapidomotosport.hr\/en\/#website"},"primaryImageOfPage":{"@id":"https:\/\/rapidomotosport.hr\/en\/proizvod\/kawasaki-ninja-650-ohlins-fsk-fork-spring-kit-road-track-2017-2022\/#primaryimage"},"image":{"@id":"https:\/\/rapidomotosport.hr\/en\/proizvod\/kawasaki-ninja-650-ohlins-fsk-fork-spring-kit-road-track-2017-2022\/#primaryimage"},"thumbnailUrl":"https:\/\/rapidomotosport.hr\/wp-content\/uploads\/2026\/04\/arbo-86.png","datePublished":"2026-04-28T20:22:59+00:00","dateModified":"2026-04-28T20:24:23+00:00","breadcrumb":{"@id":"https:\/\/rapidomotosport.hr\/en\/proizvod\/kawasaki-ninja-650-ohlins-fsk-fork-spring-kit-road-track-2017-2022\/#breadcrumb"},"inLanguage":"en-US","potentialAction":[{"@type":"ReadAction","target":["https:\/\/rapidomotosport.hr\/en\/proizvod\/kawasaki-ninja-650-ohlins-fsk-fork-spring-kit-road-track-2017-2022\/"]}]},{"@type":"ImageObject","inLanguage":"en-US","@id":"https:\/\/rapidomotosport.hr\/en\/proizvod\/kawasaki-ninja-650-ohlins-fsk-fork-spring-kit-road-track-2017-2022\/#primaryimage","url":"https:\/\/rapidomotosport.hr\/wp-content\/uploads\/2026\/04\/arbo-86.png","contentUrl":"https:\/\/rapidomotosport.hr\/wp-content\/uploads\/2026\/04\/arbo-86.png","width":2048,"height":1536},{"@type":"BreadcrumbList","@id":"https:\/\/rapidomotosport.hr\/en\/proizvod\/kawasaki-ninja-650-ohlins-fsk-fork-spring-kit-road-track-2017-2022\/#breadcrumb","itemListElement":[{"@type":"ListItem","position":1,"name":"Po\u010detna stranica","item":"https:\/\/rapidomotosport.hr\/en\/"},{"@type":"ListItem","position":2,"name":"Shop","item":"https:\/\/rapidomotosport.hr\/en\/shop\/"},{"@type":"ListItem","position":3,"name":"KAWASAKI NINJA 650 \u00d6HLINS FSK FORK SPRING KIT ROAD &#038; TRACK 2017-2022"}]},{"@type":"WebSite","@id":"https:\/\/rapidomotosport.hr\/en\/#website","url":"https:\/\/rapidomotosport.hr\/en\/","name":"Rapido Motosport","description":"","potentialAction":[{"@type":"SearchAction","target":{"@type":"EntryPoint","urlTemplate":"https:\/\/rapidomotosport.hr\/en\/?s={search_term_string}"},"query-input":{"@type":"PropertyValueSpecification","valueRequired":true,"valueName":"search_term_string"}}],"inLanguage":"en-US"}]}},"_links":{"self":[{"href":"https:\/\/rapidomotosport.hr\/en\/wp-json\/wp\/v2\/product\/55150","targetHints":{"allow":["GET"]}}],"collection":[{"href":"https:\/\/rapidomotosport.hr\/en\/wp-json\/wp\/v2\/product"}],"about":[{"href":"https:\/\/rapidomotosport.hr\/en\/wp-json\/wp\/v2\/types\/product"}],"wp:featuredmedia":[{"embeddable":true,"href":"https:\/\/rapidomotosport.hr\/en\/wp-json\/wp\/v2\/media\/54937"}],"wp:attachment":[{"href":"https:\/\/rapidomotosport.hr\/en\/wp-json\/wp\/v2\/media?parent=55150"}],"wp:term":[{"taxonomy":"product_brand","embeddable":true,"href":"https:\/\/rapidomotosport.hr\/en\/wp-json\/wp\/v2\/product_brand?post=55150"},{"taxonomy":"product_cat","embeddable":true,"href":"https:\/\/rapidomotosport.hr\/en\/wp-json\/wp\/v2\/product_cat?post=55150"},{"taxonomy":"product_tag","embeddable":true,"href":"https:\/\/rapidomotosport.hr\/en\/wp-json\/wp\/v2\/product_tag?post=55150"}],"curies":[{"name":"wp","href":"https:\/\/api.w.org\/{rel}","templated":true}]}}