{"id":55166,"date":"2026-04-28T23:49:48","date_gmt":"2026-04-28T21:49:48","guid":{"rendered":"https:\/\/rapidomotosport.hr\/?post_type=product&#038;p=55166"},"modified":"2026-04-28T23:52:37","modified_gmt":"2026-04-28T21:52:37","slug":"kawasaki-ninja-zx-10r-ohlins-fgrt-upside-down-front-fork-road-track-2011-2015","status":"publish","type":"product","link":"https:\/\/rapidomotosport.hr\/en\/proizvod\/kawasaki-ninja-zx-10r-ohlins-fgrt-upside-down-front-fork-road-track-2011-2015\/","title":{"rendered":"KAWASAKI NINJA ZX-10R \u00d6HLINS FGRT UPSIDE DOWN FRONT FORK ROAD &#038; TRACK 2011-2015"},"content":{"rendered":"","protected":false},"excerpt":{"rendered":"<p>Nije va\u017eno ciljate li na nacionalni naslov u cestovnim utrkama ili jednostavno vozite svoj motocikl na vo\u017enju omiljenom cestom. Nova Road &amp; Track prednja vilica pru\u017eit \u0107e vam visoku razinu performansi, stabilno prigu\u0161enje i izvrsnu udobnost. Nova Road &amp; Track prednja vilica sadr\u017ei \u00d6hlins 30 mm Cartridge Kit, pobjedni\u010dki set kori\u0161ten u nekoliko nacionalnih Superbike prvenstava.<\/p>\n<p>Pode\u0161avanje kompresije i povrata lako se izvodi, pri \u010demu je kompresijsko pode\u0161avanje u jednoj nozi vilice, a pode\u0161avanje povrata u drugoj nozi. Nova prednja vilica donosi zna\u010dajno pobolj\u0161anje osje\u0107aja za gume, podr\u0161ke pri ko\u010denju i op\u0107eg upravljanja motociklom. Vanjski dizajn je redizajniran kako bi ova prednja vilica bila jo\u0161 atraktivnija.<\/p>\n<p>TEHNI\u010cKI PODACI<\/p>\n<p>Duljina: 740 mm<br \/>\nHod: 120 mm<br \/>\nKrutost opruge: 10,0 N\/mm<br \/>\nPolo\u017eaj: prednji<br \/>\nUgra\u0111ena opruga: 04744-10<br \/>\nSerija opruge: 04744-Serie<\/p>\n","protected":false},"featured_media":54750,"template":"","meta":[],"product_brand":[],"product_cat":[1254],"product_tag":[],"class_list":{"0":"post-55166","1":"product","2":"type-product","3":"status-publish","4":"has-post-thumbnail","6":"product_cat-ohlins","8":"first","9":"instock","10":"sale","11":"shipping-taxable","12":"purchasable","13":"product-type-simple"},"yoast_head":"<!-- This site is optimized with the Yoast SEO plugin v27.5 - https:\/\/yoast.com\/product\/yoast-seo-wordpress\/ -->\n<title>KAWASAKI NINJA ZX-10R \u00d6HLINS FGRT UPSIDE DOWN FRONT FORK ROAD &amp; TRACK 2011-2015 - Rapido Motosport<\/title>\n<meta name=\"robots\" content=\"index, follow, max-snippet:-1, max-image-preview:large, max-video-preview:-1\" \/>\n<link rel=\"canonical\" href=\"https:\/\/rapidomotosport.hr\/en\/proizvod\/kawasaki-ninja-zx-10r-ohlins-fgrt-upside-down-front-fork-road-track-2011-2015\/\" \/>\n<meta property=\"og:locale\" content=\"en_US\" \/>\n<meta property=\"og:type\" content=\"article\" \/>\n<meta property=\"og:title\" content=\"KAWASAKI NINJA ZX-10R \u00d6HLINS FGRT UPSIDE DOWN FRONT FORK ROAD &amp; TRACK 2011-2015 - Rapido Motosport\" \/>\n<meta property=\"og:description\" content=\"Nije va\u017eno ciljate li na nacionalni naslov u cestovnim utrkama ili jednostavno vozite svoj motocikl na vo\u017enju omiljenom cestom. Nova Road &amp; Track prednja vilica pru\u017eit \u0107e vam visoku razinu performansi, stabilno prigu\u0161enje i izvrsnu udobnost. Nova Road &amp; Track prednja vilica sadr\u017ei \u00d6hlins 30 mm Cartridge Kit, pobjedni\u010dki set kori\u0161ten u nekoliko nacionalnih Superbike prvenstava.  Pode\u0161avanje kompresije i povrata lako se izvodi, pri \u010demu je kompresijsko pode\u0161avanje u jednoj nozi vilice, a pode\u0161avanje povrata u drugoj nozi. Nova prednja vilica donosi zna\u010dajno pobolj\u0161anje osje\u0107aja za gume, podr\u0161ke pri ko\u010denju i op\u0107eg upravljanja motociklom. Vanjski dizajn je redizajniran kako bi ova prednja vilica bila jo\u0161 atraktivnija.  TEHNI\u010cKI PODACI  Duljina: 740 mm Hod: 120 mm Krutost opruge: 10,0 N\/mm Polo\u017eaj: prednji Ugra\u0111ena opruga: 04744-10 Serija opruge: 04744-Serie\" \/>\n<meta property=\"og:url\" content=\"https:\/\/rapidomotosport.hr\/en\/proizvod\/kawasaki-ninja-zx-10r-ohlins-fgrt-upside-down-front-fork-road-track-2011-2015\/\" \/>\n<meta property=\"og:site_name\" content=\"Rapido Motosport\" \/>\n<meta property=\"article:modified_time\" content=\"2026-04-28T21:52:37+00:00\" \/>\n<meta property=\"og:image\" content=\"https:\/\/rapidomotosport.hr\/wp-content\/uploads\/2026\/04\/arbo-61.png\" \/>\n\t<meta property=\"og:image:width\" content=\"2048\" \/>\n\t<meta property=\"og:image:height\" content=\"1536\" \/>\n\t<meta property=\"og:image:type\" content=\"image\/png\" \/>\n<meta name=\"twitter:card\" content=\"summary_large_image\" \/>\n<script type=\"application\/ld+json\" class=\"yoast-schema-graph\">{\"@context\":\"https:\\\/\\\/schema.org\",\"@graph\":[{\"@type\":\"WebPage\",\"@id\":\"https:\\\/\\\/rapidomotosport.hr\\\/en\\\/proizvod\\\/kawasaki-ninja-zx-10r-ohlins-fgrt-upside-down-front-fork-road-track-2011-2015\\\/\",\"url\":\"https:\\\/\\\/rapidomotosport.hr\\\/en\\\/proizvod\\\/kawasaki-ninja-zx-10r-ohlins-fgrt-upside-down-front-fork-road-track-2011-2015\\\/\",\"name\":\"KAWASAKI NINJA ZX-10R \u00d6HLINS FGRT UPSIDE DOWN FRONT FORK ROAD & TRACK 2011-2015 - Rapido Motosport\",\"isPartOf\":{\"@id\":\"https:\\\/\\\/rapidomotosport.hr\\\/en\\\/#website\"},\"primaryImageOfPage\":{\"@id\":\"https:\\\/\\\/rapidomotosport.hr\\\/en\\\/proizvod\\\/kawasaki-ninja-zx-10r-ohlins-fgrt-upside-down-front-fork-road-track-2011-2015\\\/#primaryimage\"},\"image\":{\"@id\":\"https:\\\/\\\/rapidomotosport.hr\\\/en\\\/proizvod\\\/kawasaki-ninja-zx-10r-ohlins-fgrt-upside-down-front-fork-road-track-2011-2015\\\/#primaryimage\"},\"thumbnailUrl\":\"https:\\\/\\\/rapidomotosport.hr\\\/wp-content\\\/uploads\\\/2026\\\/04\\\/arbo-61.png\",\"datePublished\":\"2026-04-28T21:49:48+00:00\",\"dateModified\":\"2026-04-28T21:52:37+00:00\",\"breadcrumb\":{\"@id\":\"https:\\\/\\\/rapidomotosport.hr\\\/en\\\/proizvod\\\/kawasaki-ninja-zx-10r-ohlins-fgrt-upside-down-front-fork-road-track-2011-2015\\\/#breadcrumb\"},\"inLanguage\":\"en-US\",\"potentialAction\":[{\"@type\":\"ReadAction\",\"target\":[\"https:\\\/\\\/rapidomotosport.hr\\\/en\\\/proizvod\\\/kawasaki-ninja-zx-10r-ohlins-fgrt-upside-down-front-fork-road-track-2011-2015\\\/\"]}]},{\"@type\":\"ImageObject\",\"inLanguage\":\"en-US\",\"@id\":\"https:\\\/\\\/rapidomotosport.hr\\\/en\\\/proizvod\\\/kawasaki-ninja-zx-10r-ohlins-fgrt-upside-down-front-fork-road-track-2011-2015\\\/#primaryimage\",\"url\":\"https:\\\/\\\/rapidomotosport.hr\\\/wp-content\\\/uploads\\\/2026\\\/04\\\/arbo-61.png\",\"contentUrl\":\"https:\\\/\\\/rapidomotosport.hr\\\/wp-content\\\/uploads\\\/2026\\\/04\\\/arbo-61.png\",\"width\":2048,\"height\":1536},{\"@type\":\"BreadcrumbList\",\"@id\":\"https:\\\/\\\/rapidomotosport.hr\\\/en\\\/proizvod\\\/kawasaki-ninja-zx-10r-ohlins-fgrt-upside-down-front-fork-road-track-2011-2015\\\/#breadcrumb\",\"itemListElement\":[{\"@type\":\"ListItem\",\"position\":1,\"name\":\"Po\u010detna stranica\",\"item\":\"https:\\\/\\\/rapidomotosport.hr\\\/en\\\/\"},{\"@type\":\"ListItem\",\"position\":2,\"name\":\"Shop\",\"item\":\"https:\\\/\\\/rapidomotosport.hr\\\/en\\\/shop\\\/\"},{\"@type\":\"ListItem\",\"position\":3,\"name\":\"KAWASAKI NINJA ZX-10R \u00d6HLINS FGRT UPSIDE DOWN FRONT FORK ROAD &#038; TRACK 2011-2015\"}]},{\"@type\":\"WebSite\",\"@id\":\"https:\\\/\\\/rapidomotosport.hr\\\/en\\\/#website\",\"url\":\"https:\\\/\\\/rapidomotosport.hr\\\/en\\\/\",\"name\":\"Rapido Motosport\",\"description\":\"\",\"potentialAction\":[{\"@type\":\"SearchAction\",\"target\":{\"@type\":\"EntryPoint\",\"urlTemplate\":\"https:\\\/\\\/rapidomotosport.hr\\\/en\\\/?s={search_term_string}\"},\"query-input\":{\"@type\":\"PropertyValueSpecification\",\"valueRequired\":true,\"valueName\":\"search_term_string\"}}],\"inLanguage\":\"en-US\"}]}<\/script>\n<!-- \/ Yoast SEO plugin. -->","yoast_head_json":{"title":"KAWASAKI NINJA ZX-10R \u00d6HLINS FGRT UPSIDE DOWN FRONT FORK ROAD & TRACK 2011-2015 - Rapido Motosport","robots":{"index":"index","follow":"follow","max-snippet":"max-snippet:-1","max-image-preview":"max-image-preview:large","max-video-preview":"max-video-preview:-1"},"canonical":"https:\/\/rapidomotosport.hr\/en\/proizvod\/kawasaki-ninja-zx-10r-ohlins-fgrt-upside-down-front-fork-road-track-2011-2015\/","og_locale":"en_US","og_type":"article","og_title":"KAWASAKI NINJA ZX-10R \u00d6HLINS FGRT UPSIDE DOWN FRONT FORK ROAD & TRACK 2011-2015 - Rapido Motosport","og_description":"Nije va\u017eno ciljate li na nacionalni naslov u cestovnim utrkama ili jednostavno vozite svoj motocikl na vo\u017enju omiljenom cestom. Nova Road &amp; Track prednja vilica pru\u017eit \u0107e vam visoku razinu performansi, stabilno prigu\u0161enje i izvrsnu udobnost. Nova Road &amp; Track prednja vilica sadr\u017ei \u00d6hlins 30 mm Cartridge Kit, pobjedni\u010dki set kori\u0161ten u nekoliko nacionalnih Superbike prvenstava.  Pode\u0161avanje kompresije i povrata lako se izvodi, pri \u010demu je kompresijsko pode\u0161avanje u jednoj nozi vilice, a pode\u0161avanje povrata u drugoj nozi. Nova prednja vilica donosi zna\u010dajno pobolj\u0161anje osje\u0107aja za gume, podr\u0161ke pri ko\u010denju i op\u0107eg upravljanja motociklom. Vanjski dizajn je redizajniran kako bi ova prednja vilica bila jo\u0161 atraktivnija.  TEHNI\u010cKI PODACI  Duljina: 740 mm Hod: 120 mm Krutost opruge: 10,0 N\/mm Polo\u017eaj: prednji Ugra\u0111ena opruga: 04744-10 Serija opruge: 04744-Serie","og_url":"https:\/\/rapidomotosport.hr\/en\/proizvod\/kawasaki-ninja-zx-10r-ohlins-fgrt-upside-down-front-fork-road-track-2011-2015\/","og_site_name":"Rapido Motosport","article_modified_time":"2026-04-28T21:52:37+00:00","og_image":[{"width":2048,"height":1536,"url":"https:\/\/rapidomotosport.hr\/wp-content\/uploads\/2026\/04\/arbo-61.png","type":"image\/png"}],"twitter_card":"summary_large_image","schema":{"@context":"https:\/\/schema.org","@graph":[{"@type":"WebPage","@id":"https:\/\/rapidomotosport.hr\/en\/proizvod\/kawasaki-ninja-zx-10r-ohlins-fgrt-upside-down-front-fork-road-track-2011-2015\/","url":"https:\/\/rapidomotosport.hr\/en\/proizvod\/kawasaki-ninja-zx-10r-ohlins-fgrt-upside-down-front-fork-road-track-2011-2015\/","name":"KAWASAKI NINJA ZX-10R \u00d6HLINS FGRT UPSIDE DOWN FRONT FORK ROAD & TRACK 2011-2015 - Rapido Motosport","isPartOf":{"@id":"https:\/\/rapidomotosport.hr\/en\/#website"},"primaryImageOfPage":{"@id":"https:\/\/rapidomotosport.hr\/en\/proizvod\/kawasaki-ninja-zx-10r-ohlins-fgrt-upside-down-front-fork-road-track-2011-2015\/#primaryimage"},"image":{"@id":"https:\/\/rapidomotosport.hr\/en\/proizvod\/kawasaki-ninja-zx-10r-ohlins-fgrt-upside-down-front-fork-road-track-2011-2015\/#primaryimage"},"thumbnailUrl":"https:\/\/rapidomotosport.hr\/wp-content\/uploads\/2026\/04\/arbo-61.png","datePublished":"2026-04-28T21:49:48+00:00","dateModified":"2026-04-28T21:52:37+00:00","breadcrumb":{"@id":"https:\/\/rapidomotosport.hr\/en\/proizvod\/kawasaki-ninja-zx-10r-ohlins-fgrt-upside-down-front-fork-road-track-2011-2015\/#breadcrumb"},"inLanguage":"en-US","potentialAction":[{"@type":"ReadAction","target":["https:\/\/rapidomotosport.hr\/en\/proizvod\/kawasaki-ninja-zx-10r-ohlins-fgrt-upside-down-front-fork-road-track-2011-2015\/"]}]},{"@type":"ImageObject","inLanguage":"en-US","@id":"https:\/\/rapidomotosport.hr\/en\/proizvod\/kawasaki-ninja-zx-10r-ohlins-fgrt-upside-down-front-fork-road-track-2011-2015\/#primaryimage","url":"https:\/\/rapidomotosport.hr\/wp-content\/uploads\/2026\/04\/arbo-61.png","contentUrl":"https:\/\/rapidomotosport.hr\/wp-content\/uploads\/2026\/04\/arbo-61.png","width":2048,"height":1536},{"@type":"BreadcrumbList","@id":"https:\/\/rapidomotosport.hr\/en\/proizvod\/kawasaki-ninja-zx-10r-ohlins-fgrt-upside-down-front-fork-road-track-2011-2015\/#breadcrumb","itemListElement":[{"@type":"ListItem","position":1,"name":"Po\u010detna stranica","item":"https:\/\/rapidomotosport.hr\/en\/"},{"@type":"ListItem","position":2,"name":"Shop","item":"https:\/\/rapidomotosport.hr\/en\/shop\/"},{"@type":"ListItem","position":3,"name":"KAWASAKI NINJA ZX-10R \u00d6HLINS FGRT UPSIDE DOWN FRONT FORK ROAD &#038; TRACK 2011-2015"}]},{"@type":"WebSite","@id":"https:\/\/rapidomotosport.hr\/en\/#website","url":"https:\/\/rapidomotosport.hr\/en\/","name":"Rapido Motosport","description":"","potentialAction":[{"@type":"SearchAction","target":{"@type":"EntryPoint","urlTemplate":"https:\/\/rapidomotosport.hr\/en\/?s={search_term_string}"},"query-input":{"@type":"PropertyValueSpecification","valueRequired":true,"valueName":"search_term_string"}}],"inLanguage":"en-US"}]}},"_links":{"self":[{"href":"https:\/\/rapidomotosport.hr\/en\/wp-json\/wp\/v2\/product\/55166","targetHints":{"allow":["GET"]}}],"collection":[{"href":"https:\/\/rapidomotosport.hr\/en\/wp-json\/wp\/v2\/product"}],"about":[{"href":"https:\/\/rapidomotosport.hr\/en\/wp-json\/wp\/v2\/types\/product"}],"wp:featuredmedia":[{"embeddable":true,"href":"https:\/\/rapidomotosport.hr\/en\/wp-json\/wp\/v2\/media\/54750"}],"wp:attachment":[{"href":"https:\/\/rapidomotosport.hr\/en\/wp-json\/wp\/v2\/media?parent=55166"}],"wp:term":[{"taxonomy":"product_brand","embeddable":true,"href":"https:\/\/rapidomotosport.hr\/en\/wp-json\/wp\/v2\/product_brand?post=55166"},{"taxonomy":"product_cat","embeddable":true,"href":"https:\/\/rapidomotosport.hr\/en\/wp-json\/wp\/v2\/product_cat?post=55166"},{"taxonomy":"product_tag","embeddable":true,"href":"https:\/\/rapidomotosport.hr\/en\/wp-json\/wp\/v2\/product_tag?post=55166"}],"curies":[{"name":"wp","href":"https:\/\/api.w.org\/{rel}","templated":true}]}}