{"id":55173,"date":"2026-04-29T00:04:49","date_gmt":"2026-04-28T22:04:49","guid":{"rendered":"https:\/\/rapidomotosport.hr\/?post_type=product&#038;p=55173"},"modified":"2026-04-29T00:06:10","modified_gmt":"2026-04-28T22:06:10","slug":"kawasaki-ninja-zx-10r-ohlins-ttx-36-ec-supersport-shock-absorber-2013-2015","status":"publish","type":"product","link":"https:\/\/rapidomotosport.hr\/en\/proizvod\/kawasaki-ninja-zx-10r-ohlins-ttx-36-ec-supersport-shock-absorber-2013-2015\/","title":{"rendered":"KAWASAKI NINJA ZX-10R \u00d6HLINS TTX 36 EC SUPERSPORT SHOCK ABSORBER 2013-2015"},"content":{"rendered":"","protected":false},"excerpt":{"rendered":"<p>Nakon uspje\u0161nog uvo\u0111enja mehatronike na OE motociklima poput Ducati 1199 Panigale S i Multistrada 1200 S, do\u0161lo je vrijeme za lansiranje prvog aftermarket Mechatronics amortizera. Prva primjena je TTX36 elektroni\u010dki upravljani amortizer za Kawasaki ZX 10 R.<\/p>\n<p>Rade\u0107i s naprednim algoritmima i temeljem iskustva i uspjeha iz World Superbike prvenstva 2008. godine, \u00d6hlins R&amp;D iskoristio je sve kako bi postigao najbolje mogu\u0107e performanse na stazi, ali i udobnost pri svakodnevnoj vo\u017enji na posao ili povratku s idealnog dana na stazi. Kori\u0161ten je hardver uspje\u0161nog \u00d6hlins TTX36 amortizera, koji se koristi u utrkama te predstavlja vrhunsku aftermarket nadogradnju za cestovne motocikle.<\/p>\n<p>Sustav je povezan s naprednim softverom koji kontinuirano prati stil vo\u017enje, na\u010din na koji motocikl reagira na taj stil vo\u017enje te odabrane na\u010dine snage. Koristi sve te informacije kako bi tijekom vo\u017enje trenuta\u010dno prilago\u0111avao postavke prigu\u0161enja.<\/p>\n<p>Rezultat je amortizer koji je u svakom trenutku trenutno prilago\u0111en va\u0161em stilu vo\u017enje. Ako odaberete visoki re\u017eim snage i agresivno koristite gas ili ko\u010dnicu, amortizer \u0107e biti u idealnoj postavci za takav stil. Ako \u017eelite sportski setup, vozite kao trka\u010d i dobit \u0107ete upravo to. A kada je vo\u017enja mirnija, primjerice na povratku ku\u0107i, sustav odmah reagira i prelazi u udobniju postavku.<\/p>\n<p>TEHNI\u010cKI PODACI<\/p>\n<p>Duljina: 309 +6\/-0 mm<br \/>\nHod: 59 mm<br \/>\nKrutost opruge: 110 N\/mm<br \/>\nPolo\u017eaj: stra\u017enji<br \/>\nUgra\u0111ena opruga: 21040-39<br \/>\nPakirna jedinica: komplet<\/p>\n","protected":false},"featured_media":55168,"template":"","meta":[],"product_brand":[],"product_cat":[1254],"product_tag":[],"class_list":{"0":"post-55173","1":"product","2":"type-product","3":"status-publish","4":"has-post-thumbnail","6":"product_cat-ohlins","8":"first","9":"instock","10":"sale","11":"shipping-taxable","12":"purchasable","13":"product-type-simple"},"yoast_head":"<!-- This site is optimized with the Yoast SEO plugin v27.5 - https:\/\/yoast.com\/product\/yoast-seo-wordpress\/ -->\n<title>KAWASAKI NINJA ZX-10R \u00d6HLINS TTX 36 EC SUPERSPORT SHOCK ABSORBER 2013-2015 - Rapido Motosport<\/title>\n<meta name=\"robots\" content=\"index, follow, max-snippet:-1, max-image-preview:large, max-video-preview:-1\" \/>\n<link rel=\"canonical\" href=\"https:\/\/rapidomotosport.hr\/en\/proizvod\/kawasaki-ninja-zx-10r-ohlins-ttx-36-ec-supersport-shock-absorber-2013-2015\/\" \/>\n<meta property=\"og:locale\" content=\"en_US\" \/>\n<meta property=\"og:type\" content=\"article\" \/>\n<meta property=\"og:title\" content=\"KAWASAKI NINJA ZX-10R \u00d6HLINS TTX 36 EC SUPERSPORT SHOCK ABSORBER 2013-2015 - Rapido Motosport\" \/>\n<meta property=\"og:description\" content=\"Nakon uspje\u0161nog uvo\u0111enja mehatronike na OE motociklima poput Ducati 1199 Panigale S i Multistrada 1200 S, do\u0161lo je vrijeme za lansiranje prvog aftermarket Mechatronics amortizera. Prva primjena je TTX36 elektroni\u010dki upravljani amortizer za Kawasaki ZX 10 R.  Rade\u0107i s naprednim algoritmima i temeljem iskustva i uspjeha iz World Superbike prvenstva 2008. godine, \u00d6hlins R&amp;D iskoristio je sve kako bi postigao najbolje mogu\u0107e performanse na stazi, ali i udobnost pri svakodnevnoj vo\u017enji na posao ili povratku s idealnog dana na stazi. Kori\u0161ten je hardver uspje\u0161nog \u00d6hlins TTX36 amortizera, koji se koristi u utrkama te predstavlja vrhunsku aftermarket nadogradnju za cestovne motocikle.  Sustav je povezan s naprednim softverom koji kontinuirano prati stil vo\u017enje, na\u010din na koji motocikl reagira na taj stil vo\u017enje te odabrane na\u010dine snage. Koristi sve te informacije kako bi tijekom vo\u017enje trenuta\u010dno prilago\u0111avao postavke prigu\u0161enja.  Rezultat je amortizer koji je u svakom trenutku trenutno prilago\u0111en va\u0161em stilu vo\u017enje. Ako odaberete visoki re\u017eim snage i agresivno koristite gas ili ko\u010dnicu, amortizer \u0107e biti u idealnoj postavci za takav stil. Ako \u017eelite sportski setup, vozite kao trka\u010d i dobit \u0107ete upravo to. A kada je vo\u017enja mirnija, primjerice na povratku ku\u0107i, sustav odmah reagira i prelazi u udobniju postavku.  TEHNI\u010cKI PODACI  Duljina: 309 +6\/-0 mm Hod: 59 mm Krutost opruge: 110 N\/mm Polo\u017eaj: stra\u017enji Ugra\u0111ena opruga: 21040-39 Pakirna jedinica: komplet\" \/>\n<meta property=\"og:url\" content=\"https:\/\/rapidomotosport.hr\/en\/proizvod\/kawasaki-ninja-zx-10r-ohlins-ttx-36-ec-supersport-shock-absorber-2013-2015\/\" \/>\n<meta property=\"og:site_name\" content=\"Rapido Motosport\" \/>\n<meta property=\"article:modified_time\" content=\"2026-04-28T22:06:10+00:00\" \/>\n<meta property=\"og:image\" content=\"https:\/\/rapidomotosport.hr\/wp-content\/uploads\/2026\/04\/arbo-2-6.png\" \/>\n\t<meta property=\"og:image:width\" content=\"2048\" \/>\n\t<meta property=\"og:image:height\" content=\"1536\" \/>\n\t<meta property=\"og:image:type\" content=\"image\/png\" \/>\n<meta name=\"twitter:card\" content=\"summary_large_image\" \/>\n<meta name=\"twitter:label1\" content=\"Est. reading time\" \/>\n\t<meta name=\"twitter:data1\" content=\"1 minute\" \/>\n<script type=\"application\/ld+json\" class=\"yoast-schema-graph\">{\"@context\":\"https:\\\/\\\/schema.org\",\"@graph\":[{\"@type\":\"WebPage\",\"@id\":\"https:\\\/\\\/rapidomotosport.hr\\\/en\\\/proizvod\\\/kawasaki-ninja-zx-10r-ohlins-ttx-36-ec-supersport-shock-absorber-2013-2015\\\/\",\"url\":\"https:\\\/\\\/rapidomotosport.hr\\\/en\\\/proizvod\\\/kawasaki-ninja-zx-10r-ohlins-ttx-36-ec-supersport-shock-absorber-2013-2015\\\/\",\"name\":\"KAWASAKI NINJA ZX-10R \u00d6HLINS TTX 36 EC SUPERSPORT SHOCK ABSORBER 2013-2015 - Rapido Motosport\",\"isPartOf\":{\"@id\":\"https:\\\/\\\/rapidomotosport.hr\\\/en\\\/#website\"},\"primaryImageOfPage\":{\"@id\":\"https:\\\/\\\/rapidomotosport.hr\\\/en\\\/proizvod\\\/kawasaki-ninja-zx-10r-ohlins-ttx-36-ec-supersport-shock-absorber-2013-2015\\\/#primaryimage\"},\"image\":{\"@id\":\"https:\\\/\\\/rapidomotosport.hr\\\/en\\\/proizvod\\\/kawasaki-ninja-zx-10r-ohlins-ttx-36-ec-supersport-shock-absorber-2013-2015\\\/#primaryimage\"},\"thumbnailUrl\":\"https:\\\/\\\/rapidomotosport.hr\\\/wp-content\\\/uploads\\\/2026\\\/04\\\/arbo-2-6.png\",\"datePublished\":\"2026-04-28T22:04:49+00:00\",\"dateModified\":\"2026-04-28T22:06:10+00:00\",\"breadcrumb\":{\"@id\":\"https:\\\/\\\/rapidomotosport.hr\\\/en\\\/proizvod\\\/kawasaki-ninja-zx-10r-ohlins-ttx-36-ec-supersport-shock-absorber-2013-2015\\\/#breadcrumb\"},\"inLanguage\":\"en-US\",\"potentialAction\":[{\"@type\":\"ReadAction\",\"target\":[\"https:\\\/\\\/rapidomotosport.hr\\\/en\\\/proizvod\\\/kawasaki-ninja-zx-10r-ohlins-ttx-36-ec-supersport-shock-absorber-2013-2015\\\/\"]}]},{\"@type\":\"ImageObject\",\"inLanguage\":\"en-US\",\"@id\":\"https:\\\/\\\/rapidomotosport.hr\\\/en\\\/proizvod\\\/kawasaki-ninja-zx-10r-ohlins-ttx-36-ec-supersport-shock-absorber-2013-2015\\\/#primaryimage\",\"url\":\"https:\\\/\\\/rapidomotosport.hr\\\/wp-content\\\/uploads\\\/2026\\\/04\\\/arbo-2-6.png\",\"contentUrl\":\"https:\\\/\\\/rapidomotosport.hr\\\/wp-content\\\/uploads\\\/2026\\\/04\\\/arbo-2-6.png\",\"width\":2048,\"height\":1536},{\"@type\":\"BreadcrumbList\",\"@id\":\"https:\\\/\\\/rapidomotosport.hr\\\/en\\\/proizvod\\\/kawasaki-ninja-zx-10r-ohlins-ttx-36-ec-supersport-shock-absorber-2013-2015\\\/#breadcrumb\",\"itemListElement\":[{\"@type\":\"ListItem\",\"position\":1,\"name\":\"Po\u010detna stranica\",\"item\":\"https:\\\/\\\/rapidomotosport.hr\\\/en\\\/\"},{\"@type\":\"ListItem\",\"position\":2,\"name\":\"Shop\",\"item\":\"https:\\\/\\\/rapidomotosport.hr\\\/en\\\/shop\\\/\"},{\"@type\":\"ListItem\",\"position\":3,\"name\":\"KAWASAKI NINJA ZX-10R \u00d6HLINS TTX 36 EC SUPERSPORT SHOCK ABSORBER 2013-2015\"}]},{\"@type\":\"WebSite\",\"@id\":\"https:\\\/\\\/rapidomotosport.hr\\\/en\\\/#website\",\"url\":\"https:\\\/\\\/rapidomotosport.hr\\\/en\\\/\",\"name\":\"Rapido Motosport\",\"description\":\"\",\"potentialAction\":[{\"@type\":\"SearchAction\",\"target\":{\"@type\":\"EntryPoint\",\"urlTemplate\":\"https:\\\/\\\/rapidomotosport.hr\\\/en\\\/?s={search_term_string}\"},\"query-input\":{\"@type\":\"PropertyValueSpecification\",\"valueRequired\":true,\"valueName\":\"search_term_string\"}}],\"inLanguage\":\"en-US\"}]}<\/script>\n<!-- \/ Yoast SEO plugin. -->","yoast_head_json":{"title":"KAWASAKI NINJA ZX-10R \u00d6HLINS TTX 36 EC SUPERSPORT SHOCK ABSORBER 2013-2015 - Rapido Motosport","robots":{"index":"index","follow":"follow","max-snippet":"max-snippet:-1","max-image-preview":"max-image-preview:large","max-video-preview":"max-video-preview:-1"},"canonical":"https:\/\/rapidomotosport.hr\/en\/proizvod\/kawasaki-ninja-zx-10r-ohlins-ttx-36-ec-supersport-shock-absorber-2013-2015\/","og_locale":"en_US","og_type":"article","og_title":"KAWASAKI NINJA ZX-10R \u00d6HLINS TTX 36 EC SUPERSPORT SHOCK ABSORBER 2013-2015 - Rapido Motosport","og_description":"Nakon uspje\u0161nog uvo\u0111enja mehatronike na OE motociklima poput Ducati 1199 Panigale S i Multistrada 1200 S, do\u0161lo je vrijeme za lansiranje prvog aftermarket Mechatronics amortizera. Prva primjena je TTX36 elektroni\u010dki upravljani amortizer za Kawasaki ZX 10 R.  Rade\u0107i s naprednim algoritmima i temeljem iskustva i uspjeha iz World Superbike prvenstva 2008. godine, \u00d6hlins R&amp;D iskoristio je sve kako bi postigao najbolje mogu\u0107e performanse na stazi, ali i udobnost pri svakodnevnoj vo\u017enji na posao ili povratku s idealnog dana na stazi. Kori\u0161ten je hardver uspje\u0161nog \u00d6hlins TTX36 amortizera, koji se koristi u utrkama te predstavlja vrhunsku aftermarket nadogradnju za cestovne motocikle.  Sustav je povezan s naprednim softverom koji kontinuirano prati stil vo\u017enje, na\u010din na koji motocikl reagira na taj stil vo\u017enje te odabrane na\u010dine snage. Koristi sve te informacije kako bi tijekom vo\u017enje trenuta\u010dno prilago\u0111avao postavke prigu\u0161enja.  Rezultat je amortizer koji je u svakom trenutku trenutno prilago\u0111en va\u0161em stilu vo\u017enje. Ako odaberete visoki re\u017eim snage i agresivno koristite gas ili ko\u010dnicu, amortizer \u0107e biti u idealnoj postavci za takav stil. Ako \u017eelite sportski setup, vozite kao trka\u010d i dobit \u0107ete upravo to. A kada je vo\u017enja mirnija, primjerice na povratku ku\u0107i, sustav odmah reagira i prelazi u udobniju postavku.  TEHNI\u010cKI PODACI  Duljina: 309 +6\/-0 mm Hod: 59 mm Krutost opruge: 110 N\/mm Polo\u017eaj: stra\u017enji Ugra\u0111ena opruga: 21040-39 Pakirna jedinica: komplet","og_url":"https:\/\/rapidomotosport.hr\/en\/proizvod\/kawasaki-ninja-zx-10r-ohlins-ttx-36-ec-supersport-shock-absorber-2013-2015\/","og_site_name":"Rapido Motosport","article_modified_time":"2026-04-28T22:06:10+00:00","og_image":[{"width":2048,"height":1536,"url":"https:\/\/rapidomotosport.hr\/wp-content\/uploads\/2026\/04\/arbo-2-6.png","type":"image\/png"}],"twitter_card":"summary_large_image","twitter_misc":{"Est. reading time":"1 minute"},"schema":{"@context":"https:\/\/schema.org","@graph":[{"@type":"WebPage","@id":"https:\/\/rapidomotosport.hr\/en\/proizvod\/kawasaki-ninja-zx-10r-ohlins-ttx-36-ec-supersport-shock-absorber-2013-2015\/","url":"https:\/\/rapidomotosport.hr\/en\/proizvod\/kawasaki-ninja-zx-10r-ohlins-ttx-36-ec-supersport-shock-absorber-2013-2015\/","name":"KAWASAKI NINJA ZX-10R \u00d6HLINS TTX 36 EC SUPERSPORT SHOCK ABSORBER 2013-2015 - Rapido Motosport","isPartOf":{"@id":"https:\/\/rapidomotosport.hr\/en\/#website"},"primaryImageOfPage":{"@id":"https:\/\/rapidomotosport.hr\/en\/proizvod\/kawasaki-ninja-zx-10r-ohlins-ttx-36-ec-supersport-shock-absorber-2013-2015\/#primaryimage"},"image":{"@id":"https:\/\/rapidomotosport.hr\/en\/proizvod\/kawasaki-ninja-zx-10r-ohlins-ttx-36-ec-supersport-shock-absorber-2013-2015\/#primaryimage"},"thumbnailUrl":"https:\/\/rapidomotosport.hr\/wp-content\/uploads\/2026\/04\/arbo-2-6.png","datePublished":"2026-04-28T22:04:49+00:00","dateModified":"2026-04-28T22:06:10+00:00","breadcrumb":{"@id":"https:\/\/rapidomotosport.hr\/en\/proizvod\/kawasaki-ninja-zx-10r-ohlins-ttx-36-ec-supersport-shock-absorber-2013-2015\/#breadcrumb"},"inLanguage":"en-US","potentialAction":[{"@type":"ReadAction","target":["https:\/\/rapidomotosport.hr\/en\/proizvod\/kawasaki-ninja-zx-10r-ohlins-ttx-36-ec-supersport-shock-absorber-2013-2015\/"]}]},{"@type":"ImageObject","inLanguage":"en-US","@id":"https:\/\/rapidomotosport.hr\/en\/proizvod\/kawasaki-ninja-zx-10r-ohlins-ttx-36-ec-supersport-shock-absorber-2013-2015\/#primaryimage","url":"https:\/\/rapidomotosport.hr\/wp-content\/uploads\/2026\/04\/arbo-2-6.png","contentUrl":"https:\/\/rapidomotosport.hr\/wp-content\/uploads\/2026\/04\/arbo-2-6.png","width":2048,"height":1536},{"@type":"BreadcrumbList","@id":"https:\/\/rapidomotosport.hr\/en\/proizvod\/kawasaki-ninja-zx-10r-ohlins-ttx-36-ec-supersport-shock-absorber-2013-2015\/#breadcrumb","itemListElement":[{"@type":"ListItem","position":1,"name":"Po\u010detna stranica","item":"https:\/\/rapidomotosport.hr\/en\/"},{"@type":"ListItem","position":2,"name":"Shop","item":"https:\/\/rapidomotosport.hr\/en\/shop\/"},{"@type":"ListItem","position":3,"name":"KAWASAKI NINJA ZX-10R \u00d6HLINS TTX 36 EC SUPERSPORT SHOCK ABSORBER 2013-2015"}]},{"@type":"WebSite","@id":"https:\/\/rapidomotosport.hr\/en\/#website","url":"https:\/\/rapidomotosport.hr\/en\/","name":"Rapido Motosport","description":"","potentialAction":[{"@type":"SearchAction","target":{"@type":"EntryPoint","urlTemplate":"https:\/\/rapidomotosport.hr\/en\/?s={search_term_string}"},"query-input":{"@type":"PropertyValueSpecification","valueRequired":true,"valueName":"search_term_string"}}],"inLanguage":"en-US"}]}},"_links":{"self":[{"href":"https:\/\/rapidomotosport.hr\/en\/wp-json\/wp\/v2\/product\/55173","targetHints":{"allow":["GET"]}}],"collection":[{"href":"https:\/\/rapidomotosport.hr\/en\/wp-json\/wp\/v2\/product"}],"about":[{"href":"https:\/\/rapidomotosport.hr\/en\/wp-json\/wp\/v2\/types\/product"}],"wp:featuredmedia":[{"embeddable":true,"href":"https:\/\/rapidomotosport.hr\/en\/wp-json\/wp\/v2\/media\/55168"}],"wp:attachment":[{"href":"https:\/\/rapidomotosport.hr\/en\/wp-json\/wp\/v2\/media?parent=55173"}],"wp:term":[{"taxonomy":"product_brand","embeddable":true,"href":"https:\/\/rapidomotosport.hr\/en\/wp-json\/wp\/v2\/product_brand?post=55173"},{"taxonomy":"product_cat","embeddable":true,"href":"https:\/\/rapidomotosport.hr\/en\/wp-json\/wp\/v2\/product_cat?post=55173"},{"taxonomy":"product_tag","embeddable":true,"href":"https:\/\/rapidomotosport.hr\/en\/wp-json\/wp\/v2\/product_tag?post=55173"}],"curies":[{"name":"wp","href":"https:\/\/api.w.org\/{rel}","templated":true}]}}