{"id":55186,"date":"2026-05-01T21:26:11","date_gmt":"2026-05-01T19:26:11","guid":{"rendered":"https:\/\/rapidomotosport.hr\/?post_type=product&#038;p=55186"},"modified":"2026-05-01T21:27:40","modified_gmt":"2026-05-01T19:27:40","slug":"kawasaki-ninja-zx-6r-ohlins-ttx-gp-shock-absorber-2013-2025","status":"publish","type":"product","link":"https:\/\/rapidomotosport.hr\/en\/proizvod\/kawasaki-ninja-zx-6r-ohlins-ttx-gp-shock-absorber-2013-2025\/","title":{"rendered":"KAWASAKI NINJA ZX-6R \u00d6HLINS TTX GP SHOCK ABSORBER 2013-2025"},"content":{"rendered":"","protected":false},"excerpt":{"rendered":"<p>Na temelju performansi va\u0161eg motocikla, njegove cijene i dostupnog prostora za ugradnju, dizajnirali smo amortizer za koji smatramo da mu odgovara, kako u pogledu cijene tako i performansi. Zapo\u010dinjemo odabirom tipa koji zatim izra\u0111ujemo po mjeri za va\u0161 specifi\u010dni motocikl. Osnovne postavke, dizajn shim paketa i kalibracija pode\u0161iva\u010da ispituju se i na cesti i na stazi. To su rezultati stvarnih testova s va\u0161im motociklom, bez ikakvog naga\u0111anja! \u00d6hlins proizvodi vi\u0161e od 300 razli\u010ditih modela amortizera, pri \u010demu je svaki model izra\u0111en po mjeri za jedan konkretan motocikl. Koncept svih \u00d6hlins proizvoda nije tajna \u2013 to je preciznost. Preciznost omogu\u0107uje vrhunsku kontrolu sile prigu\u0161enja i klju\u010d je na\u0161eg uspjeha.<\/p>\n<p>TEHNI\u010cKI PODACI<\/p>\n<p>Duljina: 341 +3\/-3 mm<br \/>\nHod: 60 mm<br \/>\nKrutost N\/mm: 115 N\/mm<br \/>\nPolo\u017eaj: stra\u017enji<br \/>\nUgra\u0111ena opruga: 21040-41<\/p>\n","protected":false},"featured_media":54773,"template":"","meta":[],"product_brand":[],"product_cat":[1254],"product_tag":[],"class_list":{"0":"post-55186","1":"product","2":"type-product","3":"status-publish","4":"has-post-thumbnail","6":"product_cat-ohlins","8":"first","9":"instock","10":"sale","11":"shipping-taxable","12":"purchasable","13":"product-type-simple"},"yoast_head":"<!-- This site is optimized with the Yoast SEO plugin v27.5 - https:\/\/yoast.com\/product\/yoast-seo-wordpress\/ -->\n<title>KAWASAKI NINJA ZX-6R \u00d6HLINS TTX GP SHOCK ABSORBER 2013-2025 - Rapido Motosport<\/title>\n<meta name=\"robots\" content=\"index, follow, max-snippet:-1, max-image-preview:large, max-video-preview:-1\" \/>\n<link rel=\"canonical\" href=\"https:\/\/rapidomotosport.hr\/en\/proizvod\/kawasaki-ninja-zx-6r-ohlins-ttx-gp-shock-absorber-2013-2025\/\" \/>\n<meta property=\"og:locale\" content=\"en_US\" \/>\n<meta property=\"og:type\" content=\"article\" \/>\n<meta property=\"og:title\" content=\"KAWASAKI NINJA ZX-6R \u00d6HLINS TTX GP SHOCK ABSORBER 2013-2025 - Rapido Motosport\" \/>\n<meta property=\"og:description\" content=\"Na temelju performansi va\u0161eg motocikla, njegove cijene i dostupnog prostora za ugradnju, dizajnirali smo amortizer za koji smatramo da mu odgovara, kako u pogledu cijene tako i performansi. Zapo\u010dinjemo odabirom tipa koji zatim izra\u0111ujemo po mjeri za va\u0161 specifi\u010dni motocikl. Osnovne postavke, dizajn shim paketa i kalibracija pode\u0161iva\u010da ispituju se i na cesti i na stazi. To su rezultati stvarnih testova s va\u0161im motociklom, bez ikakvog naga\u0111anja! \u00d6hlins proizvodi vi\u0161e od 300 razli\u010ditih modela amortizera, pri \u010demu je svaki model izra\u0111en po mjeri za jedan konkretan motocikl. Koncept svih \u00d6hlins proizvoda nije tajna \u2013 to je preciznost. Preciznost omogu\u0107uje vrhunsku kontrolu sile prigu\u0161enja i klju\u010d je na\u0161eg uspjeha.  TEHNI\u010cKI PODACI  Duljina: 341 +3\/-3 mm Hod: 60 mm Krutost N\/mm: 115 N\/mm Polo\u017eaj: stra\u017enji Ugra\u0111ena opruga: 21040-41\" \/>\n<meta property=\"og:url\" content=\"https:\/\/rapidomotosport.hr\/en\/proizvod\/kawasaki-ninja-zx-6r-ohlins-ttx-gp-shock-absorber-2013-2025\/\" \/>\n<meta property=\"og:site_name\" content=\"Rapido Motosport\" \/>\n<meta property=\"article:modified_time\" content=\"2026-05-01T19:27:40+00:00\" \/>\n<meta property=\"og:image\" content=\"https:\/\/rapidomotosport.hr\/wp-content\/uploads\/2026\/04\/arbo-65.png\" \/>\n\t<meta property=\"og:image:width\" content=\"2048\" \/>\n\t<meta property=\"og:image:height\" content=\"1536\" \/>\n\t<meta property=\"og:image:type\" content=\"image\/png\" \/>\n<meta name=\"twitter:card\" content=\"summary_large_image\" \/>\n<script type=\"application\/ld+json\" class=\"yoast-schema-graph\">{\"@context\":\"https:\\\/\\\/schema.org\",\"@graph\":[{\"@type\":\"WebPage\",\"@id\":\"https:\\\/\\\/rapidomotosport.hr\\\/en\\\/proizvod\\\/kawasaki-ninja-zx-6r-ohlins-ttx-gp-shock-absorber-2013-2025\\\/\",\"url\":\"https:\\\/\\\/rapidomotosport.hr\\\/en\\\/proizvod\\\/kawasaki-ninja-zx-6r-ohlins-ttx-gp-shock-absorber-2013-2025\\\/\",\"name\":\"KAWASAKI NINJA ZX-6R \u00d6HLINS TTX GP SHOCK ABSORBER 2013-2025 - Rapido Motosport\",\"isPartOf\":{\"@id\":\"https:\\\/\\\/rapidomotosport.hr\\\/en\\\/#website\"},\"primaryImageOfPage\":{\"@id\":\"https:\\\/\\\/rapidomotosport.hr\\\/en\\\/proizvod\\\/kawasaki-ninja-zx-6r-ohlins-ttx-gp-shock-absorber-2013-2025\\\/#primaryimage\"},\"image\":{\"@id\":\"https:\\\/\\\/rapidomotosport.hr\\\/en\\\/proizvod\\\/kawasaki-ninja-zx-6r-ohlins-ttx-gp-shock-absorber-2013-2025\\\/#primaryimage\"},\"thumbnailUrl\":\"https:\\\/\\\/rapidomotosport.hr\\\/wp-content\\\/uploads\\\/2026\\\/04\\\/arbo-65.png\",\"datePublished\":\"2026-05-01T19:26:11+00:00\",\"dateModified\":\"2026-05-01T19:27:40+00:00\",\"breadcrumb\":{\"@id\":\"https:\\\/\\\/rapidomotosport.hr\\\/en\\\/proizvod\\\/kawasaki-ninja-zx-6r-ohlins-ttx-gp-shock-absorber-2013-2025\\\/#breadcrumb\"},\"inLanguage\":\"en-US\",\"potentialAction\":[{\"@type\":\"ReadAction\",\"target\":[\"https:\\\/\\\/rapidomotosport.hr\\\/en\\\/proizvod\\\/kawasaki-ninja-zx-6r-ohlins-ttx-gp-shock-absorber-2013-2025\\\/\"]}]},{\"@type\":\"ImageObject\",\"inLanguage\":\"en-US\",\"@id\":\"https:\\\/\\\/rapidomotosport.hr\\\/en\\\/proizvod\\\/kawasaki-ninja-zx-6r-ohlins-ttx-gp-shock-absorber-2013-2025\\\/#primaryimage\",\"url\":\"https:\\\/\\\/rapidomotosport.hr\\\/wp-content\\\/uploads\\\/2026\\\/04\\\/arbo-65.png\",\"contentUrl\":\"https:\\\/\\\/rapidomotosport.hr\\\/wp-content\\\/uploads\\\/2026\\\/04\\\/arbo-65.png\",\"width\":2048,\"height\":1536},{\"@type\":\"BreadcrumbList\",\"@id\":\"https:\\\/\\\/rapidomotosport.hr\\\/en\\\/proizvod\\\/kawasaki-ninja-zx-6r-ohlins-ttx-gp-shock-absorber-2013-2025\\\/#breadcrumb\",\"itemListElement\":[{\"@type\":\"ListItem\",\"position\":1,\"name\":\"Po\u010detna stranica\",\"item\":\"https:\\\/\\\/rapidomotosport.hr\\\/en\\\/\"},{\"@type\":\"ListItem\",\"position\":2,\"name\":\"Shop\",\"item\":\"https:\\\/\\\/rapidomotosport.hr\\\/en\\\/shop\\\/\"},{\"@type\":\"ListItem\",\"position\":3,\"name\":\"KAWASAKI NINJA ZX-6R \u00d6HLINS TTX GP SHOCK ABSORBER 2013-2025\"}]},{\"@type\":\"WebSite\",\"@id\":\"https:\\\/\\\/rapidomotosport.hr\\\/en\\\/#website\",\"url\":\"https:\\\/\\\/rapidomotosport.hr\\\/en\\\/\",\"name\":\"Rapido Motosport\",\"description\":\"\",\"potentialAction\":[{\"@type\":\"SearchAction\",\"target\":{\"@type\":\"EntryPoint\",\"urlTemplate\":\"https:\\\/\\\/rapidomotosport.hr\\\/en\\\/?s={search_term_string}\"},\"query-input\":{\"@type\":\"PropertyValueSpecification\",\"valueRequired\":true,\"valueName\":\"search_term_string\"}}],\"inLanguage\":\"en-US\"}]}<\/script>\n<!-- \/ Yoast SEO plugin. -->","yoast_head_json":{"title":"KAWASAKI NINJA ZX-6R \u00d6HLINS TTX GP SHOCK ABSORBER 2013-2025 - Rapido Motosport","robots":{"index":"index","follow":"follow","max-snippet":"max-snippet:-1","max-image-preview":"max-image-preview:large","max-video-preview":"max-video-preview:-1"},"canonical":"https:\/\/rapidomotosport.hr\/en\/proizvod\/kawasaki-ninja-zx-6r-ohlins-ttx-gp-shock-absorber-2013-2025\/","og_locale":"en_US","og_type":"article","og_title":"KAWASAKI NINJA ZX-6R \u00d6HLINS TTX GP SHOCK ABSORBER 2013-2025 - Rapido Motosport","og_description":"Na temelju performansi va\u0161eg motocikla, njegove cijene i dostupnog prostora za ugradnju, dizajnirali smo amortizer za koji smatramo da mu odgovara, kako u pogledu cijene tako i performansi. Zapo\u010dinjemo odabirom tipa koji zatim izra\u0111ujemo po mjeri za va\u0161 specifi\u010dni motocikl. Osnovne postavke, dizajn shim paketa i kalibracija pode\u0161iva\u010da ispituju se i na cesti i na stazi. To su rezultati stvarnih testova s va\u0161im motociklom, bez ikakvog naga\u0111anja! \u00d6hlins proizvodi vi\u0161e od 300 razli\u010ditih modela amortizera, pri \u010demu je svaki model izra\u0111en po mjeri za jedan konkretan motocikl. Koncept svih \u00d6hlins proizvoda nije tajna \u2013 to je preciznost. Preciznost omogu\u0107uje vrhunsku kontrolu sile prigu\u0161enja i klju\u010d je na\u0161eg uspjeha.  TEHNI\u010cKI PODACI  Duljina: 341 +3\/-3 mm Hod: 60 mm Krutost N\/mm: 115 N\/mm Polo\u017eaj: stra\u017enji Ugra\u0111ena opruga: 21040-41","og_url":"https:\/\/rapidomotosport.hr\/en\/proizvod\/kawasaki-ninja-zx-6r-ohlins-ttx-gp-shock-absorber-2013-2025\/","og_site_name":"Rapido Motosport","article_modified_time":"2026-05-01T19:27:40+00:00","og_image":[{"width":2048,"height":1536,"url":"https:\/\/rapidomotosport.hr\/wp-content\/uploads\/2026\/04\/arbo-65.png","type":"image\/png"}],"twitter_card":"summary_large_image","schema":{"@context":"https:\/\/schema.org","@graph":[{"@type":"WebPage","@id":"https:\/\/rapidomotosport.hr\/en\/proizvod\/kawasaki-ninja-zx-6r-ohlins-ttx-gp-shock-absorber-2013-2025\/","url":"https:\/\/rapidomotosport.hr\/en\/proizvod\/kawasaki-ninja-zx-6r-ohlins-ttx-gp-shock-absorber-2013-2025\/","name":"KAWASAKI NINJA ZX-6R \u00d6HLINS TTX GP SHOCK ABSORBER 2013-2025 - Rapido Motosport","isPartOf":{"@id":"https:\/\/rapidomotosport.hr\/en\/#website"},"primaryImageOfPage":{"@id":"https:\/\/rapidomotosport.hr\/en\/proizvod\/kawasaki-ninja-zx-6r-ohlins-ttx-gp-shock-absorber-2013-2025\/#primaryimage"},"image":{"@id":"https:\/\/rapidomotosport.hr\/en\/proizvod\/kawasaki-ninja-zx-6r-ohlins-ttx-gp-shock-absorber-2013-2025\/#primaryimage"},"thumbnailUrl":"https:\/\/rapidomotosport.hr\/wp-content\/uploads\/2026\/04\/arbo-65.png","datePublished":"2026-05-01T19:26:11+00:00","dateModified":"2026-05-01T19:27:40+00:00","breadcrumb":{"@id":"https:\/\/rapidomotosport.hr\/en\/proizvod\/kawasaki-ninja-zx-6r-ohlins-ttx-gp-shock-absorber-2013-2025\/#breadcrumb"},"inLanguage":"en-US","potentialAction":[{"@type":"ReadAction","target":["https:\/\/rapidomotosport.hr\/en\/proizvod\/kawasaki-ninja-zx-6r-ohlins-ttx-gp-shock-absorber-2013-2025\/"]}]},{"@type":"ImageObject","inLanguage":"en-US","@id":"https:\/\/rapidomotosport.hr\/en\/proizvod\/kawasaki-ninja-zx-6r-ohlins-ttx-gp-shock-absorber-2013-2025\/#primaryimage","url":"https:\/\/rapidomotosport.hr\/wp-content\/uploads\/2026\/04\/arbo-65.png","contentUrl":"https:\/\/rapidomotosport.hr\/wp-content\/uploads\/2026\/04\/arbo-65.png","width":2048,"height":1536},{"@type":"BreadcrumbList","@id":"https:\/\/rapidomotosport.hr\/en\/proizvod\/kawasaki-ninja-zx-6r-ohlins-ttx-gp-shock-absorber-2013-2025\/#breadcrumb","itemListElement":[{"@type":"ListItem","position":1,"name":"Po\u010detna stranica","item":"https:\/\/rapidomotosport.hr\/en\/"},{"@type":"ListItem","position":2,"name":"Shop","item":"https:\/\/rapidomotosport.hr\/en\/shop\/"},{"@type":"ListItem","position":3,"name":"KAWASAKI NINJA ZX-6R \u00d6HLINS TTX GP SHOCK ABSORBER 2013-2025"}]},{"@type":"WebSite","@id":"https:\/\/rapidomotosport.hr\/en\/#website","url":"https:\/\/rapidomotosport.hr\/en\/","name":"Rapido Motosport","description":"","potentialAction":[{"@type":"SearchAction","target":{"@type":"EntryPoint","urlTemplate":"https:\/\/rapidomotosport.hr\/en\/?s={search_term_string}"},"query-input":{"@type":"PropertyValueSpecification","valueRequired":true,"valueName":"search_term_string"}}],"inLanguage":"en-US"}]}},"_links":{"self":[{"href":"https:\/\/rapidomotosport.hr\/en\/wp-json\/wp\/v2\/product\/55186","targetHints":{"allow":["GET"]}}],"collection":[{"href":"https:\/\/rapidomotosport.hr\/en\/wp-json\/wp\/v2\/product"}],"about":[{"href":"https:\/\/rapidomotosport.hr\/en\/wp-json\/wp\/v2\/types\/product"}],"wp:featuredmedia":[{"embeddable":true,"href":"https:\/\/rapidomotosport.hr\/en\/wp-json\/wp\/v2\/media\/54773"}],"wp:attachment":[{"href":"https:\/\/rapidomotosport.hr\/en\/wp-json\/wp\/v2\/media?parent=55186"}],"wp:term":[{"taxonomy":"product_brand","embeddable":true,"href":"https:\/\/rapidomotosport.hr\/en\/wp-json\/wp\/v2\/product_brand?post=55186"},{"taxonomy":"product_cat","embeddable":true,"href":"https:\/\/rapidomotosport.hr\/en\/wp-json\/wp\/v2\/product_cat?post=55186"},{"taxonomy":"product_tag","embeddable":true,"href":"https:\/\/rapidomotosport.hr\/en\/wp-json\/wp\/v2\/product_tag?post=55186"}],"curies":[{"name":"wp","href":"https:\/\/api.w.org\/{rel}","templated":true}]}}