{"id":55200,"date":"2026-05-04T17:54:45","date_gmt":"2026-05-04T15:54:45","guid":{"rendered":"https:\/\/rapidomotosport.hr\/?post_type=product&#038;p=55200"},"modified":"2026-05-04T17:54:55","modified_gmt":"2026-05-04T15:54:55","slug":"kawasaki-z-125-ohlins-stx-36-scooter-shock-absorber-2015-2018","status":"publish","type":"product","link":"https:\/\/rapidomotosport.hr\/en\/proizvod\/kawasaki-z-125-ohlins-stx-36-scooter-shock-absorber-2015-2018\/","title":{"rendered":"KAWASAKI Z 125 \u00d6HLINS STX 36 SCOOTER SHOCK ABSORBER 2015-2018"},"content":{"rendered":"","protected":false},"excerpt":{"rendered":"<p>Dostupan kao nadogradnja performansi za odabrane modele skutera, amortizer \u00d6hlins STX 36 Scooter postavlja novi standard za kvalitetu, performanse i izdr\u017eljivost. Sa svojim klasi\u010dnim monotubnim dizajnom i provjerenom STX tehnologijom, STX 36 Scooter unapre\u0111uje izgled va\u0161eg skutera te pru\u017ea ugla\u0111eniju, kontroliraniju i ugodniju vo\u017enju \u2013 bilo da se vozite gradskim ulicama ili putujete na posao.<\/p>\n<p>Stra\u017enji amortizer STX36 Scooter za Kawasaki Z125 temelji se na \u00d6hlinsovoj STX tehnologiji kako bi unaprijedio udobnost i performanse vo\u017enje u svim uvjetima.<\/p>\n<p>Sadr\u017ei visokotla\u010dni, plinom punjeni monotubni dizajn s vanjskim piggyback spremnikom za optimalnu kontrolu temperature. Ova konfiguracija osigurava dosljedne i pouzdane performanse prigu\u0161enja \u2013 kamo god vas put odvede.<\/p>\n<p>Podesivo prigu\u0161enje kompresije omogu\u0107uje vam promjenu karakteristika amortizera prema va\u0161im preferencijama vo\u017enje. Prednaprezanje opruge tako\u0111er se mo\u017ee podesiti prema promjenama optere\u0107enja kako bi se osigurala pravilna geometrija upravljanja.<\/p>\n<p>TEHNI\u010cKI PODACI<\/p>\n<p>Polo\u017eaj: stra\u017enji<\/p>\n","protected":false},"featured_media":55201,"template":"","meta":[],"product_brand":[],"product_cat":[1254],"product_tag":[],"class_list":{"0":"post-55200","1":"product","2":"type-product","3":"status-publish","4":"has-post-thumbnail","6":"product_cat-ohlins","8":"first","9":"instock","10":"sale","11":"shipping-taxable","12":"purchasable","13":"product-type-simple"},"yoast_head":"<!-- This site is optimized with the Yoast SEO plugin v27.5 - https:\/\/yoast.com\/product\/yoast-seo-wordpress\/ -->\n<title>KAWASAKI Z 125 \u00d6HLINS STX 36 SCOOTER SHOCK ABSORBER 2015-2018 - Rapido Motosport<\/title>\n<meta name=\"robots\" content=\"index, follow, max-snippet:-1, max-image-preview:large, max-video-preview:-1\" \/>\n<link rel=\"canonical\" href=\"https:\/\/rapidomotosport.hr\/en\/proizvod\/kawasaki-z-125-ohlins-stx-36-scooter-shock-absorber-2015-2018\/\" \/>\n<meta property=\"og:locale\" content=\"en_US\" \/>\n<meta property=\"og:type\" content=\"article\" \/>\n<meta property=\"og:title\" content=\"KAWASAKI Z 125 \u00d6HLINS STX 36 SCOOTER SHOCK ABSORBER 2015-2018 - Rapido Motosport\" \/>\n<meta property=\"og:description\" content=\"Dostupan kao nadogradnja performansi za odabrane modele skutera, amortizer \u00d6hlins STX 36 Scooter postavlja novi standard za kvalitetu, performanse i izdr\u017eljivost. Sa svojim klasi\u010dnim monotubnim dizajnom i provjerenom STX tehnologijom, STX 36 Scooter unapre\u0111uje izgled va\u0161eg skutera te pru\u017ea ugla\u0111eniju, kontroliraniju i ugodniju vo\u017enju \u2013 bilo da se vozite gradskim ulicama ili putujete na posao.  Stra\u017enji amortizer STX36 Scooter za Kawasaki Z125 temelji se na \u00d6hlinsovoj STX tehnologiji kako bi unaprijedio udobnost i performanse vo\u017enje u svim uvjetima.  Sadr\u017ei visokotla\u010dni, plinom punjeni monotubni dizajn s vanjskim piggyback spremnikom za optimalnu kontrolu temperature. Ova konfiguracija osigurava dosljedne i pouzdane performanse prigu\u0161enja \u2013 kamo god vas put odvede.  Podesivo prigu\u0161enje kompresije omogu\u0107uje vam promjenu karakteristika amortizera prema va\u0161im preferencijama vo\u017enje. Prednaprezanje opruge tako\u0111er se mo\u017ee podesiti prema promjenama optere\u0107enja kako bi se osigurala pravilna geometrija upravljanja.  TEHNI\u010cKI PODACI  Polo\u017eaj: stra\u017enji\" \/>\n<meta property=\"og:url\" content=\"https:\/\/rapidomotosport.hr\/en\/proizvod\/kawasaki-z-125-ohlins-stx-36-scooter-shock-absorber-2015-2018\/\" \/>\n<meta property=\"og:site_name\" content=\"Rapido Motosport\" \/>\n<meta property=\"article:modified_time\" content=\"2026-05-04T15:54:55+00:00\" \/>\n<meta property=\"og:image\" content=\"https:\/\/rapidomotosport.hr\/wp-content\/uploads\/2026\/05\/arbo-2.png\" \/>\n\t<meta property=\"og:image:width\" content=\"2048\" \/>\n\t<meta property=\"og:image:height\" content=\"1536\" \/>\n\t<meta property=\"og:image:type\" content=\"image\/png\" \/>\n<meta name=\"twitter:card\" content=\"summary_large_image\" \/>\n<meta name=\"twitter:label1\" content=\"Est. reading time\" \/>\n\t<meta name=\"twitter:data1\" content=\"1 minute\" \/>\n<script type=\"application\/ld+json\" class=\"yoast-schema-graph\">{\"@context\":\"https:\\\/\\\/schema.org\",\"@graph\":[{\"@type\":\"WebPage\",\"@id\":\"https:\\\/\\\/rapidomotosport.hr\\\/en\\\/proizvod\\\/kawasaki-z-125-ohlins-stx-36-scooter-shock-absorber-2015-2018\\\/\",\"url\":\"https:\\\/\\\/rapidomotosport.hr\\\/en\\\/proizvod\\\/kawasaki-z-125-ohlins-stx-36-scooter-shock-absorber-2015-2018\\\/\",\"name\":\"KAWASAKI Z 125 \u00d6HLINS STX 36 SCOOTER SHOCK ABSORBER 2015-2018 - Rapido Motosport\",\"isPartOf\":{\"@id\":\"https:\\\/\\\/rapidomotosport.hr\\\/en\\\/#website\"},\"primaryImageOfPage\":{\"@id\":\"https:\\\/\\\/rapidomotosport.hr\\\/en\\\/proizvod\\\/kawasaki-z-125-ohlins-stx-36-scooter-shock-absorber-2015-2018\\\/#primaryimage\"},\"image\":{\"@id\":\"https:\\\/\\\/rapidomotosport.hr\\\/en\\\/proizvod\\\/kawasaki-z-125-ohlins-stx-36-scooter-shock-absorber-2015-2018\\\/#primaryimage\"},\"thumbnailUrl\":\"https:\\\/\\\/rapidomotosport.hr\\\/wp-content\\\/uploads\\\/2026\\\/05\\\/arbo-2.png\",\"datePublished\":\"2026-05-04T15:54:45+00:00\",\"dateModified\":\"2026-05-04T15:54:55+00:00\",\"breadcrumb\":{\"@id\":\"https:\\\/\\\/rapidomotosport.hr\\\/en\\\/proizvod\\\/kawasaki-z-125-ohlins-stx-36-scooter-shock-absorber-2015-2018\\\/#breadcrumb\"},\"inLanguage\":\"en-US\",\"potentialAction\":[{\"@type\":\"ReadAction\",\"target\":[\"https:\\\/\\\/rapidomotosport.hr\\\/en\\\/proizvod\\\/kawasaki-z-125-ohlins-stx-36-scooter-shock-absorber-2015-2018\\\/\"]}]},{\"@type\":\"ImageObject\",\"inLanguage\":\"en-US\",\"@id\":\"https:\\\/\\\/rapidomotosport.hr\\\/en\\\/proizvod\\\/kawasaki-z-125-ohlins-stx-36-scooter-shock-absorber-2015-2018\\\/#primaryimage\",\"url\":\"https:\\\/\\\/rapidomotosport.hr\\\/wp-content\\\/uploads\\\/2026\\\/05\\\/arbo-2.png\",\"contentUrl\":\"https:\\\/\\\/rapidomotosport.hr\\\/wp-content\\\/uploads\\\/2026\\\/05\\\/arbo-2.png\",\"width\":2048,\"height\":1536},{\"@type\":\"BreadcrumbList\",\"@id\":\"https:\\\/\\\/rapidomotosport.hr\\\/en\\\/proizvod\\\/kawasaki-z-125-ohlins-stx-36-scooter-shock-absorber-2015-2018\\\/#breadcrumb\",\"itemListElement\":[{\"@type\":\"ListItem\",\"position\":1,\"name\":\"Po\u010detna stranica\",\"item\":\"https:\\\/\\\/rapidomotosport.hr\\\/en\\\/\"},{\"@type\":\"ListItem\",\"position\":2,\"name\":\"Shop\",\"item\":\"https:\\\/\\\/rapidomotosport.hr\\\/en\\\/shop\\\/\"},{\"@type\":\"ListItem\",\"position\":3,\"name\":\"KAWASAKI Z 125 \u00d6HLINS STX 36 SCOOTER SHOCK ABSORBER 2015-2018\"}]},{\"@type\":\"WebSite\",\"@id\":\"https:\\\/\\\/rapidomotosport.hr\\\/en\\\/#website\",\"url\":\"https:\\\/\\\/rapidomotosport.hr\\\/en\\\/\",\"name\":\"Rapido Motosport\",\"description\":\"\",\"potentialAction\":[{\"@type\":\"SearchAction\",\"target\":{\"@type\":\"EntryPoint\",\"urlTemplate\":\"https:\\\/\\\/rapidomotosport.hr\\\/en\\\/?s={search_term_string}\"},\"query-input\":{\"@type\":\"PropertyValueSpecification\",\"valueRequired\":true,\"valueName\":\"search_term_string\"}}],\"inLanguage\":\"en-US\"}]}<\/script>\n<!-- \/ Yoast SEO plugin. -->","yoast_head_json":{"title":"KAWASAKI Z 125 \u00d6HLINS STX 36 SCOOTER SHOCK ABSORBER 2015-2018 - Rapido Motosport","robots":{"index":"index","follow":"follow","max-snippet":"max-snippet:-1","max-image-preview":"max-image-preview:large","max-video-preview":"max-video-preview:-1"},"canonical":"https:\/\/rapidomotosport.hr\/en\/proizvod\/kawasaki-z-125-ohlins-stx-36-scooter-shock-absorber-2015-2018\/","og_locale":"en_US","og_type":"article","og_title":"KAWASAKI Z 125 \u00d6HLINS STX 36 SCOOTER SHOCK ABSORBER 2015-2018 - Rapido Motosport","og_description":"Dostupan kao nadogradnja performansi za odabrane modele skutera, amortizer \u00d6hlins STX 36 Scooter postavlja novi standard za kvalitetu, performanse i izdr\u017eljivost. Sa svojim klasi\u010dnim monotubnim dizajnom i provjerenom STX tehnologijom, STX 36 Scooter unapre\u0111uje izgled va\u0161eg skutera te pru\u017ea ugla\u0111eniju, kontroliraniju i ugodniju vo\u017enju \u2013 bilo da se vozite gradskim ulicama ili putujete na posao.  Stra\u017enji amortizer STX36 Scooter za Kawasaki Z125 temelji se na \u00d6hlinsovoj STX tehnologiji kako bi unaprijedio udobnost i performanse vo\u017enje u svim uvjetima.  Sadr\u017ei visokotla\u010dni, plinom punjeni monotubni dizajn s vanjskim piggyback spremnikom za optimalnu kontrolu temperature. Ova konfiguracija osigurava dosljedne i pouzdane performanse prigu\u0161enja \u2013 kamo god vas put odvede.  Podesivo prigu\u0161enje kompresije omogu\u0107uje vam promjenu karakteristika amortizera prema va\u0161im preferencijama vo\u017enje. Prednaprezanje opruge tako\u0111er se mo\u017ee podesiti prema promjenama optere\u0107enja kako bi se osigurala pravilna geometrija upravljanja.  TEHNI\u010cKI PODACI  Polo\u017eaj: stra\u017enji","og_url":"https:\/\/rapidomotosport.hr\/en\/proizvod\/kawasaki-z-125-ohlins-stx-36-scooter-shock-absorber-2015-2018\/","og_site_name":"Rapido Motosport","article_modified_time":"2026-05-04T15:54:55+00:00","og_image":[{"width":2048,"height":1536,"url":"https:\/\/rapidomotosport.hr\/wp-content\/uploads\/2026\/05\/arbo-2.png","type":"image\/png"}],"twitter_card":"summary_large_image","twitter_misc":{"Est. reading time":"1 minute"},"schema":{"@context":"https:\/\/schema.org","@graph":[{"@type":"WebPage","@id":"https:\/\/rapidomotosport.hr\/en\/proizvod\/kawasaki-z-125-ohlins-stx-36-scooter-shock-absorber-2015-2018\/","url":"https:\/\/rapidomotosport.hr\/en\/proizvod\/kawasaki-z-125-ohlins-stx-36-scooter-shock-absorber-2015-2018\/","name":"KAWASAKI Z 125 \u00d6HLINS STX 36 SCOOTER SHOCK ABSORBER 2015-2018 - Rapido Motosport","isPartOf":{"@id":"https:\/\/rapidomotosport.hr\/en\/#website"},"primaryImageOfPage":{"@id":"https:\/\/rapidomotosport.hr\/en\/proizvod\/kawasaki-z-125-ohlins-stx-36-scooter-shock-absorber-2015-2018\/#primaryimage"},"image":{"@id":"https:\/\/rapidomotosport.hr\/en\/proizvod\/kawasaki-z-125-ohlins-stx-36-scooter-shock-absorber-2015-2018\/#primaryimage"},"thumbnailUrl":"https:\/\/rapidomotosport.hr\/wp-content\/uploads\/2026\/05\/arbo-2.png","datePublished":"2026-05-04T15:54:45+00:00","dateModified":"2026-05-04T15:54:55+00:00","breadcrumb":{"@id":"https:\/\/rapidomotosport.hr\/en\/proizvod\/kawasaki-z-125-ohlins-stx-36-scooter-shock-absorber-2015-2018\/#breadcrumb"},"inLanguage":"en-US","potentialAction":[{"@type":"ReadAction","target":["https:\/\/rapidomotosport.hr\/en\/proizvod\/kawasaki-z-125-ohlins-stx-36-scooter-shock-absorber-2015-2018\/"]}]},{"@type":"ImageObject","inLanguage":"en-US","@id":"https:\/\/rapidomotosport.hr\/en\/proizvod\/kawasaki-z-125-ohlins-stx-36-scooter-shock-absorber-2015-2018\/#primaryimage","url":"https:\/\/rapidomotosport.hr\/wp-content\/uploads\/2026\/05\/arbo-2.png","contentUrl":"https:\/\/rapidomotosport.hr\/wp-content\/uploads\/2026\/05\/arbo-2.png","width":2048,"height":1536},{"@type":"BreadcrumbList","@id":"https:\/\/rapidomotosport.hr\/en\/proizvod\/kawasaki-z-125-ohlins-stx-36-scooter-shock-absorber-2015-2018\/#breadcrumb","itemListElement":[{"@type":"ListItem","position":1,"name":"Po\u010detna stranica","item":"https:\/\/rapidomotosport.hr\/en\/"},{"@type":"ListItem","position":2,"name":"Shop","item":"https:\/\/rapidomotosport.hr\/en\/shop\/"},{"@type":"ListItem","position":3,"name":"KAWASAKI Z 125 \u00d6HLINS STX 36 SCOOTER SHOCK ABSORBER 2015-2018"}]},{"@type":"WebSite","@id":"https:\/\/rapidomotosport.hr\/en\/#website","url":"https:\/\/rapidomotosport.hr\/en\/","name":"Rapido Motosport","description":"","potentialAction":[{"@type":"SearchAction","target":{"@type":"EntryPoint","urlTemplate":"https:\/\/rapidomotosport.hr\/en\/?s={search_term_string}"},"query-input":{"@type":"PropertyValueSpecification","valueRequired":true,"valueName":"search_term_string"}}],"inLanguage":"en-US"}]}},"_links":{"self":[{"href":"https:\/\/rapidomotosport.hr\/en\/wp-json\/wp\/v2\/product\/55200","targetHints":{"allow":["GET"]}}],"collection":[{"href":"https:\/\/rapidomotosport.hr\/en\/wp-json\/wp\/v2\/product"}],"about":[{"href":"https:\/\/rapidomotosport.hr\/en\/wp-json\/wp\/v2\/types\/product"}],"wp:featuredmedia":[{"embeddable":true,"href":"https:\/\/rapidomotosport.hr\/en\/wp-json\/wp\/v2\/media\/55201"}],"wp:attachment":[{"href":"https:\/\/rapidomotosport.hr\/en\/wp-json\/wp\/v2\/media?parent=55200"}],"wp:term":[{"taxonomy":"product_brand","embeddable":true,"href":"https:\/\/rapidomotosport.hr\/en\/wp-json\/wp\/v2\/product_brand?post=55200"},{"taxonomy":"product_cat","embeddable":true,"href":"https:\/\/rapidomotosport.hr\/en\/wp-json\/wp\/v2\/product_cat?post=55200"},{"taxonomy":"product_tag","embeddable":true,"href":"https:\/\/rapidomotosport.hr\/en\/wp-json\/wp\/v2\/product_tag?post=55200"}],"curies":[{"name":"wp","href":"https:\/\/api.w.org\/{rel}","templated":true}]}}