{"id":55289,"date":"2026-05-05T19:51:02","date_gmt":"2026-05-05T17:51:02","guid":{"rendered":"https:\/\/rapidomotosport.hr\/?post_type=product&#038;p=55289"},"modified":"2026-05-05T20:21:30","modified_gmt":"2026-05-05T18:21:30","slug":"suzuki-gsx-r-1000-ohlins-ttx-25-cartridge-kit-2012-2025","status":"publish","type":"product","link":"https:\/\/rapidomotosport.hr\/en\/proizvod\/suzuki-gsx-r-1000-ohlins-ttx-25-cartridge-kit-2012-2025\/","title":{"rendered":"SUZUKI GSX-R 1000 \u00d6HLINS TTX 25 CARTRIDGE KIT 2012-2025"},"content":{"rendered":"","protected":false},"excerpt":{"rendered":"<p>Trka\u010dki inspiriran komplet ulo\u017eaka \u00d6hlins FKR cartridge kit koristi tehnologiju izravno izvedenu iz prvenstava Moto3, Moto2 i World Superbike Championship, razvijenu od strane na\u0161ih in\u017eenjera u \u0160vedskoj te je namijenjen vrhunskom natjecateljskom kori\u0161tenju.<\/p>\n<p>\u00d6hlins FKR cartridge kit koristi sustav s opru\u017enim predtlakom, za razliku od starog sustava s plinskim tlakom. Tlak opruge omogu\u0107uje jednostavniji i korisniku prilago\u0111eniji dizajn koji tako\u0111er olak\u0161ava odr\u017eavanje. Dodatne prednosti sustava s opru\u017enim predtlakom su da ne postoji rizik od curenja plina, da omogu\u0107uje konzistentniju krivulju performansi te da dopu\u0161ta kompaktniji dizajn.<\/p>\n<p>Uz \u00d6hlins TTX tehnologiju, novo dizajnirani klip i klipnja\u010du od 8 mm smanjujemo porast tlaka i stvaramo br\u017ei odgovor prigu\u0161enja. To daje \u201elinearne\u201d karakteristike prigu\u0161enja koje omogu\u0107uju vi\u0161e opcija pode\u0161avanja te pove\u0107avaju prianjanje i apsorpciju neravnina, uz pobolj\u0161anje stabilnosti \u0161asije.<\/p>\n<p>TEHNI\u010cKI PODACI<\/p>\n<p>Serija opruge: 04744-Serie<br \/>\nUklju\u010deno u pakiranje: opruge 9,5 \/ 10,0 \/ 10,5 N\/mm<\/p>\n","protected":false},"featured_media":55286,"template":"","meta":[],"product_brand":[],"product_cat":[1254],"product_tag":[],"class_list":{"0":"post-55289","1":"product","2":"type-product","3":"status-publish","4":"has-post-thumbnail","6":"product_cat-ohlins","8":"first","9":"instock","10":"sale","11":"shipping-taxable","12":"purchasable","13":"product-type-simple"},"yoast_head":"<!-- This site is optimized with the Yoast SEO plugin v27.5 - https:\/\/yoast.com\/product\/yoast-seo-wordpress\/ -->\n<title>SUZUKI GSX-R 1000 \u00d6HLINS TTX 25 CARTRIDGE KIT 2012-2025 - Rapido Motosport<\/title>\n<meta name=\"robots\" content=\"index, follow, max-snippet:-1, max-image-preview:large, max-video-preview:-1\" \/>\n<link rel=\"canonical\" href=\"https:\/\/rapidomotosport.hr\/en\/proizvod\/suzuki-gsx-r-1000-ohlins-ttx-25-cartridge-kit-2012-2025\/\" \/>\n<meta property=\"og:locale\" content=\"en_US\" \/>\n<meta property=\"og:type\" content=\"article\" \/>\n<meta property=\"og:title\" content=\"SUZUKI GSX-R 1000 \u00d6HLINS TTX 25 CARTRIDGE KIT 2012-2025 - Rapido Motosport\" \/>\n<meta property=\"og:description\" content=\"Trka\u010dki inspiriran komplet ulo\u017eaka \u00d6hlins FKR cartridge kit koristi tehnologiju izravno izvedenu iz prvenstava Moto3, Moto2 i World Superbike Championship, razvijenu od strane na\u0161ih in\u017eenjera u \u0160vedskoj te je namijenjen vrhunskom natjecateljskom kori\u0161tenju.  \u00d6hlins FKR cartridge kit koristi sustav s opru\u017enim predtlakom, za razliku od starog sustava s plinskim tlakom. Tlak opruge omogu\u0107uje jednostavniji i korisniku prilago\u0111eniji dizajn koji tako\u0111er olak\u0161ava odr\u017eavanje. Dodatne prednosti sustava s opru\u017enim predtlakom su da ne postoji rizik od curenja plina, da omogu\u0107uje konzistentniju krivulju performansi te da dopu\u0161ta kompaktniji dizajn.  Uz \u00d6hlins TTX tehnologiju, novo dizajnirani klip i klipnja\u010du od 8 mm smanjujemo porast tlaka i stvaramo br\u017ei odgovor prigu\u0161enja. To daje \u201elinearne\u201d karakteristike prigu\u0161enja koje omogu\u0107uju vi\u0161e opcija pode\u0161avanja te pove\u0107avaju prianjanje i apsorpciju neravnina, uz pobolj\u0161anje stabilnosti \u0161asije.  TEHNI\u010cKI PODACI  Serija opruge: 04744-Serie Uklju\u010deno u pakiranje: opruge 9,5 \/ 10,0 \/ 10,5 N\/mm\" \/>\n<meta property=\"og:url\" content=\"https:\/\/rapidomotosport.hr\/en\/proizvod\/suzuki-gsx-r-1000-ohlins-ttx-25-cartridge-kit-2012-2025\/\" \/>\n<meta property=\"og:site_name\" content=\"Rapido Motosport\" \/>\n<meta property=\"article:modified_time\" content=\"2026-05-05T18:21:30+00:00\" \/>\n<meta property=\"og:image\" content=\"https:\/\/rapidomotosport.hr\/wp-content\/uploads\/2026\/05\/arbo-2-7.png\" \/>\n\t<meta property=\"og:image:width\" content=\"2048\" \/>\n\t<meta property=\"og:image:height\" content=\"1536\" \/>\n\t<meta property=\"og:image:type\" content=\"image\/png\" \/>\n<meta name=\"twitter:card\" content=\"summary_large_image\" \/>\n<meta name=\"twitter:label1\" content=\"Est. reading time\" \/>\n\t<meta name=\"twitter:data1\" content=\"1 minute\" \/>\n<script type=\"application\/ld+json\" class=\"yoast-schema-graph\">{\"@context\":\"https:\\\/\\\/schema.org\",\"@graph\":[{\"@type\":\"WebPage\",\"@id\":\"https:\\\/\\\/rapidomotosport.hr\\\/en\\\/proizvod\\\/suzuki-gsx-r-1000-ohlins-ttx-25-cartridge-kit-2012-2025\\\/\",\"url\":\"https:\\\/\\\/rapidomotosport.hr\\\/en\\\/proizvod\\\/suzuki-gsx-r-1000-ohlins-ttx-25-cartridge-kit-2012-2025\\\/\",\"name\":\"SUZUKI GSX-R 1000 \u00d6HLINS TTX 25 CARTRIDGE KIT 2012-2025 - Rapido Motosport\",\"isPartOf\":{\"@id\":\"https:\\\/\\\/rapidomotosport.hr\\\/en\\\/#website\"},\"primaryImageOfPage\":{\"@id\":\"https:\\\/\\\/rapidomotosport.hr\\\/en\\\/proizvod\\\/suzuki-gsx-r-1000-ohlins-ttx-25-cartridge-kit-2012-2025\\\/#primaryimage\"},\"image\":{\"@id\":\"https:\\\/\\\/rapidomotosport.hr\\\/en\\\/proizvod\\\/suzuki-gsx-r-1000-ohlins-ttx-25-cartridge-kit-2012-2025\\\/#primaryimage\"},\"thumbnailUrl\":\"https:\\\/\\\/rapidomotosport.hr\\\/wp-content\\\/uploads\\\/2026\\\/05\\\/arbo-2-7.png\",\"datePublished\":\"2026-05-05T17:51:02+00:00\",\"dateModified\":\"2026-05-05T18:21:30+00:00\",\"breadcrumb\":{\"@id\":\"https:\\\/\\\/rapidomotosport.hr\\\/en\\\/proizvod\\\/suzuki-gsx-r-1000-ohlins-ttx-25-cartridge-kit-2012-2025\\\/#breadcrumb\"},\"inLanguage\":\"en-US\",\"potentialAction\":[{\"@type\":\"ReadAction\",\"target\":[\"https:\\\/\\\/rapidomotosport.hr\\\/en\\\/proizvod\\\/suzuki-gsx-r-1000-ohlins-ttx-25-cartridge-kit-2012-2025\\\/\"]}]},{\"@type\":\"ImageObject\",\"inLanguage\":\"en-US\",\"@id\":\"https:\\\/\\\/rapidomotosport.hr\\\/en\\\/proizvod\\\/suzuki-gsx-r-1000-ohlins-ttx-25-cartridge-kit-2012-2025\\\/#primaryimage\",\"url\":\"https:\\\/\\\/rapidomotosport.hr\\\/wp-content\\\/uploads\\\/2026\\\/05\\\/arbo-2-7.png\",\"contentUrl\":\"https:\\\/\\\/rapidomotosport.hr\\\/wp-content\\\/uploads\\\/2026\\\/05\\\/arbo-2-7.png\",\"width\":2048,\"height\":1536},{\"@type\":\"BreadcrumbList\",\"@id\":\"https:\\\/\\\/rapidomotosport.hr\\\/en\\\/proizvod\\\/suzuki-gsx-r-1000-ohlins-ttx-25-cartridge-kit-2012-2025\\\/#breadcrumb\",\"itemListElement\":[{\"@type\":\"ListItem\",\"position\":1,\"name\":\"Po\u010detna stranica\",\"item\":\"https:\\\/\\\/rapidomotosport.hr\\\/en\\\/\"},{\"@type\":\"ListItem\",\"position\":2,\"name\":\"Shop\",\"item\":\"https:\\\/\\\/rapidomotosport.hr\\\/en\\\/shop\\\/\"},{\"@type\":\"ListItem\",\"position\":3,\"name\":\"SUZUKI GSX-R 1000 \u00d6HLINS TTX 25 CARTRIDGE KIT 2012-2025\"}]},{\"@type\":\"WebSite\",\"@id\":\"https:\\\/\\\/rapidomotosport.hr\\\/en\\\/#website\",\"url\":\"https:\\\/\\\/rapidomotosport.hr\\\/en\\\/\",\"name\":\"Rapido Motosport\",\"description\":\"\",\"potentialAction\":[{\"@type\":\"SearchAction\",\"target\":{\"@type\":\"EntryPoint\",\"urlTemplate\":\"https:\\\/\\\/rapidomotosport.hr\\\/en\\\/?s={search_term_string}\"},\"query-input\":{\"@type\":\"PropertyValueSpecification\",\"valueRequired\":true,\"valueName\":\"search_term_string\"}}],\"inLanguage\":\"en-US\"}]}<\/script>\n<!-- \/ Yoast SEO plugin. -->","yoast_head_json":{"title":"SUZUKI GSX-R 1000 \u00d6HLINS TTX 25 CARTRIDGE KIT 2012-2025 - Rapido Motosport","robots":{"index":"index","follow":"follow","max-snippet":"max-snippet:-1","max-image-preview":"max-image-preview:large","max-video-preview":"max-video-preview:-1"},"canonical":"https:\/\/rapidomotosport.hr\/en\/proizvod\/suzuki-gsx-r-1000-ohlins-ttx-25-cartridge-kit-2012-2025\/","og_locale":"en_US","og_type":"article","og_title":"SUZUKI GSX-R 1000 \u00d6HLINS TTX 25 CARTRIDGE KIT 2012-2025 - Rapido Motosport","og_description":"Trka\u010dki inspiriran komplet ulo\u017eaka \u00d6hlins FKR cartridge kit koristi tehnologiju izravno izvedenu iz prvenstava Moto3, Moto2 i World Superbike Championship, razvijenu od strane na\u0161ih in\u017eenjera u \u0160vedskoj te je namijenjen vrhunskom natjecateljskom kori\u0161tenju.  \u00d6hlins FKR cartridge kit koristi sustav s opru\u017enim predtlakom, za razliku od starog sustava s plinskim tlakom. Tlak opruge omogu\u0107uje jednostavniji i korisniku prilago\u0111eniji dizajn koji tako\u0111er olak\u0161ava odr\u017eavanje. Dodatne prednosti sustava s opru\u017enim predtlakom su da ne postoji rizik od curenja plina, da omogu\u0107uje konzistentniju krivulju performansi te da dopu\u0161ta kompaktniji dizajn.  Uz \u00d6hlins TTX tehnologiju, novo dizajnirani klip i klipnja\u010du od 8 mm smanjujemo porast tlaka i stvaramo br\u017ei odgovor prigu\u0161enja. To daje \u201elinearne\u201d karakteristike prigu\u0161enja koje omogu\u0107uju vi\u0161e opcija pode\u0161avanja te pove\u0107avaju prianjanje i apsorpciju neravnina, uz pobolj\u0161anje stabilnosti \u0161asije.  TEHNI\u010cKI PODACI  Serija opruge: 04744-Serie Uklju\u010deno u pakiranje: opruge 9,5 \/ 10,0 \/ 10,5 N\/mm","og_url":"https:\/\/rapidomotosport.hr\/en\/proizvod\/suzuki-gsx-r-1000-ohlins-ttx-25-cartridge-kit-2012-2025\/","og_site_name":"Rapido Motosport","article_modified_time":"2026-05-05T18:21:30+00:00","og_image":[{"width":2048,"height":1536,"url":"https:\/\/rapidomotosport.hr\/wp-content\/uploads\/2026\/05\/arbo-2-7.png","type":"image\/png"}],"twitter_card":"summary_large_image","twitter_misc":{"Est. reading time":"1 minute"},"schema":{"@context":"https:\/\/schema.org","@graph":[{"@type":"WebPage","@id":"https:\/\/rapidomotosport.hr\/en\/proizvod\/suzuki-gsx-r-1000-ohlins-ttx-25-cartridge-kit-2012-2025\/","url":"https:\/\/rapidomotosport.hr\/en\/proizvod\/suzuki-gsx-r-1000-ohlins-ttx-25-cartridge-kit-2012-2025\/","name":"SUZUKI GSX-R 1000 \u00d6HLINS TTX 25 CARTRIDGE KIT 2012-2025 - Rapido Motosport","isPartOf":{"@id":"https:\/\/rapidomotosport.hr\/en\/#website"},"primaryImageOfPage":{"@id":"https:\/\/rapidomotosport.hr\/en\/proizvod\/suzuki-gsx-r-1000-ohlins-ttx-25-cartridge-kit-2012-2025\/#primaryimage"},"image":{"@id":"https:\/\/rapidomotosport.hr\/en\/proizvod\/suzuki-gsx-r-1000-ohlins-ttx-25-cartridge-kit-2012-2025\/#primaryimage"},"thumbnailUrl":"https:\/\/rapidomotosport.hr\/wp-content\/uploads\/2026\/05\/arbo-2-7.png","datePublished":"2026-05-05T17:51:02+00:00","dateModified":"2026-05-05T18:21:30+00:00","breadcrumb":{"@id":"https:\/\/rapidomotosport.hr\/en\/proizvod\/suzuki-gsx-r-1000-ohlins-ttx-25-cartridge-kit-2012-2025\/#breadcrumb"},"inLanguage":"en-US","potentialAction":[{"@type":"ReadAction","target":["https:\/\/rapidomotosport.hr\/en\/proizvod\/suzuki-gsx-r-1000-ohlins-ttx-25-cartridge-kit-2012-2025\/"]}]},{"@type":"ImageObject","inLanguage":"en-US","@id":"https:\/\/rapidomotosport.hr\/en\/proizvod\/suzuki-gsx-r-1000-ohlins-ttx-25-cartridge-kit-2012-2025\/#primaryimage","url":"https:\/\/rapidomotosport.hr\/wp-content\/uploads\/2026\/05\/arbo-2-7.png","contentUrl":"https:\/\/rapidomotosport.hr\/wp-content\/uploads\/2026\/05\/arbo-2-7.png","width":2048,"height":1536},{"@type":"BreadcrumbList","@id":"https:\/\/rapidomotosport.hr\/en\/proizvod\/suzuki-gsx-r-1000-ohlins-ttx-25-cartridge-kit-2012-2025\/#breadcrumb","itemListElement":[{"@type":"ListItem","position":1,"name":"Po\u010detna stranica","item":"https:\/\/rapidomotosport.hr\/en\/"},{"@type":"ListItem","position":2,"name":"Shop","item":"https:\/\/rapidomotosport.hr\/en\/shop\/"},{"@type":"ListItem","position":3,"name":"SUZUKI GSX-R 1000 \u00d6HLINS TTX 25 CARTRIDGE KIT 2012-2025"}]},{"@type":"WebSite","@id":"https:\/\/rapidomotosport.hr\/en\/#website","url":"https:\/\/rapidomotosport.hr\/en\/","name":"Rapido Motosport","description":"","potentialAction":[{"@type":"SearchAction","target":{"@type":"EntryPoint","urlTemplate":"https:\/\/rapidomotosport.hr\/en\/?s={search_term_string}"},"query-input":{"@type":"PropertyValueSpecification","valueRequired":true,"valueName":"search_term_string"}}],"inLanguage":"en-US"}]}},"_links":{"self":[{"href":"https:\/\/rapidomotosport.hr\/en\/wp-json\/wp\/v2\/product\/55289","targetHints":{"allow":["GET"]}}],"collection":[{"href":"https:\/\/rapidomotosport.hr\/en\/wp-json\/wp\/v2\/product"}],"about":[{"href":"https:\/\/rapidomotosport.hr\/en\/wp-json\/wp\/v2\/types\/product"}],"wp:featuredmedia":[{"embeddable":true,"href":"https:\/\/rapidomotosport.hr\/en\/wp-json\/wp\/v2\/media\/55286"}],"wp:attachment":[{"href":"https:\/\/rapidomotosport.hr\/en\/wp-json\/wp\/v2\/media?parent=55289"}],"wp:term":[{"taxonomy":"product_brand","embeddable":true,"href":"https:\/\/rapidomotosport.hr\/en\/wp-json\/wp\/v2\/product_brand?post=55289"},{"taxonomy":"product_cat","embeddable":true,"href":"https:\/\/rapidomotosport.hr\/en\/wp-json\/wp\/v2\/product_cat?post=55289"},{"taxonomy":"product_tag","embeddable":true,"href":"https:\/\/rapidomotosport.hr\/en\/wp-json\/wp\/v2\/product_tag?post=55289"}],"curies":[{"name":"wp","href":"https:\/\/api.w.org\/{rel}","templated":true}]}}