{"id":55292,"date":"2026-05-05T20:14:10","date_gmt":"2026-05-05T18:14:10","guid":{"rendered":"https:\/\/rapidomotosport.hr\/?post_type=product&#038;p=55292"},"modified":"2026-05-05T20:15:50","modified_gmt":"2026-05-05T18:15:50","slug":"suzuki-gsx-r-1000-ohlins-ttx-gp-shock-absorber-2017-2025","status":"publish","type":"product","link":"https:\/\/rapidomotosport.hr\/en\/proizvod\/suzuki-gsx-r-1000-ohlins-ttx-gp-shock-absorber-2017-2025\/","title":{"rendered":"SUZUKI GSX-R 1000 \u00d6HLINS TTX GP SHOCK ABSORBER 2017-2025"},"content":{"rendered":"","protected":false},"excerpt":{"rendered":"<p>Na temelju performansi va\u0161eg motocikla, njegove cijene i raspolo\u017eivog prostora za ugradnju, osmislili smo amortizer za koji smatramo da mu odgovara, kako u pogledu cijene, tako i u pogledu performansi. Po\u010dinjemo odabirom tipa koji izra\u0111ujemo po mjeri za va\u0161 specifi\u010dni motocikl. Osnovna postavka, dizajn lamelnih paketa (shim stackova) i kalibracija pode\u0161iva\u010da testirani su i na cesti i na stazi. To su rezultati stvarnih testova s va\u0161im motociklom, bez naga\u0111anja! \u00d6hlins proizvodi vi\u0161e od 300 razli\u010ditih modela amortizera, pri \u010demu je svaki model izra\u0111en po mjeri za jedan specifi\u010dan motocikl. Koncept svih \u00d6hlins proizvoda nije tajna \u2014 to je preciznost. Preciznost omogu\u0107uje vrhunsku kontrolu sile prigu\u0161enja i klju\u010d je na\u0161eg uspjeha.<\/p>\n<p>TEHNI\u010cKI PODACI<\/p>\n<p>Polo\u017eaj: stra\u017enji<\/p>\n","protected":false},"featured_media":54773,"template":"","meta":[],"product_brand":[],"product_cat":[1254],"product_tag":[],"class_list":{"0":"post-55292","1":"product","2":"type-product","3":"status-publish","4":"has-post-thumbnail","6":"product_cat-ohlins","8":"first","9":"instock","10":"sale","11":"shipping-taxable","12":"purchasable","13":"product-type-simple"},"yoast_head":"<!-- This site is optimized with the Yoast SEO plugin v27.5 - https:\/\/yoast.com\/product\/yoast-seo-wordpress\/ -->\n<title>SUZUKI GSX-R 1000 \u00d6HLINS TTX GP SHOCK ABSORBER 2017-2025 - Rapido Motosport<\/title>\n<meta name=\"robots\" content=\"index, follow, max-snippet:-1, max-image-preview:large, max-video-preview:-1\" \/>\n<link rel=\"canonical\" href=\"https:\/\/rapidomotosport.hr\/en\/proizvod\/suzuki-gsx-r-1000-ohlins-ttx-gp-shock-absorber-2017-2025\/\" \/>\n<meta property=\"og:locale\" content=\"en_US\" \/>\n<meta property=\"og:type\" content=\"article\" \/>\n<meta property=\"og:title\" content=\"SUZUKI GSX-R 1000 \u00d6HLINS TTX GP SHOCK ABSORBER 2017-2025 - Rapido Motosport\" \/>\n<meta property=\"og:description\" content=\"Na temelju performansi va\u0161eg motocikla, njegove cijene i raspolo\u017eivog prostora za ugradnju, osmislili smo amortizer za koji smatramo da mu odgovara, kako u pogledu cijene, tako i u pogledu performansi. Po\u010dinjemo odabirom tipa koji izra\u0111ujemo po mjeri za va\u0161 specifi\u010dni motocikl. Osnovna postavka, dizajn lamelnih paketa (shim stackova) i kalibracija pode\u0161iva\u010da testirani su i na cesti i na stazi. To su rezultati stvarnih testova s va\u0161im motociklom, bez naga\u0111anja! \u00d6hlins proizvodi vi\u0161e od 300 razli\u010ditih modela amortizera, pri \u010demu je svaki model izra\u0111en po mjeri za jedan specifi\u010dan motocikl. Koncept svih \u00d6hlins proizvoda nije tajna \u2014 to je preciznost. Preciznost omogu\u0107uje vrhunsku kontrolu sile prigu\u0161enja i klju\u010d je na\u0161eg uspjeha.  TEHNI\u010cKI PODACI  Polo\u017eaj: stra\u017enji\" \/>\n<meta property=\"og:url\" content=\"https:\/\/rapidomotosport.hr\/en\/proizvod\/suzuki-gsx-r-1000-ohlins-ttx-gp-shock-absorber-2017-2025\/\" \/>\n<meta property=\"og:site_name\" content=\"Rapido Motosport\" \/>\n<meta property=\"article:modified_time\" content=\"2026-05-05T18:15:50+00:00\" \/>\n<meta property=\"og:image\" content=\"https:\/\/rapidomotosport.hr\/wp-content\/uploads\/2026\/04\/arbo-65.png\" \/>\n\t<meta property=\"og:image:width\" content=\"2048\" \/>\n\t<meta property=\"og:image:height\" content=\"1536\" \/>\n\t<meta property=\"og:image:type\" content=\"image\/png\" \/>\n<meta name=\"twitter:card\" content=\"summary_large_image\" \/>\n<script type=\"application\/ld+json\" class=\"yoast-schema-graph\">{\"@context\":\"https:\\\/\\\/schema.org\",\"@graph\":[{\"@type\":\"WebPage\",\"@id\":\"https:\\\/\\\/rapidomotosport.hr\\\/en\\\/proizvod\\\/suzuki-gsx-r-1000-ohlins-ttx-gp-shock-absorber-2017-2025\\\/\",\"url\":\"https:\\\/\\\/rapidomotosport.hr\\\/en\\\/proizvod\\\/suzuki-gsx-r-1000-ohlins-ttx-gp-shock-absorber-2017-2025\\\/\",\"name\":\"SUZUKI GSX-R 1000 \u00d6HLINS TTX GP SHOCK ABSORBER 2017-2025 - Rapido Motosport\",\"isPartOf\":{\"@id\":\"https:\\\/\\\/rapidomotosport.hr\\\/en\\\/#website\"},\"primaryImageOfPage\":{\"@id\":\"https:\\\/\\\/rapidomotosport.hr\\\/en\\\/proizvod\\\/suzuki-gsx-r-1000-ohlins-ttx-gp-shock-absorber-2017-2025\\\/#primaryimage\"},\"image\":{\"@id\":\"https:\\\/\\\/rapidomotosport.hr\\\/en\\\/proizvod\\\/suzuki-gsx-r-1000-ohlins-ttx-gp-shock-absorber-2017-2025\\\/#primaryimage\"},\"thumbnailUrl\":\"https:\\\/\\\/rapidomotosport.hr\\\/wp-content\\\/uploads\\\/2026\\\/04\\\/arbo-65.png\",\"datePublished\":\"2026-05-05T18:14:10+00:00\",\"dateModified\":\"2026-05-05T18:15:50+00:00\",\"breadcrumb\":{\"@id\":\"https:\\\/\\\/rapidomotosport.hr\\\/en\\\/proizvod\\\/suzuki-gsx-r-1000-ohlins-ttx-gp-shock-absorber-2017-2025\\\/#breadcrumb\"},\"inLanguage\":\"en-US\",\"potentialAction\":[{\"@type\":\"ReadAction\",\"target\":[\"https:\\\/\\\/rapidomotosport.hr\\\/en\\\/proizvod\\\/suzuki-gsx-r-1000-ohlins-ttx-gp-shock-absorber-2017-2025\\\/\"]}]},{\"@type\":\"ImageObject\",\"inLanguage\":\"en-US\",\"@id\":\"https:\\\/\\\/rapidomotosport.hr\\\/en\\\/proizvod\\\/suzuki-gsx-r-1000-ohlins-ttx-gp-shock-absorber-2017-2025\\\/#primaryimage\",\"url\":\"https:\\\/\\\/rapidomotosport.hr\\\/wp-content\\\/uploads\\\/2026\\\/04\\\/arbo-65.png\",\"contentUrl\":\"https:\\\/\\\/rapidomotosport.hr\\\/wp-content\\\/uploads\\\/2026\\\/04\\\/arbo-65.png\",\"width\":2048,\"height\":1536},{\"@type\":\"BreadcrumbList\",\"@id\":\"https:\\\/\\\/rapidomotosport.hr\\\/en\\\/proizvod\\\/suzuki-gsx-r-1000-ohlins-ttx-gp-shock-absorber-2017-2025\\\/#breadcrumb\",\"itemListElement\":[{\"@type\":\"ListItem\",\"position\":1,\"name\":\"Po\u010detna stranica\",\"item\":\"https:\\\/\\\/rapidomotosport.hr\\\/en\\\/\"},{\"@type\":\"ListItem\",\"position\":2,\"name\":\"Shop\",\"item\":\"https:\\\/\\\/rapidomotosport.hr\\\/en\\\/shop\\\/\"},{\"@type\":\"ListItem\",\"position\":3,\"name\":\"SUZUKI GSX-R 1000 \u00d6HLINS TTX GP SHOCK ABSORBER 2017-2025\"}]},{\"@type\":\"WebSite\",\"@id\":\"https:\\\/\\\/rapidomotosport.hr\\\/en\\\/#website\",\"url\":\"https:\\\/\\\/rapidomotosport.hr\\\/en\\\/\",\"name\":\"Rapido Motosport\",\"description\":\"\",\"potentialAction\":[{\"@type\":\"SearchAction\",\"target\":{\"@type\":\"EntryPoint\",\"urlTemplate\":\"https:\\\/\\\/rapidomotosport.hr\\\/en\\\/?s={search_term_string}\"},\"query-input\":{\"@type\":\"PropertyValueSpecification\",\"valueRequired\":true,\"valueName\":\"search_term_string\"}}],\"inLanguage\":\"en-US\"}]}<\/script>\n<!-- \/ Yoast SEO plugin. -->","yoast_head_json":{"title":"SUZUKI GSX-R 1000 \u00d6HLINS TTX GP SHOCK ABSORBER 2017-2025 - Rapido Motosport","robots":{"index":"index","follow":"follow","max-snippet":"max-snippet:-1","max-image-preview":"max-image-preview:large","max-video-preview":"max-video-preview:-1"},"canonical":"https:\/\/rapidomotosport.hr\/en\/proizvod\/suzuki-gsx-r-1000-ohlins-ttx-gp-shock-absorber-2017-2025\/","og_locale":"en_US","og_type":"article","og_title":"SUZUKI GSX-R 1000 \u00d6HLINS TTX GP SHOCK ABSORBER 2017-2025 - Rapido Motosport","og_description":"Na temelju performansi va\u0161eg motocikla, njegove cijene i raspolo\u017eivog prostora za ugradnju, osmislili smo amortizer za koji smatramo da mu odgovara, kako u pogledu cijene, tako i u pogledu performansi. Po\u010dinjemo odabirom tipa koji izra\u0111ujemo po mjeri za va\u0161 specifi\u010dni motocikl. Osnovna postavka, dizajn lamelnih paketa (shim stackova) i kalibracija pode\u0161iva\u010da testirani su i na cesti i na stazi. To su rezultati stvarnih testova s va\u0161im motociklom, bez naga\u0111anja! \u00d6hlins proizvodi vi\u0161e od 300 razli\u010ditih modela amortizera, pri \u010demu je svaki model izra\u0111en po mjeri za jedan specifi\u010dan motocikl. Koncept svih \u00d6hlins proizvoda nije tajna \u2014 to je preciznost. Preciznost omogu\u0107uje vrhunsku kontrolu sile prigu\u0161enja i klju\u010d je na\u0161eg uspjeha.  TEHNI\u010cKI PODACI  Polo\u017eaj: stra\u017enji","og_url":"https:\/\/rapidomotosport.hr\/en\/proizvod\/suzuki-gsx-r-1000-ohlins-ttx-gp-shock-absorber-2017-2025\/","og_site_name":"Rapido Motosport","article_modified_time":"2026-05-05T18:15:50+00:00","og_image":[{"width":2048,"height":1536,"url":"https:\/\/rapidomotosport.hr\/wp-content\/uploads\/2026\/04\/arbo-65.png","type":"image\/png"}],"twitter_card":"summary_large_image","schema":{"@context":"https:\/\/schema.org","@graph":[{"@type":"WebPage","@id":"https:\/\/rapidomotosport.hr\/en\/proizvod\/suzuki-gsx-r-1000-ohlins-ttx-gp-shock-absorber-2017-2025\/","url":"https:\/\/rapidomotosport.hr\/en\/proizvod\/suzuki-gsx-r-1000-ohlins-ttx-gp-shock-absorber-2017-2025\/","name":"SUZUKI GSX-R 1000 \u00d6HLINS TTX GP SHOCK ABSORBER 2017-2025 - Rapido Motosport","isPartOf":{"@id":"https:\/\/rapidomotosport.hr\/en\/#website"},"primaryImageOfPage":{"@id":"https:\/\/rapidomotosport.hr\/en\/proizvod\/suzuki-gsx-r-1000-ohlins-ttx-gp-shock-absorber-2017-2025\/#primaryimage"},"image":{"@id":"https:\/\/rapidomotosport.hr\/en\/proizvod\/suzuki-gsx-r-1000-ohlins-ttx-gp-shock-absorber-2017-2025\/#primaryimage"},"thumbnailUrl":"https:\/\/rapidomotosport.hr\/wp-content\/uploads\/2026\/04\/arbo-65.png","datePublished":"2026-05-05T18:14:10+00:00","dateModified":"2026-05-05T18:15:50+00:00","breadcrumb":{"@id":"https:\/\/rapidomotosport.hr\/en\/proizvod\/suzuki-gsx-r-1000-ohlins-ttx-gp-shock-absorber-2017-2025\/#breadcrumb"},"inLanguage":"en-US","potentialAction":[{"@type":"ReadAction","target":["https:\/\/rapidomotosport.hr\/en\/proizvod\/suzuki-gsx-r-1000-ohlins-ttx-gp-shock-absorber-2017-2025\/"]}]},{"@type":"ImageObject","inLanguage":"en-US","@id":"https:\/\/rapidomotosport.hr\/en\/proizvod\/suzuki-gsx-r-1000-ohlins-ttx-gp-shock-absorber-2017-2025\/#primaryimage","url":"https:\/\/rapidomotosport.hr\/wp-content\/uploads\/2026\/04\/arbo-65.png","contentUrl":"https:\/\/rapidomotosport.hr\/wp-content\/uploads\/2026\/04\/arbo-65.png","width":2048,"height":1536},{"@type":"BreadcrumbList","@id":"https:\/\/rapidomotosport.hr\/en\/proizvod\/suzuki-gsx-r-1000-ohlins-ttx-gp-shock-absorber-2017-2025\/#breadcrumb","itemListElement":[{"@type":"ListItem","position":1,"name":"Po\u010detna stranica","item":"https:\/\/rapidomotosport.hr\/en\/"},{"@type":"ListItem","position":2,"name":"Shop","item":"https:\/\/rapidomotosport.hr\/en\/shop\/"},{"@type":"ListItem","position":3,"name":"SUZUKI GSX-R 1000 \u00d6HLINS TTX GP SHOCK ABSORBER 2017-2025"}]},{"@type":"WebSite","@id":"https:\/\/rapidomotosport.hr\/en\/#website","url":"https:\/\/rapidomotosport.hr\/en\/","name":"Rapido Motosport","description":"","potentialAction":[{"@type":"SearchAction","target":{"@type":"EntryPoint","urlTemplate":"https:\/\/rapidomotosport.hr\/en\/?s={search_term_string}"},"query-input":{"@type":"PropertyValueSpecification","valueRequired":true,"valueName":"search_term_string"}}],"inLanguage":"en-US"}]}},"_links":{"self":[{"href":"https:\/\/rapidomotosport.hr\/en\/wp-json\/wp\/v2\/product\/55292","targetHints":{"allow":["GET"]}}],"collection":[{"href":"https:\/\/rapidomotosport.hr\/en\/wp-json\/wp\/v2\/product"}],"about":[{"href":"https:\/\/rapidomotosport.hr\/en\/wp-json\/wp\/v2\/types\/product"}],"wp:featuredmedia":[{"embeddable":true,"href":"https:\/\/rapidomotosport.hr\/en\/wp-json\/wp\/v2\/media\/54773"}],"wp:attachment":[{"href":"https:\/\/rapidomotosport.hr\/en\/wp-json\/wp\/v2\/media?parent=55292"}],"wp:term":[{"taxonomy":"product_brand","embeddable":true,"href":"https:\/\/rapidomotosport.hr\/en\/wp-json\/wp\/v2\/product_brand?post=55292"},{"taxonomy":"product_cat","embeddable":true,"href":"https:\/\/rapidomotosport.hr\/en\/wp-json\/wp\/v2\/product_cat?post=55292"},{"taxonomy":"product_tag","embeddable":true,"href":"https:\/\/rapidomotosport.hr\/en\/wp-json\/wp\/v2\/product_tag?post=55292"}],"curies":[{"name":"wp","href":"https:\/\/api.w.org\/{rel}","templated":true}]}}