{"id":55335,"date":"2026-05-09T14:37:06","date_gmt":"2026-05-09T12:37:06","guid":{"rendered":"https:\/\/rapidomotosport.hr\/?post_type=product&#038;p=55335"},"modified":"2026-05-09T14:37:21","modified_gmt":"2026-05-09T12:37:21","slug":"triumph-bonneville-t100-ohlins-stx-36-twin-shock-absorber-2002-2015","status":"publish","type":"product","link":"https:\/\/rapidomotosport.hr\/en\/proizvod\/triumph-bonneville-t100-ohlins-stx-36-twin-shock-absorber-2002-2015\/","title":{"rendered":"TRIUMPH BONNEVILLE T100 \u00d6HLINS STX 36 TWIN SHOCK ABSORBER 2002-2015"},"content":{"rendered":"","protected":false},"excerpt":{"rendered":"<p>\u00d6hlins STX36 Street Performance postavlja standard u performansama, udobnosti i izdr\u017eljivosti. Razvijeni za \u0161irok raspon modela cestovnih motocikala, ovi amortizeri osiguravaju dosljedne i pouzdane karakteristike prigu\u0161enja na cesti. Nudimo i mono i twin amortizere, ovisno o primjeni.<\/p>\n<p>Ovi STX36 Street Performance twin amortizeri izra\u0111eni su za ugradnju na Triumph Bonneville i Triumph Thruxton 900.<\/p>\n<p>Temeljeni na na\u0161em STX monotube dizajnu, amortizeri su opremljeni sustavom prigu\u0161enja s plinskim tlakom i vanjskim piggyback spremnicima. Prednost piggyback spremnika je ve\u0107i volumen ulja, \u0161to odr\u017eava amortizere hladnijima i osigurava dosljedne performanse prigu\u0161enja u ekstremnim uvjetima.<\/p>\n<p>S podesivim prigu\u0161enjem povrata mo\u017eete prilagoditi pona\u0161anje amortizera svom stilu vo\u017enje. Podesivo prednaprezanje opruge omogu\u0107uje prilagodbu optere\u0107enju kako bi se odr\u017eala pravilna geometrija upravljanja pri svakoj vo\u017enji. Ovi amortizeri su tako\u0111er podesivi po duljini, \u0161to omogu\u0107uje pode\u0161avanje visine motocikla i dodatno prilago\u0111avanje postavki.<\/p>\n<p>TEHNI\u010cKI PODACI<\/p>\n<p>Duljina: 340 +10\/-0 mm<br \/>\nPozicija: stra\u017enja<br \/>\nUgra\u0111ena opruga: 60480-03<br \/>\nPakiranje: par<\/p>\n","protected":false},"featured_media":55336,"template":"","meta":[],"product_brand":[],"product_cat":[1254],"product_tag":[],"class_list":{"0":"post-55335","1":"product","2":"type-product","3":"status-publish","4":"has-post-thumbnail","6":"product_cat-ohlins","8":"first","9":"instock","10":"sale","11":"shipping-taxable","12":"purchasable","13":"product-type-simple"},"yoast_head":"<!-- This site is optimized with the Yoast SEO plugin v27.5 - https:\/\/yoast.com\/product\/yoast-seo-wordpress\/ -->\n<title>TRIUMPH BONNEVILLE T100 \u00d6HLINS STX 36 TWIN SHOCK ABSORBER 2002-2015 - Rapido Motosport<\/title>\n<meta name=\"robots\" content=\"index, follow, max-snippet:-1, max-image-preview:large, max-video-preview:-1\" \/>\n<link rel=\"canonical\" href=\"https:\/\/rapidomotosport.hr\/en\/proizvod\/triumph-bonneville-t100-ohlins-stx-36-twin-shock-absorber-2002-2015\/\" \/>\n<meta property=\"og:locale\" content=\"en_US\" \/>\n<meta property=\"og:type\" content=\"article\" \/>\n<meta property=\"og:title\" content=\"TRIUMPH BONNEVILLE T100 \u00d6HLINS STX 36 TWIN SHOCK ABSORBER 2002-2015 - Rapido Motosport\" \/>\n<meta property=\"og:description\" content=\"\u00d6hlins STX36 Street Performance postavlja standard u performansama, udobnosti i izdr\u017eljivosti. Razvijeni za \u0161irok raspon modela cestovnih motocikala, ovi amortizeri osiguravaju dosljedne i pouzdane karakteristike prigu\u0161enja na cesti. Nudimo i mono i twin amortizere, ovisno o primjeni.  Ovi STX36 Street Performance twin amortizeri izra\u0111eni su za ugradnju na Triumph Bonneville i Triumph Thruxton 900.  Temeljeni na na\u0161em STX monotube dizajnu, amortizeri su opremljeni sustavom prigu\u0161enja s plinskim tlakom i vanjskim piggyback spremnicima. Prednost piggyback spremnika je ve\u0107i volumen ulja, \u0161to odr\u017eava amortizere hladnijima i osigurava dosljedne performanse prigu\u0161enja u ekstremnim uvjetima.  S podesivim prigu\u0161enjem povrata mo\u017eete prilagoditi pona\u0161anje amortizera svom stilu vo\u017enje. Podesivo prednaprezanje opruge omogu\u0107uje prilagodbu optere\u0107enju kako bi se odr\u017eala pravilna geometrija upravljanja pri svakoj vo\u017enji. Ovi amortizeri su tako\u0111er podesivi po duljini, \u0161to omogu\u0107uje pode\u0161avanje visine motocikla i dodatno prilago\u0111avanje postavki.  TEHNI\u010cKI PODACI  Duljina: 340 +10\/-0 mm Pozicija: stra\u017enja Ugra\u0111ena opruga: 60480-03 Pakiranje: par\" \/>\n<meta property=\"og:url\" content=\"https:\/\/rapidomotosport.hr\/en\/proizvod\/triumph-bonneville-t100-ohlins-stx-36-twin-shock-absorber-2002-2015\/\" \/>\n<meta property=\"og:site_name\" content=\"Rapido Motosport\" \/>\n<meta property=\"article:modified_time\" content=\"2026-05-09T12:37:21+00:00\" \/>\n<meta property=\"og:image\" content=\"https:\/\/rapidomotosport.hr\/wp-content\/uploads\/2026\/05\/arbo-2-11.png\" \/>\n\t<meta property=\"og:image:width\" content=\"2048\" \/>\n\t<meta property=\"og:image:height\" content=\"1536\" \/>\n\t<meta property=\"og:image:type\" content=\"image\/png\" \/>\n<meta name=\"twitter:card\" content=\"summary_large_image\" \/>\n<meta name=\"twitter:label1\" content=\"Est. reading time\" \/>\n\t<meta name=\"twitter:data1\" content=\"1 minute\" \/>\n<script type=\"application\/ld+json\" class=\"yoast-schema-graph\">{\"@context\":\"https:\\\/\\\/schema.org\",\"@graph\":[{\"@type\":\"WebPage\",\"@id\":\"https:\\\/\\\/rapidomotosport.hr\\\/en\\\/proizvod\\\/triumph-bonneville-t100-ohlins-stx-36-twin-shock-absorber-2002-2015\\\/\",\"url\":\"https:\\\/\\\/rapidomotosport.hr\\\/en\\\/proizvod\\\/triumph-bonneville-t100-ohlins-stx-36-twin-shock-absorber-2002-2015\\\/\",\"name\":\"TRIUMPH BONNEVILLE T100 \u00d6HLINS STX 36 TWIN SHOCK ABSORBER 2002-2015 - Rapido Motosport\",\"isPartOf\":{\"@id\":\"https:\\\/\\\/rapidomotosport.hr\\\/en\\\/#website\"},\"primaryImageOfPage\":{\"@id\":\"https:\\\/\\\/rapidomotosport.hr\\\/en\\\/proizvod\\\/triumph-bonneville-t100-ohlins-stx-36-twin-shock-absorber-2002-2015\\\/#primaryimage\"},\"image\":{\"@id\":\"https:\\\/\\\/rapidomotosport.hr\\\/en\\\/proizvod\\\/triumph-bonneville-t100-ohlins-stx-36-twin-shock-absorber-2002-2015\\\/#primaryimage\"},\"thumbnailUrl\":\"https:\\\/\\\/rapidomotosport.hr\\\/wp-content\\\/uploads\\\/2026\\\/05\\\/arbo-2-11.png\",\"datePublished\":\"2026-05-09T12:37:06+00:00\",\"dateModified\":\"2026-05-09T12:37:21+00:00\",\"breadcrumb\":{\"@id\":\"https:\\\/\\\/rapidomotosport.hr\\\/en\\\/proizvod\\\/triumph-bonneville-t100-ohlins-stx-36-twin-shock-absorber-2002-2015\\\/#breadcrumb\"},\"inLanguage\":\"en-US\",\"potentialAction\":[{\"@type\":\"ReadAction\",\"target\":[\"https:\\\/\\\/rapidomotosport.hr\\\/en\\\/proizvod\\\/triumph-bonneville-t100-ohlins-stx-36-twin-shock-absorber-2002-2015\\\/\"]}]},{\"@type\":\"ImageObject\",\"inLanguage\":\"en-US\",\"@id\":\"https:\\\/\\\/rapidomotosport.hr\\\/en\\\/proizvod\\\/triumph-bonneville-t100-ohlins-stx-36-twin-shock-absorber-2002-2015\\\/#primaryimage\",\"url\":\"https:\\\/\\\/rapidomotosport.hr\\\/wp-content\\\/uploads\\\/2026\\\/05\\\/arbo-2-11.png\",\"contentUrl\":\"https:\\\/\\\/rapidomotosport.hr\\\/wp-content\\\/uploads\\\/2026\\\/05\\\/arbo-2-11.png\",\"width\":2048,\"height\":1536},{\"@type\":\"BreadcrumbList\",\"@id\":\"https:\\\/\\\/rapidomotosport.hr\\\/en\\\/proizvod\\\/triumph-bonneville-t100-ohlins-stx-36-twin-shock-absorber-2002-2015\\\/#breadcrumb\",\"itemListElement\":[{\"@type\":\"ListItem\",\"position\":1,\"name\":\"Po\u010detna stranica\",\"item\":\"https:\\\/\\\/rapidomotosport.hr\\\/en\\\/\"},{\"@type\":\"ListItem\",\"position\":2,\"name\":\"Shop\",\"item\":\"https:\\\/\\\/rapidomotosport.hr\\\/en\\\/shop\\\/\"},{\"@type\":\"ListItem\",\"position\":3,\"name\":\"TRIUMPH BONNEVILLE T100 \u00d6HLINS STX 36 TWIN SHOCK ABSORBER 2002-2015\"}]},{\"@type\":\"WebSite\",\"@id\":\"https:\\\/\\\/rapidomotosport.hr\\\/en\\\/#website\",\"url\":\"https:\\\/\\\/rapidomotosport.hr\\\/en\\\/\",\"name\":\"Rapido Motosport\",\"description\":\"\",\"potentialAction\":[{\"@type\":\"SearchAction\",\"target\":{\"@type\":\"EntryPoint\",\"urlTemplate\":\"https:\\\/\\\/rapidomotosport.hr\\\/en\\\/?s={search_term_string}\"},\"query-input\":{\"@type\":\"PropertyValueSpecification\",\"valueRequired\":true,\"valueName\":\"search_term_string\"}}],\"inLanguage\":\"en-US\"}]}<\/script>\n<!-- \/ Yoast SEO plugin. -->","yoast_head_json":{"title":"TRIUMPH BONNEVILLE T100 \u00d6HLINS STX 36 TWIN SHOCK ABSORBER 2002-2015 - Rapido Motosport","robots":{"index":"index","follow":"follow","max-snippet":"max-snippet:-1","max-image-preview":"max-image-preview:large","max-video-preview":"max-video-preview:-1"},"canonical":"https:\/\/rapidomotosport.hr\/en\/proizvod\/triumph-bonneville-t100-ohlins-stx-36-twin-shock-absorber-2002-2015\/","og_locale":"en_US","og_type":"article","og_title":"TRIUMPH BONNEVILLE T100 \u00d6HLINS STX 36 TWIN SHOCK ABSORBER 2002-2015 - Rapido Motosport","og_description":"\u00d6hlins STX36 Street Performance postavlja standard u performansama, udobnosti i izdr\u017eljivosti. Razvijeni za \u0161irok raspon modela cestovnih motocikala, ovi amortizeri osiguravaju dosljedne i pouzdane karakteristike prigu\u0161enja na cesti. Nudimo i mono i twin amortizere, ovisno o primjeni.  Ovi STX36 Street Performance twin amortizeri izra\u0111eni su za ugradnju na Triumph Bonneville i Triumph Thruxton 900.  Temeljeni na na\u0161em STX monotube dizajnu, amortizeri su opremljeni sustavom prigu\u0161enja s plinskim tlakom i vanjskim piggyback spremnicima. Prednost piggyback spremnika je ve\u0107i volumen ulja, \u0161to odr\u017eava amortizere hladnijima i osigurava dosljedne performanse prigu\u0161enja u ekstremnim uvjetima.  S podesivim prigu\u0161enjem povrata mo\u017eete prilagoditi pona\u0161anje amortizera svom stilu vo\u017enje. Podesivo prednaprezanje opruge omogu\u0107uje prilagodbu optere\u0107enju kako bi se odr\u017eala pravilna geometrija upravljanja pri svakoj vo\u017enji. Ovi amortizeri su tako\u0111er podesivi po duljini, \u0161to omogu\u0107uje pode\u0161avanje visine motocikla i dodatno prilago\u0111avanje postavki.  TEHNI\u010cKI PODACI  Duljina: 340 +10\/-0 mm Pozicija: stra\u017enja Ugra\u0111ena opruga: 60480-03 Pakiranje: par","og_url":"https:\/\/rapidomotosport.hr\/en\/proizvod\/triumph-bonneville-t100-ohlins-stx-36-twin-shock-absorber-2002-2015\/","og_site_name":"Rapido Motosport","article_modified_time":"2026-05-09T12:37:21+00:00","og_image":[{"width":2048,"height":1536,"url":"https:\/\/rapidomotosport.hr\/wp-content\/uploads\/2026\/05\/arbo-2-11.png","type":"image\/png"}],"twitter_card":"summary_large_image","twitter_misc":{"Est. reading time":"1 minute"},"schema":{"@context":"https:\/\/schema.org","@graph":[{"@type":"WebPage","@id":"https:\/\/rapidomotosport.hr\/en\/proizvod\/triumph-bonneville-t100-ohlins-stx-36-twin-shock-absorber-2002-2015\/","url":"https:\/\/rapidomotosport.hr\/en\/proizvod\/triumph-bonneville-t100-ohlins-stx-36-twin-shock-absorber-2002-2015\/","name":"TRIUMPH BONNEVILLE T100 \u00d6HLINS STX 36 TWIN SHOCK ABSORBER 2002-2015 - Rapido Motosport","isPartOf":{"@id":"https:\/\/rapidomotosport.hr\/en\/#website"},"primaryImageOfPage":{"@id":"https:\/\/rapidomotosport.hr\/en\/proizvod\/triumph-bonneville-t100-ohlins-stx-36-twin-shock-absorber-2002-2015\/#primaryimage"},"image":{"@id":"https:\/\/rapidomotosport.hr\/en\/proizvod\/triumph-bonneville-t100-ohlins-stx-36-twin-shock-absorber-2002-2015\/#primaryimage"},"thumbnailUrl":"https:\/\/rapidomotosport.hr\/wp-content\/uploads\/2026\/05\/arbo-2-11.png","datePublished":"2026-05-09T12:37:06+00:00","dateModified":"2026-05-09T12:37:21+00:00","breadcrumb":{"@id":"https:\/\/rapidomotosport.hr\/en\/proizvod\/triumph-bonneville-t100-ohlins-stx-36-twin-shock-absorber-2002-2015\/#breadcrumb"},"inLanguage":"en-US","potentialAction":[{"@type":"ReadAction","target":["https:\/\/rapidomotosport.hr\/en\/proizvod\/triumph-bonneville-t100-ohlins-stx-36-twin-shock-absorber-2002-2015\/"]}]},{"@type":"ImageObject","inLanguage":"en-US","@id":"https:\/\/rapidomotosport.hr\/en\/proizvod\/triumph-bonneville-t100-ohlins-stx-36-twin-shock-absorber-2002-2015\/#primaryimage","url":"https:\/\/rapidomotosport.hr\/wp-content\/uploads\/2026\/05\/arbo-2-11.png","contentUrl":"https:\/\/rapidomotosport.hr\/wp-content\/uploads\/2026\/05\/arbo-2-11.png","width":2048,"height":1536},{"@type":"BreadcrumbList","@id":"https:\/\/rapidomotosport.hr\/en\/proizvod\/triumph-bonneville-t100-ohlins-stx-36-twin-shock-absorber-2002-2015\/#breadcrumb","itemListElement":[{"@type":"ListItem","position":1,"name":"Po\u010detna stranica","item":"https:\/\/rapidomotosport.hr\/en\/"},{"@type":"ListItem","position":2,"name":"Shop","item":"https:\/\/rapidomotosport.hr\/en\/shop\/"},{"@type":"ListItem","position":3,"name":"TRIUMPH BONNEVILLE T100 \u00d6HLINS STX 36 TWIN SHOCK ABSORBER 2002-2015"}]},{"@type":"WebSite","@id":"https:\/\/rapidomotosport.hr\/en\/#website","url":"https:\/\/rapidomotosport.hr\/en\/","name":"Rapido Motosport","description":"","potentialAction":[{"@type":"SearchAction","target":{"@type":"EntryPoint","urlTemplate":"https:\/\/rapidomotosport.hr\/en\/?s={search_term_string}"},"query-input":{"@type":"PropertyValueSpecification","valueRequired":true,"valueName":"search_term_string"}}],"inLanguage":"en-US"}]}},"_links":{"self":[{"href":"https:\/\/rapidomotosport.hr\/en\/wp-json\/wp\/v2\/product\/55335","targetHints":{"allow":["GET"]}}],"collection":[{"href":"https:\/\/rapidomotosport.hr\/en\/wp-json\/wp\/v2\/product"}],"about":[{"href":"https:\/\/rapidomotosport.hr\/en\/wp-json\/wp\/v2\/types\/product"}],"wp:featuredmedia":[{"embeddable":true,"href":"https:\/\/rapidomotosport.hr\/en\/wp-json\/wp\/v2\/media\/55336"}],"wp:attachment":[{"href":"https:\/\/rapidomotosport.hr\/en\/wp-json\/wp\/v2\/media?parent=55335"}],"wp:term":[{"taxonomy":"product_brand","embeddable":true,"href":"https:\/\/rapidomotosport.hr\/en\/wp-json\/wp\/v2\/product_brand?post=55335"},{"taxonomy":"product_cat","embeddable":true,"href":"https:\/\/rapidomotosport.hr\/en\/wp-json\/wp\/v2\/product_cat?post=55335"},{"taxonomy":"product_tag","embeddable":true,"href":"https:\/\/rapidomotosport.hr\/en\/wp-json\/wp\/v2\/product_tag?post=55335"}],"curies":[{"name":"wp","href":"https:\/\/api.w.org\/{rel}","templated":true}]}}