{"id":55356,"date":"2026-05-09T15:18:44","date_gmt":"2026-05-09T13:18:44","guid":{"rendered":"https:\/\/rapidomotosport.hr\/?post_type=product&#038;p=55356"},"modified":"2026-05-09T15:21:21","modified_gmt":"2026-05-09T13:21:21","slug":"triumph-bonneville-t120-ohlins-stx-36-blackline-shock-absorber-2016-2019","status":"publish","type":"product","link":"https:\/\/rapidomotosport.hr\/en\/proizvod\/triumph-bonneville-t120-ohlins-stx-36-blackline-shock-absorber-2016-2019\/","title":{"rendered":"TRIUMPH BONNEVILLE T120 \u00d6HLINS STX 36 BLACKLINE SHOCK ABSORBER 2016-2019"},"content":{"rendered":"","protected":false},"excerpt":{"rendered":"<p>Ne dopustite da vas elegantan vanjski izgled zavara \u2014 na\u0161i STX36 Twin Blackline amortizeri ispunjeni su \u00d6hlinsovom prepoznatljivom kvalitetom i performansama prigu\u0161enja. S velikim izborom tvrdo\u0107a opruga te prilagodljivim postavkama prigu\u0161enja i prednaprezanja, mo\u017eete fino podesiti amortizere prema svom jedinstvenom stilu vo\u017enje. Od opu\u0161tene vo\u017enje planinskim cestama do vo\u017enje punim gasom, STX36 Blackline Twin amortizeri namijenjeni su voza\u010dima koji zahtijevaju najbolje u kvaliteti vo\u017enje i performansama.<\/p>\n<p>STX36 Blackline amortizer za Triumph Bonneville T100 (2017.\u20132019.), Bonneville T120 (2016.\u20132019.) i Street Scrambler (2017.\u20132020.) je amortizer emulzijskog tipa, koji koristi \u00d6hlinsov provjereni monotube dizajn i visokotla\u010dni sustav prigu\u0161enja punjen du\u0161ikom.<\/p>\n<p>Podesivo prigu\u0161enje povrata omogu\u0107uje promjenu pona\u0161anja amortizera prema va\u0161im voza\u010dkim preferencijama. Prednaprezanje opruge mo\u017ee se pode\u0161avati prilo\u017eenim alatom od aluminijskog bloka kako bi se kompenzirale razlike u te\u017eini, \u010dime se osigurava pravilna geometrija pri svakoj vo\u017enji. Amortizer je tako\u0111er podesiv po duljini, \u0161to omogu\u0107uje podizanje ili spu\u0161tanje visine motocikla bez naru\u0161avanja hoda ovjesa.<\/p>\n<p>Nudimo vi\u0161e tvrdo\u0107a opruga za STX36 Blackline amortizer, \u0161to vam daje dodatne mogu\u0107nosti pode\u0161avanja za postizanje savr\u0161enih postavki za va\u0161 Triumph.<\/p>\n<p>TEHNI\u010cKI PODACI<\/p>\n<p>Duljina: 348 +7\/-3 mm<br \/>\nHod: 96 mm<br \/>\nTvrdo\u0107a opruge N\/mm: progresivna 16\u201326 N\/mm<br \/>\nUgra\u0111ena opruga: 60480-02<br \/>\nPakiranje: par<\/p>\n","protected":false},"featured_media":55357,"template":"","meta":[],"product_brand":[],"product_cat":[1254],"product_tag":[],"class_list":{"0":"post-55356","1":"product","2":"type-product","3":"status-publish","4":"has-post-thumbnail","6":"product_cat-ohlins","8":"first","9":"instock","10":"sale","11":"shipping-taxable","12":"purchasable","13":"product-type-simple"},"yoast_head":"<!-- This site is optimized with the Yoast SEO plugin v27.5 - https:\/\/yoast.com\/product\/yoast-seo-wordpress\/ -->\n<title>TRIUMPH BONNEVILLE T120 \u00d6HLINS STX 36 BLACKLINE SHOCK ABSORBER 2016-2019 - Rapido Motosport<\/title>\n<meta name=\"robots\" content=\"index, follow, max-snippet:-1, max-image-preview:large, max-video-preview:-1\" \/>\n<link rel=\"canonical\" href=\"https:\/\/rapidomotosport.hr\/en\/proizvod\/triumph-bonneville-t120-ohlins-stx-36-blackline-shock-absorber-2016-2019\/\" \/>\n<meta property=\"og:locale\" content=\"en_US\" \/>\n<meta property=\"og:type\" content=\"article\" \/>\n<meta property=\"og:title\" content=\"TRIUMPH BONNEVILLE T120 \u00d6HLINS STX 36 BLACKLINE SHOCK ABSORBER 2016-2019 - Rapido Motosport\" \/>\n<meta property=\"og:description\" content=\"Ne dopustite da vas elegantan vanjski izgled zavara \u2014 na\u0161i STX36 Twin Blackline amortizeri ispunjeni su \u00d6hlinsovom prepoznatljivom kvalitetom i performansama prigu\u0161enja. S velikim izborom tvrdo\u0107a opruga te prilagodljivim postavkama prigu\u0161enja i prednaprezanja, mo\u017eete fino podesiti amortizere prema svom jedinstvenom stilu vo\u017enje. Od opu\u0161tene vo\u017enje planinskim cestama do vo\u017enje punim gasom, STX36 Blackline Twin amortizeri namijenjeni su voza\u010dima koji zahtijevaju najbolje u kvaliteti vo\u017enje i performansama.  STX36 Blackline amortizer za Triumph Bonneville T100 (2017.\u20132019.), Bonneville T120 (2016.\u20132019.) i Street Scrambler (2017.\u20132020.) je amortizer emulzijskog tipa, koji koristi \u00d6hlinsov provjereni monotube dizajn i visokotla\u010dni sustav prigu\u0161enja punjen du\u0161ikom.  Podesivo prigu\u0161enje povrata omogu\u0107uje promjenu pona\u0161anja amortizera prema va\u0161im voza\u010dkim preferencijama. Prednaprezanje opruge mo\u017ee se pode\u0161avati prilo\u017eenim alatom od aluminijskog bloka kako bi se kompenzirale razlike u te\u017eini, \u010dime se osigurava pravilna geometrija pri svakoj vo\u017enji. Amortizer je tako\u0111er podesiv po duljini, \u0161to omogu\u0107uje podizanje ili spu\u0161tanje visine motocikla bez naru\u0161avanja hoda ovjesa.  Nudimo vi\u0161e tvrdo\u0107a opruga za STX36 Blackline amortizer, \u0161to vam daje dodatne mogu\u0107nosti pode\u0161avanja za postizanje savr\u0161enih postavki za va\u0161 Triumph.  TEHNI\u010cKI PODACI  Duljina: 348 +7\/-3 mm Hod: 96 mm Tvrdo\u0107a opruge N\/mm: progresivna 16\u201326 N\/mm Ugra\u0111ena opruga: 60480-02 Pakiranje: par\" \/>\n<meta property=\"og:url\" content=\"https:\/\/rapidomotosport.hr\/en\/proizvod\/triumph-bonneville-t120-ohlins-stx-36-blackline-shock-absorber-2016-2019\/\" \/>\n<meta property=\"og:site_name\" content=\"Rapido Motosport\" \/>\n<meta property=\"article:modified_time\" content=\"2026-05-09T13:21:21+00:00\" \/>\n<meta property=\"og:image\" content=\"https:\/\/rapidomotosport.hr\/wp-content\/uploads\/2026\/05\/arbo-2-15.png\" \/>\n\t<meta property=\"og:image:width\" content=\"2048\" \/>\n\t<meta property=\"og:image:height\" content=\"1536\" \/>\n\t<meta property=\"og:image:type\" content=\"image\/png\" \/>\n<meta name=\"twitter:card\" content=\"summary_large_image\" \/>\n<script type=\"application\/ld+json\" class=\"yoast-schema-graph\">{\"@context\":\"https:\\\/\\\/schema.org\",\"@graph\":[{\"@type\":\"WebPage\",\"@id\":\"https:\\\/\\\/rapidomotosport.hr\\\/en\\\/proizvod\\\/triumph-bonneville-t120-ohlins-stx-36-blackline-shock-absorber-2016-2019\\\/\",\"url\":\"https:\\\/\\\/rapidomotosport.hr\\\/en\\\/proizvod\\\/triumph-bonneville-t120-ohlins-stx-36-blackline-shock-absorber-2016-2019\\\/\",\"name\":\"TRIUMPH BONNEVILLE T120 \u00d6HLINS STX 36 BLACKLINE SHOCK ABSORBER 2016-2019 - Rapido Motosport\",\"isPartOf\":{\"@id\":\"https:\\\/\\\/rapidomotosport.hr\\\/en\\\/#website\"},\"primaryImageOfPage\":{\"@id\":\"https:\\\/\\\/rapidomotosport.hr\\\/en\\\/proizvod\\\/triumph-bonneville-t120-ohlins-stx-36-blackline-shock-absorber-2016-2019\\\/#primaryimage\"},\"image\":{\"@id\":\"https:\\\/\\\/rapidomotosport.hr\\\/en\\\/proizvod\\\/triumph-bonneville-t120-ohlins-stx-36-blackline-shock-absorber-2016-2019\\\/#primaryimage\"},\"thumbnailUrl\":\"https:\\\/\\\/rapidomotosport.hr\\\/wp-content\\\/uploads\\\/2026\\\/05\\\/arbo-2-15.png\",\"datePublished\":\"2026-05-09T13:18:44+00:00\",\"dateModified\":\"2026-05-09T13:21:21+00:00\",\"breadcrumb\":{\"@id\":\"https:\\\/\\\/rapidomotosport.hr\\\/en\\\/proizvod\\\/triumph-bonneville-t120-ohlins-stx-36-blackline-shock-absorber-2016-2019\\\/#breadcrumb\"},\"inLanguage\":\"en-US\",\"potentialAction\":[{\"@type\":\"ReadAction\",\"target\":[\"https:\\\/\\\/rapidomotosport.hr\\\/en\\\/proizvod\\\/triumph-bonneville-t120-ohlins-stx-36-blackline-shock-absorber-2016-2019\\\/\"]}]},{\"@type\":\"ImageObject\",\"inLanguage\":\"en-US\",\"@id\":\"https:\\\/\\\/rapidomotosport.hr\\\/en\\\/proizvod\\\/triumph-bonneville-t120-ohlins-stx-36-blackline-shock-absorber-2016-2019\\\/#primaryimage\",\"url\":\"https:\\\/\\\/rapidomotosport.hr\\\/wp-content\\\/uploads\\\/2026\\\/05\\\/arbo-2-15.png\",\"contentUrl\":\"https:\\\/\\\/rapidomotosport.hr\\\/wp-content\\\/uploads\\\/2026\\\/05\\\/arbo-2-15.png\",\"width\":2048,\"height\":1536},{\"@type\":\"BreadcrumbList\",\"@id\":\"https:\\\/\\\/rapidomotosport.hr\\\/en\\\/proizvod\\\/triumph-bonneville-t120-ohlins-stx-36-blackline-shock-absorber-2016-2019\\\/#breadcrumb\",\"itemListElement\":[{\"@type\":\"ListItem\",\"position\":1,\"name\":\"Po\u010detna stranica\",\"item\":\"https:\\\/\\\/rapidomotosport.hr\\\/en\\\/\"},{\"@type\":\"ListItem\",\"position\":2,\"name\":\"Shop\",\"item\":\"https:\\\/\\\/rapidomotosport.hr\\\/en\\\/shop\\\/\"},{\"@type\":\"ListItem\",\"position\":3,\"name\":\"TRIUMPH BONNEVILLE T120 \u00d6HLINS STX 36 BLACKLINE SHOCK ABSORBER 2016-2019\"}]},{\"@type\":\"WebSite\",\"@id\":\"https:\\\/\\\/rapidomotosport.hr\\\/en\\\/#website\",\"url\":\"https:\\\/\\\/rapidomotosport.hr\\\/en\\\/\",\"name\":\"Rapido Motosport\",\"description\":\"\",\"potentialAction\":[{\"@type\":\"SearchAction\",\"target\":{\"@type\":\"EntryPoint\",\"urlTemplate\":\"https:\\\/\\\/rapidomotosport.hr\\\/en\\\/?s={search_term_string}\"},\"query-input\":{\"@type\":\"PropertyValueSpecification\",\"valueRequired\":true,\"valueName\":\"search_term_string\"}}],\"inLanguage\":\"en-US\"}]}<\/script>\n<!-- \/ Yoast SEO plugin. -->","yoast_head_json":{"title":"TRIUMPH BONNEVILLE T120 \u00d6HLINS STX 36 BLACKLINE SHOCK ABSORBER 2016-2019 - Rapido Motosport","robots":{"index":"index","follow":"follow","max-snippet":"max-snippet:-1","max-image-preview":"max-image-preview:large","max-video-preview":"max-video-preview:-1"},"canonical":"https:\/\/rapidomotosport.hr\/en\/proizvod\/triumph-bonneville-t120-ohlins-stx-36-blackline-shock-absorber-2016-2019\/","og_locale":"en_US","og_type":"article","og_title":"TRIUMPH BONNEVILLE T120 \u00d6HLINS STX 36 BLACKLINE SHOCK ABSORBER 2016-2019 - Rapido Motosport","og_description":"Ne dopustite da vas elegantan vanjski izgled zavara \u2014 na\u0161i STX36 Twin Blackline amortizeri ispunjeni su \u00d6hlinsovom prepoznatljivom kvalitetom i performansama prigu\u0161enja. S velikim izborom tvrdo\u0107a opruga te prilagodljivim postavkama prigu\u0161enja i prednaprezanja, mo\u017eete fino podesiti amortizere prema svom jedinstvenom stilu vo\u017enje. Od opu\u0161tene vo\u017enje planinskim cestama do vo\u017enje punim gasom, STX36 Blackline Twin amortizeri namijenjeni su voza\u010dima koji zahtijevaju najbolje u kvaliteti vo\u017enje i performansama.  STX36 Blackline amortizer za Triumph Bonneville T100 (2017.\u20132019.), Bonneville T120 (2016.\u20132019.) i Street Scrambler (2017.\u20132020.) je amortizer emulzijskog tipa, koji koristi \u00d6hlinsov provjereni monotube dizajn i visokotla\u010dni sustav prigu\u0161enja punjen du\u0161ikom.  Podesivo prigu\u0161enje povrata omogu\u0107uje promjenu pona\u0161anja amortizera prema va\u0161im voza\u010dkim preferencijama. Prednaprezanje opruge mo\u017ee se pode\u0161avati prilo\u017eenim alatom od aluminijskog bloka kako bi se kompenzirale razlike u te\u017eini, \u010dime se osigurava pravilna geometrija pri svakoj vo\u017enji. Amortizer je tako\u0111er podesiv po duljini, \u0161to omogu\u0107uje podizanje ili spu\u0161tanje visine motocikla bez naru\u0161avanja hoda ovjesa.  Nudimo vi\u0161e tvrdo\u0107a opruga za STX36 Blackline amortizer, \u0161to vam daje dodatne mogu\u0107nosti pode\u0161avanja za postizanje savr\u0161enih postavki za va\u0161 Triumph.  TEHNI\u010cKI PODACI  Duljina: 348 +7\/-3 mm Hod: 96 mm Tvrdo\u0107a opruge N\/mm: progresivna 16\u201326 N\/mm Ugra\u0111ena opruga: 60480-02 Pakiranje: par","og_url":"https:\/\/rapidomotosport.hr\/en\/proizvod\/triumph-bonneville-t120-ohlins-stx-36-blackline-shock-absorber-2016-2019\/","og_site_name":"Rapido Motosport","article_modified_time":"2026-05-09T13:21:21+00:00","og_image":[{"width":2048,"height":1536,"url":"https:\/\/rapidomotosport.hr\/wp-content\/uploads\/2026\/05\/arbo-2-15.png","type":"image\/png"}],"twitter_card":"summary_large_image","schema":{"@context":"https:\/\/schema.org","@graph":[{"@type":"WebPage","@id":"https:\/\/rapidomotosport.hr\/en\/proizvod\/triumph-bonneville-t120-ohlins-stx-36-blackline-shock-absorber-2016-2019\/","url":"https:\/\/rapidomotosport.hr\/en\/proizvod\/triumph-bonneville-t120-ohlins-stx-36-blackline-shock-absorber-2016-2019\/","name":"TRIUMPH BONNEVILLE T120 \u00d6HLINS STX 36 BLACKLINE SHOCK ABSORBER 2016-2019 - Rapido Motosport","isPartOf":{"@id":"https:\/\/rapidomotosport.hr\/en\/#website"},"primaryImageOfPage":{"@id":"https:\/\/rapidomotosport.hr\/en\/proizvod\/triumph-bonneville-t120-ohlins-stx-36-blackline-shock-absorber-2016-2019\/#primaryimage"},"image":{"@id":"https:\/\/rapidomotosport.hr\/en\/proizvod\/triumph-bonneville-t120-ohlins-stx-36-blackline-shock-absorber-2016-2019\/#primaryimage"},"thumbnailUrl":"https:\/\/rapidomotosport.hr\/wp-content\/uploads\/2026\/05\/arbo-2-15.png","datePublished":"2026-05-09T13:18:44+00:00","dateModified":"2026-05-09T13:21:21+00:00","breadcrumb":{"@id":"https:\/\/rapidomotosport.hr\/en\/proizvod\/triumph-bonneville-t120-ohlins-stx-36-blackline-shock-absorber-2016-2019\/#breadcrumb"},"inLanguage":"en-US","potentialAction":[{"@type":"ReadAction","target":["https:\/\/rapidomotosport.hr\/en\/proizvod\/triumph-bonneville-t120-ohlins-stx-36-blackline-shock-absorber-2016-2019\/"]}]},{"@type":"ImageObject","inLanguage":"en-US","@id":"https:\/\/rapidomotosport.hr\/en\/proizvod\/triumph-bonneville-t120-ohlins-stx-36-blackline-shock-absorber-2016-2019\/#primaryimage","url":"https:\/\/rapidomotosport.hr\/wp-content\/uploads\/2026\/05\/arbo-2-15.png","contentUrl":"https:\/\/rapidomotosport.hr\/wp-content\/uploads\/2026\/05\/arbo-2-15.png","width":2048,"height":1536},{"@type":"BreadcrumbList","@id":"https:\/\/rapidomotosport.hr\/en\/proizvod\/triumph-bonneville-t120-ohlins-stx-36-blackline-shock-absorber-2016-2019\/#breadcrumb","itemListElement":[{"@type":"ListItem","position":1,"name":"Po\u010detna stranica","item":"https:\/\/rapidomotosport.hr\/en\/"},{"@type":"ListItem","position":2,"name":"Shop","item":"https:\/\/rapidomotosport.hr\/en\/shop\/"},{"@type":"ListItem","position":3,"name":"TRIUMPH BONNEVILLE T120 \u00d6HLINS STX 36 BLACKLINE SHOCK ABSORBER 2016-2019"}]},{"@type":"WebSite","@id":"https:\/\/rapidomotosport.hr\/en\/#website","url":"https:\/\/rapidomotosport.hr\/en\/","name":"Rapido Motosport","description":"","potentialAction":[{"@type":"SearchAction","target":{"@type":"EntryPoint","urlTemplate":"https:\/\/rapidomotosport.hr\/en\/?s={search_term_string}"},"query-input":{"@type":"PropertyValueSpecification","valueRequired":true,"valueName":"search_term_string"}}],"inLanguage":"en-US"}]}},"_links":{"self":[{"href":"https:\/\/rapidomotosport.hr\/en\/wp-json\/wp\/v2\/product\/55356","targetHints":{"allow":["GET"]}}],"collection":[{"href":"https:\/\/rapidomotosport.hr\/en\/wp-json\/wp\/v2\/product"}],"about":[{"href":"https:\/\/rapidomotosport.hr\/en\/wp-json\/wp\/v2\/types\/product"}],"wp:featuredmedia":[{"embeddable":true,"href":"https:\/\/rapidomotosport.hr\/en\/wp-json\/wp\/v2\/media\/55357"}],"wp:attachment":[{"href":"https:\/\/rapidomotosport.hr\/en\/wp-json\/wp\/v2\/media?parent=55356"}],"wp:term":[{"taxonomy":"product_brand","embeddable":true,"href":"https:\/\/rapidomotosport.hr\/en\/wp-json\/wp\/v2\/product_brand?post=55356"},{"taxonomy":"product_cat","embeddable":true,"href":"https:\/\/rapidomotosport.hr\/en\/wp-json\/wp\/v2\/product_cat?post=55356"},{"taxonomy":"product_tag","embeddable":true,"href":"https:\/\/rapidomotosport.hr\/en\/wp-json\/wp\/v2\/product_tag?post=55356"}],"curies":[{"name":"wp","href":"https:\/\/api.w.org\/{rel}","templated":true}]}}