{"id":55453,"date":"2026-05-10T14:44:52","date_gmt":"2026-05-10T12:44:52","guid":{"rendered":"https:\/\/rapidomotosport.hr\/?post_type=product&#038;p=55453"},"modified":"2026-05-10T14:44:52","modified_gmt":"2026-05-10T12:44:52","slug":"yamaha-fzs-600-fazer-ohlins-stx-46-street-shock-absorber-1998-2003","status":"publish","type":"product","link":"https:\/\/rapidomotosport.hr\/en\/proizvod\/yamaha-fzs-600-fazer-ohlins-stx-46-street-shock-absorber-1998-2003\/","title":{"rendered":"YAMAHA FZS 600 FAZER \u00d6HLINS STX 46 STREET SHOCK ABSORBER 1998-2003"},"content":{"rendered":"","protected":false},"excerpt":{"rendered":"<p>\u00d6hlinsova provjerena STX 46 Street serija savr\u0161ena je nadogradnja za sportske cestovne motocikle. Ovaj amortizer s visokotla\u010dnim plinom dolazi s unutarnjim spremnikom plina i glavnim klipom promjera 46 mm. Ovisno o primjeni, amortizer ima mehani\u010dko ili hidrauli\u010dko pode\u0161avanje prednaprezanja opruge, kao i podesivo prigu\u0161enje povrata.<\/p>\n<p>TEHNI\u010cKI PODACI<\/p>\n<p>Duljina: 305 mm<br \/>\nHod: 58 mm<br \/>\nTvrdo\u0107a opruge N\/mm: 160 N\/mm<br \/>\nUgra\u0111ena opruga: 01093-64<\/p>\n","protected":false},"featured_media":55447,"template":"","meta":[],"product_brand":[],"product_cat":[1254],"product_tag":[],"class_list":{"0":"post-55453","1":"product","2":"type-product","3":"status-publish","4":"has-post-thumbnail","6":"product_cat-ohlins","8":"first","9":"instock","10":"shipping-taxable","11":"purchasable","12":"product-type-simple"},"yoast_head":"<!-- This site is optimized with the Yoast SEO plugin v27.5 - https:\/\/yoast.com\/product\/yoast-seo-wordpress\/ -->\n<title>YAMAHA FZS 600 FAZER \u00d6HLINS STX 46 STREET SHOCK ABSORBER 1998-2003 - Rapido Motosport<\/title>\n<meta name=\"robots\" content=\"index, follow, max-snippet:-1, max-image-preview:large, max-video-preview:-1\" \/>\n<link rel=\"canonical\" href=\"https:\/\/rapidomotosport.hr\/en\/proizvod\/yamaha-fzs-600-fazer-ohlins-stx-46-street-shock-absorber-1998-2003\/\" \/>\n<meta property=\"og:locale\" content=\"en_US\" \/>\n<meta property=\"og:type\" content=\"article\" \/>\n<meta property=\"og:title\" content=\"YAMAHA FZS 600 FAZER \u00d6HLINS STX 46 STREET SHOCK ABSORBER 1998-2003 - Rapido Motosport\" \/>\n<meta property=\"og:description\" content=\"\u00d6hlinsova provjerena STX 46 Street serija savr\u0161ena je nadogradnja za sportske cestovne motocikle. Ovaj amortizer s visokotla\u010dnim plinom dolazi s unutarnjim spremnikom plina i glavnim klipom promjera 46 mm. Ovisno o primjeni, amortizer ima mehani\u010dko ili hidrauli\u010dko pode\u0161avanje prednaprezanja opruge, kao i podesivo prigu\u0161enje povrata.  TEHNI\u010cKI PODACI  Duljina: 305 mm Hod: 58 mm Tvrdo\u0107a opruge N\/mm: 160 N\/mm Ugra\u0111ena opruga: 01093-64\" \/>\n<meta property=\"og:url\" content=\"https:\/\/rapidomotosport.hr\/en\/proizvod\/yamaha-fzs-600-fazer-ohlins-stx-46-street-shock-absorber-1998-2003\/\" \/>\n<meta property=\"og:site_name\" content=\"Rapido Motosport\" \/>\n<meta property=\"og:image\" content=\"https:\/\/rapidomotosport.hr\/wp-content\/uploads\/2026\/05\/arbo-2-21.png\" \/>\n\t<meta property=\"og:image:width\" content=\"2048\" \/>\n\t<meta property=\"og:image:height\" content=\"1536\" \/>\n\t<meta property=\"og:image:type\" content=\"image\/png\" \/>\n<meta name=\"twitter:card\" content=\"summary_large_image\" \/>\n<script type=\"application\/ld+json\" class=\"yoast-schema-graph\">{\"@context\":\"https:\\\/\\\/schema.org\",\"@graph\":[{\"@type\":\"WebPage\",\"@id\":\"https:\\\/\\\/rapidomotosport.hr\\\/en\\\/proizvod\\\/yamaha-fzs-600-fazer-ohlins-stx-46-street-shock-absorber-1998-2003\\\/\",\"url\":\"https:\\\/\\\/rapidomotosport.hr\\\/en\\\/proizvod\\\/yamaha-fzs-600-fazer-ohlins-stx-46-street-shock-absorber-1998-2003\\\/\",\"name\":\"YAMAHA FZS 600 FAZER \u00d6HLINS STX 46 STREET SHOCK ABSORBER 1998-2003 - Rapido Motosport\",\"isPartOf\":{\"@id\":\"https:\\\/\\\/rapidomotosport.hr\\\/en\\\/#website\"},\"primaryImageOfPage\":{\"@id\":\"https:\\\/\\\/rapidomotosport.hr\\\/en\\\/proizvod\\\/yamaha-fzs-600-fazer-ohlins-stx-46-street-shock-absorber-1998-2003\\\/#primaryimage\"},\"image\":{\"@id\":\"https:\\\/\\\/rapidomotosport.hr\\\/en\\\/proizvod\\\/yamaha-fzs-600-fazer-ohlins-stx-46-street-shock-absorber-1998-2003\\\/#primaryimage\"},\"thumbnailUrl\":\"https:\\\/\\\/rapidomotosport.hr\\\/wp-content\\\/uploads\\\/2026\\\/05\\\/arbo-2-21.png\",\"datePublished\":\"2026-05-10T12:44:52+00:00\",\"breadcrumb\":{\"@id\":\"https:\\\/\\\/rapidomotosport.hr\\\/en\\\/proizvod\\\/yamaha-fzs-600-fazer-ohlins-stx-46-street-shock-absorber-1998-2003\\\/#breadcrumb\"},\"inLanguage\":\"en-US\",\"potentialAction\":[{\"@type\":\"ReadAction\",\"target\":[\"https:\\\/\\\/rapidomotosport.hr\\\/en\\\/proizvod\\\/yamaha-fzs-600-fazer-ohlins-stx-46-street-shock-absorber-1998-2003\\\/\"]}]},{\"@type\":\"ImageObject\",\"inLanguage\":\"en-US\",\"@id\":\"https:\\\/\\\/rapidomotosport.hr\\\/en\\\/proizvod\\\/yamaha-fzs-600-fazer-ohlins-stx-46-street-shock-absorber-1998-2003\\\/#primaryimage\",\"url\":\"https:\\\/\\\/rapidomotosport.hr\\\/wp-content\\\/uploads\\\/2026\\\/05\\\/arbo-2-21.png\",\"contentUrl\":\"https:\\\/\\\/rapidomotosport.hr\\\/wp-content\\\/uploads\\\/2026\\\/05\\\/arbo-2-21.png\",\"width\":2048,\"height\":1536},{\"@type\":\"BreadcrumbList\",\"@id\":\"https:\\\/\\\/rapidomotosport.hr\\\/en\\\/proizvod\\\/yamaha-fzs-600-fazer-ohlins-stx-46-street-shock-absorber-1998-2003\\\/#breadcrumb\",\"itemListElement\":[{\"@type\":\"ListItem\",\"position\":1,\"name\":\"Po\u010detna stranica\",\"item\":\"https:\\\/\\\/rapidomotosport.hr\\\/en\\\/\"},{\"@type\":\"ListItem\",\"position\":2,\"name\":\"Shop\",\"item\":\"https:\\\/\\\/rapidomotosport.hr\\\/en\\\/shop\\\/\"},{\"@type\":\"ListItem\",\"position\":3,\"name\":\"YAMAHA FZS 600 FAZER \u00d6HLINS STX 46 STREET SHOCK ABSORBER 1998-2003\"}]},{\"@type\":\"WebSite\",\"@id\":\"https:\\\/\\\/rapidomotosport.hr\\\/en\\\/#website\",\"url\":\"https:\\\/\\\/rapidomotosport.hr\\\/en\\\/\",\"name\":\"Rapido Motosport\",\"description\":\"\",\"potentialAction\":[{\"@type\":\"SearchAction\",\"target\":{\"@type\":\"EntryPoint\",\"urlTemplate\":\"https:\\\/\\\/rapidomotosport.hr\\\/en\\\/?s={search_term_string}\"},\"query-input\":{\"@type\":\"PropertyValueSpecification\",\"valueRequired\":true,\"valueName\":\"search_term_string\"}}],\"inLanguage\":\"en-US\"}]}<\/script>\n<!-- \/ Yoast SEO plugin. -->","yoast_head_json":{"title":"YAMAHA FZS 600 FAZER \u00d6HLINS STX 46 STREET SHOCK ABSORBER 1998-2003 - Rapido Motosport","robots":{"index":"index","follow":"follow","max-snippet":"max-snippet:-1","max-image-preview":"max-image-preview:large","max-video-preview":"max-video-preview:-1"},"canonical":"https:\/\/rapidomotosport.hr\/en\/proizvod\/yamaha-fzs-600-fazer-ohlins-stx-46-street-shock-absorber-1998-2003\/","og_locale":"en_US","og_type":"article","og_title":"YAMAHA FZS 600 FAZER \u00d6HLINS STX 46 STREET SHOCK ABSORBER 1998-2003 - Rapido Motosport","og_description":"\u00d6hlinsova provjerena STX 46 Street serija savr\u0161ena je nadogradnja za sportske cestovne motocikle. Ovaj amortizer s visokotla\u010dnim plinom dolazi s unutarnjim spremnikom plina i glavnim klipom promjera 46 mm. Ovisno o primjeni, amortizer ima mehani\u010dko ili hidrauli\u010dko pode\u0161avanje prednaprezanja opruge, kao i podesivo prigu\u0161enje povrata.  TEHNI\u010cKI PODACI  Duljina: 305 mm Hod: 58 mm Tvrdo\u0107a opruge N\/mm: 160 N\/mm Ugra\u0111ena opruga: 01093-64","og_url":"https:\/\/rapidomotosport.hr\/en\/proizvod\/yamaha-fzs-600-fazer-ohlins-stx-46-street-shock-absorber-1998-2003\/","og_site_name":"Rapido Motosport","og_image":[{"width":2048,"height":1536,"url":"https:\/\/rapidomotosport.hr\/wp-content\/uploads\/2026\/05\/arbo-2-21.png","type":"image\/png"}],"twitter_card":"summary_large_image","schema":{"@context":"https:\/\/schema.org","@graph":[{"@type":"WebPage","@id":"https:\/\/rapidomotosport.hr\/en\/proizvod\/yamaha-fzs-600-fazer-ohlins-stx-46-street-shock-absorber-1998-2003\/","url":"https:\/\/rapidomotosport.hr\/en\/proizvod\/yamaha-fzs-600-fazer-ohlins-stx-46-street-shock-absorber-1998-2003\/","name":"YAMAHA FZS 600 FAZER \u00d6HLINS STX 46 STREET SHOCK ABSORBER 1998-2003 - Rapido Motosport","isPartOf":{"@id":"https:\/\/rapidomotosport.hr\/en\/#website"},"primaryImageOfPage":{"@id":"https:\/\/rapidomotosport.hr\/en\/proizvod\/yamaha-fzs-600-fazer-ohlins-stx-46-street-shock-absorber-1998-2003\/#primaryimage"},"image":{"@id":"https:\/\/rapidomotosport.hr\/en\/proizvod\/yamaha-fzs-600-fazer-ohlins-stx-46-street-shock-absorber-1998-2003\/#primaryimage"},"thumbnailUrl":"https:\/\/rapidomotosport.hr\/wp-content\/uploads\/2026\/05\/arbo-2-21.png","datePublished":"2026-05-10T12:44:52+00:00","breadcrumb":{"@id":"https:\/\/rapidomotosport.hr\/en\/proizvod\/yamaha-fzs-600-fazer-ohlins-stx-46-street-shock-absorber-1998-2003\/#breadcrumb"},"inLanguage":"en-US","potentialAction":[{"@type":"ReadAction","target":["https:\/\/rapidomotosport.hr\/en\/proizvod\/yamaha-fzs-600-fazer-ohlins-stx-46-street-shock-absorber-1998-2003\/"]}]},{"@type":"ImageObject","inLanguage":"en-US","@id":"https:\/\/rapidomotosport.hr\/en\/proizvod\/yamaha-fzs-600-fazer-ohlins-stx-46-street-shock-absorber-1998-2003\/#primaryimage","url":"https:\/\/rapidomotosport.hr\/wp-content\/uploads\/2026\/05\/arbo-2-21.png","contentUrl":"https:\/\/rapidomotosport.hr\/wp-content\/uploads\/2026\/05\/arbo-2-21.png","width":2048,"height":1536},{"@type":"BreadcrumbList","@id":"https:\/\/rapidomotosport.hr\/en\/proizvod\/yamaha-fzs-600-fazer-ohlins-stx-46-street-shock-absorber-1998-2003\/#breadcrumb","itemListElement":[{"@type":"ListItem","position":1,"name":"Po\u010detna stranica","item":"https:\/\/rapidomotosport.hr\/en\/"},{"@type":"ListItem","position":2,"name":"Shop","item":"https:\/\/rapidomotosport.hr\/en\/shop\/"},{"@type":"ListItem","position":3,"name":"YAMAHA FZS 600 FAZER \u00d6HLINS STX 46 STREET SHOCK ABSORBER 1998-2003"}]},{"@type":"WebSite","@id":"https:\/\/rapidomotosport.hr\/en\/#website","url":"https:\/\/rapidomotosport.hr\/en\/","name":"Rapido Motosport","description":"","potentialAction":[{"@type":"SearchAction","target":{"@type":"EntryPoint","urlTemplate":"https:\/\/rapidomotosport.hr\/en\/?s={search_term_string}"},"query-input":{"@type":"PropertyValueSpecification","valueRequired":true,"valueName":"search_term_string"}}],"inLanguage":"en-US"}]}},"_links":{"self":[{"href":"https:\/\/rapidomotosport.hr\/en\/wp-json\/wp\/v2\/product\/55453","targetHints":{"allow":["GET"]}}],"collection":[{"href":"https:\/\/rapidomotosport.hr\/en\/wp-json\/wp\/v2\/product"}],"about":[{"href":"https:\/\/rapidomotosport.hr\/en\/wp-json\/wp\/v2\/types\/product"}],"wp:featuredmedia":[{"embeddable":true,"href":"https:\/\/rapidomotosport.hr\/en\/wp-json\/wp\/v2\/media\/55447"}],"wp:attachment":[{"href":"https:\/\/rapidomotosport.hr\/en\/wp-json\/wp\/v2\/media?parent=55453"}],"wp:term":[{"taxonomy":"product_brand","embeddable":true,"href":"https:\/\/rapidomotosport.hr\/en\/wp-json\/wp\/v2\/product_brand?post=55453"},{"taxonomy":"product_cat","embeddable":true,"href":"https:\/\/rapidomotosport.hr\/en\/wp-json\/wp\/v2\/product_cat?post=55453"},{"taxonomy":"product_tag","embeddable":true,"href":"https:\/\/rapidomotosport.hr\/en\/wp-json\/wp\/v2\/product_tag?post=55453"}],"curies":[{"name":"wp","href":"https:\/\/api.w.org\/{rel}","templated":true}]}}