{"id":55455,"date":"2026-05-10T14:49:31","date_gmt":"2026-05-10T12:49:31","guid":{"rendered":"https:\/\/rapidomotosport.hr\/?post_type=product&#038;p=55455"},"modified":"2026-05-10T14:51:48","modified_gmt":"2026-05-10T12:51:48","slug":"yamaha-mt-03-ohlins-stx-46-supersport-shock-absorber-2016-2025","status":"publish","type":"product","link":"https:\/\/rapidomotosport.hr\/en\/proizvod\/yamaha-mt-03-ohlins-stx-46-supersport-shock-absorber-2016-2025\/","title":{"rendered":"YAMAHA MT-03 \u00d6HLINS STX 46 SUPERSPORT SHOCK ABSORBER 2016-2025"},"content":{"rendered":"","protected":false},"excerpt":{"rendered":"<p data-start=\"0\" data-end=\"447\">Specifi\u010dno razvijen za manje supersport modele, STX 46 Supersport amortizer koristi \u00d6hlinsov provjereni monotube dizajn i visoku kvalitetu izrade. Ovaj stra\u017enji amortizer je svestrano rje\u0161enje za voza\u010de koji od svog motocikla zahtijevaju vrhunsku udobnost i performanse. Omogu\u0107uje samopouzdano pona\u0161anje u zavojima na stazi, kao i pobolj\u0161anu udobnost u svakodnevnoj vo\u017enji ili vikend vo\u017enjama \u2014 STX 46 Supersport kombinira najbolje iz oba svijeta.<\/p>\n<p data-start=\"449\" data-end=\"783\">\u00d6hlins STX46 Supersport amortizer za Yamaha MT-03 (2016-), R3 (2015-) i R25 (2014-) koristi provjereni STX monotube dizajn sa sustavom prigu\u0161enja pod tlakom plina i vanjskim spremnikom montiranim na crijevo. Ova konfiguracija poma\u017ee odr\u017eavanju optimalne ravnote\u017ee tlaka i smanjuje zagrijavanje amortizera u ekstremnim uvjetima vo\u017enje.<\/p>\n<p data-start=\"785\" data-end=\"1091\" data-is-last-node=\"\" data-is-only-node=\"\">Potpuno podesivo prigu\u0161enje kompresije i povrata omogu\u0107uje \u0161irok raspon pode\u0161avanja, kako biste optimalno prilagodili postavke za stazu ili svakodnevnu vo\u017enju. Za dodatnu prilagodljivost, mogu\u0107e je ugraditi hidrauli\u010dki pode\u0161iva\u010d prednaprezanja opruge, \u010dime se dodatno pove\u0107ava raspon pode\u0161avanja motocikla.<\/p>\n<p>TEHNI\u010cKI PODACI<\/p>\n<p>Duljina: 277 mm<br \/>\nHod: 40 mm<br \/>\nTvrdo\u0107a opruge N\/mm: 170 N\/mm<br \/>\nPozicija: stra\u017enja<br \/>\nUgra\u0111ena opruga: 61104-69<\/p>\n","protected":false},"featured_media":55109,"template":"","meta":[],"product_brand":[],"product_cat":[1254],"product_tag":[],"class_list":{"0":"post-55455","1":"product","2":"type-product","3":"status-publish","4":"has-post-thumbnail","6":"product_cat-ohlins","8":"first","9":"instock","10":"sale","11":"shipping-taxable","12":"purchasable","13":"product-type-simple"},"yoast_head":"<!-- This site is optimized with the Yoast SEO plugin v27.5 - https:\/\/yoast.com\/product\/yoast-seo-wordpress\/ -->\n<title>YAMAHA MT-03 \u00d6HLINS STX 46 SUPERSPORT SHOCK ABSORBER 2016-2025 - Rapido Motosport<\/title>\n<meta name=\"robots\" content=\"index, follow, max-snippet:-1, max-image-preview:large, max-video-preview:-1\" \/>\n<link rel=\"canonical\" href=\"https:\/\/rapidomotosport.hr\/en\/proizvod\/yamaha-mt-03-ohlins-stx-46-supersport-shock-absorber-2016-2025\/\" \/>\n<meta property=\"og:locale\" content=\"en_US\" \/>\n<meta property=\"og:type\" content=\"article\" \/>\n<meta property=\"og:title\" content=\"YAMAHA MT-03 \u00d6HLINS STX 46 SUPERSPORT SHOCK ABSORBER 2016-2025 - Rapido Motosport\" \/>\n<meta property=\"og:description\" content=\"Specifi\u010dno razvijen za manje supersport modele, STX 46 Supersport amortizer koristi \u00d6hlinsov provjereni monotube dizajn i visoku kvalitetu izrade. Ovaj stra\u017enji amortizer je svestrano rje\u0161enje za voza\u010de koji od svog motocikla zahtijevaju vrhunsku udobnost i performanse. Omogu\u0107uje samopouzdano pona\u0161anje u zavojima na stazi, kao i pobolj\u0161anu udobnost u svakodnevnoj vo\u017enji ili vikend vo\u017enjama \u2014 STX 46 Supersport kombinira najbolje iz oba svijeta. \u00d6hlins STX46 Supersport amortizer za Yamaha MT-03 (2016-), R3 (2015-) i R25 (2014-) koristi provjereni STX monotube dizajn sa sustavom prigu\u0161enja pod tlakom plina i vanjskim spremnikom montiranim na crijevo. Ova konfiguracija poma\u017ee odr\u017eavanju optimalne ravnote\u017ee tlaka i smanjuje zagrijavanje amortizera u ekstremnim uvjetima vo\u017enje. Potpuno podesivo prigu\u0161enje kompresije i povrata omogu\u0107uje \u0161irok raspon pode\u0161avanja, kako biste optimalno prilagodili postavke za stazu ili svakodnevnu vo\u017enju. Za dodatnu prilagodljivost, mogu\u0107e je ugraditi hidrauli\u010dki pode\u0161iva\u010d prednaprezanja opruge, \u010dime se dodatno pove\u0107ava raspon pode\u0161avanja motocikla. TEHNI\u010cKI PODACI  Duljina: 277 mm Hod: 40 mm Tvrdo\u0107a opruge N\/mm: 170 N\/mm Pozicija: stra\u017enja Ugra\u0111ena opruga: 61104-69\" \/>\n<meta property=\"og:url\" content=\"https:\/\/rapidomotosport.hr\/en\/proizvod\/yamaha-mt-03-ohlins-stx-46-supersport-shock-absorber-2016-2025\/\" \/>\n<meta property=\"og:site_name\" content=\"Rapido Motosport\" \/>\n<meta property=\"article:modified_time\" content=\"2026-05-10T12:51:48+00:00\" \/>\n<meta property=\"og:image\" content=\"https:\/\/rapidomotosport.hr\/wp-content\/uploads\/2026\/04\/arbo-105.png\" \/>\n\t<meta property=\"og:image:width\" content=\"2048\" \/>\n\t<meta property=\"og:image:height\" content=\"1536\" \/>\n\t<meta property=\"og:image:type\" content=\"image\/png\" \/>\n<meta name=\"twitter:card\" content=\"summary_large_image\" \/>\n<script type=\"application\/ld+json\" class=\"yoast-schema-graph\">{\"@context\":\"https:\\\/\\\/schema.org\",\"@graph\":[{\"@type\":\"WebPage\",\"@id\":\"https:\\\/\\\/rapidomotosport.hr\\\/en\\\/proizvod\\\/yamaha-mt-03-ohlins-stx-46-supersport-shock-absorber-2016-2025\\\/\",\"url\":\"https:\\\/\\\/rapidomotosport.hr\\\/en\\\/proizvod\\\/yamaha-mt-03-ohlins-stx-46-supersport-shock-absorber-2016-2025\\\/\",\"name\":\"YAMAHA MT-03 \u00d6HLINS STX 46 SUPERSPORT SHOCK ABSORBER 2016-2025 - Rapido Motosport\",\"isPartOf\":{\"@id\":\"https:\\\/\\\/rapidomotosport.hr\\\/en\\\/#website\"},\"primaryImageOfPage\":{\"@id\":\"https:\\\/\\\/rapidomotosport.hr\\\/en\\\/proizvod\\\/yamaha-mt-03-ohlins-stx-46-supersport-shock-absorber-2016-2025\\\/#primaryimage\"},\"image\":{\"@id\":\"https:\\\/\\\/rapidomotosport.hr\\\/en\\\/proizvod\\\/yamaha-mt-03-ohlins-stx-46-supersport-shock-absorber-2016-2025\\\/#primaryimage\"},\"thumbnailUrl\":\"https:\\\/\\\/rapidomotosport.hr\\\/wp-content\\\/uploads\\\/2026\\\/04\\\/arbo-105.png\",\"datePublished\":\"2026-05-10T12:49:31+00:00\",\"dateModified\":\"2026-05-10T12:51:48+00:00\",\"breadcrumb\":{\"@id\":\"https:\\\/\\\/rapidomotosport.hr\\\/en\\\/proizvod\\\/yamaha-mt-03-ohlins-stx-46-supersport-shock-absorber-2016-2025\\\/#breadcrumb\"},\"inLanguage\":\"en-US\",\"potentialAction\":[{\"@type\":\"ReadAction\",\"target\":[\"https:\\\/\\\/rapidomotosport.hr\\\/en\\\/proizvod\\\/yamaha-mt-03-ohlins-stx-46-supersport-shock-absorber-2016-2025\\\/\"]}]},{\"@type\":\"ImageObject\",\"inLanguage\":\"en-US\",\"@id\":\"https:\\\/\\\/rapidomotosport.hr\\\/en\\\/proizvod\\\/yamaha-mt-03-ohlins-stx-46-supersport-shock-absorber-2016-2025\\\/#primaryimage\",\"url\":\"https:\\\/\\\/rapidomotosport.hr\\\/wp-content\\\/uploads\\\/2026\\\/04\\\/arbo-105.png\",\"contentUrl\":\"https:\\\/\\\/rapidomotosport.hr\\\/wp-content\\\/uploads\\\/2026\\\/04\\\/arbo-105.png\",\"width\":2048,\"height\":1536},{\"@type\":\"BreadcrumbList\",\"@id\":\"https:\\\/\\\/rapidomotosport.hr\\\/en\\\/proizvod\\\/yamaha-mt-03-ohlins-stx-46-supersport-shock-absorber-2016-2025\\\/#breadcrumb\",\"itemListElement\":[{\"@type\":\"ListItem\",\"position\":1,\"name\":\"Po\u010detna stranica\",\"item\":\"https:\\\/\\\/rapidomotosport.hr\\\/en\\\/\"},{\"@type\":\"ListItem\",\"position\":2,\"name\":\"Shop\",\"item\":\"https:\\\/\\\/rapidomotosport.hr\\\/en\\\/shop\\\/\"},{\"@type\":\"ListItem\",\"position\":3,\"name\":\"YAMAHA MT-03 \u00d6HLINS STX 46 SUPERSPORT SHOCK ABSORBER 2016-2025\"}]},{\"@type\":\"WebSite\",\"@id\":\"https:\\\/\\\/rapidomotosport.hr\\\/en\\\/#website\",\"url\":\"https:\\\/\\\/rapidomotosport.hr\\\/en\\\/\",\"name\":\"Rapido Motosport\",\"description\":\"\",\"potentialAction\":[{\"@type\":\"SearchAction\",\"target\":{\"@type\":\"EntryPoint\",\"urlTemplate\":\"https:\\\/\\\/rapidomotosport.hr\\\/en\\\/?s={search_term_string}\"},\"query-input\":{\"@type\":\"PropertyValueSpecification\",\"valueRequired\":true,\"valueName\":\"search_term_string\"}}],\"inLanguage\":\"en-US\"}]}<\/script>\n<!-- \/ Yoast SEO plugin. -->","yoast_head_json":{"title":"YAMAHA MT-03 \u00d6HLINS STX 46 SUPERSPORT SHOCK ABSORBER 2016-2025 - Rapido Motosport","robots":{"index":"index","follow":"follow","max-snippet":"max-snippet:-1","max-image-preview":"max-image-preview:large","max-video-preview":"max-video-preview:-1"},"canonical":"https:\/\/rapidomotosport.hr\/en\/proizvod\/yamaha-mt-03-ohlins-stx-46-supersport-shock-absorber-2016-2025\/","og_locale":"en_US","og_type":"article","og_title":"YAMAHA MT-03 \u00d6HLINS STX 46 SUPERSPORT SHOCK ABSORBER 2016-2025 - Rapido Motosport","og_description":"Specifi\u010dno razvijen za manje supersport modele, STX 46 Supersport amortizer koristi \u00d6hlinsov provjereni monotube dizajn i visoku kvalitetu izrade. Ovaj stra\u017enji amortizer je svestrano rje\u0161enje za voza\u010de koji od svog motocikla zahtijevaju vrhunsku udobnost i performanse. Omogu\u0107uje samopouzdano pona\u0161anje u zavojima na stazi, kao i pobolj\u0161anu udobnost u svakodnevnoj vo\u017enji ili vikend vo\u017enjama \u2014 STX 46 Supersport kombinira najbolje iz oba svijeta. \u00d6hlins STX46 Supersport amortizer za Yamaha MT-03 (2016-), R3 (2015-) i R25 (2014-) koristi provjereni STX monotube dizajn sa sustavom prigu\u0161enja pod tlakom plina i vanjskim spremnikom montiranim na crijevo. Ova konfiguracija poma\u017ee odr\u017eavanju optimalne ravnote\u017ee tlaka i smanjuje zagrijavanje amortizera u ekstremnim uvjetima vo\u017enje. Potpuno podesivo prigu\u0161enje kompresije i povrata omogu\u0107uje \u0161irok raspon pode\u0161avanja, kako biste optimalno prilagodili postavke za stazu ili svakodnevnu vo\u017enju. Za dodatnu prilagodljivost, mogu\u0107e je ugraditi hidrauli\u010dki pode\u0161iva\u010d prednaprezanja opruge, \u010dime se dodatno pove\u0107ava raspon pode\u0161avanja motocikla. TEHNI\u010cKI PODACI  Duljina: 277 mm Hod: 40 mm Tvrdo\u0107a opruge N\/mm: 170 N\/mm Pozicija: stra\u017enja Ugra\u0111ena opruga: 61104-69","og_url":"https:\/\/rapidomotosport.hr\/en\/proizvod\/yamaha-mt-03-ohlins-stx-46-supersport-shock-absorber-2016-2025\/","og_site_name":"Rapido Motosport","article_modified_time":"2026-05-10T12:51:48+00:00","og_image":[{"width":2048,"height":1536,"url":"https:\/\/rapidomotosport.hr\/wp-content\/uploads\/2026\/04\/arbo-105.png","type":"image\/png"}],"twitter_card":"summary_large_image","schema":{"@context":"https:\/\/schema.org","@graph":[{"@type":"WebPage","@id":"https:\/\/rapidomotosport.hr\/en\/proizvod\/yamaha-mt-03-ohlins-stx-46-supersport-shock-absorber-2016-2025\/","url":"https:\/\/rapidomotosport.hr\/en\/proizvod\/yamaha-mt-03-ohlins-stx-46-supersport-shock-absorber-2016-2025\/","name":"YAMAHA MT-03 \u00d6HLINS STX 46 SUPERSPORT SHOCK ABSORBER 2016-2025 - Rapido Motosport","isPartOf":{"@id":"https:\/\/rapidomotosport.hr\/en\/#website"},"primaryImageOfPage":{"@id":"https:\/\/rapidomotosport.hr\/en\/proizvod\/yamaha-mt-03-ohlins-stx-46-supersport-shock-absorber-2016-2025\/#primaryimage"},"image":{"@id":"https:\/\/rapidomotosport.hr\/en\/proizvod\/yamaha-mt-03-ohlins-stx-46-supersport-shock-absorber-2016-2025\/#primaryimage"},"thumbnailUrl":"https:\/\/rapidomotosport.hr\/wp-content\/uploads\/2026\/04\/arbo-105.png","datePublished":"2026-05-10T12:49:31+00:00","dateModified":"2026-05-10T12:51:48+00:00","breadcrumb":{"@id":"https:\/\/rapidomotosport.hr\/en\/proizvod\/yamaha-mt-03-ohlins-stx-46-supersport-shock-absorber-2016-2025\/#breadcrumb"},"inLanguage":"en-US","potentialAction":[{"@type":"ReadAction","target":["https:\/\/rapidomotosport.hr\/en\/proizvod\/yamaha-mt-03-ohlins-stx-46-supersport-shock-absorber-2016-2025\/"]}]},{"@type":"ImageObject","inLanguage":"en-US","@id":"https:\/\/rapidomotosport.hr\/en\/proizvod\/yamaha-mt-03-ohlins-stx-46-supersport-shock-absorber-2016-2025\/#primaryimage","url":"https:\/\/rapidomotosport.hr\/wp-content\/uploads\/2026\/04\/arbo-105.png","contentUrl":"https:\/\/rapidomotosport.hr\/wp-content\/uploads\/2026\/04\/arbo-105.png","width":2048,"height":1536},{"@type":"BreadcrumbList","@id":"https:\/\/rapidomotosport.hr\/en\/proizvod\/yamaha-mt-03-ohlins-stx-46-supersport-shock-absorber-2016-2025\/#breadcrumb","itemListElement":[{"@type":"ListItem","position":1,"name":"Po\u010detna stranica","item":"https:\/\/rapidomotosport.hr\/en\/"},{"@type":"ListItem","position":2,"name":"Shop","item":"https:\/\/rapidomotosport.hr\/en\/shop\/"},{"@type":"ListItem","position":3,"name":"YAMAHA MT-03 \u00d6HLINS STX 46 SUPERSPORT SHOCK ABSORBER 2016-2025"}]},{"@type":"WebSite","@id":"https:\/\/rapidomotosport.hr\/en\/#website","url":"https:\/\/rapidomotosport.hr\/en\/","name":"Rapido Motosport","description":"","potentialAction":[{"@type":"SearchAction","target":{"@type":"EntryPoint","urlTemplate":"https:\/\/rapidomotosport.hr\/en\/?s={search_term_string}"},"query-input":{"@type":"PropertyValueSpecification","valueRequired":true,"valueName":"search_term_string"}}],"inLanguage":"en-US"}]}},"_links":{"self":[{"href":"https:\/\/rapidomotosport.hr\/en\/wp-json\/wp\/v2\/product\/55455","targetHints":{"allow":["GET"]}}],"collection":[{"href":"https:\/\/rapidomotosport.hr\/en\/wp-json\/wp\/v2\/product"}],"about":[{"href":"https:\/\/rapidomotosport.hr\/en\/wp-json\/wp\/v2\/types\/product"}],"wp:featuredmedia":[{"embeddable":true,"href":"https:\/\/rapidomotosport.hr\/en\/wp-json\/wp\/v2\/media\/55109"}],"wp:attachment":[{"href":"https:\/\/rapidomotosport.hr\/en\/wp-json\/wp\/v2\/media?parent=55455"}],"wp:term":[{"taxonomy":"product_brand","embeddable":true,"href":"https:\/\/rapidomotosport.hr\/en\/wp-json\/wp\/v2\/product_brand?post=55455"},{"taxonomy":"product_cat","embeddable":true,"href":"https:\/\/rapidomotosport.hr\/en\/wp-json\/wp\/v2\/product_cat?post=55455"},{"taxonomy":"product_tag","embeddable":true,"href":"https:\/\/rapidomotosport.hr\/en\/wp-json\/wp\/v2\/product_tag?post=55455"}],"curies":[{"name":"wp","href":"https:\/\/api.w.org\/{rel}","templated":true}]}}