{"id":55562,"date":"2026-05-11T21:53:32","date_gmt":"2026-05-11T19:53:32","guid":{"rendered":"https:\/\/rapidomotosport.hr\/?post_type=product&#038;p=55562"},"modified":"2026-05-11T21:54:18","modified_gmt":"2026-05-11T19:54:18","slug":"yamaha-xjr-1300-ohlins-stx-36-twin-shock-absorber-1998-2006-4","status":"publish","type":"product","link":"https:\/\/rapidomotosport.hr\/en\/proizvod\/yamaha-xjr-1300-ohlins-stx-36-twin-shock-absorber-1998-2006-4\/","title":{"rendered":"YAMAHA XJR 1300 \u00d6HLINS STX 36 TWIN SHOCK ABSORBER 1998-2006"},"content":{"rendered":"","protected":false},"excerpt":{"rendered":"<p>\u00d6hlins STX36 Street Performance postavlja standard u performansama, udobnosti i izdr\u017eljivosti. Razvijen za \u0161irok raspon modela cestovnih motocikala, ovaj amortizer pru\u017ea dosljedne i pouzdane karakteristike prigu\u0161enja na cesti. U ponudi su mono i twin izvedbe, ovisno o primjeni.<\/p>\n<p>Temeljeni na STX monotube dizajnu, amortizeri su opremljeni sustavom prigu\u0161enja s visokotla\u010dnim plinom i vanjskim piggyback spremnicima. Budu\u0107i da imaju ve\u0107i volumen ulja, piggyback spremnici poma\u017eu odr\u017eavati ni\u017eu temperaturu amortizera u ekstremnim uvjetima, \u0161to osigurava dosljedne performanse prigu\u0161enja.<\/p>\n<p>S podesivim prednaprezanjem opruge mo\u017eete prilagoditi amortizere promjenama optere\u0107enja, \u010dime se odr\u017eava pravilna geometrija upravljanja pri svakoj vo\u017enji.<\/p>\n<p>TEHNI\u010cKI PODACI<\/p>\n<p>Duljina: 325 +10\/-0 mm<br \/>\nHod: 92 mm<br \/>\nTvrdo\u0107a opruge N\/mm: progresivna 20\u201329 N\/mm<br \/>\nUgra\u0111ena opruga: 00360-06<br \/>\nPakiranje: par<\/p>\n","protected":false},"featured_media":55388,"template":"","meta":[],"product_brand":[],"product_cat":[1254],"product_tag":[],"class_list":{"0":"post-55562","1":"product","2":"type-product","3":"status-publish","4":"has-post-thumbnail","6":"product_cat-ohlins","8":"first","9":"instock","10":"sale","11":"shipping-taxable","12":"purchasable","13":"product-type-simple"},"yoast_head":"<!-- This site is optimized with the Yoast SEO plugin v27.5 - https:\/\/yoast.com\/product\/yoast-seo-wordpress\/ -->\n<title>YAMAHA XJR 1300 \u00d6HLINS STX 36 TWIN SHOCK ABSORBER 1998-2006 - Rapido Motosport<\/title>\n<meta name=\"robots\" content=\"index, follow, max-snippet:-1, max-image-preview:large, max-video-preview:-1\" \/>\n<link rel=\"canonical\" href=\"https:\/\/rapidomotosport.hr\/en\/proizvod\/yamaha-xjr-1300-ohlins-stx-36-twin-shock-absorber-1998-2006-4\/\" \/>\n<meta property=\"og:locale\" content=\"en_US\" \/>\n<meta property=\"og:type\" content=\"article\" \/>\n<meta property=\"og:title\" content=\"YAMAHA XJR 1300 \u00d6HLINS STX 36 TWIN SHOCK ABSORBER 1998-2006 - Rapido Motosport\" \/>\n<meta property=\"og:description\" content=\"\u00d6hlins STX36 Street Performance postavlja standard u performansama, udobnosti i izdr\u017eljivosti. Razvijen za \u0161irok raspon modela cestovnih motocikala, ovaj amortizer pru\u017ea dosljedne i pouzdane karakteristike prigu\u0161enja na cesti. U ponudi su mono i twin izvedbe, ovisno o primjeni.  Temeljeni na STX monotube dizajnu, amortizeri su opremljeni sustavom prigu\u0161enja s visokotla\u010dnim plinom i vanjskim piggyback spremnicima. Budu\u0107i da imaju ve\u0107i volumen ulja, piggyback spremnici poma\u017eu odr\u017eavati ni\u017eu temperaturu amortizera u ekstremnim uvjetima, \u0161to osigurava dosljedne performanse prigu\u0161enja.  S podesivim prednaprezanjem opruge mo\u017eete prilagoditi amortizere promjenama optere\u0107enja, \u010dime se odr\u017eava pravilna geometrija upravljanja pri svakoj vo\u017enji.  TEHNI\u010cKI PODACI  Duljina: 325 +10\/-0 mm Hod: 92 mm Tvrdo\u0107a opruge N\/mm: progresivna 20\u201329 N\/mm Ugra\u0111ena opruga: 00360-06 Pakiranje: par\" \/>\n<meta property=\"og:url\" content=\"https:\/\/rapidomotosport.hr\/en\/proizvod\/yamaha-xjr-1300-ohlins-stx-36-twin-shock-absorber-1998-2006-4\/\" \/>\n<meta property=\"og:site_name\" content=\"Rapido Motosport\" \/>\n<meta property=\"article:modified_time\" content=\"2026-05-11T19:54:18+00:00\" \/>\n<meta property=\"og:image\" content=\"https:\/\/rapidomotosport.hr\/wp-content\/uploads\/2026\/05\/arbo-2-19.png\" \/>\n\t<meta property=\"og:image:width\" content=\"2048\" \/>\n\t<meta property=\"og:image:height\" content=\"1536\" \/>\n\t<meta property=\"og:image:type\" content=\"image\/png\" \/>\n<meta name=\"twitter:card\" content=\"summary_large_image\" \/>\n<meta name=\"twitter:label1\" content=\"Est. reading time\" \/>\n\t<meta name=\"twitter:data1\" content=\"1 minute\" \/>\n<script type=\"application\/ld+json\" class=\"yoast-schema-graph\">{\"@context\":\"https:\\\/\\\/schema.org\",\"@graph\":[{\"@type\":\"WebPage\",\"@id\":\"https:\\\/\\\/rapidomotosport.hr\\\/en\\\/proizvod\\\/yamaha-xjr-1300-ohlins-stx-36-twin-shock-absorber-1998-2006-4\\\/\",\"url\":\"https:\\\/\\\/rapidomotosport.hr\\\/en\\\/proizvod\\\/yamaha-xjr-1300-ohlins-stx-36-twin-shock-absorber-1998-2006-4\\\/\",\"name\":\"YAMAHA XJR 1300 \u00d6HLINS STX 36 TWIN SHOCK ABSORBER 1998-2006 - Rapido Motosport\",\"isPartOf\":{\"@id\":\"https:\\\/\\\/rapidomotosport.hr\\\/en\\\/#website\"},\"primaryImageOfPage\":{\"@id\":\"https:\\\/\\\/rapidomotosport.hr\\\/en\\\/proizvod\\\/yamaha-xjr-1300-ohlins-stx-36-twin-shock-absorber-1998-2006-4\\\/#primaryimage\"},\"image\":{\"@id\":\"https:\\\/\\\/rapidomotosport.hr\\\/en\\\/proizvod\\\/yamaha-xjr-1300-ohlins-stx-36-twin-shock-absorber-1998-2006-4\\\/#primaryimage\"},\"thumbnailUrl\":\"https:\\\/\\\/rapidomotosport.hr\\\/wp-content\\\/uploads\\\/2026\\\/05\\\/arbo-2-19.png\",\"datePublished\":\"2026-05-11T19:53:32+00:00\",\"dateModified\":\"2026-05-11T19:54:18+00:00\",\"breadcrumb\":{\"@id\":\"https:\\\/\\\/rapidomotosport.hr\\\/en\\\/proizvod\\\/yamaha-xjr-1300-ohlins-stx-36-twin-shock-absorber-1998-2006-4\\\/#breadcrumb\"},\"inLanguage\":\"en-US\",\"potentialAction\":[{\"@type\":\"ReadAction\",\"target\":[\"https:\\\/\\\/rapidomotosport.hr\\\/en\\\/proizvod\\\/yamaha-xjr-1300-ohlins-stx-36-twin-shock-absorber-1998-2006-4\\\/\"]}]},{\"@type\":\"ImageObject\",\"inLanguage\":\"en-US\",\"@id\":\"https:\\\/\\\/rapidomotosport.hr\\\/en\\\/proizvod\\\/yamaha-xjr-1300-ohlins-stx-36-twin-shock-absorber-1998-2006-4\\\/#primaryimage\",\"url\":\"https:\\\/\\\/rapidomotosport.hr\\\/wp-content\\\/uploads\\\/2026\\\/05\\\/arbo-2-19.png\",\"contentUrl\":\"https:\\\/\\\/rapidomotosport.hr\\\/wp-content\\\/uploads\\\/2026\\\/05\\\/arbo-2-19.png\",\"width\":2048,\"height\":1536},{\"@type\":\"BreadcrumbList\",\"@id\":\"https:\\\/\\\/rapidomotosport.hr\\\/en\\\/proizvod\\\/yamaha-xjr-1300-ohlins-stx-36-twin-shock-absorber-1998-2006-4\\\/#breadcrumb\",\"itemListElement\":[{\"@type\":\"ListItem\",\"position\":1,\"name\":\"Po\u010detna stranica\",\"item\":\"https:\\\/\\\/rapidomotosport.hr\\\/en\\\/\"},{\"@type\":\"ListItem\",\"position\":2,\"name\":\"Shop\",\"item\":\"https:\\\/\\\/rapidomotosport.hr\\\/en\\\/shop\\\/\"},{\"@type\":\"ListItem\",\"position\":3,\"name\":\"YAMAHA XJR 1300 \u00d6HLINS STX 36 TWIN SHOCK ABSORBER 1998-2006\"}]},{\"@type\":\"WebSite\",\"@id\":\"https:\\\/\\\/rapidomotosport.hr\\\/en\\\/#website\",\"url\":\"https:\\\/\\\/rapidomotosport.hr\\\/en\\\/\",\"name\":\"Rapido Motosport\",\"description\":\"\",\"potentialAction\":[{\"@type\":\"SearchAction\",\"target\":{\"@type\":\"EntryPoint\",\"urlTemplate\":\"https:\\\/\\\/rapidomotosport.hr\\\/en\\\/?s={search_term_string}\"},\"query-input\":{\"@type\":\"PropertyValueSpecification\",\"valueRequired\":true,\"valueName\":\"search_term_string\"}}],\"inLanguage\":\"en-US\"}]}<\/script>\n<!-- \/ Yoast SEO plugin. -->","yoast_head_json":{"title":"YAMAHA XJR 1300 \u00d6HLINS STX 36 TWIN SHOCK ABSORBER 1998-2006 - Rapido Motosport","robots":{"index":"index","follow":"follow","max-snippet":"max-snippet:-1","max-image-preview":"max-image-preview:large","max-video-preview":"max-video-preview:-1"},"canonical":"https:\/\/rapidomotosport.hr\/en\/proizvod\/yamaha-xjr-1300-ohlins-stx-36-twin-shock-absorber-1998-2006-4\/","og_locale":"en_US","og_type":"article","og_title":"YAMAHA XJR 1300 \u00d6HLINS STX 36 TWIN SHOCK ABSORBER 1998-2006 - Rapido Motosport","og_description":"\u00d6hlins STX36 Street Performance postavlja standard u performansama, udobnosti i izdr\u017eljivosti. Razvijen za \u0161irok raspon modela cestovnih motocikala, ovaj amortizer pru\u017ea dosljedne i pouzdane karakteristike prigu\u0161enja na cesti. U ponudi su mono i twin izvedbe, ovisno o primjeni.  Temeljeni na STX monotube dizajnu, amortizeri su opremljeni sustavom prigu\u0161enja s visokotla\u010dnim plinom i vanjskim piggyback spremnicima. Budu\u0107i da imaju ve\u0107i volumen ulja, piggyback spremnici poma\u017eu odr\u017eavati ni\u017eu temperaturu amortizera u ekstremnim uvjetima, \u0161to osigurava dosljedne performanse prigu\u0161enja.  S podesivim prednaprezanjem opruge mo\u017eete prilagoditi amortizere promjenama optere\u0107enja, \u010dime se odr\u017eava pravilna geometrija upravljanja pri svakoj vo\u017enji.  TEHNI\u010cKI PODACI  Duljina: 325 +10\/-0 mm Hod: 92 mm Tvrdo\u0107a opruge N\/mm: progresivna 20\u201329 N\/mm Ugra\u0111ena opruga: 00360-06 Pakiranje: par","og_url":"https:\/\/rapidomotosport.hr\/en\/proizvod\/yamaha-xjr-1300-ohlins-stx-36-twin-shock-absorber-1998-2006-4\/","og_site_name":"Rapido Motosport","article_modified_time":"2026-05-11T19:54:18+00:00","og_image":[{"width":2048,"height":1536,"url":"https:\/\/rapidomotosport.hr\/wp-content\/uploads\/2026\/05\/arbo-2-19.png","type":"image\/png"}],"twitter_card":"summary_large_image","twitter_misc":{"Est. reading time":"1 minute"},"schema":{"@context":"https:\/\/schema.org","@graph":[{"@type":"WebPage","@id":"https:\/\/rapidomotosport.hr\/en\/proizvod\/yamaha-xjr-1300-ohlins-stx-36-twin-shock-absorber-1998-2006-4\/","url":"https:\/\/rapidomotosport.hr\/en\/proizvod\/yamaha-xjr-1300-ohlins-stx-36-twin-shock-absorber-1998-2006-4\/","name":"YAMAHA XJR 1300 \u00d6HLINS STX 36 TWIN SHOCK ABSORBER 1998-2006 - Rapido Motosport","isPartOf":{"@id":"https:\/\/rapidomotosport.hr\/en\/#website"},"primaryImageOfPage":{"@id":"https:\/\/rapidomotosport.hr\/en\/proizvod\/yamaha-xjr-1300-ohlins-stx-36-twin-shock-absorber-1998-2006-4\/#primaryimage"},"image":{"@id":"https:\/\/rapidomotosport.hr\/en\/proizvod\/yamaha-xjr-1300-ohlins-stx-36-twin-shock-absorber-1998-2006-4\/#primaryimage"},"thumbnailUrl":"https:\/\/rapidomotosport.hr\/wp-content\/uploads\/2026\/05\/arbo-2-19.png","datePublished":"2026-05-11T19:53:32+00:00","dateModified":"2026-05-11T19:54:18+00:00","breadcrumb":{"@id":"https:\/\/rapidomotosport.hr\/en\/proizvod\/yamaha-xjr-1300-ohlins-stx-36-twin-shock-absorber-1998-2006-4\/#breadcrumb"},"inLanguage":"en-US","potentialAction":[{"@type":"ReadAction","target":["https:\/\/rapidomotosport.hr\/en\/proizvod\/yamaha-xjr-1300-ohlins-stx-36-twin-shock-absorber-1998-2006-4\/"]}]},{"@type":"ImageObject","inLanguage":"en-US","@id":"https:\/\/rapidomotosport.hr\/en\/proizvod\/yamaha-xjr-1300-ohlins-stx-36-twin-shock-absorber-1998-2006-4\/#primaryimage","url":"https:\/\/rapidomotosport.hr\/wp-content\/uploads\/2026\/05\/arbo-2-19.png","contentUrl":"https:\/\/rapidomotosport.hr\/wp-content\/uploads\/2026\/05\/arbo-2-19.png","width":2048,"height":1536},{"@type":"BreadcrumbList","@id":"https:\/\/rapidomotosport.hr\/en\/proizvod\/yamaha-xjr-1300-ohlins-stx-36-twin-shock-absorber-1998-2006-4\/#breadcrumb","itemListElement":[{"@type":"ListItem","position":1,"name":"Po\u010detna stranica","item":"https:\/\/rapidomotosport.hr\/en\/"},{"@type":"ListItem","position":2,"name":"Shop","item":"https:\/\/rapidomotosport.hr\/en\/shop\/"},{"@type":"ListItem","position":3,"name":"YAMAHA XJR 1300 \u00d6HLINS STX 36 TWIN SHOCK ABSORBER 1998-2006"}]},{"@type":"WebSite","@id":"https:\/\/rapidomotosport.hr\/en\/#website","url":"https:\/\/rapidomotosport.hr\/en\/","name":"Rapido Motosport","description":"","potentialAction":[{"@type":"SearchAction","target":{"@type":"EntryPoint","urlTemplate":"https:\/\/rapidomotosport.hr\/en\/?s={search_term_string}"},"query-input":{"@type":"PropertyValueSpecification","valueRequired":true,"valueName":"search_term_string"}}],"inLanguage":"en-US"}]}},"_links":{"self":[{"href":"https:\/\/rapidomotosport.hr\/en\/wp-json\/wp\/v2\/product\/55562","targetHints":{"allow":["GET"]}}],"collection":[{"href":"https:\/\/rapidomotosport.hr\/en\/wp-json\/wp\/v2\/product"}],"about":[{"href":"https:\/\/rapidomotosport.hr\/en\/wp-json\/wp\/v2\/types\/product"}],"wp:featuredmedia":[{"embeddable":true,"href":"https:\/\/rapidomotosport.hr\/en\/wp-json\/wp\/v2\/media\/55388"}],"wp:attachment":[{"href":"https:\/\/rapidomotosport.hr\/en\/wp-json\/wp\/v2\/media?parent=55562"}],"wp:term":[{"taxonomy":"product_brand","embeddable":true,"href":"https:\/\/rapidomotosport.hr\/en\/wp-json\/wp\/v2\/product_brand?post=55562"},{"taxonomy":"product_cat","embeddable":true,"href":"https:\/\/rapidomotosport.hr\/en\/wp-json\/wp\/v2\/product_cat?post=55562"},{"taxonomy":"product_tag","embeddable":true,"href":"https:\/\/rapidomotosport.hr\/en\/wp-json\/wp\/v2\/product_tag?post=55562"}],"curies":[{"name":"wp","href":"https:\/\/api.w.org\/{rel}","templated":true}]}}