{"id":55598,"date":"2026-05-12T21:34:14","date_gmt":"2026-05-12T19:34:14","guid":{"rendered":"https:\/\/rapidomotosport.hr\/?post_type=product&#038;p=55598"},"modified":"2026-05-12T21:34:32","modified_gmt":"2026-05-12T19:34:32","slug":"yamaha-xt-660-z-tenere-ohlins-stx-46-adventure-shock-absorber-2008-2012","status":"publish","type":"product","link":"https:\/\/rapidomotosport.hr\/en\/proizvod\/yamaha-xt-660-z-tenere-ohlins-stx-46-adventure-shock-absorber-2008-2012\/","title":{"rendered":"YAMAHA XT 660 Z TENERE \u00d6HLINS STX 46 ADVENTURE SHOCK ABSORBER 2008-2012"},"content":{"rendered":"","protected":false},"excerpt":{"rendered":"<p>\u00d6hlins STX 46 Adventure amortizer predstavlja veliku nadogradnju performansi za ve\u0107inu glavnih modela u adventure kategoriji. Sa svojim klasi\u010dnim monotube dizajnom i velikim klipom promjera 46 mm, STX 46 Adventure amortizer pru\u017ea maksimalne performanse bez obzira na to kamo vas va\u0161a avantura vodi. Dostupan u \u0161irokom rasponu konfiguracija, ovaj amortizer je dizajniran da se uklopi u gotovo svaki raspolo\u017eivi prostor za ugradnju \u2013 bez obzira na ograni\u010denja.<\/p>\n<p>Ovaj monotube, visokotla\u010dni plinski amortizer ima unutarnji spremnik smje\u0161ten u glavnom tijelu amortizera. Uz podesivo povratno prigu\u0161enje, mo\u017eete prilagoditi pona\u0161anje amortizera svom stilu vo\u017enje, dok hidrauli\u010dni regulator prednaprezanja opruge montiran na crijevo omogu\u0107uje pode\u0161avanje prednaprezanja opruge za razli\u010dita optere\u0107enja.<\/p>\n<p>TEHNI\u010cKI PODACI<\/p>\n<p>Duljina: 345 mm<br \/>\nHod: 94 mm<br \/>\nTvrdo\u0107a opruge: 80 N\/mm<br \/>\nUgra\u0111ena opruga: 01099-24<\/p>\n","protected":false},"featured_media":55234,"template":"","meta":[],"product_brand":[],"product_cat":[1254],"product_tag":[],"class_list":{"0":"post-55598","1":"product","2":"type-product","3":"status-publish","4":"has-post-thumbnail","6":"product_cat-ohlins","8":"first","9":"instock","10":"sale","11":"shipping-taxable","12":"purchasable","13":"product-type-simple"},"yoast_head":"<!-- This site is optimized with the Yoast SEO plugin v27.5 - https:\/\/yoast.com\/product\/yoast-seo-wordpress\/ -->\n<title>YAMAHA XT 660 Z TENERE \u00d6HLINS STX 46 ADVENTURE SHOCK ABSORBER 2008-2012 - Rapido Motosport<\/title>\n<meta name=\"robots\" content=\"index, follow, max-snippet:-1, max-image-preview:large, max-video-preview:-1\" \/>\n<link rel=\"canonical\" href=\"https:\/\/rapidomotosport.hr\/en\/proizvod\/yamaha-xt-660-z-tenere-ohlins-stx-46-adventure-shock-absorber-2008-2012\/\" \/>\n<meta property=\"og:locale\" content=\"en_US\" \/>\n<meta property=\"og:type\" content=\"article\" \/>\n<meta property=\"og:title\" content=\"YAMAHA XT 660 Z TENERE \u00d6HLINS STX 46 ADVENTURE SHOCK ABSORBER 2008-2012 - Rapido Motosport\" \/>\n<meta property=\"og:description\" content=\"\u00d6hlins STX 46 Adventure amortizer predstavlja veliku nadogradnju performansi za ve\u0107inu glavnih modela u adventure kategoriji. Sa svojim klasi\u010dnim monotube dizajnom i velikim klipom promjera 46 mm, STX 46 Adventure amortizer pru\u017ea maksimalne performanse bez obzira na to kamo vas va\u0161a avantura vodi. Dostupan u \u0161irokom rasponu konfiguracija, ovaj amortizer je dizajniran da se uklopi u gotovo svaki raspolo\u017eivi prostor za ugradnju \u2013 bez obzira na ograni\u010denja.  Ovaj monotube, visokotla\u010dni plinski amortizer ima unutarnji spremnik smje\u0161ten u glavnom tijelu amortizera. Uz podesivo povratno prigu\u0161enje, mo\u017eete prilagoditi pona\u0161anje amortizera svom stilu vo\u017enje, dok hidrauli\u010dni regulator prednaprezanja opruge montiran na crijevo omogu\u0107uje pode\u0161avanje prednaprezanja opruge za razli\u010dita optere\u0107enja.  TEHNI\u010cKI PODACI  Duljina: 345 mm Hod: 94 mm Tvrdo\u0107a opruge: 80 N\/mm Ugra\u0111ena opruga: 01099-24\" \/>\n<meta property=\"og:url\" content=\"https:\/\/rapidomotosport.hr\/en\/proizvod\/yamaha-xt-660-z-tenere-ohlins-stx-46-adventure-shock-absorber-2008-2012\/\" \/>\n<meta property=\"og:site_name\" content=\"Rapido Motosport\" \/>\n<meta property=\"article:modified_time\" content=\"2026-05-12T19:34:32+00:00\" \/>\n<meta property=\"og:image\" content=\"https:\/\/rapidomotosport.hr\/wp-content\/uploads\/2026\/05\/arbo-2-1.png\" \/>\n\t<meta property=\"og:image:width\" content=\"2048\" \/>\n\t<meta property=\"og:image:height\" content=\"1536\" \/>\n\t<meta property=\"og:image:type\" content=\"image\/png\" \/>\n<meta name=\"twitter:card\" content=\"summary_large_image\" \/>\n<meta name=\"twitter:label1\" content=\"Est. reading time\" \/>\n\t<meta name=\"twitter:data1\" content=\"1 minute\" \/>\n<script type=\"application\/ld+json\" class=\"yoast-schema-graph\">{\"@context\":\"https:\\\/\\\/schema.org\",\"@graph\":[{\"@type\":\"WebPage\",\"@id\":\"https:\\\/\\\/rapidomotosport.hr\\\/en\\\/proizvod\\\/yamaha-xt-660-z-tenere-ohlins-stx-46-adventure-shock-absorber-2008-2012\\\/\",\"url\":\"https:\\\/\\\/rapidomotosport.hr\\\/en\\\/proizvod\\\/yamaha-xt-660-z-tenere-ohlins-stx-46-adventure-shock-absorber-2008-2012\\\/\",\"name\":\"YAMAHA XT 660 Z TENERE \u00d6HLINS STX 46 ADVENTURE SHOCK ABSORBER 2008-2012 - Rapido Motosport\",\"isPartOf\":{\"@id\":\"https:\\\/\\\/rapidomotosport.hr\\\/en\\\/#website\"},\"primaryImageOfPage\":{\"@id\":\"https:\\\/\\\/rapidomotosport.hr\\\/en\\\/proizvod\\\/yamaha-xt-660-z-tenere-ohlins-stx-46-adventure-shock-absorber-2008-2012\\\/#primaryimage\"},\"image\":{\"@id\":\"https:\\\/\\\/rapidomotosport.hr\\\/en\\\/proizvod\\\/yamaha-xt-660-z-tenere-ohlins-stx-46-adventure-shock-absorber-2008-2012\\\/#primaryimage\"},\"thumbnailUrl\":\"https:\\\/\\\/rapidomotosport.hr\\\/wp-content\\\/uploads\\\/2026\\\/05\\\/arbo-2-1.png\",\"datePublished\":\"2026-05-12T19:34:14+00:00\",\"dateModified\":\"2026-05-12T19:34:32+00:00\",\"breadcrumb\":{\"@id\":\"https:\\\/\\\/rapidomotosport.hr\\\/en\\\/proizvod\\\/yamaha-xt-660-z-tenere-ohlins-stx-46-adventure-shock-absorber-2008-2012\\\/#breadcrumb\"},\"inLanguage\":\"en-US\",\"potentialAction\":[{\"@type\":\"ReadAction\",\"target\":[\"https:\\\/\\\/rapidomotosport.hr\\\/en\\\/proizvod\\\/yamaha-xt-660-z-tenere-ohlins-stx-46-adventure-shock-absorber-2008-2012\\\/\"]}]},{\"@type\":\"ImageObject\",\"inLanguage\":\"en-US\",\"@id\":\"https:\\\/\\\/rapidomotosport.hr\\\/en\\\/proizvod\\\/yamaha-xt-660-z-tenere-ohlins-stx-46-adventure-shock-absorber-2008-2012\\\/#primaryimage\",\"url\":\"https:\\\/\\\/rapidomotosport.hr\\\/wp-content\\\/uploads\\\/2026\\\/05\\\/arbo-2-1.png\",\"contentUrl\":\"https:\\\/\\\/rapidomotosport.hr\\\/wp-content\\\/uploads\\\/2026\\\/05\\\/arbo-2-1.png\",\"width\":2048,\"height\":1536},{\"@type\":\"BreadcrumbList\",\"@id\":\"https:\\\/\\\/rapidomotosport.hr\\\/en\\\/proizvod\\\/yamaha-xt-660-z-tenere-ohlins-stx-46-adventure-shock-absorber-2008-2012\\\/#breadcrumb\",\"itemListElement\":[{\"@type\":\"ListItem\",\"position\":1,\"name\":\"Po\u010detna stranica\",\"item\":\"https:\\\/\\\/rapidomotosport.hr\\\/en\\\/\"},{\"@type\":\"ListItem\",\"position\":2,\"name\":\"Shop\",\"item\":\"https:\\\/\\\/rapidomotosport.hr\\\/en\\\/shop\\\/\"},{\"@type\":\"ListItem\",\"position\":3,\"name\":\"YAMAHA XT 660 Z TENERE \u00d6HLINS STX 46 ADVENTURE SHOCK ABSORBER 2008-2012\"}]},{\"@type\":\"WebSite\",\"@id\":\"https:\\\/\\\/rapidomotosport.hr\\\/en\\\/#website\",\"url\":\"https:\\\/\\\/rapidomotosport.hr\\\/en\\\/\",\"name\":\"Rapido Motosport\",\"description\":\"\",\"potentialAction\":[{\"@type\":\"SearchAction\",\"target\":{\"@type\":\"EntryPoint\",\"urlTemplate\":\"https:\\\/\\\/rapidomotosport.hr\\\/en\\\/?s={search_term_string}\"},\"query-input\":{\"@type\":\"PropertyValueSpecification\",\"valueRequired\":true,\"valueName\":\"search_term_string\"}}],\"inLanguage\":\"en-US\"}]}<\/script>\n<!-- \/ Yoast SEO plugin. -->","yoast_head_json":{"title":"YAMAHA XT 660 Z TENERE \u00d6HLINS STX 46 ADVENTURE SHOCK ABSORBER 2008-2012 - Rapido Motosport","robots":{"index":"index","follow":"follow","max-snippet":"max-snippet:-1","max-image-preview":"max-image-preview:large","max-video-preview":"max-video-preview:-1"},"canonical":"https:\/\/rapidomotosport.hr\/en\/proizvod\/yamaha-xt-660-z-tenere-ohlins-stx-46-adventure-shock-absorber-2008-2012\/","og_locale":"en_US","og_type":"article","og_title":"YAMAHA XT 660 Z TENERE \u00d6HLINS STX 46 ADVENTURE SHOCK ABSORBER 2008-2012 - Rapido Motosport","og_description":"\u00d6hlins STX 46 Adventure amortizer predstavlja veliku nadogradnju performansi za ve\u0107inu glavnih modela u adventure kategoriji. Sa svojim klasi\u010dnim monotube dizajnom i velikim klipom promjera 46 mm, STX 46 Adventure amortizer pru\u017ea maksimalne performanse bez obzira na to kamo vas va\u0161a avantura vodi. Dostupan u \u0161irokom rasponu konfiguracija, ovaj amortizer je dizajniran da se uklopi u gotovo svaki raspolo\u017eivi prostor za ugradnju \u2013 bez obzira na ograni\u010denja.  Ovaj monotube, visokotla\u010dni plinski amortizer ima unutarnji spremnik smje\u0161ten u glavnom tijelu amortizera. Uz podesivo povratno prigu\u0161enje, mo\u017eete prilagoditi pona\u0161anje amortizera svom stilu vo\u017enje, dok hidrauli\u010dni regulator prednaprezanja opruge montiran na crijevo omogu\u0107uje pode\u0161avanje prednaprezanja opruge za razli\u010dita optere\u0107enja.  TEHNI\u010cKI PODACI  Duljina: 345 mm Hod: 94 mm Tvrdo\u0107a opruge: 80 N\/mm Ugra\u0111ena opruga: 01099-24","og_url":"https:\/\/rapidomotosport.hr\/en\/proizvod\/yamaha-xt-660-z-tenere-ohlins-stx-46-adventure-shock-absorber-2008-2012\/","og_site_name":"Rapido Motosport","article_modified_time":"2026-05-12T19:34:32+00:00","og_image":[{"width":2048,"height":1536,"url":"https:\/\/rapidomotosport.hr\/wp-content\/uploads\/2026\/05\/arbo-2-1.png","type":"image\/png"}],"twitter_card":"summary_large_image","twitter_misc":{"Est. reading time":"1 minute"},"schema":{"@context":"https:\/\/schema.org","@graph":[{"@type":"WebPage","@id":"https:\/\/rapidomotosport.hr\/en\/proizvod\/yamaha-xt-660-z-tenere-ohlins-stx-46-adventure-shock-absorber-2008-2012\/","url":"https:\/\/rapidomotosport.hr\/en\/proizvod\/yamaha-xt-660-z-tenere-ohlins-stx-46-adventure-shock-absorber-2008-2012\/","name":"YAMAHA XT 660 Z TENERE \u00d6HLINS STX 46 ADVENTURE SHOCK ABSORBER 2008-2012 - Rapido Motosport","isPartOf":{"@id":"https:\/\/rapidomotosport.hr\/en\/#website"},"primaryImageOfPage":{"@id":"https:\/\/rapidomotosport.hr\/en\/proizvod\/yamaha-xt-660-z-tenere-ohlins-stx-46-adventure-shock-absorber-2008-2012\/#primaryimage"},"image":{"@id":"https:\/\/rapidomotosport.hr\/en\/proizvod\/yamaha-xt-660-z-tenere-ohlins-stx-46-adventure-shock-absorber-2008-2012\/#primaryimage"},"thumbnailUrl":"https:\/\/rapidomotosport.hr\/wp-content\/uploads\/2026\/05\/arbo-2-1.png","datePublished":"2026-05-12T19:34:14+00:00","dateModified":"2026-05-12T19:34:32+00:00","breadcrumb":{"@id":"https:\/\/rapidomotosport.hr\/en\/proizvod\/yamaha-xt-660-z-tenere-ohlins-stx-46-adventure-shock-absorber-2008-2012\/#breadcrumb"},"inLanguage":"en-US","potentialAction":[{"@type":"ReadAction","target":["https:\/\/rapidomotosport.hr\/en\/proizvod\/yamaha-xt-660-z-tenere-ohlins-stx-46-adventure-shock-absorber-2008-2012\/"]}]},{"@type":"ImageObject","inLanguage":"en-US","@id":"https:\/\/rapidomotosport.hr\/en\/proizvod\/yamaha-xt-660-z-tenere-ohlins-stx-46-adventure-shock-absorber-2008-2012\/#primaryimage","url":"https:\/\/rapidomotosport.hr\/wp-content\/uploads\/2026\/05\/arbo-2-1.png","contentUrl":"https:\/\/rapidomotosport.hr\/wp-content\/uploads\/2026\/05\/arbo-2-1.png","width":2048,"height":1536},{"@type":"BreadcrumbList","@id":"https:\/\/rapidomotosport.hr\/en\/proizvod\/yamaha-xt-660-z-tenere-ohlins-stx-46-adventure-shock-absorber-2008-2012\/#breadcrumb","itemListElement":[{"@type":"ListItem","position":1,"name":"Po\u010detna stranica","item":"https:\/\/rapidomotosport.hr\/en\/"},{"@type":"ListItem","position":2,"name":"Shop","item":"https:\/\/rapidomotosport.hr\/en\/shop\/"},{"@type":"ListItem","position":3,"name":"YAMAHA XT 660 Z TENERE \u00d6HLINS STX 46 ADVENTURE SHOCK ABSORBER 2008-2012"}]},{"@type":"WebSite","@id":"https:\/\/rapidomotosport.hr\/en\/#website","url":"https:\/\/rapidomotosport.hr\/en\/","name":"Rapido Motosport","description":"","potentialAction":[{"@type":"SearchAction","target":{"@type":"EntryPoint","urlTemplate":"https:\/\/rapidomotosport.hr\/en\/?s={search_term_string}"},"query-input":{"@type":"PropertyValueSpecification","valueRequired":true,"valueName":"search_term_string"}}],"inLanguage":"en-US"}]}},"_links":{"self":[{"href":"https:\/\/rapidomotosport.hr\/en\/wp-json\/wp\/v2\/product\/55598","targetHints":{"allow":["GET"]}}],"collection":[{"href":"https:\/\/rapidomotosport.hr\/en\/wp-json\/wp\/v2\/product"}],"about":[{"href":"https:\/\/rapidomotosport.hr\/en\/wp-json\/wp\/v2\/types\/product"}],"wp:featuredmedia":[{"embeddable":true,"href":"https:\/\/rapidomotosport.hr\/en\/wp-json\/wp\/v2\/media\/55234"}],"wp:attachment":[{"href":"https:\/\/rapidomotosport.hr\/en\/wp-json\/wp\/v2\/media?parent=55598"}],"wp:term":[{"taxonomy":"product_brand","embeddable":true,"href":"https:\/\/rapidomotosport.hr\/en\/wp-json\/wp\/v2\/product_brand?post=55598"},{"taxonomy":"product_cat","embeddable":true,"href":"https:\/\/rapidomotosport.hr\/en\/wp-json\/wp\/v2\/product_cat?post=55598"},{"taxonomy":"product_tag","embeddable":true,"href":"https:\/\/rapidomotosport.hr\/en\/wp-json\/wp\/v2\/product_tag?post=55598"}],"curies":[{"name":"wp","href":"https:\/\/api.w.org\/{rel}","templated":true}]}}